{"id":6105,"date":"2023-12-14T10:50:21","date_gmt":"2023-12-14T09:50:21","guid":{"rendered":"https:\/\/hi-nd.com\/projektgalleri\/"},"modified":"2025-03-03T09:14:58","modified_gmt":"2025-03-03T08:14:58","slug":"projektgalleri","status":"publish","type":"page","link":"https:\/\/hi-nd.com\/sv\/projektgalleri\/","title":{"rendered":"Projektgalleri"},"content":{"rendered":"","protected":true},"excerpt":{"rendered":"","protected":true},"author":5,"featured_media":0,"parent":0,"menu_order":0,"comment_status":"closed","ping_status":"closed","template":"","meta":{"footnotes":""},"class_list":["post-6105","page","type-page","status-publish","post-password-required","hentry"],"yoast_head":"<!-- This site is optimized with the Yoast SEO plugin v27.3 - https:\/\/yoast.com\/product\/yoast-seo-wordpress\/ -->\n<title>Projektgalleri - HI-ND<\/title>\n<meta name=\"description\" content=\"Ta en titt p\u00e5 v\u00e5rt projektgalleri d\u00e4r du kan hitta id\u00e9er och olika produkter f\u00f6r att f\u00e5 inspiration till ditt eget projekt.\" \/>\n<meta name=\"robots\" content=\"index, follow, max-snippet:-1, max-image-preview:large, max-video-preview:-1\" \/>\n<link rel=\"canonical\" href=\"https:\/\/hi-nd.com\/sv\/projektgalleri\/\" \/>\n<meta property=\"og:locale\" content=\"sv_SE\" \/>\n<meta property=\"og:type\" content=\"article\" \/>\n<meta property=\"og:title\" content=\"Projektgalleri - HI-ND\" \/>\n<meta property=\"og:description\" content=\"Ta en titt p\u00e5 v\u00e5rt projektgalleri d\u00e4r du kan hitta id\u00e9er och olika produkter f\u00f6r att f\u00e5 inspiration till ditt eget projekt.\" \/>\n<meta property=\"og:url\" content=\"https:\/\/hi-nd.com\/sv\/projektgalleri\/\" \/>\n<meta property=\"og:site_name\" content=\"HI-ND\" \/>\n<meta property=\"article:modified_time\" content=\"2025-03-03T08:14:58+00:00\" \/>\n<meta name=\"twitter:card\" content=\"summary_large_image\" \/>\n<meta name=\"twitter:label1\" content=\"Ber\u00e4knad l\u00e4stid\" \/>\n\t<meta name=\"twitter:data1\" content=\"8 minuter\" \/>\n<script type=\"application\/ld+json\" class=\"yoast-schema-graph\">{\"@context\":\"https:\\\/\\\/schema.org\",\"@graph\":[{\"@type\":\"WebPage\",\"@id\":\"https:\\\/\\\/hi-nd.com\\\/sv\\\/projektgalleri\\\/\",\"url\":\"https:\\\/\\\/hi-nd.com\\\/sv\\\/projektgalleri\\\/\",\"name\":\"Projektgalleri - HI-ND\",\"isPartOf\":{\"@id\":\"https:\\\/\\\/hi-nd.com\\\/#website\"},\"datePublished\":\"2023-12-14T09:50:21+00:00\",\"dateModified\":\"2025-03-03T08:14:58+00:00\",\"breadcrumb\":{\"@id\":\"https:\\\/\\\/hi-nd.com\\\/sv\\\/projektgalleri\\\/#breadcrumb\"},\"inLanguage\":\"sv-SE\"},{\"@type\":\"WebSite\",\"@id\":\"https:\\\/\\\/hi-nd.com\\\/#website\",\"url\":\"https:\\\/\\\/hi-nd.com\\\/\",\"name\":\"HI-ND\",\"description\":\"Mounting Solutions\",\"potentialAction\":[{\"@type\":\"SearchAction\",\"target\":{\"@type\":\"EntryPoint\",\"urlTemplate\":\"https:\\\/\\\/hi-nd.com\\\/?s={search_term_string}\"},\"query-input\":{\"@type\":\"PropertyValueSpecification\",\"valueRequired\":true,\"valueName\":\"search_term_string\"}}],\"inLanguage\":\"sv-SE\"}]}<\/script>\n<!-- \/ Yoast SEO plugin. -->","yoast_head_json":{"title":"Projektgalleri - HI-ND","description":"Ta en titt p\u00e5 v\u00e5rt projektgalleri d\u00e4r du kan hitta id\u00e9er och olika produkter f\u00f6r att f\u00e5 inspiration till ditt eget projekt.","robots":{"index":"index","follow":"follow","max-snippet":"max-snippet:-1","max-image-preview":"max-image-preview:large","max-video-preview":"max-video-preview:-1"},"canonical":"https:\/\/hi-nd.com\/sv\/projektgalleri\/","og_locale":"sv_SE","og_type":"article","og_title":"Projektgalleri - HI-ND","og_description":"Ta en titt p\u00e5 v\u00e5rt projektgalleri d\u00e4r du kan hitta id\u00e9er och olika produkter f\u00f6r att f\u00e5 inspiration till ditt eget projekt.","og_url":"https:\/\/hi-nd.com\/sv\/projektgalleri\/","og_site_name":"HI-ND","article_modified_time":"2025-03-03T08:14:58+00:00","twitter_card":"summary_large_image","twitter_misc":{"Ber\u00e4knad l\u00e4stid":"8 minuter"},"schema":{"@context":"https:\/\/schema.org","@graph":[{"@type":"WebPage","@id":"https:\/\/hi-nd.com\/sv\/projektgalleri\/","url":"https:\/\/hi-nd.com\/sv\/projektgalleri\/","name":"Projektgalleri - HI-ND","isPartOf":{"@id":"https:\/\/hi-nd.com\/#website"},"datePublished":"2023-12-14T09:50:21+00:00","dateModified":"2025-03-03T08:14:58+00:00","breadcrumb":{"@id":"https:\/\/hi-nd.com\/sv\/projektgalleri\/#breadcrumb"},"inLanguage":"sv-SE"},{"@type":"WebSite","@id":"https:\/\/hi-nd.com\/#website","url":"https:\/\/hi-nd.com\/","name":"HI-ND","description":"Mounting Solutions","potentialAction":[{"@type":"SearchAction","target":{"@type":"EntryPoint","urlTemplate":"https:\/\/hi-nd.com\/?s={search_term_string}"},"query-input":{"@type":"PropertyValueSpecification","valueRequired":true,"valueName":"search_term_string"}}],"inLanguage":"sv-SE"}]}},"_links":{"self":[{"href":"https:\/\/hi-nd.com\/sv\/wp-json\/wp\/v2\/pages\/6105","targetHints":{"allow":["GET"]}}],"collection":[{"href":"https:\/\/hi-nd.com\/sv\/wp-json\/wp\/v2\/pages"}],"about":[{"href":"https:\/\/hi-nd.com\/sv\/wp-json\/wp\/v2\/types\/page"}],"author":[{"embeddable":true,"href":"https:\/\/hi-nd.com\/sv\/wp-json\/wp\/v2\/users\/5"}],"replies":[{"embeddable":true,"href":"https:\/\/hi-nd.com\/sv\/wp-json\/wp\/v2\/comments?post=6105"}],"version-history":[{"count":20,"href":"https:\/\/hi-nd.com\/sv\/wp-json\/wp\/v2\/pages\/6105\/revisions"}],"predecessor-version":[{"id":8555,"href":"https:\/\/hi-nd.com\/sv\/wp-json\/wp\/v2\/pages\/6105\/revisions\/8555"}],"wp:attachment":[{"href":"https:\/\/hi-nd.com\/sv\/wp-json\/wp\/v2\/media?parent=6105"}],"curies":[{"name":"wp","href":"https:\/\/api.w.org\/{rel}","templated":true}]}}