{"id":5609,"date":"2023-01-26T13:49:28","date_gmt":"2023-01-26T12:49:28","guid":{"rendered":"https:\/\/hi-nd.com\/museum\/"},"modified":"2025-03-03T10:55:36","modified_gmt":"2025-03-03T09:55:36","slug":"museum","status":"publish","type":"page","link":"https:\/\/hi-nd.com\/sv\/museum\/","title":{"rendered":"Museum"},"content":{"rendered":"\n<div class=\"is-divider divider clearfix\" ><\/div>\n\n<div class=\"container section-title-container\" ><h1 class=\"section-title section-title-center\"><b aria-hidden=\"true\"><\/b><span class=\"section-title-main\" >museum<\/span><b aria-hidden=\"true\"><\/b><\/h1><\/div>\n\n<div class=\"row\"  id=\"row-1051098203\">\n\n\n\t<div id=\"col-1465057642\" class=\"col medium-4 small-12 large-4\"  >\n\t\t\t\t<div class=\"col-inner\"  >\n\t\t\t\n\t\t\t\n\n\t<div class=\"img has-hover x md-x lg-x y md-y lg-y\" id=\"image_1041290986\">\n\t\t<a class=\"\" href=\"https:\/\/hi-nd.com\/sv\/produkt\/vaggholje-protect\/\" >\t\t\t\t\t\t<div class=\"img-inner dark\" >\n\t\t\t<img loading=\"lazy\" decoding=\"async\" width=\"750\" height=\"750\" src=\"https:\/\/hi-nd.com\/wp-content\/uploads\/2023\/01\/liljevahls-750x750-1.jpg\" class=\"attachment-large size-large\" alt=\"Liljevahls wall casing\" srcset=\"https:\/\/hi-nd.com\/wp-content\/uploads\/2023\/01\/liljevahls-750x750-1.jpg 750w, https:\/\/hi-nd.com\/wp-content\/uploads\/2023\/01\/liljevahls-750x750-1-300x300.jpg 300w, https:\/\/hi-nd.com\/wp-content\/uploads\/2023\/01\/liljevahls-750x750-1-150x150.jpg 150w, https:\/\/hi-nd.com\/wp-content\/uploads\/2023\/01\/liljevahls-750x750-1-100x100.jpg 100w\" sizes=\"auto, (max-width: 750px) 100vw, 750px\" \/>\t\t\t\t\t\t\n\t\t\t\t\t<\/div>\n\t\t\t\t\t\t<\/a>\t\t\n<style>\n#image_1041290986 {\n  width: 100%;\n}\n<\/style>\n\t<\/div>\n\t\n\n\n\t\t<\/div>\n\t\t\t\t\t<\/div>\n\n\t\n\n\t<div id=\"col-1158126266\" class=\"col medium-4 small-12 large-4\"  >\n\t\t\t\t<div class=\"col-inner\"  >\n\t\t\t\n\t\t\t\n\n\t<div class=\"img has-hover x md-x lg-x y md-y lg-y\" id=\"image_1730302559\">\n\t\t<a class=\"\" href=\"https:\/\/hi-nd.com\/sv\/produkt\/tak-fonster\/\" >\t\t\t\t\t\t<div class=\"img-inner dark\" >\n\t\t\t<img loading=\"lazy\" decoding=\"async\" width=\"750\" height=\"750\" src=\"https:\/\/hi-nd.com\/wp-content\/uploads\/2023\/01\/liljevahls-museum-750x750-1.jpg\" class=\"attachment-large size-large\" alt=\"Liljevahls ceiling casing\" srcset=\"https:\/\/hi-nd.com\/wp-content\/uploads\/2023\/01\/liljevahls-museum-750x750-1.jpg 750w, https:\/\/hi-nd.com\/wp-content\/uploads\/2023\/01\/liljevahls-museum-750x750-1-300x300.jpg 300w, https:\/\/hi-nd.com\/wp-content\/uploads\/2023\/01\/liljevahls-museum-750x750-1-150x150.jpg 150w, https:\/\/hi-nd.com\/wp-content\/uploads\/2023\/01\/liljevahls-museum-750x750-1-100x100.jpg 100w\" sizes=\"auto, (max-width: 750px) 100vw, 750px\" \/>\t\t\t\t\t\t\n\t\t\t\t\t<\/div>\n\t\t\t\t\t\t<\/a>\t\t\n<style>\n#image_1730302559 {\n  width: 100%;\n}\n<\/style>\n\t<\/div>\n\t\n\n\n\t\t<\/div>\n\t\t\t\t\t<\/div>\n\n\t\n\n\t<div id=\"col-550516434\" class=\"col medium-4 small-12 large-4\"  >\n\t\t\t\t<div class=\"col-inner\"  >\n\t\t\t\n\t\t\t\n\n\t<div class=\"img has-hover x md-x lg-x y md-y lg-y\" id=\"image_1988985558\">\n\t\t\t\t\t\t\t\t<div class=\"img-inner dark\" >\n\t\t\t<img loading=\"lazy\" decoding=\"async\" width=\"750\" height=\"750\" src=\"https:\/\/hi-nd.com\/wp-content\/uploads\/2023\/01\/moderna-museet-750x750-2.jpg\" class=\"attachment-large size-large\" alt=\"\" srcset=\"https:\/\/hi-nd.com\/wp-content\/uploads\/2023\/01\/moderna-museet-750x750-2.jpg 750w, https:\/\/hi-nd.com\/wp-content\/uploads\/2023\/01\/moderna-museet-750x750-2-300x300.jpg 300w, https:\/\/hi-nd.com\/wp-content\/uploads\/2023\/01\/moderna-museet-750x750-2-150x150.jpg 150w, https:\/\/hi-nd.com\/wp-content\/uploads\/2023\/01\/moderna-museet-750x750-2-100x100.jpg 100w\" sizes=\"auto, (max-width: 750px) 100vw, 750px\" \/>\t\t\t\t\t\t\n\t\t\t\t\t<\/div>\n\t\t\t\t\t\t\t\t\n<style>\n#image_1988985558 {\n  width: 100%;\n}\n<\/style>\n\t<\/div>\n\t\n\n\n\t\t<\/div>\n\t\t\t\t\t<\/div>\n\n\t\n\n<\/div>\n<div class=\"container section-title-container\" ><h2 class=\"section-title section-title-center\"><b aria-hidden=\"true\"><\/b><span class=\"section-title-main\" >digitala skyltningsprodukter i museum<\/span><b aria-hidden=\"true\"><\/b><\/h2><\/div>\n\n<div class=\"row\"  id=\"row-985953679\">\n\n\n\t<div id=\"col-1765735689\" class=\"col medium-6 small-12 large-6\"  >\n\t\t\t\t<div class=\"col-inner\"  >\n\t\t\t\n\t\t\t\n\n<p>N\u00e5gra av de popul\u00e4ra digitala skyltningsprodukterna f\u00f6r museum \u00e4r; v\u00e4ggh\u00f6ljen, takh\u00f6ljen och andra kundanpassade v\u00e4gvisningsl\u00f6sningar.<\/p>\n<h3>Transformativa verktyg p\u00e5 museum<\/h3>\n<p>Digital skyltning har blivit ett transformativt verktyg f\u00f6r museer och f\u00f6rb\u00e4ttrar avsev\u00e4rt bes\u00f6karupplevelsen och den operativa effektiviteten. Dess betydelse kan inte underskattas, eftersom den \u00f6verbryggar klyftan mellan traditionella utst\u00e4llningar och moderna teknologiska framsteg, vilket g\u00f6r att museer kan engagera sina bes\u00f6kare p\u00e5 innovativa s\u00e4tt.  <\/p>\n<h3>Dynamiskt inneh\u00e5ll<\/h3>\n<p>F\u00f6r det f\u00f6rsta erbjuder digital skyltning dynamisk inneh\u00e5llsleverans. Till skillnad fr\u00e5n statiska utst\u00e4llningar kan digitala sk\u00e4rmar visa en m\u00e4ngd olika multimediainneh\u00e5ll, inklusive videor och interaktiva kartor. Denna anpassningsf\u00f6rm\u00e5ga h\u00e5ller inte bara informationen aktuell, utan g\u00f6r det ocks\u00e5 m\u00f6jligt f\u00f6r museer att framh\u00e4va olika aspekter av sina samlingar eller aktuella evenemang i realtid.   <\/p>\n<h3>Specialanpassad museiresa<\/h3>\n<p>Dessutom f\u00f6rb\u00e4ttrar digital signage bes\u00f6karengagemanget genom interaktivitet. Peksk\u00e4rmsdisplayer g\u00f6r det m\u00f6jligt f\u00f6r bes\u00f6kare att f\u00f6rdjupa sig i utst\u00e4llningar genom att f\u00e5 tillg\u00e5ng till ytterligare information, multimediaelement eller relaterade artefakter. Denna niv\u00e5 av interaktion skapar en mer uppslukande upplevelse, vilket g\u00f6r att bes\u00f6kare kan skr\u00e4ddarsy sin museiresa utifr\u00e5n sina intressen. Till exempel kan en bes\u00f6kare utforska en historisk artefakts bakgrund, se relaterade verk eller till och med delta i interaktiva quiz, vilket g\u00f6r l\u00e4randet b\u00e5de roligt och minnesv\u00e4rt. <a href=\"\/?product_cat=touch-floor\">Bes\u00f6k v\u00e5ra produkter f\u00f6r peksk\u00e4rmar h\u00e4r<\/a>.    <\/p>\n\n\t\t<\/div>\n\t\t\t\t\t<\/div>\n\n\t\n\n\t<div id=\"col-927481469\" class=\"col medium-6 small-12 large-6\"  >\n\t\t\t\t<div class=\"col-inner\"  >\n\t\t\t\n\t\t\t\n\n<h3>V\u00e4gvisning i museum<\/h3>\n<p>Digital skyltning spelar ocks\u00e5 en avg\u00f6rande roll i att f\u00f6rb\u00e4ttra v\u00e4gledning inom museer. Stora institutioner kan vara utmanande att navigera i, men digitala v\u00e4gledningsl\u00f6sningar hj\u00e4lper bes\u00f6kare att enkelt lokalisera utst\u00e4llningar, toaletter, kaf\u00e9er och n\u00f6dutg\u00e5ngar. Genom att ge tydliga, realtidsriktningar kan museer \u00f6ka bes\u00f6karnas tillfredsst\u00e4llelse och se till att alla k\u00e4nner sig bekv\u00e4ma och informerade under sitt bes\u00f6k.   <\/p>\n<h3>Realtidsuppdateringar<\/h3>\n<p>F\u00f6rutom att f\u00f6rb\u00e4ttra bes\u00f6karupplevelsen effektiviserar digital skyltning museernas drift. Det minskar behovet av tryckt material, vilket d\u00e4rmed minimerar avfall och s\u00e4nker kostnaderna. Realtidsuppdateringar kan g\u00f6ras p\u00e5 distans, vilket g\u00f6r att personalen snabbt kan reagera p\u00e5 f\u00f6r\u00e4ndringar i schemat eller utst\u00e4llningsinformation utan den f\u00f6rdr\u00f6jning som \u00e4r f\u00f6rknippad med traditionell skyltning. Denna flexibilitet sparar inte bara tid utan s\u00e4kerst\u00e4ller ocks\u00e5 att bes\u00f6karna f\u00e5r den mest aktuella informationen.   <\/p>\n<h3>Skapa insikter p\u00e5 ditt museum<\/h3>\n<p>Slutligen ger digital skyltning museer v\u00e4rdefull dataanalys. Genom att sp\u00e5ra bes\u00f6karinteraktioner och engagemangsniv\u00e5er kan museer f\u00e5 insikter om vilka utst\u00e4llningar som \u00e4r mest popul\u00e4ra, vilket g\u00f6r att de kan fatta informerade beslut om framtida program och utst\u00e4llningar.  <\/p>\n<p>Sammanfattningsvis \u00e4r digital skyltning avg\u00f6rande f\u00f6r museer eftersom det f\u00f6rb\u00e4ttrar engagemang, f\u00f6rb\u00e4ttrar navigering, str\u00f6mlinjeformar driften och ger viktiga datainsikter. N\u00e4r museer forts\u00e4tter att utvecklas i den digitala tids\u00e5ldern kommer integrationen av denna teknik att vara avg\u00f6rande f\u00f6r att attrahera och beh\u00e5lla bes\u00f6kare, vilket s\u00e4kerst\u00e4ller att kulturinstitutioner f\u00f6rblir relevanta och p\u00e5verkningsfulla.  <\/p>\n\n\t\t<\/div>\n\t\t\t\t\t<\/div>\n\n\t\n\n<\/div>\n\t<div id=\"text-3651479419\" class=\"text\">\n\t\t\n\n<p> <\/p>\n<p> <\/p>\n\t\t\n<style>\n#text-3651479419 {\n  text-align: center;\n}\n<\/style>\n\t<\/div>\n\t\n\n","protected":false},"excerpt":{"rendered":"","protected":false},"author":5,"featured_media":0,"parent":0,"menu_order":0,"comment_status":"closed","ping_status":"closed","template":"","meta":{"footnotes":""},"class_list":["post-5609","page","type-page","status-publish","hentry"],"yoast_head":"<!-- This site is optimized with the Yoast SEO plugin v27.3 - https:\/\/yoast.com\/product\/yoast-seo-wordpress\/ -->\n<title>Museum - HI-ND<\/title>\n<meta name=\"description\" content=\"Museum \u00e4r en av v\u00e5ra branscher. Digital skyltning \u00e4r f\u00f6rdelaktigt f\u00f6r museum och gallerier eftersom det g\u00f6r det m\u00f6jligt att visa uppdaterad information.\" \/>\n<meta name=\"robots\" content=\"index, follow, max-snippet:-1, max-image-preview:large, max-video-preview:-1\" \/>\n<link rel=\"canonical\" href=\"https:\/\/hi-nd.com\/sv\/museum\/\" \/>\n<meta property=\"og:locale\" content=\"sv_SE\" \/>\n<meta property=\"og:type\" content=\"article\" \/>\n<meta property=\"og:title\" content=\"Museum - HI-ND\" \/>\n<meta property=\"og:description\" content=\"Museum \u00e4r en av v\u00e5ra branscher. Digital skyltning \u00e4r f\u00f6rdelaktigt f\u00f6r museum och gallerier eftersom det g\u00f6r det m\u00f6jligt att visa uppdaterad information.\" \/>\n<meta property=\"og:url\" content=\"https:\/\/hi-nd.com\/sv\/museum\/\" \/>\n<meta property=\"og:site_name\" content=\"HI-ND\" \/>\n<meta property=\"article:modified_time\" content=\"2025-03-03T09:55:36+00:00\" \/>\n<meta name=\"twitter:card\" content=\"summary_large_image\" \/>\n<meta name=\"twitter:label1\" content=\"Ber\u00e4knad l\u00e4stid\" \/>\n\t<meta name=\"twitter:data1\" content=\"3 minuter\" \/>\n<script type=\"application\/ld+json\" class=\"yoast-schema-graph\">{\"@context\":\"https:\\\/\\\/schema.org\",\"@graph\":[{\"@type\":\"WebPage\",\"@id\":\"https:\\\/\\\/hi-nd.com\\\/sv\\\/museum\\\/\",\"url\":\"https:\\\/\\\/hi-nd.com\\\/sv\\\/museum\\\/\",\"name\":\"Museum - HI-ND\",\"isPartOf\":{\"@id\":\"https:\\\/\\\/hi-nd.com\\\/#website\"},\"datePublished\":\"2023-01-26T12:49:28+00:00\",\"dateModified\":\"2025-03-03T09:55:36+00:00\",\"description\":\"Museum \u00e4r en av v\u00e5ra branscher. Digital skyltning \u00e4r f\u00f6rdelaktigt f\u00f6r museum och gallerier eftersom det g\u00f6r det m\u00f6jligt att visa uppdaterad information.\",\"breadcrumb\":{\"@id\":\"https:\\\/\\\/hi-nd.com\\\/sv\\\/museum\\\/#breadcrumb\"},\"inLanguage\":\"sv-SE\",\"potentialAction\":[{\"@type\":\"ReadAction\",\"target\":[\"https:\\\/\\\/hi-nd.com\\\/sv\\\/museum\\\/\"]}]},{\"@type\":\"BreadcrumbList\",\"@id\":\"https:\\\/\\\/hi-nd.com\\\/sv\\\/museum\\\/#breadcrumb\",\"itemListElement\":[{\"@type\":\"ListItem\",\"position\":1,\"name\":\"Home\",\"item\":\"https:\\\/\\\/hi-nd.com\\\/sv\\\/\"},{\"@type\":\"ListItem\",\"position\":2,\"name\":\"Museum\"}]},{\"@type\":\"WebSite\",\"@id\":\"https:\\\/\\\/hi-nd.com\\\/#website\",\"url\":\"https:\\\/\\\/hi-nd.com\\\/\",\"name\":\"HI-ND\",\"description\":\"Mounting Solutions\",\"potentialAction\":[{\"@type\":\"SearchAction\",\"target\":{\"@type\":\"EntryPoint\",\"urlTemplate\":\"https:\\\/\\\/hi-nd.com\\\/?s={search_term_string}\"},\"query-input\":{\"@type\":\"PropertyValueSpecification\",\"valueRequired\":true,\"valueName\":\"search_term_string\"}}],\"inLanguage\":\"sv-SE\"}]}<\/script>\n<!-- \/ Yoast SEO plugin. -->","yoast_head_json":{"title":"Museum - HI-ND","description":"Museum \u00e4r en av v\u00e5ra branscher. Digital skyltning \u00e4r f\u00f6rdelaktigt f\u00f6r museum och gallerier eftersom det g\u00f6r det m\u00f6jligt att visa uppdaterad information.","robots":{"index":"index","follow":"follow","max-snippet":"max-snippet:-1","max-image-preview":"max-image-preview:large","max-video-preview":"max-video-preview:-1"},"canonical":"https:\/\/hi-nd.com\/sv\/museum\/","og_locale":"sv_SE","og_type":"article","og_title":"Museum - HI-ND","og_description":"Museum \u00e4r en av v\u00e5ra branscher. Digital skyltning \u00e4r f\u00f6rdelaktigt f\u00f6r museum och gallerier eftersom det g\u00f6r det m\u00f6jligt att visa uppdaterad information.","og_url":"https:\/\/hi-nd.com\/sv\/museum\/","og_site_name":"HI-ND","article_modified_time":"2025-03-03T09:55:36+00:00","twitter_card":"summary_large_image","twitter_misc":{"Ber\u00e4knad l\u00e4stid":"3 minuter"},"schema":{"@context":"https:\/\/schema.org","@graph":[{"@type":"WebPage","@id":"https:\/\/hi-nd.com\/sv\/museum\/","url":"https:\/\/hi-nd.com\/sv\/museum\/","name":"Museum - HI-ND","isPartOf":{"@id":"https:\/\/hi-nd.com\/#website"},"datePublished":"2023-01-26T12:49:28+00:00","dateModified":"2025-03-03T09:55:36+00:00","description":"Museum \u00e4r en av v\u00e5ra branscher. Digital skyltning \u00e4r f\u00f6rdelaktigt f\u00f6r museum och gallerier eftersom det g\u00f6r det m\u00f6jligt att visa uppdaterad information.","breadcrumb":{"@id":"https:\/\/hi-nd.com\/sv\/museum\/#breadcrumb"},"inLanguage":"sv-SE","potentialAction":[{"@type":"ReadAction","target":["https:\/\/hi-nd.com\/sv\/museum\/"]}]},{"@type":"BreadcrumbList","@id":"https:\/\/hi-nd.com\/sv\/museum\/#breadcrumb","itemListElement":[{"@type":"ListItem","position":1,"name":"Home","item":"https:\/\/hi-nd.com\/sv\/"},{"@type":"ListItem","position":2,"name":"Museum"}]},{"@type":"WebSite","@id":"https:\/\/hi-nd.com\/#website","url":"https:\/\/hi-nd.com\/","name":"HI-ND","description":"Mounting Solutions","potentialAction":[{"@type":"SearchAction","target":{"@type":"EntryPoint","urlTemplate":"https:\/\/hi-nd.com\/?s={search_term_string}"},"query-input":{"@type":"PropertyValueSpecification","valueRequired":true,"valueName":"search_term_string"}}],"inLanguage":"sv-SE"}]}},"_links":{"self":[{"href":"https:\/\/hi-nd.com\/sv\/wp-json\/wp\/v2\/pages\/5609","targetHints":{"allow":["GET"]}}],"collection":[{"href":"https:\/\/hi-nd.com\/sv\/wp-json\/wp\/v2\/pages"}],"about":[{"href":"https:\/\/hi-nd.com\/sv\/wp-json\/wp\/v2\/types\/page"}],"author":[{"embeddable":true,"href":"https:\/\/hi-nd.com\/sv\/wp-json\/wp\/v2\/users\/5"}],"replies":[{"embeddable":true,"href":"https:\/\/hi-nd.com\/sv\/wp-json\/wp\/v2\/comments?post=5609"}],"version-history":[{"count":14,"href":"https:\/\/hi-nd.com\/sv\/wp-json\/wp\/v2\/pages\/5609\/revisions"}],"predecessor-version":[{"id":8565,"href":"https:\/\/hi-nd.com\/sv\/wp-json\/wp\/v2\/pages\/5609\/revisions\/8565"}],"wp:attachment":[{"href":"https:\/\/hi-nd.com\/sv\/wp-json\/wp\/v2\/media?parent=5609"}],"curies":[{"name":"wp","href":"https:\/\/api.w.org\/{rel}","templated":true}]}}