{"id":5598,"date":"2023-01-26T13:12:35","date_gmt":"2023-01-26T12:12:35","guid":{"rendered":"https:\/\/hi-nd.com\/utomhus\/"},"modified":"2023-11-27T14:15:48","modified_gmt":"2023-11-27T13:15:48","slug":"utomhus","status":"publish","type":"page","link":"https:\/\/hi-nd.com\/sv\/utomhus\/","title":{"rendered":"Outdoor"},"content":{"rendered":"\n<div class=\"is-divider divider clearfix\" ><\/div>\n\n<div class=\"container section-title-container\" ><h1 class=\"section-title section-title-center\"><b aria-hidden=\"true\"><\/b><span class=\"section-title-main\" >outdoor<\/span><b aria-hidden=\"true\"><\/b><\/h1><\/div>\n\n<div class=\"row\"  id=\"row-1380518827\">\n\n\n\t<div id=\"col-1539715101\" class=\"col medium-4 small-12 large-4\"  >\n\t\t\t\t<div class=\"col-inner\"  >\n\t\t\t\n\t\t\t\n\n\t<div class=\"img has-hover x md-x lg-x y md-y lg-y\" id=\"image_770583679\">\n\t\t<a class=\"\" href=\"https:\/\/hi-nd.com\/product-category\/outdoor\/\" >\t\t\t\t\t\t<div class=\"img-inner dark\" >\n\t\t\t<img loading=\"lazy\" decoding=\"async\" width=\"1020\" height=\"1020\" src=\"https:\/\/hi-nd.com\/wp-content\/uploads\/2022\/12\/MG_1557-2-dualiso-1024x1024-1-1024x1024.jpg\" class=\"attachment-large size-large\" alt=\"Outdoor wall casing\" srcset=\"https:\/\/hi-nd.com\/wp-content\/uploads\/2022\/12\/MG_1557-2-dualiso-1024x1024-1.jpg 1024w, https:\/\/hi-nd.com\/wp-content\/uploads\/2022\/12\/MG_1557-2-dualiso-1024x1024-1-750x750.jpg 750w, https:\/\/hi-nd.com\/wp-content\/uploads\/2022\/12\/MG_1557-2-dualiso-1024x1024-1-100x100.jpg 100w, https:\/\/hi-nd.com\/wp-content\/uploads\/2022\/12\/MG_1557-2-dualiso-1024x1024-1-300x300.jpg 300w, https:\/\/hi-nd.com\/wp-content\/uploads\/2022\/12\/MG_1557-2-dualiso-1024x1024-1-150x150.jpg 150w, https:\/\/hi-nd.com\/wp-content\/uploads\/2022\/12\/MG_1557-2-dualiso-1024x1024-1-768x768.jpg 768w\" sizes=\"auto, (max-width: 1020px) 100vw, 1020px\" \/>\t\t\t\t\t\t\n\t\t\t\t\t<\/div>\n\t\t\t\t\t\t<\/a>\t\t\n<style>\n#image_770583679 {\n  width: 100%;\n}\n<\/style>\n\t<\/div>\n\t\n\n\n\t\t<\/div>\n\t\t\t\t\t<\/div>\n\n\t\n\n\t<div id=\"col-6308325\" class=\"col medium-4 small-12 large-4\"  >\n\t\t\t\t<div class=\"col-inner\"  >\n\t\t\t\n\t\t\t\n\n\t<div class=\"img has-hover x md-x lg-x y md-y lg-y\" id=\"image_2007920163\">\n\t\t<a class=\"\" href=\"https:\/\/hi-nd.com\/product-category\/outdoor\/\" >\t\t\t\t\t\t<div class=\"img-inner dark\" >\n\t\t\t<img loading=\"lazy\" decoding=\"async\" width=\"750\" height=\"750\" src=\"https:\/\/hi-nd.com\/wp-content\/uploads\/2023\/01\/outdoor-totem-miljo-750x750-1.jpg\" class=\"attachment-large size-large\" alt=\"\" srcset=\"https:\/\/hi-nd.com\/wp-content\/uploads\/2023\/01\/outdoor-totem-miljo-750x750-1.jpg 750w, https:\/\/hi-nd.com\/wp-content\/uploads\/2023\/01\/outdoor-totem-miljo-750x750-1-300x300.jpg 300w, https:\/\/hi-nd.com\/wp-content\/uploads\/2023\/01\/outdoor-totem-miljo-750x750-1-150x150.jpg 150w, https:\/\/hi-nd.com\/wp-content\/uploads\/2023\/01\/outdoor-totem-miljo-750x750-1-100x100.jpg 100w\" sizes=\"auto, (max-width: 750px) 100vw, 750px\" \/>\t\t\t\t\t\t\n\t\t\t\t\t<\/div>\n\t\t\t\t\t\t<\/a>\t\t\n<style>\n#image_2007920163 {\n  width: 100%;\n}\n<\/style>\n\t<\/div>\n\t\n\n\n\t\t<\/div>\n\t\t\t\t\t<\/div>\n\n\t\n\n\t<div id=\"col-1160406344\" class=\"col medium-4 small-12 large-4\"  >\n\t\t\t\t<div class=\"col-inner\"  >\n\t\t\t\n\t\t\t\n\n\t<div class=\"img has-hover x md-x lg-x y md-y lg-y\" id=\"image_1557529645\">\n\t\t<a class=\"\" href=\"https:\/\/hi-nd.com\/product\/outdoor-wall-casing-samsung\/\" >\t\t\t\t\t\t<div class=\"img-inner dark\" >\n\t\t\t<img loading=\"lazy\" decoding=\"async\" width=\"750\" height=\"750\" src=\"https:\/\/hi-nd.com\/wp-content\/uploads\/2021\/10\/outdoor-samsung-svart-miljo-2.png\" class=\"attachment-large size-large\" alt=\"\" srcset=\"https:\/\/hi-nd.com\/wp-content\/uploads\/2021\/10\/outdoor-samsung-svart-miljo-2.png 750w, https:\/\/hi-nd.com\/wp-content\/uploads\/2021\/10\/outdoor-samsung-svart-miljo-2-100x100.png 100w, https:\/\/hi-nd.com\/wp-content\/uploads\/2021\/10\/outdoor-samsung-svart-miljo-2-600x600.png 600w, https:\/\/hi-nd.com\/wp-content\/uploads\/2021\/10\/outdoor-samsung-svart-miljo-2-300x300.png 300w, https:\/\/hi-nd.com\/wp-content\/uploads\/2021\/10\/outdoor-samsung-svart-miljo-2-150x150.png 150w\" sizes=\"auto, (max-width: 750px) 100vw, 750px\" \/>\t\t\t\t\t\t\n\t\t\t\t\t<\/div>\n\t\t\t\t\t\t<\/a>\t\t\n<style>\n#image_1557529645 {\n  width: 100%;\n}\n<\/style>\n\t<\/div>\n\t\n\n\n\t\t<\/div>\n\t\t\t\t\t<\/div>\n\n\t\n\n<\/div>\n<div class=\"container section-title-container\" ><h3 class=\"section-title section-title-center\"><b aria-hidden=\"true\"><\/b><span class=\"section-title-main\" >produkter f\u00f6r utomhusbruk<\/span><b aria-hidden=\"true\"><\/b><\/h3><\/div>\n\n\t<div id=\"text-1717325312\" class=\"text\">\n\t\t\n\n<p>Outdoor \u00e4r ett popul\u00e4rt segment bland v\u00e5ra kunder och vi erbjuder flera produkter f\u00f6r detta omr\u00e5de. Vi har b\u00e5de wall casings och totems som \u00e4r l\u00e4mpliga f\u00f6r v\u00e4derf\u00f6rh\u00e5llanden utomhus.<\/p>\n\t\t\n<style>\n#text-1717325312 {\n  text-align: center;\n}\n<\/style>\n\t<\/div>\n\t\n\n","protected":false},"excerpt":{"rendered":"","protected":false},"author":5,"featured_media":0,"parent":0,"menu_order":0,"comment_status":"closed","ping_status":"closed","template":"","meta":{"footnotes":""},"class_list":["post-5598","page","type-page","status-publish","hentry"],"yoast_head":"<!-- This site is optimized with the Yoast SEO plugin v27.3 - https:\/\/yoast.com\/product\/yoast-seo-wordpress\/ -->\n<title>Outdoor - HI-ND<\/title>\n<meta name=\"description\" content=\"Utomhusprodukter \u00e4r ett popul\u00e4rt segment. Vi erbjuder b\u00e5de wall casings och totems som \u00e4r l\u00e4mpliga f\u00f6r v\u00e4derf\u00f6rh\u00e5llanden utomhus.\" \/>\n<meta name=\"robots\" content=\"index, follow, max-snippet:-1, max-image-preview:large, max-video-preview:-1\" \/>\n<link rel=\"canonical\" href=\"https:\/\/hi-nd.com\/sv\/utomhus\/\" \/>\n<meta property=\"og:locale\" content=\"sv_SE\" \/>\n<meta property=\"og:type\" content=\"article\" \/>\n<meta property=\"og:title\" content=\"Outdoor - HI-ND\" \/>\n<meta property=\"og:description\" content=\"Utomhusprodukter \u00e4r ett popul\u00e4rt segment. Vi erbjuder b\u00e5de wall casings och totems som \u00e4r l\u00e4mpliga f\u00f6r v\u00e4derf\u00f6rh\u00e5llanden utomhus.\" \/>\n<meta property=\"og:url\" content=\"https:\/\/hi-nd.com\/sv\/utomhus\/\" \/>\n<meta property=\"og:site_name\" content=\"HI-ND\" \/>\n<meta property=\"article:modified_time\" content=\"2023-11-27T13:15:48+00:00\" \/>\n<meta name=\"twitter:card\" content=\"summary_large_image\" \/>\n<meta name=\"twitter:label1\" content=\"Ber\u00e4knad l\u00e4stid\" \/>\n\t<meta name=\"twitter:data1\" content=\"1 minut\" \/>\n<script type=\"application\/ld+json\" class=\"yoast-schema-graph\">{\"@context\":\"https:\\\/\\\/schema.org\",\"@graph\":[{\"@type\":\"WebPage\",\"@id\":\"https:\\\/\\\/hi-nd.com\\\/sv\\\/utomhus\\\/\",\"url\":\"https:\\\/\\\/hi-nd.com\\\/sv\\\/utomhus\\\/\",\"name\":\"Outdoor - HI-ND\",\"isPartOf\":{\"@id\":\"https:\\\/\\\/hi-nd.com\\\/#website\"},\"datePublished\":\"2023-01-26T12:12:35+00:00\",\"dateModified\":\"2023-11-27T13:15:48+00:00\",\"description\":\"Utomhusprodukter \u00e4r ett popul\u00e4rt segment. Vi erbjuder b\u00e5de wall casings och totems som \u00e4r l\u00e4mpliga f\u00f6r v\u00e4derf\u00f6rh\u00e5llanden utomhus.\",\"breadcrumb\":{\"@id\":\"https:\\\/\\\/hi-nd.com\\\/sv\\\/utomhus\\\/#breadcrumb\"},\"inLanguage\":\"sv-SE\",\"potentialAction\":[{\"@type\":\"ReadAction\",\"target\":[\"https:\\\/\\\/hi-nd.com\\\/sv\\\/utomhus\\\/\"]}]},{\"@type\":\"BreadcrumbList\",\"@id\":\"https:\\\/\\\/hi-nd.com\\\/sv\\\/utomhus\\\/#breadcrumb\",\"itemListElement\":[{\"@type\":\"ListItem\",\"position\":1,\"name\":\"Home\",\"item\":\"https:\\\/\\\/hi-nd.com\\\/sv\\\/\"},{\"@type\":\"ListItem\",\"position\":2,\"name\":\"Outdoor\"}]},{\"@type\":\"WebSite\",\"@id\":\"https:\\\/\\\/hi-nd.com\\\/#website\",\"url\":\"https:\\\/\\\/hi-nd.com\\\/\",\"name\":\"HI-ND\",\"description\":\"Mounting Solutions\",\"potentialAction\":[{\"@type\":\"SearchAction\",\"target\":{\"@type\":\"EntryPoint\",\"urlTemplate\":\"https:\\\/\\\/hi-nd.com\\\/?s={search_term_string}\"},\"query-input\":{\"@type\":\"PropertyValueSpecification\",\"valueRequired\":true,\"valueName\":\"search_term_string\"}}],\"inLanguage\":\"sv-SE\"}]}<\/script>\n<!-- \/ Yoast SEO plugin. -->","yoast_head_json":{"title":"Outdoor - HI-ND","description":"Utomhusprodukter \u00e4r ett popul\u00e4rt segment. Vi erbjuder b\u00e5de wall casings och totems som \u00e4r l\u00e4mpliga f\u00f6r v\u00e4derf\u00f6rh\u00e5llanden utomhus.","robots":{"index":"index","follow":"follow","max-snippet":"max-snippet:-1","max-image-preview":"max-image-preview:large","max-video-preview":"max-video-preview:-1"},"canonical":"https:\/\/hi-nd.com\/sv\/utomhus\/","og_locale":"sv_SE","og_type":"article","og_title":"Outdoor - HI-ND","og_description":"Utomhusprodukter \u00e4r ett popul\u00e4rt segment. Vi erbjuder b\u00e5de wall casings och totems som \u00e4r l\u00e4mpliga f\u00f6r v\u00e4derf\u00f6rh\u00e5llanden utomhus.","og_url":"https:\/\/hi-nd.com\/sv\/utomhus\/","og_site_name":"HI-ND","article_modified_time":"2023-11-27T13:15:48+00:00","twitter_card":"summary_large_image","twitter_misc":{"Ber\u00e4knad l\u00e4stid":"1 minut"},"schema":{"@context":"https:\/\/schema.org","@graph":[{"@type":"WebPage","@id":"https:\/\/hi-nd.com\/sv\/utomhus\/","url":"https:\/\/hi-nd.com\/sv\/utomhus\/","name":"Outdoor - HI-ND","isPartOf":{"@id":"https:\/\/hi-nd.com\/#website"},"datePublished":"2023-01-26T12:12:35+00:00","dateModified":"2023-11-27T13:15:48+00:00","description":"Utomhusprodukter \u00e4r ett popul\u00e4rt segment. Vi erbjuder b\u00e5de wall casings och totems som \u00e4r l\u00e4mpliga f\u00f6r v\u00e4derf\u00f6rh\u00e5llanden utomhus.","breadcrumb":{"@id":"https:\/\/hi-nd.com\/sv\/utomhus\/#breadcrumb"},"inLanguage":"sv-SE","potentialAction":[{"@type":"ReadAction","target":["https:\/\/hi-nd.com\/sv\/utomhus\/"]}]},{"@type":"BreadcrumbList","@id":"https:\/\/hi-nd.com\/sv\/utomhus\/#breadcrumb","itemListElement":[{"@type":"ListItem","position":1,"name":"Home","item":"https:\/\/hi-nd.com\/sv\/"},{"@type":"ListItem","position":2,"name":"Outdoor"}]},{"@type":"WebSite","@id":"https:\/\/hi-nd.com\/#website","url":"https:\/\/hi-nd.com\/","name":"HI-ND","description":"Mounting Solutions","potentialAction":[{"@type":"SearchAction","target":{"@type":"EntryPoint","urlTemplate":"https:\/\/hi-nd.com\/?s={search_term_string}"},"query-input":{"@type":"PropertyValueSpecification","valueRequired":true,"valueName":"search_term_string"}}],"inLanguage":"sv-SE"}]}},"_links":{"self":[{"href":"https:\/\/hi-nd.com\/sv\/wp-json\/wp\/v2\/pages\/5598","targetHints":{"allow":["GET"]}}],"collection":[{"href":"https:\/\/hi-nd.com\/sv\/wp-json\/wp\/v2\/pages"}],"about":[{"href":"https:\/\/hi-nd.com\/sv\/wp-json\/wp\/v2\/types\/page"}],"author":[{"embeddable":true,"href":"https:\/\/hi-nd.com\/sv\/wp-json\/wp\/v2\/users\/5"}],"replies":[{"embeddable":true,"href":"https:\/\/hi-nd.com\/sv\/wp-json\/wp\/v2\/comments?post=5598"}],"version-history":[{"count":3,"href":"https:\/\/hi-nd.com\/sv\/wp-json\/wp\/v2\/pages\/5598\/revisions"}],"predecessor-version":[{"id":5739,"href":"https:\/\/hi-nd.com\/sv\/wp-json\/wp\/v2\/pages\/5598\/revisions\/5739"}],"wp:attachment":[{"href":"https:\/\/hi-nd.com\/sv\/wp-json\/wp\/v2\/media?parent=5598"}],"curies":[{"name":"wp","href":"https:\/\/api.w.org\/{rel}","templated":true}]}}