{"id":5592,"date":"2023-10-11T15:56:16","date_gmt":"2023-10-11T13:56:16","guid":{"rendered":"https:\/\/hi-nd.com\/affarsetik\/"},"modified":"2025-02-25T12:37:27","modified_gmt":"2025-02-25T11:37:27","slug":"affarsetik","status":"publish","type":"page","link":"https:\/\/hi-nd.com\/sv\/affarsetik\/","title":{"rendered":"Aff\u00e4rsetik"},"content":{"rendered":"\n\t<div id=\"gap-1358528058\" class=\"gap-element clearfix\" style=\"display:block; height:auto;\">\n\t\t\n<style>\n#gap-1358528058 {\n  padding-top: 30px;\n}\n<\/style>\n\t<\/div>\n\t\n\n<div class=\"container section-title-container\" ><h1 class=\"section-title section-title-center\"><b aria-hidden=\"true\"><\/b><span class=\"section-title-main\" >aff\u00e4rsetik<\/span><b aria-hidden=\"true\"><\/b><\/h1><\/div>\n\n<div class=\"row\"  id=\"row-788873516\">\n\n\n\t<div id=\"col-177100112\" class=\"col small-12 large-12\"  >\n\t\t\t\t<div class=\"col-inner\"  >\n\t\t\t\n\t\t\t\n\n<p>Att inf\u00f6rliva aff\u00e4rsetik och arbeta f\u00f6r en h\u00e5llbar v\u00e4rdekedja \u00e4r avg\u00f6rande f\u00f6r att uppn\u00e5 meningsfull och varaktig h\u00e5llbarhet. Etiska metoder s\u00e4kerst\u00e4ller att varje steg i v\u00e4rdekedjan &#8211; fr\u00e5n anskaffning av r\u00e5varor till produktion, distribution och avfallshantering &#8211; pr\u00e4glas av r\u00e4ttvisa, transparens och socialt ansvar. <\/p>\n\n\t\t<\/div>\n\t\t\t\t\t<\/div>\n\n\t\n\n<\/div>\n<div class=\"container section-title-container\" ><h2 class=\"section-title section-title-center\"><b aria-hidden=\"true\"><\/b><span class=\"section-title-main\" >arbeta f\u00f6r en h\u00e5llbar v\u00e4rdekedja<\/span><b aria-hidden=\"true\"><\/b><\/h2><\/div>\n\n<div class=\"row\"  id=\"row-1302072376\">\n\n\n\t<div id=\"col-533254252\" class=\"col medium-8 small-12 large-8\"  >\n\t\t\t\t<div class=\"col-inner\"  >\n\t\t\t\n\t\t\t\n\n<p>Att h\u00e5lla produktionen inom EU \u00e4r avg\u00f6rande f\u00f6r oss f\u00f6r att s\u00e4kerst\u00e4lla transparens och etiska metoder i hela leveranskedjan. EU har n\u00e5gra av v\u00e4rldens str\u00e4ngaste regler n\u00e4r det g\u00e4ller arbetsr\u00e4tt, milj\u00f6standarder och konsumentskydd. Genom att producera lokalt kan f\u00f6retagen b\u00e4ttre \u00f6vervaka arbetsf\u00f6rh\u00e5llandena, s\u00e4kerst\u00e4lla r\u00e4ttvisa l\u00f6ner och minska risken f\u00f6r exploatering som ofta f\u00f6rekommer i regioner med svagare regler. Dessutom garanterar EU:s standarder st\u00f6rre \u00f6ppenhet i fr\u00e5ga om ink\u00f6p, produktion och avfallshantering, vilket fr\u00e4mjar konsumenternas f\u00f6rtroende och \u00f6kar trov\u00e4rdigheten i h\u00e5llbarhetsarbetet.   <\/p>\n<p>Dessutom arbetar vi f\u00f6r n\u00e4rvarande med v\u00e5ra egna h\u00e5llbarhetspolicyer f\u00f6r att ytterligare s\u00e4kerst\u00e4lla hela v\u00e4rdekedjan.<\/p>\n<p>F\u00f6r att ytterligare kontrollera v\u00e5r verksamhet ur ett etiskt perspektiv, anv\u00e4nder vi en uppf\u00f6randekod som riktlinje. <a href=\"https:\/\/hi-nd.com\/wp-content\/uploads\/2024\/03\/Code-of-Conduct-website.pdf\">Du kan l\u00e4sa v\u00e5r uppf\u00f6randekod h\u00e4r.<\/a><\/p>\n\n\t\t<\/div>\n\t\t\t\t\t<\/div>\n\n\t\n\n\t<div id=\"col-1703193190\" class=\"col medium-4 small-12 large-4\"  >\n\t\t\t\t<div class=\"col-inner\"  >\n\t\t\t\n\t\t\t\n\n\t<div class=\"img has-hover x md-x lg-x y md-y lg-y\" id=\"image_694833285\">\n\t\t\t\t\t\t\t\t<div class=\"img-inner dark\" >\n\t\t\t<img loading=\"lazy\" decoding=\"async\" width=\"474\" height=\"265\" src=\"https:\/\/hi-nd.com\/wp-content\/uploads\/2023\/10\/vardekedja.jpeg\" class=\"attachment-large size-large\" alt=\"value chain\" srcset=\"https:\/\/hi-nd.com\/wp-content\/uploads\/2023\/10\/vardekedja.jpeg 474w, https:\/\/hi-nd.com\/wp-content\/uploads\/2023\/10\/vardekedja-300x168.jpeg 300w\" sizes=\"auto, (max-width: 474px) 100vw, 474px\" \/>\t\t\t\t\t\t\n\t\t\t\t\t<\/div>\n\t\t\t\t\t\t\t\t\n<style>\n#image_694833285 {\n  width: 100%;\n}\n<\/style>\n\t<\/div>\n\t\n\n\n\t\t<\/div>\n\t\t\t\t\t<\/div>\n\n\t\n\n<\/div>\n\n","protected":false},"excerpt":{"rendered":"","protected":false},"author":5,"featured_media":0,"parent":0,"menu_order":0,"comment_status":"closed","ping_status":"closed","template":"","meta":{"footnotes":""},"class_list":["post-5592","page","type-page","status-publish","hentry"],"yoast_head":"<!-- This site is optimized with the Yoast SEO plugin v27.3 - https:\/\/yoast.com\/product\/yoast-seo-wordpress\/ -->\n<title>Aff\u00e4rsetik - HI-ND<\/title>\n<meta name=\"description\" content=\"Aff\u00e4rsetik \u00e4r en av v\u00e5ra viktigaste kategorier att arbeta med i v\u00e5rt h\u00e5llbarhetsarbete mot en h\u00e5llbar v\u00e4rdekedja.\" \/>\n<meta name=\"robots\" content=\"index, follow, max-snippet:-1, max-image-preview:large, max-video-preview:-1\" \/>\n<link rel=\"canonical\" href=\"https:\/\/hi-nd.com\/sv\/affarsetik\/\" \/>\n<meta property=\"og:locale\" content=\"sv_SE\" \/>\n<meta property=\"og:type\" content=\"article\" \/>\n<meta property=\"og:title\" content=\"Aff\u00e4rsetik - HI-ND\" \/>\n<meta property=\"og:description\" content=\"Aff\u00e4rsetik \u00e4r en av v\u00e5ra viktigaste kategorier att arbeta med i v\u00e5rt h\u00e5llbarhetsarbete mot en h\u00e5llbar v\u00e4rdekedja.\" \/>\n<meta property=\"og:url\" content=\"https:\/\/hi-nd.com\/sv\/affarsetik\/\" \/>\n<meta property=\"og:site_name\" content=\"HI-ND\" \/>\n<meta property=\"article:modified_time\" content=\"2025-02-25T11:37:27+00:00\" \/>\n<meta name=\"twitter:card\" content=\"summary_large_image\" \/>\n<meta name=\"twitter:label1\" content=\"Ber\u00e4knad l\u00e4stid\" \/>\n\t<meta name=\"twitter:data1\" content=\"1 minut\" \/>\n<script type=\"application\/ld+json\" class=\"yoast-schema-graph\">{\"@context\":\"https:\\\/\\\/schema.org\",\"@graph\":[{\"@type\":\"WebPage\",\"@id\":\"https:\\\/\\\/hi-nd.com\\\/sv\\\/affarsetik\\\/\",\"url\":\"https:\\\/\\\/hi-nd.com\\\/sv\\\/affarsetik\\\/\",\"name\":\"Aff\u00e4rsetik - HI-ND\",\"isPartOf\":{\"@id\":\"https:\\\/\\\/hi-nd.com\\\/#website\"},\"datePublished\":\"2023-10-11T13:56:16+00:00\",\"dateModified\":\"2025-02-25T11:37:27+00:00\",\"description\":\"Aff\u00e4rsetik \u00e4r en av v\u00e5ra viktigaste kategorier att arbeta med i v\u00e5rt h\u00e5llbarhetsarbete mot en h\u00e5llbar v\u00e4rdekedja.\",\"breadcrumb\":{\"@id\":\"https:\\\/\\\/hi-nd.com\\\/sv\\\/affarsetik\\\/#breadcrumb\"},\"inLanguage\":\"sv-SE\",\"potentialAction\":[{\"@type\":\"ReadAction\",\"target\":[\"https:\\\/\\\/hi-nd.com\\\/sv\\\/affarsetik\\\/\"]}]},{\"@type\":\"BreadcrumbList\",\"@id\":\"https:\\\/\\\/hi-nd.com\\\/sv\\\/affarsetik\\\/#breadcrumb\",\"itemListElement\":[{\"@type\":\"ListItem\",\"position\":1,\"name\":\"Home\",\"item\":\"https:\\\/\\\/hi-nd.com\\\/sv\\\/\"},{\"@type\":\"ListItem\",\"position\":2,\"name\":\"Aff\u00e4rsetik\"}]},{\"@type\":\"WebSite\",\"@id\":\"https:\\\/\\\/hi-nd.com\\\/#website\",\"url\":\"https:\\\/\\\/hi-nd.com\\\/\",\"name\":\"HI-ND\",\"description\":\"Mounting Solutions\",\"potentialAction\":[{\"@type\":\"SearchAction\",\"target\":{\"@type\":\"EntryPoint\",\"urlTemplate\":\"https:\\\/\\\/hi-nd.com\\\/?s={search_term_string}\"},\"query-input\":{\"@type\":\"PropertyValueSpecification\",\"valueRequired\":true,\"valueName\":\"search_term_string\"}}],\"inLanguage\":\"sv-SE\"}]}<\/script>\n<!-- \/ Yoast SEO plugin. -->","yoast_head_json":{"title":"Aff\u00e4rsetik - HI-ND","description":"Aff\u00e4rsetik \u00e4r en av v\u00e5ra viktigaste kategorier att arbeta med i v\u00e5rt h\u00e5llbarhetsarbete mot en h\u00e5llbar v\u00e4rdekedja.","robots":{"index":"index","follow":"follow","max-snippet":"max-snippet:-1","max-image-preview":"max-image-preview:large","max-video-preview":"max-video-preview:-1"},"canonical":"https:\/\/hi-nd.com\/sv\/affarsetik\/","og_locale":"sv_SE","og_type":"article","og_title":"Aff\u00e4rsetik - HI-ND","og_description":"Aff\u00e4rsetik \u00e4r en av v\u00e5ra viktigaste kategorier att arbeta med i v\u00e5rt h\u00e5llbarhetsarbete mot en h\u00e5llbar v\u00e4rdekedja.","og_url":"https:\/\/hi-nd.com\/sv\/affarsetik\/","og_site_name":"HI-ND","article_modified_time":"2025-02-25T11:37:27+00:00","twitter_card":"summary_large_image","twitter_misc":{"Ber\u00e4knad l\u00e4stid":"1 minut"},"schema":{"@context":"https:\/\/schema.org","@graph":[{"@type":"WebPage","@id":"https:\/\/hi-nd.com\/sv\/affarsetik\/","url":"https:\/\/hi-nd.com\/sv\/affarsetik\/","name":"Aff\u00e4rsetik - HI-ND","isPartOf":{"@id":"https:\/\/hi-nd.com\/#website"},"datePublished":"2023-10-11T13:56:16+00:00","dateModified":"2025-02-25T11:37:27+00:00","description":"Aff\u00e4rsetik \u00e4r en av v\u00e5ra viktigaste kategorier att arbeta med i v\u00e5rt h\u00e5llbarhetsarbete mot en h\u00e5llbar v\u00e4rdekedja.","breadcrumb":{"@id":"https:\/\/hi-nd.com\/sv\/affarsetik\/#breadcrumb"},"inLanguage":"sv-SE","potentialAction":[{"@type":"ReadAction","target":["https:\/\/hi-nd.com\/sv\/affarsetik\/"]}]},{"@type":"BreadcrumbList","@id":"https:\/\/hi-nd.com\/sv\/affarsetik\/#breadcrumb","itemListElement":[{"@type":"ListItem","position":1,"name":"Home","item":"https:\/\/hi-nd.com\/sv\/"},{"@type":"ListItem","position":2,"name":"Aff\u00e4rsetik"}]},{"@type":"WebSite","@id":"https:\/\/hi-nd.com\/#website","url":"https:\/\/hi-nd.com\/","name":"HI-ND","description":"Mounting Solutions","potentialAction":[{"@type":"SearchAction","target":{"@type":"EntryPoint","urlTemplate":"https:\/\/hi-nd.com\/?s={search_term_string}"},"query-input":{"@type":"PropertyValueSpecification","valueRequired":true,"valueName":"search_term_string"}}],"inLanguage":"sv-SE"}]}},"_links":{"self":[{"href":"https:\/\/hi-nd.com\/sv\/wp-json\/wp\/v2\/pages\/5592","targetHints":{"allow":["GET"]}}],"collection":[{"href":"https:\/\/hi-nd.com\/sv\/wp-json\/wp\/v2\/pages"}],"about":[{"href":"https:\/\/hi-nd.com\/sv\/wp-json\/wp\/v2\/types\/page"}],"author":[{"embeddable":true,"href":"https:\/\/hi-nd.com\/sv\/wp-json\/wp\/v2\/users\/5"}],"replies":[{"embeddable":true,"href":"https:\/\/hi-nd.com\/sv\/wp-json\/wp\/v2\/comments?post=5592"}],"version-history":[{"count":16,"href":"https:\/\/hi-nd.com\/sv\/wp-json\/wp\/v2\/pages\/5592\/revisions"}],"predecessor-version":[{"id":8459,"href":"https:\/\/hi-nd.com\/sv\/wp-json\/wp\/v2\/pages\/5592\/revisions\/8459"}],"wp:attachment":[{"href":"https:\/\/hi-nd.com\/sv\/wp-json\/wp\/v2\/media?parent=5592"}],"curies":[{"name":"wp","href":"https:\/\/api.w.org\/{rel}","templated":true}]}}