{"id":5584,"date":"2023-10-11T14:39:58","date_gmt":"2023-10-11T12:39:58","guid":{"rendered":"https:\/\/hi-nd.com\/miljo-och-klimat\/"},"modified":"2025-02-25T09:20:12","modified_gmt":"2025-02-25T08:20:12","slug":"miljo-och-klimat","status":"publish","type":"page","link":"https:\/\/hi-nd.com\/sv\/miljo-och-klimat\/","title":{"rendered":"Milj\u00f6 och klimat"},"content":{"rendered":"\n\t<div id=\"gap-778564997\" class=\"gap-element clearfix\" style=\"display:block; height:auto;\">\n\t\t\n<style>\n#gap-778564997 {\n  padding-top: 30px;\n}\n<\/style>\n\t<\/div>\n\t\n\n<div class=\"container section-title-container\" ><h1 class=\"section-title section-title-center\"><b aria-hidden=\"true\"><\/b><span class=\"section-title-main\" >milj\u00f6 &amp; klimat<\/span><b aria-hidden=\"true\"><\/b><\/h1><\/div>\n\n<div class=\"row\"  id=\"row-1281128991\">\n\n\n\t<div id=\"col-762923263\" class=\"col small-12 large-12\"  >\n\t\t\t\t<div class=\"col-inner\"  >\n\t\t\t\n\t\t\t\n\n<p style=\"text-align: center;\">Hur kan vi minska v\u00e5r negativa p\u00e5verkan p\u00e5 milj\u00f6n och klimatet? Vi har identifierat tv\u00e5 viktiga faktorer d\u00e4r vi har st\u00f6rst negativ p\u00e5verkan: <strong>transporter<\/strong> och den <strong>st\u00e5lproduktion <\/strong>som kr\u00e4vs f\u00f6r v\u00e5ra produkter.&nbsp;<\/p>\n\n\t\t<\/div>\n\t\t\t\t\t<\/div>\n\n\t\n\n<\/div>\n<div class=\"container section-title-container\" ><h2 class=\"section-title section-title-center\"><b aria-hidden=\"true\"><\/b><span class=\"section-title-main\" >p\u00e5verkan p\u00e5 klimatet<\/span><b aria-hidden=\"true\"><\/b><\/h2><\/div>\n\n<div class=\"row\"  id=\"row-1855522914\">\n\n\n\t<div id=\"col-2039587422\" class=\"col medium-8 small-12 large-8\"  >\n\t\t\t\t<div class=\"col-inner\"  >\n\t\t\t\n\t\t\t\n\n<p>F\u00f6r att f\u00e5 b\u00e4ttre kontroll och insikt i produktionen har vi valt att endast anv\u00e4nda producenter inom EU, varav merparten produceras i Sverige. Av samma anledning och p\u00e5 grund av den negativa klimatp\u00e5verkan p\u00e5 frakten, best\u00e4ller vi inte l\u00e4ngre n\u00e5gra produkter fr\u00e5n Kina.<\/p>\n<p>Enligt v\u00e5ra ber\u00e4kningar minskar utsl\u00e4ppen fr\u00e5n transporter med 80% n\u00e4r de fraktas fr\u00e5n Litauen ist\u00e4llet f\u00f6r Kina. Litauen \u00e4r det land ut\u00f6ver Sverige d\u00e4r vi producerar ett litet antal produkter. <\/p>\n<p>Idag s\u00e4ljer och skickar vi alla v\u00e5ra produkter inom EU. V\u00e5r huvudmarknad \u00e4r Norden, men vi v\u00e4xer i Centraleuropa och har distribut\u00f6rer i Tyskland och Beneluxomr\u00e5det. Vi har ocks\u00e5 produktion i Murcia, Spanien, f\u00f6r alla best\u00e4llningar inom Spanien.<\/p>\n<p><em><strong>  <\/strong><\/em><\/p>\n<p><em><strong> Vill du vara med och skapa en mer h\u00e5llbar verksamhet? <\/strong><\/em><\/p>\n<p> <em> <strong> &#8211; <\/strong> <\/em>L\u00e4gg din best\u00e4llning i tid f\u00f6r att hj\u00e4lpa oss att undvika on\u00f6diga snabbleveranser och optimera vid produktion. Genom att hj\u00e4lpa oss att f\u00f6rhindra en snabb leverans med en mindre bil kan vi faktiskt spara cirka 80 % av koldioxidutsl\u00e4ppen j\u00e4mf\u00f6rt med en v\u00e4lplanerad lastbilsleverans.<\/p>\n\n\t\t<\/div>\n\t\t\t\t\t<\/div>\n\n\t\n\n\t<div id=\"col-1124047479\" class=\"col medium-4 small-12 large-4\"  >\n\t\t\t\t<div class=\"col-inner\"  >\n\t\t\t\n\t\t\t\n\n\t<div class=\"img has-hover x md-x lg-x y md-y lg-y\" id=\"image_903679219\">\n\t\t\t\t\t\t\t\t<div class=\"img-inner dark\" >\n\t\t\t<img loading=\"lazy\" decoding=\"async\" width=\"1020\" height=\"1011\" src=\"https:\/\/hi-nd.com\/wp-content\/uploads\/2024\/02\/Gron-transport-750x750-1-1024x1015.jpg\" class=\"attachment-large size-large\" alt=\"climate transport\" srcset=\"https:\/\/hi-nd.com\/wp-content\/uploads\/2024\/02\/Gron-transport-750x750-1-1024x1015.jpg 1024w, https:\/\/hi-nd.com\/wp-content\/uploads\/2024\/02\/Gron-transport-750x750-1-300x297.jpg 300w, https:\/\/hi-nd.com\/wp-content\/uploads\/2024\/02\/Gron-transport-750x750-1-150x150.jpg 150w, https:\/\/hi-nd.com\/wp-content\/uploads\/2024\/02\/Gron-transport-750x750-1-768x762.jpg 768w, https:\/\/hi-nd.com\/wp-content\/uploads\/2024\/02\/Gron-transport-750x750-1-1536x1523.jpg 1536w, https:\/\/hi-nd.com\/wp-content\/uploads\/2024\/02\/Gron-transport-750x750-1-2048x2031.jpg 2048w, https:\/\/hi-nd.com\/wp-content\/uploads\/2024\/02\/Gron-transport-750x750-1-750x744.jpg 750w, https:\/\/hi-nd.com\/wp-content\/uploads\/2024\/02\/Gron-transport-750x750-1-100x100.jpg 100w\" sizes=\"auto, (max-width: 1020px) 100vw, 1020px\" \/>\t\t\t\t\t\t\n\t\t\t\t\t<\/div>\n\t\t\t\t\t\t\t\t\n<style>\n#image_903679219 {\n  width: 100%;\n}\n<\/style>\n\t<\/div>\n\t\n\n\n\t\t<\/div>\n\t\t\t\t\t<\/div>\n\n\t\n\n<\/div>\n<div class=\"container section-title-container\" ><h2 class=\"section-title section-title-center\"><b aria-hidden=\"true\"><\/b><span class=\"section-title-main\" >H\u00e5llbar anv\u00e4ndning av resurser.<\/span><b aria-hidden=\"true\"><\/b><\/h2><\/div>\n\n<div class=\"row\"  id=\"row-497702649\">\n\n\n\t<div id=\"col-1319233280\" class=\"col medium-4 small-12 large-4\"  >\n\t\t\t\t<div class=\"col-inner\"  >\n\t\t\t\n\t\t\t\n\n\t<div class=\"img has-hover x md-x lg-x y md-y lg-y\" id=\"image_1469625613\">\n\t\t\t\t\t\t\t\t<div class=\"img-inner dark\" >\n\t\t\t<img loading=\"lazy\" decoding=\"async\" width=\"877\" height=\"801\" src=\"https:\/\/hi-nd.com\/wp-content\/uploads\/2023\/10\/orwak-883x1024-1.png\" class=\"attachment-large size-large\" alt=\"\" srcset=\"https:\/\/hi-nd.com\/wp-content\/uploads\/2023\/10\/orwak-883x1024-1.png 877w, https:\/\/hi-nd.com\/wp-content\/uploads\/2023\/10\/orwak-883x1024-1-300x274.png 300w, https:\/\/hi-nd.com\/wp-content\/uploads\/2023\/10\/orwak-883x1024-1-768x701.png 768w, https:\/\/hi-nd.com\/wp-content\/uploads\/2023\/10\/orwak-883x1024-1-750x685.png 750w\" sizes=\"auto, (max-width: 877px) 100vw, 877px\" \/>\t\t\t\t\t\t\n\t\t\t\t\t<\/div>\n\t\t\t\t\t\t\t\t\n<style>\n#image_1469625613 {\n  width: 100%;\n}\n<\/style>\n\t<\/div>\n\t\n\n\n\t\t<\/div>\n\t\t\t\t\t<\/div>\n\n\t\n\n\t<div id=\"col-1973411916\" class=\"col medium-8 small-12 large-8\"  >\n\t\t\t\t<div class=\"col-inner\"  >\n\t\t\t\n\t\t\t\n\n<p>Vi designar alla v\u00e5ra egna produkter och i designprocessen har vi st\u00e4ndigt fokus p\u00e5 att genomdriva en h\u00e5llbar anv\u00e4ndning av produkter. Till exempel;<\/p>\n<ul>\n<li>i produktionen optimerar vi st\u00e5lpl\u00e5tarna f\u00f6r att undvika svinn<\/li>\n<li>vi f\u00f6rs\u00f6ker skapa universella l\u00f6sningar av v\u00e5ra produkter f\u00f6r att passa fler sk\u00e4rmar och p\u00e5 s\u00e5 s\u00e4tt minska risken f\u00f6r svinn<\/li>\n<li>vi tar bort on\u00f6digt material fr\u00e5n produkter, t.ex. fl\u00e4ktar, s\u00e5 mycket som m\u00f6jligt <\/li>\n<li>all kartong, plast och f\u00f6rpackningar som vi tar emot komprimerar vi i en balpress. D\u00e4refter samlar ett \u00e5tervinningsf\u00f6retag in dem fr\u00e5n oss.<\/li>\n<\/ul>\n\n\t\t<\/div>\n\t\t\t\t\t<\/div>\n\n\t\n\n<\/div>\n<div class=\"container section-title-container\" ><h2 class=\"section-title section-title-center\"><b aria-hidden=\"true\"><\/b><span class=\"section-title-main\" >val av material<\/span><b aria-hidden=\"true\"><\/b><\/h2><\/div>\n\n<div class=\"row\"  id=\"row-401178721\">\n\n\n\t<div id=\"col-434003768\" class=\"col medium-8 small-12 large-8\"  >\n\t\t\t\t<div class=\"col-inner\"  >\n\t\t\t\n\t\t\t\n\n<p>De flesta av v\u00e5ra produkter best\u00e5r av olika m\u00e4ngder st\u00e5l. St\u00e5l \u00e4r ett av de mest \u00e5tervunna materialen, men p\u00e5 grund av den l\u00e5nga livscykeln finns det inte tillr\u00e4ckligt med \u00e5tervunnet st\u00e5l f\u00f6r att t\u00e4cka efterfr\u00e5gan p\u00e5 marknaden. Det befintliga \u00e5tervunna st\u00e5let anses vara en premiumprodukt och erbjuds d\u00e4rf\u00f6r till ett h\u00f6gre premiumpris. SSAB har b\u00f6rjat utveckla fossilfritt producerat st\u00e5l, och m\u00e5let \u00e4r att vara 100% fossilfritt \u00e5r 2045. V\u00e5rt m\u00e5l \u00e4r att b\u00f6rja anv\u00e4nda fossilfritt st\u00e5l s\u00e5 snart det finns tillg\u00e4ngligt p\u00e5 marknaden och under tiden kunna erbjuda \u00e5tervunnet st\u00e5l till intresserade kunder.<\/p>\n<p>N\u00e4r det g\u00e4ller de skyddsh\u00f6ljen som anv\u00e4nds f\u00f6r alla produkter anv\u00e4nder vi antingen glas eller plast beroende p\u00e5 kundens syfte och \u00f6nskem\u00e5l. Det finns f\u00f6r- och nackdelar med b\u00e5da, och de \u00e4r l\u00e4mpliga vid olika tillf\u00e4llen. Glasskyddet har dock ett l\u00e4gre koldioxidavtryck \u00e4n plastskyddet per m2 \u00e4ven om man tar h\u00e4nsyn till vikten. Valet av f\u00f6rs\u00e4kringsskydd \u00e4r upp till kunden att best\u00e4mma, men vi f\u00f6redrar att informera kunderna innan de fattar beslutet.<\/p>\n\n\t\t<\/div>\n\t\t\t\t\t<\/div>\n\n\t\n\n\t<div id=\"col-95580217\" class=\"col medium-4 small-12 large-4\"  >\n\t\t\t\t<div class=\"col-inner\"  >\n\t\t\t\n\t\t\t\n\n\t<div class=\"img has-hover x md-x lg-x y md-y lg-y\" id=\"image_1378857957\">\n\t\t\t\t\t\t\t\t<div class=\"img-inner dark\" >\n\t\t\t<img loading=\"lazy\" decoding=\"async\" width=\"1010\" height=\"809\" src=\"https:\/\/hi-nd.com\/wp-content\/uploads\/2023\/10\/Vagror_plat.png\" class=\"attachment-large size-large\" alt=\"\" srcset=\"https:\/\/hi-nd.com\/wp-content\/uploads\/2023\/10\/Vagror_plat.png 1010w, https:\/\/hi-nd.com\/wp-content\/uploads\/2023\/10\/Vagror_plat-300x240.png 300w, https:\/\/hi-nd.com\/wp-content\/uploads\/2023\/10\/Vagror_plat-768x615.png 768w, https:\/\/hi-nd.com\/wp-content\/uploads\/2023\/10\/Vagror_plat-750x601.png 750w\" sizes=\"auto, (max-width: 1010px) 100vw, 1010px\" \/>\t\t\t\t\t\t\n\t\t\t\t\t<\/div>\n\t\t\t\t\t\t\t\t\n<style>\n#image_1378857957 {\n  width: 100%;\n}\n<\/style>\n\t<\/div>\n\t\n\n\n\t\t<\/div>\n\t\t\t\t\t<\/div>\n\n\t\n\n<\/div>\n\n","protected":false},"excerpt":{"rendered":"","protected":false},"author":5,"featured_media":0,"parent":0,"menu_order":0,"comment_status":"closed","ping_status":"closed","template":"","meta":{"footnotes":""},"class_list":["post-5584","page","type-page","status-publish","hentry"],"yoast_head":"<!-- This site is optimized with the Yoast SEO plugin v27.3 - https:\/\/yoast.com\/product\/yoast-seo-wordpress\/ -->\n<title>Milj\u00f6 och klimat - HI-ND<\/title>\n<meta name=\"description\" content=\"V\u00e5rt m\u00e5l \u00e4r att ha s\u00e5 liten negativ p\u00e5verkan p\u00e5 klimat och milj\u00f6 som m\u00f6jligt. Det finns tv\u00e5 faktorer som vi p\u00e5verkar mest.\" \/>\n<meta name=\"robots\" content=\"index, follow, max-snippet:-1, max-image-preview:large, max-video-preview:-1\" \/>\n<link rel=\"canonical\" href=\"https:\/\/hi-nd.com\/sv\/miljo-och-klimat\/\" \/>\n<meta property=\"og:locale\" content=\"sv_SE\" \/>\n<meta property=\"og:type\" content=\"article\" \/>\n<meta property=\"og:title\" content=\"Milj\u00f6 och klimat - HI-ND\" \/>\n<meta property=\"og:description\" content=\"V\u00e5rt m\u00e5l \u00e4r att ha s\u00e5 liten negativ p\u00e5verkan p\u00e5 klimat och milj\u00f6 som m\u00f6jligt. Det finns tv\u00e5 faktorer som vi p\u00e5verkar mest.\" \/>\n<meta property=\"og:url\" content=\"https:\/\/hi-nd.com\/sv\/miljo-och-klimat\/\" \/>\n<meta property=\"og:site_name\" content=\"HI-ND\" \/>\n<meta property=\"article:modified_time\" content=\"2025-02-25T08:20:12+00:00\" \/>\n<meta name=\"twitter:card\" content=\"summary_large_image\" \/>\n<meta name=\"twitter:label1\" content=\"Ber\u00e4knad l\u00e4stid\" \/>\n\t<meta name=\"twitter:data1\" content=\"3 minuter\" \/>\n<script type=\"application\/ld+json\" class=\"yoast-schema-graph\">{\"@context\":\"https:\\\/\\\/schema.org\",\"@graph\":[{\"@type\":\"WebPage\",\"@id\":\"https:\\\/\\\/hi-nd.com\\\/sv\\\/miljo-och-klimat\\\/\",\"url\":\"https:\\\/\\\/hi-nd.com\\\/sv\\\/miljo-och-klimat\\\/\",\"name\":\"Milj\u00f6 och klimat - HI-ND\",\"isPartOf\":{\"@id\":\"https:\\\/\\\/hi-nd.com\\\/#website\"},\"datePublished\":\"2023-10-11T12:39:58+00:00\",\"dateModified\":\"2025-02-25T08:20:12+00:00\",\"description\":\"V\u00e5rt m\u00e5l \u00e4r att ha s\u00e5 liten negativ p\u00e5verkan p\u00e5 klimat och milj\u00f6 som m\u00f6jligt. Det finns tv\u00e5 faktorer som vi p\u00e5verkar mest.\",\"breadcrumb\":{\"@id\":\"https:\\\/\\\/hi-nd.com\\\/sv\\\/miljo-och-klimat\\\/#breadcrumb\"},\"inLanguage\":\"sv-SE\",\"potentialAction\":[{\"@type\":\"ReadAction\",\"target\":[\"https:\\\/\\\/hi-nd.com\\\/sv\\\/miljo-och-klimat\\\/\"]}]},{\"@type\":\"BreadcrumbList\",\"@id\":\"https:\\\/\\\/hi-nd.com\\\/sv\\\/miljo-och-klimat\\\/#breadcrumb\",\"itemListElement\":[{\"@type\":\"ListItem\",\"position\":1,\"name\":\"Home\",\"item\":\"https:\\\/\\\/hi-nd.com\\\/sv\\\/\"},{\"@type\":\"ListItem\",\"position\":2,\"name\":\"Milj\u00f6 och klimat\"}]},{\"@type\":\"WebSite\",\"@id\":\"https:\\\/\\\/hi-nd.com\\\/#website\",\"url\":\"https:\\\/\\\/hi-nd.com\\\/\",\"name\":\"HI-ND\",\"description\":\"Mounting Solutions\",\"potentialAction\":[{\"@type\":\"SearchAction\",\"target\":{\"@type\":\"EntryPoint\",\"urlTemplate\":\"https:\\\/\\\/hi-nd.com\\\/?s={search_term_string}\"},\"query-input\":{\"@type\":\"PropertyValueSpecification\",\"valueRequired\":true,\"valueName\":\"search_term_string\"}}],\"inLanguage\":\"sv-SE\"}]}<\/script>\n<!-- \/ Yoast SEO plugin. -->","yoast_head_json":{"title":"Milj\u00f6 och klimat - HI-ND","description":"V\u00e5rt m\u00e5l \u00e4r att ha s\u00e5 liten negativ p\u00e5verkan p\u00e5 klimat och milj\u00f6 som m\u00f6jligt. Det finns tv\u00e5 faktorer som vi p\u00e5verkar mest.","robots":{"index":"index","follow":"follow","max-snippet":"max-snippet:-1","max-image-preview":"max-image-preview:large","max-video-preview":"max-video-preview:-1"},"canonical":"https:\/\/hi-nd.com\/sv\/miljo-och-klimat\/","og_locale":"sv_SE","og_type":"article","og_title":"Milj\u00f6 och klimat - HI-ND","og_description":"V\u00e5rt m\u00e5l \u00e4r att ha s\u00e5 liten negativ p\u00e5verkan p\u00e5 klimat och milj\u00f6 som m\u00f6jligt. Det finns tv\u00e5 faktorer som vi p\u00e5verkar mest.","og_url":"https:\/\/hi-nd.com\/sv\/miljo-och-klimat\/","og_site_name":"HI-ND","article_modified_time":"2025-02-25T08:20:12+00:00","twitter_card":"summary_large_image","twitter_misc":{"Ber\u00e4knad l\u00e4stid":"3 minuter"},"schema":{"@context":"https:\/\/schema.org","@graph":[{"@type":"WebPage","@id":"https:\/\/hi-nd.com\/sv\/miljo-och-klimat\/","url":"https:\/\/hi-nd.com\/sv\/miljo-och-klimat\/","name":"Milj\u00f6 och klimat - HI-ND","isPartOf":{"@id":"https:\/\/hi-nd.com\/#website"},"datePublished":"2023-10-11T12:39:58+00:00","dateModified":"2025-02-25T08:20:12+00:00","description":"V\u00e5rt m\u00e5l \u00e4r att ha s\u00e5 liten negativ p\u00e5verkan p\u00e5 klimat och milj\u00f6 som m\u00f6jligt. Det finns tv\u00e5 faktorer som vi p\u00e5verkar mest.","breadcrumb":{"@id":"https:\/\/hi-nd.com\/sv\/miljo-och-klimat\/#breadcrumb"},"inLanguage":"sv-SE","potentialAction":[{"@type":"ReadAction","target":["https:\/\/hi-nd.com\/sv\/miljo-och-klimat\/"]}]},{"@type":"BreadcrumbList","@id":"https:\/\/hi-nd.com\/sv\/miljo-och-klimat\/#breadcrumb","itemListElement":[{"@type":"ListItem","position":1,"name":"Home","item":"https:\/\/hi-nd.com\/sv\/"},{"@type":"ListItem","position":2,"name":"Milj\u00f6 och klimat"}]},{"@type":"WebSite","@id":"https:\/\/hi-nd.com\/#website","url":"https:\/\/hi-nd.com\/","name":"HI-ND","description":"Mounting Solutions","potentialAction":[{"@type":"SearchAction","target":{"@type":"EntryPoint","urlTemplate":"https:\/\/hi-nd.com\/?s={search_term_string}"},"query-input":{"@type":"PropertyValueSpecification","valueRequired":true,"valueName":"search_term_string"}}],"inLanguage":"sv-SE"}]}},"_links":{"self":[{"href":"https:\/\/hi-nd.com\/sv\/wp-json\/wp\/v2\/pages\/5584","targetHints":{"allow":["GET"]}}],"collection":[{"href":"https:\/\/hi-nd.com\/sv\/wp-json\/wp\/v2\/pages"}],"about":[{"href":"https:\/\/hi-nd.com\/sv\/wp-json\/wp\/v2\/types\/page"}],"author":[{"embeddable":true,"href":"https:\/\/hi-nd.com\/sv\/wp-json\/wp\/v2\/users\/5"}],"replies":[{"embeddable":true,"href":"https:\/\/hi-nd.com\/sv\/wp-json\/wp\/v2\/comments?post=5584"}],"version-history":[{"count":12,"href":"https:\/\/hi-nd.com\/sv\/wp-json\/wp\/v2\/pages\/5584\/revisions"}],"predecessor-version":[{"id":8426,"href":"https:\/\/hi-nd.com\/sv\/wp-json\/wp\/v2\/pages\/5584\/revisions\/8426"}],"wp:attachment":[{"href":"https:\/\/hi-nd.com\/sv\/wp-json\/wp\/v2\/media?parent=5584"}],"curies":[{"name":"wp","href":"https:\/\/api.w.org\/{rel}","templated":true}]}}