{"id":5573,"date":"2023-01-26T15:11:32","date_gmt":"2023-01-26T14:11:32","guid":{"rendered":"https:\/\/hi-nd.com\/led\/"},"modified":"2025-02-25T10:03:46","modified_gmt":"2025-02-25T09:03:46","slug":"led","status":"publish","type":"page","link":"https:\/\/hi-nd.com\/sv\/led\/","title":{"rendered":"LED"},"content":{"rendered":"\n<div class=\"is-divider divider clearfix\" ><\/div>\n\n<div class=\"container section-title-container\" ><h1 class=\"section-title section-title-center\"><b aria-hidden=\"true\"><\/b><span class=\"section-title-main\" >LED<\/span><b aria-hidden=\"true\"><\/b><\/h1><\/div>\n\n<div class=\"row\"  id=\"row-496000569\">\n\n\n\t<div id=\"col-429743073\" class=\"col medium-4 small-12 large-4\"  >\n\t\t\t\t<div class=\"col-inner\"  >\n\t\t\t\n\t\t\t\n\n\t<div class=\"img has-hover x md-x lg-x y md-y lg-y\" id=\"image_2047000549\">\n\t\t<a class=\"\" href=\"https:\/\/hi-nd.com\/sv\/produkt\/bojd-led\/\" >\t\t\t\t\t\t<div class=\"img-inner dark\" >\n\t\t\t<img loading=\"lazy\" decoding=\"async\" width=\"750\" height=\"750\" src=\"https:\/\/hi-nd.com\/wp-content\/uploads\/2023\/01\/space-1.jpg\" class=\"attachment-large size-large\" alt=\"Space\" srcset=\"https:\/\/hi-nd.com\/wp-content\/uploads\/2023\/01\/space-1.jpg 750w, https:\/\/hi-nd.com\/wp-content\/uploads\/2023\/01\/space-1-300x300.jpg 300w, https:\/\/hi-nd.com\/wp-content\/uploads\/2023\/01\/space-1-150x150.jpg 150w, https:\/\/hi-nd.com\/wp-content\/uploads\/2023\/01\/space-1-100x100.jpg 100w\" sizes=\"auto, (max-width: 750px) 100vw, 750px\" \/>\t\t\t\t\t\t\n\t\t\t\t\t<\/div>\n\t\t\t\t\t\t<\/a>\t\t\n<style>\n#image_2047000549 {\n  width: 100%;\n}\n<\/style>\n\t<\/div>\n\t\n\n\n\t\t<\/div>\n\t\t\t\t\t<\/div>\n\n\t\n\n\t<div id=\"col-1776099314\" class=\"col medium-4 small-12 large-4\"  >\n\t\t\t\t<div class=\"col-inner\"  >\n\t\t\t\n\t\t\t\n\n\t<div class=\"img has-hover x md-x lg-x y md-y lg-y\" id=\"image_367775389\">\n\t\t<a class=\"\" href=\"https:\/\/hi-nd.com\/sv\/produkt\/vaggmonterad-led\/\" >\t\t\t\t\t\t<div class=\"img-inner dark\" >\n\t\t\t<img loading=\"lazy\" decoding=\"async\" width=\"750\" height=\"750\" src=\"https:\/\/hi-nd.com\/wp-content\/uploads\/2023\/01\/space2.jpg\" class=\"attachment-large size-large\" alt=\"\" srcset=\"https:\/\/hi-nd.com\/wp-content\/uploads\/2023\/01\/space2.jpg 750w, https:\/\/hi-nd.com\/wp-content\/uploads\/2023\/01\/space2-300x300.jpg 300w, https:\/\/hi-nd.com\/wp-content\/uploads\/2023\/01\/space2-150x150.jpg 150w, https:\/\/hi-nd.com\/wp-content\/uploads\/2023\/01\/space2-100x100.jpg 100w\" sizes=\"auto, (max-width: 750px) 100vw, 750px\" \/>\t\t\t\t\t\t\n\t\t\t\t\t<\/div>\n\t\t\t\t\t\t<\/a>\t\t\n<style>\n#image_367775389 {\n  width: 100%;\n}\n<\/style>\n\t<\/div>\n\t\n\n\n\t\t<\/div>\n\t\t\t\t\t<\/div>\n\n\t\n\n\t<div id=\"col-888417367\" class=\"col medium-4 small-12 large-4\"  >\n\t\t\t\t<div class=\"col-inner\"  >\n\t\t\t\n\t\t\t\n\n\t<div class=\"img has-hover x md-x lg-x y md-y lg-y\" id=\"image_2025857994\">\n\t\t<a class=\"\" href=\"https:\/\/hi-nd.com\/sv\/produkt\/vaggmonterad-led\/\" >\t\t\t\t\t\t<div class=\"img-inner dark\" >\n\t\t\t<img loading=\"lazy\" decoding=\"async\" width=\"750\" height=\"750\" src=\"https:\/\/hi-nd.com\/wp-content\/uploads\/2022\/03\/grassfish-led-750x750-1.png\" class=\"attachment-large size-large\" alt=\"Grassfish LED\" srcset=\"https:\/\/hi-nd.com\/wp-content\/uploads\/2022\/03\/grassfish-led-750x750-1.png 750w, https:\/\/hi-nd.com\/wp-content\/uploads\/2022\/03\/grassfish-led-750x750-1-300x300.png 300w, https:\/\/hi-nd.com\/wp-content\/uploads\/2022\/03\/grassfish-led-750x750-1-150x150.png 150w, https:\/\/hi-nd.com\/wp-content\/uploads\/2022\/03\/grassfish-led-750x750-1-100x100.png 100w\" sizes=\"auto, (max-width: 750px) 100vw, 750px\" \/>\t\t\t\t\t\t\n\t\t\t\t\t<\/div>\n\t\t\t\t\t\t<\/a>\t\t\n<style>\n#image_2025857994 {\n  width: 100%;\n}\n<\/style>\n\t<\/div>\n\t\n\n\n\t\t<\/div>\n\t\t\t\t\t<\/div>\n\n\t\n\n<\/div>\n<div class=\"container section-title-container\" ><h2 class=\"section-title section-title-center\"><b aria-hidden=\"true\"><\/b><span class=\"section-title-main\" >digital skyltning - led<\/span><b aria-hidden=\"true\"><\/b><\/h2><\/div>\n\n<div class=\"row\"  id=\"row-300317762\">\n\n\n\t<div id=\"col-797012454\" class=\"col medium-6 small-12 large-6\"  >\n\t\t\t\t<div class=\"col-inner\"  >\n\t\t\t\n\t\t\t\n\n<h3><strong>Den v\u00e4xande LED-industrin<\/strong><\/h3>\n<p>LED-tekniken forts\u00e4tter att v\u00e4xa snabbt och ger f\u00f6retagen nya m\u00f6jligheter att f\u00f6rnya sig. Denna expanderande marknad ger en fantastisk potential f\u00f6r att skapa dynamiska digitala displayer. <\/p>\n<h3><strong>Innovativa l\u00f6sningar f\u00f6r videov\u00e4ggar<\/strong><\/h3>\n<p>P\u00e5 HI-ND tillhandah\u00e5ller vi banbrytande l\u00f6sningar f\u00f6r att bygga s\u00f6ml\u00f6sa videov\u00e4ggar. V\u00e5rt f\u00f6rkonfigurerade v\u00e4ggf\u00e4ste \u00e4r speciellt utformat f\u00f6r Samsung LED-sk\u00e4rmar. Detta g\u00f6r det enklare \u00e4n n\u00e5gonsin att s\u00e4tta upp imponerande videov\u00e4ggar som f\u00e4ngslar publiken.  <\/p>\n<h3><strong>Anpassningsbar och flexibel design<\/strong><\/h3>\n<p>Vi erbjuder en komplett l\u00f6sning som omfattar b\u00e5de v\u00e4ggf\u00e4sten och ramar. Ramarna \u00e4r helt anpassningsbara och kan v\u00e4ljas i valfri f\u00e4rg f\u00f6r att matcha ditt varum\u00e4rke eller din inredning. Detta s\u00e4kerst\u00e4ller att din videov\u00e4gg passar s\u00f6ml\u00f6st in i din milj\u00f6.  <\/p>\n<h3><strong>Kompatibilitet med Samsung-sk\u00e4rmar<\/strong><\/h3>\n<p>V\u00e5ra v\u00e4ggf\u00e4sten \u00e4r kompatibla med Samsungs IEA- och IFR-serier, vilket g\u00f6r dem idealiska f\u00f6r en m\u00e4ngd olika sk\u00e4rmupps\u00e4ttningar.<\/p>\n\n\t\t<\/div>\n\t\t\t\t\t<\/div>\n\n\t\n\n\t<div id=\"col-905527973\" class=\"col medium-6 small-12 large-6\"  >\n\t\t\t\t<div class=\"col-inner\"  >\n\t\t\t\n\t\t\t\n\n<p>Denna kompatibilitet s\u00e4kerst\u00e4ller en smidig installation och en s\u00e4ker passform f\u00f6r dina LED-sk\u00e4rmar.<\/p>\n<h3><strong>Professionella LED-installationer<\/strong><\/h3>\n<p>F\u00f6rutom att tillhandah\u00e5lla f\u00e4sten och ramar erbjuder vi ocks\u00e5 professionella LED-installationstj\u00e4nster. V\u00e5rt erfarna team ser till att din videov\u00e4gg \u00e4r perfekt installerad och ger dig en problemfri l\u00f6sning. <\/p>\n<p>Oavsett om du vill installera en enkel videov\u00e4gg eller en b\u00f6jd sk\u00e4rm, har HI-ND produkterna och expertisen f\u00f6r att hj\u00e4lpa till. Utforska v\u00e5ra l\u00f6sningar och uppt\u00e4ck hur vi kan h\u00f6ja din digitala skyltning. <\/p>\n<h3><strong>Installationer<\/strong><\/h3>\n<p>Vi erbjuder \u00e4ven installationer av LED fr\u00e5n v\u00e5rt systerbolag HI-ND Project. Kontakta oss p\u00e5 info@hi-nd.com f\u00f6r mer information eller <a href=\"https:\/\/hi-nd-project.com\/\">l\u00e4s mer h\u00e4r.<\/a> <\/p>\n\n\t\t<\/div>\n\t\t\t\t\t<\/div>\n\n\t\n\n<\/div>\n\n","protected":false},"excerpt":{"rendered":"","protected":false},"author":5,"featured_media":0,"parent":0,"menu_order":0,"comment_status":"closed","ping_status":"closed","template":"","meta":{"footnotes":""},"class_list":["post-5573","page","type-page","status-publish","hentry"],"yoast_head":"<!-- This site is optimized with the Yoast SEO plugin v27.3 - https:\/\/yoast.com\/product\/yoast-seo-wordpress\/ -->\n<title>LED - HI-ND<\/title>\n<meta name=\"description\" content=\"Vi erbjuder nu en komplett l\u00f6sning f\u00f6r Samsung LED-sk\u00e4rmar, inklusive v\u00e4ggf\u00e4sten och ramar, och m\u00f6jligheten att skapa videov\u00e4ggar\" \/>\n<meta name=\"robots\" content=\"index, follow, max-snippet:-1, max-image-preview:large, max-video-preview:-1\" \/>\n<link rel=\"canonical\" href=\"https:\/\/hi-nd.com\/sv\/led\/\" \/>\n<meta property=\"og:locale\" content=\"sv_SE\" \/>\n<meta property=\"og:type\" content=\"article\" \/>\n<meta property=\"og:title\" content=\"LED - HI-ND\" \/>\n<meta property=\"og:description\" content=\"Vi erbjuder nu en komplett l\u00f6sning f\u00f6r Samsung LED-sk\u00e4rmar, inklusive v\u00e4ggf\u00e4sten och ramar, och m\u00f6jligheten att skapa videov\u00e4ggar\" \/>\n<meta property=\"og:url\" content=\"https:\/\/hi-nd.com\/sv\/led\/\" \/>\n<meta property=\"og:site_name\" content=\"HI-ND\" \/>\n<meta property=\"article:modified_time\" content=\"2025-02-25T09:03:46+00:00\" \/>\n<meta name=\"twitter:card\" content=\"summary_large_image\" \/>\n<meta name=\"twitter:label1\" content=\"Ber\u00e4knad l\u00e4stid\" \/>\n\t<meta name=\"twitter:data1\" content=\"2 minuter\" \/>\n<script type=\"application\/ld+json\" class=\"yoast-schema-graph\">{\"@context\":\"https:\\\/\\\/schema.org\",\"@graph\":[{\"@type\":\"WebPage\",\"@id\":\"https:\\\/\\\/hi-nd.com\\\/sv\\\/led\\\/\",\"url\":\"https:\\\/\\\/hi-nd.com\\\/sv\\\/led\\\/\",\"name\":\"LED - HI-ND\",\"isPartOf\":{\"@id\":\"https:\\\/\\\/hi-nd.com\\\/#website\"},\"datePublished\":\"2023-01-26T14:11:32+00:00\",\"dateModified\":\"2025-02-25T09:03:46+00:00\",\"description\":\"Vi erbjuder nu en komplett l\u00f6sning f\u00f6r Samsung LED-sk\u00e4rmar, inklusive v\u00e4ggf\u00e4sten och ramar, och m\u00f6jligheten att skapa videov\u00e4ggar\",\"breadcrumb\":{\"@id\":\"https:\\\/\\\/hi-nd.com\\\/sv\\\/led\\\/#breadcrumb\"},\"inLanguage\":\"sv-SE\",\"potentialAction\":[{\"@type\":\"ReadAction\",\"target\":[\"https:\\\/\\\/hi-nd.com\\\/sv\\\/led\\\/\"]}]},{\"@type\":\"BreadcrumbList\",\"@id\":\"https:\\\/\\\/hi-nd.com\\\/sv\\\/led\\\/#breadcrumb\",\"itemListElement\":[{\"@type\":\"ListItem\",\"position\":1,\"name\":\"Home\",\"item\":\"https:\\\/\\\/hi-nd.com\\\/sv\\\/\"},{\"@type\":\"ListItem\",\"position\":2,\"name\":\"LED\"}]},{\"@type\":\"WebSite\",\"@id\":\"https:\\\/\\\/hi-nd.com\\\/#website\",\"url\":\"https:\\\/\\\/hi-nd.com\\\/\",\"name\":\"HI-ND\",\"description\":\"Mounting Solutions\",\"potentialAction\":[{\"@type\":\"SearchAction\",\"target\":{\"@type\":\"EntryPoint\",\"urlTemplate\":\"https:\\\/\\\/hi-nd.com\\\/?s={search_term_string}\"},\"query-input\":{\"@type\":\"PropertyValueSpecification\",\"valueRequired\":true,\"valueName\":\"search_term_string\"}}],\"inLanguage\":\"sv-SE\"}]}<\/script>\n<!-- \/ Yoast SEO plugin. -->","yoast_head_json":{"title":"LED - HI-ND","description":"Vi erbjuder nu en komplett l\u00f6sning f\u00f6r Samsung LED-sk\u00e4rmar, inklusive v\u00e4ggf\u00e4sten och ramar, och m\u00f6jligheten att skapa videov\u00e4ggar","robots":{"index":"index","follow":"follow","max-snippet":"max-snippet:-1","max-image-preview":"max-image-preview:large","max-video-preview":"max-video-preview:-1"},"canonical":"https:\/\/hi-nd.com\/sv\/led\/","og_locale":"sv_SE","og_type":"article","og_title":"LED - HI-ND","og_description":"Vi erbjuder nu en komplett l\u00f6sning f\u00f6r Samsung LED-sk\u00e4rmar, inklusive v\u00e4ggf\u00e4sten och ramar, och m\u00f6jligheten att skapa videov\u00e4ggar","og_url":"https:\/\/hi-nd.com\/sv\/led\/","og_site_name":"HI-ND","article_modified_time":"2025-02-25T09:03:46+00:00","twitter_card":"summary_large_image","twitter_misc":{"Ber\u00e4knad l\u00e4stid":"2 minuter"},"schema":{"@context":"https:\/\/schema.org","@graph":[{"@type":"WebPage","@id":"https:\/\/hi-nd.com\/sv\/led\/","url":"https:\/\/hi-nd.com\/sv\/led\/","name":"LED - HI-ND","isPartOf":{"@id":"https:\/\/hi-nd.com\/#website"},"datePublished":"2023-01-26T14:11:32+00:00","dateModified":"2025-02-25T09:03:46+00:00","description":"Vi erbjuder nu en komplett l\u00f6sning f\u00f6r Samsung LED-sk\u00e4rmar, inklusive v\u00e4ggf\u00e4sten och ramar, och m\u00f6jligheten att skapa videov\u00e4ggar","breadcrumb":{"@id":"https:\/\/hi-nd.com\/sv\/led\/#breadcrumb"},"inLanguage":"sv-SE","potentialAction":[{"@type":"ReadAction","target":["https:\/\/hi-nd.com\/sv\/led\/"]}]},{"@type":"BreadcrumbList","@id":"https:\/\/hi-nd.com\/sv\/led\/#breadcrumb","itemListElement":[{"@type":"ListItem","position":1,"name":"Home","item":"https:\/\/hi-nd.com\/sv\/"},{"@type":"ListItem","position":2,"name":"LED"}]},{"@type":"WebSite","@id":"https:\/\/hi-nd.com\/#website","url":"https:\/\/hi-nd.com\/","name":"HI-ND","description":"Mounting Solutions","potentialAction":[{"@type":"SearchAction","target":{"@type":"EntryPoint","urlTemplate":"https:\/\/hi-nd.com\/?s={search_term_string}"},"query-input":{"@type":"PropertyValueSpecification","valueRequired":true,"valueName":"search_term_string"}}],"inLanguage":"sv-SE"}]}},"_links":{"self":[{"href":"https:\/\/hi-nd.com\/sv\/wp-json\/wp\/v2\/pages\/5573","targetHints":{"allow":["GET"]}}],"collection":[{"href":"https:\/\/hi-nd.com\/sv\/wp-json\/wp\/v2\/pages"}],"about":[{"href":"https:\/\/hi-nd.com\/sv\/wp-json\/wp\/v2\/types\/page"}],"author":[{"embeddable":true,"href":"https:\/\/hi-nd.com\/sv\/wp-json\/wp\/v2\/users\/5"}],"replies":[{"embeddable":true,"href":"https:\/\/hi-nd.com\/sv\/wp-json\/wp\/v2\/comments?post=5573"}],"version-history":[{"count":12,"href":"https:\/\/hi-nd.com\/sv\/wp-json\/wp\/v2\/pages\/5573\/revisions"}],"predecessor-version":[{"id":8438,"href":"https:\/\/hi-nd.com\/sv\/wp-json\/wp\/v2\/pages\/5573\/revisions\/8438"}],"wp:attachment":[{"href":"https:\/\/hi-nd.com\/sv\/wp-json\/wp\/v2\/media?parent=5573"}],"curies":[{"name":"wp","href":"https:\/\/api.w.org\/{rel}","templated":true}]}}