{"id":5570,"date":"2023-11-16T13:24:13","date_gmt":"2023-11-16T12:24:13","guid":{"rendered":"https:\/\/hi-nd.com\/showroom\/"},"modified":"2025-02-25T14:20:20","modified_gmt":"2025-02-25T13:20:20","slug":"showroom","status":"publish","type":"page","link":"https:\/\/hi-nd.com\/sv\/showroom\/","title":{"rendered":"Showroom"},"content":{"rendered":"\n\n\t<section class=\"section\" id=\"section_1400804119\">\n\t\t<div class=\"section-bg fill\" >\n\t\t\t\t\t\t\t\t\t<div class=\"section-bg-overlay absolute fill\"><\/div>\n\t\t\t\n\n\t\t<\/div>\n\n\t\t\n\n\t\t<div class=\"section-content relative\">\n\t\t\t\n\n\t<div id=\"gap-40691337\" class=\"gap-element clearfix\" style=\"display:block; height:auto;\">\n\t\t\n<style>\n#gap-40691337 {\n  padding-top: 30px;\n}\n<\/style>\n\t<\/div>\n\t\n\n<div class=\"container section-title-container\" ><h3 class=\"section-title section-title-center\"><b aria-hidden=\"true\"><\/b><span class=\"section-title-main\" >Showroom<\/span><b aria-hidden=\"true\"><\/b><\/h3><\/div>\n\n<div class=\"row row-collapse row-full-width align-middle\"  id=\"row-1896879992\">\n\n\n\t<div id=\"col-807213701\" class=\"col medium-6 small-12 large-6\"  >\n\t\t\t\t<div class=\"col-inner text-center\"  >\n\t\t\t\n\t\t\t\n\n\t<div id=\"text-4195854211\" class=\"text\">\n\t\t\n\n<p> <\/p>\n<h2>Bes\u00f6k v\u00e5rt showroom<\/h2>\n<p>Kontakta oss g\u00e4rna p\u00e5 +46 866 777 00 f\u00f6r att boka ett bes\u00f6k i v\u00e5rt showroom i Tullinge d\u00e4r vi visar m\u00e5nga av v\u00e5ra produkter. H\u00e4r \u00e4r n\u00e5gra exempel p\u00e5 vad du kan hitta:<\/p>\n<ul>\n<li style=\"text-align: left;\">V\u00e4ggf\u00e4sten f\u00f6r LED-moduler<\/li>\n<li style=\"text-align: left;\">Standard Totem<\/li>\n<li style=\"text-align: left;\">Exklusiv Totem<\/li>\n<li style=\"text-align: left;\">Takh\u00f6lje<\/li>\n<li style=\"text-align: left;\">V\u00e4ggh\u00f6lje<\/li>\n<li style=\"text-align: left;\">V\u00e4ggh\u00f6lje f\u00f6r utomhusbruk <\/li>\n<li style=\"text-align: left;\">Golvst\u00e4llning Touch<\/li>\n<li style=\"text-align: left;\">Golvst\u00e4ll med glas och h\u00f6lje<\/li>\n<\/ul>\n<p><span style=\"color: #333333;\"> <\/span><\/p>\n\t\t\n<style>\n#text-4195854211 {\n  font-size: 0.85rem;\n  line-height: 1.4;\n}\n<\/style>\n\t<\/div>\n\t\n\n\t\t<\/div>\n\t\t\t\t\n<style>\n#col-807213701 > .col-inner {\n  padding: 10% 10% 10% 10%;\n  max-width: 520px;\n}\n<\/style>\n\t<\/div>\n\n\t\n\n\t<div id=\"col-787500709\" class=\"col medium-6 small-12 large-6\"  >\n\t\t\t\t<div class=\"col-inner\"  >\n\t\t\t\n\t\t\t\n\n\t<div class=\"img has-hover x md-x lg-x y md-y lg-y\" id=\"image_219802322\">\n\t\t\t\t\t\t\t\t<div class=\"img-inner dark\" >\n\t\t\t<img loading=\"lazy\" decoding=\"async\" width=\"768\" height=\"606\" src=\"https:\/\/hi-nd.com\/wp-content\/uploads\/2023\/11\/showroom-768x606.png\" class=\"attachment-medium_large size-medium_large\" alt=\"showroom\" srcset=\"https:\/\/hi-nd.com\/wp-content\/uploads\/2023\/11\/showroom-768x606.png 768w, https:\/\/hi-nd.com\/wp-content\/uploads\/2023\/11\/showroom-300x237.png 300w, https:\/\/hi-nd.com\/wp-content\/uploads\/2023\/11\/showroom-1024x807.png 1024w, https:\/\/hi-nd.com\/wp-content\/uploads\/2023\/11\/showroom-1536x1211.png 1536w, https:\/\/hi-nd.com\/wp-content\/uploads\/2023\/11\/showroom-2048x1615.png 2048w, https:\/\/hi-nd.com\/wp-content\/uploads\/2023\/11\/showroom-750x591.png 750w\" sizes=\"auto, (max-width: 768px) 100vw, 768px\" \/>\t\t\t\t\t\t\n\t\t\t\t\t<\/div>\n\t\t\t\t\t\t\t\t\n<style>\n#image_219802322 {\n  width: 69%;\n}\n<\/style>\n\t<\/div>\n\t\n\n\n\t\t<\/div>\n\t\t\t\t\t<\/div>\n\n\t\n\n<\/div>\n\n\t\t<\/div>\n\n\t\t\n<style>\n#section_1400804119 {\n  padding-top: 0px;\n  padding-bottom: 0px;\n  background-color: rgb(247, 247, 247);\n}\n#section_1400804119 .section-bg-overlay {\n  background-color: rgba(255, 255, 255, 0.85);\n}\n<\/style>\n\t<\/section>\n\t\n\n","protected":false},"excerpt":{"rendered":"","protected":false},"author":5,"featured_media":0,"parent":0,"menu_order":0,"comment_status":"closed","ping_status":"closed","template":"","meta":{"footnotes":""},"class_list":["post-5570","page","type-page","status-publish","hentry"],"yoast_head":"<!-- This site is optimized with the Yoast SEO plugin v27.4 - https:\/\/yoast.com\/product\/yoast-seo-wordpress\/ -->\n<title>Showroom - HI-ND<\/title>\n<meta name=\"description\" content=\"Bes\u00f6k v\u00e5rt showroom i Tullinge f\u00f6r att se v\u00e5ra Digital Signage-produkter live. Kontakta oss f\u00f6r att f\u00e5 en fullst\u00e4ndig lista \u00f6ver de produkter som visas.\" \/>\n<meta name=\"robots\" content=\"index, follow, max-snippet:-1, max-image-preview:large, max-video-preview:-1\" \/>\n<link rel=\"canonical\" href=\"https:\/\/hi-nd.com\/sv\/showroom\/\" \/>\n<meta property=\"og:locale\" content=\"sv_SE\" \/>\n<meta property=\"og:type\" content=\"article\" \/>\n<meta property=\"og:title\" content=\"Showroom - HI-ND\" \/>\n<meta property=\"og:description\" content=\"Bes\u00f6k v\u00e5rt showroom i Tullinge f\u00f6r att se v\u00e5ra Digital Signage-produkter live. Kontakta oss f\u00f6r att f\u00e5 en fullst\u00e4ndig lista \u00f6ver de produkter som visas.\" \/>\n<meta property=\"og:url\" content=\"https:\/\/hi-nd.com\/sv\/showroom\/\" \/>\n<meta property=\"og:site_name\" content=\"HI-ND\" \/>\n<meta property=\"article:modified_time\" content=\"2025-02-25T13:20:20+00:00\" \/>\n<meta name=\"twitter:card\" content=\"summary_large_image\" \/>\n<meta name=\"twitter:label1\" content=\"Ber\u00e4knad l\u00e4stid\" \/>\n\t<meta name=\"twitter:data1\" content=\"1 minut\" \/>\n<script type=\"application\/ld+json\" class=\"yoast-schema-graph\">{\"@context\":\"https:\\\/\\\/schema.org\",\"@graph\":[{\"@type\":\"WebPage\",\"@id\":\"https:\\\/\\\/hi-nd.com\\\/sv\\\/showroom\\\/\",\"url\":\"https:\\\/\\\/hi-nd.com\\\/sv\\\/showroom\\\/\",\"name\":\"Showroom - HI-ND\",\"isPartOf\":{\"@id\":\"https:\\\/\\\/hi-nd.com\\\/#website\"},\"datePublished\":\"2023-11-16T12:24:13+00:00\",\"dateModified\":\"2025-02-25T13:20:20+00:00\",\"description\":\"Bes\u00f6k v\u00e5rt showroom i Tullinge f\u00f6r att se v\u00e5ra Digital Signage-produkter live. Kontakta oss f\u00f6r att f\u00e5 en fullst\u00e4ndig lista \u00f6ver de produkter som visas.\",\"breadcrumb\":{\"@id\":\"https:\\\/\\\/hi-nd.com\\\/sv\\\/showroom\\\/#breadcrumb\"},\"inLanguage\":\"sv-SE\",\"potentialAction\":[{\"@type\":\"ReadAction\",\"target\":[\"https:\\\/\\\/hi-nd.com\\\/sv\\\/showroom\\\/\"]}]},{\"@type\":\"BreadcrumbList\",\"@id\":\"https:\\\/\\\/hi-nd.com\\\/sv\\\/showroom\\\/#breadcrumb\",\"itemListElement\":[{\"@type\":\"ListItem\",\"position\":1,\"name\":\"Home\",\"item\":\"https:\\\/\\\/hi-nd.com\\\/sv\\\/\"},{\"@type\":\"ListItem\",\"position\":2,\"name\":\"Showroom\"}]},{\"@type\":\"WebSite\",\"@id\":\"https:\\\/\\\/hi-nd.com\\\/#website\",\"url\":\"https:\\\/\\\/hi-nd.com\\\/\",\"name\":\"HI-ND\",\"description\":\"Mounting Solutions\",\"potentialAction\":[{\"@type\":\"SearchAction\",\"target\":{\"@type\":\"EntryPoint\",\"urlTemplate\":\"https:\\\/\\\/hi-nd.com\\\/?s={search_term_string}\"},\"query-input\":{\"@type\":\"PropertyValueSpecification\",\"valueRequired\":true,\"valueName\":\"search_term_string\"}}],\"inLanguage\":\"sv-SE\"}]}<\/script>\n<!-- \/ Yoast SEO plugin. -->","yoast_head_json":{"title":"Showroom - HI-ND","description":"Bes\u00f6k v\u00e5rt showroom i Tullinge f\u00f6r att se v\u00e5ra Digital Signage-produkter live. Kontakta oss f\u00f6r att f\u00e5 en fullst\u00e4ndig lista \u00f6ver de produkter som visas.","robots":{"index":"index","follow":"follow","max-snippet":"max-snippet:-1","max-image-preview":"max-image-preview:large","max-video-preview":"max-video-preview:-1"},"canonical":"https:\/\/hi-nd.com\/sv\/showroom\/","og_locale":"sv_SE","og_type":"article","og_title":"Showroom - HI-ND","og_description":"Bes\u00f6k v\u00e5rt showroom i Tullinge f\u00f6r att se v\u00e5ra Digital Signage-produkter live. Kontakta oss f\u00f6r att f\u00e5 en fullst\u00e4ndig lista \u00f6ver de produkter som visas.","og_url":"https:\/\/hi-nd.com\/sv\/showroom\/","og_site_name":"HI-ND","article_modified_time":"2025-02-25T13:20:20+00:00","twitter_card":"summary_large_image","twitter_misc":{"Ber\u00e4knad l\u00e4stid":"1 minut"},"schema":{"@context":"https:\/\/schema.org","@graph":[{"@type":"WebPage","@id":"https:\/\/hi-nd.com\/sv\/showroom\/","url":"https:\/\/hi-nd.com\/sv\/showroom\/","name":"Showroom - HI-ND","isPartOf":{"@id":"https:\/\/hi-nd.com\/#website"},"datePublished":"2023-11-16T12:24:13+00:00","dateModified":"2025-02-25T13:20:20+00:00","description":"Bes\u00f6k v\u00e5rt showroom i Tullinge f\u00f6r att se v\u00e5ra Digital Signage-produkter live. Kontakta oss f\u00f6r att f\u00e5 en fullst\u00e4ndig lista \u00f6ver de produkter som visas.","breadcrumb":{"@id":"https:\/\/hi-nd.com\/sv\/showroom\/#breadcrumb"},"inLanguage":"sv-SE","potentialAction":[{"@type":"ReadAction","target":["https:\/\/hi-nd.com\/sv\/showroom\/"]}]},{"@type":"BreadcrumbList","@id":"https:\/\/hi-nd.com\/sv\/showroom\/#breadcrumb","itemListElement":[{"@type":"ListItem","position":1,"name":"Home","item":"https:\/\/hi-nd.com\/sv\/"},{"@type":"ListItem","position":2,"name":"Showroom"}]},{"@type":"WebSite","@id":"https:\/\/hi-nd.com\/#website","url":"https:\/\/hi-nd.com\/","name":"HI-ND","description":"Mounting Solutions","potentialAction":[{"@type":"SearchAction","target":{"@type":"EntryPoint","urlTemplate":"https:\/\/hi-nd.com\/?s={search_term_string}"},"query-input":{"@type":"PropertyValueSpecification","valueRequired":true,"valueName":"search_term_string"}}],"inLanguage":"sv-SE"}]}},"_links":{"self":[{"href":"https:\/\/hi-nd.com\/sv\/wp-json\/wp\/v2\/pages\/5570","targetHints":{"allow":["GET"]}}],"collection":[{"href":"https:\/\/hi-nd.com\/sv\/wp-json\/wp\/v2\/pages"}],"about":[{"href":"https:\/\/hi-nd.com\/sv\/wp-json\/wp\/v2\/types\/page"}],"author":[{"embeddable":true,"href":"https:\/\/hi-nd.com\/sv\/wp-json\/wp\/v2\/users\/5"}],"replies":[{"embeddable":true,"href":"https:\/\/hi-nd.com\/sv\/wp-json\/wp\/v2\/comments?post=5570"}],"version-history":[{"count":3,"href":"https:\/\/hi-nd.com\/sv\/wp-json\/wp\/v2\/pages\/5570\/revisions"}],"predecessor-version":[{"id":8465,"href":"https:\/\/hi-nd.com\/sv\/wp-json\/wp\/v2\/pages\/5570\/revisions\/8465"}],"wp:attachment":[{"href":"https:\/\/hi-nd.com\/sv\/wp-json\/wp\/v2\/media?parent=5570"}],"curies":[{"name":"wp","href":"https:\/\/api.w.org\/{rel}","templated":true}]}}