{"id":5568,"date":"2023-10-11T15:26:16","date_gmt":"2023-10-11T13:26:16","guid":{"rendered":"https:\/\/hi-nd.com\/konsumenter-och-kunder\/"},"modified":"2025-01-15T15:25:55","modified_gmt":"2025-01-15T14:25:55","slug":"konsumenter-och-kunder","status":"publish","type":"page","link":"https:\/\/hi-nd.com\/sv\/konsumenter-och-kunder\/","title":{"rendered":"Konsumenter och kunder"},"content":{"rendered":"\n\t<div id=\"gap-704663917\" class=\"gap-element clearfix\" style=\"display:block; height:auto;\">\n\t\t\n<style>\n#gap-704663917 {\n  padding-top: 30px;\n}\n<\/style>\n\t<\/div>\n\t\n\n<div class=\"container section-title-container\" ><h1 class=\"section-title section-title-center\"><b aria-hidden=\"true\"><\/b><span class=\"section-title-main\" >Consumers &amp; Customers<\/span><b aria-hidden=\"true\"><\/b><\/h1><\/div>\n\n\t<div id=\"text-4062744769\" class=\"text\">\n\t\t\n\n<p><strong>How can we make sustainability matter to our consumers and customers? And what do we do to assure good quality products?<\/strong><\/p>\n\t\t\n<style>\n#text-4062744769 {\n  text-align: center;\n}\n<\/style>\n\t<\/div>\n\t\n\t<div id=\"gap-1743382288\" class=\"gap-element clearfix\" style=\"display:block; height:auto;\">\n\t\t\n<style>\n#gap-1743382288 {\n  padding-top: 30px;\n}\n<\/style>\n\t<\/div>\n\t\n\n<div class=\"container section-title-container\" ><h2 class=\"section-title section-title-center\"><b aria-hidden=\"true\"><\/b><span class=\"section-title-main\" >Assure safe products and services<\/span><b aria-hidden=\"true\"><\/b><\/h2><\/div>\n\n<div class=\"row\"  id=\"row-928910445\">\n\n\n\t<div id=\"col-771863240\" class=\"col medium-9 small-12 large-9\"  >\n\t\t\t\t<div class=\"col-inner\"  >\n\t\t\t\n\t\t\t\n\n<p>In order to assure high quality products and to make it possible for our customers to keep their warranty towards screen producers, it is of great importance for us to adapt to the screens and their attributes. When designing a new product we always send our construction drafts to Samsung quality department in South Korea. After the review we receive an approval when all demands on the products are achieved. As a result we can offer our customers and consumers secure purchases of our products.\u00a0\u00a0<\/p>\n\n\t\t<\/div>\n\t\t\t\t\t<\/div>\n\n\t\n\n\t<div id=\"col-726761084\" class=\"col medium-3 small-12 large-3\"  >\n\t\t\t\t<div class=\"col-inner\"  >\n\t\t\t\n\t\t\t\n\n\t<div class=\"img has-hover x md-x lg-x y md-y lg-y\" id=\"image_1354684538\">\n\t\t\t\t\t\t\t\t<div class=\"img-inner dark\" >\n\t\t\t<img loading=\"lazy\" decoding=\"async\" width=\"768\" height=\"768\" src=\"https:\/\/hi-nd.com\/wp-content\/uploads\/2023\/08\/HiND_ApprovedBySamsung_65mm.jpg\" class=\"attachment-large size-large\" alt=\"\" srcset=\"https:\/\/hi-nd.com\/wp-content\/uploads\/2023\/08\/HiND_ApprovedBySamsung_65mm.jpg 768w, https:\/\/hi-nd.com\/wp-content\/uploads\/2023\/08\/HiND_ApprovedBySamsung_65mm-300x300.jpg 300w, https:\/\/hi-nd.com\/wp-content\/uploads\/2023\/08\/HiND_ApprovedBySamsung_65mm-150x150.jpg 150w, https:\/\/hi-nd.com\/wp-content\/uploads\/2023\/08\/HiND_ApprovedBySamsung_65mm-750x750.jpg 750w, https:\/\/hi-nd.com\/wp-content\/uploads\/2023\/08\/HiND_ApprovedBySamsung_65mm-100x100.jpg 100w\" sizes=\"auto, (max-width: 768px) 100vw, 768px\" \/>\t\t\t\t\t\t\n\t\t\t\t\t<\/div>\n\t\t\t\t\t\t\t\t\n<style>\n#image_1354684538 {\n  width: 81%;\n}\n<\/style>\n\t<\/div>\n\t\n\n\n\t\t<\/div>\n\t\t\t\t\t<\/div>\n\n\t\n\n<\/div>\n<div class=\"container section-title-container\" ><h2 class=\"section-title section-title-center\"><b aria-hidden=\"true\"><\/b><span class=\"section-title-main\" >Educate and motivate consumers and customers<\/span><b aria-hidden=\"true\"><\/b><\/h2><\/div>\n\n<div class=\"row\"  id=\"row-1168224699\">\n\n\n\t<div id=\"col-1544688576\" class=\"col medium-4 small-12 large-4\"  >\n\t\t\t\t<div class=\"col-inner\"  >\n\t\t\t\n\t\t\t\n\n\t<div class=\"img has-hover x md-x lg-x y md-y lg-y\" id=\"image_79164101\">\n\t\t\t\t\t\t\t\t<div class=\"img-inner dark\" >\n\t\t\t<img loading=\"lazy\" decoding=\"async\" width=\"916\" height=\"594\" src=\"https:\/\/hi-nd.com\/wp-content\/uploads\/2023\/10\/motivate-and-educate.png\" class=\"attachment-large size-large\" alt=\"\" srcset=\"https:\/\/hi-nd.com\/wp-content\/uploads\/2023\/10\/motivate-and-educate.png 916w, https:\/\/hi-nd.com\/wp-content\/uploads\/2023\/10\/motivate-and-educate-300x195.png 300w, https:\/\/hi-nd.com\/wp-content\/uploads\/2023\/10\/motivate-and-educate-768x498.png 768w, https:\/\/hi-nd.com\/wp-content\/uploads\/2023\/10\/motivate-and-educate-750x486.png 750w\" sizes=\"auto, (max-width: 916px) 100vw, 916px\" \/>\t\t\t\t\t\t\n\t\t\t\t\t<\/div>\n\t\t\t\t\t\t\t\t\n<style>\n#image_79164101 {\n  width: 100%;\n}\n<\/style>\n\t<\/div>\n\t\n\n\n\t\t<\/div>\n\t\t\t\t\t<\/div>\n\n\t\n\n\t<div id=\"col-2111425504\" class=\"col medium-8 small-12 large-8\"  >\n\t\t\t\t<div class=\"col-inner\"  >\n\t\t\t\n\t\t\t\n\n<p>Sustainability is an important issue for us. We want to motivate and educate our customers and inform them about our processes to further develop our sustainability work. Our hope is that this will help them make a well-reasoned and sustainable choice.<\/p>\n\n\t\t<\/div>\n\t\t\t\t\t<\/div>\n\n\t\n\n<\/div>\n\t<div id=\"text-1010793685\" class=\"text\">\n\t\t\n\n<p>Read more about our other focus areas here: <a href=\"https:\/\/hi-nd.com\/environment-climate\/\">Environment &amp; Climate<\/a> and <a href=\"https:\/\/hi-nd.com\/business-ethics\/\">Business Ethics<\/a>.<\/p>\n\t\t\n<style>\n#text-1010793685 {\n  text-align: center;\n}\n<\/style>\n\t<\/div>\n\t\n\n","protected":false},"excerpt":{"rendered":"","protected":false},"author":5,"featured_media":0,"parent":0,"menu_order":0,"comment_status":"closed","ping_status":"closed","template":"","meta":{"footnotes":""},"class_list":["post-5568","page","type-page","status-publish","hentry"],"yoast_head":"<!-- This site is optimized with the Yoast SEO plugin v27.4 - https:\/\/yoast.com\/product\/yoast-seo-wordpress\/ -->\n<title>Konsumenter och kunder - HI-ND<\/title>\n<meta name=\"description\" content=\"Konsumenter och kunder; hur kan vi f\u00e5 h\u00e5llbarhet att bli viktigt f\u00f6r dem? Och vad g\u00f6r vi f\u00f6r att s\u00e4kerst\u00e4lla produkter av god kvalitet?\" \/>\n<meta name=\"robots\" content=\"index, follow, max-snippet:-1, max-image-preview:large, max-video-preview:-1\" \/>\n<link rel=\"canonical\" href=\"https:\/\/hi-nd.com\/sv\/konsumenter-och-kunder\/\" \/>\n<meta property=\"og:locale\" content=\"sv_SE\" \/>\n<meta property=\"og:type\" content=\"article\" \/>\n<meta property=\"og:title\" content=\"Konsumenter och kunder - HI-ND\" \/>\n<meta property=\"og:description\" content=\"Konsumenter och kunder; hur kan vi f\u00e5 h\u00e5llbarhet att bli viktigt f\u00f6r dem? Och vad g\u00f6r vi f\u00f6r att s\u00e4kerst\u00e4lla produkter av god kvalitet?\" \/>\n<meta property=\"og:url\" content=\"https:\/\/hi-nd.com\/sv\/konsumenter-och-kunder\/\" \/>\n<meta property=\"og:site_name\" content=\"HI-ND\" \/>\n<meta property=\"article:modified_time\" content=\"2025-01-15T14:25:55+00:00\" \/>\n<meta name=\"twitter:card\" content=\"summary_large_image\" \/>\n<meta name=\"twitter:label1\" content=\"Ber\u00e4knad l\u00e4stid\" \/>\n\t<meta name=\"twitter:data1\" content=\"1 minut\" \/>\n<script type=\"application\/ld+json\" class=\"yoast-schema-graph\">{\"@context\":\"https:\\\/\\\/schema.org\",\"@graph\":[{\"@type\":\"WebPage\",\"@id\":\"https:\\\/\\\/hi-nd.com\\\/sv\\\/konsumenter-och-kunder\\\/\",\"url\":\"https:\\\/\\\/hi-nd.com\\\/sv\\\/konsumenter-och-kunder\\\/\",\"name\":\"Konsumenter och kunder - HI-ND\",\"isPartOf\":{\"@id\":\"https:\\\/\\\/hi-nd.com\\\/#website\"},\"datePublished\":\"2023-10-11T13:26:16+00:00\",\"dateModified\":\"2025-01-15T14:25:55+00:00\",\"description\":\"Konsumenter och kunder; hur kan vi f\u00e5 h\u00e5llbarhet att bli viktigt f\u00f6r dem? Och vad g\u00f6r vi f\u00f6r att s\u00e4kerst\u00e4lla produkter av god kvalitet?\",\"breadcrumb\":{\"@id\":\"https:\\\/\\\/hi-nd.com\\\/sv\\\/konsumenter-och-kunder\\\/#breadcrumb\"},\"inLanguage\":\"sv-SE\",\"potentialAction\":[{\"@type\":\"ReadAction\",\"target\":[\"https:\\\/\\\/hi-nd.com\\\/sv\\\/konsumenter-och-kunder\\\/\"]}]},{\"@type\":\"BreadcrumbList\",\"@id\":\"https:\\\/\\\/hi-nd.com\\\/sv\\\/konsumenter-och-kunder\\\/#breadcrumb\",\"itemListElement\":[{\"@type\":\"ListItem\",\"position\":1,\"name\":\"Home\",\"item\":\"https:\\\/\\\/hi-nd.com\\\/sv\\\/\"},{\"@type\":\"ListItem\",\"position\":2,\"name\":\"Konsumenter och kunder\"}]},{\"@type\":\"WebSite\",\"@id\":\"https:\\\/\\\/hi-nd.com\\\/#website\",\"url\":\"https:\\\/\\\/hi-nd.com\\\/\",\"name\":\"HI-ND\",\"description\":\"Mounting Solutions\",\"potentialAction\":[{\"@type\":\"SearchAction\",\"target\":{\"@type\":\"EntryPoint\",\"urlTemplate\":\"https:\\\/\\\/hi-nd.com\\\/?s={search_term_string}\"},\"query-input\":{\"@type\":\"PropertyValueSpecification\",\"valueRequired\":true,\"valueName\":\"search_term_string\"}}],\"inLanguage\":\"sv-SE\"}]}<\/script>\n<!-- \/ Yoast SEO plugin. -->","yoast_head_json":{"title":"Konsumenter och kunder - HI-ND","description":"Konsumenter och kunder; hur kan vi f\u00e5 h\u00e5llbarhet att bli viktigt f\u00f6r dem? Och vad g\u00f6r vi f\u00f6r att s\u00e4kerst\u00e4lla produkter av god kvalitet?","robots":{"index":"index","follow":"follow","max-snippet":"max-snippet:-1","max-image-preview":"max-image-preview:large","max-video-preview":"max-video-preview:-1"},"canonical":"https:\/\/hi-nd.com\/sv\/konsumenter-och-kunder\/","og_locale":"sv_SE","og_type":"article","og_title":"Konsumenter och kunder - HI-ND","og_description":"Konsumenter och kunder; hur kan vi f\u00e5 h\u00e5llbarhet att bli viktigt f\u00f6r dem? Och vad g\u00f6r vi f\u00f6r att s\u00e4kerst\u00e4lla produkter av god kvalitet?","og_url":"https:\/\/hi-nd.com\/sv\/konsumenter-och-kunder\/","og_site_name":"HI-ND","article_modified_time":"2025-01-15T14:25:55+00:00","twitter_card":"summary_large_image","twitter_misc":{"Ber\u00e4knad l\u00e4stid":"1 minut"},"schema":{"@context":"https:\/\/schema.org","@graph":[{"@type":"WebPage","@id":"https:\/\/hi-nd.com\/sv\/konsumenter-och-kunder\/","url":"https:\/\/hi-nd.com\/sv\/konsumenter-och-kunder\/","name":"Konsumenter och kunder - HI-ND","isPartOf":{"@id":"https:\/\/hi-nd.com\/#website"},"datePublished":"2023-10-11T13:26:16+00:00","dateModified":"2025-01-15T14:25:55+00:00","description":"Konsumenter och kunder; hur kan vi f\u00e5 h\u00e5llbarhet att bli viktigt f\u00f6r dem? Och vad g\u00f6r vi f\u00f6r att s\u00e4kerst\u00e4lla produkter av god kvalitet?","breadcrumb":{"@id":"https:\/\/hi-nd.com\/sv\/konsumenter-och-kunder\/#breadcrumb"},"inLanguage":"sv-SE","potentialAction":[{"@type":"ReadAction","target":["https:\/\/hi-nd.com\/sv\/konsumenter-och-kunder\/"]}]},{"@type":"BreadcrumbList","@id":"https:\/\/hi-nd.com\/sv\/konsumenter-och-kunder\/#breadcrumb","itemListElement":[{"@type":"ListItem","position":1,"name":"Home","item":"https:\/\/hi-nd.com\/sv\/"},{"@type":"ListItem","position":2,"name":"Konsumenter och kunder"}]},{"@type":"WebSite","@id":"https:\/\/hi-nd.com\/#website","url":"https:\/\/hi-nd.com\/","name":"HI-ND","description":"Mounting Solutions","potentialAction":[{"@type":"SearchAction","target":{"@type":"EntryPoint","urlTemplate":"https:\/\/hi-nd.com\/?s={search_term_string}"},"query-input":{"@type":"PropertyValueSpecification","valueRequired":true,"valueName":"search_term_string"}}],"inLanguage":"sv-SE"}]}},"_links":{"self":[{"href":"https:\/\/hi-nd.com\/sv\/wp-json\/wp\/v2\/pages\/5568","targetHints":{"allow":["GET"]}}],"collection":[{"href":"https:\/\/hi-nd.com\/sv\/wp-json\/wp\/v2\/pages"}],"about":[{"href":"https:\/\/hi-nd.com\/sv\/wp-json\/wp\/v2\/types\/page"}],"author":[{"embeddable":true,"href":"https:\/\/hi-nd.com\/sv\/wp-json\/wp\/v2\/users\/5"}],"replies":[{"embeddable":true,"href":"https:\/\/hi-nd.com\/sv\/wp-json\/wp\/v2\/comments?post=5568"}],"version-history":[{"count":15,"href":"https:\/\/hi-nd.com\/sv\/wp-json\/wp\/v2\/pages\/5568\/revisions"}],"predecessor-version":[{"id":8225,"href":"https:\/\/hi-nd.com\/sv\/wp-json\/wp\/v2\/pages\/5568\/revisions\/8225"}],"wp:attachment":[{"href":"https:\/\/hi-nd.com\/sv\/wp-json\/wp\/v2\/media?parent=5568"}],"curies":[{"name":"wp","href":"https:\/\/api.w.org\/{rel}","templated":true}]}}