{"id":5518,"date":"2023-01-26T12:12:09","date_gmt":"2023-01-26T11:12:09","guid":{"rendered":"https:\/\/hi-nd.com\/vagvisning\/"},"modified":"2025-03-26T10:39:41","modified_gmt":"2025-03-26T09:39:41","slug":"vagvisning","status":"publish","type":"page","link":"https:\/\/hi-nd.com\/sv\/vagvisning\/","title":{"rendered":"V\u00e4gvisning"},"content":{"rendered":"\n<div class=\"is-divider divider clearfix\" ><\/div>\n\n<div class=\"container section-title-container\" ><h1 class=\"section-title section-title-center\"><b aria-hidden=\"true\"><\/b><span class=\"section-title-main\" >V\u00e4gvisning<\/span><b aria-hidden=\"true\"><\/b><\/h1><\/div>\n\n\n\t<section class=\"section\" id=\"section_871096623\">\n\t\t<div class=\"section-bg fill\" >\n\t\t\t\t\t\t\t\t\t\n\t\t\t\n\n\t\t<\/div>\n\n\t\t\n\n\t\t<div class=\"section-content relative\">\n\t\t\t\n\n<div class=\"row\"  id=\"row-1666842968\">\n\n\n\t<div id=\"col-1546853177\" class=\"col medium-4 small-12 large-4\"  >\n\t\t\t\t<div class=\"col-inner\"  >\n\t\t\t\n\t\t\t\n\n\t<div class=\"img has-hover x md-x lg-x y md-y lg-y\" id=\"image_227610665\">\n\t\t\t\t\t\t\t\t<div class=\"img-inner dark\" >\n\t\t\t<img loading=\"lazy\" decoding=\"async\" width=\"750\" height=\"750\" src=\"https:\/\/hi-nd.com\/wp-content\/uploads\/2023\/01\/touch-wayfinding-dualiso-750x750-1.jpg\" class=\"attachment-large size-large\" alt=\"\" srcset=\"https:\/\/hi-nd.com\/wp-content\/uploads\/2023\/01\/touch-wayfinding-dualiso-750x750-1.jpg 750w, https:\/\/hi-nd.com\/wp-content\/uploads\/2023\/01\/touch-wayfinding-dualiso-750x750-1-300x300.jpg 300w, https:\/\/hi-nd.com\/wp-content\/uploads\/2023\/01\/touch-wayfinding-dualiso-750x750-1-150x150.jpg 150w, https:\/\/hi-nd.com\/wp-content\/uploads\/2023\/01\/touch-wayfinding-dualiso-750x750-1-100x100.jpg 100w\" sizes=\"auto, (max-width: 750px) 100vw, 750px\" \/>\t\t\t\t\t\t\n\t\t\t\t\t<\/div>\n\t\t\t\t\t\t\t\t\n<style>\n#image_227610665 {\n  width: 100%;\n}\n<\/style>\n\t<\/div>\n\t\n\n\n\t\t<\/div>\n\t\t\t\t\t<\/div>\n\n\t\n\n\t<div id=\"col-901193380\" class=\"col medium-4 small-12 large-4\"  >\n\t\t\t\t<div class=\"col-inner\"  >\n\t\t\t\n\t\t\t\n\n\t<div class=\"img has-hover x md-x lg-x y md-y lg-y\" id=\"image_252205853\">\n\t\t\t\t\t\t\t\t<div class=\"img-inner dark\" >\n\t\t\t<img loading=\"lazy\" decoding=\"async\" width=\"750\" height=\"750\" src=\"https:\/\/hi-nd.com\/wp-content\/uploads\/2023\/01\/entre-skrapan-750x750-1.jpg\" class=\"attachment-large size-large\" alt=\"\" srcset=\"https:\/\/hi-nd.com\/wp-content\/uploads\/2023\/01\/entre-skrapan-750x750-1.jpg 750w, https:\/\/hi-nd.com\/wp-content\/uploads\/2023\/01\/entre-skrapan-750x750-1-300x300.jpg 300w, https:\/\/hi-nd.com\/wp-content\/uploads\/2023\/01\/entre-skrapan-750x750-1-150x150.jpg 150w, https:\/\/hi-nd.com\/wp-content\/uploads\/2023\/01\/entre-skrapan-750x750-1-100x100.jpg 100w\" sizes=\"auto, (max-width: 750px) 100vw, 750px\" \/>\t\t\t\t\t\t\n\t\t\t\t\t<\/div>\n\t\t\t\t\t\t\t\t\n<style>\n#image_252205853 {\n  width: 100%;\n}\n<\/style>\n\t<\/div>\n\t\n\n\n\t\t<\/div>\n\t\t\t\t\t<\/div>\n\n\t\n\n\t<div id=\"col-421968275\" class=\"col medium-4 small-12 large-4\"  >\n\t\t\t\t<div class=\"col-inner\"  >\n\t\t\t\n\t\t\t\n\n\t<div class=\"img has-hover x md-x lg-x y md-y lg-y\" id=\"image_1744970867\">\n\t\t\t\t\t\t\t\t<div class=\"img-inner dark\" >\n\t\t\t<img loading=\"lazy\" decoding=\"async\" width=\"750\" height=\"750\" src=\"https:\/\/hi-nd.com\/wp-content\/uploads\/2023\/01\/sturegallerian-wayfinding-750x750-1.jpg\" class=\"attachment-large size-large\" alt=\"Wall Casing Advert\" srcset=\"https:\/\/hi-nd.com\/wp-content\/uploads\/2023\/01\/sturegallerian-wayfinding-750x750-1.jpg 750w, https:\/\/hi-nd.com\/wp-content\/uploads\/2023\/01\/sturegallerian-wayfinding-750x750-1-300x300.jpg 300w, https:\/\/hi-nd.com\/wp-content\/uploads\/2023\/01\/sturegallerian-wayfinding-750x750-1-150x150.jpg 150w, https:\/\/hi-nd.com\/wp-content\/uploads\/2023\/01\/sturegallerian-wayfinding-750x750-1-100x100.jpg 100w\" sizes=\"auto, (max-width: 750px) 100vw, 750px\" \/>\t\t\t\t\t\t\n\t\t\t\t\t<\/div>\n\t\t\t\t\t\t\t\t\n<style>\n#image_1744970867 {\n  width: 100%;\n}\n<\/style>\n\t<\/div>\n\t\n\n\n\t\t<\/div>\n\t\t\t\t\t<\/div>\n\n\t\n\n<\/div>\n<div class=\"row\"  id=\"row-576081991\">\n\n\n\t<div id=\"col-1726340620\" class=\"col medium-4 small-12 large-4\"  >\n\t\t\t\t<div class=\"col-inner\"  >\n\t\t\t\n\t\t\t\n\n\t<div class=\"img has-hover x md-x lg-x y md-y lg-y\" id=\"image_146774234\">\n\t\t\t\t\t\t\t\t<div class=\"img-inner dark\" >\n\t\t\t<img loading=\"lazy\" decoding=\"async\" width=\"750\" height=\"750\" src=\"https:\/\/hi-nd.com\/wp-content\/uploads\/2023\/01\/wayfinding-ahlens-750x750-1.jpg\" class=\"attachment-large size-large\" alt=\"\" srcset=\"https:\/\/hi-nd.com\/wp-content\/uploads\/2023\/01\/wayfinding-ahlens-750x750-1.jpg 750w, https:\/\/hi-nd.com\/wp-content\/uploads\/2023\/01\/wayfinding-ahlens-750x750-1-300x300.jpg 300w, https:\/\/hi-nd.com\/wp-content\/uploads\/2023\/01\/wayfinding-ahlens-750x750-1-150x150.jpg 150w, https:\/\/hi-nd.com\/wp-content\/uploads\/2023\/01\/wayfinding-ahlens-750x750-1-100x100.jpg 100w\" sizes=\"auto, (max-width: 750px) 100vw, 750px\" \/>\t\t\t\t\t\t\n\t\t\t\t\t<\/div>\n\t\t\t\t\t\t\t\t\n<style>\n#image_146774234 {\n  width: 100%;\n}\n<\/style>\n\t<\/div>\n\t\n\n\n\t\t<\/div>\n\t\t\t\t\t<\/div>\n\n\t\n\n\t<div id=\"col-1964302702\" class=\"col medium-4 small-12 large-4\"  >\n\t\t\t\t<div class=\"col-inner\"  >\n\t\t\t\n\t\t\t\n\n\t<div class=\"img has-hover x md-x lg-x y md-y lg-y\" id=\"image_226571673\">\n\t\t\t\t\t\t\t\t<div class=\"img-inner dark\" >\n\t\t\t<img loading=\"lazy\" decoding=\"async\" width=\"750\" height=\"750\" src=\"https:\/\/hi-nd.com\/wp-content\/uploads\/2023\/01\/entre-taby-centrum-750x750-1.jpg\" class=\"attachment-large size-large\" alt=\"\" srcset=\"https:\/\/hi-nd.com\/wp-content\/uploads\/2023\/01\/entre-taby-centrum-750x750-1.jpg 750w, https:\/\/hi-nd.com\/wp-content\/uploads\/2023\/01\/entre-taby-centrum-750x750-1-300x300.jpg 300w, https:\/\/hi-nd.com\/wp-content\/uploads\/2023\/01\/entre-taby-centrum-750x750-1-150x150.jpg 150w, https:\/\/hi-nd.com\/wp-content\/uploads\/2023\/01\/entre-taby-centrum-750x750-1-100x100.jpg 100w\" sizes=\"auto, (max-width: 750px) 100vw, 750px\" \/>\t\t\t\t\t\t\n\t\t\t\t\t<\/div>\n\t\t\t\t\t\t\t\t\n<style>\n#image_226571673 {\n  width: 100%;\n}\n<\/style>\n\t<\/div>\n\t\n\n\n\t\t<\/div>\n\t\t\t\t\t<\/div>\n\n\t\n\n\t<div id=\"col-264912238\" class=\"col medium-4 small-12 large-4\"  >\n\t\t\t\t<div class=\"col-inner\"  >\n\t\t\t\n\t\t\t\n\n\t<div class=\"img has-hover x md-x lg-x y md-y lg-y\" id=\"image_1154321165\">\n\t\t\t\t\t\t\t\t<div class=\"img-inner dark\" >\n\t\t\t<img loading=\"lazy\" decoding=\"async\" width=\"750\" height=\"750\" src=\"https:\/\/hi-nd.com\/wp-content\/uploads\/2023\/12\/wayfinding-750x750-1.jpg\" class=\"attachment-large size-large\" alt=\"wayfinding\" srcset=\"https:\/\/hi-nd.com\/wp-content\/uploads\/2023\/12\/wayfinding-750x750-1.jpg 750w, https:\/\/hi-nd.com\/wp-content\/uploads\/2023\/12\/wayfinding-750x750-1-300x300.jpg 300w, https:\/\/hi-nd.com\/wp-content\/uploads\/2023\/12\/wayfinding-750x750-1-150x150.jpg 150w, https:\/\/hi-nd.com\/wp-content\/uploads\/2023\/12\/wayfinding-750x750-1-100x100.jpg 100w\" sizes=\"auto, (max-width: 750px) 100vw, 750px\" \/>\t\t\t\t\t\t\n\t\t\t\t\t<\/div>\n\t\t\t\t\t\t\t\t\n<style>\n#image_1154321165 {\n  width: 100%;\n}\n<\/style>\n\t<\/div>\n\t\n\n\n\t\t<\/div>\n\t\t\t\t\t<\/div>\n\n\t\n\n<\/div>\n\n\t\t<\/div>\n\n\t\t\n<style>\n#section_871096623 {\n  padding-top: 30px;\n  padding-bottom: 30px;\n}\n<\/style>\n\t<\/section>\n\t\n<h2 style=\"text-align: center;\">Anv\u00e4nda digital skyltning som v\u00e4gvisnings-alternativ <\/h2>\n<div class=\"row\"  id=\"row-745481913\">\n\n\n\t<div id=\"col-1221649754\" class=\"col medium-6 small-12 large-6\"  >\n\t\t\t\t<div class=\"col-inner\"  >\n\t\t\t\n\t\t\t\n\n<h3><strong>Anv\u00e4nda digital skyltning i trapphus och entr\u00e9er<\/strong><\/h3>\n<p>Digitala skyltar blir alltmer popul\u00e4ra i offentliga utrymmen, till exempel i trapphus och entr\u00e9er. Dessa omr\u00e5den \u00e4r vanligtvis h\u00f6gtrafikerade och tydlig kommunikation \u00e4r d\u00e4rf\u00f6r av st\u00f6rsta vikt. Genom att implementera digital skyltning kan du f\u00f6rb\u00e4ttra upplevelsen f\u00f6r bes\u00f6karna och hj\u00e4lpa dem att navigera enkelt.  <\/p>\n<h3><strong>Effektiva l\u00f6sningar f\u00f6r v\u00e4gvisning<\/strong><\/h3>\n<p>V\u00e4gvisningsl\u00f6sningar-l\u00f6sningar \u00e4r avg\u00f6rande f\u00f6r att v\u00e4gleda m\u00e4nniskor genom stora och komplexa utrymmen som k\u00f6pcentrum eller museer. Digital skyltning kan ge information i realtid, v\u00e4gbeskrivningar och till och med meddelanden. I trapphus och entr\u00e9er fungerar den som ett centralt nav f\u00f6r att bes\u00f6karna snabbt ska f\u00f6rst\u00e5 sin omgivning. Oavsett om det handlar om att visa planritningar, markera viktiga omr\u00e5den eller tillhandah\u00e5lla n\u00f6dinformation bidrar dessa sk\u00e4rmar till att minska f\u00f6rvirringen och f\u00f6rb\u00e4ttra fl\u00f6det.   <\/p>\n<h3><strong>M\u00e5ngsidighet hos produkter f\u00f6r digital skyltning<\/strong><\/h3>\n<p>P\u00e5 HI-ND erbjuder vi en m\u00e4ngd olika produkter som \u00e4r utformade f\u00f6r att tillgodose behoven i dessa milj\u00f6er. V\u00e5ra l\u00f6sningar f\u00f6r digital skyltning \u00e4r byggda f\u00f6r att h\u00e5lla och fungera i livliga offentliga milj\u00f6er. Vi har ett brett urval av h\u00f6ljen, totems och golvstativ, alla utformade f\u00f6r att  <\/p>\n\n\t\t<\/div>\n\t\t\t\t\t<\/div>\n\n\t\n\n\t<div id=\"col-1529711186\" class=\"col medium-6 small-12 large-6\"  >\n\t\t\t\t<div class=\"col-inner\"  >\n\t\t\t\n\t\t\t\n\n<p>h\u00e5lla och st\u00f6dja peksk\u00e4rmar. Dessa produkter \u00e4r mycket m\u00e5ngsidiga och kan anpassas f\u00f6r att passa olika milj\u00f6er. Oavsett om du letar efter v\u00e4ggmonterade sk\u00e4rmar eller frist\u00e5ende enheter har vi den perfekta l\u00f6sningen.  <\/p>\n<h3><strong>Peksk\u00e4rmarnas roll i offentliga milj\u00f6er<\/strong><\/h3>\n<p>Peksk\u00e4rmsteknik tillf\u00f6r ytterligare ett lager av interaktivitet till digital skyltning. I entr\u00e9er eller trapphus g\u00f6r peksk\u00e4rmar det m\u00f6jligt f\u00f6r bes\u00f6kare att enkelt komma \u00e5t detaljerad information. De kan s\u00f6ka efter v\u00e4gbeskrivningar, hitta specifika butiker eller utst\u00e4llningar eller till och med interagera med kampanjer. Genom att integrera pekfunktionalitet g\u00f6r du skyltningen mer engagerande och tillg\u00e4nglig f\u00f6r en bredare publik.   <\/p>\n<h3><strong>H\u00e5llbarhet och prestanda i h\u00f6gtrafikerade omr\u00e5den<\/strong><\/h3>\n<p>V\u00e5ra HI-ND-produkter \u00e4r s\u00e4rskilt utformade f\u00f6r att klara utmaningarna i h\u00f6gtrafikerade omr\u00e5den. Trapphus och entr\u00e9er kan uts\u00e4ttas f\u00f6r mycket slitage. Med robusta h\u00f6ljen och h\u00e5llbara sk\u00e4rmar f\u00f6rblir v\u00e5ra produkter tillf\u00f6rlitliga, \u00e4ven i dessa kr\u00e4vande milj\u00f6er. Oavsett om det handlar om extrema temperaturer eller konstant anv\u00e4ndning ger dessa l\u00f6sningar konsekvent prestanda utan att kompromissa med kvaliteten.   <\/p>\n\n\t\t<\/div>\n\t\t\t\t\t<\/div>\n\n\t\n\n<\/div>\n\n","protected":false},"excerpt":{"rendered":"","protected":false},"author":5,"featured_media":0,"parent":0,"menu_order":0,"comment_status":"closed","ping_status":"closed","template":"","meta":{"footnotes":""},"class_list":["post-5518","page","type-page","status-publish","hentry"],"yoast_head":"<!-- This site is optimized with the Yoast SEO plugin v27.3 - https:\/\/yoast.com\/product\/yoast-seo-wordpress\/ -->\n<title>V\u00e4gvisning - HI-ND<\/title>\n<meta name=\"description\" content=\"Visa kartor och information f\u00f6r bes\u00f6kare. HI-ND kan f\u00f6rse dig med m\u00e5nga olika typer av v\u00e4gvisningsskyltar.\" \/>\n<meta name=\"robots\" content=\"index, follow, max-snippet:-1, max-image-preview:large, max-video-preview:-1\" \/>\n<link rel=\"canonical\" href=\"https:\/\/hi-nd.com\/sv\/vagvisning\/\" \/>\n<meta property=\"og:locale\" content=\"sv_SE\" \/>\n<meta property=\"og:type\" content=\"article\" \/>\n<meta property=\"og:title\" content=\"V\u00e4gvisning - HI-ND\" \/>\n<meta property=\"og:description\" content=\"Visa kartor och information f\u00f6r bes\u00f6kare. HI-ND kan f\u00f6rse dig med m\u00e5nga olika typer av v\u00e4gvisningsskyltar.\" \/>\n<meta property=\"og:url\" content=\"https:\/\/hi-nd.com\/sv\/vagvisning\/\" \/>\n<meta property=\"og:site_name\" content=\"HI-ND\" \/>\n<meta property=\"article:modified_time\" content=\"2025-03-26T09:39:41+00:00\" \/>\n<meta name=\"twitter:card\" content=\"summary_large_image\" \/>\n<meta name=\"twitter:label1\" content=\"Ber\u00e4knad l\u00e4stid\" \/>\n\t<meta name=\"twitter:data1\" content=\"3 minuter\" \/>\n<script type=\"application\/ld+json\" class=\"yoast-schema-graph\">{\"@context\":\"https:\\\/\\\/schema.org\",\"@graph\":[{\"@type\":\"WebPage\",\"@id\":\"https:\\\/\\\/hi-nd.com\\\/sv\\\/vagvisning\\\/\",\"url\":\"https:\\\/\\\/hi-nd.com\\\/sv\\\/vagvisning\\\/\",\"name\":\"V\u00e4gvisning - HI-ND\",\"isPartOf\":{\"@id\":\"https:\\\/\\\/hi-nd.com\\\/#website\"},\"datePublished\":\"2023-01-26T11:12:09+00:00\",\"dateModified\":\"2025-03-26T09:39:41+00:00\",\"description\":\"Visa kartor och information f\u00f6r bes\u00f6kare. HI-ND kan f\u00f6rse dig med m\u00e5nga olika typer av v\u00e4gvisningsskyltar.\",\"breadcrumb\":{\"@id\":\"https:\\\/\\\/hi-nd.com\\\/sv\\\/vagvisning\\\/#breadcrumb\"},\"inLanguage\":\"sv-SE\",\"potentialAction\":[{\"@type\":\"ReadAction\",\"target\":[\"https:\\\/\\\/hi-nd.com\\\/sv\\\/vagvisning\\\/\"]}]},{\"@type\":\"BreadcrumbList\",\"@id\":\"https:\\\/\\\/hi-nd.com\\\/sv\\\/vagvisning\\\/#breadcrumb\",\"itemListElement\":[{\"@type\":\"ListItem\",\"position\":1,\"name\":\"Home\",\"item\":\"https:\\\/\\\/hi-nd.com\\\/sv\\\/\"},{\"@type\":\"ListItem\",\"position\":2,\"name\":\"V\u00e4gvisning\"}]},{\"@type\":\"WebSite\",\"@id\":\"https:\\\/\\\/hi-nd.com\\\/#website\",\"url\":\"https:\\\/\\\/hi-nd.com\\\/\",\"name\":\"HI-ND\",\"description\":\"Mounting Solutions\",\"potentialAction\":[{\"@type\":\"SearchAction\",\"target\":{\"@type\":\"EntryPoint\",\"urlTemplate\":\"https:\\\/\\\/hi-nd.com\\\/?s={search_term_string}\"},\"query-input\":{\"@type\":\"PropertyValueSpecification\",\"valueRequired\":true,\"valueName\":\"search_term_string\"}}],\"inLanguage\":\"sv-SE\"}]}<\/script>\n<!-- \/ Yoast SEO plugin. -->","yoast_head_json":{"title":"V\u00e4gvisning - HI-ND","description":"Visa kartor och information f\u00f6r bes\u00f6kare. HI-ND kan f\u00f6rse dig med m\u00e5nga olika typer av v\u00e4gvisningsskyltar.","robots":{"index":"index","follow":"follow","max-snippet":"max-snippet:-1","max-image-preview":"max-image-preview:large","max-video-preview":"max-video-preview:-1"},"canonical":"https:\/\/hi-nd.com\/sv\/vagvisning\/","og_locale":"sv_SE","og_type":"article","og_title":"V\u00e4gvisning - HI-ND","og_description":"Visa kartor och information f\u00f6r bes\u00f6kare. HI-ND kan f\u00f6rse dig med m\u00e5nga olika typer av v\u00e4gvisningsskyltar.","og_url":"https:\/\/hi-nd.com\/sv\/vagvisning\/","og_site_name":"HI-ND","article_modified_time":"2025-03-26T09:39:41+00:00","twitter_card":"summary_large_image","twitter_misc":{"Ber\u00e4knad l\u00e4stid":"3 minuter"},"schema":{"@context":"https:\/\/schema.org","@graph":[{"@type":"WebPage","@id":"https:\/\/hi-nd.com\/sv\/vagvisning\/","url":"https:\/\/hi-nd.com\/sv\/vagvisning\/","name":"V\u00e4gvisning - HI-ND","isPartOf":{"@id":"https:\/\/hi-nd.com\/#website"},"datePublished":"2023-01-26T11:12:09+00:00","dateModified":"2025-03-26T09:39:41+00:00","description":"Visa kartor och information f\u00f6r bes\u00f6kare. HI-ND kan f\u00f6rse dig med m\u00e5nga olika typer av v\u00e4gvisningsskyltar.","breadcrumb":{"@id":"https:\/\/hi-nd.com\/sv\/vagvisning\/#breadcrumb"},"inLanguage":"sv-SE","potentialAction":[{"@type":"ReadAction","target":["https:\/\/hi-nd.com\/sv\/vagvisning\/"]}]},{"@type":"BreadcrumbList","@id":"https:\/\/hi-nd.com\/sv\/vagvisning\/#breadcrumb","itemListElement":[{"@type":"ListItem","position":1,"name":"Home","item":"https:\/\/hi-nd.com\/sv\/"},{"@type":"ListItem","position":2,"name":"V\u00e4gvisning"}]},{"@type":"WebSite","@id":"https:\/\/hi-nd.com\/#website","url":"https:\/\/hi-nd.com\/","name":"HI-ND","description":"Mounting Solutions","potentialAction":[{"@type":"SearchAction","target":{"@type":"EntryPoint","urlTemplate":"https:\/\/hi-nd.com\/?s={search_term_string}"},"query-input":{"@type":"PropertyValueSpecification","valueRequired":true,"valueName":"search_term_string"}}],"inLanguage":"sv-SE"}]}},"_links":{"self":[{"href":"https:\/\/hi-nd.com\/sv\/wp-json\/wp\/v2\/pages\/5518","targetHints":{"allow":["GET"]}}],"collection":[{"href":"https:\/\/hi-nd.com\/sv\/wp-json\/wp\/v2\/pages"}],"about":[{"href":"https:\/\/hi-nd.com\/sv\/wp-json\/wp\/v2\/types\/page"}],"author":[{"embeddable":true,"href":"https:\/\/hi-nd.com\/sv\/wp-json\/wp\/v2\/users\/5"}],"replies":[{"embeddable":true,"href":"https:\/\/hi-nd.com\/sv\/wp-json\/wp\/v2\/comments?post=5518"}],"version-history":[{"count":10,"href":"https:\/\/hi-nd.com\/sv\/wp-json\/wp\/v2\/pages\/5518\/revisions"}],"predecessor-version":[{"id":8638,"href":"https:\/\/hi-nd.com\/sv\/wp-json\/wp\/v2\/pages\/5518\/revisions\/8638"}],"wp:attachment":[{"href":"https:\/\/hi-nd.com\/sv\/wp-json\/wp\/v2\/media?parent=5518"}],"curies":[{"name":"wp","href":"https:\/\/api.w.org\/{rel}","templated":true}]}}