{"id":5506,"date":"2021-10-25T10:21:45","date_gmt":"2021-10-25T08:21:45","guid":{"rendered":"https:\/\/hi-nd.com\/om-hi-nd\/"},"modified":"2025-03-21T09:57:11","modified_gmt":"2025-03-21T08:57:11","slug":"om-hi-nd","status":"publish","type":"page","link":"https:\/\/hi-nd.com\/sv\/om-hi-nd\/","title":{"rendered":"Om HI-ND"},"content":{"rendered":"\n\t<div id=\"gap-139497078\" class=\"gap-element clearfix\" style=\"display:block; height:auto;\">\n\t\t\n<style>\n#gap-139497078 {\n  padding-top: 30px;\n}\n<\/style>\n\t<\/div>\n\t\n\n<div class=\"container section-title-container\" ><h1 class=\"section-title section-title-center\"><b aria-hidden=\"true\"><\/b><span class=\"section-title-main\" >About HI-ND<\/span><b aria-hidden=\"true\"><\/b><\/h1><\/div>\n\n<div class=\"row\"  id=\"row-875523836\">\n\n\n\t<div id=\"col-1213371556\" class=\"col medium-6 small-12 large-6\"  >\n\t\t\t\t<div class=\"col-inner\"  >\n\t\t\t\n\t\t\t\n\n<h2><strong>A creative team serving the digital signage market<\/strong><\/h2>\n<p>We are a Swedish supplier of enclosures and totems within digital signage. Our products are used in retail and public spaces.<\/p>\n<p>By combining design and quality we want to deliver a perfect experience for our customers. We send all our design drafts for Samsung products to\u00a0 Samsung Korea for approval before producing them. This is a good guarantee for us as well as our customers.<\/p>\n<p>We are a private owned company with over 10 years of experience in technology and innovation.<\/p>\n<p><strong>Our Range of Services include:<\/strong><\/p>\n<ul>\n<li>Industrial Design<\/li>\n<li>CAD Design<\/li>\n<li>Production &amp; Assembly<\/li>\n<\/ul>\n<p>All our products are sold via distributors.\u00a0<\/p>\n\t<div id=\"gap-1458058719\" class=\"gap-element clearfix\" style=\"display:block; height:auto;\">\n\t\t\n<style>\n#gap-1458058719 {\n  padding-top: 30px;\n}\n<\/style>\n\t<\/div>\n\t\n\n<a href=\"https:\/\/hi-nd.com\/how-to-buy\/\" class=\"button primary\" style=\"border-radius:99px;\">\n\t\t<span>Find your local distributor<\/span>\n\t<\/a>\n\n\n\n\t\t<\/div>\n\t\t\t\t\t<\/div>\n\n\t\n\n\t<div id=\"col-1809831924\" class=\"col medium-6 small-12 large-6\"  >\n\t\t\t\t<div class=\"col-inner\"  >\n\t\t\t\n\t\t\t\n\n\t<div class=\"img has-hover x md-x lg-x y md-y lg-y\" id=\"image_1475683721\">\n\t\t\t\t\t\t\t\t<div class=\"img-inner dark\" >\n\t\t\t<img loading=\"lazy\" decoding=\"async\" width=\"600\" height=\"900\" src=\"https:\/\/hi-nd.com\/wp-content\/uploads\/2021\/10\/Image-2_About-HI-ND.png\" class=\"attachment-original size-original\" alt=\"\" srcset=\"https:\/\/hi-nd.com\/wp-content\/uploads\/2021\/10\/Image-2_About-HI-ND.png 600w, https:\/\/hi-nd.com\/wp-content\/uploads\/2021\/10\/Image-2_About-HI-ND-200x300.png 200w\" sizes=\"auto, (max-width: 600px) 100vw, 600px\" \/>\t\t\t\t\t\t\n\t\t\t\t\t<\/div>\n\t\t\t\t\t\t\t\t\n<style>\n#image_1475683721 {\n  width: 100%;\n}\n<\/style>\n\t<\/div>\n\t\n\n\n\t\t<\/div>\n\t\t\t\t\t<\/div>\n\n\t\n\n<\/div>\n\t<div id=\"gap-504127124\" class=\"gap-element clearfix\" style=\"display:block; height:auto;\">\n\t\t\n<style>\n#gap-504127124 {\n  padding-top: 30px;\n}\n<\/style>\n\t<\/div>\n\t\n\n<div class=\"row\"  id=\"row-1137634299\">\n\n\n\t<div id=\"col-888509863\" class=\"col medium-4 small-12 large-4\"  >\n\t\t\t\t<div class=\"col-inner\"  >\n\t\t\t\n\t\t\t\n\n\t<div id=\"text-2446741439\" class=\"text\">\n\t\t\n\n<p class=\"lead\">Industrial Design<\/p>\n\t\t\n<style>\n#text-2446741439 {\n  text-align: center;\n}\n<\/style>\n\t<\/div>\n\t\n\t<div class=\"img has-hover x md-x lg-x y md-y lg-y\" id=\"image_1136188114\">\n\t\t\t\t\t\t\t\t<div class=\"img-inner dark\" >\n\t\t\t<img loading=\"lazy\" decoding=\"async\" width=\"700\" height=\"466\" src=\"https:\/\/hi-nd.com\/wp-content\/uploads\/2021\/10\/Image_Industrial-Design-HI-ND.png\" class=\"attachment-large size-large\" alt=\"\" srcset=\"https:\/\/hi-nd.com\/wp-content\/uploads\/2021\/10\/Image_Industrial-Design-HI-ND.png 700w, https:\/\/hi-nd.com\/wp-content\/uploads\/2021\/10\/Image_Industrial-Design-HI-ND-600x399.png 600w, https:\/\/hi-nd.com\/wp-content\/uploads\/2021\/10\/Image_Industrial-Design-HI-ND-300x200.png 300w\" sizes=\"auto, (max-width: 700px) 100vw, 700px\" \/>\t\t\t\t\t\t\n\t\t\t\t\t<\/div>\n\t\t\t\t\t\t\t\t\n<style>\n#image_1136188114 {\n  width: 100%;\n}\n<\/style>\n\t<\/div>\n\t\n\n\n\t\t<\/div>\n\t\t\t\t\t<\/div>\n\n\t\n\n\t<div id=\"col-1762263769\" class=\"col medium-4 small-12 large-4\"  >\n\t\t\t\t<div class=\"col-inner\"  >\n\t\t\t\n\t\t\t\n\n\t<div id=\"text-2104394812\" class=\"text\">\n\t\t\n\n<p class=\"lead\">CAD Design<\/p>\n\t\t\n<style>\n#text-2104394812 {\n  text-align: center;\n}\n<\/style>\n\t<\/div>\n\t\n\t<div class=\"img has-hover x md-x lg-x y md-y lg-y\" id=\"image_1274319008\">\n\t\t\t\t\t\t\t\t<div class=\"img-inner dark\" >\n\t\t\t<img loading=\"lazy\" decoding=\"async\" width=\"700\" height=\"466\" src=\"https:\/\/hi-nd.com\/wp-content\/uploads\/2023\/10\/cad-design-ny.png\" class=\"attachment-large size-large\" alt=\"cad design\" srcset=\"https:\/\/hi-nd.com\/wp-content\/uploads\/2023\/10\/cad-design-ny.png 700w, https:\/\/hi-nd.com\/wp-content\/uploads\/2023\/10\/cad-design-ny-300x200.png 300w\" sizes=\"auto, (max-width: 700px) 100vw, 700px\" \/>\t\t\t\t\t\t\n\t\t\t\t\t<\/div>\n\t\t\t\t\t\t\t\t\n<style>\n#image_1274319008 {\n  width: 100%;\n}\n<\/style>\n\t<\/div>\n\t\n\n\n\t\t<\/div>\n\t\t\t\t\t<\/div>\n\n\t\n\n\t<div id=\"col-2130896179\" class=\"col medium-4 small-12 large-4\"  >\n\t\t\t\t<div class=\"col-inner\"  >\n\t\t\t\n\t\t\t\n\n\t<div id=\"text-261625238\" class=\"text\">\n\t\t\n\n<p class=\"lead\">Production &amp; Assembly<\/p>\n\t\t\n<style>\n#text-261625238 {\n  text-align: center;\n}\n<\/style>\n\t<\/div>\n\t\n\t<div class=\"img has-hover x md-x lg-x y md-y lg-y\" id=\"image_1296058880\">\n\t\t\t\t\t\t\t\t<div class=\"img-inner dark\" >\n\t\t\t<img loading=\"lazy\" decoding=\"async\" width=\"700\" height=\"466\" src=\"https:\/\/hi-nd.com\/wp-content\/uploads\/2021\/10\/Page_About-HI-ND_custom-design.png\" class=\"attachment-large size-large\" alt=\"\" srcset=\"https:\/\/hi-nd.com\/wp-content\/uploads\/2021\/10\/Page_About-HI-ND_custom-design.png 700w, https:\/\/hi-nd.com\/wp-content\/uploads\/2021\/10\/Page_About-HI-ND_custom-design-600x399.png 600w, https:\/\/hi-nd.com\/wp-content\/uploads\/2021\/10\/Page_About-HI-ND_custom-design-300x200.png 300w\" sizes=\"auto, (max-width: 700px) 100vw, 700px\" \/>\t\t\t\t\t\t\n\t\t\t\t\t<\/div>\n\t\t\t\t\t\t\t\t\n<style>\n#image_1296058880 {\n  width: 100%;\n}\n<\/style>\n\t<\/div>\n\t\n\n\n\t\t<\/div>\n\t\t\t\t\t<\/div>\n\n\t\n\n<\/div>\n\n","protected":false},"excerpt":{"rendered":"","protected":false},"author":1,"featured_media":0,"parent":0,"menu_order":0,"comment_status":"closed","ping_status":"closed","template":"","meta":{"footnotes":""},"class_list":["post-5506","page","type-page","status-publish","hentry"],"yoast_head":"<!-- This site is optimized with the Yoast SEO plugin v27.4 - https:\/\/yoast.com\/product\/yoast-seo-wordpress\/ -->\n<title>Om HI-ND - HI-ND<\/title>\n<meta name=\"description\" content=\"HI-ND \u00e4r ett kreativt team p\u00e5 marknaden f\u00f6r digital skyltning. Vi \u00e4r en svensk leverant\u00f6r av kapslingar, f\u00e4sten och totems.\" \/>\n<meta name=\"robots\" content=\"index, follow, max-snippet:-1, max-image-preview:large, max-video-preview:-1\" \/>\n<link rel=\"canonical\" href=\"https:\/\/hi-nd.com\/sv\/om-hi-nd\/\" \/>\n<meta property=\"og:locale\" content=\"sv_SE\" \/>\n<meta property=\"og:type\" content=\"article\" \/>\n<meta property=\"og:title\" content=\"Om HI-ND - HI-ND\" \/>\n<meta property=\"og:description\" content=\"HI-ND \u00e4r ett kreativt team p\u00e5 marknaden f\u00f6r digital skyltning. Vi \u00e4r en svensk leverant\u00f6r av kapslingar, f\u00e4sten och totems.\" \/>\n<meta property=\"og:url\" content=\"https:\/\/hi-nd.com\/sv\/om-hi-nd\/\" \/>\n<meta property=\"og:site_name\" content=\"HI-ND\" \/>\n<meta property=\"article:modified_time\" content=\"2025-03-21T08:57:11+00:00\" \/>\n<meta name=\"twitter:card\" content=\"summary_large_image\" \/>\n<meta name=\"twitter:label1\" content=\"Ber\u00e4knad l\u00e4stid\" \/>\n\t<meta name=\"twitter:data1\" content=\"1 minut\" \/>\n<script type=\"application\/ld+json\" class=\"yoast-schema-graph\">{\"@context\":\"https:\\\/\\\/schema.org\",\"@graph\":[{\"@type\":\"WebPage\",\"@id\":\"https:\\\/\\\/hi-nd.com\\\/sv\\\/om-hi-nd\\\/\",\"url\":\"https:\\\/\\\/hi-nd.com\\\/sv\\\/om-hi-nd\\\/\",\"name\":\"Om HI-ND - HI-ND\",\"isPartOf\":{\"@id\":\"https:\\\/\\\/hi-nd.com\\\/es\\\/#website\"},\"datePublished\":\"2021-10-25T08:21:45+00:00\",\"dateModified\":\"2025-03-21T08:57:11+00:00\",\"description\":\"HI-ND \u00e4r ett kreativt team p\u00e5 marknaden f\u00f6r digital skyltning. Vi \u00e4r en svensk leverant\u00f6r av kapslingar, f\u00e4sten och totems.\",\"breadcrumb\":{\"@id\":\"https:\\\/\\\/hi-nd.com\\\/sv\\\/om-hi-nd\\\/#breadcrumb\"},\"inLanguage\":\"sv-SE\",\"potentialAction\":[{\"@type\":\"ReadAction\",\"target\":[\"https:\\\/\\\/hi-nd.com\\\/sv\\\/om-hi-nd\\\/\"]}]},{\"@type\":\"BreadcrumbList\",\"@id\":\"https:\\\/\\\/hi-nd.com\\\/sv\\\/om-hi-nd\\\/#breadcrumb\",\"itemListElement\":[{\"@type\":\"ListItem\",\"position\":1,\"name\":\"Home\",\"item\":\"https:\\\/\\\/hi-nd.com\\\/sv\\\/\"},{\"@type\":\"ListItem\",\"position\":2,\"name\":\"Om HI-ND\"}]},{\"@type\":\"WebSite\",\"@id\":\"https:\\\/\\\/hi-nd.com\\\/es\\\/#website\",\"url\":\"https:\\\/\\\/hi-nd.com\\\/es\\\/\",\"name\":\"HI-ND\",\"description\":\"Mounting Solutions\",\"potentialAction\":[{\"@type\":\"SearchAction\",\"target\":{\"@type\":\"EntryPoint\",\"urlTemplate\":\"https:\\\/\\\/hi-nd.com\\\/es\\\/?s={search_term_string}\"},\"query-input\":{\"@type\":\"PropertyValueSpecification\",\"valueRequired\":true,\"valueName\":\"search_term_string\"}}],\"inLanguage\":\"sv-SE\"}]}<\/script>\n<!-- \/ Yoast SEO plugin. -->","yoast_head_json":{"title":"Om HI-ND - HI-ND","description":"HI-ND \u00e4r ett kreativt team p\u00e5 marknaden f\u00f6r digital skyltning. Vi \u00e4r en svensk leverant\u00f6r av kapslingar, f\u00e4sten och totems.","robots":{"index":"index","follow":"follow","max-snippet":"max-snippet:-1","max-image-preview":"max-image-preview:large","max-video-preview":"max-video-preview:-1"},"canonical":"https:\/\/hi-nd.com\/sv\/om-hi-nd\/","og_locale":"sv_SE","og_type":"article","og_title":"Om HI-ND - HI-ND","og_description":"HI-ND \u00e4r ett kreativt team p\u00e5 marknaden f\u00f6r digital skyltning. Vi \u00e4r en svensk leverant\u00f6r av kapslingar, f\u00e4sten och totems.","og_url":"https:\/\/hi-nd.com\/sv\/om-hi-nd\/","og_site_name":"HI-ND","article_modified_time":"2025-03-21T08:57:11+00:00","twitter_card":"summary_large_image","twitter_misc":{"Ber\u00e4knad l\u00e4stid":"1 minut"},"schema":{"@context":"https:\/\/schema.org","@graph":[{"@type":"WebPage","@id":"https:\/\/hi-nd.com\/sv\/om-hi-nd\/","url":"https:\/\/hi-nd.com\/sv\/om-hi-nd\/","name":"Om HI-ND - HI-ND","isPartOf":{"@id":"https:\/\/hi-nd.com\/es\/#website"},"datePublished":"2021-10-25T08:21:45+00:00","dateModified":"2025-03-21T08:57:11+00:00","description":"HI-ND \u00e4r ett kreativt team p\u00e5 marknaden f\u00f6r digital skyltning. Vi \u00e4r en svensk leverant\u00f6r av kapslingar, f\u00e4sten och totems.","breadcrumb":{"@id":"https:\/\/hi-nd.com\/sv\/om-hi-nd\/#breadcrumb"},"inLanguage":"sv-SE","potentialAction":[{"@type":"ReadAction","target":["https:\/\/hi-nd.com\/sv\/om-hi-nd\/"]}]},{"@type":"BreadcrumbList","@id":"https:\/\/hi-nd.com\/sv\/om-hi-nd\/#breadcrumb","itemListElement":[{"@type":"ListItem","position":1,"name":"Home","item":"https:\/\/hi-nd.com\/sv\/"},{"@type":"ListItem","position":2,"name":"Om HI-ND"}]},{"@type":"WebSite","@id":"https:\/\/hi-nd.com\/es\/#website","url":"https:\/\/hi-nd.com\/es\/","name":"HI-ND","description":"Mounting Solutions","potentialAction":[{"@type":"SearchAction","target":{"@type":"EntryPoint","urlTemplate":"https:\/\/hi-nd.com\/es\/?s={search_term_string}"},"query-input":{"@type":"PropertyValueSpecification","valueRequired":true,"valueName":"search_term_string"}}],"inLanguage":"sv-SE"}]}},"_links":{"self":[{"href":"https:\/\/hi-nd.com\/sv\/wp-json\/wp\/v2\/pages\/5506","targetHints":{"allow":["GET"]}}],"collection":[{"href":"https:\/\/hi-nd.com\/sv\/wp-json\/wp\/v2\/pages"}],"about":[{"href":"https:\/\/hi-nd.com\/sv\/wp-json\/wp\/v2\/types\/page"}],"author":[{"embeddable":true,"href":"https:\/\/hi-nd.com\/sv\/wp-json\/wp\/v2\/users\/1"}],"replies":[{"embeddable":true,"href":"https:\/\/hi-nd.com\/sv\/wp-json\/wp\/v2\/comments?post=5506"}],"version-history":[{"count":8,"href":"https:\/\/hi-nd.com\/sv\/wp-json\/wp\/v2\/pages\/5506\/revisions"}],"predecessor-version":[{"id":8615,"href":"https:\/\/hi-nd.com\/sv\/wp-json\/wp\/v2\/pages\/5506\/revisions\/8615"}],"wp:attachment":[{"href":"https:\/\/hi-nd.com\/sv\/wp-json\/wp\/v2\/media?parent=5506"}],"curies":[{"name":"wp","href":"https:\/\/api.w.org\/{rel}","templated":true}]}}