{"id":5500,"date":"2021-10-25T10:23:24","date_gmt":"2021-10-25T08:23:24","guid":{"rendered":"https:\/\/hi-nd.com\/hur-man-koper\/"},"modified":"2025-02-26T10:27:05","modified_gmt":"2025-02-26T09:27:05","slug":"hur-man-koper","status":"publish","type":"page","link":"https:\/\/hi-nd.com\/sv\/hur-man-koper\/","title":{"rendered":"Hur man k\u00f6per"},"content":{"rendered":"\n\n  <div class=\"banner has-hover\" id=\"banner-1445035165\">\n          <div class=\"banner-inner fill\">\n        <div class=\"banner-bg fill\" >\n            <img loading=\"lazy\" decoding=\"async\" width=\"1152\" height=\"648\" src=\"https:\/\/hi-nd.com\/wp-content\/uploads\/2021\/10\/Image_2_-Page_How-to-buy.png\" class=\"bg attachment-original size-original\" alt=\"\" \/>                                    \n                    <\/div>\n\t\t\n        <div class=\"banner-layers container\">\n            <div class=\"fill banner-link\"><\/div>            \n\n   <div id=\"text-box-851064518\" class=\"text-box banner-layer x50 md-x50 lg-x50 y50 md-y50 lg-y50 res-text\">\n                                <div class=\"text-box-content text dark\">\n              \n              <div class=\"text-inner text-center\">\n                  \n\n\n              <\/div>\n           <\/div>\n                            \n<style>\n#text-box-851064518 {\n  width: 60%;\n}\n#text-box-851064518 .text-box-content {\n  font-size: 100%;\n}\n<\/style>\n    <\/div>\n \n\n        <\/div>\n      <\/div>\n\n            \n<style>\n#banner-1445035165 {\n  padding-top: 500px;\n}\n#banner-1445035165 .banner-bg img {\n  object-position: 50% 0%;\n}\n<\/style>\n  <\/div>\n\n\n\t<div id=\"gap-1654538769\" class=\"gap-element clearfix\" style=\"display:block; height:auto;\">\n\t\t\n<style>\n#gap-1654538769 {\n  padding-top: 30px;\n}\n<\/style>\n\t<\/div>\n\t\n\n<div class=\"container section-title-container\" ><h1 class=\"section-title section-title-center\"><b aria-hidden=\"true\"><\/b><span class=\"section-title-main\" >How to buy<\/span><b aria-hidden=\"true\"><\/b><\/h1><\/div>\n\n<div class=\"row row-divided\"  id=\"row-477614626\">\n\n\n\t<div id=\"col-233041582\" class=\"col medium-7 small-12 large-7\"  >\n\t\t\t\t<div class=\"col-inner\"  >\n\t\t\t\n\t\t\t\n\n\t<div class=\"img has-hover x md-x lg-x y md-y lg-y\" id=\"image_940040342\">\n\t\t\t\t\t\t\t\t<div class=\"img-inner dark\" >\n\t\t\t<img loading=\"lazy\" decoding=\"async\" width=\"1020\" height=\"685\" src=\"https:\/\/hi-nd.com\/wp-content\/uploads\/2024\/01\/map-inc-spain-1024x688.png\" class=\"attachment-large size-large\" alt=\"map distributors\" srcset=\"https:\/\/hi-nd.com\/wp-content\/uploads\/2024\/01\/map-inc-spain-1024x688.png 1024w, https:\/\/hi-nd.com\/wp-content\/uploads\/2024\/01\/map-inc-spain-300x202.png 300w, https:\/\/hi-nd.com\/wp-content\/uploads\/2024\/01\/map-inc-spain-768x516.png 768w, https:\/\/hi-nd.com\/wp-content\/uploads\/2024\/01\/map-inc-spain-750x504.png 750w, https:\/\/hi-nd.com\/wp-content\/uploads\/2024\/01\/map-inc-spain.png 1115w\" sizes=\"auto, (max-width: 1020px) 100vw, 1020px\" \/>\t\t\t\t\t\t\n\t\t\t\t\t<\/div>\n\t\t\t\t\t\t\t\t\n<style>\n#image_940040342 {\n  width: 100%;\n}\n<\/style>\n\t<\/div>\n\t\n\n<h4>We intend to build a bigger distribution network in Europe. Please contact us for more information.<\/h4>\n<a href=\"https:\/\/hi-nd.com\/contact\/\" class=\"button primary\" style=\"border-radius:77px;\">\n\t\t<span>Contact US<\/span>\n\t<\/a>\n\n\n\n\t\t<\/div>\n\t\t\t\t\t<\/div>\n\n\t\n\n\t<div id=\"col-1123551753\" class=\"col medium-3 small-12 large-3\"  >\n\t\t\t\t<div class=\"col-inner\"  >\n\t\t\t\n\t\t\t\n\n<h2>Find your local distributor<\/h2>\n\t<div id=\"gap-958561914\" class=\"gap-element clearfix\" style=\"display:block; height:auto;\">\n\t\t\n<style>\n#gap-958561914 {\n  padding-top: 30px;\n}\n<\/style>\n\t<\/div>\n\t\n\n<h3 class=\"accordion_title\">Distributors<\/h3><div class=\"accordion\">\n\n\t<div id=\"accordion-3282642921\" class=\"accordion-item\">\n\t\t<a id=\"accordion-3282642921-label\" class=\"accordion-title plain\" href=\"#accordion-item-sweden\" aria-expanded=\"false\" aria-controls=\"accordion-3282642921-content\">\n\t\t\t<button class=\"toggle\" aria-label=\"Toggle\"><i class=\"icon-angle-down\" aria-hidden=\"true\"><\/i><\/button>\n\t\t\t<span>Sweden<\/span>\n\t\t<\/a>\n\t\t<div id=\"accordion-3282642921-content\" class=\"accordion-inner\" aria-labelledby=\"accordion-3282642921-label\">\n\t\t\t\n\n<p><strong>ALSO Sweden AB<\/strong><br \/>Borgarfjordsgatan 14, 164 40 Kista<br \/>Tel: +46 8-633 90 00<br \/>Email: <a href=\"mailto:andreas.sigevall@tdmaverick.com\" target=\"_blank\" rel=\"noopener\">mathias.alm@also.com<\/a><br \/>Web:&nbsp;<a href=\"http:\/\/www.also.com\">www.also.com<\/a><\/p>\n<p><strong>Exertis Captech<\/strong><br \/>Ekonomiv\u00e4gen 11, 436 33 Askim<br \/>Tel: +46 31-45 04 00<br \/>Email: <a href=\"mailto:Andreas.Davidsson@exertis.se\" target=\"_blank\" rel=\"noopener\">Andreas.Davidsson@exertis.se<\/a><br \/>Web:&nbsp;<a href=\"http:\/\/www.exertis.se\/\">www.exertis.se<\/a><\/p>\n<p><strong>Ingram Micro Sweden<\/strong><br \/>G\u00e5rdsfogdev\u00e4gen 7, 168 66 Bromma<br \/>Tel: +46 70-926 30 94<br \/>Email: <a href=\"mailto:anders.hellstroem@ingrammicro.com\" target=\"_blank\" rel=\"noopener\">anders.hellstroem@ingrammicro.com<\/a><br \/>Web:&nbsp;<a href=\"https:\/\/www.ingrammicro.se\/\">www.ingrammicro.se\/<\/a><\/p>\n<p><strong>Tech Data Sweden<\/strong><br \/>Fagerstagatan 18 B, 163 53 Sp\u00e5nga<br \/>Tel: +46 8-564 730 57<br \/>Email: <a href=\"mailto:andreas.sigevall@tdmaverick.com\" target=\"_blank\" rel=\"noopener\">andreas.sigevall@tdmaverick.com<\/a><br \/>Web:&nbsp;<a href=\"http:\/\/www.tdmaverick.se\/\">www.tdmaverick.se<\/a><\/p>\n\n\t\t<\/div>\n\t<\/div>\n\t\n\t<div id=\"accordion-3374809582\" class=\"accordion-item\">\n\t\t<a id=\"accordion-3374809582-label\" class=\"accordion-title plain\" href=\"#accordion-item-norway\" aria-expanded=\"false\" aria-controls=\"accordion-3374809582-content\">\n\t\t\t<button class=\"toggle\" aria-label=\"Toggle\"><i class=\"icon-angle-down\" aria-hidden=\"true\"><\/i><\/button>\n\t\t\t<span>Norway<\/span>\n\t\t<\/a>\n\t\t<div id=\"accordion-3374809582-content\" class=\"accordion-inner\" aria-labelledby=\"accordion-3374809582-label\">\n\t\t\t\n\n<p><strong>ALSO AS<\/strong><br \/>Tassebekkveien 354, 3160 Stokke, Norge<br \/>Tel: +47 934 93 490<br \/>Email: <a href=\"mailto:Bjorn.Olsen@also.com\">Bjorn.Olsen@also.com<\/a><\/p>\n<p><strong>Exertis Captech Norge <\/strong><br \/>Nordre Fokser\u00f8d 13 B, 3241 Sandefjord<br \/>Tel: +47&nbsp;416 60&nbsp;020<br \/>Email:<a href=\"mailto:hakon.paulsen@exertis.no\">hakon.paulsen@exertis.no<\/a><\/p>\n\n\t\t<\/div>\n\t<\/div>\n\t\n\t<div id=\"accordion-4125761012\" class=\"accordion-item\">\n\t\t<a id=\"accordion-4125761012-label\" class=\"accordion-title plain\" href=\"#accordion-item-denmark\" aria-expanded=\"false\" aria-controls=\"accordion-4125761012-content\">\n\t\t\t<button class=\"toggle\" aria-label=\"Toggle\"><i class=\"icon-angle-down\" aria-hidden=\"true\"><\/i><\/button>\n\t\t\t<span>Denmark<\/span>\n\t\t<\/a>\n\t\t<div id=\"accordion-4125761012-content\" class=\"accordion-inner\" aria-labelledby=\"accordion-4125761012-label\">\n\t\t\t\n\n<p><strong>Exertis Denmark<\/strong><br \/>N\u00e6rum Hovedgade 8, 2850 N\u00e6rum, Danmark<br \/>Tfn: +45 41 413 322<br \/>Email: <a href=\"mailto:info@exertis.dk\" target=\"_blank\" rel=\"noopener\">info@exertis.dk<\/a><\/p>\n<p><strong>ALSO A\/S&nbsp;<\/strong><br \/>M\u00e5rk\u00e6rvej 2, 2630 Taastrup, Denmark<br \/>Tfn: +45 4355 9270<br \/>Email:<a href=\"mailto:danmark@also.com\">danmark@also.com<\/a><\/p>\n\n\t\t<\/div>\n\t<\/div>\n\t\n\t<div id=\"accordion-2619654103\" class=\"accordion-item\">\n\t\t<a id=\"accordion-2619654103-label\" class=\"accordion-title plain\" href=\"#accordion-item-finland\" aria-expanded=\"false\" aria-controls=\"accordion-2619654103-content\">\n\t\t\t<button class=\"toggle\" aria-label=\"Toggle\"><i class=\"icon-angle-down\" aria-hidden=\"true\"><\/i><\/button>\n\t\t\t<span>Finland<\/span>\n\t\t<\/a>\n\t\t<div id=\"accordion-2619654103-content\" class=\"accordion-inner\" aria-labelledby=\"accordion-2619654103-label\">\n\t\t\t\n\n<p><strong>ALSO Finland OY&nbsp;<\/strong><br \/>Kalevantie 2, 33100 Tampere<br \/>Tel:+358 45 3302163<br \/>Email: <a href=\"mailto:Johan.Palander@also.com\">Johan.Palander@also.com<\/a><br \/>Web: <a href=\"https:\/\/fi.techdata.com\/\" target=\"_blank\" rel=\"noopener\">www.also.fi<\/a><\/p>\n<p><strong>Exertis Finland<\/strong><br \/>Tampere office, Rantatie 27, 33250 Tampere<br \/>Tel: +358 (0)3 755 8200<br \/>Email: <a href=\"mailto:info@exertis.fi\" target=\"_blank\" rel=\"noopener\">info@exertis.fi<\/a><\/p>\n\n\t\t<\/div>\n\t<\/div>\n\t\n\t<div id=\"accordion-1661747740\" class=\"accordion-item\">\n\t\t<a id=\"accordion-1661747740-label\" class=\"accordion-title plain\" href=\"#accordion-item-benelux\" aria-expanded=\"false\" aria-controls=\"accordion-1661747740-content\">\n\t\t\t<button class=\"toggle\" aria-label=\"Toggle\"><i class=\"icon-angle-down\" aria-hidden=\"true\"><\/i><\/button>\n\t\t\t<span>Benelux<\/span>\n\t\t<\/a>\n\t\t<div id=\"accordion-1661747740-content\" class=\"accordion-inner\" aria-labelledby=\"accordion-1661747740-label\">\n\t\t\t\n\n<p><strong>AplusK<\/strong><br \/>Havenkade 2C<br \/>2984 AA Ridderkerk, Netherlands<br \/>Tel: +31 (0)88 &#8211; 7000 800<br \/>Email: <a href=\"mailto:info@aplusk.nl\">info@aplusk.nl<\/a><\/p>\n<p>Webb: <a href=\"http:\/\/www.aplusk.nl\/en\">www.aplusk.nl\/en<\/a><\/p>\n<p>&nbsp;<\/p>\n\n\t\t<\/div>\n\t<\/div>\n\t\n\t<div id=\"accordion-1304207105\" class=\"accordion-item\">\n\t\t<a id=\"accordion-1304207105-label\" class=\"accordion-title plain\" href=\"#accordion-item-germany\" aria-expanded=\"false\" aria-controls=\"accordion-1304207105-content\">\n\t\t\t<button class=\"toggle\" aria-label=\"Toggle\"><i class=\"icon-angle-down\" aria-hidden=\"true\"><\/i><\/button>\n\t\t\t<span>Germany<\/span>\n\t\t<\/a>\n\t\t<div id=\"accordion-1304207105-content\" class=\"accordion-inner\" aria-labelledby=\"accordion-1304207105-label\">\n\t\t\t\n\n<p><strong>M-Medientechnik GmbH<\/strong><\/p>\n<p>Karl-Schiller-Stra\u00dfe 3<\/p>\n<p>D-92348 Berg bei Neumarkt i.d.Opf<\/p>\n<p>Email: <a href=\"mailto:info@m-medientechnik.de\">info@m-medientechnik.de<\/a><\/p>\n<p>Webb: <a href=\"mailto:mentzel@m-medientechnik.de\">mentzel@m-medientechnik.de<\/a>\u00a0<\/p>\n<p>\u00a0<\/p>\n\n\t\t<\/div>\n\t<\/div>\n\t\n\t<div id=\"accordion-2475956227\" class=\"accordion-item\">\n\t\t<a id=\"accordion-2475956227-label\" class=\"accordion-title plain\" href=\"#accordion-item-spain\" aria-expanded=\"false\" aria-controls=\"accordion-2475956227-content\">\n\t\t\t<button class=\"toggle\" aria-label=\"Toggle\"><i class=\"icon-angle-down\" aria-hidden=\"true\"><\/i><\/button>\n\t\t\t<span>Spain<\/span>\n\t\t<\/a>\n\t\t<div id=\"accordion-2475956227-content\" class=\"accordion-inner\" aria-labelledby=\"accordion-2475956227-label\">\n\t\t\t\n\n<p>Production in Murcia<\/p>\n<p>Contact us on info(at)hi-nd.com for more info<\/p>\n\n\t\t<\/div>\n\t<\/div>\n\t\n\t<div id=\"accordion-2847594069\" class=\"accordion-item\">\n\t\t<a id=\"accordion-2847594069-label\" class=\"accordion-title plain\" href=\"#accordion-item-dubai\" aria-expanded=\"false\" aria-controls=\"accordion-2847594069-content\">\n\t\t\t<button class=\"toggle\" aria-label=\"Toggle\"><i class=\"icon-angle-down\" aria-hidden=\"true\"><\/i><\/button>\n\t\t\t<span>Dubai<\/span>\n\t\t<\/a>\n\t\t<div id=\"accordion-2847594069-content\" class=\"accordion-inner\" aria-labelledby=\"accordion-2847594069-label\">\n\t\t\t\n\n<p>HI-ND Global<\/p>\n<p>AL Mamsha Sharjah (Building RDW 2), Dubai<\/p>\n<p>+971\u00a0524\u00a0700\u00a0217<\/p>\n<p>Email: <a href=\"mailto:info@hi-nd.com\">info@hi-nd.com<\/a><\/p>\n<p>\u00a0<\/p>\n\n\t\t<\/div>\n\t<\/div>\n\t\n\n<\/div>\n\n\t\t<\/div>\n\t\t\t\t\t<\/div>\n\n\t\n\n<\/div>\n\n","protected":false},"excerpt":{"rendered":"","protected":false},"author":1,"featured_media":0,"parent":0,"menu_order":0,"comment_status":"closed","ping_status":"closed","template":"","meta":{"footnotes":""},"class_list":["post-5500","page","type-page","status-publish","hentry"],"yoast_head":"<!-- This site is optimized with the Yoast SEO plugin v27.4 - https:\/\/yoast.com\/product\/yoast-seo-wordpress\/ -->\n<title>Hur man k\u00f6per - HI-ND<\/title>\n<meta name=\"description\" content=\"Kontakta din lokala distribut\u00f6r f\u00f6r att k\u00f6pa v\u00e5ra produkter. De finns tillg\u00e4ngliga i alla nordiska l\u00e4nder.\" \/>\n<meta name=\"robots\" content=\"index, follow, max-snippet:-1, max-image-preview:large, max-video-preview:-1\" \/>\n<link rel=\"canonical\" href=\"https:\/\/hi-nd.com\/sv\/hur-man-koper\/\" \/>\n<meta property=\"og:locale\" content=\"sv_SE\" \/>\n<meta property=\"og:type\" content=\"article\" \/>\n<meta property=\"og:title\" content=\"Hur man k\u00f6per - HI-ND\" \/>\n<meta property=\"og:description\" content=\"Kontakta din lokala distribut\u00f6r f\u00f6r att k\u00f6pa v\u00e5ra produkter. De finns tillg\u00e4ngliga i alla nordiska l\u00e4nder.\" \/>\n<meta property=\"og:url\" content=\"https:\/\/hi-nd.com\/sv\/hur-man-koper\/\" \/>\n<meta property=\"og:site_name\" content=\"HI-ND\" \/>\n<meta property=\"article:modified_time\" content=\"2025-02-26T09:27:05+00:00\" \/>\n<meta name=\"twitter:card\" content=\"summary_large_image\" \/>\n<meta name=\"twitter:label1\" content=\"Ber\u00e4knad l\u00e4stid\" \/>\n\t<meta name=\"twitter:data1\" content=\"2 minuter\" \/>\n<script type=\"application\/ld+json\" class=\"yoast-schema-graph\">{\"@context\":\"https:\\\/\\\/schema.org\",\"@graph\":[{\"@type\":\"WebPage\",\"@id\":\"https:\\\/\\\/hi-nd.com\\\/sv\\\/hur-man-koper\\\/\",\"url\":\"https:\\\/\\\/hi-nd.com\\\/sv\\\/hur-man-koper\\\/\",\"name\":\"Hur man k\u00f6per - HI-ND\",\"isPartOf\":{\"@id\":\"https:\\\/\\\/hi-nd.com\\\/es\\\/#website\"},\"datePublished\":\"2021-10-25T08:23:24+00:00\",\"dateModified\":\"2025-02-26T09:27:05+00:00\",\"description\":\"Kontakta din lokala distribut\u00f6r f\u00f6r att k\u00f6pa v\u00e5ra produkter. De finns tillg\u00e4ngliga i alla nordiska l\u00e4nder.\",\"breadcrumb\":{\"@id\":\"https:\\\/\\\/hi-nd.com\\\/sv\\\/hur-man-koper\\\/#breadcrumb\"},\"inLanguage\":\"sv-SE\",\"potentialAction\":[{\"@type\":\"ReadAction\",\"target\":[\"https:\\\/\\\/hi-nd.com\\\/sv\\\/hur-man-koper\\\/\"]}]},{\"@type\":\"BreadcrumbList\",\"@id\":\"https:\\\/\\\/hi-nd.com\\\/sv\\\/hur-man-koper\\\/#breadcrumb\",\"itemListElement\":[{\"@type\":\"ListItem\",\"position\":1,\"name\":\"Home\",\"item\":\"https:\\\/\\\/hi-nd.com\\\/sv\\\/\"},{\"@type\":\"ListItem\",\"position\":2,\"name\":\"Hur man k\u00f6per\"}]},{\"@type\":\"WebSite\",\"@id\":\"https:\\\/\\\/hi-nd.com\\\/es\\\/#website\",\"url\":\"https:\\\/\\\/hi-nd.com\\\/es\\\/\",\"name\":\"HI-ND\",\"description\":\"Mounting Solutions\",\"potentialAction\":[{\"@type\":\"SearchAction\",\"target\":{\"@type\":\"EntryPoint\",\"urlTemplate\":\"https:\\\/\\\/hi-nd.com\\\/es\\\/?s={search_term_string}\"},\"query-input\":{\"@type\":\"PropertyValueSpecification\",\"valueRequired\":true,\"valueName\":\"search_term_string\"}}],\"inLanguage\":\"sv-SE\"}]}<\/script>\n<!-- \/ Yoast SEO plugin. -->","yoast_head_json":{"title":"Hur man k\u00f6per - HI-ND","description":"Kontakta din lokala distribut\u00f6r f\u00f6r att k\u00f6pa v\u00e5ra produkter. De finns tillg\u00e4ngliga i alla nordiska l\u00e4nder.","robots":{"index":"index","follow":"follow","max-snippet":"max-snippet:-1","max-image-preview":"max-image-preview:large","max-video-preview":"max-video-preview:-1"},"canonical":"https:\/\/hi-nd.com\/sv\/hur-man-koper\/","og_locale":"sv_SE","og_type":"article","og_title":"Hur man k\u00f6per - HI-ND","og_description":"Kontakta din lokala distribut\u00f6r f\u00f6r att k\u00f6pa v\u00e5ra produkter. De finns tillg\u00e4ngliga i alla nordiska l\u00e4nder.","og_url":"https:\/\/hi-nd.com\/sv\/hur-man-koper\/","og_site_name":"HI-ND","article_modified_time":"2025-02-26T09:27:05+00:00","twitter_card":"summary_large_image","twitter_misc":{"Ber\u00e4knad l\u00e4stid":"2 minuter"},"schema":{"@context":"https:\/\/schema.org","@graph":[{"@type":"WebPage","@id":"https:\/\/hi-nd.com\/sv\/hur-man-koper\/","url":"https:\/\/hi-nd.com\/sv\/hur-man-koper\/","name":"Hur man k\u00f6per - HI-ND","isPartOf":{"@id":"https:\/\/hi-nd.com\/es\/#website"},"datePublished":"2021-10-25T08:23:24+00:00","dateModified":"2025-02-26T09:27:05+00:00","description":"Kontakta din lokala distribut\u00f6r f\u00f6r att k\u00f6pa v\u00e5ra produkter. De finns tillg\u00e4ngliga i alla nordiska l\u00e4nder.","breadcrumb":{"@id":"https:\/\/hi-nd.com\/sv\/hur-man-koper\/#breadcrumb"},"inLanguage":"sv-SE","potentialAction":[{"@type":"ReadAction","target":["https:\/\/hi-nd.com\/sv\/hur-man-koper\/"]}]},{"@type":"BreadcrumbList","@id":"https:\/\/hi-nd.com\/sv\/hur-man-koper\/#breadcrumb","itemListElement":[{"@type":"ListItem","position":1,"name":"Home","item":"https:\/\/hi-nd.com\/sv\/"},{"@type":"ListItem","position":2,"name":"Hur man k\u00f6per"}]},{"@type":"WebSite","@id":"https:\/\/hi-nd.com\/es\/#website","url":"https:\/\/hi-nd.com\/es\/","name":"HI-ND","description":"Mounting Solutions","potentialAction":[{"@type":"SearchAction","target":{"@type":"EntryPoint","urlTemplate":"https:\/\/hi-nd.com\/es\/?s={search_term_string}"},"query-input":{"@type":"PropertyValueSpecification","valueRequired":true,"valueName":"search_term_string"}}],"inLanguage":"sv-SE"}]}},"_links":{"self":[{"href":"https:\/\/hi-nd.com\/sv\/wp-json\/wp\/v2\/pages\/5500","targetHints":{"allow":["GET"]}}],"collection":[{"href":"https:\/\/hi-nd.com\/sv\/wp-json\/wp\/v2\/pages"}],"about":[{"href":"https:\/\/hi-nd.com\/sv\/wp-json\/wp\/v2\/types\/page"}],"author":[{"embeddable":true,"href":"https:\/\/hi-nd.com\/sv\/wp-json\/wp\/v2\/users\/1"}],"replies":[{"embeddable":true,"href":"https:\/\/hi-nd.com\/sv\/wp-json\/wp\/v2\/comments?post=5500"}],"version-history":[{"count":22,"href":"https:\/\/hi-nd.com\/sv\/wp-json\/wp\/v2\/pages\/5500\/revisions"}],"predecessor-version":[{"id":8466,"href":"https:\/\/hi-nd.com\/sv\/wp-json\/wp\/v2\/pages\/5500\/revisions\/8466"}],"wp:attachment":[{"href":"https:\/\/hi-nd.com\/sv\/wp-json\/wp\/v2\/media?parent=5500"}],"curies":[{"name":"wp","href":"https:\/\/api.w.org\/{rel}","templated":true}]}}