{"id":9642,"date":"2024-11-11T14:35:05","date_gmt":"2024-11-11T13:35:05","guid":{"rendered":"https:\/\/hi-nd.com\/product\/soporte-de-techo-para-solucion-de-cables\/"},"modified":"2024-11-11T14:35:05","modified_gmt":"2024-11-11T13:35:05","slug":"soporte-de-techo-para-solucion-de-cables","status":"publish","type":"product","link":"https:\/\/hi-nd.com\/es\/producto\/soporte-de-techo-para-solucion-de-cables\/","title":{"rendered":"Soporte de techo para soluci\u00f3n de cables"},"content":{"rendered":"<table style=\"height: 100px;\" width=\"773\">\n<tbody>\n<tr>\n<td width=\"150\"><em> N\u00famero de pieza<\/em><\/td>\n<td width=\"230 \"><em> Descripci\u00f3n<\/em><\/td>\n<td width=\"330 \"><em> Pantallas compatibles<\/em><\/td>\n<td width=\"73\"><em> Color<\/em><\/td>\n<\/tr>\n<tr>\n<td> VF0011-0101-01<\/td>\n<td> Soporte de techo para soluci\u00f3n de cables<\/td>\n<td> 43&#8243;-75&#8243;<\/td>\n<td> Blanco<\/td>\n<\/tr>\n<tr>\n<td> VF0011-0101-02<\/td>\n<td> Soporte de techo para soluci\u00f3n de cables<\/td>\n<td> 43&#8243;-75&#8243;<\/td>\n<td> Negro<\/td>\n<\/tr>\n<\/tbody>\n<\/table>\n","protected":false},"excerpt":{"rendered":"<p>Este soporte de techo para soluci\u00f3n de cables puede utilizarse con <a href=\"https:\/\/hi-nd.com\/product\/wire-for-ceiling-casing\/\">el kit de cables HI-ND<\/a>. Es aplicable con pantallas de 43&#8243;-75&#8243; (m\u00e1x. 100 kg) y est\u00e1 disponible en blanco y negro. Mide 90 cm de ancho y pesa 3 kg.  <\/p>\n","protected":false},"featured_media":7937,"template":"","meta":[],"product_brand":[],"product_cat":[100,84],"product_tag":[],"class_list":{"0":"post-9642","1":"product","2":"type-product","3":"status-publish","4":"has-post-thumbnail","6":"product_cat-montaje-en-techo","7":"product_cat-techo","9":"first","10":"instock","11":"shipping-taxable","12":"product-type-simple"},"yoast_head":"<!-- This site is optimized with the Yoast SEO plugin v27.3 - https:\/\/yoast.com\/product\/yoast-seo-wordpress\/ -->\n<title>Soporte de techo para soluci\u00f3n de cables - HI-ND<\/title>\n<meta name=\"robots\" content=\"index, follow, max-snippet:-1, max-image-preview:large, max-video-preview:-1\" \/>\n<link rel=\"canonical\" href=\"https:\/\/hi-nd.com\/es\/producto\/soporte-de-techo-para-solucion-de-cables\/\" \/>\n<meta property=\"og:locale\" content=\"es_ES\" \/>\n<meta property=\"og:type\" content=\"article\" \/>\n<meta property=\"og:title\" content=\"Soporte de techo para soluci\u00f3n de cables - HI-ND\" \/>\n<meta property=\"og:description\" content=\"Este soporte de techo para soluci\u00f3n de cables puede utilizarse con el kit de cables HI-ND. Es aplicable con pantallas de 43&quot;-75&quot; (m\u00e1x. 100 kg) y est\u00e1 disponible en blanco y negro. Mide 90 cm de ancho y pesa 3 kg.\" \/>\n<meta property=\"og:url\" content=\"https:\/\/hi-nd.com\/es\/producto\/soporte-de-techo-para-solucion-de-cables\/\" \/>\n<meta property=\"og:site_name\" content=\"HI-ND\" \/>\n<meta property=\"og:image\" content=\"https:\/\/hi-nd.com\/wp-content\/uploads\/2024\/11\/VF0011-0101-01-750x750-1.png\" \/>\n\t<meta property=\"og:image:width\" content=\"2160\" \/>\n\t<meta property=\"og:image:height\" content=\"2160\" \/>\n\t<meta property=\"og:image:type\" content=\"image\/png\" \/>\n<meta name=\"twitter:card\" content=\"summary_large_image\" \/>\n<script type=\"application\/ld+json\" class=\"yoast-schema-graph\">{\"@context\":\"https:\\\/\\\/schema.org\",\"@graph\":[{\"@type\":\"WebPage\",\"@id\":\"https:\\\/\\\/hi-nd.com\\\/es\\\/producto\\\/soporte-de-techo-para-solucion-de-cables\\\/\",\"url\":\"https:\\\/\\\/hi-nd.com\\\/es\\\/producto\\\/soporte-de-techo-para-solucion-de-cables\\\/\",\"name\":\"Soporte de techo para soluci\u00f3n de cables - HI-ND\",\"isPartOf\":{\"@id\":\"https:\\\/\\\/hi-nd.com\\\/#website\"},\"primaryImageOfPage\":{\"@id\":\"https:\\\/\\\/hi-nd.com\\\/es\\\/producto\\\/soporte-de-techo-para-solucion-de-cables\\\/#primaryimage\"},\"image\":{\"@id\":\"https:\\\/\\\/hi-nd.com\\\/es\\\/producto\\\/soporte-de-techo-para-solucion-de-cables\\\/#primaryimage\"},\"thumbnailUrl\":\"https:\\\/\\\/hi-nd.com\\\/wp-content\\\/uploads\\\/2024\\\/11\\\/VF0011-0101-01-750x750-1.png\",\"datePublished\":\"2024-11-11T13:35:05+00:00\",\"breadcrumb\":{\"@id\":\"https:\\\/\\\/hi-nd.com\\\/es\\\/producto\\\/soporte-de-techo-para-solucion-de-cables\\\/#breadcrumb\"},\"inLanguage\":\"es\",\"potentialAction\":[{\"@type\":\"ReadAction\",\"target\":[\"https:\\\/\\\/hi-nd.com\\\/es\\\/producto\\\/soporte-de-techo-para-solucion-de-cables\\\/\"]}]},{\"@type\":\"ImageObject\",\"inLanguage\":\"es\",\"@id\":\"https:\\\/\\\/hi-nd.com\\\/es\\\/producto\\\/soporte-de-techo-para-solucion-de-cables\\\/#primaryimage\",\"url\":\"https:\\\/\\\/hi-nd.com\\\/wp-content\\\/uploads\\\/2024\\\/11\\\/VF0011-0101-01-750x750-1.png\",\"contentUrl\":\"https:\\\/\\\/hi-nd.com\\\/wp-content\\\/uploads\\\/2024\\\/11\\\/VF0011-0101-01-750x750-1.png\",\"width\":2160,\"height\":2160,\"caption\":\"soporte de techo para cable\"},{\"@type\":\"BreadcrumbList\",\"@id\":\"https:\\\/\\\/hi-nd.com\\\/es\\\/producto\\\/soporte-de-techo-para-solucion-de-cables\\\/#breadcrumb\",\"itemListElement\":[{\"@type\":\"ListItem\",\"position\":1,\"name\":\"Home\",\"item\":\"https:\\\/\\\/hi-nd.com\\\/es\\\/\"},{\"@type\":\"ListItem\",\"position\":2,\"name\":\"Tienda\",\"item\":\"https:\\\/\\\/hi-nd.com\\\/es\\\/tienda\\\/\"},{\"@type\":\"ListItem\",\"position\":3,\"name\":\"Soporte de techo para soluci\u00f3n de cables\"}]},{\"@type\":\"WebSite\",\"@id\":\"https:\\\/\\\/hi-nd.com\\\/#website\",\"url\":\"https:\\\/\\\/hi-nd.com\\\/\",\"name\":\"HI-ND\",\"description\":\"Mounting Solutions\",\"potentialAction\":[{\"@type\":\"SearchAction\",\"target\":{\"@type\":\"EntryPoint\",\"urlTemplate\":\"https:\\\/\\\/hi-nd.com\\\/?s={search_term_string}\"},\"query-input\":{\"@type\":\"PropertyValueSpecification\",\"valueRequired\":true,\"valueName\":\"search_term_string\"}}],\"inLanguage\":\"es\"}]}<\/script>\n<!-- \/ Yoast SEO plugin. -->","yoast_head_json":{"title":"Soporte de techo para soluci\u00f3n de cables - HI-ND","robots":{"index":"index","follow":"follow","max-snippet":"max-snippet:-1","max-image-preview":"max-image-preview:large","max-video-preview":"max-video-preview:-1"},"canonical":"https:\/\/hi-nd.com\/es\/producto\/soporte-de-techo-para-solucion-de-cables\/","og_locale":"es_ES","og_type":"article","og_title":"Soporte de techo para soluci\u00f3n de cables - HI-ND","og_description":"Este soporte de techo para soluci\u00f3n de cables puede utilizarse con el kit de cables HI-ND. Es aplicable con pantallas de 43\"-75\" (m\u00e1x. 100 kg) y est\u00e1 disponible en blanco y negro. Mide 90 cm de ancho y pesa 3 kg.","og_url":"https:\/\/hi-nd.com\/es\/producto\/soporte-de-techo-para-solucion-de-cables\/","og_site_name":"HI-ND","og_image":[{"width":2160,"height":2160,"url":"https:\/\/hi-nd.com\/wp-content\/uploads\/2024\/11\/VF0011-0101-01-750x750-1.png","type":"image\/png"}],"twitter_card":"summary_large_image","schema":{"@context":"https:\/\/schema.org","@graph":[{"@type":"WebPage","@id":"https:\/\/hi-nd.com\/es\/producto\/soporte-de-techo-para-solucion-de-cables\/","url":"https:\/\/hi-nd.com\/es\/producto\/soporte-de-techo-para-solucion-de-cables\/","name":"Soporte de techo para soluci\u00f3n de cables - HI-ND","isPartOf":{"@id":"https:\/\/hi-nd.com\/#website"},"primaryImageOfPage":{"@id":"https:\/\/hi-nd.com\/es\/producto\/soporte-de-techo-para-solucion-de-cables\/#primaryimage"},"image":{"@id":"https:\/\/hi-nd.com\/es\/producto\/soporte-de-techo-para-solucion-de-cables\/#primaryimage"},"thumbnailUrl":"https:\/\/hi-nd.com\/wp-content\/uploads\/2024\/11\/VF0011-0101-01-750x750-1.png","datePublished":"2024-11-11T13:35:05+00:00","breadcrumb":{"@id":"https:\/\/hi-nd.com\/es\/producto\/soporte-de-techo-para-solucion-de-cables\/#breadcrumb"},"inLanguage":"es","potentialAction":[{"@type":"ReadAction","target":["https:\/\/hi-nd.com\/es\/producto\/soporte-de-techo-para-solucion-de-cables\/"]}]},{"@type":"ImageObject","inLanguage":"es","@id":"https:\/\/hi-nd.com\/es\/producto\/soporte-de-techo-para-solucion-de-cables\/#primaryimage","url":"https:\/\/hi-nd.com\/wp-content\/uploads\/2024\/11\/VF0011-0101-01-750x750-1.png","contentUrl":"https:\/\/hi-nd.com\/wp-content\/uploads\/2024\/11\/VF0011-0101-01-750x750-1.png","width":2160,"height":2160,"caption":"soporte de techo para cable"},{"@type":"BreadcrumbList","@id":"https:\/\/hi-nd.com\/es\/producto\/soporte-de-techo-para-solucion-de-cables\/#breadcrumb","itemListElement":[{"@type":"ListItem","position":1,"name":"Home","item":"https:\/\/hi-nd.com\/es\/"},{"@type":"ListItem","position":2,"name":"Tienda","item":"https:\/\/hi-nd.com\/es\/tienda\/"},{"@type":"ListItem","position":3,"name":"Soporte de techo para soluci\u00f3n de cables"}]},{"@type":"WebSite","@id":"https:\/\/hi-nd.com\/#website","url":"https:\/\/hi-nd.com\/","name":"HI-ND","description":"Mounting Solutions","potentialAction":[{"@type":"SearchAction","target":{"@type":"EntryPoint","urlTemplate":"https:\/\/hi-nd.com\/?s={search_term_string}"},"query-input":{"@type":"PropertyValueSpecification","valueRequired":true,"valueName":"search_term_string"}}],"inLanguage":"es"}]}},"_links":{"self":[{"href":"https:\/\/hi-nd.com\/es\/wp-json\/wp\/v2\/product\/9642","targetHints":{"allow":["GET"]}}],"collection":[{"href":"https:\/\/hi-nd.com\/es\/wp-json\/wp\/v2\/product"}],"about":[{"href":"https:\/\/hi-nd.com\/es\/wp-json\/wp\/v2\/types\/product"}],"wp:featuredmedia":[{"embeddable":true,"href":"https:\/\/hi-nd.com\/es\/wp-json\/wp\/v2\/media\/7937"}],"wp:attachment":[{"href":"https:\/\/hi-nd.com\/es\/wp-json\/wp\/v2\/media?parent=9642"}],"wp:term":[{"taxonomy":"product_brand","embeddable":true,"href":"https:\/\/hi-nd.com\/es\/wp-json\/wp\/v2\/product_brand?post=9642"},{"taxonomy":"product_cat","embeddable":true,"href":"https:\/\/hi-nd.com\/es\/wp-json\/wp\/v2\/product_cat?post=9642"},{"taxonomy":"product_tag","embeddable":true,"href":"https:\/\/hi-nd.com\/es\/wp-json\/wp\/v2\/product_tag?post=9642"}],"curies":[{"name":"wp","href":"https:\/\/api.w.org\/{rel}","templated":true}]}}