{"id":9468,"date":"2026-01-16T09:02:34","date_gmt":"2026-01-16T08:02:34","guid":{"rendered":"https:\/\/hi-nd.com\/?post_type=product&#038;p=9468"},"modified":"2026-01-26T09:15:05","modified_gmt":"2026-01-26T08:15:05","slug":"totem-unico-exclusivo-copy","status":"publish","type":"product","link":"https:\/\/hi-nd.com\/es\/producto\/totem-unico-exclusivo-copy\/","title":{"rendered":"Totem \u00danico"},"content":{"rendered":"<table style=\"font-size: 14.4px;\" width=\"800\">\n<tbody>\n<tr>\n<td width=\"150\">N\u00famero de pieza<\/td>\n<td width=\"600\"> Descripci\u00f3n<\/td>\n<td width=\"85\"> Color<\/td>\n<\/tr>\n<tr>\n<td>ST5500-7501-01<\/td>\n<td> T\u00f3tem de un solo borde<\/td>\n<td> Blanco<\/td>\n<\/tr>\n<tr>\n<td>ST5500-7501-02<\/td>\n<td> T\u00f3tem simple Borde<\/td>\n<td> Negro<\/td>\n<\/tr>\n<\/tbody>\n<\/table>\n","protected":false},"excerpt":{"rendered":"<p>Nuestro Totem Edge sencillo para interiores es la soluci\u00f3n perfecta para vest\u00edbulos, restaurantes, tiendas y espacios p\u00fablicos. Los colores est\u00e1ndar son blanco y negro, pero se puede pedir en otros colores. La placa de pie debe estar enchufada.  <\/p>\n<ul>\n<li>Tama\u00f1os de pantalla: 55&#8243;<\/li>\n<li>Dise\u00f1ado para Samsung QMC y LG UH5N<\/li>\n<li>Acceso frontal<\/li>\n<li>Espacio para ordenador y router en el interior<\/li>\n<li>Opciones personalizadas<em> <\/em>\n<ul>\n<li><em>Diferentes recubrimientos en polvo<\/em><\/li>\n<\/ul>\n<\/li>\n<\/ul>\n","protected":false},"featured_media":9510,"template":"","meta":[],"product_brand":[],"product_cat":[71,74],"product_tag":[75],"class_list":{"0":"post-9468","1":"product","2":"type-product","3":"status-publish","4":"has-post-thumbnail","6":"product_cat-piso","7":"product_cat-totem-es","8":"product_tag-senalizacion-digital-en-el-suelo","10":"first","11":"instock","12":"shipping-taxable","13":"product-type-simple"},"yoast_head":"<!-- This site is optimized with the Yoast SEO plugin v27.3 - https:\/\/yoast.com\/product\/yoast-seo-wordpress\/ -->\n<title>Totem \u00danico - HI-ND<\/title>\n<meta name=\"description\" content=\"El t\u00f3tem decorativo para interiores HI-ND est\u00e1 dise\u00f1ado para dar libertad a los clientes a la hora de dise\u00f1ar un t\u00f3tem con un aspecto \u00fanico. Disponible en varios colores.\" \/>\n<meta name=\"robots\" content=\"index, follow, max-snippet:-1, max-image-preview:large, max-video-preview:-1\" \/>\n<link rel=\"canonical\" href=\"https:\/\/hi-nd.com\/es\/producto\/totem-unico-exclusivo-copy\/\" \/>\n<meta property=\"og:locale\" content=\"es_ES\" \/>\n<meta property=\"og:type\" content=\"article\" \/>\n<meta property=\"og:title\" content=\"Totem \u00danico - HI-ND\" \/>\n<meta property=\"og:description\" content=\"El t\u00f3tem decorativo para interiores HI-ND est\u00e1 dise\u00f1ado para dar libertad a los clientes a la hora de dise\u00f1ar un t\u00f3tem con un aspecto \u00fanico. Disponible en varios colores.\" \/>\n<meta property=\"og:url\" content=\"https:\/\/hi-nd.com\/es\/producto\/totem-unico-exclusivo-copy\/\" \/>\n<meta property=\"og:site_name\" content=\"HI-ND\" \/>\n<meta property=\"article:modified_time\" content=\"2026-01-26T08:15:05+00:00\" \/>\n<meta property=\"og:image\" content=\"https:\/\/hi-nd.com\/wp-content\/uploads\/2026\/01\/ST5500-7501_01-750x750-1.jpg\" \/>\n\t<meta property=\"og:image:width\" content=\"750\" \/>\n\t<meta property=\"og:image:height\" content=\"750\" \/>\n\t<meta property=\"og:image:type\" content=\"image\/jpeg\" \/>\n<meta name=\"twitter:card\" content=\"summary_large_image\" \/>\n<script type=\"application\/ld+json\" class=\"yoast-schema-graph\">{\"@context\":\"https:\\\/\\\/schema.org\",\"@graph\":[{\"@type\":\"WebPage\",\"@id\":\"https:\\\/\\\/hi-nd.com\\\/es\\\/producto\\\/totem-unico-exclusivo-copy\\\/\",\"url\":\"https:\\\/\\\/hi-nd.com\\\/es\\\/producto\\\/totem-unico-exclusivo-copy\\\/\",\"name\":\"Totem \u00danico - HI-ND\",\"isPartOf\":{\"@id\":\"https:\\\/\\\/hi-nd.com\\\/#website\"},\"primaryImageOfPage\":{\"@id\":\"https:\\\/\\\/hi-nd.com\\\/es\\\/producto\\\/totem-unico-exclusivo-copy\\\/#primaryimage\"},\"image\":{\"@id\":\"https:\\\/\\\/hi-nd.com\\\/es\\\/producto\\\/totem-unico-exclusivo-copy\\\/#primaryimage\"},\"thumbnailUrl\":\"https:\\\/\\\/hi-nd.com\\\/wp-content\\\/uploads\\\/2026\\\/01\\\/ST5500-7501_01-750x750-1.jpg\",\"datePublished\":\"2026-01-16T08:02:34+00:00\",\"dateModified\":\"2026-01-26T08:15:05+00:00\",\"description\":\"El t\u00f3tem decorativo para interiores HI-ND est\u00e1 dise\u00f1ado para dar libertad a los clientes a la hora de dise\u00f1ar un t\u00f3tem con un aspecto \u00fanico. Disponible en varios colores.\",\"breadcrumb\":{\"@id\":\"https:\\\/\\\/hi-nd.com\\\/es\\\/producto\\\/totem-unico-exclusivo-copy\\\/#breadcrumb\"},\"inLanguage\":\"es\",\"potentialAction\":[{\"@type\":\"ReadAction\",\"target\":[\"https:\\\/\\\/hi-nd.com\\\/es\\\/producto\\\/totem-unico-exclusivo-copy\\\/\"]}]},{\"@type\":\"ImageObject\",\"inLanguage\":\"es\",\"@id\":\"https:\\\/\\\/hi-nd.com\\\/es\\\/producto\\\/totem-unico-exclusivo-copy\\\/#primaryimage\",\"url\":\"https:\\\/\\\/hi-nd.com\\\/wp-content\\\/uploads\\\/2026\\\/01\\\/ST5500-7501_01-750x750-1.jpg\",\"contentUrl\":\"https:\\\/\\\/hi-nd.com\\\/wp-content\\\/uploads\\\/2026\\\/01\\\/ST5500-7501_01-750x750-1.jpg\",\"width\":750,\"height\":750,\"caption\":\"ST5500-7501-02\"},{\"@type\":\"BreadcrumbList\",\"@id\":\"https:\\\/\\\/hi-nd.com\\\/es\\\/producto\\\/totem-unico-exclusivo-copy\\\/#breadcrumb\",\"itemListElement\":[{\"@type\":\"ListItem\",\"position\":1,\"name\":\"Home\",\"item\":\"https:\\\/\\\/hi-nd.com\\\/es\\\/\"},{\"@type\":\"ListItem\",\"position\":2,\"name\":\"Tienda\",\"item\":\"https:\\\/\\\/hi-nd.com\\\/es\\\/tienda\\\/\"},{\"@type\":\"ListItem\",\"position\":3,\"name\":\"Totem \u00danico\"}]},{\"@type\":\"WebSite\",\"@id\":\"https:\\\/\\\/hi-nd.com\\\/#website\",\"url\":\"https:\\\/\\\/hi-nd.com\\\/\",\"name\":\"HI-ND\",\"description\":\"Mounting Solutions\",\"potentialAction\":[{\"@type\":\"SearchAction\",\"target\":{\"@type\":\"EntryPoint\",\"urlTemplate\":\"https:\\\/\\\/hi-nd.com\\\/?s={search_term_string}\"},\"query-input\":{\"@type\":\"PropertyValueSpecification\",\"valueRequired\":true,\"valueName\":\"search_term_string\"}}],\"inLanguage\":\"es\"}]}<\/script>\n<!-- \/ Yoast SEO plugin. -->","yoast_head_json":{"title":"Totem \u00danico - HI-ND","description":"El t\u00f3tem decorativo para interiores HI-ND est\u00e1 dise\u00f1ado para dar libertad a los clientes a la hora de dise\u00f1ar un t\u00f3tem con un aspecto \u00fanico. Disponible en varios colores.","robots":{"index":"index","follow":"follow","max-snippet":"max-snippet:-1","max-image-preview":"max-image-preview:large","max-video-preview":"max-video-preview:-1"},"canonical":"https:\/\/hi-nd.com\/es\/producto\/totem-unico-exclusivo-copy\/","og_locale":"es_ES","og_type":"article","og_title":"Totem \u00danico - HI-ND","og_description":"El t\u00f3tem decorativo para interiores HI-ND est\u00e1 dise\u00f1ado para dar libertad a los clientes a la hora de dise\u00f1ar un t\u00f3tem con un aspecto \u00fanico. Disponible en varios colores.","og_url":"https:\/\/hi-nd.com\/es\/producto\/totem-unico-exclusivo-copy\/","og_site_name":"HI-ND","article_modified_time":"2026-01-26T08:15:05+00:00","og_image":[{"width":750,"height":750,"url":"https:\/\/hi-nd.com\/wp-content\/uploads\/2026\/01\/ST5500-7501_01-750x750-1.jpg","type":"image\/jpeg"}],"twitter_card":"summary_large_image","schema":{"@context":"https:\/\/schema.org","@graph":[{"@type":"WebPage","@id":"https:\/\/hi-nd.com\/es\/producto\/totem-unico-exclusivo-copy\/","url":"https:\/\/hi-nd.com\/es\/producto\/totem-unico-exclusivo-copy\/","name":"Totem \u00danico - HI-ND","isPartOf":{"@id":"https:\/\/hi-nd.com\/#website"},"primaryImageOfPage":{"@id":"https:\/\/hi-nd.com\/es\/producto\/totem-unico-exclusivo-copy\/#primaryimage"},"image":{"@id":"https:\/\/hi-nd.com\/es\/producto\/totem-unico-exclusivo-copy\/#primaryimage"},"thumbnailUrl":"https:\/\/hi-nd.com\/wp-content\/uploads\/2026\/01\/ST5500-7501_01-750x750-1.jpg","datePublished":"2026-01-16T08:02:34+00:00","dateModified":"2026-01-26T08:15:05+00:00","description":"El t\u00f3tem decorativo para interiores HI-ND est\u00e1 dise\u00f1ado para dar libertad a los clientes a la hora de dise\u00f1ar un t\u00f3tem con un aspecto \u00fanico. Disponible en varios colores.","breadcrumb":{"@id":"https:\/\/hi-nd.com\/es\/producto\/totem-unico-exclusivo-copy\/#breadcrumb"},"inLanguage":"es","potentialAction":[{"@type":"ReadAction","target":["https:\/\/hi-nd.com\/es\/producto\/totem-unico-exclusivo-copy\/"]}]},{"@type":"ImageObject","inLanguage":"es","@id":"https:\/\/hi-nd.com\/es\/producto\/totem-unico-exclusivo-copy\/#primaryimage","url":"https:\/\/hi-nd.com\/wp-content\/uploads\/2026\/01\/ST5500-7501_01-750x750-1.jpg","contentUrl":"https:\/\/hi-nd.com\/wp-content\/uploads\/2026\/01\/ST5500-7501_01-750x750-1.jpg","width":750,"height":750,"caption":"ST5500-7501-02"},{"@type":"BreadcrumbList","@id":"https:\/\/hi-nd.com\/es\/producto\/totem-unico-exclusivo-copy\/#breadcrumb","itemListElement":[{"@type":"ListItem","position":1,"name":"Home","item":"https:\/\/hi-nd.com\/es\/"},{"@type":"ListItem","position":2,"name":"Tienda","item":"https:\/\/hi-nd.com\/es\/tienda\/"},{"@type":"ListItem","position":3,"name":"Totem \u00danico"}]},{"@type":"WebSite","@id":"https:\/\/hi-nd.com\/#website","url":"https:\/\/hi-nd.com\/","name":"HI-ND","description":"Mounting Solutions","potentialAction":[{"@type":"SearchAction","target":{"@type":"EntryPoint","urlTemplate":"https:\/\/hi-nd.com\/?s={search_term_string}"},"query-input":{"@type":"PropertyValueSpecification","valueRequired":true,"valueName":"search_term_string"}}],"inLanguage":"es"}]}},"_links":{"self":[{"href":"https:\/\/hi-nd.com\/es\/wp-json\/wp\/v2\/product\/9468","targetHints":{"allow":["GET"]}}],"collection":[{"href":"https:\/\/hi-nd.com\/es\/wp-json\/wp\/v2\/product"}],"about":[{"href":"https:\/\/hi-nd.com\/es\/wp-json\/wp\/v2\/types\/product"}],"wp:featuredmedia":[{"embeddable":true,"href":"https:\/\/hi-nd.com\/es\/wp-json\/wp\/v2\/media\/9510"}],"wp:attachment":[{"href":"https:\/\/hi-nd.com\/es\/wp-json\/wp\/v2\/media?parent=9468"}],"wp:term":[{"taxonomy":"product_brand","embeddable":true,"href":"https:\/\/hi-nd.com\/es\/wp-json\/wp\/v2\/product_brand?post=9468"},{"taxonomy":"product_cat","embeddable":true,"href":"https:\/\/hi-nd.com\/es\/wp-json\/wp\/v2\/product_cat?post=9468"},{"taxonomy":"product_tag","embeddable":true,"href":"https:\/\/hi-nd.com\/es\/wp-json\/wp\/v2\/product_tag?post=9468"}],"curies":[{"name":"wp","href":"https:\/\/api.w.org\/{rel}","templated":true}]}}