{"id":9374,"date":"2025-12-02T12:57:43","date_gmt":"2025-12-02T11:57:43","guid":{"rendered":"https:\/\/hi-nd.com\/?post_type=product&#038;p=9374"},"modified":"2026-01-23T13:48:41","modified_gmt":"2026-01-23T12:48:41","slug":"soporte-de-pared-xl-copy","status":"publish","type":"product","link":"https:\/\/hi-nd.com\/es\/producto\/soporte-de-pared-xl-copy\/","title":{"rendered":"Montaje en pared Est\u00e1ndar"},"content":{"rendered":"<table style=\"height: 80px;\" width=\"500\">\n<tbody>\n<tr>\n<td width=\"200\">N\u00famero de pieza<\/td>\n<td width=\"500\">Descripci\u00f3n<\/td>\n<\/tr>\n<tr>\n<td>WM1200-0101-02<\/td>\n<td>Soporte de pared est\u00e1ndar<\/td>\n<\/tr>\n<\/tbody>\n<\/table>\n","protected":false},"excerpt":{"rendered":"<p>Nuestro Soporte de pared est\u00e1ndar puede soportar hasta 50 kg. Construido con acero macizo de gran espesor, ofrece una resistencia y durabilidad excepcionales. <\/p>\n<p>Con su seguro cierre deslizante, fijar tu pantalla a la pared es r\u00e1pido y sin esfuerzo.<\/p>\n<p><strong>VESA:<\/strong><br \/>\n200\u00d7200 &#8211; 400\u00d7400<br \/>\n<strong>Grosor:<\/strong><br \/>\n36 mm<br \/>\n<strong>Dimensiones:<\/strong><br \/>\n36x520x440 mm<br \/>\n<strong>Tama\u00f1o de la pantalla:<\/strong><br \/>\n43\u2033 &#8211; 55\u2033.<\/p>\n","protected":false},"featured_media":9378,"template":"","meta":[],"product_brand":[],"product_cat":[102,93],"product_tag":[],"class_list":{"0":"post-9374","1":"product","2":"type-product","3":"status-publish","4":"has-post-thumbnail","6":"product_cat-montaje-en-pared","7":"product_cat-pared","9":"first","10":"instock","11":"shipping-taxable","12":"product-type-simple"},"yoast_head":"<!-- This site is optimized with the Yoast SEO plugin v27.3 - https:\/\/yoast.com\/product\/yoast-seo-wordpress\/ -->\n<title>Montaje en pared Est\u00e1ndar - HI-ND<\/title>\n<meta name=\"description\" content=\"Nuestro Soporte de pared est\u00e1ndar puede soportar hasta 50 kg gracias a su construcci\u00f3n de acero. Est\u00e1 dise\u00f1ado para monitores de 43\u2033 a 55\u2033.\" \/>\n<meta name=\"robots\" content=\"index, follow, max-snippet:-1, max-image-preview:large, max-video-preview:-1\" \/>\n<link rel=\"canonical\" href=\"https:\/\/hi-nd.com\/es\/producto\/soporte-de-pared-xl-copy\/\" \/>\n<meta property=\"og:locale\" content=\"es_ES\" \/>\n<meta property=\"og:type\" content=\"article\" \/>\n<meta property=\"og:title\" content=\"Montaje en pared Est\u00e1ndar - HI-ND\" \/>\n<meta property=\"og:description\" content=\"Nuestro Soporte de pared est\u00e1ndar puede soportar hasta 50 kg gracias a su construcci\u00f3n de acero. Est\u00e1 dise\u00f1ado para monitores de 43\u2033 a 55\u2033.\" \/>\n<meta property=\"og:url\" content=\"https:\/\/hi-nd.com\/es\/producto\/soporte-de-pared-xl-copy\/\" \/>\n<meta property=\"og:site_name\" content=\"HI-ND\" \/>\n<meta property=\"article:modified_time\" content=\"2026-01-23T12:48:41+00:00\" \/>\n<meta property=\"og:image\" content=\"https:\/\/hi-nd.com\/wp-content\/uploads\/2025\/12\/Svart-h-scaled.png\" \/>\n\t<meta property=\"og:image:width\" content=\"2560\" \/>\n\t<meta property=\"og:image:height\" content=\"1601\" \/>\n\t<meta property=\"og:image:type\" content=\"image\/png\" \/>\n<meta name=\"twitter:card\" content=\"summary_large_image\" \/>\n<script type=\"application\/ld+json\" class=\"yoast-schema-graph\">{\"@context\":\"https:\\\/\\\/schema.org\",\"@graph\":[{\"@type\":\"WebPage\",\"@id\":\"https:\\\/\\\/hi-nd.com\\\/es\\\/producto\\\/soporte-de-pared-xl-copy\\\/\",\"url\":\"https:\\\/\\\/hi-nd.com\\\/es\\\/producto\\\/soporte-de-pared-xl-copy\\\/\",\"name\":\"Montaje en pared Est\u00e1ndar - HI-ND\",\"isPartOf\":{\"@id\":\"https:\\\/\\\/hi-nd.com\\\/#website\"},\"primaryImageOfPage\":{\"@id\":\"https:\\\/\\\/hi-nd.com\\\/es\\\/producto\\\/soporte-de-pared-xl-copy\\\/#primaryimage\"},\"image\":{\"@id\":\"https:\\\/\\\/hi-nd.com\\\/es\\\/producto\\\/soporte-de-pared-xl-copy\\\/#primaryimage\"},\"thumbnailUrl\":\"https:\\\/\\\/hi-nd.com\\\/wp-content\\\/uploads\\\/2025\\\/12\\\/Svart-h-scaled.png\",\"datePublished\":\"2025-12-02T11:57:43+00:00\",\"dateModified\":\"2026-01-23T12:48:41+00:00\",\"description\":\"Nuestro Soporte de pared est\u00e1ndar puede soportar hasta 50 kg gracias a su construcci\u00f3n de acero. Est\u00e1 dise\u00f1ado para monitores de 43\u2033 a 55\u2033.\",\"breadcrumb\":{\"@id\":\"https:\\\/\\\/hi-nd.com\\\/es\\\/producto\\\/soporte-de-pared-xl-copy\\\/#breadcrumb\"},\"inLanguage\":\"es\",\"potentialAction\":[{\"@type\":\"ReadAction\",\"target\":[\"https:\\\/\\\/hi-nd.com\\\/es\\\/producto\\\/soporte-de-pared-xl-copy\\\/\"]}]},{\"@type\":\"ImageObject\",\"inLanguage\":\"es\",\"@id\":\"https:\\\/\\\/hi-nd.com\\\/es\\\/producto\\\/soporte-de-pared-xl-copy\\\/#primaryimage\",\"url\":\"https:\\\/\\\/hi-nd.com\\\/wp-content\\\/uploads\\\/2025\\\/12\\\/Svart-h-scaled.png\",\"contentUrl\":\"https:\\\/\\\/hi-nd.com\\\/wp-content\\\/uploads\\\/2025\\\/12\\\/Svart-h-scaled.png\",\"width\":2560,\"height\":1601},{\"@type\":\"BreadcrumbList\",\"@id\":\"https:\\\/\\\/hi-nd.com\\\/es\\\/producto\\\/soporte-de-pared-xl-copy\\\/#breadcrumb\",\"itemListElement\":[{\"@type\":\"ListItem\",\"position\":1,\"name\":\"Home\",\"item\":\"https:\\\/\\\/hi-nd.com\\\/es\\\/\"},{\"@type\":\"ListItem\",\"position\":2,\"name\":\"Tienda\",\"item\":\"https:\\\/\\\/hi-nd.com\\\/es\\\/tienda\\\/\"},{\"@type\":\"ListItem\",\"position\":3,\"name\":\"Montaje en pared Est\u00e1ndar\"}]},{\"@type\":\"WebSite\",\"@id\":\"https:\\\/\\\/hi-nd.com\\\/#website\",\"url\":\"https:\\\/\\\/hi-nd.com\\\/\",\"name\":\"HI-ND\",\"description\":\"Mounting Solutions\",\"potentialAction\":[{\"@type\":\"SearchAction\",\"target\":{\"@type\":\"EntryPoint\",\"urlTemplate\":\"https:\\\/\\\/hi-nd.com\\\/?s={search_term_string}\"},\"query-input\":{\"@type\":\"PropertyValueSpecification\",\"valueRequired\":true,\"valueName\":\"search_term_string\"}}],\"inLanguage\":\"es\"}]}<\/script>\n<!-- \/ Yoast SEO plugin. -->","yoast_head_json":{"title":"Montaje en pared Est\u00e1ndar - HI-ND","description":"Nuestro Soporte de pared est\u00e1ndar puede soportar hasta 50 kg gracias a su construcci\u00f3n de acero. Est\u00e1 dise\u00f1ado para monitores de 43\u2033 a 55\u2033.","robots":{"index":"index","follow":"follow","max-snippet":"max-snippet:-1","max-image-preview":"max-image-preview:large","max-video-preview":"max-video-preview:-1"},"canonical":"https:\/\/hi-nd.com\/es\/producto\/soporte-de-pared-xl-copy\/","og_locale":"es_ES","og_type":"article","og_title":"Montaje en pared Est\u00e1ndar - HI-ND","og_description":"Nuestro Soporte de pared est\u00e1ndar puede soportar hasta 50 kg gracias a su construcci\u00f3n de acero. Est\u00e1 dise\u00f1ado para monitores de 43\u2033 a 55\u2033.","og_url":"https:\/\/hi-nd.com\/es\/producto\/soporte-de-pared-xl-copy\/","og_site_name":"HI-ND","article_modified_time":"2026-01-23T12:48:41+00:00","og_image":[{"width":2560,"height":1601,"url":"https:\/\/hi-nd.com\/wp-content\/uploads\/2025\/12\/Svart-h-scaled.png","type":"image\/png"}],"twitter_card":"summary_large_image","schema":{"@context":"https:\/\/schema.org","@graph":[{"@type":"WebPage","@id":"https:\/\/hi-nd.com\/es\/producto\/soporte-de-pared-xl-copy\/","url":"https:\/\/hi-nd.com\/es\/producto\/soporte-de-pared-xl-copy\/","name":"Montaje en pared Est\u00e1ndar - HI-ND","isPartOf":{"@id":"https:\/\/hi-nd.com\/#website"},"primaryImageOfPage":{"@id":"https:\/\/hi-nd.com\/es\/producto\/soporte-de-pared-xl-copy\/#primaryimage"},"image":{"@id":"https:\/\/hi-nd.com\/es\/producto\/soporte-de-pared-xl-copy\/#primaryimage"},"thumbnailUrl":"https:\/\/hi-nd.com\/wp-content\/uploads\/2025\/12\/Svart-h-scaled.png","datePublished":"2025-12-02T11:57:43+00:00","dateModified":"2026-01-23T12:48:41+00:00","description":"Nuestro Soporte de pared est\u00e1ndar puede soportar hasta 50 kg gracias a su construcci\u00f3n de acero. Est\u00e1 dise\u00f1ado para monitores de 43\u2033 a 55\u2033.","breadcrumb":{"@id":"https:\/\/hi-nd.com\/es\/producto\/soporte-de-pared-xl-copy\/#breadcrumb"},"inLanguage":"es","potentialAction":[{"@type":"ReadAction","target":["https:\/\/hi-nd.com\/es\/producto\/soporte-de-pared-xl-copy\/"]}]},{"@type":"ImageObject","inLanguage":"es","@id":"https:\/\/hi-nd.com\/es\/producto\/soporte-de-pared-xl-copy\/#primaryimage","url":"https:\/\/hi-nd.com\/wp-content\/uploads\/2025\/12\/Svart-h-scaled.png","contentUrl":"https:\/\/hi-nd.com\/wp-content\/uploads\/2025\/12\/Svart-h-scaled.png","width":2560,"height":1601},{"@type":"BreadcrumbList","@id":"https:\/\/hi-nd.com\/es\/producto\/soporte-de-pared-xl-copy\/#breadcrumb","itemListElement":[{"@type":"ListItem","position":1,"name":"Home","item":"https:\/\/hi-nd.com\/es\/"},{"@type":"ListItem","position":2,"name":"Tienda","item":"https:\/\/hi-nd.com\/es\/tienda\/"},{"@type":"ListItem","position":3,"name":"Montaje en pared Est\u00e1ndar"}]},{"@type":"WebSite","@id":"https:\/\/hi-nd.com\/#website","url":"https:\/\/hi-nd.com\/","name":"HI-ND","description":"Mounting Solutions","potentialAction":[{"@type":"SearchAction","target":{"@type":"EntryPoint","urlTemplate":"https:\/\/hi-nd.com\/?s={search_term_string}"},"query-input":{"@type":"PropertyValueSpecification","valueRequired":true,"valueName":"search_term_string"}}],"inLanguage":"es"}]}},"_links":{"self":[{"href":"https:\/\/hi-nd.com\/es\/wp-json\/wp\/v2\/product\/9374","targetHints":{"allow":["GET"]}}],"collection":[{"href":"https:\/\/hi-nd.com\/es\/wp-json\/wp\/v2\/product"}],"about":[{"href":"https:\/\/hi-nd.com\/es\/wp-json\/wp\/v2\/types\/product"}],"wp:featuredmedia":[{"embeddable":true,"href":"https:\/\/hi-nd.com\/es\/wp-json\/wp\/v2\/media\/9378"}],"wp:attachment":[{"href":"https:\/\/hi-nd.com\/es\/wp-json\/wp\/v2\/media?parent=9374"}],"wp:term":[{"taxonomy":"product_brand","embeddable":true,"href":"https:\/\/hi-nd.com\/es\/wp-json\/wp\/v2\/product_brand?post=9374"},{"taxonomy":"product_cat","embeddable":true,"href":"https:\/\/hi-nd.com\/es\/wp-json\/wp\/v2\/product_cat?post=9374"},{"taxonomy":"product_tag","embeddable":true,"href":"https:\/\/hi-nd.com\/es\/wp-json\/wp\/v2\/product_tag?post=9374"}],"curies":[{"name":"wp","href":"https:\/\/api.w.org\/{rel}","templated":true}]}}