{"id":9362,"date":"2025-12-02T12:50:02","date_gmt":"2025-12-02T11:50:02","guid":{"rendered":"https:\/\/hi-nd.com\/?post_type=product&#038;p=9362"},"modified":"2026-01-23T14:39:23","modified_gmt":"2026-01-23T13:39:23","slug":"soporte-de-techo-para-caja-de-techo-copy-copy","status":"publish","type":"product","link":"https:\/\/hi-nd.com\/es\/producto\/soporte-de-techo-para-caja-de-techo-copy-copy\/","title":{"rendered":"Carcasa mural para Samsung E-paper"},"content":{"rendered":"<table style=\"height: 153px;\" width=\"648\">\n<tbody>\n<tr>\n<td width=\"149\">N\u00famero de pieza<\/td>\n<td width=\"391\">Descripci\u00f3n<\/td>\n<td width=\"127\">Color<\/td>\n<\/tr>\n<tr>\n<td>WC3215-5201-01<\/td>\n<td>Revestimiento de pared Papel E<\/td>\n<td>Blanco<\/td>\n<\/tr>\n<tr>\n<td>WC3215-5201-02<\/td>\n<td>Revestimiento de pared Papel E<\/td>\n<td>Negro<\/td>\n<\/tr>\n<tr>\n<td>WC3215-5201-12<\/td>\n<td>Revestimiento de pared E-paper<\/td>\n<td>Acero inoxidable<\/td>\n<\/tr>\n<\/tbody>\n<\/table>\n<p>&nbsp;<\/p>\n","protected":false},"excerpt":{"rendered":"<p>Esta carcasa de pared personalizada est\u00e1 dise\u00f1ada exclusivamente para la pantalla E-Paper Display EM32D-X de Samsung.<br \/>\nCombina durabilidad, resistencia a la corrosi\u00f3n y un acabado elegante y de primera calidad, que complementa a la perfecci\u00f3n el dise\u00f1o ultrafino de la pantalla y su tecnolog\u00eda de bajo consumo.<\/p>\n<p>Ideal para entornos p\u00fablicos, se\u00f1alizaci\u00f3n digital y aplicaciones de oficina inteligente, proporciona una soluci\u00f3n de instalaci\u00f3n perfecta y profesional.<\/p>\n<p><strong>Tama\u00f1o de la pantalla:<\/strong><br \/>\n32&#8243;<\/p>\n<p><strong>Dimensiones:<\/strong><br \/>\n746 x 441 x 35 mm<\/p>\n<p><strong>Peso con pantalla:<\/strong><br \/>\n5,2 kg<\/p>\n<p><strong>VESA:<\/strong><br \/>\n100\u00d7100 &#8211; 400\u00d7400<\/p>\n<p><strong>Peso m\u00e1ximo:<\/strong><br \/>\nHasta 50 kg<\/p>\n","protected":false},"featured_media":9367,"template":"","meta":[],"product_brand":[],"product_cat":[94,93],"product_tag":[],"class_list":{"0":"post-9362","1":"product","2":"type-product","3":"status-publish","4":"has-post-thumbnail","6":"product_cat-carcasa-es","7":"product_cat-pared","9":"first","10":"instock","11":"shipping-taxable","12":"product-type-simple"},"yoast_head":"<!-- This site is optimized with the Yoast SEO plugin v27.3 - https:\/\/yoast.com\/product\/yoast-seo-wordpress\/ -->\n<title>Carcasa mural para Samsung E-paper - HI-ND<\/title>\n<meta name=\"description\" content=\"Nuestras carcasas de techo est\u00e1n dise\u00f1adas para ser utilizadas con nuestros tubos o cables telesc\u00f3picos a medida. El tubo telesc\u00f3pico es ajustable.\" \/>\n<meta name=\"robots\" content=\"index, follow, max-snippet:-1, max-image-preview:large, max-video-preview:-1\" \/>\n<link rel=\"canonical\" href=\"https:\/\/hi-nd.com\/es\/producto\/soporte-de-techo-para-caja-de-techo-copy-copy\/\" \/>\n<meta property=\"og:locale\" content=\"es_ES\" \/>\n<meta property=\"og:type\" content=\"article\" \/>\n<meta property=\"og:title\" content=\"Carcasa mural para Samsung E-paper - HI-ND\" \/>\n<meta property=\"og:description\" content=\"Nuestras carcasas de techo est\u00e1n dise\u00f1adas para ser utilizadas con nuestros tubos o cables telesc\u00f3picos a medida. El tubo telesc\u00f3pico es ajustable.\" \/>\n<meta property=\"og:url\" content=\"https:\/\/hi-nd.com\/es\/producto\/soporte-de-techo-para-caja-de-techo-copy-copy\/\" \/>\n<meta property=\"og:site_name\" content=\"HI-ND\" \/>\n<meta property=\"article:modified_time\" content=\"2026-01-23T13:39:23+00:00\" \/>\n<meta property=\"og:image\" content=\"https:\/\/hi-nd.com\/wp-content\/uploads\/2025\/12\/Svart-H-med-bild-scaled.png\" \/>\n\t<meta property=\"og:image:width\" content=\"2560\" \/>\n\t<meta property=\"og:image:height\" content=\"1711\" \/>\n\t<meta property=\"og:image:type\" content=\"image\/png\" \/>\n<meta name=\"twitter:card\" content=\"summary_large_image\" \/>\n<script type=\"application\/ld+json\" class=\"yoast-schema-graph\">{\"@context\":\"https:\\\/\\\/schema.org\",\"@graph\":[{\"@type\":\"WebPage\",\"@id\":\"https:\\\/\\\/hi-nd.com\\\/es\\\/producto\\\/soporte-de-techo-para-caja-de-techo-copy-copy\\\/\",\"url\":\"https:\\\/\\\/hi-nd.com\\\/es\\\/producto\\\/soporte-de-techo-para-caja-de-techo-copy-copy\\\/\",\"name\":\"Carcasa mural para Samsung E-paper - HI-ND\",\"isPartOf\":{\"@id\":\"https:\\\/\\\/hi-nd.com\\\/#website\"},\"primaryImageOfPage\":{\"@id\":\"https:\\\/\\\/hi-nd.com\\\/es\\\/producto\\\/soporte-de-techo-para-caja-de-techo-copy-copy\\\/#primaryimage\"},\"image\":{\"@id\":\"https:\\\/\\\/hi-nd.com\\\/es\\\/producto\\\/soporte-de-techo-para-caja-de-techo-copy-copy\\\/#primaryimage\"},\"thumbnailUrl\":\"https:\\\/\\\/hi-nd.com\\\/wp-content\\\/uploads\\\/2025\\\/12\\\/Svart-H-med-bild-scaled.png\",\"datePublished\":\"2025-12-02T11:50:02+00:00\",\"dateModified\":\"2026-01-23T13:39:23+00:00\",\"description\":\"Nuestras carcasas de techo est\u00e1n dise\u00f1adas para ser utilizadas con nuestros tubos o cables telesc\u00f3picos a medida. El tubo telesc\u00f3pico es ajustable.\",\"breadcrumb\":{\"@id\":\"https:\\\/\\\/hi-nd.com\\\/es\\\/producto\\\/soporte-de-techo-para-caja-de-techo-copy-copy\\\/#breadcrumb\"},\"inLanguage\":\"es\",\"potentialAction\":[{\"@type\":\"ReadAction\",\"target\":[\"https:\\\/\\\/hi-nd.com\\\/es\\\/producto\\\/soporte-de-techo-para-caja-de-techo-copy-copy\\\/\"]}]},{\"@type\":\"ImageObject\",\"inLanguage\":\"es\",\"@id\":\"https:\\\/\\\/hi-nd.com\\\/es\\\/producto\\\/soporte-de-techo-para-caja-de-techo-copy-copy\\\/#primaryimage\",\"url\":\"https:\\\/\\\/hi-nd.com\\\/wp-content\\\/uploads\\\/2025\\\/12\\\/Svart-H-med-bild-scaled.png\",\"contentUrl\":\"https:\\\/\\\/hi-nd.com\\\/wp-content\\\/uploads\\\/2025\\\/12\\\/Svart-H-med-bild-scaled.png\",\"width\":2560,\"height\":1711},{\"@type\":\"BreadcrumbList\",\"@id\":\"https:\\\/\\\/hi-nd.com\\\/es\\\/producto\\\/soporte-de-techo-para-caja-de-techo-copy-copy\\\/#breadcrumb\",\"itemListElement\":[{\"@type\":\"ListItem\",\"position\":1,\"name\":\"Home\",\"item\":\"https:\\\/\\\/hi-nd.com\\\/es\\\/\"},{\"@type\":\"ListItem\",\"position\":2,\"name\":\"Tienda\",\"item\":\"https:\\\/\\\/hi-nd.com\\\/es\\\/tienda\\\/\"},{\"@type\":\"ListItem\",\"position\":3,\"name\":\"Carcasa mural para Samsung E-paper\"}]},{\"@type\":\"WebSite\",\"@id\":\"https:\\\/\\\/hi-nd.com\\\/#website\",\"url\":\"https:\\\/\\\/hi-nd.com\\\/\",\"name\":\"HI-ND\",\"description\":\"Mounting Solutions\",\"potentialAction\":[{\"@type\":\"SearchAction\",\"target\":{\"@type\":\"EntryPoint\",\"urlTemplate\":\"https:\\\/\\\/hi-nd.com\\\/?s={search_term_string}\"},\"query-input\":{\"@type\":\"PropertyValueSpecification\",\"valueRequired\":true,\"valueName\":\"search_term_string\"}}],\"inLanguage\":\"es\"}]}<\/script>\n<!-- \/ Yoast SEO plugin. -->","yoast_head_json":{"title":"Carcasa mural para Samsung E-paper - HI-ND","description":"Nuestras carcasas de techo est\u00e1n dise\u00f1adas para ser utilizadas con nuestros tubos o cables telesc\u00f3picos a medida. El tubo telesc\u00f3pico es ajustable.","robots":{"index":"index","follow":"follow","max-snippet":"max-snippet:-1","max-image-preview":"max-image-preview:large","max-video-preview":"max-video-preview:-1"},"canonical":"https:\/\/hi-nd.com\/es\/producto\/soporte-de-techo-para-caja-de-techo-copy-copy\/","og_locale":"es_ES","og_type":"article","og_title":"Carcasa mural para Samsung E-paper - HI-ND","og_description":"Nuestras carcasas de techo est\u00e1n dise\u00f1adas para ser utilizadas con nuestros tubos o cables telesc\u00f3picos a medida. El tubo telesc\u00f3pico es ajustable.","og_url":"https:\/\/hi-nd.com\/es\/producto\/soporte-de-techo-para-caja-de-techo-copy-copy\/","og_site_name":"HI-ND","article_modified_time":"2026-01-23T13:39:23+00:00","og_image":[{"width":2560,"height":1711,"url":"https:\/\/hi-nd.com\/wp-content\/uploads\/2025\/12\/Svart-H-med-bild-scaled.png","type":"image\/png"}],"twitter_card":"summary_large_image","schema":{"@context":"https:\/\/schema.org","@graph":[{"@type":"WebPage","@id":"https:\/\/hi-nd.com\/es\/producto\/soporte-de-techo-para-caja-de-techo-copy-copy\/","url":"https:\/\/hi-nd.com\/es\/producto\/soporte-de-techo-para-caja-de-techo-copy-copy\/","name":"Carcasa mural para Samsung E-paper - HI-ND","isPartOf":{"@id":"https:\/\/hi-nd.com\/#website"},"primaryImageOfPage":{"@id":"https:\/\/hi-nd.com\/es\/producto\/soporte-de-techo-para-caja-de-techo-copy-copy\/#primaryimage"},"image":{"@id":"https:\/\/hi-nd.com\/es\/producto\/soporte-de-techo-para-caja-de-techo-copy-copy\/#primaryimage"},"thumbnailUrl":"https:\/\/hi-nd.com\/wp-content\/uploads\/2025\/12\/Svart-H-med-bild-scaled.png","datePublished":"2025-12-02T11:50:02+00:00","dateModified":"2026-01-23T13:39:23+00:00","description":"Nuestras carcasas de techo est\u00e1n dise\u00f1adas para ser utilizadas con nuestros tubos o cables telesc\u00f3picos a medida. El tubo telesc\u00f3pico es ajustable.","breadcrumb":{"@id":"https:\/\/hi-nd.com\/es\/producto\/soporte-de-techo-para-caja-de-techo-copy-copy\/#breadcrumb"},"inLanguage":"es","potentialAction":[{"@type":"ReadAction","target":["https:\/\/hi-nd.com\/es\/producto\/soporte-de-techo-para-caja-de-techo-copy-copy\/"]}]},{"@type":"ImageObject","inLanguage":"es","@id":"https:\/\/hi-nd.com\/es\/producto\/soporte-de-techo-para-caja-de-techo-copy-copy\/#primaryimage","url":"https:\/\/hi-nd.com\/wp-content\/uploads\/2025\/12\/Svart-H-med-bild-scaled.png","contentUrl":"https:\/\/hi-nd.com\/wp-content\/uploads\/2025\/12\/Svart-H-med-bild-scaled.png","width":2560,"height":1711},{"@type":"BreadcrumbList","@id":"https:\/\/hi-nd.com\/es\/producto\/soporte-de-techo-para-caja-de-techo-copy-copy\/#breadcrumb","itemListElement":[{"@type":"ListItem","position":1,"name":"Home","item":"https:\/\/hi-nd.com\/es\/"},{"@type":"ListItem","position":2,"name":"Tienda","item":"https:\/\/hi-nd.com\/es\/tienda\/"},{"@type":"ListItem","position":3,"name":"Carcasa mural para Samsung E-paper"}]},{"@type":"WebSite","@id":"https:\/\/hi-nd.com\/#website","url":"https:\/\/hi-nd.com\/","name":"HI-ND","description":"Mounting Solutions","potentialAction":[{"@type":"SearchAction","target":{"@type":"EntryPoint","urlTemplate":"https:\/\/hi-nd.com\/?s={search_term_string}"},"query-input":{"@type":"PropertyValueSpecification","valueRequired":true,"valueName":"search_term_string"}}],"inLanguage":"es"}]}},"_links":{"self":[{"href":"https:\/\/hi-nd.com\/es\/wp-json\/wp\/v2\/product\/9362","targetHints":{"allow":["GET"]}}],"collection":[{"href":"https:\/\/hi-nd.com\/es\/wp-json\/wp\/v2\/product"}],"about":[{"href":"https:\/\/hi-nd.com\/es\/wp-json\/wp\/v2\/types\/product"}],"wp:featuredmedia":[{"embeddable":true,"href":"https:\/\/hi-nd.com\/es\/wp-json\/wp\/v2\/media\/9367"}],"wp:attachment":[{"href":"https:\/\/hi-nd.com\/es\/wp-json\/wp\/v2\/media?parent=9362"}],"wp:term":[{"taxonomy":"product_brand","embeddable":true,"href":"https:\/\/hi-nd.com\/es\/wp-json\/wp\/v2\/product_brand?post=9362"},{"taxonomy":"product_cat","embeddable":true,"href":"https:\/\/hi-nd.com\/es\/wp-json\/wp\/v2\/product_cat?post=9362"},{"taxonomy":"product_tag","embeddable":true,"href":"https:\/\/hi-nd.com\/es\/wp-json\/wp\/v2\/product_tag?post=9362"}],"curies":[{"name":"wp","href":"https:\/\/api.w.org\/{rel}","templated":true}]}}