{"id":9353,"date":"2025-12-02T12:28:12","date_gmt":"2025-12-02T11:28:12","guid":{"rendered":"https:\/\/hi-nd.com\/?post_type=product&#038;p=9353"},"modified":"2026-01-23T14:04:41","modified_gmt":"2026-01-23T13:04:41","slug":"soporte-de-techo-para-caja-de-techo-copy","status":"publish","type":"product","link":"https:\/\/hi-nd.com\/es\/producto\/soporte-de-techo-para-caja-de-techo-copy\/","title":{"rendered":"Soporte de techo para carcasa de techo (montaje posterior)"},"content":{"rendered":"<p>&nbsp;<\/p>\n<table style=\"height: 203px;\" width=\"648\">\n<tbody>\n<tr>\n<td width=\"149\">N\u00famero de pieza<\/td>\n<td width=\"391\">Descripci\u00f3n<\/td>\n<td width=\"127\">Color<\/td>\n<\/tr>\n<tr>\n<td>CM5000-5110-01<\/td>\n<td>Soporte de techo con inclinaci\u00f3n para carcasa (montaje posterior)<\/td>\n<td>Blanco<\/td>\n<\/tr>\n<tr>\n<td>CM5000-5110-02<\/td>\n<td>Soporte de techo con inclinaci\u00f3n para carcasa (montaje posterior)<\/td>\n<td>Negro<\/td>\n<\/tr>\n<tr>\n<td>CM5000-5135-01<\/td>\n<td>Tubo de prolongaci\u00f3n, 100 cm<\/td>\n<td>Blanco<\/td>\n<\/tr>\n<tr>\n<td>CM5000-5135-02<\/td>\n<td>Tubo de prolongaci\u00f3n, 100 cm<\/td>\n<td>Negro<\/td>\n<\/tr>\n<\/tbody>\n<\/table>\n<p>&nbsp;<\/p>\n","protected":false},"excerpt":{"rendered":"<p>El soporte de techo inclinable HI-ND (sin carcasa incluida) es un vers\u00e1til soporte de techo de movimiento completo dise\u00f1ado para adaptarse a carcasas de 32&#8243;-65&#8243;. El soporte permite inclinar la pantalla hacia abajo para obtener \u00e1ngulos de visi\u00f3n \u00f3ptimos y cuenta con altura ajustable para un posicionamiento perfecto. La gesti\u00f3n de cables integrada mantiene la instalaci\u00f3n limpia y organizada. Tambi\u00e9n ofrecemos <a href=\"https:\/\/hi-nd.com\/product\/extension-pipes\/\">tubos de extensi\u00f3n de 100 cm<\/a>.   <\/p>\n<p><strong>Regulaci\u00f3n de altura telesc\u00f3pica:<\/strong><br \/>\nDe 68-88 cm<\/p>\n<p><strong>Inclinaci\u00f3n:<\/strong><br \/>\nSe inclina hasta 15\u00b0.<\/p>\n<p><strong>VESA:<\/strong><br \/>\n100\u00d7100 &#8211; 400\u00d7400<\/p>\n<p><strong>Peso m\u00e1ximo:<\/strong><br \/>\nHasta 50 kg<\/p>\n","protected":false},"featured_media":9670,"template":"","meta":[],"product_brand":[],"product_cat":[100,84],"product_tag":[],"class_list":{"0":"post-9353","1":"product","2":"type-product","3":"status-publish","4":"has-post-thumbnail","6":"product_cat-montaje-en-techo","7":"product_cat-techo","9":"first","10":"instock","11":"shipping-taxable","12":"product-type-simple"},"yoast_head":"<!-- This site is optimized with the Yoast SEO plugin v27.3 - https:\/\/yoast.com\/product\/yoast-seo-wordpress\/ -->\n<title>Soporte de techo para carcasa de techo (montaje posterior) - HI-ND<\/title>\n<meta name=\"description\" content=\"Nuestras carcasas de techo est\u00e1n dise\u00f1adas para ser utilizadas con nuestros tubos o cables telesc\u00f3picos a medida. El tubo telesc\u00f3pico es ajustable.\" \/>\n<meta name=\"robots\" content=\"index, follow, max-snippet:-1, max-image-preview:large, max-video-preview:-1\" \/>\n<link rel=\"canonical\" href=\"https:\/\/hi-nd.com\/es\/producto\/soporte-de-techo-para-caja-de-techo-copy\/\" \/>\n<meta property=\"og:locale\" content=\"es_ES\" \/>\n<meta property=\"og:type\" content=\"article\" \/>\n<meta property=\"og:title\" content=\"Soporte de techo para carcasa de techo (montaje posterior) - HI-ND\" \/>\n<meta property=\"og:description\" content=\"Nuestras carcasas de techo est\u00e1n dise\u00f1adas para ser utilizadas con nuestros tubos o cables telesc\u00f3picos a medida. El tubo telesc\u00f3pico es ajustable.\" \/>\n<meta property=\"og:url\" content=\"https:\/\/hi-nd.com\/es\/producto\/soporte-de-techo-para-caja-de-techo-copy\/\" \/>\n<meta property=\"og:site_name\" content=\"HI-ND\" \/>\n<meta property=\"article:modified_time\" content=\"2026-01-23T13:04:41+00:00\" \/>\n<meta property=\"og:image\" content=\"https:\/\/hi-nd.com\/wp-content\/uploads\/2025\/12\/CM5000-5110-1_01-750x750-1.jpg\" \/>\n\t<meta property=\"og:image:width\" content=\"750\" \/>\n\t<meta property=\"og:image:height\" content=\"750\" \/>\n\t<meta property=\"og:image:type\" content=\"image\/jpeg\" \/>\n<meta name=\"twitter:card\" content=\"summary_large_image\" \/>\n<script type=\"application\/ld+json\" class=\"yoast-schema-graph\">{\"@context\":\"https:\\\/\\\/schema.org\",\"@graph\":[{\"@type\":\"WebPage\",\"@id\":\"https:\\\/\\\/hi-nd.com\\\/es\\\/producto\\\/soporte-de-techo-para-caja-de-techo-copy\\\/\",\"url\":\"https:\\\/\\\/hi-nd.com\\\/es\\\/producto\\\/soporte-de-techo-para-caja-de-techo-copy\\\/\",\"name\":\"Soporte de techo para carcasa de techo (montaje posterior) - HI-ND\",\"isPartOf\":{\"@id\":\"https:\\\/\\\/hi-nd.com\\\/#website\"},\"primaryImageOfPage\":{\"@id\":\"https:\\\/\\\/hi-nd.com\\\/es\\\/producto\\\/soporte-de-techo-para-caja-de-techo-copy\\\/#primaryimage\"},\"image\":{\"@id\":\"https:\\\/\\\/hi-nd.com\\\/es\\\/producto\\\/soporte-de-techo-para-caja-de-techo-copy\\\/#primaryimage\"},\"thumbnailUrl\":\"https:\\\/\\\/hi-nd.com\\\/wp-content\\\/uploads\\\/2025\\\/12\\\/CM5000-5110-1_01-750x750-1.jpg\",\"datePublished\":\"2025-12-02T11:28:12+00:00\",\"dateModified\":\"2026-01-23T13:04:41+00:00\",\"description\":\"Nuestras carcasas de techo est\u00e1n dise\u00f1adas para ser utilizadas con nuestros tubos o cables telesc\u00f3picos a medida. El tubo telesc\u00f3pico es ajustable.\",\"breadcrumb\":{\"@id\":\"https:\\\/\\\/hi-nd.com\\\/es\\\/producto\\\/soporte-de-techo-para-caja-de-techo-copy\\\/#breadcrumb\"},\"inLanguage\":\"es\",\"potentialAction\":[{\"@type\":\"ReadAction\",\"target\":[\"https:\\\/\\\/hi-nd.com\\\/es\\\/producto\\\/soporte-de-techo-para-caja-de-techo-copy\\\/\"]}]},{\"@type\":\"ImageObject\",\"inLanguage\":\"es\",\"@id\":\"https:\\\/\\\/hi-nd.com\\\/es\\\/producto\\\/soporte-de-techo-para-caja-de-techo-copy\\\/#primaryimage\",\"url\":\"https:\\\/\\\/hi-nd.com\\\/wp-content\\\/uploads\\\/2025\\\/12\\\/CM5000-5110-1_01-750x750-1.jpg\",\"contentUrl\":\"https:\\\/\\\/hi-nd.com\\\/wp-content\\\/uploads\\\/2025\\\/12\\\/CM5000-5110-1_01-750x750-1.jpg\",\"width\":750,\"height\":750,\"caption\":\"back mounted ceiling mount\"},{\"@type\":\"BreadcrumbList\",\"@id\":\"https:\\\/\\\/hi-nd.com\\\/es\\\/producto\\\/soporte-de-techo-para-caja-de-techo-copy\\\/#breadcrumb\",\"itemListElement\":[{\"@type\":\"ListItem\",\"position\":1,\"name\":\"Home\",\"item\":\"https:\\\/\\\/hi-nd.com\\\/es\\\/\"},{\"@type\":\"ListItem\",\"position\":2,\"name\":\"Tienda\",\"item\":\"https:\\\/\\\/hi-nd.com\\\/es\\\/tienda\\\/\"},{\"@type\":\"ListItem\",\"position\":3,\"name\":\"Soporte de techo para carcasa de techo (montaje posterior)\"}]},{\"@type\":\"WebSite\",\"@id\":\"https:\\\/\\\/hi-nd.com\\\/#website\",\"url\":\"https:\\\/\\\/hi-nd.com\\\/\",\"name\":\"HI-ND\",\"description\":\"Mounting Solutions\",\"potentialAction\":[{\"@type\":\"SearchAction\",\"target\":{\"@type\":\"EntryPoint\",\"urlTemplate\":\"https:\\\/\\\/hi-nd.com\\\/?s={search_term_string}\"},\"query-input\":{\"@type\":\"PropertyValueSpecification\",\"valueRequired\":true,\"valueName\":\"search_term_string\"}}],\"inLanguage\":\"es\"}]}<\/script>\n<!-- \/ Yoast SEO plugin. -->","yoast_head_json":{"title":"Soporte de techo para carcasa de techo (montaje posterior) - HI-ND","description":"Nuestras carcasas de techo est\u00e1n dise\u00f1adas para ser utilizadas con nuestros tubos o cables telesc\u00f3picos a medida. El tubo telesc\u00f3pico es ajustable.","robots":{"index":"index","follow":"follow","max-snippet":"max-snippet:-1","max-image-preview":"max-image-preview:large","max-video-preview":"max-video-preview:-1"},"canonical":"https:\/\/hi-nd.com\/es\/producto\/soporte-de-techo-para-caja-de-techo-copy\/","og_locale":"es_ES","og_type":"article","og_title":"Soporte de techo para carcasa de techo (montaje posterior) - HI-ND","og_description":"Nuestras carcasas de techo est\u00e1n dise\u00f1adas para ser utilizadas con nuestros tubos o cables telesc\u00f3picos a medida. El tubo telesc\u00f3pico es ajustable.","og_url":"https:\/\/hi-nd.com\/es\/producto\/soporte-de-techo-para-caja-de-techo-copy\/","og_site_name":"HI-ND","article_modified_time":"2026-01-23T13:04:41+00:00","og_image":[{"width":750,"height":750,"url":"https:\/\/hi-nd.com\/wp-content\/uploads\/2025\/12\/CM5000-5110-1_01-750x750-1.jpg","type":"image\/jpeg"}],"twitter_card":"summary_large_image","schema":{"@context":"https:\/\/schema.org","@graph":[{"@type":"WebPage","@id":"https:\/\/hi-nd.com\/es\/producto\/soporte-de-techo-para-caja-de-techo-copy\/","url":"https:\/\/hi-nd.com\/es\/producto\/soporte-de-techo-para-caja-de-techo-copy\/","name":"Soporte de techo para carcasa de techo (montaje posterior) - HI-ND","isPartOf":{"@id":"https:\/\/hi-nd.com\/#website"},"primaryImageOfPage":{"@id":"https:\/\/hi-nd.com\/es\/producto\/soporte-de-techo-para-caja-de-techo-copy\/#primaryimage"},"image":{"@id":"https:\/\/hi-nd.com\/es\/producto\/soporte-de-techo-para-caja-de-techo-copy\/#primaryimage"},"thumbnailUrl":"https:\/\/hi-nd.com\/wp-content\/uploads\/2025\/12\/CM5000-5110-1_01-750x750-1.jpg","datePublished":"2025-12-02T11:28:12+00:00","dateModified":"2026-01-23T13:04:41+00:00","description":"Nuestras carcasas de techo est\u00e1n dise\u00f1adas para ser utilizadas con nuestros tubos o cables telesc\u00f3picos a medida. El tubo telesc\u00f3pico es ajustable.","breadcrumb":{"@id":"https:\/\/hi-nd.com\/es\/producto\/soporte-de-techo-para-caja-de-techo-copy\/#breadcrumb"},"inLanguage":"es","potentialAction":[{"@type":"ReadAction","target":["https:\/\/hi-nd.com\/es\/producto\/soporte-de-techo-para-caja-de-techo-copy\/"]}]},{"@type":"ImageObject","inLanguage":"es","@id":"https:\/\/hi-nd.com\/es\/producto\/soporte-de-techo-para-caja-de-techo-copy\/#primaryimage","url":"https:\/\/hi-nd.com\/wp-content\/uploads\/2025\/12\/CM5000-5110-1_01-750x750-1.jpg","contentUrl":"https:\/\/hi-nd.com\/wp-content\/uploads\/2025\/12\/CM5000-5110-1_01-750x750-1.jpg","width":750,"height":750,"caption":"back mounted ceiling mount"},{"@type":"BreadcrumbList","@id":"https:\/\/hi-nd.com\/es\/producto\/soporte-de-techo-para-caja-de-techo-copy\/#breadcrumb","itemListElement":[{"@type":"ListItem","position":1,"name":"Home","item":"https:\/\/hi-nd.com\/es\/"},{"@type":"ListItem","position":2,"name":"Tienda","item":"https:\/\/hi-nd.com\/es\/tienda\/"},{"@type":"ListItem","position":3,"name":"Soporte de techo para carcasa de techo (montaje posterior)"}]},{"@type":"WebSite","@id":"https:\/\/hi-nd.com\/#website","url":"https:\/\/hi-nd.com\/","name":"HI-ND","description":"Mounting Solutions","potentialAction":[{"@type":"SearchAction","target":{"@type":"EntryPoint","urlTemplate":"https:\/\/hi-nd.com\/?s={search_term_string}"},"query-input":{"@type":"PropertyValueSpecification","valueRequired":true,"valueName":"search_term_string"}}],"inLanguage":"es"}]}},"_links":{"self":[{"href":"https:\/\/hi-nd.com\/es\/wp-json\/wp\/v2\/product\/9353","targetHints":{"allow":["GET"]}}],"collection":[{"href":"https:\/\/hi-nd.com\/es\/wp-json\/wp\/v2\/product"}],"about":[{"href":"https:\/\/hi-nd.com\/es\/wp-json\/wp\/v2\/types\/product"}],"wp:featuredmedia":[{"embeddable":true,"href":"https:\/\/hi-nd.com\/es\/wp-json\/wp\/v2\/media\/9670"}],"wp:attachment":[{"href":"https:\/\/hi-nd.com\/es\/wp-json\/wp\/v2\/media?parent=9353"}],"wp:term":[{"taxonomy":"product_brand","embeddable":true,"href":"https:\/\/hi-nd.com\/es\/wp-json\/wp\/v2\/product_brand?post=9353"},{"taxonomy":"product_cat","embeddable":true,"href":"https:\/\/hi-nd.com\/es\/wp-json\/wp\/v2\/product_cat?post=9353"},{"taxonomy":"product_tag","embeddable":true,"href":"https:\/\/hi-nd.com\/es\/wp-json\/wp\/v2\/product_tag?post=9353"}],"curies":[{"name":"wp","href":"https:\/\/api.w.org\/{rel}","templated":true}]}}