{"id":9293,"date":"2025-09-22T09:04:56","date_gmt":"2025-09-22T07:04:56","guid":{"rendered":"https:\/\/hi-nd.com\/?post_type=product&#038;p=9293"},"modified":"2026-01-23T14:40:44","modified_gmt":"2026-01-23T13:40:44","slug":"totem-de-exterior-samsung-oh55a-s-y-oh46b-copy","status":"publish","type":"product","link":"https:\/\/hi-nd.com\/es\/producto\/totem-de-exterior-samsung-oh55a-s-y-oh46b-copy\/","title":{"rendered":"Bloque de cimentaci\u00f3n de hormig\u00f3n"},"content":{"rendered":"<table style=\"font-size: 14.4px;\" border=\"0\" cellspacing=\"0\">\n<colgroup width=\"184\"><\/colgroup>\n<tbody>\n<tr>\n<td align=\"left\" height=\"26\"><b>N\u00famero de pieza<\/b><\/td>\n<td align=\"left\"><b> Descripci\u00f3n<\/b><\/td>\n<td align=\"left\"><b> Medidas<\/b><\/td>\n<\/tr>\n<tr>\n<td align=\"left\" height=\"26\"> BF-0101-55<\/td>\n<td align=\"left\"> Bloque de cimentaci\u00f3n de hormig\u00f3n para exteriores 55<\/td>\n<td align=\"left\"> 1200x800x160 mm, 400 kg<\/td>\n<\/tr>\n<tr>\n<td align=\"left\" height=\"26\"> BF-0101-75<\/td>\n<td align=\"left\"> Bloque de cimentaci\u00f3n de hormig\u00f3n para exterior 75<\/td>\n<td align=\"left\"> 1400x800x160 mm, 500 kg<\/td>\n<\/tr>\n<\/tbody>\n<\/table>\n","protected":false},"excerpt":{"rendered":"<p data-start=\"45\" data-end=\"156\">Ahora proporcionamos cimientos de bloques de hormig\u00f3n ya hechos para t\u00f3tems de exterior, disponibles en dos tama\u00f1os: 55&#8243; y 75&#8243;.<\/p>\n<ul data-start=\"157\" data-end=\"310\">\n<li data-start=\"157\" data-end=\"224\">\n<p data-start=\"159\" data-end=\"224\">El t\u00f3tem de 55&#8243; mide 1200\u00d7800\u00d7160 mm y pesa 400 kg.<\/p>\n<\/li>\n<li data-start=\"225\" data-end=\"310\">\n<p data-start=\"227\" data-end=\"310\">El t\u00f3tem de 75&#8243; es ligeramente m\u00e1s grande, de 1400\u00d7800\u00d7160 mm, y pesa 500 kg.<\/p>\n<\/li>\n<\/ul>\n","protected":false},"featured_media":9298,"template":"","meta":[],"product_brand":[],"product_cat":[76],"product_tag":[],"class_list":{"0":"post-9293","1":"product","2":"type-product","3":"status-publish","4":"has-post-thumbnail","6":"product_cat-exterior","8":"first","9":"instock","10":"shipping-taxable","11":"product-type-simple"},"yoast_head":"<!-- This site is optimized with the Yoast SEO plugin v27.3 - https:\/\/yoast.com\/product\/yoast-seo-wordpress\/ -->\n<title>Bloque de cimentaci\u00f3n de hormig\u00f3n - HI-ND<\/title>\n<meta name=\"description\" content=\"El t\u00f3tem para exteriores HI-ND est\u00e1 dise\u00f1ado para Samsung OH55A-S. Es un t\u00f3tem \u00fanico perfecto para el marketing y la informaci\u00f3n en el exterior.\" \/>\n<meta name=\"robots\" content=\"index, follow, max-snippet:-1, max-image-preview:large, max-video-preview:-1\" \/>\n<link rel=\"canonical\" href=\"https:\/\/hi-nd.com\/es\/producto\/totem-de-exterior-samsung-oh55a-s-y-oh46b-copy\/\" \/>\n<meta property=\"og:locale\" content=\"es_ES\" \/>\n<meta property=\"og:type\" content=\"article\" \/>\n<meta property=\"og:title\" content=\"Bloque de cimentaci\u00f3n de hormig\u00f3n - HI-ND\" \/>\n<meta property=\"og:description\" content=\"El t\u00f3tem para exteriores HI-ND est\u00e1 dise\u00f1ado para Samsung OH55A-S. Es un t\u00f3tem \u00fanico perfecto para el marketing y la informaci\u00f3n en el exterior.\" \/>\n<meta property=\"og:url\" content=\"https:\/\/hi-nd.com\/es\/producto\/totem-de-exterior-samsung-oh55a-s-y-oh46b-copy\/\" \/>\n<meta property=\"og:site_name\" content=\"HI-ND\" \/>\n<meta property=\"article:modified_time\" content=\"2026-01-23T13:40:44+00:00\" \/>\n<meta property=\"og:image\" content=\"https:\/\/hi-nd.com\/wp-content\/uploads\/2025\/09\/Outdoor-totem-OD5517-5401-750x750-1.jpg\" \/>\n\t<meta property=\"og:image:width\" content=\"750\" \/>\n\t<meta property=\"og:image:height\" content=\"750\" \/>\n\t<meta property=\"og:image:type\" content=\"image\/jpeg\" \/>\n<meta name=\"twitter:card\" content=\"summary_large_image\" \/>\n<script type=\"application\/ld+json\" class=\"yoast-schema-graph\">{\"@context\":\"https:\\\/\\\/schema.org\",\"@graph\":[{\"@type\":\"WebPage\",\"@id\":\"https:\\\/\\\/hi-nd.com\\\/es\\\/producto\\\/totem-de-exterior-samsung-oh55a-s-y-oh46b-copy\\\/\",\"url\":\"https:\\\/\\\/hi-nd.com\\\/es\\\/producto\\\/totem-de-exterior-samsung-oh55a-s-y-oh46b-copy\\\/\",\"name\":\"Bloque de cimentaci\u00f3n de hormig\u00f3n - HI-ND\",\"isPartOf\":{\"@id\":\"https:\\\/\\\/hi-nd.com\\\/#website\"},\"primaryImageOfPage\":{\"@id\":\"https:\\\/\\\/hi-nd.com\\\/es\\\/producto\\\/totem-de-exterior-samsung-oh55a-s-y-oh46b-copy\\\/#primaryimage\"},\"image\":{\"@id\":\"https:\\\/\\\/hi-nd.com\\\/es\\\/producto\\\/totem-de-exterior-samsung-oh55a-s-y-oh46b-copy\\\/#primaryimage\"},\"thumbnailUrl\":\"https:\\\/\\\/hi-nd.com\\\/wp-content\\\/uploads\\\/2025\\\/09\\\/Outdoor-totem-OD5517-5401-750x750-1.jpg\",\"datePublished\":\"2025-09-22T07:04:56+00:00\",\"dateModified\":\"2026-01-23T13:40:44+00:00\",\"description\":\"El t\u00f3tem para exteriores HI-ND est\u00e1 dise\u00f1ado para Samsung OH55A-S. Es un t\u00f3tem \u00fanico perfecto para el marketing y la informaci\u00f3n en el exterior.\",\"breadcrumb\":{\"@id\":\"https:\\\/\\\/hi-nd.com\\\/es\\\/producto\\\/totem-de-exterior-samsung-oh55a-s-y-oh46b-copy\\\/#breadcrumb\"},\"inLanguage\":\"es\",\"potentialAction\":[{\"@type\":\"ReadAction\",\"target\":[\"https:\\\/\\\/hi-nd.com\\\/es\\\/producto\\\/totem-de-exterior-samsung-oh55a-s-y-oh46b-copy\\\/\"]}]},{\"@type\":\"ImageObject\",\"inLanguage\":\"es\",\"@id\":\"https:\\\/\\\/hi-nd.com\\\/es\\\/producto\\\/totem-de-exterior-samsung-oh55a-s-y-oh46b-copy\\\/#primaryimage\",\"url\":\"https:\\\/\\\/hi-nd.com\\\/wp-content\\\/uploads\\\/2025\\\/09\\\/Outdoor-totem-OD5517-5401-750x750-1.jpg\",\"contentUrl\":\"https:\\\/\\\/hi-nd.com\\\/wp-content\\\/uploads\\\/2025\\\/09\\\/Outdoor-totem-OD5517-5401-750x750-1.jpg\",\"width\":750,\"height\":750,\"caption\":\"cimientos de bloques de hormig\u00f3n\"},{\"@type\":\"BreadcrumbList\",\"@id\":\"https:\\\/\\\/hi-nd.com\\\/es\\\/producto\\\/totem-de-exterior-samsung-oh55a-s-y-oh46b-copy\\\/#breadcrumb\",\"itemListElement\":[{\"@type\":\"ListItem\",\"position\":1,\"name\":\"Home\",\"item\":\"https:\\\/\\\/hi-nd.com\\\/es\\\/\"},{\"@type\":\"ListItem\",\"position\":2,\"name\":\"Tienda\",\"item\":\"https:\\\/\\\/hi-nd.com\\\/es\\\/tienda\\\/\"},{\"@type\":\"ListItem\",\"position\":3,\"name\":\"Bloque de cimentaci\u00f3n de hormig\u00f3n\"}]},{\"@type\":\"WebSite\",\"@id\":\"https:\\\/\\\/hi-nd.com\\\/#website\",\"url\":\"https:\\\/\\\/hi-nd.com\\\/\",\"name\":\"HI-ND\",\"description\":\"Mounting Solutions\",\"potentialAction\":[{\"@type\":\"SearchAction\",\"target\":{\"@type\":\"EntryPoint\",\"urlTemplate\":\"https:\\\/\\\/hi-nd.com\\\/?s={search_term_string}\"},\"query-input\":{\"@type\":\"PropertyValueSpecification\",\"valueRequired\":true,\"valueName\":\"search_term_string\"}}],\"inLanguage\":\"es\"}]}<\/script>\n<!-- \/ Yoast SEO plugin. -->","yoast_head_json":{"title":"Bloque de cimentaci\u00f3n de hormig\u00f3n - HI-ND","description":"El t\u00f3tem para exteriores HI-ND est\u00e1 dise\u00f1ado para Samsung OH55A-S. Es un t\u00f3tem \u00fanico perfecto para el marketing y la informaci\u00f3n en el exterior.","robots":{"index":"index","follow":"follow","max-snippet":"max-snippet:-1","max-image-preview":"max-image-preview:large","max-video-preview":"max-video-preview:-1"},"canonical":"https:\/\/hi-nd.com\/es\/producto\/totem-de-exterior-samsung-oh55a-s-y-oh46b-copy\/","og_locale":"es_ES","og_type":"article","og_title":"Bloque de cimentaci\u00f3n de hormig\u00f3n - HI-ND","og_description":"El t\u00f3tem para exteriores HI-ND est\u00e1 dise\u00f1ado para Samsung OH55A-S. Es un t\u00f3tem \u00fanico perfecto para el marketing y la informaci\u00f3n en el exterior.","og_url":"https:\/\/hi-nd.com\/es\/producto\/totem-de-exterior-samsung-oh55a-s-y-oh46b-copy\/","og_site_name":"HI-ND","article_modified_time":"2026-01-23T13:40:44+00:00","og_image":[{"width":750,"height":750,"url":"https:\/\/hi-nd.com\/wp-content\/uploads\/2025\/09\/Outdoor-totem-OD5517-5401-750x750-1.jpg","type":"image\/jpeg"}],"twitter_card":"summary_large_image","schema":{"@context":"https:\/\/schema.org","@graph":[{"@type":"WebPage","@id":"https:\/\/hi-nd.com\/es\/producto\/totem-de-exterior-samsung-oh55a-s-y-oh46b-copy\/","url":"https:\/\/hi-nd.com\/es\/producto\/totem-de-exterior-samsung-oh55a-s-y-oh46b-copy\/","name":"Bloque de cimentaci\u00f3n de hormig\u00f3n - HI-ND","isPartOf":{"@id":"https:\/\/hi-nd.com\/#website"},"primaryImageOfPage":{"@id":"https:\/\/hi-nd.com\/es\/producto\/totem-de-exterior-samsung-oh55a-s-y-oh46b-copy\/#primaryimage"},"image":{"@id":"https:\/\/hi-nd.com\/es\/producto\/totem-de-exterior-samsung-oh55a-s-y-oh46b-copy\/#primaryimage"},"thumbnailUrl":"https:\/\/hi-nd.com\/wp-content\/uploads\/2025\/09\/Outdoor-totem-OD5517-5401-750x750-1.jpg","datePublished":"2025-09-22T07:04:56+00:00","dateModified":"2026-01-23T13:40:44+00:00","description":"El t\u00f3tem para exteriores HI-ND est\u00e1 dise\u00f1ado para Samsung OH55A-S. Es un t\u00f3tem \u00fanico perfecto para el marketing y la informaci\u00f3n en el exterior.","breadcrumb":{"@id":"https:\/\/hi-nd.com\/es\/producto\/totem-de-exterior-samsung-oh55a-s-y-oh46b-copy\/#breadcrumb"},"inLanguage":"es","potentialAction":[{"@type":"ReadAction","target":["https:\/\/hi-nd.com\/es\/producto\/totem-de-exterior-samsung-oh55a-s-y-oh46b-copy\/"]}]},{"@type":"ImageObject","inLanguage":"es","@id":"https:\/\/hi-nd.com\/es\/producto\/totem-de-exterior-samsung-oh55a-s-y-oh46b-copy\/#primaryimage","url":"https:\/\/hi-nd.com\/wp-content\/uploads\/2025\/09\/Outdoor-totem-OD5517-5401-750x750-1.jpg","contentUrl":"https:\/\/hi-nd.com\/wp-content\/uploads\/2025\/09\/Outdoor-totem-OD5517-5401-750x750-1.jpg","width":750,"height":750,"caption":"cimientos de bloques de hormig\u00f3n"},{"@type":"BreadcrumbList","@id":"https:\/\/hi-nd.com\/es\/producto\/totem-de-exterior-samsung-oh55a-s-y-oh46b-copy\/#breadcrumb","itemListElement":[{"@type":"ListItem","position":1,"name":"Home","item":"https:\/\/hi-nd.com\/es\/"},{"@type":"ListItem","position":2,"name":"Tienda","item":"https:\/\/hi-nd.com\/es\/tienda\/"},{"@type":"ListItem","position":3,"name":"Bloque de cimentaci\u00f3n de hormig\u00f3n"}]},{"@type":"WebSite","@id":"https:\/\/hi-nd.com\/#website","url":"https:\/\/hi-nd.com\/","name":"HI-ND","description":"Mounting Solutions","potentialAction":[{"@type":"SearchAction","target":{"@type":"EntryPoint","urlTemplate":"https:\/\/hi-nd.com\/?s={search_term_string}"},"query-input":{"@type":"PropertyValueSpecification","valueRequired":true,"valueName":"search_term_string"}}],"inLanguage":"es"}]}},"_links":{"self":[{"href":"https:\/\/hi-nd.com\/es\/wp-json\/wp\/v2\/product\/9293","targetHints":{"allow":["GET"]}}],"collection":[{"href":"https:\/\/hi-nd.com\/es\/wp-json\/wp\/v2\/product"}],"about":[{"href":"https:\/\/hi-nd.com\/es\/wp-json\/wp\/v2\/types\/product"}],"wp:featuredmedia":[{"embeddable":true,"href":"https:\/\/hi-nd.com\/es\/wp-json\/wp\/v2\/media\/9298"}],"wp:attachment":[{"href":"https:\/\/hi-nd.com\/es\/wp-json\/wp\/v2\/media?parent=9293"}],"wp:term":[{"taxonomy":"product_brand","embeddable":true,"href":"https:\/\/hi-nd.com\/es\/wp-json\/wp\/v2\/product_brand?post=9293"},{"taxonomy":"product_cat","embeddable":true,"href":"https:\/\/hi-nd.com\/es\/wp-json\/wp\/v2\/product_cat?post=9293"},{"taxonomy":"product_tag","embeddable":true,"href":"https:\/\/hi-nd.com\/es\/wp-json\/wp\/v2\/product_tag?post=9293"}],"curies":[{"name":"wp","href":"https:\/\/api.w.org\/{rel}","templated":true}]}}