{"id":8157,"date":"2024-12-13T14:32:09","date_gmt":"2024-12-13T13:32:09","guid":{"rendered":"https:\/\/hi-nd.com\/?post_type=product&#038;p=8157"},"modified":"2026-01-23T14:53:39","modified_gmt":"2026-01-23T13:53:39","slug":"nueva-ventana-para-carcasa-de-techo-para-samsung-om55-copy-2","status":"publish","type":"product","link":"https:\/\/hi-nd.com\/es\/producto\/nueva-ventana-para-carcasa-de-techo-para-samsung-om55-copy-2\/","title":{"rendered":"Q Revestimiento de techo doble cara extensible 37"},"content":{"rendered":"<table style=\"height: 100px;\" width=\"773\">\n<tbody>\n<tr>\n<td width=\"150\"><em> N\u00famero de pieza<\/em><\/td>\n<td width=\"230 \"><em> Descripci\u00f3n<\/em><\/td>\n<td width=\"330 \"><em> Pantallas compatibles<\/em><\/td>\n<td width=\"73\"><em> Color<\/em><\/td>\n<\/tr>\n<tr>\n<td> DS3712-0101-01<\/td>\n<td> Doble cara extensible 37<\/td>\n<td> Samsung SH37C &#8211; LG 37BH7N<\/td>\n<td> Blanco<\/td>\n<\/tr>\n<tr>\n<td> DS3712-0101-02<\/td>\n<td> Doble cara extensible 37<\/td>\n<td> Samsung SH37C &#8211; LG 37BH7N<\/td>\n<td> Negro<\/td>\n<\/tr>\n<\/tbody>\n<\/table>\n","protected":false},"excerpt":{"rendered":"<p>El tramo de doble cara est\u00e1 dise\u00f1ado para pantallas de 37&#8243;. Es la soluci\u00f3n perfecta para soluciones de se\u00f1alizaci\u00f3n digital en tiendas. <\/p>\n<p>Color blanco y negro de serie<br \/>\nTodos los cables est\u00e1n ocultos<\/p>\n","protected":false},"featured_media":9625,"template":"","meta":[],"product_brand":[],"product_cat":[85,84],"product_tag":[],"class_list":{"0":"post-8157","1":"product","2":"type-product","3":"status-publish","4":"has-post-thumbnail","6":"product_cat-carcasa","7":"product_cat-techo","9":"first","10":"instock","11":"shipping-taxable","12":"product-type-simple"},"yoast_head":"<!-- This site is optimized with the Yoast SEO plugin v27.3 - https:\/\/yoast.com\/product\/yoast-seo-wordpress\/ -->\n<title>Q Revestimiento de techo doble cara extensible 37 - HI-ND<\/title>\n<meta name=\"robots\" content=\"index, follow, max-snippet:-1, max-image-preview:large, max-video-preview:-1\" \/>\n<link rel=\"canonical\" href=\"https:\/\/hi-nd.com\/es\/producto\/nueva-ventana-para-carcasa-de-techo-para-samsung-om55-copy-2\/\" \/>\n<meta property=\"og:locale\" content=\"es_ES\" \/>\n<meta property=\"og:type\" content=\"article\" \/>\n<meta property=\"og:title\" content=\"Q Revestimiento de techo doble cara extensible 37 - HI-ND\" \/>\n<meta property=\"og:description\" content=\"El tramo de doble cara est\u00e1 dise\u00f1ado para pantallas de 37&quot;. Es la soluci\u00f3n perfecta para soluciones de se\u00f1alizaci\u00f3n digital en tiendas.  Color blanco y negro de serie Todos los cables est\u00e1n ocultos\" \/>\n<meta property=\"og:url\" content=\"https:\/\/hi-nd.com\/es\/producto\/nueva-ventana-para-carcasa-de-techo-para-samsung-om55-copy-2\/\" \/>\n<meta property=\"og:site_name\" content=\"HI-ND\" \/>\n<meta property=\"article:modified_time\" content=\"2026-01-23T13:53:39+00:00\" \/>\n<meta property=\"og:image\" content=\"https:\/\/hi-nd.com\/wp-content\/uploads\/2024\/12\/DC3712-0101-02-750x750-1.jpg\" \/>\n\t<meta property=\"og:image:width\" content=\"750\" \/>\n\t<meta property=\"og:image:height\" content=\"750\" \/>\n\t<meta property=\"og:image:type\" content=\"image\/jpeg\" \/>\n<meta name=\"twitter:card\" content=\"summary_large_image\" \/>\n<script type=\"application\/ld+json\" class=\"yoast-schema-graph\">{\"@context\":\"https:\\\/\\\/schema.org\",\"@graph\":[{\"@type\":\"WebPage\",\"@id\":\"https:\\\/\\\/hi-nd.com\\\/es\\\/producto\\\/nueva-ventana-para-carcasa-de-techo-para-samsung-om55-copy-2\\\/\",\"url\":\"https:\\\/\\\/hi-nd.com\\\/es\\\/producto\\\/nueva-ventana-para-carcasa-de-techo-para-samsung-om55-copy-2\\\/\",\"name\":\"Q Revestimiento de techo doble cara extensible 37 - HI-ND\",\"isPartOf\":{\"@id\":\"https:\\\/\\\/hi-nd.com\\\/#website\"},\"primaryImageOfPage\":{\"@id\":\"https:\\\/\\\/hi-nd.com\\\/es\\\/producto\\\/nueva-ventana-para-carcasa-de-techo-para-samsung-om55-copy-2\\\/#primaryimage\"},\"image\":{\"@id\":\"https:\\\/\\\/hi-nd.com\\\/es\\\/producto\\\/nueva-ventana-para-carcasa-de-techo-para-samsung-om55-copy-2\\\/#primaryimage\"},\"thumbnailUrl\":\"https:\\\/\\\/hi-nd.com\\\/wp-content\\\/uploads\\\/2024\\\/12\\\/DC3712-0101-02-750x750-1.jpg\",\"datePublished\":\"2024-12-13T13:32:09+00:00\",\"dateModified\":\"2026-01-23T13:53:39+00:00\",\"breadcrumb\":{\"@id\":\"https:\\\/\\\/hi-nd.com\\\/es\\\/producto\\\/nueva-ventana-para-carcasa-de-techo-para-samsung-om55-copy-2\\\/#breadcrumb\"},\"inLanguage\":\"es\",\"potentialAction\":[{\"@type\":\"ReadAction\",\"target\":[\"https:\\\/\\\/hi-nd.com\\\/es\\\/producto\\\/nueva-ventana-para-carcasa-de-techo-para-samsung-om55-copy-2\\\/\"]}]},{\"@type\":\"ImageObject\",\"inLanguage\":\"es\",\"@id\":\"https:\\\/\\\/hi-nd.com\\\/es\\\/producto\\\/nueva-ventana-para-carcasa-de-techo-para-samsung-om55-copy-2\\\/#primaryimage\",\"url\":\"https:\\\/\\\/hi-nd.com\\\/wp-content\\\/uploads\\\/2024\\\/12\\\/DC3712-0101-02-750x750-1.jpg\",\"contentUrl\":\"https:\\\/\\\/hi-nd.com\\\/wp-content\\\/uploads\\\/2024\\\/12\\\/DC3712-0101-02-750x750-1.jpg\",\"width\":750,\"height\":750,\"caption\":\"DC3712-0101-02\"},{\"@type\":\"BreadcrumbList\",\"@id\":\"https:\\\/\\\/hi-nd.com\\\/es\\\/producto\\\/nueva-ventana-para-carcasa-de-techo-para-samsung-om55-copy-2\\\/#breadcrumb\",\"itemListElement\":[{\"@type\":\"ListItem\",\"position\":1,\"name\":\"Home\",\"item\":\"https:\\\/\\\/hi-nd.com\\\/es\\\/\"},{\"@type\":\"ListItem\",\"position\":2,\"name\":\"Tienda\",\"item\":\"https:\\\/\\\/hi-nd.com\\\/es\\\/tienda\\\/\"},{\"@type\":\"ListItem\",\"position\":3,\"name\":\"Q Revestimiento de techo doble cara extensible 37\"}]},{\"@type\":\"WebSite\",\"@id\":\"https:\\\/\\\/hi-nd.com\\\/#website\",\"url\":\"https:\\\/\\\/hi-nd.com\\\/\",\"name\":\"HI-ND\",\"description\":\"Mounting Solutions\",\"potentialAction\":[{\"@type\":\"SearchAction\",\"target\":{\"@type\":\"EntryPoint\",\"urlTemplate\":\"https:\\\/\\\/hi-nd.com\\\/?s={search_term_string}\"},\"query-input\":{\"@type\":\"PropertyValueSpecification\",\"valueRequired\":true,\"valueName\":\"search_term_string\"}}],\"inLanguage\":\"es\"}]}<\/script>\n<!-- \/ Yoast SEO plugin. -->","yoast_head_json":{"title":"Q Revestimiento de techo doble cara extensible 37 - HI-ND","robots":{"index":"index","follow":"follow","max-snippet":"max-snippet:-1","max-image-preview":"max-image-preview:large","max-video-preview":"max-video-preview:-1"},"canonical":"https:\/\/hi-nd.com\/es\/producto\/nueva-ventana-para-carcasa-de-techo-para-samsung-om55-copy-2\/","og_locale":"es_ES","og_type":"article","og_title":"Q Revestimiento de techo doble cara extensible 37 - HI-ND","og_description":"El tramo de doble cara est\u00e1 dise\u00f1ado para pantallas de 37\". Es la soluci\u00f3n perfecta para soluciones de se\u00f1alizaci\u00f3n digital en tiendas.  Color blanco y negro de serie Todos los cables est\u00e1n ocultos","og_url":"https:\/\/hi-nd.com\/es\/producto\/nueva-ventana-para-carcasa-de-techo-para-samsung-om55-copy-2\/","og_site_name":"HI-ND","article_modified_time":"2026-01-23T13:53:39+00:00","og_image":[{"width":750,"height":750,"url":"https:\/\/hi-nd.com\/wp-content\/uploads\/2024\/12\/DC3712-0101-02-750x750-1.jpg","type":"image\/jpeg"}],"twitter_card":"summary_large_image","schema":{"@context":"https:\/\/schema.org","@graph":[{"@type":"WebPage","@id":"https:\/\/hi-nd.com\/es\/producto\/nueva-ventana-para-carcasa-de-techo-para-samsung-om55-copy-2\/","url":"https:\/\/hi-nd.com\/es\/producto\/nueva-ventana-para-carcasa-de-techo-para-samsung-om55-copy-2\/","name":"Q Revestimiento de techo doble cara extensible 37 - HI-ND","isPartOf":{"@id":"https:\/\/hi-nd.com\/#website"},"primaryImageOfPage":{"@id":"https:\/\/hi-nd.com\/es\/producto\/nueva-ventana-para-carcasa-de-techo-para-samsung-om55-copy-2\/#primaryimage"},"image":{"@id":"https:\/\/hi-nd.com\/es\/producto\/nueva-ventana-para-carcasa-de-techo-para-samsung-om55-copy-2\/#primaryimage"},"thumbnailUrl":"https:\/\/hi-nd.com\/wp-content\/uploads\/2024\/12\/DC3712-0101-02-750x750-1.jpg","datePublished":"2024-12-13T13:32:09+00:00","dateModified":"2026-01-23T13:53:39+00:00","breadcrumb":{"@id":"https:\/\/hi-nd.com\/es\/producto\/nueva-ventana-para-carcasa-de-techo-para-samsung-om55-copy-2\/#breadcrumb"},"inLanguage":"es","potentialAction":[{"@type":"ReadAction","target":["https:\/\/hi-nd.com\/es\/producto\/nueva-ventana-para-carcasa-de-techo-para-samsung-om55-copy-2\/"]}]},{"@type":"ImageObject","inLanguage":"es","@id":"https:\/\/hi-nd.com\/es\/producto\/nueva-ventana-para-carcasa-de-techo-para-samsung-om55-copy-2\/#primaryimage","url":"https:\/\/hi-nd.com\/wp-content\/uploads\/2024\/12\/DC3712-0101-02-750x750-1.jpg","contentUrl":"https:\/\/hi-nd.com\/wp-content\/uploads\/2024\/12\/DC3712-0101-02-750x750-1.jpg","width":750,"height":750,"caption":"DC3712-0101-02"},{"@type":"BreadcrumbList","@id":"https:\/\/hi-nd.com\/es\/producto\/nueva-ventana-para-carcasa-de-techo-para-samsung-om55-copy-2\/#breadcrumb","itemListElement":[{"@type":"ListItem","position":1,"name":"Home","item":"https:\/\/hi-nd.com\/es\/"},{"@type":"ListItem","position":2,"name":"Tienda","item":"https:\/\/hi-nd.com\/es\/tienda\/"},{"@type":"ListItem","position":3,"name":"Q Revestimiento de techo doble cara extensible 37"}]},{"@type":"WebSite","@id":"https:\/\/hi-nd.com\/#website","url":"https:\/\/hi-nd.com\/","name":"HI-ND","description":"Mounting Solutions","potentialAction":[{"@type":"SearchAction","target":{"@type":"EntryPoint","urlTemplate":"https:\/\/hi-nd.com\/?s={search_term_string}"},"query-input":{"@type":"PropertyValueSpecification","valueRequired":true,"valueName":"search_term_string"}}],"inLanguage":"es"}]}},"_links":{"self":[{"href":"https:\/\/hi-nd.com\/es\/wp-json\/wp\/v2\/product\/8157","targetHints":{"allow":["GET"]}}],"collection":[{"href":"https:\/\/hi-nd.com\/es\/wp-json\/wp\/v2\/product"}],"about":[{"href":"https:\/\/hi-nd.com\/es\/wp-json\/wp\/v2\/types\/product"}],"wp:featuredmedia":[{"embeddable":true,"href":"https:\/\/hi-nd.com\/es\/wp-json\/wp\/v2\/media\/9625"}],"wp:attachment":[{"href":"https:\/\/hi-nd.com\/es\/wp-json\/wp\/v2\/media?parent=8157"}],"wp:term":[{"taxonomy":"product_brand","embeddable":true,"href":"https:\/\/hi-nd.com\/es\/wp-json\/wp\/v2\/product_brand?post=8157"},{"taxonomy":"product_cat","embeddable":true,"href":"https:\/\/hi-nd.com\/es\/wp-json\/wp\/v2\/product_cat?post=8157"},{"taxonomy":"product_tag","embeddable":true,"href":"https:\/\/hi-nd.com\/es\/wp-json\/wp\/v2\/product_tag?post=8157"}],"curies":[{"name":"wp","href":"https:\/\/api.w.org\/{rel}","templated":true}]}}