{"id":7428,"date":"2024-09-02T15:53:10","date_gmt":"2024-09-02T13:53:10","guid":{"rendered":"https:\/\/hi-nd.com\/?post_type=product&#038;p=7428"},"modified":"2026-01-26T09:58:57","modified_gmt":"2026-01-26T08:58:57","slug":"retrato-en-video-copy","status":"publish","type":"product","link":"https:\/\/hi-nd.com\/es\/producto\/retrato-en-video-copy\/","title":{"rendered":"Inclinaci\u00f3n del tablero del men\u00fa"},"content":{"rendered":"<table style=\"font-size: 14.4px;\" width=\"800\">\n<tbody>\n<tr>\n<td width=\"109\">N\u00famero de pieza<\/td>\n<td width=\"220\">Descripci\u00f3n<\/td>\n<td width=\"481\">Pantallas compatibles<\/td>\n<\/tr>\n<tr>\n<td>VR3222-0101<\/td>\n<td> Tablero de men\u00fas, apaisado, 1&#215;32<\/td>\n<td> Todas las pantallas<\/td>\n<\/tr>\n<tr>\n<td>VR3222-0201<\/td>\n<td> Tablero de men\u00fas, apaisado, 2&#215;32<\/td>\n<td> Todos los expositores<\/td>\n<\/tr>\n<tr>\n<td>VR3222-0301<\/td>\n<td> Tablero de men\u00fas, apaisado, 3&#215;32<\/td>\n<td> Todas las pantallas<\/td>\n<\/tr>\n<tr>\n<td>VR3222-0401<\/td>\n<td> Tablero de men\u00fas, apaisado, 4&#215;32<\/td>\n<td> Todos los expositores<\/td>\n<\/tr>\n<tr>\n<td>VR3222-0501<\/td>\n<td> Tablero de men\u00fas, apaisado, 5&#215;32<\/td>\n<td> Todos los expositores<\/td>\n<\/tr>\n<tr>\n<td>VR3222-0601<\/td>\n<td> Tablero de men\u00fas, apaisado, 6&#215;32<\/td>\n<td> Todos los expositores<\/td>\n<\/tr>\n<tr>\n<td>VR4322-0101<\/td>\n<td> Tablero de men\u00fas, apaisado, 1&#215;43<\/td>\n<td> Todas las pantallas<\/td>\n<\/tr>\n<tr>\n<td>VR4322-0201<\/td>\n<td> Tablero de men\u00fas, apaisado, 2&#215;43<\/td>\n<td> Todos los expositores<\/td>\n<\/tr>\n<tr>\n<td>VR4322-0301<\/td>\n<td> Tablero de men\u00fas, apaisado, 3&#215;43<\/td>\n<td> Todos los expositores<\/td>\n<\/tr>\n<tr>\n<td>VR4322-0401<\/td>\n<td> Tablero de men\u00fas, apaisado, 4&#215;43<\/td>\n<td> Todos los expositores<\/td>\n<\/tr>\n<tr>\n<td>VR4322-0501<\/td>\n<td> Tablero de men\u00fas, apaisado, 5&#215;43<\/td>\n<td> Todos los expositores<\/td>\n<\/tr>\n<tr>\n<td>VR4322-0601<\/td>\n<td> Tablero de men\u00fas, apaisado, 6&#215;43<\/td>\n<td> Todos los expositores<\/td>\n<\/tr>\n<tr>\n<td>VR5022-0101<\/td>\n<td> Tablero de men\u00fas, apaisado, 1&#215;50<\/td>\n<td> Todas las pantallas<\/td>\n<\/tr>\n<tr>\n<td>VR5022-0201<\/td>\n<td> Tablero de men\u00fas, apaisado, 2&#215;50<\/td>\n<td> Todos los expositores<\/td>\n<\/tr>\n<tr>\n<td>VR5022-0301<\/td>\n<td> Tablero de men\u00fas, apaisado, 3&#215;50<\/td>\n<td> Todos los expositores<\/td>\n<\/tr>\n<tr>\n<td>VR5022-0401<\/td>\n<td> Tablero de men\u00fas, apaisado, 4&#215;50<\/td>\n<td> Todos los expositores<\/td>\n<\/tr>\n<tr>\n<td>VR5022-0501<\/td>\n<td> Tablero de men\u00fas, apaisado, 5&#215;50<\/td>\n<td> Todos los expositores<\/td>\n<\/tr>\n<tr>\n<td>VR5022-0601<\/td>\n<td> Tablero de men\u00fas, apaisado, 6&#215;50<\/td>\n<td> Todos los expositores<\/td>\n<\/tr>\n<tr>\n<td>VR5522-0101<\/td>\n<td> Tablero de men\u00fas, apaisado, 1&#215;55<\/td>\n<td> Todas las pantallas<\/td>\n<\/tr>\n<tr>\n<td>VR5522-0201<\/td>\n<td> Tablero de men\u00fas, apaisado, 2&#215;55<\/td>\n<td> Todos los expositores<\/td>\n<\/tr>\n<tr>\n<td>VR5522-0301<\/td>\n<td> Tablero de men\u00fas, apaisado, 3&#215;55<\/td>\n<td> Todas las pantallas<\/td>\n<\/tr>\n<tr>\n<td>VR5522-0401<\/td>\n<td> Tablero de men\u00fas, apaisado, 4&#215;55<\/td>\n<td> Todos los expositores<\/td>\n<\/tr>\n<tr>\n<td>VR5522-0501<\/td>\n<td> Tablero de men\u00fas, apaisado, 5&#215;55<\/td>\n<td> Todos los expositores<\/td>\n<\/tr>\n<tr>\n<td>VR5522-0601<\/td>\n<td> Tablero de men\u00fas, apaisado, 6&#215;55<\/td>\n<td> Todos los expositores<\/td>\n<\/tr>\n<tr>\n<td><\/td>\n<td><\/td>\n<td><\/td>\n<\/tr>\n<tr>\n<td>VR3222-5101<\/td>\n<td> Tablero de men\u00fas, vertical, 1&#215;32<\/td>\n<td> Todos los expositores<\/td>\n<\/tr>\n<tr>\n<td>VR3222-5201<\/td>\n<td> Tablero de men\u00fas, vertical, 2&#215;32<\/td>\n<td> Todos los expositores<\/td>\n<\/tr>\n<tr>\n<td>VR3222-5301<\/td>\n<td> Tablero de men\u00fas, vertical, 3&#215;32<\/td>\n<td> Todas las pantallas<\/td>\n<\/tr>\n<tr>\n<td>VR3222-5401<\/td>\n<td> Tablero de men\u00fas, vertical, 4&#215;32<\/td>\n<td> Todos los expositores<\/td>\n<\/tr>\n<tr>\n<td>VR3222-5501<\/td>\n<td> Tablero de men\u00fas, vertical, 5&#215;32<\/td>\n<td> Todos los expositores<\/td>\n<\/tr>\n<tr>\n<td>VR3222-5601<\/td>\n<td> Tablero de men\u00fas, vertical, 6&#215;32<\/td>\n<td> Todos los expositores<\/td>\n<\/tr>\n<tr>\n<td>VR4322-5101<\/td>\n<td> Tablero de men\u00fas, vertical, 1&#215;43<\/td>\n<td> Todos los expositores<\/td>\n<\/tr>\n<tr>\n<td>VR4322-5201<\/td>\n<td> Tablero de men\u00fas, vertical, 2&#215;43<\/td>\n<td> Todos los expositores<\/td>\n<\/tr>\n<tr>\n<td>VR4322-5301<\/td>\n<td> Tablero de men\u00fas, vertical, 3&#215;43<\/td>\n<td> Todos los expositores<\/td>\n<\/tr>\n<tr>\n<td>VR4322-5401<\/td>\n<td> Tablero de men\u00fas, vertical, 4&#215;43<\/td>\n<td> Todos los expositores<\/td>\n<\/tr>\n<tr>\n<td>VR4322-5501<\/td>\n<td> Tablero de men\u00fas, vertical, 5&#215;43<\/td>\n<td> Todos los expositores<\/td>\n<\/tr>\n<tr>\n<td>VR4322-5601<\/td>\n<td> Tablero de men\u00fas, vertical, 6&#215;43<\/td>\n<td> Todos los expositores<\/td>\n<\/tr>\n<tr>\n<td>VR5022-5101<\/td>\n<td> Tablero de men\u00fas, vertical, 1&#215;50<\/td>\n<td> Todas las pantallas<\/td>\n<\/tr>\n<tr>\n<td>VR5022-5201<\/td>\n<td> Tablero de men\u00fas, vertical, 2&#215;50<\/td>\n<td> Todos los expositores<\/td>\n<\/tr>\n<tr>\n<td>VR5022-5301<\/td>\n<td> Tablero de men\u00fas, vertical, 3&#215;50<\/td>\n<td> Todas las pantallas<\/td>\n<\/tr>\n<tr>\n<td>VR5022-5401<\/td>\n<td> Tablero de men\u00fas, vertical, 4&#215;50<\/td>\n<td> Todos los expositores<\/td>\n<\/tr>\n<tr>\n<td>VR5022-5501<\/td>\n<td> Tablero de men\u00fas, vertical, 5&#215;50<\/td>\n<td> Todos los expositores<\/td>\n<\/tr>\n<tr>\n<td>VR5022-5601<\/td>\n<td> Tablero de men\u00fas, vertical, 6&#215;50<\/td>\n<td> Todos los expositores<\/td>\n<\/tr>\n<tr>\n<td>VR5522-5101<\/td>\n<td> Tablero de men\u00fas, vertical, 1&#215;55<\/td>\n<td>Todas las pantallas<\/td>\n<\/tr>\n<tr>\n<td>VR5522-5201<\/td>\n<td> Tablero de men\u00fas, vertical, 2&#215;55<\/td>\n<td>Todos los expositores<\/td>\n<\/tr>\n<tr>\n<td>VR5522-5301<\/td>\n<td> Tablero de men\u00fas, vertical, 3&#215;55<\/td>\n<td>Todas las pantallas<\/td>\n<\/tr>\n<tr>\n<td>VR5522-5401<\/td>\n<td> Tablero de men\u00fas, vertical, 4&#215;55<\/td>\n<td>Todos los expositores<\/td>\n<\/tr>\n<tr>\n<td>VR5522-5501<\/td>\n<td> Tablero de men\u00fas, vertical, 5&#215;55<\/td>\n<td>Todos los expositores<\/td>\n<\/tr>\n<tr>\n<td>VR5522-5601<\/td>\n<td> Tablero de men\u00fas, vertical, 6&#215;55<\/td>\n<td>Todos los expositores<\/td>\n<\/tr>\n<\/tbody>\n<\/table>\n","protected":false},"excerpt":{"rendered":"<p>Nuestro Tablero de Men\u00fas inclinable es una forma f\u00e1cil y muy rentable de construir un tablero de men\u00fas con varias pantallas seguidas. El soporte facilita la colocaci\u00f3n de cualquier n\u00famero de pantallas exactamente en l\u00ednea y es la soluci\u00f3n perfecta para restaurantes. El tama\u00f1o de pantalla recomendado es de 32\u2033 a 55\u2033.  <\/p>\n<ul>\n<li>F\u00e1cil y muy rentable<\/li>\n<li>VESA: 200&#215;200, 300&#215;300, 400&#215;400 y 600&#215;400<\/li>\n<li>F\u00e1cil gesti\u00f3n de cables<\/li>\n<li>Tablero de men\u00fas o soluciones de videowall<\/li>\n<li>Instalaci\u00f3n de borde a borde<\/li>\n<li>Dise\u00f1ado para todas las pantallas<\/li>\n<li>Retrato y paisaje disponibles<\/li>\n<li>P\u00f3ngase en contacto con nosotros para obtener una soluci\u00f3n personalizada para cualquier proyecto espec\u00edfico<\/li>\n<\/ul>\n","protected":false},"featured_media":7460,"template":"","meta":[],"product_brand":[],"product_cat":[120,93],"product_tag":[],"class_list":{"0":"post-7428","1":"product","2":"type-product","3":"status-publish","4":"has-post-thumbnail","6":"product_cat-fila-de-video","7":"product_cat-pared","9":"first","10":"instock","11":"shipping-taxable","12":"product-type-simple"},"yoast_head":"<!-- This site is optimized with the Yoast SEO plugin v27.3 - https:\/\/yoast.com\/product\/yoast-seo-wordpress\/ -->\n<title>Inclinaci\u00f3n del tablero del men\u00fa - HI-ND<\/title>\n<meta name=\"description\" content=\"Una forma f\u00e1cil y muy rentable de construir un menuboard con varias pantallas seguidas. Tama\u00f1o de pantalla recomendado de 22\u2033 a 55\u2033.\" \/>\n<meta name=\"robots\" content=\"index, follow, max-snippet:-1, max-image-preview:large, max-video-preview:-1\" \/>\n<link rel=\"canonical\" href=\"https:\/\/hi-nd.com\/es\/producto\/retrato-en-video-copy\/\" \/>\n<meta property=\"og:locale\" content=\"es_ES\" \/>\n<meta property=\"og:type\" content=\"article\" \/>\n<meta property=\"og:title\" content=\"Inclinaci\u00f3n del tablero del men\u00fa - HI-ND\" \/>\n<meta property=\"og:description\" content=\"Una forma f\u00e1cil y muy rentable de construir un menuboard con varias pantallas seguidas. Tama\u00f1o de pantalla recomendado de 22\u2033 a 55\u2033.\" \/>\n<meta property=\"og:url\" content=\"https:\/\/hi-nd.com\/es\/producto\/retrato-en-video-copy\/\" \/>\n<meta property=\"og:site_name\" content=\"HI-ND\" \/>\n<meta property=\"article:modified_time\" content=\"2026-01-26T08:58:57+00:00\" \/>\n<meta property=\"og:image\" content=\"https:\/\/hi-nd.com\/wp-content\/uploads\/2024\/09\/VR0022-01-750x750-1.png\" \/>\n\t<meta property=\"og:image:width\" content=\"750\" \/>\n\t<meta property=\"og:image:height\" content=\"750\" \/>\n\t<meta property=\"og:image:type\" content=\"image\/png\" \/>\n<meta name=\"twitter:card\" content=\"summary_large_image\" \/>\n<meta name=\"twitter:label1\" content=\"Tiempo de lectura\" \/>\n\t<meta name=\"twitter:data1\" content=\"3 minutos\" \/>\n<script type=\"application\/ld+json\" class=\"yoast-schema-graph\">{\"@context\":\"https:\\\/\\\/schema.org\",\"@graph\":[{\"@type\":\"WebPage\",\"@id\":\"https:\\\/\\\/hi-nd.com\\\/es\\\/producto\\\/retrato-en-video-copy\\\/\",\"url\":\"https:\\\/\\\/hi-nd.com\\\/es\\\/producto\\\/retrato-en-video-copy\\\/\",\"name\":\"Inclinaci\u00f3n del tablero del men\u00fa - HI-ND\",\"isPartOf\":{\"@id\":\"https:\\\/\\\/hi-nd.com\\\/#website\"},\"primaryImageOfPage\":{\"@id\":\"https:\\\/\\\/hi-nd.com\\\/es\\\/producto\\\/retrato-en-video-copy\\\/#primaryimage\"},\"image\":{\"@id\":\"https:\\\/\\\/hi-nd.com\\\/es\\\/producto\\\/retrato-en-video-copy\\\/#primaryimage\"},\"thumbnailUrl\":\"https:\\\/\\\/hi-nd.com\\\/wp-content\\\/uploads\\\/2024\\\/09\\\/VR0022-01-750x750-1.png\",\"datePublished\":\"2024-09-02T13:53:10+00:00\",\"dateModified\":\"2026-01-26T08:58:57+00:00\",\"description\":\"Una forma f\u00e1cil y muy rentable de construir un menuboard con varias pantallas seguidas. Tama\u00f1o de pantalla recomendado de 22\u2033 a 55\u2033.\",\"breadcrumb\":{\"@id\":\"https:\\\/\\\/hi-nd.com\\\/es\\\/producto\\\/retrato-en-video-copy\\\/#breadcrumb\"},\"inLanguage\":\"es\",\"potentialAction\":[{\"@type\":\"ReadAction\",\"target\":[\"https:\\\/\\\/hi-nd.com\\\/es\\\/producto\\\/retrato-en-video-copy\\\/\"]}]},{\"@type\":\"ImageObject\",\"inLanguage\":\"es\",\"@id\":\"https:\\\/\\\/hi-nd.com\\\/es\\\/producto\\\/retrato-en-video-copy\\\/#primaryimage\",\"url\":\"https:\\\/\\\/hi-nd.com\\\/wp-content\\\/uploads\\\/2024\\\/09\\\/VR0022-01-750x750-1.png\",\"contentUrl\":\"https:\\\/\\\/hi-nd.com\\\/wp-content\\\/uploads\\\/2024\\\/09\\\/VR0022-01-750x750-1.png\",\"width\":750,\"height\":750,\"caption\":\"Inclinaci\u00f3n Videorow\"},{\"@type\":\"BreadcrumbList\",\"@id\":\"https:\\\/\\\/hi-nd.com\\\/es\\\/producto\\\/retrato-en-video-copy\\\/#breadcrumb\",\"itemListElement\":[{\"@type\":\"ListItem\",\"position\":1,\"name\":\"Home\",\"item\":\"https:\\\/\\\/hi-nd.com\\\/es\\\/\"},{\"@type\":\"ListItem\",\"position\":2,\"name\":\"Tienda\",\"item\":\"https:\\\/\\\/hi-nd.com\\\/es\\\/tienda\\\/\"},{\"@type\":\"ListItem\",\"position\":3,\"name\":\"Inclinaci\u00f3n del tablero del men\u00fa\"}]},{\"@type\":\"WebSite\",\"@id\":\"https:\\\/\\\/hi-nd.com\\\/#website\",\"url\":\"https:\\\/\\\/hi-nd.com\\\/\",\"name\":\"HI-ND\",\"description\":\"Mounting Solutions\",\"potentialAction\":[{\"@type\":\"SearchAction\",\"target\":{\"@type\":\"EntryPoint\",\"urlTemplate\":\"https:\\\/\\\/hi-nd.com\\\/?s={search_term_string}\"},\"query-input\":{\"@type\":\"PropertyValueSpecification\",\"valueRequired\":true,\"valueName\":\"search_term_string\"}}],\"inLanguage\":\"es\"}]}<\/script>\n<!-- \/ Yoast SEO plugin. -->","yoast_head_json":{"title":"Inclinaci\u00f3n del tablero del men\u00fa - HI-ND","description":"Una forma f\u00e1cil y muy rentable de construir un menuboard con varias pantallas seguidas. Tama\u00f1o de pantalla recomendado de 22\u2033 a 55\u2033.","robots":{"index":"index","follow":"follow","max-snippet":"max-snippet:-1","max-image-preview":"max-image-preview:large","max-video-preview":"max-video-preview:-1"},"canonical":"https:\/\/hi-nd.com\/es\/producto\/retrato-en-video-copy\/","og_locale":"es_ES","og_type":"article","og_title":"Inclinaci\u00f3n del tablero del men\u00fa - HI-ND","og_description":"Una forma f\u00e1cil y muy rentable de construir un menuboard con varias pantallas seguidas. Tama\u00f1o de pantalla recomendado de 22\u2033 a 55\u2033.","og_url":"https:\/\/hi-nd.com\/es\/producto\/retrato-en-video-copy\/","og_site_name":"HI-ND","article_modified_time":"2026-01-26T08:58:57+00:00","og_image":[{"width":750,"height":750,"url":"https:\/\/hi-nd.com\/wp-content\/uploads\/2024\/09\/VR0022-01-750x750-1.png","type":"image\/png"}],"twitter_card":"summary_large_image","twitter_misc":{"Tiempo de lectura":"3 minutos"},"schema":{"@context":"https:\/\/schema.org","@graph":[{"@type":"WebPage","@id":"https:\/\/hi-nd.com\/es\/producto\/retrato-en-video-copy\/","url":"https:\/\/hi-nd.com\/es\/producto\/retrato-en-video-copy\/","name":"Inclinaci\u00f3n del tablero del men\u00fa - HI-ND","isPartOf":{"@id":"https:\/\/hi-nd.com\/#website"},"primaryImageOfPage":{"@id":"https:\/\/hi-nd.com\/es\/producto\/retrato-en-video-copy\/#primaryimage"},"image":{"@id":"https:\/\/hi-nd.com\/es\/producto\/retrato-en-video-copy\/#primaryimage"},"thumbnailUrl":"https:\/\/hi-nd.com\/wp-content\/uploads\/2024\/09\/VR0022-01-750x750-1.png","datePublished":"2024-09-02T13:53:10+00:00","dateModified":"2026-01-26T08:58:57+00:00","description":"Una forma f\u00e1cil y muy rentable de construir un menuboard con varias pantallas seguidas. Tama\u00f1o de pantalla recomendado de 22\u2033 a 55\u2033.","breadcrumb":{"@id":"https:\/\/hi-nd.com\/es\/producto\/retrato-en-video-copy\/#breadcrumb"},"inLanguage":"es","potentialAction":[{"@type":"ReadAction","target":["https:\/\/hi-nd.com\/es\/producto\/retrato-en-video-copy\/"]}]},{"@type":"ImageObject","inLanguage":"es","@id":"https:\/\/hi-nd.com\/es\/producto\/retrato-en-video-copy\/#primaryimage","url":"https:\/\/hi-nd.com\/wp-content\/uploads\/2024\/09\/VR0022-01-750x750-1.png","contentUrl":"https:\/\/hi-nd.com\/wp-content\/uploads\/2024\/09\/VR0022-01-750x750-1.png","width":750,"height":750,"caption":"Inclinaci\u00f3n Videorow"},{"@type":"BreadcrumbList","@id":"https:\/\/hi-nd.com\/es\/producto\/retrato-en-video-copy\/#breadcrumb","itemListElement":[{"@type":"ListItem","position":1,"name":"Home","item":"https:\/\/hi-nd.com\/es\/"},{"@type":"ListItem","position":2,"name":"Tienda","item":"https:\/\/hi-nd.com\/es\/tienda\/"},{"@type":"ListItem","position":3,"name":"Inclinaci\u00f3n del tablero del men\u00fa"}]},{"@type":"WebSite","@id":"https:\/\/hi-nd.com\/#website","url":"https:\/\/hi-nd.com\/","name":"HI-ND","description":"Mounting Solutions","potentialAction":[{"@type":"SearchAction","target":{"@type":"EntryPoint","urlTemplate":"https:\/\/hi-nd.com\/?s={search_term_string}"},"query-input":{"@type":"PropertyValueSpecification","valueRequired":true,"valueName":"search_term_string"}}],"inLanguage":"es"}]}},"_links":{"self":[{"href":"https:\/\/hi-nd.com\/es\/wp-json\/wp\/v2\/product\/7428","targetHints":{"allow":["GET"]}}],"collection":[{"href":"https:\/\/hi-nd.com\/es\/wp-json\/wp\/v2\/product"}],"about":[{"href":"https:\/\/hi-nd.com\/es\/wp-json\/wp\/v2\/types\/product"}],"wp:featuredmedia":[{"embeddable":true,"href":"https:\/\/hi-nd.com\/es\/wp-json\/wp\/v2\/media\/7460"}],"wp:attachment":[{"href":"https:\/\/hi-nd.com\/es\/wp-json\/wp\/v2\/media?parent=7428"}],"wp:term":[{"taxonomy":"product_brand","embeddable":true,"href":"https:\/\/hi-nd.com\/es\/wp-json\/wp\/v2\/product_brand?post=7428"},{"taxonomy":"product_cat","embeddable":true,"href":"https:\/\/hi-nd.com\/es\/wp-json\/wp\/v2\/product_cat?post=7428"},{"taxonomy":"product_tag","embeddable":true,"href":"https:\/\/hi-nd.com\/es\/wp-json\/wp\/v2\/product_tag?post=7428"}],"curies":[{"name":"wp","href":"https:\/\/api.w.org\/{rel}","templated":true}]}}