{"id":6972,"date":"2024-03-20T09:19:03","date_gmt":"2024-03-20T08:19:03","guid":{"rendered":"https:\/\/hi-nd.com\/product\/nueva-ventana-para-carcasa-de-techo-para-samsung-om55\/"},"modified":"2026-01-26T14:47:43","modified_gmt":"2026-01-26T13:47:43","slug":"nueva-ventana-para-carcasa-de-techo-para-samsung-om55","status":"publish","type":"product","link":"https:\/\/hi-nd.com\/es\/producto\/nueva-ventana-para-carcasa-de-techo-para-samsung-om55\/","title":{"rendered":"Ventana de carcasa de techo para Samsung OM46B, OM55B y OMN-S"},"content":{"rendered":"<table style=\"height: 100px;\" width=\"773\">\n<tbody>\n<tr>\n<td width=\"150\"><em> N\u00famero de pieza<\/em><\/td>\n<td width=\"230 \"><em> Descripci\u00f3n<\/em><\/td>\n<td width=\"330 \"><em> Pantallas compatibles<\/em><\/td>\n<td width=\"73\"><em> Color<\/em><\/td>\n<\/tr>\n<tr>\n<td> CC4615-5201-01<\/td>\n<td> Carcasa de techo 46&#8243;, vertical<\/td>\n<td> Samsung OM46B<\/td>\n<td> Blanco<\/td>\n<\/tr>\n<tr>\n<td> CC4615-5201-02<\/td>\n<td> Carcasa de techo 46&#8243;, vertical<\/td>\n<td> Samsung OM46B<\/td>\n<td> Negro<\/td>\n<\/tr>\n<tr>\n<td> CC5515-5301-01<\/td>\n<td> Carcasa de techo 55, retrato<\/td>\n<td> OM55B\/OMN-S<\/td>\n<td> Blanco<\/td>\n<\/tr>\n<tr>\n<td> CC5515-5301-02<\/td>\n<td> Carcasa de techo 55, retrato<\/td>\n<td> OM55B\/OMN-S<\/td>\n<td> Negro<\/td>\n<\/tr>\n<\/tbody>\n<\/table>\n","protected":false},"excerpt":{"rendered":"<p>Esta ventana de carcasa de techo HI-ND actualizada est\u00e1 dise\u00f1ada para pantallas de alto brillo. Hemos trasladado la ventilaci\u00f3n de la contraportada al lateral, lo que crea un dise\u00f1o m\u00e1s limpio y permite una impresi\u00f3n anal\u00f3gica en el reverso. La instalaci\u00f3n de las mamparas y el acceso de servicio se realiza por la parte trasera para garantizar que las mamparas puedan instalarse cerca de una ventana. Utiliza nuestro <a href=\"https:\/\/hi-nd.com\/product\/wire-for-ceiling-casing\/\">kit de cables<\/a> y el <a href=\"https:\/\/hi-nd.com\/product\/ceiling-mount-for-wire\/\">soporte de techo para la soluci\u00f3n de cables<\/a> para una instalaci\u00f3n sencilla.<\/p>\n<p>Color blanco y negro de serie<br \/>\nTodos los cables est\u00e1n ocultos<br \/>\nAcceso de servicio por la parte trasera<br \/>\nEl cable o el tubo telesc\u00f3pico no est\u00e1n incluidos<br \/>\nDise\u00f1ado para OM46B y OM55B\/OMN-S<\/p>\n","protected":false},"featured_media":6945,"template":"","meta":[],"product_brand":[],"product_cat":[85,84],"product_tag":[],"class_list":{"0":"post-6972","1":"product","2":"type-product","3":"status-publish","4":"has-post-thumbnail","6":"product_cat-carcasa","7":"product_cat-techo","9":"first","10":"instock","11":"shipping-taxable","12":"product-type-simple"},"yoast_head":"<!-- This site is optimized with the Yoast SEO plugin v27.3 - https:\/\/yoast.com\/product\/yoast-seo-wordpress\/ -->\n<title>Ventana de carcasa de techo para Samsung OM46B, OM55B y OMN-S - HI-ND<\/title>\n<meta name=\"robots\" content=\"index, follow, max-snippet:-1, max-image-preview:large, max-video-preview:-1\" \/>\n<link rel=\"canonical\" href=\"https:\/\/hi-nd.com\/es\/producto\/nueva-ventana-para-carcasa-de-techo-para-samsung-om55\/\" \/>\n<meta property=\"og:locale\" content=\"es_ES\" \/>\n<meta property=\"og:type\" content=\"article\" \/>\n<meta property=\"og:title\" content=\"Ventana de carcasa de techo para Samsung OM46B, OM55B y OMN-S - HI-ND\" \/>\n<meta property=\"og:description\" content=\"Esta ventana de carcasa de techo HI-ND actualizada est\u00e1 dise\u00f1ada para pantallas de alto brillo. Hemos trasladado la ventilaci\u00f3n de la contraportada al lateral, lo que crea un dise\u00f1o m\u00e1s limpio y permite una impresi\u00f3n anal\u00f3gica en el reverso. La instalaci\u00f3n de las mamparas y el acceso de servicio se realiza por la parte trasera para garantizar que las mamparas puedan instalarse cerca de una ventana. Utiliza nuestro kit de cables y el soporte de techo para la soluci\u00f3n de cables para una instalaci\u00f3n sencilla. Color blanco y negro de serie Todos los cables est\u00e1n ocultos Acceso de servicio por la parte trasera El cable o el tubo telesc\u00f3pico no est\u00e1n incluidos Dise\u00f1ado para OM46B y OM55B\/OMN-S\" \/>\n<meta property=\"og:url\" content=\"https:\/\/hi-nd.com\/es\/producto\/nueva-ventana-para-carcasa-de-techo-para-samsung-om55\/\" \/>\n<meta property=\"og:site_name\" content=\"HI-ND\" \/>\n<meta property=\"article:modified_time\" content=\"2026-01-26T13:47:43+00:00\" \/>\n<meta property=\"og:image\" content=\"https:\/\/hi-nd.com\/wp-content\/uploads\/2024\/03\/CC5515-5201-04.jpg\" \/>\n\t<meta property=\"og:image:width\" content=\"1581\" \/>\n\t<meta property=\"og:image:height\" content=\"1221\" \/>\n\t<meta property=\"og:image:type\" content=\"image\/jpeg\" \/>\n<meta name=\"twitter:card\" content=\"summary_large_image\" \/>\n<script type=\"application\/ld+json\" class=\"yoast-schema-graph\">{\"@context\":\"https:\\\/\\\/schema.org\",\"@graph\":[{\"@type\":\"WebPage\",\"@id\":\"https:\\\/\\\/hi-nd.com\\\/es\\\/producto\\\/nueva-ventana-para-carcasa-de-techo-para-samsung-om55\\\/\",\"url\":\"https:\\\/\\\/hi-nd.com\\\/es\\\/producto\\\/nueva-ventana-para-carcasa-de-techo-para-samsung-om55\\\/\",\"name\":\"Ventana de carcasa de techo para Samsung OM46B, OM55B y OMN-S - HI-ND\",\"isPartOf\":{\"@id\":\"https:\\\/\\\/hi-nd.com\\\/#website\"},\"primaryImageOfPage\":{\"@id\":\"https:\\\/\\\/hi-nd.com\\\/es\\\/producto\\\/nueva-ventana-para-carcasa-de-techo-para-samsung-om55\\\/#primaryimage\"},\"image\":{\"@id\":\"https:\\\/\\\/hi-nd.com\\\/es\\\/producto\\\/nueva-ventana-para-carcasa-de-techo-para-samsung-om55\\\/#primaryimage\"},\"thumbnailUrl\":\"https:\\\/\\\/hi-nd.com\\\/wp-content\\\/uploads\\\/2024\\\/03\\\/CC5515-5201-04.jpg\",\"datePublished\":\"2024-03-20T08:19:03+00:00\",\"dateModified\":\"2026-01-26T13:47:43+00:00\",\"breadcrumb\":{\"@id\":\"https:\\\/\\\/hi-nd.com\\\/es\\\/producto\\\/nueva-ventana-para-carcasa-de-techo-para-samsung-om55\\\/#breadcrumb\"},\"inLanguage\":\"es\",\"potentialAction\":[{\"@type\":\"ReadAction\",\"target\":[\"https:\\\/\\\/hi-nd.com\\\/es\\\/producto\\\/nueva-ventana-para-carcasa-de-techo-para-samsung-om55\\\/\"]}]},{\"@type\":\"ImageObject\",\"inLanguage\":\"es\",\"@id\":\"https:\\\/\\\/hi-nd.com\\\/es\\\/producto\\\/nueva-ventana-para-carcasa-de-techo-para-samsung-om55\\\/#primaryimage\",\"url\":\"https:\\\/\\\/hi-nd.com\\\/wp-content\\\/uploads\\\/2024\\\/03\\\/CC5515-5201-04.jpg\",\"contentUrl\":\"https:\\\/\\\/hi-nd.com\\\/wp-content\\\/uploads\\\/2024\\\/03\\\/CC5515-5201-04.jpg\",\"width\":1581,\"height\":1221,\"caption\":\"Revestimiento de techo Ventana\"},{\"@type\":\"BreadcrumbList\",\"@id\":\"https:\\\/\\\/hi-nd.com\\\/es\\\/producto\\\/nueva-ventana-para-carcasa-de-techo-para-samsung-om55\\\/#breadcrumb\",\"itemListElement\":[{\"@type\":\"ListItem\",\"position\":1,\"name\":\"Home\",\"item\":\"https:\\\/\\\/hi-nd.com\\\/es\\\/\"},{\"@type\":\"ListItem\",\"position\":2,\"name\":\"Tienda\",\"item\":\"https:\\\/\\\/hi-nd.com\\\/es\\\/tienda\\\/\"},{\"@type\":\"ListItem\",\"position\":3,\"name\":\"Ventana de carcasa de techo para Samsung OM46B, OM55B y OMN-S\"}]},{\"@type\":\"WebSite\",\"@id\":\"https:\\\/\\\/hi-nd.com\\\/#website\",\"url\":\"https:\\\/\\\/hi-nd.com\\\/\",\"name\":\"HI-ND\",\"description\":\"Mounting Solutions\",\"potentialAction\":[{\"@type\":\"SearchAction\",\"target\":{\"@type\":\"EntryPoint\",\"urlTemplate\":\"https:\\\/\\\/hi-nd.com\\\/?s={search_term_string}\"},\"query-input\":{\"@type\":\"PropertyValueSpecification\",\"valueRequired\":true,\"valueName\":\"search_term_string\"}}],\"inLanguage\":\"es\"}]}<\/script>\n<!-- \/ Yoast SEO plugin. -->","yoast_head_json":{"title":"Ventana de carcasa de techo para Samsung OM46B, OM55B y OMN-S - HI-ND","robots":{"index":"index","follow":"follow","max-snippet":"max-snippet:-1","max-image-preview":"max-image-preview:large","max-video-preview":"max-video-preview:-1"},"canonical":"https:\/\/hi-nd.com\/es\/producto\/nueva-ventana-para-carcasa-de-techo-para-samsung-om55\/","og_locale":"es_ES","og_type":"article","og_title":"Ventana de carcasa de techo para Samsung OM46B, OM55B y OMN-S - HI-ND","og_description":"Esta ventana de carcasa de techo HI-ND actualizada est\u00e1 dise\u00f1ada para pantallas de alto brillo. Hemos trasladado la ventilaci\u00f3n de la contraportada al lateral, lo que crea un dise\u00f1o m\u00e1s limpio y permite una impresi\u00f3n anal\u00f3gica en el reverso. La instalaci\u00f3n de las mamparas y el acceso de servicio se realiza por la parte trasera para garantizar que las mamparas puedan instalarse cerca de una ventana. Utiliza nuestro kit de cables y el soporte de techo para la soluci\u00f3n de cables para una instalaci\u00f3n sencilla. Color blanco y negro de serie Todos los cables est\u00e1n ocultos Acceso de servicio por la parte trasera El cable o el tubo telesc\u00f3pico no est\u00e1n incluidos Dise\u00f1ado para OM46B y OM55B\/OMN-S","og_url":"https:\/\/hi-nd.com\/es\/producto\/nueva-ventana-para-carcasa-de-techo-para-samsung-om55\/","og_site_name":"HI-ND","article_modified_time":"2026-01-26T13:47:43+00:00","og_image":[{"width":1581,"height":1221,"url":"https:\/\/hi-nd.com\/wp-content\/uploads\/2024\/03\/CC5515-5201-04.jpg","type":"image\/jpeg"}],"twitter_card":"summary_large_image","schema":{"@context":"https:\/\/schema.org","@graph":[{"@type":"WebPage","@id":"https:\/\/hi-nd.com\/es\/producto\/nueva-ventana-para-carcasa-de-techo-para-samsung-om55\/","url":"https:\/\/hi-nd.com\/es\/producto\/nueva-ventana-para-carcasa-de-techo-para-samsung-om55\/","name":"Ventana de carcasa de techo para Samsung OM46B, OM55B y OMN-S - HI-ND","isPartOf":{"@id":"https:\/\/hi-nd.com\/#website"},"primaryImageOfPage":{"@id":"https:\/\/hi-nd.com\/es\/producto\/nueva-ventana-para-carcasa-de-techo-para-samsung-om55\/#primaryimage"},"image":{"@id":"https:\/\/hi-nd.com\/es\/producto\/nueva-ventana-para-carcasa-de-techo-para-samsung-om55\/#primaryimage"},"thumbnailUrl":"https:\/\/hi-nd.com\/wp-content\/uploads\/2024\/03\/CC5515-5201-04.jpg","datePublished":"2024-03-20T08:19:03+00:00","dateModified":"2026-01-26T13:47:43+00:00","breadcrumb":{"@id":"https:\/\/hi-nd.com\/es\/producto\/nueva-ventana-para-carcasa-de-techo-para-samsung-om55\/#breadcrumb"},"inLanguage":"es","potentialAction":[{"@type":"ReadAction","target":["https:\/\/hi-nd.com\/es\/producto\/nueva-ventana-para-carcasa-de-techo-para-samsung-om55\/"]}]},{"@type":"ImageObject","inLanguage":"es","@id":"https:\/\/hi-nd.com\/es\/producto\/nueva-ventana-para-carcasa-de-techo-para-samsung-om55\/#primaryimage","url":"https:\/\/hi-nd.com\/wp-content\/uploads\/2024\/03\/CC5515-5201-04.jpg","contentUrl":"https:\/\/hi-nd.com\/wp-content\/uploads\/2024\/03\/CC5515-5201-04.jpg","width":1581,"height":1221,"caption":"Revestimiento de techo Ventana"},{"@type":"BreadcrumbList","@id":"https:\/\/hi-nd.com\/es\/producto\/nueva-ventana-para-carcasa-de-techo-para-samsung-om55\/#breadcrumb","itemListElement":[{"@type":"ListItem","position":1,"name":"Home","item":"https:\/\/hi-nd.com\/es\/"},{"@type":"ListItem","position":2,"name":"Tienda","item":"https:\/\/hi-nd.com\/es\/tienda\/"},{"@type":"ListItem","position":3,"name":"Ventana de carcasa de techo para Samsung OM46B, OM55B y OMN-S"}]},{"@type":"WebSite","@id":"https:\/\/hi-nd.com\/#website","url":"https:\/\/hi-nd.com\/","name":"HI-ND","description":"Mounting Solutions","potentialAction":[{"@type":"SearchAction","target":{"@type":"EntryPoint","urlTemplate":"https:\/\/hi-nd.com\/?s={search_term_string}"},"query-input":{"@type":"PropertyValueSpecification","valueRequired":true,"valueName":"search_term_string"}}],"inLanguage":"es"}]}},"_links":{"self":[{"href":"https:\/\/hi-nd.com\/es\/wp-json\/wp\/v2\/product\/6972","targetHints":{"allow":["GET"]}}],"collection":[{"href":"https:\/\/hi-nd.com\/es\/wp-json\/wp\/v2\/product"}],"about":[{"href":"https:\/\/hi-nd.com\/es\/wp-json\/wp\/v2\/types\/product"}],"wp:featuredmedia":[{"embeddable":true,"href":"https:\/\/hi-nd.com\/es\/wp-json\/wp\/v2\/media\/6945"}],"wp:attachment":[{"href":"https:\/\/hi-nd.com\/es\/wp-json\/wp\/v2\/media?parent=6972"}],"wp:term":[{"taxonomy":"product_brand","embeddable":true,"href":"https:\/\/hi-nd.com\/es\/wp-json\/wp\/v2\/product_brand?post=6972"},{"taxonomy":"product_cat","embeddable":true,"href":"https:\/\/hi-nd.com\/es\/wp-json\/wp\/v2\/product_cat?post=6972"},{"taxonomy":"product_tag","embeddable":true,"href":"https:\/\/hi-nd.com\/es\/wp-json\/wp\/v2\/product_tag?post=6972"}],"curies":[{"name":"wp","href":"https:\/\/api.w.org\/{rel}","templated":true}]}}