{"id":6373,"date":"2024-01-08T13:56:09","date_gmt":"2024-01-08T12:56:09","guid":{"rendered":"https:\/\/hi-nd.com\/product\/tunel-led\/"},"modified":"2024-05-28T15:09:18","modified_gmt":"2024-05-28T13:09:18","slug":"tunel-led","status":"publish","type":"product","link":"https:\/\/hi-nd.com\/es\/producto\/tunel-led\/","title":{"rendered":"LED a medida"},"content":{"rendered":"<table border=\"0\" cellspacing=\"0\">\n<colgroup width=\"128\"><\/colgroup>\n<tbody>\n<tr>\n<td align=\"left\" height=\"26\"><b> N\u00famero de pieza<\/b><\/td>\n<td align=\"left\"><b>  Descripci\u00f3n  <\/b><\/td>\n<td align=\"left\"><b>  Color  <\/b><\/td>\n<\/tr>\n<tr>\n<td align=\"left\" height=\"26\"><\/td>\n<td align=\"left\">  LED a medida<\/td>\n<td align=\"left\"> Negro<\/td>\n<\/tr>\n<\/tbody>\n<\/table>\n","protected":false},"excerpt":{"rendered":"<p>HI-ND Custom made LED es un soporte mural preconfigurado para pantallas LED de Samsung que tambi\u00e9n ofrece la posibilidad de ser creativo. Un ejemplo es un T\u00fanel LED.<\/p>\n<p>A\u00f1ada tantos m\u00f3dulos LED como desee para crear un videowall continuo.<\/p>\n<p>Aplicable con la serie Samsung: IEA, IER e IFR<\/p>\n","protected":false},"featured_media":5951,"template":"","meta":[],"product_brand":[],"product_cat":[104,134,106],"product_tag":[],"class_list":{"0":"post-6373","1":"product","2":"type-product","3":"status-publish","4":"has-post-thumbnail","6":"product_cat-led-es","7":"product_cat-pared-es","8":"product_cat-techo-es","10":"first","11":"instock","12":"shipping-taxable","13":"product-type-simple"},"yoast_head":"<!-- This site is optimized with the Yoast SEO plugin v27.3 - https:\/\/yoast.com\/product\/yoast-seo-wordpress\/ -->\n<title>LED a medida - HI-ND<\/title>\n<meta name=\"robots\" content=\"index, follow, max-snippet:-1, max-image-preview:large, max-video-preview:-1\" \/>\n<link rel=\"canonical\" href=\"https:\/\/hi-nd.com\/es\/producto\/tunel-led\/\" \/>\n<meta property=\"og:locale\" content=\"es_ES\" \/>\n<meta property=\"og:type\" content=\"article\" \/>\n<meta property=\"og:title\" content=\"LED a medida - HI-ND\" \/>\n<meta property=\"og:description\" content=\"HI-ND Custom made LED es un soporte mural preconfigurado para pantallas LED de Samsung que tambi\u00e9n ofrece la posibilidad de ser creativo. Un ejemplo es un T\u00fanel LED. A\u00f1ada tantos m\u00f3dulos LED como desee para crear un videowall continuo. Aplicable con la serie Samsung: IEA, IER e IFR\" \/>\n<meta property=\"og:url\" content=\"https:\/\/hi-nd.com\/es\/producto\/tunel-led\/\" \/>\n<meta property=\"og:site_name\" content=\"HI-ND\" \/>\n<meta property=\"article:modified_time\" content=\"2024-05-28T13:09:18+00:00\" \/>\n<meta property=\"og:image\" content=\"https:\/\/hi-nd.com\/wp-content\/uploads\/2022\/03\/space-led-entre-stockholm03.jpg\" \/>\n\t<meta property=\"og:image:width\" content=\"786\" \/>\n\t<meta property=\"og:image:height\" content=\"750\" \/>\n\t<meta property=\"og:image:type\" content=\"image\/jpeg\" \/>\n<meta name=\"twitter:card\" content=\"summary_large_image\" \/>\n<script type=\"application\/ld+json\" class=\"yoast-schema-graph\">{\"@context\":\"https:\\\/\\\/schema.org\",\"@graph\":[{\"@type\":\"WebPage\",\"@id\":\"https:\\\/\\\/hi-nd.com\\\/es\\\/producto\\\/tunel-led\\\/\",\"url\":\"https:\\\/\\\/hi-nd.com\\\/es\\\/producto\\\/tunel-led\\\/\",\"name\":\"LED a medida - HI-ND\",\"isPartOf\":{\"@id\":\"https:\\\/\\\/hi-nd.com\\\/#website\"},\"primaryImageOfPage\":{\"@id\":\"https:\\\/\\\/hi-nd.com\\\/es\\\/producto\\\/tunel-led\\\/#primaryimage\"},\"image\":{\"@id\":\"https:\\\/\\\/hi-nd.com\\\/es\\\/producto\\\/tunel-led\\\/#primaryimage\"},\"thumbnailUrl\":\"https:\\\/\\\/hi-nd.com\\\/wp-content\\\/uploads\\\/2022\\\/03\\\/space-led-entre-stockholm03.jpg\",\"datePublished\":\"2024-01-08T12:56:09+00:00\",\"dateModified\":\"2024-05-28T13:09:18+00:00\",\"breadcrumb\":{\"@id\":\"https:\\\/\\\/hi-nd.com\\\/es\\\/producto\\\/tunel-led\\\/#breadcrumb\"},\"inLanguage\":\"es\",\"potentialAction\":[{\"@type\":\"ReadAction\",\"target\":[\"https:\\\/\\\/hi-nd.com\\\/es\\\/producto\\\/tunel-led\\\/\"]}]},{\"@type\":\"ImageObject\",\"inLanguage\":\"es\",\"@id\":\"https:\\\/\\\/hi-nd.com\\\/es\\\/producto\\\/tunel-led\\\/#primaryimage\",\"url\":\"https:\\\/\\\/hi-nd.com\\\/wp-content\\\/uploads\\\/2022\\\/03\\\/space-led-entre-stockholm03.jpg\",\"contentUrl\":\"https:\\\/\\\/hi-nd.com\\\/wp-content\\\/uploads\\\/2022\\\/03\\\/space-led-entre-stockholm03.jpg\",\"width\":786,\"height\":750,\"caption\":\"Pared LED Espacio\"},{\"@type\":\"BreadcrumbList\",\"@id\":\"https:\\\/\\\/hi-nd.com\\\/es\\\/producto\\\/tunel-led\\\/#breadcrumb\",\"itemListElement\":[{\"@type\":\"ListItem\",\"position\":1,\"name\":\"Home\",\"item\":\"https:\\\/\\\/hi-nd.com\\\/es\\\/\"},{\"@type\":\"ListItem\",\"position\":2,\"name\":\"Tienda\",\"item\":\"https:\\\/\\\/hi-nd.com\\\/es\\\/tienda\\\/\"},{\"@type\":\"ListItem\",\"position\":3,\"name\":\"LED a medida\"}]},{\"@type\":\"WebSite\",\"@id\":\"https:\\\/\\\/hi-nd.com\\\/#website\",\"url\":\"https:\\\/\\\/hi-nd.com\\\/\",\"name\":\"HI-ND\",\"description\":\"Mounting Solutions\",\"potentialAction\":[{\"@type\":\"SearchAction\",\"target\":{\"@type\":\"EntryPoint\",\"urlTemplate\":\"https:\\\/\\\/hi-nd.com\\\/?s={search_term_string}\"},\"query-input\":{\"@type\":\"PropertyValueSpecification\",\"valueRequired\":true,\"valueName\":\"search_term_string\"}}],\"inLanguage\":\"es\"}]}<\/script>\n<!-- \/ Yoast SEO plugin. -->","yoast_head_json":{"title":"LED a medida - HI-ND","robots":{"index":"index","follow":"follow","max-snippet":"max-snippet:-1","max-image-preview":"max-image-preview:large","max-video-preview":"max-video-preview:-1"},"canonical":"https:\/\/hi-nd.com\/es\/producto\/tunel-led\/","og_locale":"es_ES","og_type":"article","og_title":"LED a medida - HI-ND","og_description":"HI-ND Custom made LED es un soporte mural preconfigurado para pantallas LED de Samsung que tambi\u00e9n ofrece la posibilidad de ser creativo. Un ejemplo es un T\u00fanel LED. A\u00f1ada tantos m\u00f3dulos LED como desee para crear un videowall continuo. Aplicable con la serie Samsung: IEA, IER e IFR","og_url":"https:\/\/hi-nd.com\/es\/producto\/tunel-led\/","og_site_name":"HI-ND","article_modified_time":"2024-05-28T13:09:18+00:00","og_image":[{"width":786,"height":750,"url":"https:\/\/hi-nd.com\/wp-content\/uploads\/2022\/03\/space-led-entre-stockholm03.jpg","type":"image\/jpeg"}],"twitter_card":"summary_large_image","schema":{"@context":"https:\/\/schema.org","@graph":[{"@type":"WebPage","@id":"https:\/\/hi-nd.com\/es\/producto\/tunel-led\/","url":"https:\/\/hi-nd.com\/es\/producto\/tunel-led\/","name":"LED a medida - HI-ND","isPartOf":{"@id":"https:\/\/hi-nd.com\/#website"},"primaryImageOfPage":{"@id":"https:\/\/hi-nd.com\/es\/producto\/tunel-led\/#primaryimage"},"image":{"@id":"https:\/\/hi-nd.com\/es\/producto\/tunel-led\/#primaryimage"},"thumbnailUrl":"https:\/\/hi-nd.com\/wp-content\/uploads\/2022\/03\/space-led-entre-stockholm03.jpg","datePublished":"2024-01-08T12:56:09+00:00","dateModified":"2024-05-28T13:09:18+00:00","breadcrumb":{"@id":"https:\/\/hi-nd.com\/es\/producto\/tunel-led\/#breadcrumb"},"inLanguage":"es","potentialAction":[{"@type":"ReadAction","target":["https:\/\/hi-nd.com\/es\/producto\/tunel-led\/"]}]},{"@type":"ImageObject","inLanguage":"es","@id":"https:\/\/hi-nd.com\/es\/producto\/tunel-led\/#primaryimage","url":"https:\/\/hi-nd.com\/wp-content\/uploads\/2022\/03\/space-led-entre-stockholm03.jpg","contentUrl":"https:\/\/hi-nd.com\/wp-content\/uploads\/2022\/03\/space-led-entre-stockholm03.jpg","width":786,"height":750,"caption":"Pared LED Espacio"},{"@type":"BreadcrumbList","@id":"https:\/\/hi-nd.com\/es\/producto\/tunel-led\/#breadcrumb","itemListElement":[{"@type":"ListItem","position":1,"name":"Home","item":"https:\/\/hi-nd.com\/es\/"},{"@type":"ListItem","position":2,"name":"Tienda","item":"https:\/\/hi-nd.com\/es\/tienda\/"},{"@type":"ListItem","position":3,"name":"LED a medida"}]},{"@type":"WebSite","@id":"https:\/\/hi-nd.com\/#website","url":"https:\/\/hi-nd.com\/","name":"HI-ND","description":"Mounting Solutions","potentialAction":[{"@type":"SearchAction","target":{"@type":"EntryPoint","urlTemplate":"https:\/\/hi-nd.com\/?s={search_term_string}"},"query-input":{"@type":"PropertyValueSpecification","valueRequired":true,"valueName":"search_term_string"}}],"inLanguage":"es"}]}},"_links":{"self":[{"href":"https:\/\/hi-nd.com\/es\/wp-json\/wp\/v2\/product\/6373","targetHints":{"allow":["GET"]}}],"collection":[{"href":"https:\/\/hi-nd.com\/es\/wp-json\/wp\/v2\/product"}],"about":[{"href":"https:\/\/hi-nd.com\/es\/wp-json\/wp\/v2\/types\/product"}],"wp:featuredmedia":[{"embeddable":true,"href":"https:\/\/hi-nd.com\/es\/wp-json\/wp\/v2\/media\/5951"}],"wp:attachment":[{"href":"https:\/\/hi-nd.com\/es\/wp-json\/wp\/v2\/media?parent=6373"}],"wp:term":[{"taxonomy":"product_brand","embeddable":true,"href":"https:\/\/hi-nd.com\/es\/wp-json\/wp\/v2\/product_brand?post=6373"},{"taxonomy":"product_cat","embeddable":true,"href":"https:\/\/hi-nd.com\/es\/wp-json\/wp\/v2\/product_cat?post=6373"},{"taxonomy":"product_tag","embeddable":true,"href":"https:\/\/hi-nd.com\/es\/wp-json\/wp\/v2\/product_tag?post=6373"}],"curies":[{"name":"wp","href":"https:\/\/api.w.org\/{rel}","templated":true}]}}