{"id":5916,"date":"2023-05-31T14:44:27","date_gmt":"2023-05-31T12:44:27","guid":{"rendered":"https:\/\/hi-nd.com\/product\/totem-exterior-de-doble-cara-75-para-samsung-oh75a\/"},"modified":"2026-01-26T14:56:59","modified_gmt":"2026-01-26T13:56:59","slug":"totem-exterior-de-doble-cara-75-para-samsung-oh75a","status":"publish","type":"product","link":"https:\/\/hi-nd.com\/es\/producto\/totem-exterior-de-doble-cara-75-para-samsung-oh75a\/","title":{"rendered":"T\u00f3tem exterior de doble cara para Samsung OH75A"},"content":{"rendered":"<p>&nbsp;<\/p>\n<table border=\"0\" cellspacing=\"0\">\n<colgroup width=\"128\"><\/colgroup>\n<tbody>\n<tr>\n<td align=\"left\" height=\"26\"><b> N\u00famero de pieza<\/b><\/td>\n<td align=\"left\"><b> Descripci\u00f3n<\/b><\/td>\n<td align=\"left\"><b> Color <\/b><\/td>\n<\/tr>\n<tr>\n<td align=\"left\" height=\"26\"> OD7517-7001-02<\/td>\n<td align=\"left\"> T\u00f3tem de exterior de doble cara 75&#8243;, retrato<\/td>\n<td align=\"left\"> Negro<\/td>\n<\/tr>\n<\/tbody>\n<\/table>\n","protected":false},"excerpt":{"rendered":"<p>El t\u00f3tem HI-ND para exteriores de doble cara de 75&#8243; est\u00e1 dise\u00f1ado para Samsung OH75A. Doble cara significa que hay una pantalla en cada lado del t\u00f3tem. Es perfecto para marketing e informaci\u00f3n en exteriores.   HI-ND puede apoyarse con bloques de hormig\u00f3n para una puesta a tierra homologada. El color est\u00e1ndar es el negro, pero pueden solicitarse otros colores.<\/p>\n<p>Para fijar el t\u00f3tem con seguridad, hay que desarrollar un trabajo de base s\u00f3lido. HI-ND-Project tiene una amplia experiencia en la creaci\u00f3n de cimientos. <a href=\"https:\/\/hi-nd-project.com\/groundwork\/\">  Lee m\u00e1s y res\u00e9rvalos aqu\u00ed.<\/a><\/p>\n<p>&nbsp;<\/p>\n","protected":false},"featured_media":6533,"template":"","meta":[],"product_brand":[],"product_cat":[76],"product_tag":[],"class_list":{"0":"post-5916","1":"product","2":"type-product","3":"status-publish","4":"has-post-thumbnail","6":"product_cat-exterior","8":"first","9":"instock","10":"shipping-taxable","11":"product-type-simple"},"yoast_head":"<!-- This site is optimized with the Yoast SEO plugin v27.3 - https:\/\/yoast.com\/product\/yoast-seo-wordpress\/ -->\n<title>T\u00f3tem exterior de doble cara para Samsung OH75A - HI-ND<\/title>\n<meta name=\"robots\" content=\"index, follow, max-snippet:-1, max-image-preview:large, max-video-preview:-1\" \/>\n<link rel=\"canonical\" href=\"https:\/\/hi-nd.com\/es\/producto\/totem-exterior-de-doble-cara-75-para-samsung-oh75a\/\" \/>\n<meta property=\"og:locale\" content=\"es_ES\" \/>\n<meta property=\"og:type\" content=\"article\" \/>\n<meta property=\"og:title\" content=\"T\u00f3tem exterior de doble cara para Samsung OH75A - HI-ND\" \/>\n<meta property=\"og:description\" content=\"El t\u00f3tem HI-ND para exteriores de doble cara de 75&quot; est\u00e1 dise\u00f1ado para Samsung OH75A. Doble cara significa que hay una pantalla en cada lado del t\u00f3tem. Es perfecto para marketing e informaci\u00f3n en exteriores.  HI-ND puede apoyarse con bloques de hormig\u00f3n para una puesta a tierra homologada. El color est\u00e1ndar es el negro, pero pueden solicitarse otros colores. Para fijar el t\u00f3tem con seguridad, hay que desarrollar un trabajo de base s\u00f3lido. HI-ND-Project tiene una amplia experiencia en la creaci\u00f3n de cimientos.  Lee m\u00e1s y res\u00e9rvalos aqu\u00ed. &nbsp;\" \/>\n<meta property=\"og:url\" content=\"https:\/\/hi-nd.com\/es\/producto\/totem-exterior-de-doble-cara-75-para-samsung-oh75a\/\" \/>\n<meta property=\"og:site_name\" content=\"HI-ND\" \/>\n<meta property=\"article:modified_time\" content=\"2026-01-26T13:56:59+00:00\" \/>\n<meta property=\"og:image\" content=\"https:\/\/hi-nd.com\/wp-content\/uploads\/2023\/05\/OD7500-8001-750x750-1.jpg\" \/>\n\t<meta property=\"og:image:width\" content=\"750\" \/>\n\t<meta property=\"og:image:height\" content=\"750\" \/>\n\t<meta property=\"og:image:type\" content=\"image\/jpeg\" \/>\n<meta name=\"twitter:card\" content=\"summary_large_image\" \/>\n<script type=\"application\/ld+json\" class=\"yoast-schema-graph\">{\"@context\":\"https:\\\/\\\/schema.org\",\"@graph\":[{\"@type\":\"WebPage\",\"@id\":\"https:\\\/\\\/hi-nd.com\\\/es\\\/producto\\\/totem-exterior-de-doble-cara-75-para-samsung-oh75a\\\/\",\"url\":\"https:\\\/\\\/hi-nd.com\\\/es\\\/producto\\\/totem-exterior-de-doble-cara-75-para-samsung-oh75a\\\/\",\"name\":\"T\u00f3tem exterior de doble cara para Samsung OH75A - HI-ND\",\"isPartOf\":{\"@id\":\"https:\\\/\\\/hi-nd.com\\\/#website\"},\"primaryImageOfPage\":{\"@id\":\"https:\\\/\\\/hi-nd.com\\\/es\\\/producto\\\/totem-exterior-de-doble-cara-75-para-samsung-oh75a\\\/#primaryimage\"},\"image\":{\"@id\":\"https:\\\/\\\/hi-nd.com\\\/es\\\/producto\\\/totem-exterior-de-doble-cara-75-para-samsung-oh75a\\\/#primaryimage\"},\"thumbnailUrl\":\"https:\\\/\\\/hi-nd.com\\\/wp-content\\\/uploads\\\/2023\\\/05\\\/OD7500-8001-750x750-1.jpg\",\"datePublished\":\"2023-05-31T12:44:27+00:00\",\"dateModified\":\"2026-01-26T13:56:59+00:00\",\"breadcrumb\":{\"@id\":\"https:\\\/\\\/hi-nd.com\\\/es\\\/producto\\\/totem-exterior-de-doble-cara-75-para-samsung-oh75a\\\/#breadcrumb\"},\"inLanguage\":\"es\",\"potentialAction\":[{\"@type\":\"ReadAction\",\"target\":[\"https:\\\/\\\/hi-nd.com\\\/es\\\/producto\\\/totem-exterior-de-doble-cara-75-para-samsung-oh75a\\\/\"]}]},{\"@type\":\"ImageObject\",\"inLanguage\":\"es\",\"@id\":\"https:\\\/\\\/hi-nd.com\\\/es\\\/producto\\\/totem-exterior-de-doble-cara-75-para-samsung-oh75a\\\/#primaryimage\",\"url\":\"https:\\\/\\\/hi-nd.com\\\/wp-content\\\/uploads\\\/2023\\\/05\\\/OD7500-8001-750x750-1.jpg\",\"contentUrl\":\"https:\\\/\\\/hi-nd.com\\\/wp-content\\\/uploads\\\/2023\\\/05\\\/OD7500-8001-750x750-1.jpg\",\"width\":750,\"height\":750,\"caption\":\"T\u00f3tem de doble cara para exteriores\"},{\"@type\":\"BreadcrumbList\",\"@id\":\"https:\\\/\\\/hi-nd.com\\\/es\\\/producto\\\/totem-exterior-de-doble-cara-75-para-samsung-oh75a\\\/#breadcrumb\",\"itemListElement\":[{\"@type\":\"ListItem\",\"position\":1,\"name\":\"Home\",\"item\":\"https:\\\/\\\/hi-nd.com\\\/es\\\/\"},{\"@type\":\"ListItem\",\"position\":2,\"name\":\"Tienda\",\"item\":\"https:\\\/\\\/hi-nd.com\\\/es\\\/tienda\\\/\"},{\"@type\":\"ListItem\",\"position\":3,\"name\":\"T\u00f3tem exterior de doble cara para Samsung OH75A\"}]},{\"@type\":\"WebSite\",\"@id\":\"https:\\\/\\\/hi-nd.com\\\/#website\",\"url\":\"https:\\\/\\\/hi-nd.com\\\/\",\"name\":\"HI-ND\",\"description\":\"Mounting Solutions\",\"potentialAction\":[{\"@type\":\"SearchAction\",\"target\":{\"@type\":\"EntryPoint\",\"urlTemplate\":\"https:\\\/\\\/hi-nd.com\\\/?s={search_term_string}\"},\"query-input\":{\"@type\":\"PropertyValueSpecification\",\"valueRequired\":true,\"valueName\":\"search_term_string\"}}],\"inLanguage\":\"es\"}]}<\/script>\n<!-- \/ Yoast SEO plugin. -->","yoast_head_json":{"title":"T\u00f3tem exterior de doble cara para Samsung OH75A - HI-ND","robots":{"index":"index","follow":"follow","max-snippet":"max-snippet:-1","max-image-preview":"max-image-preview:large","max-video-preview":"max-video-preview:-1"},"canonical":"https:\/\/hi-nd.com\/es\/producto\/totem-exterior-de-doble-cara-75-para-samsung-oh75a\/","og_locale":"es_ES","og_type":"article","og_title":"T\u00f3tem exterior de doble cara para Samsung OH75A - HI-ND","og_description":"El t\u00f3tem HI-ND para exteriores de doble cara de 75\" est\u00e1 dise\u00f1ado para Samsung OH75A. Doble cara significa que hay una pantalla en cada lado del t\u00f3tem. Es perfecto para marketing e informaci\u00f3n en exteriores.  HI-ND puede apoyarse con bloques de hormig\u00f3n para una puesta a tierra homologada. El color est\u00e1ndar es el negro, pero pueden solicitarse otros colores. Para fijar el t\u00f3tem con seguridad, hay que desarrollar un trabajo de base s\u00f3lido. HI-ND-Project tiene una amplia experiencia en la creaci\u00f3n de cimientos.  Lee m\u00e1s y res\u00e9rvalos aqu\u00ed. &nbsp;","og_url":"https:\/\/hi-nd.com\/es\/producto\/totem-exterior-de-doble-cara-75-para-samsung-oh75a\/","og_site_name":"HI-ND","article_modified_time":"2026-01-26T13:56:59+00:00","og_image":[{"width":750,"height":750,"url":"https:\/\/hi-nd.com\/wp-content\/uploads\/2023\/05\/OD7500-8001-750x750-1.jpg","type":"image\/jpeg"}],"twitter_card":"summary_large_image","schema":{"@context":"https:\/\/schema.org","@graph":[{"@type":"WebPage","@id":"https:\/\/hi-nd.com\/es\/producto\/totem-exterior-de-doble-cara-75-para-samsung-oh75a\/","url":"https:\/\/hi-nd.com\/es\/producto\/totem-exterior-de-doble-cara-75-para-samsung-oh75a\/","name":"T\u00f3tem exterior de doble cara para Samsung OH75A - HI-ND","isPartOf":{"@id":"https:\/\/hi-nd.com\/#website"},"primaryImageOfPage":{"@id":"https:\/\/hi-nd.com\/es\/producto\/totem-exterior-de-doble-cara-75-para-samsung-oh75a\/#primaryimage"},"image":{"@id":"https:\/\/hi-nd.com\/es\/producto\/totem-exterior-de-doble-cara-75-para-samsung-oh75a\/#primaryimage"},"thumbnailUrl":"https:\/\/hi-nd.com\/wp-content\/uploads\/2023\/05\/OD7500-8001-750x750-1.jpg","datePublished":"2023-05-31T12:44:27+00:00","dateModified":"2026-01-26T13:56:59+00:00","breadcrumb":{"@id":"https:\/\/hi-nd.com\/es\/producto\/totem-exterior-de-doble-cara-75-para-samsung-oh75a\/#breadcrumb"},"inLanguage":"es","potentialAction":[{"@type":"ReadAction","target":["https:\/\/hi-nd.com\/es\/producto\/totem-exterior-de-doble-cara-75-para-samsung-oh75a\/"]}]},{"@type":"ImageObject","inLanguage":"es","@id":"https:\/\/hi-nd.com\/es\/producto\/totem-exterior-de-doble-cara-75-para-samsung-oh75a\/#primaryimage","url":"https:\/\/hi-nd.com\/wp-content\/uploads\/2023\/05\/OD7500-8001-750x750-1.jpg","contentUrl":"https:\/\/hi-nd.com\/wp-content\/uploads\/2023\/05\/OD7500-8001-750x750-1.jpg","width":750,"height":750,"caption":"T\u00f3tem de doble cara para exteriores"},{"@type":"BreadcrumbList","@id":"https:\/\/hi-nd.com\/es\/producto\/totem-exterior-de-doble-cara-75-para-samsung-oh75a\/#breadcrumb","itemListElement":[{"@type":"ListItem","position":1,"name":"Home","item":"https:\/\/hi-nd.com\/es\/"},{"@type":"ListItem","position":2,"name":"Tienda","item":"https:\/\/hi-nd.com\/es\/tienda\/"},{"@type":"ListItem","position":3,"name":"T\u00f3tem exterior de doble cara para Samsung OH75A"}]},{"@type":"WebSite","@id":"https:\/\/hi-nd.com\/#website","url":"https:\/\/hi-nd.com\/","name":"HI-ND","description":"Mounting Solutions","potentialAction":[{"@type":"SearchAction","target":{"@type":"EntryPoint","urlTemplate":"https:\/\/hi-nd.com\/?s={search_term_string}"},"query-input":{"@type":"PropertyValueSpecification","valueRequired":true,"valueName":"search_term_string"}}],"inLanguage":"es"}]}},"_links":{"self":[{"href":"https:\/\/hi-nd.com\/es\/wp-json\/wp\/v2\/product\/5916","targetHints":{"allow":["GET"]}}],"collection":[{"href":"https:\/\/hi-nd.com\/es\/wp-json\/wp\/v2\/product"}],"about":[{"href":"https:\/\/hi-nd.com\/es\/wp-json\/wp\/v2\/types\/product"}],"wp:featuredmedia":[{"embeddable":true,"href":"https:\/\/hi-nd.com\/es\/wp-json\/wp\/v2\/media\/6533"}],"wp:attachment":[{"href":"https:\/\/hi-nd.com\/es\/wp-json\/wp\/v2\/media?parent=5916"}],"wp:term":[{"taxonomy":"product_brand","embeddable":true,"href":"https:\/\/hi-nd.com\/es\/wp-json\/wp\/v2\/product_brand?post=5916"},{"taxonomy":"product_cat","embeddable":true,"href":"https:\/\/hi-nd.com\/es\/wp-json\/wp\/v2\/product_cat?post=5916"},{"taxonomy":"product_tag","embeddable":true,"href":"https:\/\/hi-nd.com\/es\/wp-json\/wp\/v2\/product_tag?post=5916"}],"curies":[{"name":"wp","href":"https:\/\/api.w.org\/{rel}","templated":true}]}}