{"id":5895,"date":"2023-07-05T16:00:07","date_gmt":"2023-07-05T14:00:07","guid":{"rendered":"https:\/\/hi-nd.com\/product\/led-curvo\/"},"modified":"2024-02-22T21:21:40","modified_gmt":"2024-02-22T20:21:40","slug":"led-curvo","status":"publish","type":"product","link":"https:\/\/hi-nd.com\/es\/producto\/led-curvo\/","title":{"rendered":"LED curvo"},"content":{"rendered":"<table border=\"0\" cellspacing=\"0\">\n<colgroup width=\"128\"><\/colgroup>\n<tbody>\n<tr>\n<td align=\"left\" height=\"26\"><b>N\u00famero de pieza<\/b><\/td>\n<td align=\"left\"><b>Descripci\u00f3n<\/b><\/td>\n<td align=\"left\"><b>Color <\/b><\/td>\n<\/tr>\n<tr>\n<td align=\"left\" height=\"26\"><\/td>\n<td align=\"left\">LED curvo<\/td>\n<td align=\"left\">Negro<\/td>\n<\/tr>\n<\/tbody>\n<\/table>\n","protected":false},"excerpt":{"rendered":"<p>HI-ND LED Wall es un soporte de pared preconfigurado para pantallas LED de Samsung. Ahora ofrecemos una soluci\u00f3n completa que incluye soportes de pared y marco. Esto tambi\u00e9n permite una soluci\u00f3n de pared curva.<\/p>\n<p>A\u00f1ada m\u00f3dulos LED para crear un videowall continuo. El color est\u00e1ndar del marco es el negro, pero pueden solicitarse otros colores.<\/p>\n<p>Aplicable con la serie Samsung: IEA, IER e IFR<\/p>\n","protected":false},"featured_media":5305,"template":"","meta":[],"product_brand":[],"product_cat":[104,134],"product_tag":[],"class_list":{"0":"post-5895","1":"product","2":"type-product","3":"status-publish","4":"has-post-thumbnail","6":"product_cat-led-es","7":"product_cat-pared-es","9":"first","10":"instock","11":"shipping-taxable","12":"product-type-simple"},"yoast_head":"<!-- This site is optimized with the Yoast SEO plugin v27.3 - https:\/\/yoast.com\/product\/yoast-seo-wordpress\/ -->\n<title>LED curvo - HI-ND<\/title>\n<meta name=\"robots\" content=\"index, follow, max-snippet:-1, max-image-preview:large, max-video-preview:-1\" \/>\n<link rel=\"canonical\" href=\"https:\/\/hi-nd.com\/es\/producto\/led-curvo\/\" \/>\n<meta property=\"og:locale\" content=\"es_ES\" \/>\n<meta property=\"og:type\" content=\"article\" \/>\n<meta property=\"og:title\" content=\"LED curvo - HI-ND\" \/>\n<meta property=\"og:description\" content=\"HI-ND LED Wall es un soporte de pared preconfigurado para pantallas LED de Samsung. Ahora ofrecemos una soluci\u00f3n completa que incluye soportes de pared y marco. Esto tambi\u00e9n permite una soluci\u00f3n de pared curva. A\u00f1ada m\u00f3dulos LED para crear un videowall continuo. El color est\u00e1ndar del marco es el negro, pero pueden solicitarse otros colores. Aplicable con la serie Samsung: IEA, IER e IFR\" \/>\n<meta property=\"og:url\" content=\"https:\/\/hi-nd.com\/es\/producto\/led-curvo\/\" \/>\n<meta property=\"og:site_name\" content=\"HI-ND\" \/>\n<meta property=\"article:modified_time\" content=\"2024-02-22T20:21:40+00:00\" \/>\n<meta property=\"og:image\" content=\"https:\/\/hi-nd.com\/wp-content\/uploads\/2023\/07\/L1680597-1024x683.jpg\" \/>\n\t<meta property=\"og:image:width\" content=\"1024\" \/>\n\t<meta property=\"og:image:height\" content=\"683\" \/>\n\t<meta property=\"og:image:type\" content=\"image\/jpeg\" \/>\n<meta name=\"twitter:card\" content=\"summary_large_image\" \/>\n<script type=\"application\/ld+json\" class=\"yoast-schema-graph\">{\"@context\":\"https:\\\/\\\/schema.org\",\"@graph\":[{\"@type\":\"WebPage\",\"@id\":\"https:\\\/\\\/hi-nd.com\\\/es\\\/producto\\\/led-curvo\\\/\",\"url\":\"https:\\\/\\\/hi-nd.com\\\/es\\\/producto\\\/led-curvo\\\/\",\"name\":\"LED curvo - HI-ND\",\"isPartOf\":{\"@id\":\"https:\\\/\\\/hi-nd.com\\\/#website\"},\"primaryImageOfPage\":{\"@id\":\"https:\\\/\\\/hi-nd.com\\\/es\\\/producto\\\/led-curvo\\\/#primaryimage\"},\"image\":{\"@id\":\"https:\\\/\\\/hi-nd.com\\\/es\\\/producto\\\/led-curvo\\\/#primaryimage\"},\"thumbnailUrl\":\"https:\\\/\\\/hi-nd.com\\\/wp-content\\\/uploads\\\/2023\\\/07\\\/L1680597.jpg\",\"datePublished\":\"2023-07-05T14:00:07+00:00\",\"dateModified\":\"2024-02-22T20:21:40+00:00\",\"breadcrumb\":{\"@id\":\"https:\\\/\\\/hi-nd.com\\\/es\\\/producto\\\/led-curvo\\\/#breadcrumb\"},\"inLanguage\":\"es\",\"potentialAction\":[{\"@type\":\"ReadAction\",\"target\":[\"https:\\\/\\\/hi-nd.com\\\/es\\\/producto\\\/led-curvo\\\/\"]}]},{\"@type\":\"ImageObject\",\"inLanguage\":\"es\",\"@id\":\"https:\\\/\\\/hi-nd.com\\\/es\\\/producto\\\/led-curvo\\\/#primaryimage\",\"url\":\"https:\\\/\\\/hi-nd.com\\\/wp-content\\\/uploads\\\/2023\\\/07\\\/L1680597.jpg\",\"contentUrl\":\"https:\\\/\\\/hi-nd.com\\\/wp-content\\\/uploads\\\/2023\\\/07\\\/L1680597.jpg\",\"width\":2400,\"height\":1600},{\"@type\":\"BreadcrumbList\",\"@id\":\"https:\\\/\\\/hi-nd.com\\\/es\\\/producto\\\/led-curvo\\\/#breadcrumb\",\"itemListElement\":[{\"@type\":\"ListItem\",\"position\":1,\"name\":\"Home\",\"item\":\"https:\\\/\\\/hi-nd.com\\\/es\\\/\"},{\"@type\":\"ListItem\",\"position\":2,\"name\":\"Tienda\",\"item\":\"https:\\\/\\\/hi-nd.com\\\/es\\\/tienda\\\/\"},{\"@type\":\"ListItem\",\"position\":3,\"name\":\"LED curvo\"}]},{\"@type\":\"WebSite\",\"@id\":\"https:\\\/\\\/hi-nd.com\\\/#website\",\"url\":\"https:\\\/\\\/hi-nd.com\\\/\",\"name\":\"HI-ND\",\"description\":\"Mounting Solutions\",\"potentialAction\":[{\"@type\":\"SearchAction\",\"target\":{\"@type\":\"EntryPoint\",\"urlTemplate\":\"https:\\\/\\\/hi-nd.com\\\/?s={search_term_string}\"},\"query-input\":{\"@type\":\"PropertyValueSpecification\",\"valueRequired\":true,\"valueName\":\"search_term_string\"}}],\"inLanguage\":\"es\"}]}<\/script>\n<!-- \/ Yoast SEO plugin. -->","yoast_head_json":{"title":"LED curvo - HI-ND","robots":{"index":"index","follow":"follow","max-snippet":"max-snippet:-1","max-image-preview":"max-image-preview:large","max-video-preview":"max-video-preview:-1"},"canonical":"https:\/\/hi-nd.com\/es\/producto\/led-curvo\/","og_locale":"es_ES","og_type":"article","og_title":"LED curvo - HI-ND","og_description":"HI-ND LED Wall es un soporte de pared preconfigurado para pantallas LED de Samsung. Ahora ofrecemos una soluci\u00f3n completa que incluye soportes de pared y marco. Esto tambi\u00e9n permite una soluci\u00f3n de pared curva. A\u00f1ada m\u00f3dulos LED para crear un videowall continuo. El color est\u00e1ndar del marco es el negro, pero pueden solicitarse otros colores. Aplicable con la serie Samsung: IEA, IER e IFR","og_url":"https:\/\/hi-nd.com\/es\/producto\/led-curvo\/","og_site_name":"HI-ND","article_modified_time":"2024-02-22T20:21:40+00:00","og_image":[{"width":1024,"height":683,"url":"https:\/\/hi-nd.com\/wp-content\/uploads\/2023\/07\/L1680597-1024x683.jpg","type":"image\/jpeg"}],"twitter_card":"summary_large_image","schema":{"@context":"https:\/\/schema.org","@graph":[{"@type":"WebPage","@id":"https:\/\/hi-nd.com\/es\/producto\/led-curvo\/","url":"https:\/\/hi-nd.com\/es\/producto\/led-curvo\/","name":"LED curvo - HI-ND","isPartOf":{"@id":"https:\/\/hi-nd.com\/#website"},"primaryImageOfPage":{"@id":"https:\/\/hi-nd.com\/es\/producto\/led-curvo\/#primaryimage"},"image":{"@id":"https:\/\/hi-nd.com\/es\/producto\/led-curvo\/#primaryimage"},"thumbnailUrl":"https:\/\/hi-nd.com\/wp-content\/uploads\/2023\/07\/L1680597.jpg","datePublished":"2023-07-05T14:00:07+00:00","dateModified":"2024-02-22T20:21:40+00:00","breadcrumb":{"@id":"https:\/\/hi-nd.com\/es\/producto\/led-curvo\/#breadcrumb"},"inLanguage":"es","potentialAction":[{"@type":"ReadAction","target":["https:\/\/hi-nd.com\/es\/producto\/led-curvo\/"]}]},{"@type":"ImageObject","inLanguage":"es","@id":"https:\/\/hi-nd.com\/es\/producto\/led-curvo\/#primaryimage","url":"https:\/\/hi-nd.com\/wp-content\/uploads\/2023\/07\/L1680597.jpg","contentUrl":"https:\/\/hi-nd.com\/wp-content\/uploads\/2023\/07\/L1680597.jpg","width":2400,"height":1600},{"@type":"BreadcrumbList","@id":"https:\/\/hi-nd.com\/es\/producto\/led-curvo\/#breadcrumb","itemListElement":[{"@type":"ListItem","position":1,"name":"Home","item":"https:\/\/hi-nd.com\/es\/"},{"@type":"ListItem","position":2,"name":"Tienda","item":"https:\/\/hi-nd.com\/es\/tienda\/"},{"@type":"ListItem","position":3,"name":"LED curvo"}]},{"@type":"WebSite","@id":"https:\/\/hi-nd.com\/#website","url":"https:\/\/hi-nd.com\/","name":"HI-ND","description":"Mounting Solutions","potentialAction":[{"@type":"SearchAction","target":{"@type":"EntryPoint","urlTemplate":"https:\/\/hi-nd.com\/?s={search_term_string}"},"query-input":{"@type":"PropertyValueSpecification","valueRequired":true,"valueName":"search_term_string"}}],"inLanguage":"es"}]}},"_links":{"self":[{"href":"https:\/\/hi-nd.com\/es\/wp-json\/wp\/v2\/product\/5895","targetHints":{"allow":["GET"]}}],"collection":[{"href":"https:\/\/hi-nd.com\/es\/wp-json\/wp\/v2\/product"}],"about":[{"href":"https:\/\/hi-nd.com\/es\/wp-json\/wp\/v2\/types\/product"}],"wp:featuredmedia":[{"embeddable":true,"href":"https:\/\/hi-nd.com\/es\/wp-json\/wp\/v2\/media\/5305"}],"wp:attachment":[{"href":"https:\/\/hi-nd.com\/es\/wp-json\/wp\/v2\/media?parent=5895"}],"wp:term":[{"taxonomy":"product_brand","embeddable":true,"href":"https:\/\/hi-nd.com\/es\/wp-json\/wp\/v2\/product_brand?post=5895"},{"taxonomy":"product_cat","embeddable":true,"href":"https:\/\/hi-nd.com\/es\/wp-json\/wp\/v2\/product_cat?post=5895"},{"taxonomy":"product_tag","embeddable":true,"href":"https:\/\/hi-nd.com\/es\/wp-json\/wp\/v2\/product_tag?post=5895"}],"curies":[{"name":"wp","href":"https:\/\/api.w.org\/{rel}","templated":true}]}}