{"id":5893,"date":"2023-03-01T10:46:49","date_gmt":"2023-03-01T09:46:49","guid":{"rendered":"https:\/\/hi-nd.com\/product\/ruedas-para-totem-estandar\/"},"modified":"2024-02-22T21:21:23","modified_gmt":"2024-02-22T20:21:23","slug":"ruedas-para-totem-estandar","status":"publish","type":"product","link":"https:\/\/hi-nd.com\/es\/producto\/ruedas-para-totem-estandar\/","title":{"rendered":"Ruedas para t\u00f3tem est\u00e1ndar"},"content":{"rendered":"<table border=\"0\" cellspacing=\"0\">\n<colgroup width=\"184\"><\/colgroup>\n<colgroup width=\"709\"><\/colgroup>\n<colgroup width=\"128\"><\/colgroup>\n<tbody>\n<tr>\n<td align=\"left\" height=\"26\"><b>N\u00famero de pieza<\/b><\/td>\n<td align=\"left\"><b>Descripci\u00f3n<\/b><\/td>\n<td align=\"left\"><b>Color<\/b><\/td>\n<\/tr>\n<tr>\n<td align=\"left\" height=\"26\">FS0000-W15<\/td>\n<td align=\"left\">4 ruedas dise\u00f1adas para Totem est\u00e1ndar de 43&#8243; y 50<\/td>\n<td align=\"left\">Negro<\/td>\n<\/tr>\n<\/tbody>\n<\/table>\n","protected":false},"excerpt":{"rendered":"<p>Haz que tu t\u00f3tem est\u00e1ndar sea port\u00e1til<\/p>\n<p>Ahora ofrecemos ruedas para su t\u00f3tem est\u00e1ndar para que sea port\u00e1til. Las ruedas est\u00e1n dise\u00f1adas para nuestras versiones actualizadas de Totem est\u00e1ndar de 43&#8243; y 50&#8243;.<\/p>\n","protected":false},"featured_media":5038,"template":"","meta":[],"product_brand":[],"product_cat":[71,113],"product_tag":[],"class_list":{"0":"post-5893","1":"product","2":"type-product","3":"status-publish","4":"has-post-thumbnail","6":"product_cat-piso","7":"product_cat-soporte-de-suelo","9":"first","10":"instock","11":"shipping-taxable","12":"product-type-simple"},"yoast_head":"<!-- This site is optimized with the Yoast SEO plugin v27.4 - https:\/\/yoast.com\/product\/yoast-seo-wordpress\/ -->\n<title>Ruedas para t\u00f3tem est\u00e1ndar - HI-ND<\/title>\n<meta name=\"robots\" content=\"index, follow, max-snippet:-1, max-image-preview:large, max-video-preview:-1\" \/>\n<link rel=\"canonical\" href=\"https:\/\/hi-nd.com\/es\/producto\/ruedas-para-totem-estandar\/\" \/>\n<meta property=\"og:locale\" content=\"es_ES\" \/>\n<meta property=\"og:type\" content=\"article\" \/>\n<meta property=\"og:title\" content=\"Ruedas para t\u00f3tem est\u00e1ndar - HI-ND\" \/>\n<meta property=\"og:description\" content=\"Haz que tu t\u00f3tem est\u00e1ndar sea port\u00e1til Ahora ofrecemos ruedas para su t\u00f3tem est\u00e1ndar para que sea port\u00e1til. Las ruedas est\u00e1n dise\u00f1adas para nuestras versiones actualizadas de Totem est\u00e1ndar de 43&quot; y 50&quot;.\" \/>\n<meta property=\"og:url\" content=\"https:\/\/hi-nd.com\/es\/producto\/ruedas-para-totem-estandar\/\" \/>\n<meta property=\"og:site_name\" content=\"HI-ND\" \/>\n<meta property=\"article:modified_time\" content=\"2024-02-22T20:21:23+00:00\" \/>\n<meta property=\"og:image\" content=\"https:\/\/hi-nd.com\/wp-content\/uploads\/2023\/02\/FS0000-W15-750x750-1.jpg\" \/>\n\t<meta property=\"og:image:width\" content=\"750\" \/>\n\t<meta property=\"og:image:height\" content=\"750\" \/>\n\t<meta property=\"og:image:type\" content=\"image\/jpeg\" \/>\n<meta name=\"twitter:card\" content=\"summary_large_image\" \/>\n<script type=\"application\/ld+json\" class=\"yoast-schema-graph\">{\"@context\":\"https:\\\/\\\/schema.org\",\"@graph\":[{\"@type\":\"WebPage\",\"@id\":\"https:\\\/\\\/hi-nd.com\\\/es\\\/producto\\\/ruedas-para-totem-estandar\\\/\",\"url\":\"https:\\\/\\\/hi-nd.com\\\/es\\\/producto\\\/ruedas-para-totem-estandar\\\/\",\"name\":\"Ruedas para t\u00f3tem est\u00e1ndar - HI-ND\",\"isPartOf\":{\"@id\":\"https:\\\/\\\/hi-nd.com\\\/#website\"},\"primaryImageOfPage\":{\"@id\":\"https:\\\/\\\/hi-nd.com\\\/es\\\/producto\\\/ruedas-para-totem-estandar\\\/#primaryimage\"},\"image\":{\"@id\":\"https:\\\/\\\/hi-nd.com\\\/es\\\/producto\\\/ruedas-para-totem-estandar\\\/#primaryimage\"},\"thumbnailUrl\":\"https:\\\/\\\/hi-nd.com\\\/wp-content\\\/uploads\\\/2023\\\/02\\\/FS0000-W15-750x750-1.jpg\",\"datePublished\":\"2023-03-01T09:46:49+00:00\",\"dateModified\":\"2024-02-22T20:21:23+00:00\",\"breadcrumb\":{\"@id\":\"https:\\\/\\\/hi-nd.com\\\/es\\\/producto\\\/ruedas-para-totem-estandar\\\/#breadcrumb\"},\"inLanguage\":\"es\",\"potentialAction\":[{\"@type\":\"ReadAction\",\"target\":[\"https:\\\/\\\/hi-nd.com\\\/es\\\/producto\\\/ruedas-para-totem-estandar\\\/\"]}]},{\"@type\":\"ImageObject\",\"inLanguage\":\"es\",\"@id\":\"https:\\\/\\\/hi-nd.com\\\/es\\\/producto\\\/ruedas-para-totem-estandar\\\/#primaryimage\",\"url\":\"https:\\\/\\\/hi-nd.com\\\/wp-content\\\/uploads\\\/2023\\\/02\\\/FS0000-W15-750x750-1.jpg\",\"contentUrl\":\"https:\\\/\\\/hi-nd.com\\\/wp-content\\\/uploads\\\/2023\\\/02\\\/FS0000-W15-750x750-1.jpg\",\"width\":750,\"height\":750,\"caption\":\"ruedas mini t\u00f3tem\"},{\"@type\":\"BreadcrumbList\",\"@id\":\"https:\\\/\\\/hi-nd.com\\\/es\\\/producto\\\/ruedas-para-totem-estandar\\\/#breadcrumb\",\"itemListElement\":[{\"@type\":\"ListItem\",\"position\":1,\"name\":\"Home\",\"item\":\"https:\\\/\\\/hi-nd.com\\\/es\\\/\"},{\"@type\":\"ListItem\",\"position\":2,\"name\":\"Tienda\",\"item\":\"https:\\\/\\\/hi-nd.com\\\/es\\\/tienda\\\/\"},{\"@type\":\"ListItem\",\"position\":3,\"name\":\"Ruedas para t\u00f3tem est\u00e1ndar\"}]},{\"@type\":\"WebSite\",\"@id\":\"https:\\\/\\\/hi-nd.com\\\/#website\",\"url\":\"https:\\\/\\\/hi-nd.com\\\/\",\"name\":\"HI-ND\",\"description\":\"Mounting Solutions\",\"potentialAction\":[{\"@type\":\"SearchAction\",\"target\":{\"@type\":\"EntryPoint\",\"urlTemplate\":\"https:\\\/\\\/hi-nd.com\\\/?s={search_term_string}\"},\"query-input\":{\"@type\":\"PropertyValueSpecification\",\"valueRequired\":true,\"valueName\":\"search_term_string\"}}],\"inLanguage\":\"es\"}]}<\/script>\n<!-- \/ Yoast SEO plugin. -->","yoast_head_json":{"title":"Ruedas para t\u00f3tem est\u00e1ndar - HI-ND","robots":{"index":"index","follow":"follow","max-snippet":"max-snippet:-1","max-image-preview":"max-image-preview:large","max-video-preview":"max-video-preview:-1"},"canonical":"https:\/\/hi-nd.com\/es\/producto\/ruedas-para-totem-estandar\/","og_locale":"es_ES","og_type":"article","og_title":"Ruedas para t\u00f3tem est\u00e1ndar - HI-ND","og_description":"Haz que tu t\u00f3tem est\u00e1ndar sea port\u00e1til Ahora ofrecemos ruedas para su t\u00f3tem est\u00e1ndar para que sea port\u00e1til. Las ruedas est\u00e1n dise\u00f1adas para nuestras versiones actualizadas de Totem est\u00e1ndar de 43\" y 50\".","og_url":"https:\/\/hi-nd.com\/es\/producto\/ruedas-para-totem-estandar\/","og_site_name":"HI-ND","article_modified_time":"2024-02-22T20:21:23+00:00","og_image":[{"width":750,"height":750,"url":"https:\/\/hi-nd.com\/wp-content\/uploads\/2023\/02\/FS0000-W15-750x750-1.jpg","type":"image\/jpeg"}],"twitter_card":"summary_large_image","schema":{"@context":"https:\/\/schema.org","@graph":[{"@type":"WebPage","@id":"https:\/\/hi-nd.com\/es\/producto\/ruedas-para-totem-estandar\/","url":"https:\/\/hi-nd.com\/es\/producto\/ruedas-para-totem-estandar\/","name":"Ruedas para t\u00f3tem est\u00e1ndar - HI-ND","isPartOf":{"@id":"https:\/\/hi-nd.com\/#website"},"primaryImageOfPage":{"@id":"https:\/\/hi-nd.com\/es\/producto\/ruedas-para-totem-estandar\/#primaryimage"},"image":{"@id":"https:\/\/hi-nd.com\/es\/producto\/ruedas-para-totem-estandar\/#primaryimage"},"thumbnailUrl":"https:\/\/hi-nd.com\/wp-content\/uploads\/2023\/02\/FS0000-W15-750x750-1.jpg","datePublished":"2023-03-01T09:46:49+00:00","dateModified":"2024-02-22T20:21:23+00:00","breadcrumb":{"@id":"https:\/\/hi-nd.com\/es\/producto\/ruedas-para-totem-estandar\/#breadcrumb"},"inLanguage":"es","potentialAction":[{"@type":"ReadAction","target":["https:\/\/hi-nd.com\/es\/producto\/ruedas-para-totem-estandar\/"]}]},{"@type":"ImageObject","inLanguage":"es","@id":"https:\/\/hi-nd.com\/es\/producto\/ruedas-para-totem-estandar\/#primaryimage","url":"https:\/\/hi-nd.com\/wp-content\/uploads\/2023\/02\/FS0000-W15-750x750-1.jpg","contentUrl":"https:\/\/hi-nd.com\/wp-content\/uploads\/2023\/02\/FS0000-W15-750x750-1.jpg","width":750,"height":750,"caption":"ruedas mini t\u00f3tem"},{"@type":"BreadcrumbList","@id":"https:\/\/hi-nd.com\/es\/producto\/ruedas-para-totem-estandar\/#breadcrumb","itemListElement":[{"@type":"ListItem","position":1,"name":"Home","item":"https:\/\/hi-nd.com\/es\/"},{"@type":"ListItem","position":2,"name":"Tienda","item":"https:\/\/hi-nd.com\/es\/tienda\/"},{"@type":"ListItem","position":3,"name":"Ruedas para t\u00f3tem est\u00e1ndar"}]},{"@type":"WebSite","@id":"https:\/\/hi-nd.com\/#website","url":"https:\/\/hi-nd.com\/","name":"HI-ND","description":"Mounting Solutions","potentialAction":[{"@type":"SearchAction","target":{"@type":"EntryPoint","urlTemplate":"https:\/\/hi-nd.com\/?s={search_term_string}"},"query-input":{"@type":"PropertyValueSpecification","valueRequired":true,"valueName":"search_term_string"}}],"inLanguage":"es"}]}},"_links":{"self":[{"href":"https:\/\/hi-nd.com\/es\/wp-json\/wp\/v2\/product\/5893","targetHints":{"allow":["GET"]}}],"collection":[{"href":"https:\/\/hi-nd.com\/es\/wp-json\/wp\/v2\/product"}],"about":[{"href":"https:\/\/hi-nd.com\/es\/wp-json\/wp\/v2\/types\/product"}],"wp:featuredmedia":[{"embeddable":true,"href":"https:\/\/hi-nd.com\/es\/wp-json\/wp\/v2\/media\/5038"}],"wp:attachment":[{"href":"https:\/\/hi-nd.com\/es\/wp-json\/wp\/v2\/media?parent=5893"}],"wp:term":[{"taxonomy":"product_brand","embeddable":true,"href":"https:\/\/hi-nd.com\/es\/wp-json\/wp\/v2\/product_brand?post=5893"},{"taxonomy":"product_cat","embeddable":true,"href":"https:\/\/hi-nd.com\/es\/wp-json\/wp\/v2\/product_cat?post=5893"},{"taxonomy":"product_tag","embeddable":true,"href":"https:\/\/hi-nd.com\/es\/wp-json\/wp\/v2\/product_tag?post=5893"}],"curies":[{"name":"wp","href":"https:\/\/api.w.org\/{rel}","templated":true}]}}