{"id":5879,"date":"2022-04-05T13:32:26","date_gmt":"2022-04-05T11:32:26","guid":{"rendered":"https:\/\/hi-nd.com\/product\/alambre-para-revestimiento-de-techos\/"},"modified":"2024-02-22T21:20:52","modified_gmt":"2024-02-22T20:20:52","slug":"alambre-para-revestimiento-de-techos","status":"publish","type":"product","link":"https:\/\/hi-nd.com\/es\/producto\/alambre-para-revestimiento-de-techos\/","title":{"rendered":"Alambre para revestimiento de techos"},"content":{"rendered":"<table width=\"809\">\n<tbody>\n<tr>\n<td width=\"200\"><strong>N\u00famero de pieza<\/strong><\/td>\n<td width=\"519\"><strong>Descripci\u00f3n<\/strong><\/td>\n<td width=\"175\"><strong>Color<\/strong><\/td>\n<\/tr>\n<\/tbody>\n<tbody>\n<tr>\n<td>VJ3000-0101-15<\/td>\n<td>Cable de 3 m para la caja del techo<\/td>\n<td>Gris<\/td>\n<\/tr>\n<tr>\n<td>VJ3000-0101-01<\/td>\n<td>Cable, 3 m para carcasa de techo, Medias de cable blancas<\/td>\n<td>Blanco<\/td>\n<\/tr>\n<tr>\n<td>VJ3000-0101-02<\/td>\n<td>Cable, 3 m para carcasa de techo, Medias de cable negras<\/td>\n<td>Negro<\/td>\n<\/tr>\n<\/tbody>\n<\/table>\n","protected":false},"excerpt":{"rendered":"<p>El cable para la carcasa de techo HI-ND es de 3 m, pero se puede cortar f\u00e1cilmente para una distancia menor.<\/p>\n","protected":false},"featured_media":4771,"template":"","meta":[],"product_brand":[],"product_cat":[100,84],"product_tag":[],"class_list":{"0":"post-5879","1":"product","2":"type-product","3":"status-publish","4":"has-post-thumbnail","6":"product_cat-montaje-en-techo","7":"product_cat-techo","9":"first","10":"instock","11":"shipping-taxable","12":"product-type-simple"},"yoast_head":"<!-- This site is optimized with the Yoast SEO plugin v27.3 - https:\/\/yoast.com\/product\/yoast-seo-wordpress\/ -->\n<title>Alambre para revestimiento de techos - HI-ND<\/title>\n<meta name=\"description\" content=\"El cable para el revestimiento HI-ND es de 3 metros, pero puede cortarse f\u00e1cilmente para distancias m\u00e1s cortas. Es f\u00e1cil de ajustar.\" \/>\n<meta name=\"robots\" content=\"index, follow, max-snippet:-1, max-image-preview:large, max-video-preview:-1\" \/>\n<link rel=\"canonical\" href=\"https:\/\/hi-nd.com\/es\/producto\/alambre-para-revestimiento-de-techos\/\" \/>\n<meta property=\"og:locale\" content=\"es_ES\" \/>\n<meta property=\"og:type\" content=\"article\" \/>\n<meta property=\"og:title\" content=\"Alambre para revestimiento de techos - HI-ND\" \/>\n<meta property=\"og:description\" content=\"El cable para el revestimiento HI-ND es de 3 metros, pero puede cortarse f\u00e1cilmente para distancias m\u00e1s cortas. Es f\u00e1cil de ajustar.\" \/>\n<meta property=\"og:url\" content=\"https:\/\/hi-nd.com\/es\/producto\/alambre-para-revestimiento-de-techos\/\" \/>\n<meta property=\"og:site_name\" content=\"HI-ND\" \/>\n<meta property=\"article:modified_time\" content=\"2024-02-22T20:20:52+00:00\" \/>\n<meta property=\"og:image\" content=\"https:\/\/hi-nd.com\/wp-content\/uploads\/2022\/06\/wire-ceiling-casing-white.png\" \/>\n\t<meta property=\"og:image:width\" content=\"400\" \/>\n\t<meta property=\"og:image:height\" content=\"400\" \/>\n\t<meta property=\"og:image:type\" content=\"image\/png\" \/>\n<meta name=\"twitter:card\" content=\"summary_large_image\" \/>\n<script type=\"application\/ld+json\" class=\"yoast-schema-graph\">{\"@context\":\"https:\\\/\\\/schema.org\",\"@graph\":[{\"@type\":\"WebPage\",\"@id\":\"https:\\\/\\\/hi-nd.com\\\/es\\\/producto\\\/alambre-para-revestimiento-de-techos\\\/\",\"url\":\"https:\\\/\\\/hi-nd.com\\\/es\\\/producto\\\/alambre-para-revestimiento-de-techos\\\/\",\"name\":\"Alambre para revestimiento de techos - HI-ND\",\"isPartOf\":{\"@id\":\"https:\\\/\\\/hi-nd.com\\\/#website\"},\"primaryImageOfPage\":{\"@id\":\"https:\\\/\\\/hi-nd.com\\\/es\\\/producto\\\/alambre-para-revestimiento-de-techos\\\/#primaryimage\"},\"image\":{\"@id\":\"https:\\\/\\\/hi-nd.com\\\/es\\\/producto\\\/alambre-para-revestimiento-de-techos\\\/#primaryimage\"},\"thumbnailUrl\":\"https:\\\/\\\/hi-nd.com\\\/wp-content\\\/uploads\\\/2022\\\/06\\\/wire-ceiling-casing-white.png\",\"datePublished\":\"2022-04-05T11:32:26+00:00\",\"dateModified\":\"2024-02-22T20:20:52+00:00\",\"description\":\"El cable para el revestimiento HI-ND es de 3 metros, pero puede cortarse f\u00e1cilmente para distancias m\u00e1s cortas. Es f\u00e1cil de ajustar.\",\"breadcrumb\":{\"@id\":\"https:\\\/\\\/hi-nd.com\\\/es\\\/producto\\\/alambre-para-revestimiento-de-techos\\\/#breadcrumb\"},\"inLanguage\":\"es\",\"potentialAction\":[{\"@type\":\"ReadAction\",\"target\":[\"https:\\\/\\\/hi-nd.com\\\/es\\\/producto\\\/alambre-para-revestimiento-de-techos\\\/\"]}]},{\"@type\":\"ImageObject\",\"inLanguage\":\"es\",\"@id\":\"https:\\\/\\\/hi-nd.com\\\/es\\\/producto\\\/alambre-para-revestimiento-de-techos\\\/#primaryimage\",\"url\":\"https:\\\/\\\/hi-nd.com\\\/wp-content\\\/uploads\\\/2022\\\/06\\\/wire-ceiling-casing-white.png\",\"contentUrl\":\"https:\\\/\\\/hi-nd.com\\\/wp-content\\\/uploads\\\/2022\\\/06\\\/wire-ceiling-casing-white.png\",\"width\":400,\"height\":400,\"caption\":\"alambre para revestimiento de techos\"},{\"@type\":\"BreadcrumbList\",\"@id\":\"https:\\\/\\\/hi-nd.com\\\/es\\\/producto\\\/alambre-para-revestimiento-de-techos\\\/#breadcrumb\",\"itemListElement\":[{\"@type\":\"ListItem\",\"position\":1,\"name\":\"Home\",\"item\":\"https:\\\/\\\/hi-nd.com\\\/es\\\/\"},{\"@type\":\"ListItem\",\"position\":2,\"name\":\"Tienda\",\"item\":\"https:\\\/\\\/hi-nd.com\\\/es\\\/tienda\\\/\"},{\"@type\":\"ListItem\",\"position\":3,\"name\":\"Alambre para revestimiento de techos\"}]},{\"@type\":\"WebSite\",\"@id\":\"https:\\\/\\\/hi-nd.com\\\/#website\",\"url\":\"https:\\\/\\\/hi-nd.com\\\/\",\"name\":\"HI-ND\",\"description\":\"Mounting Solutions\",\"potentialAction\":[{\"@type\":\"SearchAction\",\"target\":{\"@type\":\"EntryPoint\",\"urlTemplate\":\"https:\\\/\\\/hi-nd.com\\\/?s={search_term_string}\"},\"query-input\":{\"@type\":\"PropertyValueSpecification\",\"valueRequired\":true,\"valueName\":\"search_term_string\"}}],\"inLanguage\":\"es\"}]}<\/script>\n<!-- \/ Yoast SEO plugin. -->","yoast_head_json":{"title":"Alambre para revestimiento de techos - HI-ND","description":"El cable para el revestimiento HI-ND es de 3 metros, pero puede cortarse f\u00e1cilmente para distancias m\u00e1s cortas. Es f\u00e1cil de ajustar.","robots":{"index":"index","follow":"follow","max-snippet":"max-snippet:-1","max-image-preview":"max-image-preview:large","max-video-preview":"max-video-preview:-1"},"canonical":"https:\/\/hi-nd.com\/es\/producto\/alambre-para-revestimiento-de-techos\/","og_locale":"es_ES","og_type":"article","og_title":"Alambre para revestimiento de techos - HI-ND","og_description":"El cable para el revestimiento HI-ND es de 3 metros, pero puede cortarse f\u00e1cilmente para distancias m\u00e1s cortas. Es f\u00e1cil de ajustar.","og_url":"https:\/\/hi-nd.com\/es\/producto\/alambre-para-revestimiento-de-techos\/","og_site_name":"HI-ND","article_modified_time":"2024-02-22T20:20:52+00:00","og_image":[{"width":400,"height":400,"url":"https:\/\/hi-nd.com\/wp-content\/uploads\/2022\/06\/wire-ceiling-casing-white.png","type":"image\/png"}],"twitter_card":"summary_large_image","schema":{"@context":"https:\/\/schema.org","@graph":[{"@type":"WebPage","@id":"https:\/\/hi-nd.com\/es\/producto\/alambre-para-revestimiento-de-techos\/","url":"https:\/\/hi-nd.com\/es\/producto\/alambre-para-revestimiento-de-techos\/","name":"Alambre para revestimiento de techos - HI-ND","isPartOf":{"@id":"https:\/\/hi-nd.com\/#website"},"primaryImageOfPage":{"@id":"https:\/\/hi-nd.com\/es\/producto\/alambre-para-revestimiento-de-techos\/#primaryimage"},"image":{"@id":"https:\/\/hi-nd.com\/es\/producto\/alambre-para-revestimiento-de-techos\/#primaryimage"},"thumbnailUrl":"https:\/\/hi-nd.com\/wp-content\/uploads\/2022\/06\/wire-ceiling-casing-white.png","datePublished":"2022-04-05T11:32:26+00:00","dateModified":"2024-02-22T20:20:52+00:00","description":"El cable para el revestimiento HI-ND es de 3 metros, pero puede cortarse f\u00e1cilmente para distancias m\u00e1s cortas. Es f\u00e1cil de ajustar.","breadcrumb":{"@id":"https:\/\/hi-nd.com\/es\/producto\/alambre-para-revestimiento-de-techos\/#breadcrumb"},"inLanguage":"es","potentialAction":[{"@type":"ReadAction","target":["https:\/\/hi-nd.com\/es\/producto\/alambre-para-revestimiento-de-techos\/"]}]},{"@type":"ImageObject","inLanguage":"es","@id":"https:\/\/hi-nd.com\/es\/producto\/alambre-para-revestimiento-de-techos\/#primaryimage","url":"https:\/\/hi-nd.com\/wp-content\/uploads\/2022\/06\/wire-ceiling-casing-white.png","contentUrl":"https:\/\/hi-nd.com\/wp-content\/uploads\/2022\/06\/wire-ceiling-casing-white.png","width":400,"height":400,"caption":"alambre para revestimiento de techos"},{"@type":"BreadcrumbList","@id":"https:\/\/hi-nd.com\/es\/producto\/alambre-para-revestimiento-de-techos\/#breadcrumb","itemListElement":[{"@type":"ListItem","position":1,"name":"Home","item":"https:\/\/hi-nd.com\/es\/"},{"@type":"ListItem","position":2,"name":"Tienda","item":"https:\/\/hi-nd.com\/es\/tienda\/"},{"@type":"ListItem","position":3,"name":"Alambre para revestimiento de techos"}]},{"@type":"WebSite","@id":"https:\/\/hi-nd.com\/#website","url":"https:\/\/hi-nd.com\/","name":"HI-ND","description":"Mounting Solutions","potentialAction":[{"@type":"SearchAction","target":{"@type":"EntryPoint","urlTemplate":"https:\/\/hi-nd.com\/?s={search_term_string}"},"query-input":{"@type":"PropertyValueSpecification","valueRequired":true,"valueName":"search_term_string"}}],"inLanguage":"es"}]}},"_links":{"self":[{"href":"https:\/\/hi-nd.com\/es\/wp-json\/wp\/v2\/product\/5879","targetHints":{"allow":["GET"]}}],"collection":[{"href":"https:\/\/hi-nd.com\/es\/wp-json\/wp\/v2\/product"}],"about":[{"href":"https:\/\/hi-nd.com\/es\/wp-json\/wp\/v2\/types\/product"}],"wp:featuredmedia":[{"embeddable":true,"href":"https:\/\/hi-nd.com\/es\/wp-json\/wp\/v2\/media\/4771"}],"wp:attachment":[{"href":"https:\/\/hi-nd.com\/es\/wp-json\/wp\/v2\/media?parent=5879"}],"wp:term":[{"taxonomy":"product_brand","embeddable":true,"href":"https:\/\/hi-nd.com\/es\/wp-json\/wp\/v2\/product_brand?post=5879"},{"taxonomy":"product_cat","embeddable":true,"href":"https:\/\/hi-nd.com\/es\/wp-json\/wp\/v2\/product_cat?post=5879"},{"taxonomy":"product_tag","embeddable":true,"href":"https:\/\/hi-nd.com\/es\/wp-json\/wp\/v2\/product_tag?post=5879"}],"curies":[{"name":"wp","href":"https:\/\/api.w.org\/{rel}","templated":true}]}}