{"id":5877,"date":"2022-08-18T14:07:06","date_gmt":"2022-08-18T12:07:06","guid":{"rendered":"https:\/\/hi-nd.com\/product\/soporte-de-pared-xl\/"},"modified":"2024-02-22T21:21:11","modified_gmt":"2024-02-22T20:21:11","slug":"soporte-de-pared-xl","status":"publish","type":"product","link":"https:\/\/hi-nd.com\/es\/producto\/soporte-de-pared-xl\/","title":{"rendered":"Soporte de pared XL"},"content":{"rendered":"<p>&nbsp;<\/p>\n<table style=\"height: 77px;\" width=\"1029\">\n<tbody>\n<tr>\n<td width=\"125\">N\u00famero de pieza<\/td>\n<td width=\"829\">Descripci\u00f3n<\/td>\n<\/tr>\n<tr>\n<td>C-WM03-02<\/td>\n<td>Soporte de pared XL, VESA 200&#215;200, 300x300x 400&#215;400, 600&#215;400, 800&#215;400, 800&#215;600, 900&#215;600, 60-100&#8243;, 32 mm de grosor<\/td>\n<\/tr>\n<\/tbody>\n<\/table>\n","protected":false},"excerpt":{"rendered":"<p>El soporte de pared XL HI-ND soporta pesos m\u00e1ximos de 100 kg. Est\u00e1 dise\u00f1ado para monitores de 60\u2033-100\u2033. Su s\u00f3lida construcci\u00f3n de acero de gran espesor proporciona resistencia y durabilidad. Capacidad de desplazamiento lateral para permitir una colocaci\u00f3n perfecta. Su cierre autom\u00e1tico de resorte con cord\u00f3n de f\u00e1cil liberaci\u00f3n fija el monitor a la pared de forma f\u00e1cil y segura. Compatible con orificio VESA de hasta 900\u00d7600.<\/p>\n<ul>\n<li>VESA compatible con 200&#215;200, 300x300x 400&#215;400, 600&#215;400, 800&#215;400, 800&#215;600, 900&#215;600.<\/li>\n<li>Grosor 32 mm<\/li>\n<li>Dimensiones m\u00e1ximas: 32x923x610 mm<\/li>\n<li>Peso m\u00e1ximo: 100 kg<\/li>\n<li>Tama\u00f1os de pantalla: 60&#8243; &#8211; 100&#8243;<\/li>\n<\/ul>\n","protected":false},"featured_media":4807,"template":"","meta":[],"product_brand":[],"product_cat":[102,93],"product_tag":[],"class_list":{"0":"post-5877","1":"product","2":"type-product","3":"status-publish","4":"has-post-thumbnail","6":"product_cat-montaje-en-pared","7":"product_cat-pared","9":"first","10":"instock","11":"shipping-taxable","12":"product-type-simple"},"yoast_head":"<!-- This site is optimized with the Yoast SEO plugin v27.3 - https:\/\/yoast.com\/product\/yoast-seo-wordpress\/ -->\n<title>Soporte de pared XL - HI-ND<\/title>\n<meta name=\"description\" content=\"El soporte mural XL de HI-ND soporta pesos m\u00e1ximos de 100 kg gracias a su construcci\u00f3n de acero. Est\u00e1 dise\u00f1ado para monitores de 60\u2033 a 100\u2033.\" \/>\n<meta name=\"robots\" content=\"index, follow, max-snippet:-1, max-image-preview:large, max-video-preview:-1\" \/>\n<link rel=\"canonical\" href=\"https:\/\/hi-nd.com\/es\/producto\/soporte-de-pared-xl\/\" \/>\n<meta property=\"og:locale\" content=\"es_ES\" \/>\n<meta property=\"og:type\" content=\"article\" \/>\n<meta property=\"og:title\" content=\"Soporte de pared XL - HI-ND\" \/>\n<meta property=\"og:description\" content=\"El soporte mural XL de HI-ND soporta pesos m\u00e1ximos de 100 kg gracias a su construcci\u00f3n de acero. Est\u00e1 dise\u00f1ado para monitores de 60\u2033 a 100\u2033.\" \/>\n<meta property=\"og:url\" content=\"https:\/\/hi-nd.com\/es\/producto\/soporte-de-pared-xl\/\" \/>\n<meta property=\"og:site_name\" content=\"HI-ND\" \/>\n<meta property=\"article:modified_time\" content=\"2024-02-22T20:21:11+00:00\" \/>\n<meta property=\"og:image\" content=\"https:\/\/hi-nd.com\/wp-content\/uploads\/2022\/08\/C-WM03-02.jpg\" \/>\n\t<meta property=\"og:image:width\" content=\"750\" \/>\n\t<meta property=\"og:image:height\" content=\"750\" \/>\n\t<meta property=\"og:image:type\" content=\"image\/jpeg\" \/>\n<meta name=\"twitter:card\" content=\"summary_large_image\" \/>\n<script type=\"application\/ld+json\" class=\"yoast-schema-graph\">{\"@context\":\"https:\\\/\\\/schema.org\",\"@graph\":[{\"@type\":\"WebPage\",\"@id\":\"https:\\\/\\\/hi-nd.com\\\/es\\\/producto\\\/soporte-de-pared-xl\\\/\",\"url\":\"https:\\\/\\\/hi-nd.com\\\/es\\\/producto\\\/soporte-de-pared-xl\\\/\",\"name\":\"Soporte de pared XL - HI-ND\",\"isPartOf\":{\"@id\":\"https:\\\/\\\/hi-nd.com\\\/#website\"},\"primaryImageOfPage\":{\"@id\":\"https:\\\/\\\/hi-nd.com\\\/es\\\/producto\\\/soporte-de-pared-xl\\\/#primaryimage\"},\"image\":{\"@id\":\"https:\\\/\\\/hi-nd.com\\\/es\\\/producto\\\/soporte-de-pared-xl\\\/#primaryimage\"},\"thumbnailUrl\":\"https:\\\/\\\/hi-nd.com\\\/wp-content\\\/uploads\\\/2022\\\/08\\\/C-WM03-02.jpg\",\"datePublished\":\"2022-08-18T12:07:06+00:00\",\"dateModified\":\"2024-02-22T20:21:11+00:00\",\"description\":\"El soporte mural XL de HI-ND soporta pesos m\u00e1ximos de 100 kg gracias a su construcci\u00f3n de acero. Est\u00e1 dise\u00f1ado para monitores de 60\u2033 a 100\u2033.\",\"breadcrumb\":{\"@id\":\"https:\\\/\\\/hi-nd.com\\\/es\\\/producto\\\/soporte-de-pared-xl\\\/#breadcrumb\"},\"inLanguage\":\"es\",\"potentialAction\":[{\"@type\":\"ReadAction\",\"target\":[\"https:\\\/\\\/hi-nd.com\\\/es\\\/producto\\\/soporte-de-pared-xl\\\/\"]}]},{\"@type\":\"ImageObject\",\"inLanguage\":\"es\",\"@id\":\"https:\\\/\\\/hi-nd.com\\\/es\\\/producto\\\/soporte-de-pared-xl\\\/#primaryimage\",\"url\":\"https:\\\/\\\/hi-nd.com\\\/wp-content\\\/uploads\\\/2022\\\/08\\\/C-WM03-02.jpg\",\"contentUrl\":\"https:\\\/\\\/hi-nd.com\\\/wp-content\\\/uploads\\\/2022\\\/08\\\/C-WM03-02.jpg\",\"width\":750,\"height\":750,\"caption\":\"Wall Mount XL\"},{\"@type\":\"BreadcrumbList\",\"@id\":\"https:\\\/\\\/hi-nd.com\\\/es\\\/producto\\\/soporte-de-pared-xl\\\/#breadcrumb\",\"itemListElement\":[{\"@type\":\"ListItem\",\"position\":1,\"name\":\"Home\",\"item\":\"https:\\\/\\\/hi-nd.com\\\/es\\\/\"},{\"@type\":\"ListItem\",\"position\":2,\"name\":\"Tienda\",\"item\":\"https:\\\/\\\/hi-nd.com\\\/es\\\/tienda\\\/\"},{\"@type\":\"ListItem\",\"position\":3,\"name\":\"Soporte de pared XL\"}]},{\"@type\":\"WebSite\",\"@id\":\"https:\\\/\\\/hi-nd.com\\\/#website\",\"url\":\"https:\\\/\\\/hi-nd.com\\\/\",\"name\":\"HI-ND\",\"description\":\"Mounting Solutions\",\"potentialAction\":[{\"@type\":\"SearchAction\",\"target\":{\"@type\":\"EntryPoint\",\"urlTemplate\":\"https:\\\/\\\/hi-nd.com\\\/?s={search_term_string}\"},\"query-input\":{\"@type\":\"PropertyValueSpecification\",\"valueRequired\":true,\"valueName\":\"search_term_string\"}}],\"inLanguage\":\"es\"}]}<\/script>\n<!-- \/ Yoast SEO plugin. -->","yoast_head_json":{"title":"Soporte de pared XL - HI-ND","description":"El soporte mural XL de HI-ND soporta pesos m\u00e1ximos de 100 kg gracias a su construcci\u00f3n de acero. Est\u00e1 dise\u00f1ado para monitores de 60\u2033 a 100\u2033.","robots":{"index":"index","follow":"follow","max-snippet":"max-snippet:-1","max-image-preview":"max-image-preview:large","max-video-preview":"max-video-preview:-1"},"canonical":"https:\/\/hi-nd.com\/es\/producto\/soporte-de-pared-xl\/","og_locale":"es_ES","og_type":"article","og_title":"Soporte de pared XL - HI-ND","og_description":"El soporte mural XL de HI-ND soporta pesos m\u00e1ximos de 100 kg gracias a su construcci\u00f3n de acero. Est\u00e1 dise\u00f1ado para monitores de 60\u2033 a 100\u2033.","og_url":"https:\/\/hi-nd.com\/es\/producto\/soporte-de-pared-xl\/","og_site_name":"HI-ND","article_modified_time":"2024-02-22T20:21:11+00:00","og_image":[{"width":750,"height":750,"url":"https:\/\/hi-nd.com\/wp-content\/uploads\/2022\/08\/C-WM03-02.jpg","type":"image\/jpeg"}],"twitter_card":"summary_large_image","schema":{"@context":"https:\/\/schema.org","@graph":[{"@type":"WebPage","@id":"https:\/\/hi-nd.com\/es\/producto\/soporte-de-pared-xl\/","url":"https:\/\/hi-nd.com\/es\/producto\/soporte-de-pared-xl\/","name":"Soporte de pared XL - HI-ND","isPartOf":{"@id":"https:\/\/hi-nd.com\/#website"},"primaryImageOfPage":{"@id":"https:\/\/hi-nd.com\/es\/producto\/soporte-de-pared-xl\/#primaryimage"},"image":{"@id":"https:\/\/hi-nd.com\/es\/producto\/soporte-de-pared-xl\/#primaryimage"},"thumbnailUrl":"https:\/\/hi-nd.com\/wp-content\/uploads\/2022\/08\/C-WM03-02.jpg","datePublished":"2022-08-18T12:07:06+00:00","dateModified":"2024-02-22T20:21:11+00:00","description":"El soporte mural XL de HI-ND soporta pesos m\u00e1ximos de 100 kg gracias a su construcci\u00f3n de acero. Est\u00e1 dise\u00f1ado para monitores de 60\u2033 a 100\u2033.","breadcrumb":{"@id":"https:\/\/hi-nd.com\/es\/producto\/soporte-de-pared-xl\/#breadcrumb"},"inLanguage":"es","potentialAction":[{"@type":"ReadAction","target":["https:\/\/hi-nd.com\/es\/producto\/soporte-de-pared-xl\/"]}]},{"@type":"ImageObject","inLanguage":"es","@id":"https:\/\/hi-nd.com\/es\/producto\/soporte-de-pared-xl\/#primaryimage","url":"https:\/\/hi-nd.com\/wp-content\/uploads\/2022\/08\/C-WM03-02.jpg","contentUrl":"https:\/\/hi-nd.com\/wp-content\/uploads\/2022\/08\/C-WM03-02.jpg","width":750,"height":750,"caption":"Wall Mount XL"},{"@type":"BreadcrumbList","@id":"https:\/\/hi-nd.com\/es\/producto\/soporte-de-pared-xl\/#breadcrumb","itemListElement":[{"@type":"ListItem","position":1,"name":"Home","item":"https:\/\/hi-nd.com\/es\/"},{"@type":"ListItem","position":2,"name":"Tienda","item":"https:\/\/hi-nd.com\/es\/tienda\/"},{"@type":"ListItem","position":3,"name":"Soporte de pared XL"}]},{"@type":"WebSite","@id":"https:\/\/hi-nd.com\/#website","url":"https:\/\/hi-nd.com\/","name":"HI-ND","description":"Mounting Solutions","potentialAction":[{"@type":"SearchAction","target":{"@type":"EntryPoint","urlTemplate":"https:\/\/hi-nd.com\/?s={search_term_string}"},"query-input":{"@type":"PropertyValueSpecification","valueRequired":true,"valueName":"search_term_string"}}],"inLanguage":"es"}]}},"_links":{"self":[{"href":"https:\/\/hi-nd.com\/es\/wp-json\/wp\/v2\/product\/5877","targetHints":{"allow":["GET"]}}],"collection":[{"href":"https:\/\/hi-nd.com\/es\/wp-json\/wp\/v2\/product"}],"about":[{"href":"https:\/\/hi-nd.com\/es\/wp-json\/wp\/v2\/types\/product"}],"wp:featuredmedia":[{"embeddable":true,"href":"https:\/\/hi-nd.com\/es\/wp-json\/wp\/v2\/media\/4807"}],"wp:attachment":[{"href":"https:\/\/hi-nd.com\/es\/wp-json\/wp\/v2\/media?parent=5877"}],"wp:term":[{"taxonomy":"product_brand","embeddable":true,"href":"https:\/\/hi-nd.com\/es\/wp-json\/wp\/v2\/product_brand?post=5877"},{"taxonomy":"product_cat","embeddable":true,"href":"https:\/\/hi-nd.com\/es\/wp-json\/wp\/v2\/product_cat?post=5877"},{"taxonomy":"product_tag","embeddable":true,"href":"https:\/\/hi-nd.com\/es\/wp-json\/wp\/v2\/product_tag?post=5877"}],"curies":[{"name":"wp","href":"https:\/\/api.w.org\/{rel}","templated":true}]}}