{"id":5874,"date":"2022-03-04T12:33:31","date_gmt":"2022-03-04T11:33:31","guid":{"rendered":"https:\/\/hi-nd.com\/product\/led-de-montaje-en-pared\/"},"modified":"2024-09-02T14:08:18","modified_gmt":"2024-09-02T12:08:18","slug":"led-de-montaje-en-pared","status":"publish","type":"product","link":"https:\/\/hi-nd.com\/es\/producto\/led-de-montaje-en-pared\/","title":{"rendered":"LED de montaje en pared"},"content":{"rendered":"<table style=\"height: 474px;\" width=\"692\">\n<tbody>\n<tr>\n<td width=\"103\"><strong>N\u00famero de pieza<\/strong><\/td>\n<td width=\"338\"><strong>Descripci\u00f3n<\/strong><\/td>\n<td width=\"83\"><strong>Color<\/strong><\/td>\n<\/tr>\n<tr>\n<td>LW-3301-02<\/td>\n<td> Soporte de pared LED 3X3 para Samsung<\/td>\n<td>Negro<\/td>\n<\/tr>\n<tr>\n<td>LW-3301-Roble<\/td>\n<td> Soporte de pared LED 3X3 para Samsung<\/td>\n<td>Roble<\/td>\n<\/tr>\n<tr>\n<td>LW-4401-02<\/td>\n<td> Soporte de pared LED 4X4 para Samsung<\/td>\n<td>Negro<\/td>\n<\/tr>\n<tr>\n<td>LW-4401-Roble<\/td>\n<td> Soporte de pared LED 4X4 para Samsung<\/td>\n<td>Roble<\/td>\n<\/tr>\n<tr>\n<td>LW-5501-02<\/td>\n<td> Soporte de pared LED 5X5 para Samsung<\/td>\n<td>Negro<\/td>\n<\/tr>\n<tr>\n<td>LW-5501-Roble<\/td>\n<td> Soporte de pared LED 5X5 para Samsung<\/td>\n<td>Roble<\/td>\n<\/tr>\n<tr>\n<td>LW-6601-02<\/td>\n<td> Soporte de pared LED 6X6 para Samsung<\/td>\n<td>Negro<\/td>\n<\/tr>\n<tr>\n<td>LW-6601-Roble<\/td>\n<td> Soporte de pared LED 6X6 para Samsung<\/td>\n<td>Roble<\/td>\n<\/tr>\n<tr>\n<td>LW-7701-02<\/td>\n<td> Soporte de pared LED 7X7 para Samsung<\/td>\n<td>Negro<\/td>\n<\/tr>\n<tr>\n<td>LW-7701-Roble<\/td>\n<td> Soporte de pared LED 7X7 para Samsung<\/td>\n<td>Roble<\/td>\n<\/tr>\n<tr>\n<td>LW-8801-02<\/td>\n<td> Soporte de pared LED 8X8 para Samsung<\/td>\n<td>Negro<\/td>\n<\/tr>\n<tr>\n<td>LW-8801-Roble<\/td>\n<td> Soporte de pared LED 8X8 para Samsung<\/td>\n<td>Roble<\/td>\n<\/tr>\n<tr>\n<td>LW-9901-02<\/td>\n<td> Soporte de pared LED 9X9 para Samsung<\/td>\n<td>Negro<\/td>\n<\/tr>\n<tr>\n<td>LW-9901-Roble<\/td>\n<td> Soporte de pared LED 9X9 para Samsung<\/td>\n<td>Roble<\/td>\n<\/tr>\n<tr>\n<td>LW-1001-02<\/td>\n<td> Soporte de pared LED 10X10 para Samsung<\/td>\n<td>Negro<\/td>\n<\/tr>\n<tr>\n<td>LW-1001-Roble<\/td>\n<td> Soporte de pared LED 10X10 para Samsung<\/td>\n<td>Roble<\/td>\n<\/tr>\n<\/tbody>\n<\/table>\n","protected":false},"excerpt":{"rendered":"<p>HI-ND LED Wall es un soporte de pared preconfigurado para pantallas LED de Samsung. Ahora ofrecemos una soluci\u00f3n completa que incluye soportes de pared y marco. Los soportes son aplicables a las series IEA, IER e IFR de Samsung. Los tama\u00f1os est\u00e1ndar son 3&#215;3, 4&#215;4, 5&#215;5, 6&#215;6, 7&#215;7, 8&#215;8, 9&#215;9 y 10&#215;10. Adem\u00e1s de los tama\u00f1os est\u00e1ndar, puede pedir f\u00e1cilmente formatos personalizados y paredes curvas. A\u00f1ada m\u00f3dulos LED para crear un videowall continuo. Los soportes se instalan f\u00e1cilmente y nuestro exclusivo ajuste permite una colocaci\u00f3n perfecta incluso si la pared no es del todo plana. El marco est\u00e1 disponible en metal o madera (roble). El color est\u00e1ndar del metal es el negro, pero se pueden elegir otros colores para crear un aspecto \u00fanico. Aplicable con:  <\/p>\n<ul>\n<li>IE015A, IE020A, IE025A, IE040A, IE015A-F, IE020A-F, IE025A-F, IE040A-F<\/li>\n<li>IF015R, IF020R, IF025R, IF040R, IF015R-F, IF020R-F, IF025R-F, IF040R-F<\/li>\n<\/ul>\n","protected":false},"featured_media":8260,"template":"","meta":[],"product_brand":[],"product_cat":[104,134],"product_tag":[],"class_list":{"0":"post-5874","1":"product","2":"type-product","3":"status-publish","4":"has-post-thumbnail","6":"product_cat-led-es","7":"product_cat-pared-es","9":"first","10":"instock","11":"shipping-taxable","12":"product-type-simple"},"yoast_head":"<!-- This site is optimized with the Yoast SEO plugin v27.3 - https:\/\/yoast.com\/product\/yoast-seo-wordpress\/ -->\n<title>LED de montaje en pared - HI-ND<\/title>\n<meta name=\"description\" content=\"HI-ND LED wall es un soporte de pared preconfigurado para pantallas LED de Samsung. Apila pantallas LED para crear un videowall continuo.\" \/>\n<meta name=\"robots\" content=\"index, follow, max-snippet:-1, max-image-preview:large, max-video-preview:-1\" \/>\n<link rel=\"canonical\" href=\"https:\/\/hi-nd.com\/es\/producto\/led-de-montaje-en-pared\/\" \/>\n<meta property=\"og:locale\" content=\"es_ES\" \/>\n<meta property=\"og:type\" content=\"article\" \/>\n<meta property=\"og:title\" content=\"LED de montaje en pared - HI-ND\" \/>\n<meta property=\"og:description\" content=\"HI-ND LED wall es un soporte de pared preconfigurado para pantallas LED de Samsung. Apila pantallas LED para crear un videowall continuo.\" \/>\n<meta property=\"og:url\" content=\"https:\/\/hi-nd.com\/es\/producto\/led-de-montaje-en-pared\/\" \/>\n<meta property=\"og:site_name\" content=\"HI-ND\" \/>\n<meta property=\"article:modified_time\" content=\"2024-09-02T12:08:18+00:00\" \/>\n<meta property=\"og:image\" content=\"https:\/\/hi-nd.com\/wp-content\/uploads\/2022\/03\/LED-wall-mount-750x750-1.png\" \/>\n\t<meta property=\"og:image:width\" content=\"750\" \/>\n\t<meta property=\"og:image:height\" content=\"750\" \/>\n\t<meta property=\"og:image:type\" content=\"image\/png\" \/>\n<meta name=\"twitter:card\" content=\"summary_large_image\" \/>\n<meta name=\"twitter:label1\" content=\"Tiempo de lectura\" \/>\n\t<meta name=\"twitter:data1\" content=\"1 minuto\" \/>\n<script type=\"application\/ld+json\" class=\"yoast-schema-graph\">{\"@context\":\"https:\\\/\\\/schema.org\",\"@graph\":[{\"@type\":\"WebPage\",\"@id\":\"https:\\\/\\\/hi-nd.com\\\/es\\\/producto\\\/led-de-montaje-en-pared\\\/\",\"url\":\"https:\\\/\\\/hi-nd.com\\\/es\\\/producto\\\/led-de-montaje-en-pared\\\/\",\"name\":\"LED de montaje en pared - HI-ND\",\"isPartOf\":{\"@id\":\"https:\\\/\\\/hi-nd.com\\\/#website\"},\"primaryImageOfPage\":{\"@id\":\"https:\\\/\\\/hi-nd.com\\\/es\\\/producto\\\/led-de-montaje-en-pared\\\/#primaryimage\"},\"image\":{\"@id\":\"https:\\\/\\\/hi-nd.com\\\/es\\\/producto\\\/led-de-montaje-en-pared\\\/#primaryimage\"},\"thumbnailUrl\":\"https:\\\/\\\/hi-nd.com\\\/wp-content\\\/uploads\\\/2022\\\/03\\\/LED-wall-mount-750x750-1.png\",\"datePublished\":\"2022-03-04T11:33:31+00:00\",\"dateModified\":\"2024-09-02T12:08:18+00:00\",\"description\":\"HI-ND LED wall es un soporte de pared preconfigurado para pantallas LED de Samsung. Apila pantallas LED para crear un videowall continuo.\",\"breadcrumb\":{\"@id\":\"https:\\\/\\\/hi-nd.com\\\/es\\\/producto\\\/led-de-montaje-en-pared\\\/#breadcrumb\"},\"inLanguage\":\"es\",\"potentialAction\":[{\"@type\":\"ReadAction\",\"target\":[\"https:\\\/\\\/hi-nd.com\\\/es\\\/producto\\\/led-de-montaje-en-pared\\\/\"]}]},{\"@type\":\"ImageObject\",\"inLanguage\":\"es\",\"@id\":\"https:\\\/\\\/hi-nd.com\\\/es\\\/producto\\\/led-de-montaje-en-pared\\\/#primaryimage\",\"url\":\"https:\\\/\\\/hi-nd.com\\\/wp-content\\\/uploads\\\/2022\\\/03\\\/LED-wall-mount-750x750-1.png\",\"contentUrl\":\"https:\\\/\\\/hi-nd.com\\\/wp-content\\\/uploads\\\/2022\\\/03\\\/LED-wall-mount-750x750-1.png\",\"width\":750,\"height\":750,\"caption\":\"LED wall mount\"},{\"@type\":\"BreadcrumbList\",\"@id\":\"https:\\\/\\\/hi-nd.com\\\/es\\\/producto\\\/led-de-montaje-en-pared\\\/#breadcrumb\",\"itemListElement\":[{\"@type\":\"ListItem\",\"position\":1,\"name\":\"Home\",\"item\":\"https:\\\/\\\/hi-nd.com\\\/es\\\/\"},{\"@type\":\"ListItem\",\"position\":2,\"name\":\"Tienda\",\"item\":\"https:\\\/\\\/hi-nd.com\\\/es\\\/tienda\\\/\"},{\"@type\":\"ListItem\",\"position\":3,\"name\":\"LED de montaje en pared\"}]},{\"@type\":\"WebSite\",\"@id\":\"https:\\\/\\\/hi-nd.com\\\/#website\",\"url\":\"https:\\\/\\\/hi-nd.com\\\/\",\"name\":\"HI-ND\",\"description\":\"Mounting Solutions\",\"potentialAction\":[{\"@type\":\"SearchAction\",\"target\":{\"@type\":\"EntryPoint\",\"urlTemplate\":\"https:\\\/\\\/hi-nd.com\\\/?s={search_term_string}\"},\"query-input\":{\"@type\":\"PropertyValueSpecification\",\"valueRequired\":true,\"valueName\":\"search_term_string\"}}],\"inLanguage\":\"es\"}]}<\/script>\n<!-- \/ Yoast SEO plugin. -->","yoast_head_json":{"title":"LED de montaje en pared - HI-ND","description":"HI-ND LED wall es un soporte de pared preconfigurado para pantallas LED de Samsung. Apila pantallas LED para crear un videowall continuo.","robots":{"index":"index","follow":"follow","max-snippet":"max-snippet:-1","max-image-preview":"max-image-preview:large","max-video-preview":"max-video-preview:-1"},"canonical":"https:\/\/hi-nd.com\/es\/producto\/led-de-montaje-en-pared\/","og_locale":"es_ES","og_type":"article","og_title":"LED de montaje en pared - HI-ND","og_description":"HI-ND LED wall es un soporte de pared preconfigurado para pantallas LED de Samsung. Apila pantallas LED para crear un videowall continuo.","og_url":"https:\/\/hi-nd.com\/es\/producto\/led-de-montaje-en-pared\/","og_site_name":"HI-ND","article_modified_time":"2024-09-02T12:08:18+00:00","og_image":[{"width":750,"height":750,"url":"https:\/\/hi-nd.com\/wp-content\/uploads\/2022\/03\/LED-wall-mount-750x750-1.png","type":"image\/png"}],"twitter_card":"summary_large_image","twitter_misc":{"Tiempo de lectura":"1 minuto"},"schema":{"@context":"https:\/\/schema.org","@graph":[{"@type":"WebPage","@id":"https:\/\/hi-nd.com\/es\/producto\/led-de-montaje-en-pared\/","url":"https:\/\/hi-nd.com\/es\/producto\/led-de-montaje-en-pared\/","name":"LED de montaje en pared - HI-ND","isPartOf":{"@id":"https:\/\/hi-nd.com\/#website"},"primaryImageOfPage":{"@id":"https:\/\/hi-nd.com\/es\/producto\/led-de-montaje-en-pared\/#primaryimage"},"image":{"@id":"https:\/\/hi-nd.com\/es\/producto\/led-de-montaje-en-pared\/#primaryimage"},"thumbnailUrl":"https:\/\/hi-nd.com\/wp-content\/uploads\/2022\/03\/LED-wall-mount-750x750-1.png","datePublished":"2022-03-04T11:33:31+00:00","dateModified":"2024-09-02T12:08:18+00:00","description":"HI-ND LED wall es un soporte de pared preconfigurado para pantallas LED de Samsung. Apila pantallas LED para crear un videowall continuo.","breadcrumb":{"@id":"https:\/\/hi-nd.com\/es\/producto\/led-de-montaje-en-pared\/#breadcrumb"},"inLanguage":"es","potentialAction":[{"@type":"ReadAction","target":["https:\/\/hi-nd.com\/es\/producto\/led-de-montaje-en-pared\/"]}]},{"@type":"ImageObject","inLanguage":"es","@id":"https:\/\/hi-nd.com\/es\/producto\/led-de-montaje-en-pared\/#primaryimage","url":"https:\/\/hi-nd.com\/wp-content\/uploads\/2022\/03\/LED-wall-mount-750x750-1.png","contentUrl":"https:\/\/hi-nd.com\/wp-content\/uploads\/2022\/03\/LED-wall-mount-750x750-1.png","width":750,"height":750,"caption":"LED wall mount"},{"@type":"BreadcrumbList","@id":"https:\/\/hi-nd.com\/es\/producto\/led-de-montaje-en-pared\/#breadcrumb","itemListElement":[{"@type":"ListItem","position":1,"name":"Home","item":"https:\/\/hi-nd.com\/es\/"},{"@type":"ListItem","position":2,"name":"Tienda","item":"https:\/\/hi-nd.com\/es\/tienda\/"},{"@type":"ListItem","position":3,"name":"LED de montaje en pared"}]},{"@type":"WebSite","@id":"https:\/\/hi-nd.com\/#website","url":"https:\/\/hi-nd.com\/","name":"HI-ND","description":"Mounting Solutions","potentialAction":[{"@type":"SearchAction","target":{"@type":"EntryPoint","urlTemplate":"https:\/\/hi-nd.com\/?s={search_term_string}"},"query-input":{"@type":"PropertyValueSpecification","valueRequired":true,"valueName":"search_term_string"}}],"inLanguage":"es"}]}},"_links":{"self":[{"href":"https:\/\/hi-nd.com\/es\/wp-json\/wp\/v2\/product\/5874","targetHints":{"allow":["GET"]}}],"collection":[{"href":"https:\/\/hi-nd.com\/es\/wp-json\/wp\/v2\/product"}],"about":[{"href":"https:\/\/hi-nd.com\/es\/wp-json\/wp\/v2\/types\/product"}],"wp:featuredmedia":[{"embeddable":true,"href":"https:\/\/hi-nd.com\/es\/wp-json\/wp\/v2\/media\/8260"}],"wp:attachment":[{"href":"https:\/\/hi-nd.com\/es\/wp-json\/wp\/v2\/media?parent=5874"}],"wp:term":[{"taxonomy":"product_brand","embeddable":true,"href":"https:\/\/hi-nd.com\/es\/wp-json\/wp\/v2\/product_brand?post=5874"},{"taxonomy":"product_cat","embeddable":true,"href":"https:\/\/hi-nd.com\/es\/wp-json\/wp\/v2\/product_cat?post=5874"},{"taxonomy":"product_tag","embeddable":true,"href":"https:\/\/hi-nd.com\/es\/wp-json\/wp\/v2\/product_tag?post=5874"}],"curies":[{"name":"wp","href":"https:\/\/api.w.org\/{rel}","templated":true}]}}