{"id":5870,"date":"2022-03-04T12:26:35","date_gmt":"2022-03-04T11:26:35","guid":{"rendered":"https:\/\/hi-nd.com\/product\/montaje-en-estanteria\/"},"modified":"2024-02-08T12:06:43","modified_gmt":"2024-02-08T11:06:43","slug":"montaje-en-estanteria","status":"publish","type":"product","link":"https:\/\/hi-nd.com\/es\/producto\/montaje-en-estanteria\/","title":{"rendered":"Montaje en estanter\u00eda"},"content":{"rendered":"<table width=\"809\">\n<tbody>\n<tr>\n<td width=\"200\"><strong>\u00a0N\u00famero de pieza<\/strong><\/td>\n<td width=\"800\"><strong>\u00a0Descripci\u00f3n<\/strong><\/td>\n<td width=\"150\"><strong>\u00a0Color<\/strong><\/td>\n<\/tr>\n<tr>\n<td>\u00a0SM90-DUAL-02<\/td>\n<td>\u00a0Soporte de estanter\u00eda vertical doble, VESA: 200&#215;200 mm, 300&#215;300 mm, 400&#215;400 mm, 49&#8243;-55&#8243;.<\/td>\n<td>\u00a0Negro<\/td>\n<\/tr>\n<\/tbody>\n<\/table>\n","protected":false},"excerpt":{"rendered":"<p>HI-ND estanter\u00eda doble<\/p>\n<p>Soluci\u00f3n de doble cara para la instalaci\u00f3n de estanter\u00edas en modo vertical. El soporte cuenta con ajustes que facilitan su fijaci\u00f3n a una variedad de estantes.<\/p>\n<p>Perfecto para anunciarse en las zonas m\u00e1s atractivas del interior de las tiendas.<\/p>\n<ul>\n<li>Tama\u00f1os de pantalla: 49&#8243;, 50&#8243;, 55&#8243;<\/li>\n<li>Color: Negro<\/li>\n<li>VESA: 200&#215;200, 300&#215;300, 400&#215;400<\/li>\n<li>Modo Retrato<\/li>\n<\/ul>\n<p>&nbsp;<\/p>\n","protected":false},"featured_media":4429,"template":"","meta":[],"product_brand":[],"product_cat":[71],"product_tag":[],"class_list":{"0":"post-5870","1":"product","2":"type-product","3":"status-publish","4":"has-post-thumbnail","6":"product_cat-piso","8":"first","9":"instock","10":"shipping-taxable","11":"product-type-simple"},"yoast_head":"<!-- This site is optimized with the Yoast SEO plugin v27.4 - https:\/\/yoast.com\/product\/yoast-seo-wordpress\/ -->\n<title>Montaje en estanter\u00eda - HI-ND<\/title>\n<meta name=\"description\" content=\"Soluci\u00f3n HI-ND Shelfmount de doble cara para la instalaci\u00f3n en estanter\u00edas en modo vertical. Es ajustable para simplificar la fijaci\u00f3n a diferentes estantes.\" \/>\n<meta name=\"robots\" content=\"index, follow, max-snippet:-1, max-image-preview:large, max-video-preview:-1\" \/>\n<link rel=\"canonical\" href=\"https:\/\/hi-nd.com\/product\/shelfmount-dual-hi-nd\/\" \/>\n<meta property=\"og:locale\" content=\"es_ES\" \/>\n<meta property=\"og:type\" content=\"article\" \/>\n<meta property=\"og:title\" content=\"Montaje en estanter\u00eda - HI-ND\" \/>\n<meta property=\"og:description\" content=\"Soluci\u00f3n HI-ND Shelfmount de doble cara para la instalaci\u00f3n en estanter\u00edas en modo vertical. Es ajustable para simplificar la fijaci\u00f3n a diferentes estantes.\" \/>\n<meta property=\"og:url\" content=\"https:\/\/hi-nd.com\/product\/shelfmount-dual-hi-nd\/\" \/>\n<meta property=\"og:site_name\" content=\"HI-ND\" \/>\n<meta property=\"article:modified_time\" content=\"2024-02-08T11:06:43+00:00\" \/>\n<meta property=\"og:image\" content=\"https:\/\/hi-nd.com\/wp-content\/uploads\/2022\/03\/shelfmount1.png\" \/>\n\t<meta property=\"og:image:width\" content=\"750\" \/>\n\t<meta property=\"og:image:height\" content=\"750\" \/>\n\t<meta property=\"og:image:type\" content=\"image\/png\" \/>\n<meta name=\"twitter:card\" content=\"summary_large_image\" \/>\n<meta name=\"twitter:label1\" content=\"Tiempo de lectura\" \/>\n\t<meta name=\"twitter:data1\" content=\"1 minuto\" \/>\n<script type=\"application\/ld+json\" class=\"yoast-schema-graph\">{\"@context\":\"https:\\\/\\\/schema.org\",\"@graph\":[{\"@type\":\"WebPage\",\"@id\":\"https:\\\/\\\/hi-nd.com\\\/product\\\/shelfmount-dual-hi-nd\\\/\",\"url\":\"https:\\\/\\\/hi-nd.com\\\/product\\\/shelfmount-dual-hi-nd\\\/\",\"name\":\"Montaje en estanter\u00eda - HI-ND\",\"isPartOf\":{\"@id\":\"https:\\\/\\\/hi-nd.com\\\/es\\\/#website\"},\"primaryImageOfPage\":{\"@id\":\"https:\\\/\\\/hi-nd.com\\\/product\\\/shelfmount-dual-hi-nd\\\/#primaryimage\"},\"image\":{\"@id\":\"https:\\\/\\\/hi-nd.com\\\/product\\\/shelfmount-dual-hi-nd\\\/#primaryimage\"},\"thumbnailUrl\":\"https:\\\/\\\/hi-nd.com\\\/wp-content\\\/uploads\\\/2022\\\/03\\\/shelfmount1.png\",\"datePublished\":\"2022-03-04T11:26:35+00:00\",\"dateModified\":\"2024-02-08T11:06:43+00:00\",\"description\":\"Soluci\u00f3n HI-ND Shelfmount de doble cara para la instalaci\u00f3n en estanter\u00edas en modo vertical. Es ajustable para simplificar la fijaci\u00f3n a diferentes estantes.\",\"breadcrumb\":{\"@id\":\"https:\\\/\\\/hi-nd.com\\\/product\\\/shelfmount-dual-hi-nd\\\/#breadcrumb\"},\"inLanguage\":\"es\",\"potentialAction\":[{\"@type\":\"ReadAction\",\"target\":[\"https:\\\/\\\/hi-nd.com\\\/product\\\/shelfmount-dual-hi-nd\\\/\"]}]},{\"@type\":\"ImageObject\",\"inLanguage\":\"es\",\"@id\":\"https:\\\/\\\/hi-nd.com\\\/product\\\/shelfmount-dual-hi-nd\\\/#primaryimage\",\"url\":\"https:\\\/\\\/hi-nd.com\\\/wp-content\\\/uploads\\\/2022\\\/03\\\/shelfmount1.png\",\"contentUrl\":\"https:\\\/\\\/hi-nd.com\\\/wp-content\\\/uploads\\\/2022\\\/03\\\/shelfmount1.png\",\"width\":750,\"height\":750},{\"@type\":\"BreadcrumbList\",\"@id\":\"https:\\\/\\\/hi-nd.com\\\/product\\\/shelfmount-dual-hi-nd\\\/#breadcrumb\",\"itemListElement\":[{\"@type\":\"ListItem\",\"position\":1,\"name\":\"Home\",\"item\":\"https:\\\/\\\/hi-nd.com\\\/es\\\/\"},{\"@type\":\"ListItem\",\"position\":2,\"name\":\"Tienda\",\"item\":\"https:\\\/\\\/hi-nd.com\\\/es\\\/tienda\\\/\"},{\"@type\":\"ListItem\",\"position\":3,\"name\":\"Montaje en estanter\u00eda\"}]},{\"@type\":\"WebSite\",\"@id\":\"https:\\\/\\\/hi-nd.com\\\/es\\\/#website\",\"url\":\"https:\\\/\\\/hi-nd.com\\\/es\\\/\",\"name\":\"HI-ND\",\"description\":\"Mounting Solutions\",\"potentialAction\":[{\"@type\":\"SearchAction\",\"target\":{\"@type\":\"EntryPoint\",\"urlTemplate\":\"https:\\\/\\\/hi-nd.com\\\/es\\\/?s={search_term_string}\"},\"query-input\":{\"@type\":\"PropertyValueSpecification\",\"valueRequired\":true,\"valueName\":\"search_term_string\"}}],\"inLanguage\":\"es\"}]}<\/script>\n<!-- \/ Yoast SEO plugin. -->","yoast_head_json":{"title":"Montaje en estanter\u00eda - HI-ND","description":"Soluci\u00f3n HI-ND Shelfmount de doble cara para la instalaci\u00f3n en estanter\u00edas en modo vertical. Es ajustable para simplificar la fijaci\u00f3n a diferentes estantes.","robots":{"index":"index","follow":"follow","max-snippet":"max-snippet:-1","max-image-preview":"max-image-preview:large","max-video-preview":"max-video-preview:-1"},"canonical":"https:\/\/hi-nd.com\/product\/shelfmount-dual-hi-nd\/","og_locale":"es_ES","og_type":"article","og_title":"Montaje en estanter\u00eda - HI-ND","og_description":"Soluci\u00f3n HI-ND Shelfmount de doble cara para la instalaci\u00f3n en estanter\u00edas en modo vertical. Es ajustable para simplificar la fijaci\u00f3n a diferentes estantes.","og_url":"https:\/\/hi-nd.com\/product\/shelfmount-dual-hi-nd\/","og_site_name":"HI-ND","article_modified_time":"2024-02-08T11:06:43+00:00","og_image":[{"width":750,"height":750,"url":"https:\/\/hi-nd.com\/wp-content\/uploads\/2022\/03\/shelfmount1.png","type":"image\/png"}],"twitter_card":"summary_large_image","twitter_misc":{"Tiempo de lectura":"1 minuto"},"schema":{"@context":"https:\/\/schema.org","@graph":[{"@type":"WebPage","@id":"https:\/\/hi-nd.com\/product\/shelfmount-dual-hi-nd\/","url":"https:\/\/hi-nd.com\/product\/shelfmount-dual-hi-nd\/","name":"Montaje en estanter\u00eda - HI-ND","isPartOf":{"@id":"https:\/\/hi-nd.com\/es\/#website"},"primaryImageOfPage":{"@id":"https:\/\/hi-nd.com\/product\/shelfmount-dual-hi-nd\/#primaryimage"},"image":{"@id":"https:\/\/hi-nd.com\/product\/shelfmount-dual-hi-nd\/#primaryimage"},"thumbnailUrl":"https:\/\/hi-nd.com\/wp-content\/uploads\/2022\/03\/shelfmount1.png","datePublished":"2022-03-04T11:26:35+00:00","dateModified":"2024-02-08T11:06:43+00:00","description":"Soluci\u00f3n HI-ND Shelfmount de doble cara para la instalaci\u00f3n en estanter\u00edas en modo vertical. Es ajustable para simplificar la fijaci\u00f3n a diferentes estantes.","breadcrumb":{"@id":"https:\/\/hi-nd.com\/product\/shelfmount-dual-hi-nd\/#breadcrumb"},"inLanguage":"es","potentialAction":[{"@type":"ReadAction","target":["https:\/\/hi-nd.com\/product\/shelfmount-dual-hi-nd\/"]}]},{"@type":"ImageObject","inLanguage":"es","@id":"https:\/\/hi-nd.com\/product\/shelfmount-dual-hi-nd\/#primaryimage","url":"https:\/\/hi-nd.com\/wp-content\/uploads\/2022\/03\/shelfmount1.png","contentUrl":"https:\/\/hi-nd.com\/wp-content\/uploads\/2022\/03\/shelfmount1.png","width":750,"height":750},{"@type":"BreadcrumbList","@id":"https:\/\/hi-nd.com\/product\/shelfmount-dual-hi-nd\/#breadcrumb","itemListElement":[{"@type":"ListItem","position":1,"name":"Home","item":"https:\/\/hi-nd.com\/es\/"},{"@type":"ListItem","position":2,"name":"Tienda","item":"https:\/\/hi-nd.com\/es\/tienda\/"},{"@type":"ListItem","position":3,"name":"Montaje en estanter\u00eda"}]},{"@type":"WebSite","@id":"https:\/\/hi-nd.com\/es\/#website","url":"https:\/\/hi-nd.com\/es\/","name":"HI-ND","description":"Mounting Solutions","potentialAction":[{"@type":"SearchAction","target":{"@type":"EntryPoint","urlTemplate":"https:\/\/hi-nd.com\/es\/?s={search_term_string}"},"query-input":{"@type":"PropertyValueSpecification","valueRequired":true,"valueName":"search_term_string"}}],"inLanguage":"es"}]}},"_links":{"self":[{"href":"https:\/\/hi-nd.com\/es\/wp-json\/wp\/v2\/product\/5870","targetHints":{"allow":["GET"]}}],"collection":[{"href":"https:\/\/hi-nd.com\/es\/wp-json\/wp\/v2\/product"}],"about":[{"href":"https:\/\/hi-nd.com\/es\/wp-json\/wp\/v2\/types\/product"}],"wp:featuredmedia":[{"embeddable":true,"href":"https:\/\/hi-nd.com\/es\/wp-json\/wp\/v2\/media\/4429"}],"wp:attachment":[{"href":"https:\/\/hi-nd.com\/es\/wp-json\/wp\/v2\/media?parent=5870"}],"wp:term":[{"taxonomy":"product_brand","embeddable":true,"href":"https:\/\/hi-nd.com\/es\/wp-json\/wp\/v2\/product_brand?post=5870"},{"taxonomy":"product_cat","embeddable":true,"href":"https:\/\/hi-nd.com\/es\/wp-json\/wp\/v2\/product_cat?post=5870"},{"taxonomy":"product_tag","embeddable":true,"href":"https:\/\/hi-nd.com\/es\/wp-json\/wp\/v2\/product_tag?post=5870"}],"curies":[{"name":"wp","href":"https:\/\/api.w.org\/{rel}","templated":true}]}}