{"id":5863,"date":"2022-01-22T20:22:13","date_gmt":"2022-01-22T19:22:13","guid":{"rendered":"https:\/\/hi-nd.com\/product\/torre\/"},"modified":"2024-02-22T21:20:20","modified_gmt":"2024-02-22T20:20:20","slug":"torre","status":"publish","type":"product","link":"https:\/\/hi-nd.com\/es\/producto\/torre\/","title":{"rendered":"Torre"},"content":{"rendered":"<table width=\"809\">\n<tbody>\n<tr>\n<td width=\"200\"><strong>N\u00famero de pieza<\/strong><\/td>\n<td width=\"519\"><strong>Descripci\u00f3n<\/strong><\/td>\n<td width=\"175\"><strong>Color<\/strong><\/td>\n<\/tr>\n<tr>\n<td>TW5012-5001-01<\/td>\n<td>Torre 2&#215;50&#8243;, para Samsung QM50B, QMC<\/td>\n<td>Blanco<\/td>\n<\/tr>\n<tr>\n<td>TW5012-5001-02<\/td>\n<td>Torre 2&#215;50&#8243;, para Samsung QM50B, QMC<\/td>\n<td>Negro<\/td>\n<\/tr>\n<\/tbody>\n<\/table>\n","protected":false},"excerpt":{"rendered":"<p style=\"font-weight: 400;\"><strong>Torre de se\u00f1alizaci\u00f3n<\/strong><\/p>\n<p style=\"font-weight: 400;\">Nuestra torre de visualizaci\u00f3n para interiores utiliza dos pantallas para mensajes dobles. La aplicaci\u00f3n m\u00e1s com\u00fan es la orientaci\u00f3n en centros comerciales y espacios p\u00fablicos. Para proteger la pantalla se utiliza una l\u00e1mina de policarbonato. Hay un acceso frontal para la instalaci\u00f3n y el mantenimiento de las pantallas.<\/p>\n<ul>\n<li style=\"font-weight: 400;\">Tama\u00f1o de la pantalla 50&#8243;.<\/li>\n<li style=\"font-weight: 400;\">Los colores est\u00e1ndar son el blanco y el negro<\/li>\n<li style=\"font-weight: 400;\">Se pueden fabricar colores personalizados por encargo<\/li>\n<li style=\"font-weight: 400;\">Protecci\u00f3n de policarbonato<\/li>\n<\/ul>\n","protected":false},"featured_media":4243,"template":"","meta":[],"product_brand":[],"product_cat":[71,74],"product_tag":[],"class_list":{"0":"post-5863","1":"product","2":"type-product","3":"status-publish","4":"has-post-thumbnail","6":"product_cat-piso","7":"product_cat-totem-es","9":"first","10":"instock","11":"shipping-taxable","12":"product-type-simple"},"yoast_head":"<!-- This site is optimized with the Yoast SEO plugin v27.4 - https:\/\/yoast.com\/product\/yoast-seo-wordpress\/ -->\n<title>Torre - HI-ND<\/title>\n<meta name=\"description\" content=\"Nuestra Torre de visualizaci\u00f3n interior utiliza dos pantallas para mensajes dobles. La aplicaci\u00f3n m\u00e1s com\u00fan es la orientaci\u00f3n en centros comerciales y espacios p\u00fablicos.\" \/>\n<meta name=\"robots\" content=\"index, follow, max-snippet:-1, max-image-preview:large, max-video-preview:-1\" \/>\n<link rel=\"canonical\" href=\"https:\/\/hi-nd.com\/es\/producto\/torre\/\" \/>\n<meta property=\"og:locale\" content=\"es_ES\" \/>\n<meta property=\"og:type\" content=\"article\" \/>\n<meta property=\"og:title\" content=\"Torre - HI-ND\" \/>\n<meta property=\"og:description\" content=\"Nuestra Torre de visualizaci\u00f3n interior utiliza dos pantallas para mensajes dobles. La aplicaci\u00f3n m\u00e1s com\u00fan es la orientaci\u00f3n en centros comerciales y espacios p\u00fablicos.\" \/>\n<meta property=\"og:url\" content=\"https:\/\/hi-nd.com\/es\/producto\/torre\/\" \/>\n<meta property=\"og:site_name\" content=\"HI-ND\" \/>\n<meta property=\"article:modified_time\" content=\"2024-02-22T20:20:20+00:00\" \/>\n<meta property=\"og:image\" content=\"https:\/\/hi-nd.com\/wp-content\/uploads\/2022\/01\/TW4312-5001-06.jpg\" \/>\n\t<meta property=\"og:image:width\" content=\"750\" \/>\n\t<meta property=\"og:image:height\" content=\"750\" \/>\n\t<meta property=\"og:image:type\" content=\"image\/jpeg\" \/>\n<meta name=\"twitter:card\" content=\"summary_large_image\" \/>\n<script type=\"application\/ld+json\" class=\"yoast-schema-graph\">{\"@context\":\"https:\\\/\\\/schema.org\",\"@graph\":[{\"@type\":\"WebPage\",\"@id\":\"https:\\\/\\\/hi-nd.com\\\/es\\\/producto\\\/torre\\\/\",\"url\":\"https:\\\/\\\/hi-nd.com\\\/es\\\/producto\\\/torre\\\/\",\"name\":\"Torre - HI-ND\",\"isPartOf\":{\"@id\":\"https:\\\/\\\/hi-nd.com\\\/#website\"},\"primaryImageOfPage\":{\"@id\":\"https:\\\/\\\/hi-nd.com\\\/es\\\/producto\\\/torre\\\/#primaryimage\"},\"image\":{\"@id\":\"https:\\\/\\\/hi-nd.com\\\/es\\\/producto\\\/torre\\\/#primaryimage\"},\"thumbnailUrl\":\"https:\\\/\\\/hi-nd.com\\\/wp-content\\\/uploads\\\/2022\\\/01\\\/TW4312-5001-06.jpg\",\"datePublished\":\"2022-01-22T19:22:13+00:00\",\"dateModified\":\"2024-02-22T20:20:20+00:00\",\"description\":\"Nuestra Torre de visualizaci\u00f3n interior utiliza dos pantallas para mensajes dobles. La aplicaci\u00f3n m\u00e1s com\u00fan es la orientaci\u00f3n en centros comerciales y espacios p\u00fablicos.\",\"breadcrumb\":{\"@id\":\"https:\\\/\\\/hi-nd.com\\\/es\\\/producto\\\/torre\\\/#breadcrumb\"},\"inLanguage\":\"es\",\"potentialAction\":[{\"@type\":\"ReadAction\",\"target\":[\"https:\\\/\\\/hi-nd.com\\\/es\\\/producto\\\/torre\\\/\"]}]},{\"@type\":\"ImageObject\",\"inLanguage\":\"es\",\"@id\":\"https:\\\/\\\/hi-nd.com\\\/es\\\/producto\\\/torre\\\/#primaryimage\",\"url\":\"https:\\\/\\\/hi-nd.com\\\/wp-content\\\/uploads\\\/2022\\\/01\\\/TW4312-5001-06.jpg\",\"contentUrl\":\"https:\\\/\\\/hi-nd.com\\\/wp-content\\\/uploads\\\/2022\\\/01\\\/TW4312-5001-06.jpg\",\"width\":750,\"height\":750},{\"@type\":\"BreadcrumbList\",\"@id\":\"https:\\\/\\\/hi-nd.com\\\/es\\\/producto\\\/torre\\\/#breadcrumb\",\"itemListElement\":[{\"@type\":\"ListItem\",\"position\":1,\"name\":\"Home\",\"item\":\"https:\\\/\\\/hi-nd.com\\\/es\\\/\"},{\"@type\":\"ListItem\",\"position\":2,\"name\":\"Tienda\",\"item\":\"https:\\\/\\\/hi-nd.com\\\/es\\\/tienda\\\/\"},{\"@type\":\"ListItem\",\"position\":3,\"name\":\"Torre\"}]},{\"@type\":\"WebSite\",\"@id\":\"https:\\\/\\\/hi-nd.com\\\/#website\",\"url\":\"https:\\\/\\\/hi-nd.com\\\/\",\"name\":\"HI-ND\",\"description\":\"Mounting Solutions\",\"potentialAction\":[{\"@type\":\"SearchAction\",\"target\":{\"@type\":\"EntryPoint\",\"urlTemplate\":\"https:\\\/\\\/hi-nd.com\\\/?s={search_term_string}\"},\"query-input\":{\"@type\":\"PropertyValueSpecification\",\"valueRequired\":true,\"valueName\":\"search_term_string\"}}],\"inLanguage\":\"es\"}]}<\/script>\n<!-- \/ Yoast SEO plugin. -->","yoast_head_json":{"title":"Torre - HI-ND","description":"Nuestra Torre de visualizaci\u00f3n interior utiliza dos pantallas para mensajes dobles. La aplicaci\u00f3n m\u00e1s com\u00fan es la orientaci\u00f3n en centros comerciales y espacios p\u00fablicos.","robots":{"index":"index","follow":"follow","max-snippet":"max-snippet:-1","max-image-preview":"max-image-preview:large","max-video-preview":"max-video-preview:-1"},"canonical":"https:\/\/hi-nd.com\/es\/producto\/torre\/","og_locale":"es_ES","og_type":"article","og_title":"Torre - HI-ND","og_description":"Nuestra Torre de visualizaci\u00f3n interior utiliza dos pantallas para mensajes dobles. La aplicaci\u00f3n m\u00e1s com\u00fan es la orientaci\u00f3n en centros comerciales y espacios p\u00fablicos.","og_url":"https:\/\/hi-nd.com\/es\/producto\/torre\/","og_site_name":"HI-ND","article_modified_time":"2024-02-22T20:20:20+00:00","og_image":[{"width":750,"height":750,"url":"https:\/\/hi-nd.com\/wp-content\/uploads\/2022\/01\/TW4312-5001-06.jpg","type":"image\/jpeg"}],"twitter_card":"summary_large_image","schema":{"@context":"https:\/\/schema.org","@graph":[{"@type":"WebPage","@id":"https:\/\/hi-nd.com\/es\/producto\/torre\/","url":"https:\/\/hi-nd.com\/es\/producto\/torre\/","name":"Torre - HI-ND","isPartOf":{"@id":"https:\/\/hi-nd.com\/#website"},"primaryImageOfPage":{"@id":"https:\/\/hi-nd.com\/es\/producto\/torre\/#primaryimage"},"image":{"@id":"https:\/\/hi-nd.com\/es\/producto\/torre\/#primaryimage"},"thumbnailUrl":"https:\/\/hi-nd.com\/wp-content\/uploads\/2022\/01\/TW4312-5001-06.jpg","datePublished":"2022-01-22T19:22:13+00:00","dateModified":"2024-02-22T20:20:20+00:00","description":"Nuestra Torre de visualizaci\u00f3n interior utiliza dos pantallas para mensajes dobles. La aplicaci\u00f3n m\u00e1s com\u00fan es la orientaci\u00f3n en centros comerciales y espacios p\u00fablicos.","breadcrumb":{"@id":"https:\/\/hi-nd.com\/es\/producto\/torre\/#breadcrumb"},"inLanguage":"es","potentialAction":[{"@type":"ReadAction","target":["https:\/\/hi-nd.com\/es\/producto\/torre\/"]}]},{"@type":"ImageObject","inLanguage":"es","@id":"https:\/\/hi-nd.com\/es\/producto\/torre\/#primaryimage","url":"https:\/\/hi-nd.com\/wp-content\/uploads\/2022\/01\/TW4312-5001-06.jpg","contentUrl":"https:\/\/hi-nd.com\/wp-content\/uploads\/2022\/01\/TW4312-5001-06.jpg","width":750,"height":750},{"@type":"BreadcrumbList","@id":"https:\/\/hi-nd.com\/es\/producto\/torre\/#breadcrumb","itemListElement":[{"@type":"ListItem","position":1,"name":"Home","item":"https:\/\/hi-nd.com\/es\/"},{"@type":"ListItem","position":2,"name":"Tienda","item":"https:\/\/hi-nd.com\/es\/tienda\/"},{"@type":"ListItem","position":3,"name":"Torre"}]},{"@type":"WebSite","@id":"https:\/\/hi-nd.com\/#website","url":"https:\/\/hi-nd.com\/","name":"HI-ND","description":"Mounting Solutions","potentialAction":[{"@type":"SearchAction","target":{"@type":"EntryPoint","urlTemplate":"https:\/\/hi-nd.com\/?s={search_term_string}"},"query-input":{"@type":"PropertyValueSpecification","valueRequired":true,"valueName":"search_term_string"}}],"inLanguage":"es"}]}},"_links":{"self":[{"href":"https:\/\/hi-nd.com\/es\/wp-json\/wp\/v2\/product\/5863","targetHints":{"allow":["GET"]}}],"collection":[{"href":"https:\/\/hi-nd.com\/es\/wp-json\/wp\/v2\/product"}],"about":[{"href":"https:\/\/hi-nd.com\/es\/wp-json\/wp\/v2\/types\/product"}],"wp:featuredmedia":[{"embeddable":true,"href":"https:\/\/hi-nd.com\/es\/wp-json\/wp\/v2\/media\/4243"}],"wp:attachment":[{"href":"https:\/\/hi-nd.com\/es\/wp-json\/wp\/v2\/media?parent=5863"}],"wp:term":[{"taxonomy":"product_brand","embeddable":true,"href":"https:\/\/hi-nd.com\/es\/wp-json\/wp\/v2\/product_brand?post=5863"},{"taxonomy":"product_cat","embeddable":true,"href":"https:\/\/hi-nd.com\/es\/wp-json\/wp\/v2\/product_cat?post=5863"},{"taxonomy":"product_tag","embeddable":true,"href":"https:\/\/hi-nd.com\/es\/wp-json\/wp\/v2\/product_tag?post=5863"}],"curies":[{"name":"wp","href":"https:\/\/api.w.org\/{rel}","templated":true}]}}