{"id":5859,"date":"2022-01-20T17:24:13","date_gmt":"2022-01-20T16:24:13","guid":{"rendered":"https:\/\/hi-nd.com\/product\/soporte-de-suelo-h-para-samsung-om55n-ds\/"},"modified":"2024-02-22T21:20:04","modified_gmt":"2024-02-22T20:20:04","slug":"soporte-de-suelo-h-para-samsung-om55n-ds","status":"publish","type":"product","link":"https:\/\/hi-nd.com\/es\/producto\/soporte-de-suelo-h-para-samsung-om55n-ds\/","title":{"rendered":"Soporte de suelo H para Samsung OM55N-DS"},"content":{"rendered":"<table style=\"height: 124px;\" width=\"571\">\n<tbody>\n<tr>\n<td width=\"115\"> N\u00famero de pieza<\/td>\n<td width=\"339\"> Descripci\u00f3n<\/td>\n<td width=\"60\"> Color<\/td>\n<\/tr>\n<tr>\n<td> FS5519-5001-01<\/td>\n<td> Soporte de suelo, OM55N-DS, cuerpo negro, montante lateral blanco<\/td>\n<td> Blanco<\/td>\n<\/tr>\n<tr>\n<td> FS5519-5001-02<\/td>\n<td> Soporte de suelo, OM55N-DS, cuerpo negro, montante lateral negro<\/td>\n<td> Negro<\/td>\n<\/tr>\n<\/tbody>\n<\/table>\n","protected":false},"excerpt":{"rendered":"<p>Soporte de suelo H Dual<\/p>\n<p>El soporte de suelo HI-ND H dual es un soporte de suelo dise\u00f1ado para Samsung OM55N-DS. La soluci\u00f3n ideal para la aplicaci\u00f3n en escaparates con 3000nit de cara al escaparate y 1000nit en el interior. No hay cables ni tornillos visibles desde el exterior. El enchufe y los accesorios pueden colocarse en la tapa inferior. Los laterales se pueden pintar de diferentes colores para crear tu propio look<\/p>\n<ul>\n<li>Sin cables ni tornillos visibles<\/li>\n<li>Espacio para enchufe en la caja<\/li>\n<li>Sensor IR sobre la pantalla<\/li>\n<li>Pilares laterales negros o blancos<\/li>\n<li>F\u00e1cil de instalar<\/li>\n<\/ul>\n","protected":false},"featured_media":3949,"template":"","meta":[],"product_brand":[],"product_cat":[71,113],"product_tag":[],"class_list":{"0":"post-5859","1":"product","2":"type-product","3":"status-publish","4":"has-post-thumbnail","6":"product_cat-piso","7":"product_cat-soporte-de-suelo","9":"first","10":"instock","11":"shipping-taxable","12":"product-type-simple"},"yoast_head":"<!-- This site is optimized with the Yoast SEO plugin v27.4 - https:\/\/yoast.com\/product\/yoast-seo-wordpress\/ -->\n<title>Soporte de suelo H para Samsung OM55N-DS - HI-ND<\/title>\n<meta name=\"description\" content=\"El soporte de suelo HI-ND H dual es un soporte de suelo dise\u00f1ado para Samsung OM55N-D. La soluci\u00f3n ideal para la aplicaci\u00f3n en escaparates.\" \/>\n<meta name=\"robots\" content=\"index, follow, max-snippet:-1, max-image-preview:large, max-video-preview:-1\" \/>\n<link rel=\"canonical\" href=\"https:\/\/hi-nd.com\/es\/producto\/soporte-de-suelo-h-para-samsung-om55n-ds\/\" \/>\n<meta property=\"og:locale\" content=\"es_ES\" \/>\n<meta property=\"og:type\" content=\"article\" \/>\n<meta property=\"og:title\" content=\"Soporte de suelo H para Samsung OM55N-DS - HI-ND\" \/>\n<meta property=\"og:description\" content=\"El soporte de suelo HI-ND H dual es un soporte de suelo dise\u00f1ado para Samsung OM55N-D. La soluci\u00f3n ideal para la aplicaci\u00f3n en escaparates.\" \/>\n<meta property=\"og:url\" content=\"https:\/\/hi-nd.com\/es\/producto\/soporte-de-suelo-h-para-samsung-om55n-ds\/\" \/>\n<meta property=\"og:site_name\" content=\"HI-ND\" \/>\n<meta property=\"article:modified_time\" content=\"2024-02-22T20:20:04+00:00\" \/>\n<meta property=\"og:image\" content=\"https:\/\/hi-nd.com\/wp-content\/uploads\/2022\/01\/H-OMN-web.png\" \/>\n\t<meta property=\"og:image:width\" content=\"750\" \/>\n\t<meta property=\"og:image:height\" content=\"750\" \/>\n\t<meta property=\"og:image:type\" content=\"image\/png\" \/>\n<meta name=\"twitter:card\" content=\"summary_large_image\" \/>\n<script type=\"application\/ld+json\" class=\"yoast-schema-graph\">{\"@context\":\"https:\\\/\\\/schema.org\",\"@graph\":[{\"@type\":\"WebPage\",\"@id\":\"https:\\\/\\\/hi-nd.com\\\/es\\\/producto\\\/soporte-de-suelo-h-para-samsung-om55n-ds\\\/\",\"url\":\"https:\\\/\\\/hi-nd.com\\\/es\\\/producto\\\/soporte-de-suelo-h-para-samsung-om55n-ds\\\/\",\"name\":\"Soporte de suelo H para Samsung OM55N-DS - HI-ND\",\"isPartOf\":{\"@id\":\"https:\\\/\\\/hi-nd.com\\\/#website\"},\"primaryImageOfPage\":{\"@id\":\"https:\\\/\\\/hi-nd.com\\\/es\\\/producto\\\/soporte-de-suelo-h-para-samsung-om55n-ds\\\/#primaryimage\"},\"image\":{\"@id\":\"https:\\\/\\\/hi-nd.com\\\/es\\\/producto\\\/soporte-de-suelo-h-para-samsung-om55n-ds\\\/#primaryimage\"},\"thumbnailUrl\":\"https:\\\/\\\/hi-nd.com\\\/wp-content\\\/uploads\\\/2022\\\/01\\\/H-OMN-web.png\",\"datePublished\":\"2022-01-20T16:24:13+00:00\",\"dateModified\":\"2024-02-22T20:20:04+00:00\",\"description\":\"El soporte de suelo HI-ND H dual es un soporte de suelo dise\u00f1ado para Samsung OM55N-D. La soluci\u00f3n ideal para la aplicaci\u00f3n en escaparates.\",\"breadcrumb\":{\"@id\":\"https:\\\/\\\/hi-nd.com\\\/es\\\/producto\\\/soporte-de-suelo-h-para-samsung-om55n-ds\\\/#breadcrumb\"},\"inLanguage\":\"es\",\"potentialAction\":[{\"@type\":\"ReadAction\",\"target\":[\"https:\\\/\\\/hi-nd.com\\\/es\\\/producto\\\/soporte-de-suelo-h-para-samsung-om55n-ds\\\/\"]}]},{\"@type\":\"ImageObject\",\"inLanguage\":\"es\",\"@id\":\"https:\\\/\\\/hi-nd.com\\\/es\\\/producto\\\/soporte-de-suelo-h-para-samsung-om55n-ds\\\/#primaryimage\",\"url\":\"https:\\\/\\\/hi-nd.com\\\/wp-content\\\/uploads\\\/2022\\\/01\\\/H-OMN-web.png\",\"contentUrl\":\"https:\\\/\\\/hi-nd.com\\\/wp-content\\\/uploads\\\/2022\\\/01\\\/H-OMN-web.png\",\"width\":750,\"height\":750},{\"@type\":\"BreadcrumbList\",\"@id\":\"https:\\\/\\\/hi-nd.com\\\/es\\\/producto\\\/soporte-de-suelo-h-para-samsung-om55n-ds\\\/#breadcrumb\",\"itemListElement\":[{\"@type\":\"ListItem\",\"position\":1,\"name\":\"Home\",\"item\":\"https:\\\/\\\/hi-nd.com\\\/es\\\/\"},{\"@type\":\"ListItem\",\"position\":2,\"name\":\"Tienda\",\"item\":\"https:\\\/\\\/hi-nd.com\\\/es\\\/tienda\\\/\"},{\"@type\":\"ListItem\",\"position\":3,\"name\":\"Soporte de suelo H para Samsung OM55N-DS\"}]},{\"@type\":\"WebSite\",\"@id\":\"https:\\\/\\\/hi-nd.com\\\/#website\",\"url\":\"https:\\\/\\\/hi-nd.com\\\/\",\"name\":\"HI-ND\",\"description\":\"Mounting Solutions\",\"potentialAction\":[{\"@type\":\"SearchAction\",\"target\":{\"@type\":\"EntryPoint\",\"urlTemplate\":\"https:\\\/\\\/hi-nd.com\\\/?s={search_term_string}\"},\"query-input\":{\"@type\":\"PropertyValueSpecification\",\"valueRequired\":true,\"valueName\":\"search_term_string\"}}],\"inLanguage\":\"es\"}]}<\/script>\n<!-- \/ Yoast SEO plugin. -->","yoast_head_json":{"title":"Soporte de suelo H para Samsung OM55N-DS - HI-ND","description":"El soporte de suelo HI-ND H dual es un soporte de suelo dise\u00f1ado para Samsung OM55N-D. La soluci\u00f3n ideal para la aplicaci\u00f3n en escaparates.","robots":{"index":"index","follow":"follow","max-snippet":"max-snippet:-1","max-image-preview":"max-image-preview:large","max-video-preview":"max-video-preview:-1"},"canonical":"https:\/\/hi-nd.com\/es\/producto\/soporte-de-suelo-h-para-samsung-om55n-ds\/","og_locale":"es_ES","og_type":"article","og_title":"Soporte de suelo H para Samsung OM55N-DS - HI-ND","og_description":"El soporte de suelo HI-ND H dual es un soporte de suelo dise\u00f1ado para Samsung OM55N-D. La soluci\u00f3n ideal para la aplicaci\u00f3n en escaparates.","og_url":"https:\/\/hi-nd.com\/es\/producto\/soporte-de-suelo-h-para-samsung-om55n-ds\/","og_site_name":"HI-ND","article_modified_time":"2024-02-22T20:20:04+00:00","og_image":[{"width":750,"height":750,"url":"https:\/\/hi-nd.com\/wp-content\/uploads\/2022\/01\/H-OMN-web.png","type":"image\/png"}],"twitter_card":"summary_large_image","schema":{"@context":"https:\/\/schema.org","@graph":[{"@type":"WebPage","@id":"https:\/\/hi-nd.com\/es\/producto\/soporte-de-suelo-h-para-samsung-om55n-ds\/","url":"https:\/\/hi-nd.com\/es\/producto\/soporte-de-suelo-h-para-samsung-om55n-ds\/","name":"Soporte de suelo H para Samsung OM55N-DS - HI-ND","isPartOf":{"@id":"https:\/\/hi-nd.com\/#website"},"primaryImageOfPage":{"@id":"https:\/\/hi-nd.com\/es\/producto\/soporte-de-suelo-h-para-samsung-om55n-ds\/#primaryimage"},"image":{"@id":"https:\/\/hi-nd.com\/es\/producto\/soporte-de-suelo-h-para-samsung-om55n-ds\/#primaryimage"},"thumbnailUrl":"https:\/\/hi-nd.com\/wp-content\/uploads\/2022\/01\/H-OMN-web.png","datePublished":"2022-01-20T16:24:13+00:00","dateModified":"2024-02-22T20:20:04+00:00","description":"El soporte de suelo HI-ND H dual es un soporte de suelo dise\u00f1ado para Samsung OM55N-D. La soluci\u00f3n ideal para la aplicaci\u00f3n en escaparates.","breadcrumb":{"@id":"https:\/\/hi-nd.com\/es\/producto\/soporte-de-suelo-h-para-samsung-om55n-ds\/#breadcrumb"},"inLanguage":"es","potentialAction":[{"@type":"ReadAction","target":["https:\/\/hi-nd.com\/es\/producto\/soporte-de-suelo-h-para-samsung-om55n-ds\/"]}]},{"@type":"ImageObject","inLanguage":"es","@id":"https:\/\/hi-nd.com\/es\/producto\/soporte-de-suelo-h-para-samsung-om55n-ds\/#primaryimage","url":"https:\/\/hi-nd.com\/wp-content\/uploads\/2022\/01\/H-OMN-web.png","contentUrl":"https:\/\/hi-nd.com\/wp-content\/uploads\/2022\/01\/H-OMN-web.png","width":750,"height":750},{"@type":"BreadcrumbList","@id":"https:\/\/hi-nd.com\/es\/producto\/soporte-de-suelo-h-para-samsung-om55n-ds\/#breadcrumb","itemListElement":[{"@type":"ListItem","position":1,"name":"Home","item":"https:\/\/hi-nd.com\/es\/"},{"@type":"ListItem","position":2,"name":"Tienda","item":"https:\/\/hi-nd.com\/es\/tienda\/"},{"@type":"ListItem","position":3,"name":"Soporte de suelo H para Samsung OM55N-DS"}]},{"@type":"WebSite","@id":"https:\/\/hi-nd.com\/#website","url":"https:\/\/hi-nd.com\/","name":"HI-ND","description":"Mounting Solutions","potentialAction":[{"@type":"SearchAction","target":{"@type":"EntryPoint","urlTemplate":"https:\/\/hi-nd.com\/?s={search_term_string}"},"query-input":{"@type":"PropertyValueSpecification","valueRequired":true,"valueName":"search_term_string"}}],"inLanguage":"es"}]}},"_links":{"self":[{"href":"https:\/\/hi-nd.com\/es\/wp-json\/wp\/v2\/product\/5859","targetHints":{"allow":["GET"]}}],"collection":[{"href":"https:\/\/hi-nd.com\/es\/wp-json\/wp\/v2\/product"}],"about":[{"href":"https:\/\/hi-nd.com\/es\/wp-json\/wp\/v2\/types\/product"}],"wp:featuredmedia":[{"embeddable":true,"href":"https:\/\/hi-nd.com\/es\/wp-json\/wp\/v2\/media\/3949"}],"wp:attachment":[{"href":"https:\/\/hi-nd.com\/es\/wp-json\/wp\/v2\/media?parent=5859"}],"wp:term":[{"taxonomy":"product_brand","embeddable":true,"href":"https:\/\/hi-nd.com\/es\/wp-json\/wp\/v2\/product_brand?post=5859"},{"taxonomy":"product_cat","embeddable":true,"href":"https:\/\/hi-nd.com\/es\/wp-json\/wp\/v2\/product_cat?post=5859"},{"taxonomy":"product_tag","embeddable":true,"href":"https:\/\/hi-nd.com\/es\/wp-json\/wp\/v2\/product_tag?post=5859"}],"curies":[{"name":"wp","href":"https:\/\/api.w.org\/{rel}","templated":true}]}}