{"id":5848,"date":"2022-01-20T17:13:50","date_gmt":"2022-01-20T16:13:50","guid":{"rendered":"https:\/\/hi-nd.com\/product\/totem-de-exterior-samsung-oh55a-s\/"},"modified":"2024-09-05T14:34:39","modified_gmt":"2024-09-05T12:34:39","slug":"totem-de-exterior-samsung-oh55a-s","status":"publish","type":"product","link":"https:\/\/hi-nd.com\/es\/producto\/totem-de-exterior-samsung-oh55a-s\/","title":{"rendered":"T\u00f3tem de exterior Samsung OH55A-S y OH46B"},"content":{"rendered":"<p>&nbsp;<\/p>\n<table border=\"0\" cellspacing=\"0\">\n<colgroup width=\"184\"><\/colgroup>\n<colgroup width=\"709\"><\/colgroup>\n<colgroup width=\"128\"><\/colgroup>\n<tbody>\n<tr>\n<td align=\"left\" height=\"26\"><b>N\u00famero de pieza<\/b><\/td>\n<td align=\"left\"><b> Descripci\u00f3n<\/b><\/td>\n<td align=\"left\"><b>Color<\/b><\/td>\n<\/tr>\n<tr>\n<td align=\"left\" height=\"26\"> OD4617-5001-02<\/td>\n<td align=\"left\"> T\u00f3tem de exterior, retrato, OH46B<\/td>\n<td align=\"left\"> Negro<\/td>\n<\/tr>\n<tr>\n<td align=\"left\" height=\"26\"> OD5517-5301-02<\/td>\n<td align=\"left\"> T\u00f3tem de exterior, retrato, OH55A-S<\/td>\n<td align=\"left\"> Negro<\/td>\n<\/tr>\n<\/tbody>\n<\/table>\n","protected":false},"excerpt":{"rendered":"<p>Los Totem HI-ND para exteriores de 46&#8243; y 55&#8243; est\u00e1n dise\u00f1ados para Samsung OH46B y OH55A-S.<br \/>\nEs una soluci\u00f3n perfecta para marketing e informaci\u00f3n en exteriores.  HI-ND puede apoyarse con bloques de hormig\u00f3n para una puesta a tierra homologada. El color est\u00e1ndar es el negro, pero pueden solicitarse otros colores.<\/p>\n","protected":false},"featured_media":4858,"template":"","meta":[],"product_brand":[],"product_cat":[76],"product_tag":[],"class_list":{"0":"post-5848","1":"product","2":"type-product","3":"status-publish","4":"has-post-thumbnail","6":"product_cat-exterior","8":"first","9":"instock","10":"shipping-taxable","11":"product-type-simple"},"yoast_head":"<!-- This site is optimized with the Yoast SEO plugin v27.3 - https:\/\/yoast.com\/product\/yoast-seo-wordpress\/ -->\n<title>T\u00f3tem de exterior Samsung OH55A-S y OH46B - HI-ND<\/title>\n<meta name=\"description\" content=\"El t\u00f3tem para exteriores HI-ND est\u00e1 dise\u00f1ado para Samsung OH55A-S. Es un t\u00f3tem \u00fanico perfecto para el marketing y la informaci\u00f3n en el exterior.\" \/>\n<meta name=\"robots\" content=\"index, follow, max-snippet:-1, max-image-preview:large, max-video-preview:-1\" \/>\n<link rel=\"canonical\" href=\"https:\/\/hi-nd.com\/es\/producto\/totem-de-exterior-samsung-oh55a-s\/\" \/>\n<meta property=\"og:locale\" content=\"es_ES\" \/>\n<meta property=\"og:type\" content=\"article\" \/>\n<meta property=\"og:title\" content=\"T\u00f3tem de exterior Samsung OH55A-S y OH46B - HI-ND\" \/>\n<meta property=\"og:description\" content=\"El t\u00f3tem para exteriores HI-ND est\u00e1 dise\u00f1ado para Samsung OH55A-S. Es un t\u00f3tem \u00fanico perfecto para el marketing y la informaci\u00f3n en el exterior.\" \/>\n<meta property=\"og:url\" content=\"https:\/\/hi-nd.com\/es\/producto\/totem-de-exterior-samsung-oh55a-s\/\" \/>\n<meta property=\"og:site_name\" content=\"HI-ND\" \/>\n<meta property=\"article:modified_time\" content=\"2024-09-05T12:34:39+00:00\" \/>\n<meta property=\"og:image\" content=\"https:\/\/hi-nd.com\/wp-content\/uploads\/2022\/01\/OD5517-5301-01-750x750-1.png\" \/>\n\t<meta property=\"og:image:width\" content=\"750\" \/>\n\t<meta property=\"og:image:height\" content=\"750\" \/>\n\t<meta property=\"og:image:type\" content=\"image\/png\" \/>\n<meta name=\"twitter:card\" content=\"summary_large_image\" \/>\n<script type=\"application\/ld+json\" class=\"yoast-schema-graph\">{\"@context\":\"https:\\\/\\\/schema.org\",\"@graph\":[{\"@type\":\"WebPage\",\"@id\":\"https:\\\/\\\/hi-nd.com\\\/es\\\/producto\\\/totem-de-exterior-samsung-oh55a-s\\\/\",\"url\":\"https:\\\/\\\/hi-nd.com\\\/es\\\/producto\\\/totem-de-exterior-samsung-oh55a-s\\\/\",\"name\":\"T\u00f3tem de exterior Samsung OH55A-S y OH46B - HI-ND\",\"isPartOf\":{\"@id\":\"https:\\\/\\\/hi-nd.com\\\/#website\"},\"primaryImageOfPage\":{\"@id\":\"https:\\\/\\\/hi-nd.com\\\/es\\\/producto\\\/totem-de-exterior-samsung-oh55a-s\\\/#primaryimage\"},\"image\":{\"@id\":\"https:\\\/\\\/hi-nd.com\\\/es\\\/producto\\\/totem-de-exterior-samsung-oh55a-s\\\/#primaryimage\"},\"thumbnailUrl\":\"https:\\\/\\\/hi-nd.com\\\/wp-content\\\/uploads\\\/2022\\\/01\\\/OD5517-5301-01-750x750-1.png\",\"datePublished\":\"2022-01-20T16:13:50+00:00\",\"dateModified\":\"2024-09-05T12:34:39+00:00\",\"description\":\"El t\u00f3tem para exteriores HI-ND est\u00e1 dise\u00f1ado para Samsung OH55A-S. Es un t\u00f3tem \u00fanico perfecto para el marketing y la informaci\u00f3n en el exterior.\",\"breadcrumb\":{\"@id\":\"https:\\\/\\\/hi-nd.com\\\/es\\\/producto\\\/totem-de-exterior-samsung-oh55a-s\\\/#breadcrumb\"},\"inLanguage\":\"es\",\"potentialAction\":[{\"@type\":\"ReadAction\",\"target\":[\"https:\\\/\\\/hi-nd.com\\\/es\\\/producto\\\/totem-de-exterior-samsung-oh55a-s\\\/\"]}]},{\"@type\":\"ImageObject\",\"inLanguage\":\"es\",\"@id\":\"https:\\\/\\\/hi-nd.com\\\/es\\\/producto\\\/totem-de-exterior-samsung-oh55a-s\\\/#primaryimage\",\"url\":\"https:\\\/\\\/hi-nd.com\\\/wp-content\\\/uploads\\\/2022\\\/01\\\/OD5517-5301-01-750x750-1.png\",\"contentUrl\":\"https:\\\/\\\/hi-nd.com\\\/wp-content\\\/uploads\\\/2022\\\/01\\\/OD5517-5301-01-750x750-1.png\",\"width\":750,\"height\":750,\"caption\":\"T\u00f3tem de exterior\"},{\"@type\":\"BreadcrumbList\",\"@id\":\"https:\\\/\\\/hi-nd.com\\\/es\\\/producto\\\/totem-de-exterior-samsung-oh55a-s\\\/#breadcrumb\",\"itemListElement\":[{\"@type\":\"ListItem\",\"position\":1,\"name\":\"Home\",\"item\":\"https:\\\/\\\/hi-nd.com\\\/es\\\/\"},{\"@type\":\"ListItem\",\"position\":2,\"name\":\"Tienda\",\"item\":\"https:\\\/\\\/hi-nd.com\\\/es\\\/tienda\\\/\"},{\"@type\":\"ListItem\",\"position\":3,\"name\":\"T\u00f3tem de exterior Samsung OH55A-S y OH46B\"}]},{\"@type\":\"WebSite\",\"@id\":\"https:\\\/\\\/hi-nd.com\\\/#website\",\"url\":\"https:\\\/\\\/hi-nd.com\\\/\",\"name\":\"HI-ND\",\"description\":\"Mounting Solutions\",\"potentialAction\":[{\"@type\":\"SearchAction\",\"target\":{\"@type\":\"EntryPoint\",\"urlTemplate\":\"https:\\\/\\\/hi-nd.com\\\/?s={search_term_string}\"},\"query-input\":{\"@type\":\"PropertyValueSpecification\",\"valueRequired\":true,\"valueName\":\"search_term_string\"}}],\"inLanguage\":\"es\"}]}<\/script>\n<!-- \/ Yoast SEO plugin. -->","yoast_head_json":{"title":"T\u00f3tem de exterior Samsung OH55A-S y OH46B - HI-ND","description":"El t\u00f3tem para exteriores HI-ND est\u00e1 dise\u00f1ado para Samsung OH55A-S. Es un t\u00f3tem \u00fanico perfecto para el marketing y la informaci\u00f3n en el exterior.","robots":{"index":"index","follow":"follow","max-snippet":"max-snippet:-1","max-image-preview":"max-image-preview:large","max-video-preview":"max-video-preview:-1"},"canonical":"https:\/\/hi-nd.com\/es\/producto\/totem-de-exterior-samsung-oh55a-s\/","og_locale":"es_ES","og_type":"article","og_title":"T\u00f3tem de exterior Samsung OH55A-S y OH46B - HI-ND","og_description":"El t\u00f3tem para exteriores HI-ND est\u00e1 dise\u00f1ado para Samsung OH55A-S. Es un t\u00f3tem \u00fanico perfecto para el marketing y la informaci\u00f3n en el exterior.","og_url":"https:\/\/hi-nd.com\/es\/producto\/totem-de-exterior-samsung-oh55a-s\/","og_site_name":"HI-ND","article_modified_time":"2024-09-05T12:34:39+00:00","og_image":[{"width":750,"height":750,"url":"https:\/\/hi-nd.com\/wp-content\/uploads\/2022\/01\/OD5517-5301-01-750x750-1.png","type":"image\/png"}],"twitter_card":"summary_large_image","schema":{"@context":"https:\/\/schema.org","@graph":[{"@type":"WebPage","@id":"https:\/\/hi-nd.com\/es\/producto\/totem-de-exterior-samsung-oh55a-s\/","url":"https:\/\/hi-nd.com\/es\/producto\/totem-de-exterior-samsung-oh55a-s\/","name":"T\u00f3tem de exterior Samsung OH55A-S y OH46B - HI-ND","isPartOf":{"@id":"https:\/\/hi-nd.com\/#website"},"primaryImageOfPage":{"@id":"https:\/\/hi-nd.com\/es\/producto\/totem-de-exterior-samsung-oh55a-s\/#primaryimage"},"image":{"@id":"https:\/\/hi-nd.com\/es\/producto\/totem-de-exterior-samsung-oh55a-s\/#primaryimage"},"thumbnailUrl":"https:\/\/hi-nd.com\/wp-content\/uploads\/2022\/01\/OD5517-5301-01-750x750-1.png","datePublished":"2022-01-20T16:13:50+00:00","dateModified":"2024-09-05T12:34:39+00:00","description":"El t\u00f3tem para exteriores HI-ND est\u00e1 dise\u00f1ado para Samsung OH55A-S. Es un t\u00f3tem \u00fanico perfecto para el marketing y la informaci\u00f3n en el exterior.","breadcrumb":{"@id":"https:\/\/hi-nd.com\/es\/producto\/totem-de-exterior-samsung-oh55a-s\/#breadcrumb"},"inLanguage":"es","potentialAction":[{"@type":"ReadAction","target":["https:\/\/hi-nd.com\/es\/producto\/totem-de-exterior-samsung-oh55a-s\/"]}]},{"@type":"ImageObject","inLanguage":"es","@id":"https:\/\/hi-nd.com\/es\/producto\/totem-de-exterior-samsung-oh55a-s\/#primaryimage","url":"https:\/\/hi-nd.com\/wp-content\/uploads\/2022\/01\/OD5517-5301-01-750x750-1.png","contentUrl":"https:\/\/hi-nd.com\/wp-content\/uploads\/2022\/01\/OD5517-5301-01-750x750-1.png","width":750,"height":750,"caption":"T\u00f3tem de exterior"},{"@type":"BreadcrumbList","@id":"https:\/\/hi-nd.com\/es\/producto\/totem-de-exterior-samsung-oh55a-s\/#breadcrumb","itemListElement":[{"@type":"ListItem","position":1,"name":"Home","item":"https:\/\/hi-nd.com\/es\/"},{"@type":"ListItem","position":2,"name":"Tienda","item":"https:\/\/hi-nd.com\/es\/tienda\/"},{"@type":"ListItem","position":3,"name":"T\u00f3tem de exterior Samsung OH55A-S y OH46B"}]},{"@type":"WebSite","@id":"https:\/\/hi-nd.com\/#website","url":"https:\/\/hi-nd.com\/","name":"HI-ND","description":"Mounting Solutions","potentialAction":[{"@type":"SearchAction","target":{"@type":"EntryPoint","urlTemplate":"https:\/\/hi-nd.com\/?s={search_term_string}"},"query-input":{"@type":"PropertyValueSpecification","valueRequired":true,"valueName":"search_term_string"}}],"inLanguage":"es"}]}},"_links":{"self":[{"href":"https:\/\/hi-nd.com\/es\/wp-json\/wp\/v2\/product\/5848","targetHints":{"allow":["GET"]}}],"collection":[{"href":"https:\/\/hi-nd.com\/es\/wp-json\/wp\/v2\/product"}],"about":[{"href":"https:\/\/hi-nd.com\/es\/wp-json\/wp\/v2\/types\/product"}],"wp:featuredmedia":[{"embeddable":true,"href":"https:\/\/hi-nd.com\/es\/wp-json\/wp\/v2\/media\/4858"}],"wp:attachment":[{"href":"https:\/\/hi-nd.com\/es\/wp-json\/wp\/v2\/media?parent=5848"}],"wp:term":[{"taxonomy":"product_brand","embeddable":true,"href":"https:\/\/hi-nd.com\/es\/wp-json\/wp\/v2\/product_brand?post=5848"},{"taxonomy":"product_cat","embeddable":true,"href":"https:\/\/hi-nd.com\/es\/wp-json\/wp\/v2\/product_cat?post=5848"},{"taxonomy":"product_tag","embeddable":true,"href":"https:\/\/hi-nd.com\/es\/wp-json\/wp\/v2\/product_tag?post=5848"}],"curies":[{"name":"wp","href":"https:\/\/api.w.org\/{rel}","templated":true}]}}