{"id":5845,"date":"2022-01-22T20:35:55","date_gmt":"2022-01-22T19:35:55","guid":{"rendered":"https:\/\/hi-nd.com\/product\/carcasa-de-pared-exterior-para-lg-55\/"},"modified":"2024-02-22T21:20:22","modified_gmt":"2024-02-22T20:20:22","slug":"carcasa-de-pared-exterior-para-lg-55","status":"publish","type":"product","link":"https:\/\/hi-nd.com\/es\/producto\/carcasa-de-pared-exterior-para-lg-55\/","title":{"rendered":"Carcasa de pared exterior para LG 55"},"content":{"rendered":"<table width=\"861\">\n<tbody>\n<tr>\n<td width=\"325\">N\u00famero de pieza<\/td>\n<td width=\"489\">Descripci\u00f3n<\/td>\n<td width=\"47\">Color<\/td>\n<\/tr>\n<tr>\n<td>OW5522-5201-01<\/td>\n<td>Carcasa de pared, LG 55XE4F, Horizontal\/Retrato, incl. funci\u00f3n de bloqueo<\/td>\n<td>Negro<\/td>\n<\/tr>\n<tr>\n<td>OW5522-5201-02<\/td>\n<td>Carcasa de pared, LG 55XE4F, Horizontal\/Retrato, incl. funci\u00f3n de bloqueo<\/td>\n<td>Blanco<\/td>\n<\/tr>\n<\/tbody>\n<\/table>\n","protected":false},"excerpt":{"rendered":"<p>Nuestra carcasa de pared para exteriores es perfecta para el marketing y la informaci\u00f3n en exteriores. Est\u00e1 dise\u00f1ado para todo tipo de condiciones meteorol\u00f3gicas. La carcasa ofrece un dise\u00f1o liso sin cables visibles para el montaje en pared. El backchassi completo permite la instalaci\u00f3n en un pilar.<\/p>\n<ul>\n<li>Dise\u00f1ado para LG 55XE4F<\/li>\n<li>Cerradura con llave para evitar robos<\/li>\n<li>Admite los modos vertical y horizontal<\/li>\n<li>No incluye cristal frontal<\/li>\n<li>No es posible instalar dos revestimientos murales a menos de 10 cm el uno del otro.<\/li>\n<\/ul>\n","protected":false},"featured_media":3802,"template":"","meta":[],"product_brand":[],"product_cat":[76],"product_tag":[],"class_list":{"0":"post-5845","1":"product","2":"type-product","3":"status-publish","4":"has-post-thumbnail","6":"product_cat-exterior","8":"first","9":"instock","10":"shipping-taxable","11":"product-type-simple"},"yoast_head":"<!-- This site is optimized with the Yoast SEO plugin v27.3 - https:\/\/yoast.com\/product\/yoast-seo-wordpress\/ -->\n<title>Carcasa de pared exterior para LG 55 - HI-ND<\/title>\n<meta name=\"description\" content=\"La carcasa de pared para exteriores HI-ND es perfecta para el marketing y la informaci\u00f3n en exteriores. Dise\u00f1ado para cualquier condici\u00f3n meteorol\u00f3gica.\" \/>\n<meta name=\"robots\" content=\"index, follow, max-snippet:-1, max-image-preview:large, max-video-preview:-1\" \/>\n<link rel=\"canonical\" href=\"https:\/\/hi-nd.com\/es\/producto\/carcasa-de-pared-exterior-para-lg-55\/\" \/>\n<meta property=\"og:locale\" content=\"es_ES\" \/>\n<meta property=\"og:type\" content=\"article\" \/>\n<meta property=\"og:title\" content=\"Carcasa de pared exterior para LG 55 - HI-ND\" \/>\n<meta property=\"og:description\" content=\"La carcasa de pared para exteriores HI-ND es perfecta para el marketing y la informaci\u00f3n en exteriores. Dise\u00f1ado para cualquier condici\u00f3n meteorol\u00f3gica.\" \/>\n<meta property=\"og:url\" content=\"https:\/\/hi-nd.com\/es\/producto\/carcasa-de-pared-exterior-para-lg-55\/\" \/>\n<meta property=\"og:site_name\" content=\"HI-ND\" \/>\n<meta property=\"article:modified_time\" content=\"2024-02-22T20:20:22+00:00\" \/>\n<meta property=\"og:image\" content=\"https:\/\/hi-nd.com\/wp-content\/uploads\/2022\/01\/LG-portrait-white-web-2.png\" \/>\n\t<meta property=\"og:image:width\" content=\"750\" \/>\n\t<meta property=\"og:image:height\" content=\"750\" \/>\n\t<meta property=\"og:image:type\" content=\"image\/png\" \/>\n<meta name=\"twitter:card\" content=\"summary_large_image\" \/>\n<script type=\"application\/ld+json\" class=\"yoast-schema-graph\">{\"@context\":\"https:\\\/\\\/schema.org\",\"@graph\":[{\"@type\":\"WebPage\",\"@id\":\"https:\\\/\\\/hi-nd.com\\\/es\\\/producto\\\/carcasa-de-pared-exterior-para-lg-55\\\/\",\"url\":\"https:\\\/\\\/hi-nd.com\\\/es\\\/producto\\\/carcasa-de-pared-exterior-para-lg-55\\\/\",\"name\":\"Carcasa de pared exterior para LG 55 - HI-ND\",\"isPartOf\":{\"@id\":\"https:\\\/\\\/hi-nd.com\\\/#website\"},\"primaryImageOfPage\":{\"@id\":\"https:\\\/\\\/hi-nd.com\\\/es\\\/producto\\\/carcasa-de-pared-exterior-para-lg-55\\\/#primaryimage\"},\"image\":{\"@id\":\"https:\\\/\\\/hi-nd.com\\\/es\\\/producto\\\/carcasa-de-pared-exterior-para-lg-55\\\/#primaryimage\"},\"thumbnailUrl\":\"https:\\\/\\\/hi-nd.com\\\/wp-content\\\/uploads\\\/2022\\\/01\\\/LG-portrait-white-web-2.png\",\"datePublished\":\"2022-01-22T19:35:55+00:00\",\"dateModified\":\"2024-02-22T20:20:22+00:00\",\"description\":\"La carcasa de pared para exteriores HI-ND es perfecta para el marketing y la informaci\u00f3n en exteriores. Dise\u00f1ado para cualquier condici\u00f3n meteorol\u00f3gica.\",\"breadcrumb\":{\"@id\":\"https:\\\/\\\/hi-nd.com\\\/es\\\/producto\\\/carcasa-de-pared-exterior-para-lg-55\\\/#breadcrumb\"},\"inLanguage\":\"es\",\"potentialAction\":[{\"@type\":\"ReadAction\",\"target\":[\"https:\\\/\\\/hi-nd.com\\\/es\\\/producto\\\/carcasa-de-pared-exterior-para-lg-55\\\/\"]}]},{\"@type\":\"ImageObject\",\"inLanguage\":\"es\",\"@id\":\"https:\\\/\\\/hi-nd.com\\\/es\\\/producto\\\/carcasa-de-pared-exterior-para-lg-55\\\/#primaryimage\",\"url\":\"https:\\\/\\\/hi-nd.com\\\/wp-content\\\/uploads\\\/2022\\\/01\\\/LG-portrait-white-web-2.png\",\"contentUrl\":\"https:\\\/\\\/hi-nd.com\\\/wp-content\\\/uploads\\\/2022\\\/01\\\/LG-portrait-white-web-2.png\",\"width\":750,\"height\":750},{\"@type\":\"BreadcrumbList\",\"@id\":\"https:\\\/\\\/hi-nd.com\\\/es\\\/producto\\\/carcasa-de-pared-exterior-para-lg-55\\\/#breadcrumb\",\"itemListElement\":[{\"@type\":\"ListItem\",\"position\":1,\"name\":\"Home\",\"item\":\"https:\\\/\\\/hi-nd.com\\\/es\\\/\"},{\"@type\":\"ListItem\",\"position\":2,\"name\":\"Tienda\",\"item\":\"https:\\\/\\\/hi-nd.com\\\/es\\\/tienda\\\/\"},{\"@type\":\"ListItem\",\"position\":3,\"name\":\"Carcasa de pared exterior para LG 55\"}]},{\"@type\":\"WebSite\",\"@id\":\"https:\\\/\\\/hi-nd.com\\\/#website\",\"url\":\"https:\\\/\\\/hi-nd.com\\\/\",\"name\":\"HI-ND\",\"description\":\"Mounting Solutions\",\"potentialAction\":[{\"@type\":\"SearchAction\",\"target\":{\"@type\":\"EntryPoint\",\"urlTemplate\":\"https:\\\/\\\/hi-nd.com\\\/?s={search_term_string}\"},\"query-input\":{\"@type\":\"PropertyValueSpecification\",\"valueRequired\":true,\"valueName\":\"search_term_string\"}}],\"inLanguage\":\"es\"}]}<\/script>\n<!-- \/ Yoast SEO plugin. -->","yoast_head_json":{"title":"Carcasa de pared exterior para LG 55 - HI-ND","description":"La carcasa de pared para exteriores HI-ND es perfecta para el marketing y la informaci\u00f3n en exteriores. Dise\u00f1ado para cualquier condici\u00f3n meteorol\u00f3gica.","robots":{"index":"index","follow":"follow","max-snippet":"max-snippet:-1","max-image-preview":"max-image-preview:large","max-video-preview":"max-video-preview:-1"},"canonical":"https:\/\/hi-nd.com\/es\/producto\/carcasa-de-pared-exterior-para-lg-55\/","og_locale":"es_ES","og_type":"article","og_title":"Carcasa de pared exterior para LG 55 - HI-ND","og_description":"La carcasa de pared para exteriores HI-ND es perfecta para el marketing y la informaci\u00f3n en exteriores. Dise\u00f1ado para cualquier condici\u00f3n meteorol\u00f3gica.","og_url":"https:\/\/hi-nd.com\/es\/producto\/carcasa-de-pared-exterior-para-lg-55\/","og_site_name":"HI-ND","article_modified_time":"2024-02-22T20:20:22+00:00","og_image":[{"width":750,"height":750,"url":"https:\/\/hi-nd.com\/wp-content\/uploads\/2022\/01\/LG-portrait-white-web-2.png","type":"image\/png"}],"twitter_card":"summary_large_image","schema":{"@context":"https:\/\/schema.org","@graph":[{"@type":"WebPage","@id":"https:\/\/hi-nd.com\/es\/producto\/carcasa-de-pared-exterior-para-lg-55\/","url":"https:\/\/hi-nd.com\/es\/producto\/carcasa-de-pared-exterior-para-lg-55\/","name":"Carcasa de pared exterior para LG 55 - HI-ND","isPartOf":{"@id":"https:\/\/hi-nd.com\/#website"},"primaryImageOfPage":{"@id":"https:\/\/hi-nd.com\/es\/producto\/carcasa-de-pared-exterior-para-lg-55\/#primaryimage"},"image":{"@id":"https:\/\/hi-nd.com\/es\/producto\/carcasa-de-pared-exterior-para-lg-55\/#primaryimage"},"thumbnailUrl":"https:\/\/hi-nd.com\/wp-content\/uploads\/2022\/01\/LG-portrait-white-web-2.png","datePublished":"2022-01-22T19:35:55+00:00","dateModified":"2024-02-22T20:20:22+00:00","description":"La carcasa de pared para exteriores HI-ND es perfecta para el marketing y la informaci\u00f3n en exteriores. Dise\u00f1ado para cualquier condici\u00f3n meteorol\u00f3gica.","breadcrumb":{"@id":"https:\/\/hi-nd.com\/es\/producto\/carcasa-de-pared-exterior-para-lg-55\/#breadcrumb"},"inLanguage":"es","potentialAction":[{"@type":"ReadAction","target":["https:\/\/hi-nd.com\/es\/producto\/carcasa-de-pared-exterior-para-lg-55\/"]}]},{"@type":"ImageObject","inLanguage":"es","@id":"https:\/\/hi-nd.com\/es\/producto\/carcasa-de-pared-exterior-para-lg-55\/#primaryimage","url":"https:\/\/hi-nd.com\/wp-content\/uploads\/2022\/01\/LG-portrait-white-web-2.png","contentUrl":"https:\/\/hi-nd.com\/wp-content\/uploads\/2022\/01\/LG-portrait-white-web-2.png","width":750,"height":750},{"@type":"BreadcrumbList","@id":"https:\/\/hi-nd.com\/es\/producto\/carcasa-de-pared-exterior-para-lg-55\/#breadcrumb","itemListElement":[{"@type":"ListItem","position":1,"name":"Home","item":"https:\/\/hi-nd.com\/es\/"},{"@type":"ListItem","position":2,"name":"Tienda","item":"https:\/\/hi-nd.com\/es\/tienda\/"},{"@type":"ListItem","position":3,"name":"Carcasa de pared exterior para LG 55"}]},{"@type":"WebSite","@id":"https:\/\/hi-nd.com\/#website","url":"https:\/\/hi-nd.com\/","name":"HI-ND","description":"Mounting Solutions","potentialAction":[{"@type":"SearchAction","target":{"@type":"EntryPoint","urlTemplate":"https:\/\/hi-nd.com\/?s={search_term_string}"},"query-input":{"@type":"PropertyValueSpecification","valueRequired":true,"valueName":"search_term_string"}}],"inLanguage":"es"}]}},"_links":{"self":[{"href":"https:\/\/hi-nd.com\/es\/wp-json\/wp\/v2\/product\/5845","targetHints":{"allow":["GET"]}}],"collection":[{"href":"https:\/\/hi-nd.com\/es\/wp-json\/wp\/v2\/product"}],"about":[{"href":"https:\/\/hi-nd.com\/es\/wp-json\/wp\/v2\/types\/product"}],"wp:featuredmedia":[{"embeddable":true,"href":"https:\/\/hi-nd.com\/es\/wp-json\/wp\/v2\/media\/3802"}],"wp:attachment":[{"href":"https:\/\/hi-nd.com\/es\/wp-json\/wp\/v2\/media?parent=5845"}],"wp:term":[{"taxonomy":"product_brand","embeddable":true,"href":"https:\/\/hi-nd.com\/es\/wp-json\/wp\/v2\/product_brand?post=5845"},{"taxonomy":"product_cat","embeddable":true,"href":"https:\/\/hi-nd.com\/es\/wp-json\/wp\/v2\/product_cat?post=5845"},{"taxonomy":"product_tag","embeddable":true,"href":"https:\/\/hi-nd.com\/es\/wp-json\/wp\/v2\/product_tag?post=5845"}],"curies":[{"name":"wp","href":"https:\/\/api.w.org\/{rel}","templated":true}]}}