{"id":5835,"date":"2022-02-01T21:18:22","date_gmt":"2022-02-01T20:18:22","guid":{"rendered":"https:\/\/hi-nd.com\/product\/retrato-en-video\/"},"modified":"2024-02-22T21:20:36","modified_gmt":"2024-02-22T20:20:36","slug":"retrato-en-video","status":"publish","type":"product","link":"https:\/\/hi-nd.com\/es\/producto\/retrato-en-video\/","title":{"rendered":"Retrato en v\u00eddeo"},"content":{"rendered":"<p>&nbsp;<\/p>\n<table width=\"610\">\n<tbody>\n<tr>\n<td width=\"109\">N\u00famero de pieza<\/td>\n<td width=\"270\">Descripci\u00f3n<\/td>\n<td width=\"231\">Pantallas compatibles<\/td>\n<\/tr>\n<tr>\n<td>VR5000-5001<\/td>\n<td>V\u00eddeo, retrato, 1&#215;50&#8243;.<\/td>\n<td>Samsung, LG<\/td>\n<\/tr>\n<tr>\n<td>VR4300-5301<\/td>\n<td>Videorow, retrato, 3&#215;43&#8243;.<\/td>\n<td>Samsung, LG<\/td>\n<\/tr>\n<tr>\n<td>VR5000-5301<\/td>\n<td>V\u00eddeo, retrato, 3&#215;50&#8243;.<\/td>\n<td>Samsung, LG<\/td>\n<\/tr>\n<tr>\n<td>VR5500-5301<\/td>\n<td>Videorow, retrato, 3&#215;55&#8243;<\/td>\n<td>Samsung, LG<\/td>\n<\/tr>\n<tr>\n<td>VR3200-5401<\/td>\n<td>Videorow, retrato 4&#215;32&#8243;.<\/td>\n<td>Samsung, LG<\/td>\n<\/tr>\n<tr>\n<td>VR4300-5401<\/td>\n<td>Videorow, retrato 4&#215;43&#8243;.<\/td>\n<td>Samsung, LG<\/td>\n<\/tr>\n<tr>\n<td>VR5000-5401<\/td>\n<td>V\u00eddeo, retrato, 4&#215;50&#8243;.<\/td>\n<td>Samsung, LG<\/td>\n<\/tr>\n<tr>\n<td>VR5500-5401<\/td>\n<td>V\u00eddeo, retrato, 4&#215;55&#8243;.<\/td>\n<td>Samsung, LG<\/td>\n<\/tr>\n<tr>\n<td>VR3200-5501<\/td>\n<td>Videorow, retrato 5&#215;32&#8243;.<\/td>\n<td>Samsung, LG<\/td>\n<\/tr>\n<tr>\n<td>VR4300-5501<\/td>\n<td>V\u00eddeo, retrato, 5&#215;43&#8243;.<\/td>\n<td>Samsung, LG<\/td>\n<\/tr>\n<tr>\n<td>VR5000-5501<\/td>\n<td>V\u00eddeo, retrato, 5&#215;50&#8243;.<\/td>\n<td>Samsung, LG<\/td>\n<\/tr>\n<tr>\n<td>VR5500-5501<\/td>\n<td>Videorow, retrato, 5&#215;55&#8243;.<\/td>\n<td>Samsung, LG<\/td>\n<\/tr>\n<tr>\n<td>VR3200-5601<\/td>\n<td>V\u00eddeo, retrato, 6&#215;32&#8243;.<\/td>\n<td>Samsung, LG<\/td>\n<\/tr>\n<tr>\n<td>VR4300-5601<\/td>\n<td>V\u00eddeo, retrato, 6&#215;43&#8243;.<\/td>\n<td>Samsung, LG<\/td>\n<\/tr>\n<tr>\n<td>VR5500-5601<\/td>\n<td>V\u00eddeo, retrato, 6&#215;55&#8243;.<\/td>\n<td>Samsung, LG<\/td>\n<\/tr>\n<\/tbody>\n<\/table>\n","protected":false},"excerpt":{"rendered":"<p>Una forma f\u00e1cil y muy rentable de construir un menuboard con varias pantallas seguidas. La soluci\u00f3n facilita la colocaci\u00f3n de cualquier n\u00famero de pantallas exactamente en l\u00ednea. Tama\u00f1o de pantalla recomendado de 22\u2033 a 55\u2033.<\/p>\n<ul>\n<li>F\u00e1cil y muy rentable<\/li>\n<li>F\u00e1cil gesti\u00f3n de cables<\/li>\n<li>Soluciones de menuboard o videowall<\/li>\n<li>Instalaci\u00f3n de borde a borde<\/li>\n<li>Dise\u00f1ado para Samsung y LG<\/li>\n<li>Instalaci\u00f3n de retratos<\/li>\n<li>P\u00f3ngase en contacto con nosotros para obtener una soluci\u00f3n personalizada para cualquier proyecto espec\u00edfico<\/li>\n<\/ul>\n","protected":false},"featured_media":4120,"template":"","meta":[],"product_brand":[],"product_cat":[120,93],"product_tag":[],"class_list":{"0":"post-5835","1":"product","2":"type-product","3":"status-publish","4":"has-post-thumbnail","6":"product_cat-fila-de-video","7":"product_cat-pared","9":"first","10":"instock","11":"shipping-taxable","12":"product-type-simple"},"yoast_head":"<!-- This site is optimized with the Yoast SEO plugin v27.3 - https:\/\/yoast.com\/product\/yoast-seo-wordpress\/ -->\n<title>Retrato en v\u00eddeo - HI-ND<\/title>\n<meta name=\"description\" content=\"Una forma f\u00e1cil y muy rentable de construir un menuboard con varias pantallas seguidas. Tama\u00f1o de pantalla recomendado de 22\u2033 a 55\u2033.\" \/>\n<meta name=\"robots\" content=\"index, follow, max-snippet:-1, max-image-preview:large, max-video-preview:-1\" \/>\n<link rel=\"canonical\" href=\"https:\/\/hi-nd.com\/es\/producto\/retrato-en-video\/\" \/>\n<meta property=\"og:locale\" content=\"es_ES\" \/>\n<meta property=\"og:type\" content=\"article\" \/>\n<meta property=\"og:title\" content=\"Retrato en v\u00eddeo - HI-ND\" \/>\n<meta property=\"og:description\" content=\"Una forma f\u00e1cil y muy rentable de construir un menuboard con varias pantallas seguidas. Tama\u00f1o de pantalla recomendado de 22\u2033 a 55\u2033.\" \/>\n<meta property=\"og:url\" content=\"https:\/\/hi-nd.com\/es\/producto\/retrato-en-video\/\" \/>\n<meta property=\"og:site_name\" content=\"HI-ND\" \/>\n<meta property=\"article:modified_time\" content=\"2024-02-22T20:20:36+00:00\" \/>\n<meta property=\"og:image\" content=\"https:\/\/hi-nd.com\/wp-content\/uploads\/2022\/02\/VR43X5-5001-03.jpg\" \/>\n\t<meta property=\"og:image:width\" content=\"750\" \/>\n\t<meta property=\"og:image:height\" content=\"750\" \/>\n\t<meta property=\"og:image:type\" content=\"image\/jpeg\" \/>\n<meta name=\"twitter:card\" content=\"summary_large_image\" \/>\n<meta name=\"twitter:label1\" content=\"Tiempo de lectura\" \/>\n\t<meta name=\"twitter:data1\" content=\"1 minuto\" \/>\n<script type=\"application\/ld+json\" class=\"yoast-schema-graph\">{\"@context\":\"https:\\\/\\\/schema.org\",\"@graph\":[{\"@type\":\"WebPage\",\"@id\":\"https:\\\/\\\/hi-nd.com\\\/es\\\/producto\\\/retrato-en-video\\\/\",\"url\":\"https:\\\/\\\/hi-nd.com\\\/es\\\/producto\\\/retrato-en-video\\\/\",\"name\":\"Retrato en v\u00eddeo - HI-ND\",\"isPartOf\":{\"@id\":\"https:\\\/\\\/hi-nd.com\\\/#website\"},\"primaryImageOfPage\":{\"@id\":\"https:\\\/\\\/hi-nd.com\\\/es\\\/producto\\\/retrato-en-video\\\/#primaryimage\"},\"image\":{\"@id\":\"https:\\\/\\\/hi-nd.com\\\/es\\\/producto\\\/retrato-en-video\\\/#primaryimage\"},\"thumbnailUrl\":\"https:\\\/\\\/hi-nd.com\\\/wp-content\\\/uploads\\\/2022\\\/02\\\/VR43X5-5001-03.jpg\",\"datePublished\":\"2022-02-01T20:18:22+00:00\",\"dateModified\":\"2024-02-22T20:20:36+00:00\",\"description\":\"Una forma f\u00e1cil y muy rentable de construir un menuboard con varias pantallas seguidas. Tama\u00f1o de pantalla recomendado de 22\u2033 a 55\u2033.\",\"breadcrumb\":{\"@id\":\"https:\\\/\\\/hi-nd.com\\\/es\\\/producto\\\/retrato-en-video\\\/#breadcrumb\"},\"inLanguage\":\"es\",\"potentialAction\":[{\"@type\":\"ReadAction\",\"target\":[\"https:\\\/\\\/hi-nd.com\\\/es\\\/producto\\\/retrato-en-video\\\/\"]}]},{\"@type\":\"ImageObject\",\"inLanguage\":\"es\",\"@id\":\"https:\\\/\\\/hi-nd.com\\\/es\\\/producto\\\/retrato-en-video\\\/#primaryimage\",\"url\":\"https:\\\/\\\/hi-nd.com\\\/wp-content\\\/uploads\\\/2022\\\/02\\\/VR43X5-5001-03.jpg\",\"contentUrl\":\"https:\\\/\\\/hi-nd.com\\\/wp-content\\\/uploads\\\/2022\\\/02\\\/VR43X5-5001-03.jpg\",\"width\":750,\"height\":750},{\"@type\":\"BreadcrumbList\",\"@id\":\"https:\\\/\\\/hi-nd.com\\\/es\\\/producto\\\/retrato-en-video\\\/#breadcrumb\",\"itemListElement\":[{\"@type\":\"ListItem\",\"position\":1,\"name\":\"Home\",\"item\":\"https:\\\/\\\/hi-nd.com\\\/es\\\/\"},{\"@type\":\"ListItem\",\"position\":2,\"name\":\"Tienda\",\"item\":\"https:\\\/\\\/hi-nd.com\\\/es\\\/tienda\\\/\"},{\"@type\":\"ListItem\",\"position\":3,\"name\":\"Retrato en v\u00eddeo\"}]},{\"@type\":\"WebSite\",\"@id\":\"https:\\\/\\\/hi-nd.com\\\/#website\",\"url\":\"https:\\\/\\\/hi-nd.com\\\/\",\"name\":\"HI-ND\",\"description\":\"Mounting Solutions\",\"potentialAction\":[{\"@type\":\"SearchAction\",\"target\":{\"@type\":\"EntryPoint\",\"urlTemplate\":\"https:\\\/\\\/hi-nd.com\\\/?s={search_term_string}\"},\"query-input\":{\"@type\":\"PropertyValueSpecification\",\"valueRequired\":true,\"valueName\":\"search_term_string\"}}],\"inLanguage\":\"es\"}]}<\/script>\n<!-- \/ Yoast SEO plugin. -->","yoast_head_json":{"title":"Retrato en v\u00eddeo - HI-ND","description":"Una forma f\u00e1cil y muy rentable de construir un menuboard con varias pantallas seguidas. Tama\u00f1o de pantalla recomendado de 22\u2033 a 55\u2033.","robots":{"index":"index","follow":"follow","max-snippet":"max-snippet:-1","max-image-preview":"max-image-preview:large","max-video-preview":"max-video-preview:-1"},"canonical":"https:\/\/hi-nd.com\/es\/producto\/retrato-en-video\/","og_locale":"es_ES","og_type":"article","og_title":"Retrato en v\u00eddeo - HI-ND","og_description":"Una forma f\u00e1cil y muy rentable de construir un menuboard con varias pantallas seguidas. Tama\u00f1o de pantalla recomendado de 22\u2033 a 55\u2033.","og_url":"https:\/\/hi-nd.com\/es\/producto\/retrato-en-video\/","og_site_name":"HI-ND","article_modified_time":"2024-02-22T20:20:36+00:00","og_image":[{"width":750,"height":750,"url":"https:\/\/hi-nd.com\/wp-content\/uploads\/2022\/02\/VR43X5-5001-03.jpg","type":"image\/jpeg"}],"twitter_card":"summary_large_image","twitter_misc":{"Tiempo de lectura":"1 minuto"},"schema":{"@context":"https:\/\/schema.org","@graph":[{"@type":"WebPage","@id":"https:\/\/hi-nd.com\/es\/producto\/retrato-en-video\/","url":"https:\/\/hi-nd.com\/es\/producto\/retrato-en-video\/","name":"Retrato en v\u00eddeo - HI-ND","isPartOf":{"@id":"https:\/\/hi-nd.com\/#website"},"primaryImageOfPage":{"@id":"https:\/\/hi-nd.com\/es\/producto\/retrato-en-video\/#primaryimage"},"image":{"@id":"https:\/\/hi-nd.com\/es\/producto\/retrato-en-video\/#primaryimage"},"thumbnailUrl":"https:\/\/hi-nd.com\/wp-content\/uploads\/2022\/02\/VR43X5-5001-03.jpg","datePublished":"2022-02-01T20:18:22+00:00","dateModified":"2024-02-22T20:20:36+00:00","description":"Una forma f\u00e1cil y muy rentable de construir un menuboard con varias pantallas seguidas. Tama\u00f1o de pantalla recomendado de 22\u2033 a 55\u2033.","breadcrumb":{"@id":"https:\/\/hi-nd.com\/es\/producto\/retrato-en-video\/#breadcrumb"},"inLanguage":"es","potentialAction":[{"@type":"ReadAction","target":["https:\/\/hi-nd.com\/es\/producto\/retrato-en-video\/"]}]},{"@type":"ImageObject","inLanguage":"es","@id":"https:\/\/hi-nd.com\/es\/producto\/retrato-en-video\/#primaryimage","url":"https:\/\/hi-nd.com\/wp-content\/uploads\/2022\/02\/VR43X5-5001-03.jpg","contentUrl":"https:\/\/hi-nd.com\/wp-content\/uploads\/2022\/02\/VR43X5-5001-03.jpg","width":750,"height":750},{"@type":"BreadcrumbList","@id":"https:\/\/hi-nd.com\/es\/producto\/retrato-en-video\/#breadcrumb","itemListElement":[{"@type":"ListItem","position":1,"name":"Home","item":"https:\/\/hi-nd.com\/es\/"},{"@type":"ListItem","position":2,"name":"Tienda","item":"https:\/\/hi-nd.com\/es\/tienda\/"},{"@type":"ListItem","position":3,"name":"Retrato en v\u00eddeo"}]},{"@type":"WebSite","@id":"https:\/\/hi-nd.com\/#website","url":"https:\/\/hi-nd.com\/","name":"HI-ND","description":"Mounting Solutions","potentialAction":[{"@type":"SearchAction","target":{"@type":"EntryPoint","urlTemplate":"https:\/\/hi-nd.com\/?s={search_term_string}"},"query-input":{"@type":"PropertyValueSpecification","valueRequired":true,"valueName":"search_term_string"}}],"inLanguage":"es"}]}},"_links":{"self":[{"href":"https:\/\/hi-nd.com\/es\/wp-json\/wp\/v2\/product\/5835","targetHints":{"allow":["GET"]}}],"collection":[{"href":"https:\/\/hi-nd.com\/es\/wp-json\/wp\/v2\/product"}],"about":[{"href":"https:\/\/hi-nd.com\/es\/wp-json\/wp\/v2\/types\/product"}],"wp:featuredmedia":[{"embeddable":true,"href":"https:\/\/hi-nd.com\/es\/wp-json\/wp\/v2\/media\/4120"}],"wp:attachment":[{"href":"https:\/\/hi-nd.com\/es\/wp-json\/wp\/v2\/media?parent=5835"}],"wp:term":[{"taxonomy":"product_brand","embeddable":true,"href":"https:\/\/hi-nd.com\/es\/wp-json\/wp\/v2\/product_brand?post=5835"},{"taxonomy":"product_cat","embeddable":true,"href":"https:\/\/hi-nd.com\/es\/wp-json\/wp\/v2\/product_cat?post=5835"},{"taxonomy":"product_tag","embeddable":true,"href":"https:\/\/hi-nd.com\/es\/wp-json\/wp\/v2\/product_tag?post=5835"}],"curies":[{"name":"wp","href":"https:\/\/api.w.org\/{rel}","templated":true}]}}