{"id":5834,"date":"2022-01-20T23:09:11","date_gmt":"2022-01-20T22:09:11","guid":{"rendered":"https:\/\/hi-nd.com\/product\/revestimiento-de-pared-advert\/"},"modified":"2024-02-22T21:20:44","modified_gmt":"2024-02-22T20:20:44","slug":"revestimiento-de-pared-advert","status":"publish","type":"product","link":"https:\/\/hi-nd.com\/es\/producto\/revestimiento-de-pared-advert\/","title":{"rendered":"Revestimiento de pared ADVERT"},"content":{"rendered":"<p>&nbsp;<\/p>\n<table width=\"1234\">\n<tbody>\n<tr>\n<td width=\"103\">N\u00famero de pieza<\/td>\n<td width=\"638\"> Descripci\u00f3n<\/td>\n<td width=\"603\">Otros<\/td>\n<\/tr>\n<tr>\n<td>WC5512-5201<\/td>\n<td>  Revestimiento mural 55&#8243;, retrato, plexi con revestimiento duro e impresi\u00f3n digital<\/td>\n<td>La pantalla, el color, el material decorativo y el logotipo del cliente deben especificarse en cada pedido.<\/td>\n<\/tr>\n<tr>\n<td>WC6512-5201<\/td>\n<td>  Revestimiento mural 65&#8243;, retrato, plexi con revestimiento duro e impresi\u00f3n digital<\/td>\n<td>La pantalla, el color, el material decorativo y el logotipo del cliente deben especificarse en cada pedido.<\/td>\n<\/tr>\n<tr>\n<td>WC7512-5201<\/td>\n<td>  Revestimiento mural 75&#8243;, retrato, Vidrio templado con impresi\u00f3n digital<\/td>\n<td>La pantalla, el color, el material decorativo y el logotipo del cliente deben especificarse en cada pedido.<\/td>\n<\/tr>\n<tr>\n<td>WC5512-0101<\/td>\n<td>  Revestimiento mural 55&#8243;, apaisado, plexi con revestimiento duro e impresi\u00f3n digital<\/td>\n<td>La pantalla, el color, el material decorativo y el logotipo del cliente deben especificarse en cada pedido.<\/td>\n<\/tr>\n<tr>\n<td>WC6512-0101<\/td>\n<td>  Revestimiento mural 65&#8243;, apaisado, plexi con revestimiento duro e impresi\u00f3n digital<\/td>\n<td>La pantalla, el color, el material decorativo y el logotipo del cliente deben especificarse en cada pedido.<\/td>\n<\/tr>\n<tr>\n<td>WC8512-0101<\/td>\n<td>  Revestimiento mural 85&#8243;, apaisado, Vidrio templado con impresi\u00f3n digital<\/td>\n<td>La pantalla, el color, el material decorativo y el logotipo del cliente deben especificarse en cada pedido.<\/td>\n<\/tr>\n<\/tbody>\n<\/table>\n","protected":false},"excerpt":{"rendered":"<p>La carcasa mural ADvert est\u00e1 dise\u00f1ada con fines publicitarios. Existe la opci\u00f3n de utilizar un cristal endurecido o un plexi de revestimiento duro con impresi\u00f3n digital. El cristal puede utilizarse con el logotipo iluminado tanto debajo como encima de la pantalla. Los ventiladores se utilizan para la refrigeraci\u00f3n activa. Est\u00e1 dise\u00f1ado para a\u00f1adir f\u00e1cilmente nuevos colores y materiales con fines decorativos. Se suelen utilizar materiales como el lat\u00f3n y la madera. Dise\u00f1ado para su uso con Samsung QM55B, QMC y LG55UH5-F<\/p>\n","protected":false},"featured_media":3583,"template":"","meta":[],"product_brand":[],"product_cat":[94,93],"product_tag":[],"class_list":{"0":"post-5834","1":"product","2":"type-product","3":"status-publish","4":"has-post-thumbnail","6":"product_cat-carcasa-es","7":"product_cat-pared","9":"first","10":"instock","11":"shipping-taxable","12":"product-type-simple"},"yoast_head":"<!-- This site is optimized with the Yoast SEO plugin v27.3 - https:\/\/yoast.com\/product\/yoast-seo-wordpress\/ -->\n<title>Revestimiento de pared ADVERT - HI-ND<\/title>\n<meta name=\"description\" content=\"La carcasa mural ADvert est\u00e1 dise\u00f1ada con fines publicitarios. Opci\u00f3n de utilizar un cristal endurecido o plexigl\u00e1s de revestimiento duro con impresi\u00f3n digital.\" \/>\n<meta name=\"robots\" content=\"index, follow, max-snippet:-1, max-image-preview:large, max-video-preview:-1\" \/>\n<link rel=\"canonical\" href=\"https:\/\/hi-nd.com\/es\/producto\/revestimiento-de-pared-advert\/\" \/>\n<meta property=\"og:locale\" content=\"es_ES\" \/>\n<meta property=\"og:type\" content=\"article\" \/>\n<meta property=\"og:title\" content=\"Revestimiento de pared ADVERT - HI-ND\" \/>\n<meta property=\"og:description\" content=\"La carcasa mural ADvert est\u00e1 dise\u00f1ada con fines publicitarios. Opci\u00f3n de utilizar un cristal endurecido o plexigl\u00e1s de revestimiento duro con impresi\u00f3n digital.\" \/>\n<meta property=\"og:url\" content=\"https:\/\/hi-nd.com\/es\/producto\/revestimiento-de-pared-advert\/\" \/>\n<meta property=\"og:site_name\" content=\"HI-ND\" \/>\n<meta property=\"article:modified_time\" content=\"2024-02-22T20:20:44+00:00\" \/>\n<meta property=\"og:image\" content=\"https:\/\/hi-nd.com\/wp-content\/uploads\/2022\/01\/1_Wall-casing-Advert-750x750-1.png\" \/>\n\t<meta property=\"og:image:width\" content=\"750\" \/>\n\t<meta property=\"og:image:height\" content=\"750\" \/>\n\t<meta property=\"og:image:type\" content=\"image\/png\" \/>\n<meta name=\"twitter:card\" content=\"summary_large_image\" \/>\n<meta name=\"twitter:label1\" content=\"Tiempo de lectura\" \/>\n\t<meta name=\"twitter:data1\" content=\"1 minuto\" \/>\n<script type=\"application\/ld+json\" class=\"yoast-schema-graph\">{\"@context\":\"https:\\\/\\\/schema.org\",\"@graph\":[{\"@type\":\"WebPage\",\"@id\":\"https:\\\/\\\/hi-nd.com\\\/es\\\/producto\\\/revestimiento-de-pared-advert\\\/\",\"url\":\"https:\\\/\\\/hi-nd.com\\\/es\\\/producto\\\/revestimiento-de-pared-advert\\\/\",\"name\":\"Revestimiento de pared ADVERT - HI-ND\",\"isPartOf\":{\"@id\":\"https:\\\/\\\/hi-nd.com\\\/#website\"},\"primaryImageOfPage\":{\"@id\":\"https:\\\/\\\/hi-nd.com\\\/es\\\/producto\\\/revestimiento-de-pared-advert\\\/#primaryimage\"},\"image\":{\"@id\":\"https:\\\/\\\/hi-nd.com\\\/es\\\/producto\\\/revestimiento-de-pared-advert\\\/#primaryimage\"},\"thumbnailUrl\":\"https:\\\/\\\/hi-nd.com\\\/wp-content\\\/uploads\\\/2022\\\/01\\\/1_Wall-casing-Advert-750x750-1.png\",\"datePublished\":\"2022-01-20T22:09:11+00:00\",\"dateModified\":\"2024-02-22T20:20:44+00:00\",\"description\":\"La carcasa mural ADvert est\u00e1 dise\u00f1ada con fines publicitarios. Opci\u00f3n de utilizar un cristal endurecido o plexigl\u00e1s de revestimiento duro con impresi\u00f3n digital.\",\"breadcrumb\":{\"@id\":\"https:\\\/\\\/hi-nd.com\\\/es\\\/producto\\\/revestimiento-de-pared-advert\\\/#breadcrumb\"},\"inLanguage\":\"es\",\"potentialAction\":[{\"@type\":\"ReadAction\",\"target\":[\"https:\\\/\\\/hi-nd.com\\\/es\\\/producto\\\/revestimiento-de-pared-advert\\\/\"]}]},{\"@type\":\"ImageObject\",\"inLanguage\":\"es\",\"@id\":\"https:\\\/\\\/hi-nd.com\\\/es\\\/producto\\\/revestimiento-de-pared-advert\\\/#primaryimage\",\"url\":\"https:\\\/\\\/hi-nd.com\\\/wp-content\\\/uploads\\\/2022\\\/01\\\/1_Wall-casing-Advert-750x750-1.png\",\"contentUrl\":\"https:\\\/\\\/hi-nd.com\\\/wp-content\\\/uploads\\\/2022\\\/01\\\/1_Wall-casing-Advert-750x750-1.png\",\"width\":750,\"height\":750},{\"@type\":\"BreadcrumbList\",\"@id\":\"https:\\\/\\\/hi-nd.com\\\/es\\\/producto\\\/revestimiento-de-pared-advert\\\/#breadcrumb\",\"itemListElement\":[{\"@type\":\"ListItem\",\"position\":1,\"name\":\"Home\",\"item\":\"https:\\\/\\\/hi-nd.com\\\/es\\\/\"},{\"@type\":\"ListItem\",\"position\":2,\"name\":\"Tienda\",\"item\":\"https:\\\/\\\/hi-nd.com\\\/es\\\/tienda\\\/\"},{\"@type\":\"ListItem\",\"position\":3,\"name\":\"Revestimiento de pared ADVERT\"}]},{\"@type\":\"WebSite\",\"@id\":\"https:\\\/\\\/hi-nd.com\\\/#website\",\"url\":\"https:\\\/\\\/hi-nd.com\\\/\",\"name\":\"HI-ND\",\"description\":\"Mounting Solutions\",\"potentialAction\":[{\"@type\":\"SearchAction\",\"target\":{\"@type\":\"EntryPoint\",\"urlTemplate\":\"https:\\\/\\\/hi-nd.com\\\/?s={search_term_string}\"},\"query-input\":{\"@type\":\"PropertyValueSpecification\",\"valueRequired\":true,\"valueName\":\"search_term_string\"}}],\"inLanguage\":\"es\"}]}<\/script>\n<!-- \/ Yoast SEO plugin. -->","yoast_head_json":{"title":"Revestimiento de pared ADVERT - HI-ND","description":"La carcasa mural ADvert est\u00e1 dise\u00f1ada con fines publicitarios. Opci\u00f3n de utilizar un cristal endurecido o plexigl\u00e1s de revestimiento duro con impresi\u00f3n digital.","robots":{"index":"index","follow":"follow","max-snippet":"max-snippet:-1","max-image-preview":"max-image-preview:large","max-video-preview":"max-video-preview:-1"},"canonical":"https:\/\/hi-nd.com\/es\/producto\/revestimiento-de-pared-advert\/","og_locale":"es_ES","og_type":"article","og_title":"Revestimiento de pared ADVERT - HI-ND","og_description":"La carcasa mural ADvert est\u00e1 dise\u00f1ada con fines publicitarios. Opci\u00f3n de utilizar un cristal endurecido o plexigl\u00e1s de revestimiento duro con impresi\u00f3n digital.","og_url":"https:\/\/hi-nd.com\/es\/producto\/revestimiento-de-pared-advert\/","og_site_name":"HI-ND","article_modified_time":"2024-02-22T20:20:44+00:00","og_image":[{"width":750,"height":750,"url":"https:\/\/hi-nd.com\/wp-content\/uploads\/2022\/01\/1_Wall-casing-Advert-750x750-1.png","type":"image\/png"}],"twitter_card":"summary_large_image","twitter_misc":{"Tiempo de lectura":"1 minuto"},"schema":{"@context":"https:\/\/schema.org","@graph":[{"@type":"WebPage","@id":"https:\/\/hi-nd.com\/es\/producto\/revestimiento-de-pared-advert\/","url":"https:\/\/hi-nd.com\/es\/producto\/revestimiento-de-pared-advert\/","name":"Revestimiento de pared ADVERT - HI-ND","isPartOf":{"@id":"https:\/\/hi-nd.com\/#website"},"primaryImageOfPage":{"@id":"https:\/\/hi-nd.com\/es\/producto\/revestimiento-de-pared-advert\/#primaryimage"},"image":{"@id":"https:\/\/hi-nd.com\/es\/producto\/revestimiento-de-pared-advert\/#primaryimage"},"thumbnailUrl":"https:\/\/hi-nd.com\/wp-content\/uploads\/2022\/01\/1_Wall-casing-Advert-750x750-1.png","datePublished":"2022-01-20T22:09:11+00:00","dateModified":"2024-02-22T20:20:44+00:00","description":"La carcasa mural ADvert est\u00e1 dise\u00f1ada con fines publicitarios. Opci\u00f3n de utilizar un cristal endurecido o plexigl\u00e1s de revestimiento duro con impresi\u00f3n digital.","breadcrumb":{"@id":"https:\/\/hi-nd.com\/es\/producto\/revestimiento-de-pared-advert\/#breadcrumb"},"inLanguage":"es","potentialAction":[{"@type":"ReadAction","target":["https:\/\/hi-nd.com\/es\/producto\/revestimiento-de-pared-advert\/"]}]},{"@type":"ImageObject","inLanguage":"es","@id":"https:\/\/hi-nd.com\/es\/producto\/revestimiento-de-pared-advert\/#primaryimage","url":"https:\/\/hi-nd.com\/wp-content\/uploads\/2022\/01\/1_Wall-casing-Advert-750x750-1.png","contentUrl":"https:\/\/hi-nd.com\/wp-content\/uploads\/2022\/01\/1_Wall-casing-Advert-750x750-1.png","width":750,"height":750},{"@type":"BreadcrumbList","@id":"https:\/\/hi-nd.com\/es\/producto\/revestimiento-de-pared-advert\/#breadcrumb","itemListElement":[{"@type":"ListItem","position":1,"name":"Home","item":"https:\/\/hi-nd.com\/es\/"},{"@type":"ListItem","position":2,"name":"Tienda","item":"https:\/\/hi-nd.com\/es\/tienda\/"},{"@type":"ListItem","position":3,"name":"Revestimiento de pared ADVERT"}]},{"@type":"WebSite","@id":"https:\/\/hi-nd.com\/#website","url":"https:\/\/hi-nd.com\/","name":"HI-ND","description":"Mounting Solutions","potentialAction":[{"@type":"SearchAction","target":{"@type":"EntryPoint","urlTemplate":"https:\/\/hi-nd.com\/?s={search_term_string}"},"query-input":{"@type":"PropertyValueSpecification","valueRequired":true,"valueName":"search_term_string"}}],"inLanguage":"es"}]}},"_links":{"self":[{"href":"https:\/\/hi-nd.com\/es\/wp-json\/wp\/v2\/product\/5834","targetHints":{"allow":["GET"]}}],"collection":[{"href":"https:\/\/hi-nd.com\/es\/wp-json\/wp\/v2\/product"}],"about":[{"href":"https:\/\/hi-nd.com\/es\/wp-json\/wp\/v2\/types\/product"}],"wp:featuredmedia":[{"embeddable":true,"href":"https:\/\/hi-nd.com\/es\/wp-json\/wp\/v2\/media\/3583"}],"wp:attachment":[{"href":"https:\/\/hi-nd.com\/es\/wp-json\/wp\/v2\/media?parent=5834"}],"wp:term":[{"taxonomy":"product_brand","embeddable":true,"href":"https:\/\/hi-nd.com\/es\/wp-json\/wp\/v2\/product_brand?post=5834"},{"taxonomy":"product_cat","embeddable":true,"href":"https:\/\/hi-nd.com\/es\/wp-json\/wp\/v2\/product_cat?post=5834"},{"taxonomy":"product_tag","embeddable":true,"href":"https:\/\/hi-nd.com\/es\/wp-json\/wp\/v2\/product_tag?post=5834"}],"curies":[{"name":"wp","href":"https:\/\/api.w.org\/{rel}","templated":true}]}}