{"id":5822,"date":"2022-01-22T20:44:40","date_gmt":"2022-01-22T19:44:40","guid":{"rendered":"https:\/\/hi-nd.com\/product\/totem-tactil-individual-para-samsung-qm55b-t\/"},"modified":"2024-02-22T21:20:25","modified_gmt":"2024-02-22T20:20:25","slug":"totem-tactil-individual-para-samsung-qm55b-t","status":"publish","type":"product","link":"https:\/\/hi-nd.com\/es\/producto\/totem-tactil-individual-para-samsung-qm55b-t\/","title":{"rendered":"Totem t\u00e1ctil individual para Samsung QM55B-T"},"content":{"rendered":"<table width=\"736\">\n<tbody>\n<tr>\n<td width=\"144\">N\u00famero de pieza<\/td>\n<td width=\"472\">Descripci\u00f3n<\/td>\n<td width=\"120\">Color<\/td>\n<\/tr>\n<tr>\n<td>ST5551T-02<\/td>\n<td>T\u00f3tem t\u00e1ctil \u00fanico de 55&#8243;, vertical, Samsung QM55B-T<\/td>\n<td>Negro<\/td>\n<\/tr>\n<tr>\n<td>ST5551T-01<\/td>\n<td>T\u00f3tem t\u00e1ctil \u00fanico de 55&#8243;, vertical, Samsung QM55B-T<\/td>\n<td>Blanco<\/td>\n<\/tr>\n<\/tbody>\n<\/table>\n<p>&nbsp;<\/p>\n<p>&nbsp;<\/p>\n<p>&nbsp;<\/p>\n","protected":false},"excerpt":{"rendered":"<p>Nuestro t\u00f3tem t\u00e1ctil \u00fanico est\u00e1 dise\u00f1ado para Samsung QM55B-T. El producto est\u00e1 disponible en blanco y negro como colores est\u00e1ndar. Se pueden fabricar otros colores por encargo. Acceso para equipos externos por debajo de la pantalla. Las posibles aplicaciones son la navegaci\u00f3n por productos, la b\u00fasqueda de rutas y las presentaciones de empresa.<\/p>\n<ul>\n<li style=\"font-weight: 400;\">Samsung QM55B-T<\/li>\n<li style=\"font-weight: 400;\">Los colores est\u00e1ndar son el blanco y el negro<\/li>\n<li style=\"font-weight: 400;\">Se pueden fabricar colores personalizados bajo pedido<\/li>\n<li style=\"font-weight: 400;\">Espacio para router externo<\/li>\n<\/ul>\n","protected":false},"featured_media":4144,"template":"","meta":[],"product_brand":[],"product_cat":[15],"product_tag":[],"class_list":{"0":"post-5822","1":"product","2":"type-product","3":"status-publish","4":"has-post-thumbnail","6":"product_cat-floor","8":"first","9":"instock","10":"shipping-taxable","11":"product-type-external"},"yoast_head":"<!-- This site is optimized with the Yoast SEO plugin v27.4 - https:\/\/yoast.com\/product\/yoast-seo-wordpress\/ -->\n<title>Totem t\u00e1ctil individual para Samsung QM55B-T - HI-ND<\/title>\n<meta name=\"description\" content=\"Nuestro t\u00f3tem t\u00e1ctil \u00fanico est\u00e1 dise\u00f1ado para Samsung QM55R-T. Las posibles aplicaciones son la navegaci\u00f3n por productos, la b\u00fasqueda de rutas y las presentaciones de empresa.\" \/>\n<meta name=\"robots\" content=\"index, follow, max-snippet:-1, max-image-preview:large, max-video-preview:-1\" \/>\n<link rel=\"canonical\" href=\"https:\/\/hi-nd.com\/es\/producto\/totem-tactil-individual-para-samsung-qm55b-t\/\" \/>\n<meta property=\"og:locale\" content=\"es_ES\" \/>\n<meta property=\"og:type\" content=\"article\" \/>\n<meta property=\"og:title\" content=\"Totem t\u00e1ctil individual para Samsung QM55B-T - HI-ND\" \/>\n<meta property=\"og:description\" content=\"Nuestro t\u00f3tem t\u00e1ctil \u00fanico est\u00e1 dise\u00f1ado para Samsung QM55R-T. Las posibles aplicaciones son la navegaci\u00f3n por productos, la b\u00fasqueda de rutas y las presentaciones de empresa.\" \/>\n<meta property=\"og:url\" content=\"https:\/\/hi-nd.com\/es\/producto\/totem-tactil-individual-para-samsung-qm55b-t\/\" \/>\n<meta property=\"og:site_name\" content=\"HI-ND\" \/>\n<meta property=\"article:modified_time\" content=\"2024-02-22T20:20:25+00:00\" \/>\n<meta property=\"og:image\" content=\"https:\/\/hi-nd.com\/wp-content\/uploads\/2022\/01\/single-totem-touch.png\" \/>\n\t<meta property=\"og:image:width\" content=\"750\" \/>\n\t<meta property=\"og:image:height\" content=\"750\" \/>\n\t<meta property=\"og:image:type\" content=\"image\/png\" \/>\n<meta name=\"twitter:card\" content=\"summary_large_image\" \/>\n<script type=\"application\/ld+json\" class=\"yoast-schema-graph\">{\"@context\":\"https:\\\/\\\/schema.org\",\"@graph\":[{\"@type\":\"WebPage\",\"@id\":\"https:\\\/\\\/hi-nd.com\\\/es\\\/producto\\\/totem-tactil-individual-para-samsung-qm55b-t\\\/\",\"url\":\"https:\\\/\\\/hi-nd.com\\\/es\\\/producto\\\/totem-tactil-individual-para-samsung-qm55b-t\\\/\",\"name\":\"Totem t\u00e1ctil individual para Samsung QM55B-T - HI-ND\",\"isPartOf\":{\"@id\":\"https:\\\/\\\/hi-nd.com\\\/es\\\/#website\"},\"primaryImageOfPage\":{\"@id\":\"https:\\\/\\\/hi-nd.com\\\/es\\\/producto\\\/totem-tactil-individual-para-samsung-qm55b-t\\\/#primaryimage\"},\"image\":{\"@id\":\"https:\\\/\\\/hi-nd.com\\\/es\\\/producto\\\/totem-tactil-individual-para-samsung-qm55b-t\\\/#primaryimage\"},\"thumbnailUrl\":\"https:\\\/\\\/hi-nd.com\\\/wp-content\\\/uploads\\\/2022\\\/01\\\/single-totem-touch.png\",\"datePublished\":\"2022-01-22T19:44:40+00:00\",\"dateModified\":\"2024-02-22T20:20:25+00:00\",\"description\":\"Nuestro t\u00f3tem t\u00e1ctil \u00fanico est\u00e1 dise\u00f1ado para Samsung QM55R-T. Las posibles aplicaciones son la navegaci\u00f3n por productos, la b\u00fasqueda de rutas y las presentaciones de empresa.\",\"breadcrumb\":{\"@id\":\"https:\\\/\\\/hi-nd.com\\\/es\\\/producto\\\/totem-tactil-individual-para-samsung-qm55b-t\\\/#breadcrumb\"},\"inLanguage\":\"es\",\"potentialAction\":[{\"@type\":\"ReadAction\",\"target\":[\"https:\\\/\\\/hi-nd.com\\\/es\\\/producto\\\/totem-tactil-individual-para-samsung-qm55b-t\\\/\"]}]},{\"@type\":\"ImageObject\",\"inLanguage\":\"es\",\"@id\":\"https:\\\/\\\/hi-nd.com\\\/es\\\/producto\\\/totem-tactil-individual-para-samsung-qm55b-t\\\/#primaryimage\",\"url\":\"https:\\\/\\\/hi-nd.com\\\/wp-content\\\/uploads\\\/2022\\\/01\\\/single-totem-touch.png\",\"contentUrl\":\"https:\\\/\\\/hi-nd.com\\\/wp-content\\\/uploads\\\/2022\\\/01\\\/single-totem-touch.png\",\"width\":750,\"height\":750},{\"@type\":\"BreadcrumbList\",\"@id\":\"https:\\\/\\\/hi-nd.com\\\/es\\\/producto\\\/totem-tactil-individual-para-samsung-qm55b-t\\\/#breadcrumb\",\"itemListElement\":[{\"@type\":\"ListItem\",\"position\":1,\"name\":\"Home\",\"item\":\"https:\\\/\\\/hi-nd.com\\\/es\\\/\"},{\"@type\":\"ListItem\",\"position\":2,\"name\":\"Tienda\",\"item\":\"https:\\\/\\\/hi-nd.com\\\/es\\\/tienda\\\/\"},{\"@type\":\"ListItem\",\"position\":3,\"name\":\"Totem t\u00e1ctil individual para Samsung QM55B-T\"}]},{\"@type\":\"WebSite\",\"@id\":\"https:\\\/\\\/hi-nd.com\\\/es\\\/#website\",\"url\":\"https:\\\/\\\/hi-nd.com\\\/es\\\/\",\"name\":\"HI-ND\",\"description\":\"Mounting Solutions\",\"potentialAction\":[{\"@type\":\"SearchAction\",\"target\":{\"@type\":\"EntryPoint\",\"urlTemplate\":\"https:\\\/\\\/hi-nd.com\\\/es\\\/?s={search_term_string}\"},\"query-input\":{\"@type\":\"PropertyValueSpecification\",\"valueRequired\":true,\"valueName\":\"search_term_string\"}}],\"inLanguage\":\"es\"}]}<\/script>\n<!-- \/ Yoast SEO plugin. -->","yoast_head_json":{"title":"Totem t\u00e1ctil individual para Samsung QM55B-T - HI-ND","description":"Nuestro t\u00f3tem t\u00e1ctil \u00fanico est\u00e1 dise\u00f1ado para Samsung QM55R-T. Las posibles aplicaciones son la navegaci\u00f3n por productos, la b\u00fasqueda de rutas y las presentaciones de empresa.","robots":{"index":"index","follow":"follow","max-snippet":"max-snippet:-1","max-image-preview":"max-image-preview:large","max-video-preview":"max-video-preview:-1"},"canonical":"https:\/\/hi-nd.com\/es\/producto\/totem-tactil-individual-para-samsung-qm55b-t\/","og_locale":"es_ES","og_type":"article","og_title":"Totem t\u00e1ctil individual para Samsung QM55B-T - HI-ND","og_description":"Nuestro t\u00f3tem t\u00e1ctil \u00fanico est\u00e1 dise\u00f1ado para Samsung QM55R-T. Las posibles aplicaciones son la navegaci\u00f3n por productos, la b\u00fasqueda de rutas y las presentaciones de empresa.","og_url":"https:\/\/hi-nd.com\/es\/producto\/totem-tactil-individual-para-samsung-qm55b-t\/","og_site_name":"HI-ND","article_modified_time":"2024-02-22T20:20:25+00:00","og_image":[{"width":750,"height":750,"url":"https:\/\/hi-nd.com\/wp-content\/uploads\/2022\/01\/single-totem-touch.png","type":"image\/png"}],"twitter_card":"summary_large_image","schema":{"@context":"https:\/\/schema.org","@graph":[{"@type":"WebPage","@id":"https:\/\/hi-nd.com\/es\/producto\/totem-tactil-individual-para-samsung-qm55b-t\/","url":"https:\/\/hi-nd.com\/es\/producto\/totem-tactil-individual-para-samsung-qm55b-t\/","name":"Totem t\u00e1ctil individual para Samsung QM55B-T - HI-ND","isPartOf":{"@id":"https:\/\/hi-nd.com\/es\/#website"},"primaryImageOfPage":{"@id":"https:\/\/hi-nd.com\/es\/producto\/totem-tactil-individual-para-samsung-qm55b-t\/#primaryimage"},"image":{"@id":"https:\/\/hi-nd.com\/es\/producto\/totem-tactil-individual-para-samsung-qm55b-t\/#primaryimage"},"thumbnailUrl":"https:\/\/hi-nd.com\/wp-content\/uploads\/2022\/01\/single-totem-touch.png","datePublished":"2022-01-22T19:44:40+00:00","dateModified":"2024-02-22T20:20:25+00:00","description":"Nuestro t\u00f3tem t\u00e1ctil \u00fanico est\u00e1 dise\u00f1ado para Samsung QM55R-T. Las posibles aplicaciones son la navegaci\u00f3n por productos, la b\u00fasqueda de rutas y las presentaciones de empresa.","breadcrumb":{"@id":"https:\/\/hi-nd.com\/es\/producto\/totem-tactil-individual-para-samsung-qm55b-t\/#breadcrumb"},"inLanguage":"es","potentialAction":[{"@type":"ReadAction","target":["https:\/\/hi-nd.com\/es\/producto\/totem-tactil-individual-para-samsung-qm55b-t\/"]}]},{"@type":"ImageObject","inLanguage":"es","@id":"https:\/\/hi-nd.com\/es\/producto\/totem-tactil-individual-para-samsung-qm55b-t\/#primaryimage","url":"https:\/\/hi-nd.com\/wp-content\/uploads\/2022\/01\/single-totem-touch.png","contentUrl":"https:\/\/hi-nd.com\/wp-content\/uploads\/2022\/01\/single-totem-touch.png","width":750,"height":750},{"@type":"BreadcrumbList","@id":"https:\/\/hi-nd.com\/es\/producto\/totem-tactil-individual-para-samsung-qm55b-t\/#breadcrumb","itemListElement":[{"@type":"ListItem","position":1,"name":"Home","item":"https:\/\/hi-nd.com\/es\/"},{"@type":"ListItem","position":2,"name":"Tienda","item":"https:\/\/hi-nd.com\/es\/tienda\/"},{"@type":"ListItem","position":3,"name":"Totem t\u00e1ctil individual para Samsung QM55B-T"}]},{"@type":"WebSite","@id":"https:\/\/hi-nd.com\/es\/#website","url":"https:\/\/hi-nd.com\/es\/","name":"HI-ND","description":"Mounting Solutions","potentialAction":[{"@type":"SearchAction","target":{"@type":"EntryPoint","urlTemplate":"https:\/\/hi-nd.com\/es\/?s={search_term_string}"},"query-input":{"@type":"PropertyValueSpecification","valueRequired":true,"valueName":"search_term_string"}}],"inLanguage":"es"}]}},"_links":{"self":[{"href":"https:\/\/hi-nd.com\/es\/wp-json\/wp\/v2\/product\/5822","targetHints":{"allow":["GET"]}}],"collection":[{"href":"https:\/\/hi-nd.com\/es\/wp-json\/wp\/v2\/product"}],"about":[{"href":"https:\/\/hi-nd.com\/es\/wp-json\/wp\/v2\/types\/product"}],"wp:featuredmedia":[{"embeddable":true,"href":"https:\/\/hi-nd.com\/es\/wp-json\/wp\/v2\/media\/4144"}],"wp:attachment":[{"href":"https:\/\/hi-nd.com\/es\/wp-json\/wp\/v2\/media?parent=5822"}],"wp:term":[{"taxonomy":"product_brand","embeddable":true,"href":"https:\/\/hi-nd.com\/es\/wp-json\/wp\/v2\/product_brand?post=5822"},{"taxonomy":"product_cat","embeddable":true,"href":"https:\/\/hi-nd.com\/es\/wp-json\/wp\/v2\/product_cat?post=5822"},{"taxonomy":"product_tag","embeddable":true,"href":"https:\/\/hi-nd.com\/es\/wp-json\/wp\/v2\/product_tag?post=5822"}],"curies":[{"name":"wp","href":"https:\/\/api.w.org\/{rel}","templated":true}]}}