{"id":5821,"date":"2022-01-20T17:38:50","date_gmt":"2022-01-20T16:38:50","guid":{"rendered":"https:\/\/hi-nd.com\/product\/totem-de-doble-cara\/"},"modified":"2024-05-24T14:17:58","modified_gmt":"2024-05-24T12:17:58","slug":"totem-de-doble-cara","status":"publish","type":"product","link":"https:\/\/hi-nd.com\/es\/producto\/totem-de-doble-cara\/","title":{"rendered":"T\u00f3tem de doble cara"},"content":{"rendered":"","protected":false},"excerpt":{"rendered":"<p>Nuestro \u00faltimo t\u00f3tem interior de doble cara. Dise\u00f1ado para la publicidad en centros comerciales. El t\u00f3tem puede personalizarse para reflejar la imagen de marca del cliente con el logotipo impreso en el cristal. La puerta de acceso frontal tiene una decoraci\u00f3n de madera, pero tambi\u00e9n puede encargarse en otros materiales.<\/p>\n<ul>\n<li>Puerta de acceso frontal con decoraci\u00f3n arbolada<\/li>\n<li>Dise\u00f1ado para monitores de 55&#8243;, 65&#8243; y 75&#8243; de LG y Samsung<\/li>\n<li>Acceso a las pantallas desde la parte delantera<\/li>\n<li>Espacio extra para ordenador externo y router en el interior<\/li>\n<\/ul>\n","protected":false},"featured_media":7879,"template":"","meta":[],"product_brand":[],"product_cat":[71,74],"product_tag":[],"class_list":{"0":"post-5821","1":"product","2":"type-product","3":"status-publish","4":"has-post-thumbnail","6":"product_cat-piso","7":"product_cat-totem-es","9":"first","10":"instock","11":"shipping-taxable","12":"product-type-simple"},"yoast_head":"<!-- This site is optimized with the Yoast SEO plugin v27.3 - https:\/\/yoast.com\/product\/yoast-seo-wordpress\/ -->\n<title>T\u00f3tem de doble cara - HI-ND<\/title>\n<meta name=\"description\" content=\"El t\u00f3tem HI-ND de doble cara para interiores est\u00e1 dise\u00f1ado para la publicidad en centros comerciales. Se puede personalizar con un color y un logotipo exclusivos.\" \/>\n<meta name=\"robots\" content=\"index, follow, max-snippet:-1, max-image-preview:large, max-video-preview:-1\" \/>\n<link rel=\"canonical\" href=\"https:\/\/hi-nd.com\/es\/producto\/totem-de-doble-cara\/\" \/>\n<meta property=\"og:locale\" content=\"es_ES\" \/>\n<meta property=\"og:type\" content=\"article\" \/>\n<meta property=\"og:title\" content=\"T\u00f3tem de doble cara - HI-ND\" \/>\n<meta property=\"og:description\" content=\"El t\u00f3tem HI-ND de doble cara para interiores est\u00e1 dise\u00f1ado para la publicidad en centros comerciales. Se puede personalizar con un color y un logotipo exclusivos.\" \/>\n<meta property=\"og:url\" content=\"https:\/\/hi-nd.com\/es\/producto\/totem-de-doble-cara\/\" \/>\n<meta property=\"og:site_name\" content=\"HI-ND\" \/>\n<meta property=\"article:modified_time\" content=\"2024-05-24T12:17:58+00:00\" \/>\n<meta property=\"og:image\" content=\"https:\/\/hi-nd.com\/wp-content\/uploads\/2022\/01\/DT6500-07-png.png\" \/>\n\t<meta property=\"og:image:width\" content=\"750\" \/>\n\t<meta property=\"og:image:height\" content=\"750\" \/>\n\t<meta property=\"og:image:type\" content=\"image\/png\" \/>\n<meta name=\"twitter:card\" content=\"summary_large_image\" \/>\n<script type=\"application\/ld+json\" class=\"yoast-schema-graph\">{\"@context\":\"https:\\\/\\\/schema.org\",\"@graph\":[{\"@type\":\"WebPage\",\"@id\":\"https:\\\/\\\/hi-nd.com\\\/es\\\/producto\\\/totem-de-doble-cara\\\/\",\"url\":\"https:\\\/\\\/hi-nd.com\\\/es\\\/producto\\\/totem-de-doble-cara\\\/\",\"name\":\"T\u00f3tem de doble cara - HI-ND\",\"isPartOf\":{\"@id\":\"https:\\\/\\\/hi-nd.com\\\/#website\"},\"primaryImageOfPage\":{\"@id\":\"https:\\\/\\\/hi-nd.com\\\/es\\\/producto\\\/totem-de-doble-cara\\\/#primaryimage\"},\"image\":{\"@id\":\"https:\\\/\\\/hi-nd.com\\\/es\\\/producto\\\/totem-de-doble-cara\\\/#primaryimage\"},\"thumbnailUrl\":\"https:\\\/\\\/hi-nd.com\\\/wp-content\\\/uploads\\\/2022\\\/01\\\/DT6500-07-png.png\",\"datePublished\":\"2022-01-20T16:38:50+00:00\",\"dateModified\":\"2024-05-24T12:17:58+00:00\",\"description\":\"El t\u00f3tem HI-ND de doble cara para interiores est\u00e1 dise\u00f1ado para la publicidad en centros comerciales. Se puede personalizar con un color y un logotipo exclusivos.\",\"breadcrumb\":{\"@id\":\"https:\\\/\\\/hi-nd.com\\\/es\\\/producto\\\/totem-de-doble-cara\\\/#breadcrumb\"},\"inLanguage\":\"es\",\"potentialAction\":[{\"@type\":\"ReadAction\",\"target\":[\"https:\\\/\\\/hi-nd.com\\\/es\\\/producto\\\/totem-de-doble-cara\\\/\"]}]},{\"@type\":\"ImageObject\",\"inLanguage\":\"es\",\"@id\":\"https:\\\/\\\/hi-nd.com\\\/es\\\/producto\\\/totem-de-doble-cara\\\/#primaryimage\",\"url\":\"https:\\\/\\\/hi-nd.com\\\/wp-content\\\/uploads\\\/2022\\\/01\\\/DT6500-07-png.png\",\"contentUrl\":\"https:\\\/\\\/hi-nd.com\\\/wp-content\\\/uploads\\\/2022\\\/01\\\/DT6500-07-png.png\",\"width\":750,\"height\":750,\"caption\":\"Dual sided totem\"},{\"@type\":\"BreadcrumbList\",\"@id\":\"https:\\\/\\\/hi-nd.com\\\/es\\\/producto\\\/totem-de-doble-cara\\\/#breadcrumb\",\"itemListElement\":[{\"@type\":\"ListItem\",\"position\":1,\"name\":\"Home\",\"item\":\"https:\\\/\\\/hi-nd.com\\\/es\\\/\"},{\"@type\":\"ListItem\",\"position\":2,\"name\":\"Tienda\",\"item\":\"https:\\\/\\\/hi-nd.com\\\/es\\\/tienda\\\/\"},{\"@type\":\"ListItem\",\"position\":3,\"name\":\"T\u00f3tem de doble cara\"}]},{\"@type\":\"WebSite\",\"@id\":\"https:\\\/\\\/hi-nd.com\\\/#website\",\"url\":\"https:\\\/\\\/hi-nd.com\\\/\",\"name\":\"HI-ND\",\"description\":\"Mounting Solutions\",\"potentialAction\":[{\"@type\":\"SearchAction\",\"target\":{\"@type\":\"EntryPoint\",\"urlTemplate\":\"https:\\\/\\\/hi-nd.com\\\/?s={search_term_string}\"},\"query-input\":{\"@type\":\"PropertyValueSpecification\",\"valueRequired\":true,\"valueName\":\"search_term_string\"}}],\"inLanguage\":\"es\"}]}<\/script>\n<!-- \/ Yoast SEO plugin. -->","yoast_head_json":{"title":"T\u00f3tem de doble cara - HI-ND","description":"El t\u00f3tem HI-ND de doble cara para interiores est\u00e1 dise\u00f1ado para la publicidad en centros comerciales. Se puede personalizar con un color y un logotipo exclusivos.","robots":{"index":"index","follow":"follow","max-snippet":"max-snippet:-1","max-image-preview":"max-image-preview:large","max-video-preview":"max-video-preview:-1"},"canonical":"https:\/\/hi-nd.com\/es\/producto\/totem-de-doble-cara\/","og_locale":"es_ES","og_type":"article","og_title":"T\u00f3tem de doble cara - HI-ND","og_description":"El t\u00f3tem HI-ND de doble cara para interiores est\u00e1 dise\u00f1ado para la publicidad en centros comerciales. Se puede personalizar con un color y un logotipo exclusivos.","og_url":"https:\/\/hi-nd.com\/es\/producto\/totem-de-doble-cara\/","og_site_name":"HI-ND","article_modified_time":"2024-05-24T12:17:58+00:00","og_image":[{"width":750,"height":750,"url":"https:\/\/hi-nd.com\/wp-content\/uploads\/2022\/01\/DT6500-07-png.png","type":"image\/png"}],"twitter_card":"summary_large_image","schema":{"@context":"https:\/\/schema.org","@graph":[{"@type":"WebPage","@id":"https:\/\/hi-nd.com\/es\/producto\/totem-de-doble-cara\/","url":"https:\/\/hi-nd.com\/es\/producto\/totem-de-doble-cara\/","name":"T\u00f3tem de doble cara - HI-ND","isPartOf":{"@id":"https:\/\/hi-nd.com\/#website"},"primaryImageOfPage":{"@id":"https:\/\/hi-nd.com\/es\/producto\/totem-de-doble-cara\/#primaryimage"},"image":{"@id":"https:\/\/hi-nd.com\/es\/producto\/totem-de-doble-cara\/#primaryimage"},"thumbnailUrl":"https:\/\/hi-nd.com\/wp-content\/uploads\/2022\/01\/DT6500-07-png.png","datePublished":"2022-01-20T16:38:50+00:00","dateModified":"2024-05-24T12:17:58+00:00","description":"El t\u00f3tem HI-ND de doble cara para interiores est\u00e1 dise\u00f1ado para la publicidad en centros comerciales. Se puede personalizar con un color y un logotipo exclusivos.","breadcrumb":{"@id":"https:\/\/hi-nd.com\/es\/producto\/totem-de-doble-cara\/#breadcrumb"},"inLanguage":"es","potentialAction":[{"@type":"ReadAction","target":["https:\/\/hi-nd.com\/es\/producto\/totem-de-doble-cara\/"]}]},{"@type":"ImageObject","inLanguage":"es","@id":"https:\/\/hi-nd.com\/es\/producto\/totem-de-doble-cara\/#primaryimage","url":"https:\/\/hi-nd.com\/wp-content\/uploads\/2022\/01\/DT6500-07-png.png","contentUrl":"https:\/\/hi-nd.com\/wp-content\/uploads\/2022\/01\/DT6500-07-png.png","width":750,"height":750,"caption":"Dual sided totem"},{"@type":"BreadcrumbList","@id":"https:\/\/hi-nd.com\/es\/producto\/totem-de-doble-cara\/#breadcrumb","itemListElement":[{"@type":"ListItem","position":1,"name":"Home","item":"https:\/\/hi-nd.com\/es\/"},{"@type":"ListItem","position":2,"name":"Tienda","item":"https:\/\/hi-nd.com\/es\/tienda\/"},{"@type":"ListItem","position":3,"name":"T\u00f3tem de doble cara"}]},{"@type":"WebSite","@id":"https:\/\/hi-nd.com\/#website","url":"https:\/\/hi-nd.com\/","name":"HI-ND","description":"Mounting Solutions","potentialAction":[{"@type":"SearchAction","target":{"@type":"EntryPoint","urlTemplate":"https:\/\/hi-nd.com\/?s={search_term_string}"},"query-input":{"@type":"PropertyValueSpecification","valueRequired":true,"valueName":"search_term_string"}}],"inLanguage":"es"}]}},"_links":{"self":[{"href":"https:\/\/hi-nd.com\/es\/wp-json\/wp\/v2\/product\/5821","targetHints":{"allow":["GET"]}}],"collection":[{"href":"https:\/\/hi-nd.com\/es\/wp-json\/wp\/v2\/product"}],"about":[{"href":"https:\/\/hi-nd.com\/es\/wp-json\/wp\/v2\/types\/product"}],"wp:featuredmedia":[{"embeddable":true,"href":"https:\/\/hi-nd.com\/es\/wp-json\/wp\/v2\/media\/7879"}],"wp:attachment":[{"href":"https:\/\/hi-nd.com\/es\/wp-json\/wp\/v2\/media?parent=5821"}],"wp:term":[{"taxonomy":"product_brand","embeddable":true,"href":"https:\/\/hi-nd.com\/es\/wp-json\/wp\/v2\/product_brand?post=5821"},{"taxonomy":"product_cat","embeddable":true,"href":"https:\/\/hi-nd.com\/es\/wp-json\/wp\/v2\/product_cat?post=5821"},{"taxonomy":"product_tag","embeddable":true,"href":"https:\/\/hi-nd.com\/es\/wp-json\/wp\/v2\/product_tag?post=5821"}],"curies":[{"name":"wp","href":"https:\/\/api.w.org\/{rel}","templated":true}]}}