{"id":5819,"date":"2022-01-20T17:09:52","date_gmt":"2022-01-20T16:09:52","guid":{"rendered":"https:\/\/hi-nd.com\/product\/cristal-de-pie-con-carcasa\/"},"modified":"2024-04-17T11:52:39","modified_gmt":"2024-04-17T09:52:39","slug":"cristal-de-pie-con-carcasa","status":"publish","type":"product","link":"https:\/\/hi-nd.com\/es\/producto\/cristal-de-pie-con-carcasa\/","title":{"rendered":"Cristal de pie con carcasa"},"content":{"rendered":"<table width=\"855\">\n<tbody>\n<tr>\n<td width=\"130\"> N\u00famero de pieza<\/td>\n<td width=\"600\"> Descripci\u00f3n<\/td>\n<td width=\"60\"> Color<\/td>\n<\/tr>\n<tr>\n<td>  FS4300-5001-01<\/td>\n<td>  Portarretrato de cristal de pie con carcasa, Altura regulable 40 cm, Samsung QMC, LG UH + UM<\/td>\n<td> Blanco<\/td>\n<\/tr>\n<tr>\n<td>  FS4300-5001-02<\/td>\n<td>  Portarretrato de cristal de pie con carcasa, Altura regulable 40 cm, Samsung QMC, LG UH + UM<\/td>\n<td> Negro<\/td>\n<\/tr>\n<tr>\n<td>  FS4615-5001-01<\/td>\n<td>  Portarretrato de cristal de pie con carcasa, Altura regulable 40 cm, Samsung OM46B<\/td>\n<td> Blanco<\/td>\n<\/tr>\n<tr>\n<td>  FS4615-5001-02<\/td>\n<td>  Portarretrato de cristal de pie con carcasa, Altura regulable 40 cm, Samsung OM46B<\/td>\n<td> Negro<\/td>\n<\/tr>\n<tr>\n<td>  FS4922-5001-01<\/td>\n<td>  Portarretrato de cristal de pie con carcasa, Altura regulable 40 cm, serie LG UH + UM<\/td>\n<td> Blanco<\/td>\n<\/tr>\n<tr>\n<td>  FS4922-5001-02<\/td>\n<td>  Portarretrato de cristal de pie con carcasa, Altura regulable 40 cm, serie LG UH + UM<\/td>\n<td> Negro<\/td>\n<\/tr>\n<tr>\n<td>  FS5012-5101-01<\/td>\n<td>  Portarretrato de cristal de pie con carcasa, Altura regulable 40 cm, Samsung QMC<\/td>\n<td> Blanco<\/td>\n<\/tr>\n<tr>\n<td>  FS5012-5101-02<\/td>\n<td>  Portarretrato de cristal de pie con carcasa, Altura regulable 40 cm, Samsung QMC<\/td>\n<td> Negro<\/td>\n<\/tr>\n<tr>\n<td>  FS5512-5001-01<\/td>\n<td>  Soporte de suelo de cristal retrato con carcasa, Samsung 55&#8243; serie OM\/QM\/QB\/QC\/QH<\/td>\n<td> Blanco<\/td>\n<\/tr>\n<tr>\n<td>  FS5512-5001-02<\/td>\n<td>  Soporte de suelo de cristal retrato con carcasa, Samsung 55&#8243; serie OM\/QM\/QB\/QC\/QH<\/td>\n<td> Negro<\/td>\n<\/tr>\n<tr>\n<td>FS5525-5001-01<\/td>\n<td>  Portarretrato de cristal de pie con carcasa, LG 55 XS2\/XS4<\/td>\n<td> Blanco<\/td>\n<\/tr>\n<tr>\n<td>  FS5525-5001-02<\/td>\n<td>  Portarretrato de cristal de pie con carcasa, LG 55 XS2\/XS4<\/td>\n<td> Negro<\/td>\n<\/tr>\n<\/tbody>\n<\/table>\n","protected":false},"excerpt":{"rendered":"<p><strong>Cree un look exclusivo<\/strong><\/p>\n<p>Nuestra carcasa de cristal para pie ha sido dise\u00f1ada para ofrecer diferentes opciones de carcasa. Utilizamos un cristal impreso en el pilar situado debajo de la pantalla. Esta caracter\u00edstica da una sensaci\u00f3n de exclusividad. Perfecto en espacios p\u00fablicos y escaparates de tiendas. S\u00f3lo est\u00e1 disponible el modo retrato. Ahora tambi\u00e9n ofrecemos un <a href=\"https:\/\/hi-nd.com\/product\/floorstand-glass-casing\/\">soporte de suelo ajustable<\/a>. La altura ajustable es de 40 cm. <a href=\"https:\/\/hi-nd.com\/product\/floorstand-glass-casing\/\">Lee m\u00e1s aqu\u00ed<\/a>.<\/p>\n<ul>\n<li>Colores blanco y negro de serie<\/li>\n<li>Cristal impreso como frente de columna debajo de la pantalla<\/li>\n<li>Estante dentro del pilar para reproductor multimedia externo<\/li>\n<li>Logotipo impreso en el cristal frontal como opci\u00f3n<\/li>\n<li>Opci\u00f3n con protecci\u00f3n de policarbonato delante de la pantalla<\/li>\n<\/ul>\n","protected":false},"featured_media":3916,"template":"","meta":[],"product_brand":[],"product_cat":[71,113],"product_tag":[],"class_list":{"0":"post-5819","1":"product","2":"type-product","3":"status-publish","4":"has-post-thumbnail","6":"product_cat-piso","7":"product_cat-soporte-de-suelo","9":"first","10":"instock","11":"shipping-taxable","12":"product-type-simple"},"yoast_head":"<!-- This site is optimized with the Yoast SEO plugin v27.3 - https:\/\/yoast.com\/product\/yoast-seo-wordpress\/ -->\n<title>Cristal de pie con carcasa - HI-ND<\/title>\n<meta name=\"description\" content=\"La carcasa de cristal para pie HI-ND se ha dise\u00f1ado para ofrecer diferentes opciones de carcasa. Es perfecto en espacios p\u00fablicos y escaparates de tiendas.\" \/>\n<meta name=\"robots\" content=\"index, follow, max-snippet:-1, max-image-preview:large, max-video-preview:-1\" \/>\n<link rel=\"canonical\" href=\"https:\/\/hi-nd.com\/es\/producto\/cristal-de-pie-con-carcasa\/\" \/>\n<meta property=\"og:locale\" content=\"es_ES\" \/>\n<meta property=\"og:type\" content=\"article\" \/>\n<meta property=\"og:title\" content=\"Cristal de pie con carcasa - HI-ND\" \/>\n<meta property=\"og:description\" content=\"La carcasa de cristal para pie HI-ND se ha dise\u00f1ado para ofrecer diferentes opciones de carcasa. Es perfecto en espacios p\u00fablicos y escaparates de tiendas.\" \/>\n<meta property=\"og:url\" content=\"https:\/\/hi-nd.com\/es\/producto\/cristal-de-pie-con-carcasa\/\" \/>\n<meta property=\"og:site_name\" content=\"HI-ND\" \/>\n<meta property=\"article:modified_time\" content=\"2024-04-17T09:52:39+00:00\" \/>\n<meta property=\"og:image\" content=\"https:\/\/hi-nd.com\/wp-content\/uploads\/2022\/01\/FS-glass-portrait-white-web.png\" \/>\n\t<meta property=\"og:image:width\" content=\"750\" \/>\n\t<meta property=\"og:image:height\" content=\"750\" \/>\n\t<meta property=\"og:image:type\" content=\"image\/png\" \/>\n<meta name=\"twitter:card\" content=\"summary_large_image\" \/>\n<meta name=\"twitter:label1\" content=\"Tiempo de lectura\" \/>\n\t<meta name=\"twitter:data1\" content=\"1 minuto\" \/>\n<script type=\"application\/ld+json\" class=\"yoast-schema-graph\">{\"@context\":\"https:\\\/\\\/schema.org\",\"@graph\":[{\"@type\":\"WebPage\",\"@id\":\"https:\\\/\\\/hi-nd.com\\\/es\\\/producto\\\/cristal-de-pie-con-carcasa\\\/\",\"url\":\"https:\\\/\\\/hi-nd.com\\\/es\\\/producto\\\/cristal-de-pie-con-carcasa\\\/\",\"name\":\"Cristal de pie con carcasa - HI-ND\",\"isPartOf\":{\"@id\":\"https:\\\/\\\/hi-nd.com\\\/#website\"},\"primaryImageOfPage\":{\"@id\":\"https:\\\/\\\/hi-nd.com\\\/es\\\/producto\\\/cristal-de-pie-con-carcasa\\\/#primaryimage\"},\"image\":{\"@id\":\"https:\\\/\\\/hi-nd.com\\\/es\\\/producto\\\/cristal-de-pie-con-carcasa\\\/#primaryimage\"},\"thumbnailUrl\":\"https:\\\/\\\/hi-nd.com\\\/wp-content\\\/uploads\\\/2022\\\/01\\\/FS-glass-portrait-white-web.png\",\"datePublished\":\"2022-01-20T16:09:52+00:00\",\"dateModified\":\"2024-04-17T09:52:39+00:00\",\"description\":\"La carcasa de cristal para pie HI-ND se ha dise\u00f1ado para ofrecer diferentes opciones de carcasa. Es perfecto en espacios p\u00fablicos y escaparates de tiendas.\",\"breadcrumb\":{\"@id\":\"https:\\\/\\\/hi-nd.com\\\/es\\\/producto\\\/cristal-de-pie-con-carcasa\\\/#breadcrumb\"},\"inLanguage\":\"es\",\"potentialAction\":[{\"@type\":\"ReadAction\",\"target\":[\"https:\\\/\\\/hi-nd.com\\\/es\\\/producto\\\/cristal-de-pie-con-carcasa\\\/\"]}]},{\"@type\":\"ImageObject\",\"inLanguage\":\"es\",\"@id\":\"https:\\\/\\\/hi-nd.com\\\/es\\\/producto\\\/cristal-de-pie-con-carcasa\\\/#primaryimage\",\"url\":\"https:\\\/\\\/hi-nd.com\\\/wp-content\\\/uploads\\\/2022\\\/01\\\/FS-glass-portrait-white-web.png\",\"contentUrl\":\"https:\\\/\\\/hi-nd.com\\\/wp-content\\\/uploads\\\/2022\\\/01\\\/FS-glass-portrait-white-web.png\",\"width\":750,\"height\":750},{\"@type\":\"BreadcrumbList\",\"@id\":\"https:\\\/\\\/hi-nd.com\\\/es\\\/producto\\\/cristal-de-pie-con-carcasa\\\/#breadcrumb\",\"itemListElement\":[{\"@type\":\"ListItem\",\"position\":1,\"name\":\"Home\",\"item\":\"https:\\\/\\\/hi-nd.com\\\/es\\\/\"},{\"@type\":\"ListItem\",\"position\":2,\"name\":\"Tienda\",\"item\":\"https:\\\/\\\/hi-nd.com\\\/es\\\/tienda\\\/\"},{\"@type\":\"ListItem\",\"position\":3,\"name\":\"Cristal de pie con carcasa\"}]},{\"@type\":\"WebSite\",\"@id\":\"https:\\\/\\\/hi-nd.com\\\/#website\",\"url\":\"https:\\\/\\\/hi-nd.com\\\/\",\"name\":\"HI-ND\",\"description\":\"Mounting Solutions\",\"potentialAction\":[{\"@type\":\"SearchAction\",\"target\":{\"@type\":\"EntryPoint\",\"urlTemplate\":\"https:\\\/\\\/hi-nd.com\\\/?s={search_term_string}\"},\"query-input\":{\"@type\":\"PropertyValueSpecification\",\"valueRequired\":true,\"valueName\":\"search_term_string\"}}],\"inLanguage\":\"es\"}]}<\/script>\n<!-- \/ Yoast SEO plugin. -->","yoast_head_json":{"title":"Cristal de pie con carcasa - HI-ND","description":"La carcasa de cristal para pie HI-ND se ha dise\u00f1ado para ofrecer diferentes opciones de carcasa. Es perfecto en espacios p\u00fablicos y escaparates de tiendas.","robots":{"index":"index","follow":"follow","max-snippet":"max-snippet:-1","max-image-preview":"max-image-preview:large","max-video-preview":"max-video-preview:-1"},"canonical":"https:\/\/hi-nd.com\/es\/producto\/cristal-de-pie-con-carcasa\/","og_locale":"es_ES","og_type":"article","og_title":"Cristal de pie con carcasa - HI-ND","og_description":"La carcasa de cristal para pie HI-ND se ha dise\u00f1ado para ofrecer diferentes opciones de carcasa. Es perfecto en espacios p\u00fablicos y escaparates de tiendas.","og_url":"https:\/\/hi-nd.com\/es\/producto\/cristal-de-pie-con-carcasa\/","og_site_name":"HI-ND","article_modified_time":"2024-04-17T09:52:39+00:00","og_image":[{"width":750,"height":750,"url":"https:\/\/hi-nd.com\/wp-content\/uploads\/2022\/01\/FS-glass-portrait-white-web.png","type":"image\/png"}],"twitter_card":"summary_large_image","twitter_misc":{"Tiempo de lectura":"1 minuto"},"schema":{"@context":"https:\/\/schema.org","@graph":[{"@type":"WebPage","@id":"https:\/\/hi-nd.com\/es\/producto\/cristal-de-pie-con-carcasa\/","url":"https:\/\/hi-nd.com\/es\/producto\/cristal-de-pie-con-carcasa\/","name":"Cristal de pie con carcasa - HI-ND","isPartOf":{"@id":"https:\/\/hi-nd.com\/#website"},"primaryImageOfPage":{"@id":"https:\/\/hi-nd.com\/es\/producto\/cristal-de-pie-con-carcasa\/#primaryimage"},"image":{"@id":"https:\/\/hi-nd.com\/es\/producto\/cristal-de-pie-con-carcasa\/#primaryimage"},"thumbnailUrl":"https:\/\/hi-nd.com\/wp-content\/uploads\/2022\/01\/FS-glass-portrait-white-web.png","datePublished":"2022-01-20T16:09:52+00:00","dateModified":"2024-04-17T09:52:39+00:00","description":"La carcasa de cristal para pie HI-ND se ha dise\u00f1ado para ofrecer diferentes opciones de carcasa. Es perfecto en espacios p\u00fablicos y escaparates de tiendas.","breadcrumb":{"@id":"https:\/\/hi-nd.com\/es\/producto\/cristal-de-pie-con-carcasa\/#breadcrumb"},"inLanguage":"es","potentialAction":[{"@type":"ReadAction","target":["https:\/\/hi-nd.com\/es\/producto\/cristal-de-pie-con-carcasa\/"]}]},{"@type":"ImageObject","inLanguage":"es","@id":"https:\/\/hi-nd.com\/es\/producto\/cristal-de-pie-con-carcasa\/#primaryimage","url":"https:\/\/hi-nd.com\/wp-content\/uploads\/2022\/01\/FS-glass-portrait-white-web.png","contentUrl":"https:\/\/hi-nd.com\/wp-content\/uploads\/2022\/01\/FS-glass-portrait-white-web.png","width":750,"height":750},{"@type":"BreadcrumbList","@id":"https:\/\/hi-nd.com\/es\/producto\/cristal-de-pie-con-carcasa\/#breadcrumb","itemListElement":[{"@type":"ListItem","position":1,"name":"Home","item":"https:\/\/hi-nd.com\/es\/"},{"@type":"ListItem","position":2,"name":"Tienda","item":"https:\/\/hi-nd.com\/es\/tienda\/"},{"@type":"ListItem","position":3,"name":"Cristal de pie con carcasa"}]},{"@type":"WebSite","@id":"https:\/\/hi-nd.com\/#website","url":"https:\/\/hi-nd.com\/","name":"HI-ND","description":"Mounting Solutions","potentialAction":[{"@type":"SearchAction","target":{"@type":"EntryPoint","urlTemplate":"https:\/\/hi-nd.com\/?s={search_term_string}"},"query-input":{"@type":"PropertyValueSpecification","valueRequired":true,"valueName":"search_term_string"}}],"inLanguage":"es"}]}},"_links":{"self":[{"href":"https:\/\/hi-nd.com\/es\/wp-json\/wp\/v2\/product\/5819","targetHints":{"allow":["GET"]}}],"collection":[{"href":"https:\/\/hi-nd.com\/es\/wp-json\/wp\/v2\/product"}],"about":[{"href":"https:\/\/hi-nd.com\/es\/wp-json\/wp\/v2\/types\/product"}],"wp:featuredmedia":[{"embeddable":true,"href":"https:\/\/hi-nd.com\/es\/wp-json\/wp\/v2\/media\/3916"}],"wp:attachment":[{"href":"https:\/\/hi-nd.com\/es\/wp-json\/wp\/v2\/media?parent=5819"}],"wp:term":[{"taxonomy":"product_brand","embeddable":true,"href":"https:\/\/hi-nd.com\/es\/wp-json\/wp\/v2\/product_brand?post=5819"},{"taxonomy":"product_cat","embeddable":true,"href":"https:\/\/hi-nd.com\/es\/wp-json\/wp\/v2\/product_cat?post=5819"},{"taxonomy":"product_tag","embeddable":true,"href":"https:\/\/hi-nd.com\/es\/wp-json\/wp\/v2\/product_tag?post=5819"}],"curies":[{"name":"wp","href":"https:\/\/api.w.org\/{rel}","templated":true}]}}