{"id":5816,"date":"2022-01-20T16:27:23","date_gmt":"2022-01-20T15:27:23","guid":{"rendered":"https:\/\/hi-nd.com\/product\/soporte-de-techo-para-caja-de-techo\/"},"modified":"2024-06-17T15:49:05","modified_gmt":"2024-06-17T13:49:05","slug":"soporte-de-techo-para-caja-de-techo","status":"publish","type":"product","link":"https:\/\/hi-nd.com\/es\/producto\/soporte-de-techo-para-caja-de-techo\/","title":{"rendered":"Soporte de techo para caja de techo"},"content":{"rendered":"<table style=\"height: 303px;\" width=\"648\">\n<tbody>\n<tr>\n<td width=\"149\">N\u00famero de pieza<\/td>\n<td width=\"391\">Descripci\u00f3n<\/td>\n<td width=\"127\">Color<\/td>\n<\/tr>\n<tr>\n<td>CM3500-0101-01P<\/td>\n<td>Soporte de techo y tubo telesc\u00f3pico, 40-60cm<\/td>\n<td>Blanco<\/td>\n<\/tr>\n<tr>\n<td>CM6500-0101-01P<\/td>\n<td>Soporte de techo y tubo telesc\u00f3pico, 65-110 cm<\/td>\n<td>Blanco<\/td>\n<\/tr>\n<tr>\n<td>CM3500-0101-02P<\/td>\n<td>Soporte de techo y tubo telesc\u00f3pico, 40-60cm<\/td>\n<td>Negro<\/td>\n<\/tr>\n<tr>\n<td>CM6500-0101-02P<\/td>\n<td>Soporte de techo y tubo telesc\u00f3pico, 65-110 cm<\/td>\n<td>Negro<\/td>\n<\/tr>\n<tr>\n<td>CM1100-0101<\/td>\n<td>Conector para montaje en techo, conexi\u00f3n directa al techo<\/td>\n<td>Gris<\/td>\n<\/tr>\n<tr>\n<td>CM5500-0101-01<\/td>\n<td>Tubo de prolongaci\u00f3n, 55 cm<\/td>\n<td>Blanco<\/td>\n<\/tr>\n<tr>\n<td>CM9900-0101-01<\/td>\n<td>Tubo de prolongaci\u00f3n, 99 cm<\/td>\n<td>Blanco<\/td>\n<\/tr>\n<tr>\n<td>CM5500-0101-02<\/td>\n<td>Tubo de prolongaci\u00f3n, 55 cm<\/td>\n<td>Negro<\/td>\n<\/tr>\n<tr>\n<td>CM9900-0101-02<\/td>\n<td>Tubo de prolongaci\u00f3n, 99 cm<\/td>\n<td>Negro<\/td>\n<\/tr>\n<\/tbody>\n<\/table>\n<p>&nbsp;<\/p>\n","protected":false},"excerpt":{"rendered":"<p>Todas nuestras carcasas de techo est\u00e1n dise\u00f1adas para utilizarse con nuestros tubos o cables telesc\u00f3picos a medida. El tubo telesc\u00f3pico es ajustable y las pantallas pueden girar en distintas direcciones. El telescopio est\u00e1 dise\u00f1ado con un cierre que se puede abrir para facilitar la gesti\u00f3n de los cables.<\/p>\n<ul>\n<li>Cierre abrible para la gesti\u00f3n de cables<\/li>\n<li>Color blanco y negro de serie. Colores personalizados disponibles<\/li>\n<li><span style=\"font-size: 14.4px;\">Alambre de acero y cerradura de seguridad<\/span><\/li>\n<li><span style=\"font-size: 14.4px;\">Opci\u00f3n con calcetines de cable blanco y negro  <\/span><\/li>\n<\/ul>\n","protected":false},"featured_media":9661,"template":"","meta":[],"product_brand":[],"product_cat":[100,84],"product_tag":[],"class_list":{"0":"post-5816","1":"product","2":"type-product","3":"status-publish","4":"has-post-thumbnail","6":"product_cat-montaje-en-techo","7":"product_cat-techo","9":"first","10":"instock","11":"shipping-taxable","12":"product-type-simple"},"yoast_head":"<!-- This site is optimized with the Yoast SEO plugin v27.3 - https:\/\/yoast.com\/product\/yoast-seo-wordpress\/ -->\n<title>Soporte de techo para caja de techo - HI-ND<\/title>\n<meta name=\"description\" content=\"Nuestras carcasas de techo est\u00e1n dise\u00f1adas para ser utilizadas con nuestros tubos o cables telesc\u00f3picos a medida. El tubo telesc\u00f3pico es ajustable.\" \/>\n<meta name=\"robots\" content=\"index, follow, max-snippet:-1, max-image-preview:large, max-video-preview:-1\" \/>\n<link rel=\"canonical\" href=\"https:\/\/hi-nd.com\/es\/producto\/soporte-de-techo-para-caja-de-techo\/\" \/>\n<meta property=\"og:locale\" content=\"es_ES\" \/>\n<meta property=\"og:type\" content=\"article\" \/>\n<meta property=\"og:title\" content=\"Soporte de techo para caja de techo - HI-ND\" \/>\n<meta property=\"og:description\" content=\"Nuestras carcasas de techo est\u00e1n dise\u00f1adas para ser utilizadas con nuestros tubos o cables telesc\u00f3picos a medida. El tubo telesc\u00f3pico es ajustable.\" \/>\n<meta property=\"og:url\" content=\"https:\/\/hi-nd.com\/es\/producto\/soporte-de-techo-para-caja-de-techo\/\" \/>\n<meta property=\"og:site_name\" content=\"HI-ND\" \/>\n<meta property=\"article:modified_time\" content=\"2024-06-17T13:49:05+00:00\" \/>\n<meta property=\"og:image\" content=\"https:\/\/hi-nd.com\/wp-content\/uploads\/2022\/01\/CM5000-5001-1_03-750x750-1.jpg\" \/>\n\t<meta property=\"og:image:width\" content=\"750\" \/>\n\t<meta property=\"og:image:height\" content=\"750\" \/>\n\t<meta property=\"og:image:type\" content=\"image\/jpeg\" \/>\n<meta name=\"twitter:card\" content=\"summary_large_image\" \/>\n<meta name=\"twitter:label1\" content=\"Tiempo de lectura\" \/>\n\t<meta name=\"twitter:data1\" content=\"1 minuto\" \/>\n<script type=\"application\/ld+json\" class=\"yoast-schema-graph\">{\"@context\":\"https:\\\/\\\/schema.org\",\"@graph\":[{\"@type\":\"WebPage\",\"@id\":\"https:\\\/\\\/hi-nd.com\\\/es\\\/producto\\\/soporte-de-techo-para-caja-de-techo\\\/\",\"url\":\"https:\\\/\\\/hi-nd.com\\\/es\\\/producto\\\/soporte-de-techo-para-caja-de-techo\\\/\",\"name\":\"Soporte de techo para caja de techo - HI-ND\",\"isPartOf\":{\"@id\":\"https:\\\/\\\/hi-nd.com\\\/#website\"},\"primaryImageOfPage\":{\"@id\":\"https:\\\/\\\/hi-nd.com\\\/es\\\/producto\\\/soporte-de-techo-para-caja-de-techo\\\/#primaryimage\"},\"image\":{\"@id\":\"https:\\\/\\\/hi-nd.com\\\/es\\\/producto\\\/soporte-de-techo-para-caja-de-techo\\\/#primaryimage\"},\"thumbnailUrl\":\"https:\\\/\\\/hi-nd.com\\\/wp-content\\\/uploads\\\/2022\\\/01\\\/CM5000-5001-1_03-750x750-1.jpg\",\"datePublished\":\"2022-01-20T15:27:23+00:00\",\"dateModified\":\"2024-06-17T13:49:05+00:00\",\"description\":\"Nuestras carcasas de techo est\u00e1n dise\u00f1adas para ser utilizadas con nuestros tubos o cables telesc\u00f3picos a medida. El tubo telesc\u00f3pico es ajustable.\",\"breadcrumb\":{\"@id\":\"https:\\\/\\\/hi-nd.com\\\/es\\\/producto\\\/soporte-de-techo-para-caja-de-techo\\\/#breadcrumb\"},\"inLanguage\":\"es\",\"potentialAction\":[{\"@type\":\"ReadAction\",\"target\":[\"https:\\\/\\\/hi-nd.com\\\/es\\\/producto\\\/soporte-de-techo-para-caja-de-techo\\\/\"]}]},{\"@type\":\"ImageObject\",\"inLanguage\":\"es\",\"@id\":\"https:\\\/\\\/hi-nd.com\\\/es\\\/producto\\\/soporte-de-techo-para-caja-de-techo\\\/#primaryimage\",\"url\":\"https:\\\/\\\/hi-nd.com\\\/wp-content\\\/uploads\\\/2022\\\/01\\\/CM5000-5001-1_03-750x750-1.jpg\",\"contentUrl\":\"https:\\\/\\\/hi-nd.com\\\/wp-content\\\/uploads\\\/2022\\\/01\\\/CM5000-5001-1_03-750x750-1.jpg\",\"width\":750,\"height\":750,\"caption\":\"Top mounted ceiling mount\"},{\"@type\":\"BreadcrumbList\",\"@id\":\"https:\\\/\\\/hi-nd.com\\\/es\\\/producto\\\/soporte-de-techo-para-caja-de-techo\\\/#breadcrumb\",\"itemListElement\":[{\"@type\":\"ListItem\",\"position\":1,\"name\":\"Home\",\"item\":\"https:\\\/\\\/hi-nd.com\\\/es\\\/\"},{\"@type\":\"ListItem\",\"position\":2,\"name\":\"Tienda\",\"item\":\"https:\\\/\\\/hi-nd.com\\\/es\\\/tienda\\\/\"},{\"@type\":\"ListItem\",\"position\":3,\"name\":\"Soporte de techo para caja de techo\"}]},{\"@type\":\"WebSite\",\"@id\":\"https:\\\/\\\/hi-nd.com\\\/#website\",\"url\":\"https:\\\/\\\/hi-nd.com\\\/\",\"name\":\"HI-ND\",\"description\":\"Mounting Solutions\",\"potentialAction\":[{\"@type\":\"SearchAction\",\"target\":{\"@type\":\"EntryPoint\",\"urlTemplate\":\"https:\\\/\\\/hi-nd.com\\\/?s={search_term_string}\"},\"query-input\":{\"@type\":\"PropertyValueSpecification\",\"valueRequired\":true,\"valueName\":\"search_term_string\"}}],\"inLanguage\":\"es\"}]}<\/script>\n<!-- \/ Yoast SEO plugin. -->","yoast_head_json":{"title":"Soporte de techo para caja de techo - HI-ND","description":"Nuestras carcasas de techo est\u00e1n dise\u00f1adas para ser utilizadas con nuestros tubos o cables telesc\u00f3picos a medida. El tubo telesc\u00f3pico es ajustable.","robots":{"index":"index","follow":"follow","max-snippet":"max-snippet:-1","max-image-preview":"max-image-preview:large","max-video-preview":"max-video-preview:-1"},"canonical":"https:\/\/hi-nd.com\/es\/producto\/soporte-de-techo-para-caja-de-techo\/","og_locale":"es_ES","og_type":"article","og_title":"Soporte de techo para caja de techo - HI-ND","og_description":"Nuestras carcasas de techo est\u00e1n dise\u00f1adas para ser utilizadas con nuestros tubos o cables telesc\u00f3picos a medida. El tubo telesc\u00f3pico es ajustable.","og_url":"https:\/\/hi-nd.com\/es\/producto\/soporte-de-techo-para-caja-de-techo\/","og_site_name":"HI-ND","article_modified_time":"2024-06-17T13:49:05+00:00","og_image":[{"width":750,"height":750,"url":"https:\/\/hi-nd.com\/wp-content\/uploads\/2022\/01\/CM5000-5001-1_03-750x750-1.jpg","type":"image\/jpeg"}],"twitter_card":"summary_large_image","twitter_misc":{"Tiempo de lectura":"1 minuto"},"schema":{"@context":"https:\/\/schema.org","@graph":[{"@type":"WebPage","@id":"https:\/\/hi-nd.com\/es\/producto\/soporte-de-techo-para-caja-de-techo\/","url":"https:\/\/hi-nd.com\/es\/producto\/soporte-de-techo-para-caja-de-techo\/","name":"Soporte de techo para caja de techo - HI-ND","isPartOf":{"@id":"https:\/\/hi-nd.com\/#website"},"primaryImageOfPage":{"@id":"https:\/\/hi-nd.com\/es\/producto\/soporte-de-techo-para-caja-de-techo\/#primaryimage"},"image":{"@id":"https:\/\/hi-nd.com\/es\/producto\/soporte-de-techo-para-caja-de-techo\/#primaryimage"},"thumbnailUrl":"https:\/\/hi-nd.com\/wp-content\/uploads\/2022\/01\/CM5000-5001-1_03-750x750-1.jpg","datePublished":"2022-01-20T15:27:23+00:00","dateModified":"2024-06-17T13:49:05+00:00","description":"Nuestras carcasas de techo est\u00e1n dise\u00f1adas para ser utilizadas con nuestros tubos o cables telesc\u00f3picos a medida. El tubo telesc\u00f3pico es ajustable.","breadcrumb":{"@id":"https:\/\/hi-nd.com\/es\/producto\/soporte-de-techo-para-caja-de-techo\/#breadcrumb"},"inLanguage":"es","potentialAction":[{"@type":"ReadAction","target":["https:\/\/hi-nd.com\/es\/producto\/soporte-de-techo-para-caja-de-techo\/"]}]},{"@type":"ImageObject","inLanguage":"es","@id":"https:\/\/hi-nd.com\/es\/producto\/soporte-de-techo-para-caja-de-techo\/#primaryimage","url":"https:\/\/hi-nd.com\/wp-content\/uploads\/2022\/01\/CM5000-5001-1_03-750x750-1.jpg","contentUrl":"https:\/\/hi-nd.com\/wp-content\/uploads\/2022\/01\/CM5000-5001-1_03-750x750-1.jpg","width":750,"height":750,"caption":"Top mounted ceiling mount"},{"@type":"BreadcrumbList","@id":"https:\/\/hi-nd.com\/es\/producto\/soporte-de-techo-para-caja-de-techo\/#breadcrumb","itemListElement":[{"@type":"ListItem","position":1,"name":"Home","item":"https:\/\/hi-nd.com\/es\/"},{"@type":"ListItem","position":2,"name":"Tienda","item":"https:\/\/hi-nd.com\/es\/tienda\/"},{"@type":"ListItem","position":3,"name":"Soporte de techo para caja de techo"}]},{"@type":"WebSite","@id":"https:\/\/hi-nd.com\/#website","url":"https:\/\/hi-nd.com\/","name":"HI-ND","description":"Mounting Solutions","potentialAction":[{"@type":"SearchAction","target":{"@type":"EntryPoint","urlTemplate":"https:\/\/hi-nd.com\/?s={search_term_string}"},"query-input":{"@type":"PropertyValueSpecification","valueRequired":true,"valueName":"search_term_string"}}],"inLanguage":"es"}]}},"_links":{"self":[{"href":"https:\/\/hi-nd.com\/es\/wp-json\/wp\/v2\/product\/5816","targetHints":{"allow":["GET"]}}],"collection":[{"href":"https:\/\/hi-nd.com\/es\/wp-json\/wp\/v2\/product"}],"about":[{"href":"https:\/\/hi-nd.com\/es\/wp-json\/wp\/v2\/types\/product"}],"wp:featuredmedia":[{"embeddable":true,"href":"https:\/\/hi-nd.com\/es\/wp-json\/wp\/v2\/media\/9661"}],"wp:attachment":[{"href":"https:\/\/hi-nd.com\/es\/wp-json\/wp\/v2\/media?parent=5816"}],"wp:term":[{"taxonomy":"product_brand","embeddable":true,"href":"https:\/\/hi-nd.com\/es\/wp-json\/wp\/v2\/product_brand?post=5816"},{"taxonomy":"product_cat","embeddable":true,"href":"https:\/\/hi-nd.com\/es\/wp-json\/wp\/v2\/product_cat?post=5816"},{"taxonomy":"product_tag","embeddable":true,"href":"https:\/\/hi-nd.com\/es\/wp-json\/wp\/v2\/product_tag?post=5816"}],"curies":[{"name":"wp","href":"https:\/\/api.w.org\/{rel}","templated":true}]}}