{"id":5806,"date":"2021-11-22T19:04:43","date_gmt":"2021-11-22T18:04:43","guid":{"rendered":"https:\/\/hi-nd.com\/product\/soporte-de-pared-pequeno\/"},"modified":"2021-11-22T19:04:43","modified_gmt":"2021-11-22T18:04:43","slug":"soporte-de-pared-pequeno","status":"publish","type":"product","link":"https:\/\/hi-nd.com\/es\/producto\/soporte-de-pared-pequeno\/","title":{"rendered":"Soporte de pared peque\u00f1o"},"content":{"rendered":"<table width=\"654\">\n<tbody>\n<tr>\n<td width=\"125\">N\u00famero de pieza<\/td>\n<td width=\"529\">Descripci\u00f3n<\/td>\n<\/tr>\n<tr>\n<td>C-WM01-02<\/td>\n<td>Soporte de pared Peque\u00f1o, VESA 50&#215;50, 75&#215;75, 100&#215;100, 13-27&#8243;, 15 mm de grosor<\/td>\n<\/tr>\n<\/tbody>\n<\/table>\n","protected":false},"excerpt":{"rendered":"<p>El soporte de pared HI-ND peque\u00f1o est\u00e1 dise\u00f1ado para que los monitores se coloquen a s\u00f3lo 15 mm de la pared. El dise\u00f1o en dos piezas permite una f\u00e1cil instalaci\u00f3n. Admite la mayor\u00eda de monitores de 13\u00bb a 27\u00bb de hasta 30 kg. La resistencia ha sido probada para un m\u00ednimo de tres veces su capacidad de carga declarada.<\/p>\n<ul>\n<li>Compatible con VESA 50\u00d750, 75\u00d775 y 100\u00d7100.<\/li>\n<li>Versi\u00f3n estrecha 15 mm<\/li>\n<li>Dimensiones: 15x140x120 mm<\/li>\n<li>Peso m\u00e1ximo: 30 kg<\/li>\n<li>Tama\u00f1os de pantalla: 13\u2033 &#8211; 27\u2033<\/li>\n<\/ul>\n","protected":false},"featured_media":3709,"template":"","meta":[],"product_brand":[],"product_cat":[102,93],"product_tag":[],"class_list":{"0":"post-5806","1":"product","2":"type-product","3":"status-publish","4":"has-post-thumbnail","6":"product_cat-montaje-en-pared","7":"product_cat-pared","9":"first","10":"instock","11":"shipping-taxable","12":"product-type-simple"},"yoast_head":"<!-- This site is optimized with the Yoast SEO plugin v27.3 - https:\/\/yoast.com\/product\/yoast-seo-wordpress\/ -->\n<title>Soporte de pared peque\u00f1o - HI-ND<\/title>\n<meta name=\"description\" content=\"HI-ND Soporte de pared peque\u00f1o est\u00e1 dise\u00f1ado para que los monitores se coloquen a s\u00f3lo 15 mm de la pared. El dise\u00f1o en dos piezas permite una f\u00e1cil instalaci\u00f3n.\" \/>\n<meta name=\"robots\" content=\"index, follow, max-snippet:-1, max-image-preview:large, max-video-preview:-1\" \/>\n<link rel=\"canonical\" href=\"https:\/\/hi-nd.com\/es\/producto\/soporte-de-pared-pequeno\/\" \/>\n<meta property=\"og:locale\" content=\"es_ES\" \/>\n<meta property=\"og:type\" content=\"article\" \/>\n<meta property=\"og:title\" content=\"Soporte de pared peque\u00f1o - HI-ND\" \/>\n<meta property=\"og:description\" content=\"HI-ND Soporte de pared peque\u00f1o est\u00e1 dise\u00f1ado para que los monitores se coloquen a s\u00f3lo 15 mm de la pared. El dise\u00f1o en dos piezas permite una f\u00e1cil instalaci\u00f3n.\" \/>\n<meta property=\"og:url\" content=\"https:\/\/hi-nd.com\/es\/producto\/soporte-de-pared-pequeno\/\" \/>\n<meta property=\"og:site_name\" content=\"HI-ND\" \/>\n<meta property=\"og:image\" content=\"https:\/\/hi-nd.com\/wp-content\/uploads\/2021\/11\/Wall-mount-small-web.png\" \/>\n\t<meta property=\"og:image:width\" content=\"750\" \/>\n\t<meta property=\"og:image:height\" content=\"750\" \/>\n\t<meta property=\"og:image:type\" content=\"image\/png\" \/>\n<meta name=\"twitter:card\" content=\"summary_large_image\" \/>\n<script type=\"application\/ld+json\" class=\"yoast-schema-graph\">{\"@context\":\"https:\\\/\\\/schema.org\",\"@graph\":[{\"@type\":\"WebPage\",\"@id\":\"https:\\\/\\\/hi-nd.com\\\/es\\\/producto\\\/soporte-de-pared-pequeno\\\/\",\"url\":\"https:\\\/\\\/hi-nd.com\\\/es\\\/producto\\\/soporte-de-pared-pequeno\\\/\",\"name\":\"Soporte de pared peque\u00f1o - HI-ND\",\"isPartOf\":{\"@id\":\"https:\\\/\\\/hi-nd.com\\\/#website\"},\"primaryImageOfPage\":{\"@id\":\"https:\\\/\\\/hi-nd.com\\\/es\\\/producto\\\/soporte-de-pared-pequeno\\\/#primaryimage\"},\"image\":{\"@id\":\"https:\\\/\\\/hi-nd.com\\\/es\\\/producto\\\/soporte-de-pared-pequeno\\\/#primaryimage\"},\"thumbnailUrl\":\"https:\\\/\\\/hi-nd.com\\\/wp-content\\\/uploads\\\/2021\\\/11\\\/Wall-mount-small-web.png\",\"datePublished\":\"2021-11-22T18:04:43+00:00\",\"description\":\"HI-ND Soporte de pared peque\u00f1o est\u00e1 dise\u00f1ado para que los monitores se coloquen a s\u00f3lo 15 mm de la pared. El dise\u00f1o en dos piezas permite una f\u00e1cil instalaci\u00f3n.\",\"breadcrumb\":{\"@id\":\"https:\\\/\\\/hi-nd.com\\\/es\\\/producto\\\/soporte-de-pared-pequeno\\\/#breadcrumb\"},\"inLanguage\":\"es\",\"potentialAction\":[{\"@type\":\"ReadAction\",\"target\":[\"https:\\\/\\\/hi-nd.com\\\/es\\\/producto\\\/soporte-de-pared-pequeno\\\/\"]}]},{\"@type\":\"ImageObject\",\"inLanguage\":\"es\",\"@id\":\"https:\\\/\\\/hi-nd.com\\\/es\\\/producto\\\/soporte-de-pared-pequeno\\\/#primaryimage\",\"url\":\"https:\\\/\\\/hi-nd.com\\\/wp-content\\\/uploads\\\/2021\\\/11\\\/Wall-mount-small-web.png\",\"contentUrl\":\"https:\\\/\\\/hi-nd.com\\\/wp-content\\\/uploads\\\/2021\\\/11\\\/Wall-mount-small-web.png\",\"width\":750,\"height\":750},{\"@type\":\"BreadcrumbList\",\"@id\":\"https:\\\/\\\/hi-nd.com\\\/es\\\/producto\\\/soporte-de-pared-pequeno\\\/#breadcrumb\",\"itemListElement\":[{\"@type\":\"ListItem\",\"position\":1,\"name\":\"Home\",\"item\":\"https:\\\/\\\/hi-nd.com\\\/es\\\/\"},{\"@type\":\"ListItem\",\"position\":2,\"name\":\"Tienda\",\"item\":\"https:\\\/\\\/hi-nd.com\\\/es\\\/tienda\\\/\"},{\"@type\":\"ListItem\",\"position\":3,\"name\":\"Soporte de pared peque\u00f1o\"}]},{\"@type\":\"WebSite\",\"@id\":\"https:\\\/\\\/hi-nd.com\\\/#website\",\"url\":\"https:\\\/\\\/hi-nd.com\\\/\",\"name\":\"HI-ND\",\"description\":\"Mounting Solutions\",\"potentialAction\":[{\"@type\":\"SearchAction\",\"target\":{\"@type\":\"EntryPoint\",\"urlTemplate\":\"https:\\\/\\\/hi-nd.com\\\/?s={search_term_string}\"},\"query-input\":{\"@type\":\"PropertyValueSpecification\",\"valueRequired\":true,\"valueName\":\"search_term_string\"}}],\"inLanguage\":\"es\"}]}<\/script>\n<!-- \/ Yoast SEO plugin. -->","yoast_head_json":{"title":"Soporte de pared peque\u00f1o - HI-ND","description":"HI-ND Soporte de pared peque\u00f1o est\u00e1 dise\u00f1ado para que los monitores se coloquen a s\u00f3lo 15 mm de la pared. El dise\u00f1o en dos piezas permite una f\u00e1cil instalaci\u00f3n.","robots":{"index":"index","follow":"follow","max-snippet":"max-snippet:-1","max-image-preview":"max-image-preview:large","max-video-preview":"max-video-preview:-1"},"canonical":"https:\/\/hi-nd.com\/es\/producto\/soporte-de-pared-pequeno\/","og_locale":"es_ES","og_type":"article","og_title":"Soporte de pared peque\u00f1o - HI-ND","og_description":"HI-ND Soporte de pared peque\u00f1o est\u00e1 dise\u00f1ado para que los monitores se coloquen a s\u00f3lo 15 mm de la pared. El dise\u00f1o en dos piezas permite una f\u00e1cil instalaci\u00f3n.","og_url":"https:\/\/hi-nd.com\/es\/producto\/soporte-de-pared-pequeno\/","og_site_name":"HI-ND","og_image":[{"width":750,"height":750,"url":"https:\/\/hi-nd.com\/wp-content\/uploads\/2021\/11\/Wall-mount-small-web.png","type":"image\/png"}],"twitter_card":"summary_large_image","schema":{"@context":"https:\/\/schema.org","@graph":[{"@type":"WebPage","@id":"https:\/\/hi-nd.com\/es\/producto\/soporte-de-pared-pequeno\/","url":"https:\/\/hi-nd.com\/es\/producto\/soporte-de-pared-pequeno\/","name":"Soporte de pared peque\u00f1o - HI-ND","isPartOf":{"@id":"https:\/\/hi-nd.com\/#website"},"primaryImageOfPage":{"@id":"https:\/\/hi-nd.com\/es\/producto\/soporte-de-pared-pequeno\/#primaryimage"},"image":{"@id":"https:\/\/hi-nd.com\/es\/producto\/soporte-de-pared-pequeno\/#primaryimage"},"thumbnailUrl":"https:\/\/hi-nd.com\/wp-content\/uploads\/2021\/11\/Wall-mount-small-web.png","datePublished":"2021-11-22T18:04:43+00:00","description":"HI-ND Soporte de pared peque\u00f1o est\u00e1 dise\u00f1ado para que los monitores se coloquen a s\u00f3lo 15 mm de la pared. El dise\u00f1o en dos piezas permite una f\u00e1cil instalaci\u00f3n.","breadcrumb":{"@id":"https:\/\/hi-nd.com\/es\/producto\/soporte-de-pared-pequeno\/#breadcrumb"},"inLanguage":"es","potentialAction":[{"@type":"ReadAction","target":["https:\/\/hi-nd.com\/es\/producto\/soporte-de-pared-pequeno\/"]}]},{"@type":"ImageObject","inLanguage":"es","@id":"https:\/\/hi-nd.com\/es\/producto\/soporte-de-pared-pequeno\/#primaryimage","url":"https:\/\/hi-nd.com\/wp-content\/uploads\/2021\/11\/Wall-mount-small-web.png","contentUrl":"https:\/\/hi-nd.com\/wp-content\/uploads\/2021\/11\/Wall-mount-small-web.png","width":750,"height":750},{"@type":"BreadcrumbList","@id":"https:\/\/hi-nd.com\/es\/producto\/soporte-de-pared-pequeno\/#breadcrumb","itemListElement":[{"@type":"ListItem","position":1,"name":"Home","item":"https:\/\/hi-nd.com\/es\/"},{"@type":"ListItem","position":2,"name":"Tienda","item":"https:\/\/hi-nd.com\/es\/tienda\/"},{"@type":"ListItem","position":3,"name":"Soporte de pared peque\u00f1o"}]},{"@type":"WebSite","@id":"https:\/\/hi-nd.com\/#website","url":"https:\/\/hi-nd.com\/","name":"HI-ND","description":"Mounting Solutions","potentialAction":[{"@type":"SearchAction","target":{"@type":"EntryPoint","urlTemplate":"https:\/\/hi-nd.com\/?s={search_term_string}"},"query-input":{"@type":"PropertyValueSpecification","valueRequired":true,"valueName":"search_term_string"}}],"inLanguage":"es"}]}},"_links":{"self":[{"href":"https:\/\/hi-nd.com\/es\/wp-json\/wp\/v2\/product\/5806","targetHints":{"allow":["GET"]}}],"collection":[{"href":"https:\/\/hi-nd.com\/es\/wp-json\/wp\/v2\/product"}],"about":[{"href":"https:\/\/hi-nd.com\/es\/wp-json\/wp\/v2\/types\/product"}],"wp:featuredmedia":[{"embeddable":true,"href":"https:\/\/hi-nd.com\/es\/wp-json\/wp\/v2\/media\/3709"}],"wp:attachment":[{"href":"https:\/\/hi-nd.com\/es\/wp-json\/wp\/v2\/media?parent=5806"}],"wp:term":[{"taxonomy":"product_brand","embeddable":true,"href":"https:\/\/hi-nd.com\/es\/wp-json\/wp\/v2\/product_brand?post=5806"},{"taxonomy":"product_cat","embeddable":true,"href":"https:\/\/hi-nd.com\/es\/wp-json\/wp\/v2\/product_cat?post=5806"},{"taxonomy":"product_tag","embeddable":true,"href":"https:\/\/hi-nd.com\/es\/wp-json\/wp\/v2\/product_tag?post=5806"}],"curies":[{"name":"wp","href":"https:\/\/api.w.org\/{rel}","templated":true}]}}