{"id":5805,"date":"2021-11-22T18:34:15","date_gmt":"2021-11-22T17:34:15","guid":{"rendered":"https:\/\/hi-nd.com\/product\/videorow-paisaje\/"},"modified":"2024-02-22T21:19:51","modified_gmt":"2024-02-22T20:19:51","slug":"videorow-paisaje","status":"publish","type":"product","link":"https:\/\/hi-nd.com\/es\/producto\/videorow-paisaje\/","title":{"rendered":"Videorow Paisaje"},"content":{"rendered":"<table width=\"610\">\n<tbody>\n<tr>\n<td width=\"109\">N\u00famero de pieza<\/td>\n<td width=\"270\">Descripci\u00f3n<\/td>\n<td width=\"231\">Pantallas compatibles<\/td>\n<\/tr>\n<tr>\n<td>VR5000-0101<\/td>\n<td>Videorow, paisaje, 1&#215;50<\/td>\n<td>Samsung, LG<\/td>\n<\/tr>\n<tr>\n<td>VR3200-0301<\/td>\n<td>Videorow, paisaje, 3&#215;32<\/td>\n<td>Samsung, LG<\/td>\n<\/tr>\n<tr>\n<td>VR4300-0301<\/td>\n<td>Videorow, paisaje, 3&#215;43<\/td>\n<td>Samsung, LG<\/td>\n<\/tr>\n<tr>\n<td>VR5000-0301<\/td>\n<td>Videorow, paisaje, 3&#215;50<\/td>\n<td>Samsung, LG<\/td>\n<\/tr>\n<tr>\n<td>VR5500-0301<\/td>\n<td>Videorow, paisaje, 3&#215;55<\/td>\n<td>Samsung, LG<\/td>\n<\/tr>\n<tr>\n<td>VR3200-0401<\/td>\n<td>Videorow, paisaje, 4&#215;32<\/td>\n<td>Samsung, LG<\/td>\n<\/tr>\n<tr>\n<td>VR4300-0401<\/td>\n<td>Videorow, paisaje, 4&#215;43<\/td>\n<td>Samsung, LG<\/td>\n<\/tr>\n<tr>\n<td>VR5000-0401<\/td>\n<td>Videorow, paisaje, 4&#215;50<\/td>\n<td>Samsung, LG<\/td>\n<\/tr>\n<tr>\n<td>VR5500-0401<\/td>\n<td>Videorow, paisaje, 4&#215;55<\/td>\n<td>Samsung, LG<\/td>\n<\/tr>\n<tr>\n<td>VR3200-0501<\/td>\n<td>Videorow, paisaje, 5&#215;32<\/td>\n<td>Samsung, LG<\/td>\n<\/tr>\n<tr>\n<td>VR4300-0501<\/td>\n<td>Videorow, paisaje, 5&#215;43<\/td>\n<td>Samsung, LG<\/td>\n<\/tr>\n<tr>\n<td>VR5000-0501<\/td>\n<td>V\u00eddeo, paisaje, 5&#215;50<\/td>\n<td>Samsung, LG<\/td>\n<\/tr>\n<tr>\n<td>VR5500-0501<\/td>\n<td>Videorow, paisaje, 5&#215;55<\/td>\n<td>Samsung, LG<\/td>\n<\/tr>\n<tr>\n<td>VR4300-0601<\/td>\n<td>Videorow, paisaje, 6&#215;43<\/td>\n<td>Samsung, LG<\/td>\n<\/tr>\n<tr>\n<td>VR4300-0801<\/td>\n<td>Videorow, paisaje, 8&#215;43<\/td>\n<td>Samsung, LG<\/td>\n<\/tr>\n<\/tbody>\n<\/table>\n","protected":false},"excerpt":{"rendered":"<p>El videorow landscape permite construir de forma sencilla y muy rentable un menuboard con varias pantallas seguidas. La soluci\u00f3n facilita la colocaci\u00f3n de cualquier n\u00famero de pantallas exactamente en l\u00ednea. Tama\u00f1os de pantalla recomendados de 22\u2033 a 55\u2033.<\/p>\n<ul>\n<li>F\u00e1cil y muy rentable<\/li>\n<li>F\u00e1cil gesti\u00f3n de cables<\/li>\n<li>Soluciones de menuboard o videowall<\/li>\n<li>Instalaci\u00f3n de borde a borde<\/li>\n<li>Dise\u00f1ado para Samsung y LG<\/li>\n<li>Instalaci\u00f3n paisaj\u00edstica<\/li>\n<li>P\u00f3ngase en contacto con nosotros para obtener soluciones personalizadas para proyectos espec\u00edficos<\/li>\n<\/ul>\n","protected":false},"featured_media":3682,"template":"","meta":[],"product_brand":[],"product_cat":[120,93],"product_tag":[],"class_list":{"0":"post-5805","1":"product","2":"type-product","3":"status-publish","4":"has-post-thumbnail","6":"product_cat-fila-de-video","7":"product_cat-pared","9":"first","10":"instock","11":"shipping-taxable","12":"product-type-simple"},"yoast_head":"<!-- This site is optimized with the Yoast SEO plugin v27.3 - https:\/\/yoast.com\/product\/yoast-seo-wordpress\/ -->\n<title>Videorow Paisaje - HI-ND<\/title>\n<meta name=\"description\" content=\"El videorow landscape permite construir de forma sencilla y muy rentable un menuboard con varias pantallas seguidas.\" \/>\n<meta name=\"robots\" content=\"index, follow, max-snippet:-1, max-image-preview:large, max-video-preview:-1\" \/>\n<link rel=\"canonical\" href=\"https:\/\/hi-nd.com\/es\/producto\/videorow-paisaje\/\" \/>\n<meta property=\"og:locale\" content=\"es_ES\" \/>\n<meta property=\"og:type\" content=\"article\" \/>\n<meta property=\"og:title\" content=\"Videorow Paisaje - HI-ND\" \/>\n<meta property=\"og:description\" content=\"El videorow landscape permite construir de forma sencilla y muy rentable un menuboard con varias pantallas seguidas.\" \/>\n<meta property=\"og:url\" content=\"https:\/\/hi-nd.com\/es\/producto\/videorow-paisaje\/\" \/>\n<meta property=\"og:site_name\" content=\"HI-ND\" \/>\n<meta property=\"article:modified_time\" content=\"2024-02-22T20:19:51+00:00\" \/>\n<meta property=\"og:image\" content=\"https:\/\/hi-nd.com\/wp-content\/uploads\/2021\/11\/VR-landscape-faste.png\" \/>\n\t<meta property=\"og:image:width\" content=\"750\" \/>\n\t<meta property=\"og:image:height\" content=\"750\" \/>\n\t<meta property=\"og:image:type\" content=\"image\/png\" \/>\n<meta name=\"twitter:card\" content=\"summary_large_image\" \/>\n<meta name=\"twitter:label1\" content=\"Tiempo de lectura\" \/>\n\t<meta name=\"twitter:data1\" content=\"1 minuto\" \/>\n<script type=\"application\/ld+json\" class=\"yoast-schema-graph\">{\"@context\":\"https:\\\/\\\/schema.org\",\"@graph\":[{\"@type\":\"WebPage\",\"@id\":\"https:\\\/\\\/hi-nd.com\\\/es\\\/producto\\\/videorow-paisaje\\\/\",\"url\":\"https:\\\/\\\/hi-nd.com\\\/es\\\/producto\\\/videorow-paisaje\\\/\",\"name\":\"Videorow Paisaje - HI-ND\",\"isPartOf\":{\"@id\":\"https:\\\/\\\/hi-nd.com\\\/#website\"},\"primaryImageOfPage\":{\"@id\":\"https:\\\/\\\/hi-nd.com\\\/es\\\/producto\\\/videorow-paisaje\\\/#primaryimage\"},\"image\":{\"@id\":\"https:\\\/\\\/hi-nd.com\\\/es\\\/producto\\\/videorow-paisaje\\\/#primaryimage\"},\"thumbnailUrl\":\"https:\\\/\\\/hi-nd.com\\\/wp-content\\\/uploads\\\/2021\\\/11\\\/VR-landscape-faste.png\",\"datePublished\":\"2021-11-22T17:34:15+00:00\",\"dateModified\":\"2024-02-22T20:19:51+00:00\",\"description\":\"El videorow landscape permite construir de forma sencilla y muy rentable un menuboard con varias pantallas seguidas.\",\"breadcrumb\":{\"@id\":\"https:\\\/\\\/hi-nd.com\\\/es\\\/producto\\\/videorow-paisaje\\\/#breadcrumb\"},\"inLanguage\":\"es\",\"potentialAction\":[{\"@type\":\"ReadAction\",\"target\":[\"https:\\\/\\\/hi-nd.com\\\/es\\\/producto\\\/videorow-paisaje\\\/\"]}]},{\"@type\":\"ImageObject\",\"inLanguage\":\"es\",\"@id\":\"https:\\\/\\\/hi-nd.com\\\/es\\\/producto\\\/videorow-paisaje\\\/#primaryimage\",\"url\":\"https:\\\/\\\/hi-nd.com\\\/wp-content\\\/uploads\\\/2021\\\/11\\\/VR-landscape-faste.png\",\"contentUrl\":\"https:\\\/\\\/hi-nd.com\\\/wp-content\\\/uploads\\\/2021\\\/11\\\/VR-landscape-faste.png\",\"width\":750,\"height\":750},{\"@type\":\"BreadcrumbList\",\"@id\":\"https:\\\/\\\/hi-nd.com\\\/es\\\/producto\\\/videorow-paisaje\\\/#breadcrumb\",\"itemListElement\":[{\"@type\":\"ListItem\",\"position\":1,\"name\":\"Home\",\"item\":\"https:\\\/\\\/hi-nd.com\\\/es\\\/\"},{\"@type\":\"ListItem\",\"position\":2,\"name\":\"Tienda\",\"item\":\"https:\\\/\\\/hi-nd.com\\\/es\\\/tienda\\\/\"},{\"@type\":\"ListItem\",\"position\":3,\"name\":\"Videorow Paisaje\"}]},{\"@type\":\"WebSite\",\"@id\":\"https:\\\/\\\/hi-nd.com\\\/#website\",\"url\":\"https:\\\/\\\/hi-nd.com\\\/\",\"name\":\"HI-ND\",\"description\":\"Mounting Solutions\",\"potentialAction\":[{\"@type\":\"SearchAction\",\"target\":{\"@type\":\"EntryPoint\",\"urlTemplate\":\"https:\\\/\\\/hi-nd.com\\\/?s={search_term_string}\"},\"query-input\":{\"@type\":\"PropertyValueSpecification\",\"valueRequired\":true,\"valueName\":\"search_term_string\"}}],\"inLanguage\":\"es\"}]}<\/script>\n<!-- \/ Yoast SEO plugin. -->","yoast_head_json":{"title":"Videorow Paisaje - HI-ND","description":"El videorow landscape permite construir de forma sencilla y muy rentable un menuboard con varias pantallas seguidas.","robots":{"index":"index","follow":"follow","max-snippet":"max-snippet:-1","max-image-preview":"max-image-preview:large","max-video-preview":"max-video-preview:-1"},"canonical":"https:\/\/hi-nd.com\/es\/producto\/videorow-paisaje\/","og_locale":"es_ES","og_type":"article","og_title":"Videorow Paisaje - HI-ND","og_description":"El videorow landscape permite construir de forma sencilla y muy rentable un menuboard con varias pantallas seguidas.","og_url":"https:\/\/hi-nd.com\/es\/producto\/videorow-paisaje\/","og_site_name":"HI-ND","article_modified_time":"2024-02-22T20:19:51+00:00","og_image":[{"width":750,"height":750,"url":"https:\/\/hi-nd.com\/wp-content\/uploads\/2021\/11\/VR-landscape-faste.png","type":"image\/png"}],"twitter_card":"summary_large_image","twitter_misc":{"Tiempo de lectura":"1 minuto"},"schema":{"@context":"https:\/\/schema.org","@graph":[{"@type":"WebPage","@id":"https:\/\/hi-nd.com\/es\/producto\/videorow-paisaje\/","url":"https:\/\/hi-nd.com\/es\/producto\/videorow-paisaje\/","name":"Videorow Paisaje - HI-ND","isPartOf":{"@id":"https:\/\/hi-nd.com\/#website"},"primaryImageOfPage":{"@id":"https:\/\/hi-nd.com\/es\/producto\/videorow-paisaje\/#primaryimage"},"image":{"@id":"https:\/\/hi-nd.com\/es\/producto\/videorow-paisaje\/#primaryimage"},"thumbnailUrl":"https:\/\/hi-nd.com\/wp-content\/uploads\/2021\/11\/VR-landscape-faste.png","datePublished":"2021-11-22T17:34:15+00:00","dateModified":"2024-02-22T20:19:51+00:00","description":"El videorow landscape permite construir de forma sencilla y muy rentable un menuboard con varias pantallas seguidas.","breadcrumb":{"@id":"https:\/\/hi-nd.com\/es\/producto\/videorow-paisaje\/#breadcrumb"},"inLanguage":"es","potentialAction":[{"@type":"ReadAction","target":["https:\/\/hi-nd.com\/es\/producto\/videorow-paisaje\/"]}]},{"@type":"ImageObject","inLanguage":"es","@id":"https:\/\/hi-nd.com\/es\/producto\/videorow-paisaje\/#primaryimage","url":"https:\/\/hi-nd.com\/wp-content\/uploads\/2021\/11\/VR-landscape-faste.png","contentUrl":"https:\/\/hi-nd.com\/wp-content\/uploads\/2021\/11\/VR-landscape-faste.png","width":750,"height":750},{"@type":"BreadcrumbList","@id":"https:\/\/hi-nd.com\/es\/producto\/videorow-paisaje\/#breadcrumb","itemListElement":[{"@type":"ListItem","position":1,"name":"Home","item":"https:\/\/hi-nd.com\/es\/"},{"@type":"ListItem","position":2,"name":"Tienda","item":"https:\/\/hi-nd.com\/es\/tienda\/"},{"@type":"ListItem","position":3,"name":"Videorow Paisaje"}]},{"@type":"WebSite","@id":"https:\/\/hi-nd.com\/#website","url":"https:\/\/hi-nd.com\/","name":"HI-ND","description":"Mounting Solutions","potentialAction":[{"@type":"SearchAction","target":{"@type":"EntryPoint","urlTemplate":"https:\/\/hi-nd.com\/?s={search_term_string}"},"query-input":{"@type":"PropertyValueSpecification","valueRequired":true,"valueName":"search_term_string"}}],"inLanguage":"es"}]}},"_links":{"self":[{"href":"https:\/\/hi-nd.com\/es\/wp-json\/wp\/v2\/product\/5805","targetHints":{"allow":["GET"]}}],"collection":[{"href":"https:\/\/hi-nd.com\/es\/wp-json\/wp\/v2\/product"}],"about":[{"href":"https:\/\/hi-nd.com\/es\/wp-json\/wp\/v2\/types\/product"}],"wp:featuredmedia":[{"embeddable":true,"href":"https:\/\/hi-nd.com\/es\/wp-json\/wp\/v2\/media\/3682"}],"wp:attachment":[{"href":"https:\/\/hi-nd.com\/es\/wp-json\/wp\/v2\/media?parent=5805"}],"wp:term":[{"taxonomy":"product_brand","embeddable":true,"href":"https:\/\/hi-nd.com\/es\/wp-json\/wp\/v2\/product_brand?post=5805"},{"taxonomy":"product_cat","embeddable":true,"href":"https:\/\/hi-nd.com\/es\/wp-json\/wp\/v2\/product_cat?post=5805"},{"taxonomy":"product_tag","embeddable":true,"href":"https:\/\/hi-nd.com\/es\/wp-json\/wp\/v2\/product_tag?post=5805"}],"curies":[{"name":"wp","href":"https:\/\/api.w.org\/{rel}","templated":true}]}}