{"id":5796,"date":"2021-11-18T21:30:40","date_gmt":"2021-11-18T20:30:40","guid":{"rendered":"https:\/\/hi-nd.com\/product\/revestimiento-mural-easy\/"},"modified":"2024-06-12T15:38:53","modified_gmt":"2024-06-12T13:38:53","slug":"revestimiento-mural-easy","status":"publish","type":"product","link":"https:\/\/hi-nd.com\/es\/producto\/revestimiento-mural-easy\/","title":{"rendered":"Revestimiento mural EASY"},"content":{"rendered":"<table width=\"987\">\n<tbody>\n<tr>\n<td width=\"155\"> N\u00famero de pieza<\/td>\n<td width=\"211\"> Descripci\u00f3n<\/td>\n<td width=\"66\"> Color<\/td>\n<td width=\"555\">  Pantallas compatibles<\/td>\n<\/tr>\n<tr>\n<td>  WC1312-5001-01<\/td>\n<td>  Revestimiento mural 13&#8243;, Vertical<\/td>\n<td> Blanco<\/td>\n<td width=\"555\">  QB13B<\/td>\n<\/tr>\n<tr>\n<td>  WC2412-5001-01<\/td>\n<td>  Revestimiento mural 24&#8243;, Retrato<\/td>\n<td> Blanco<\/td>\n<td width=\"555\">  QB24B<\/td>\n<\/tr>\n<tr>\n<td>  WC3200-5001-01<\/td>\n<td>  Revestimiento de pared 32&#8243;, Vertical<\/td>\n<td> Blanco<\/td>\n<td width=\"555\">  QM32B\/ LH32QMC<\/td>\n<\/tr>\n<tr>\n<td>  WC4300-5001-01<\/td>\n<td>  Revestimiento de pared 43&#8243;, Retrato<\/td>\n<td> Blanco<\/td>\n<td width=\"555\">  LH43QMC\/ LG 43UH7J-H, 43UH5N-E, 43UM5N-H<\/td>\n<\/tr>\n<tr>\n<td>  WC4900-5001-01<\/td>\n<td>  Revestimiento mural 49&#8243;, Retrato<\/td>\n<td> Blanco<\/td>\n<td width=\"555\">  LG 49UH7J-H, 49UH5N-E, 49UM5N-H<\/td>\n<\/tr>\n<tr>\n<td>  WC5012-5101-01<\/td>\n<td>  Carcasa de pared 50&#8243;, Vertical<\/td>\n<td> Blanco<\/td>\n<td width=\"555\">  LH50QMC<\/td>\n<\/tr>\n<tr>\n<td>  WC5500-5001-01<\/td>\n<td>  Revestimiento mural 55&#8243;, Vertical<\/td>\n<td> Blanco<\/td>\n<td width=\"555\">  LH55QMC\/ LG 55UH7J-H, 55UH5N-E, 55UM5N-H<\/td>\n<\/tr>\n<tr>\n<td>  WC6500-5001-01<\/td>\n<td>  Carcasa de pared 65&#8243;, Vertical<\/td>\n<td> Blanco<\/td>\n<td width=\"555\">  LH65QMC\/ LG 65UH7J-H, 65UH5N-E, 65UM5N-H<\/td>\n<\/tr>\n<tr>\n<td>  WC7500-5001-01<\/td>\n<td>  Revestimiento mural 75&#8243;, Retrato<\/td>\n<td> Blanco<\/td>\n<td width=\"555\">  QB75B\/QM75B\/QH75B\/QMC\/ LG 75UH5F<\/td>\n<\/tr>\n<tr>\n<td>  WC8512-5001-01<\/td>\n<td>  Revestimiento mural 85&#8243;, Retrato<\/td>\n<td> Blanco<\/td>\n<td>  LH85QMC<\/td>\n<\/tr>\n<tr>\n<td>  WC9812-5001-01<\/td>\n<td>  Revestimiento mural 98&#8243;, Retrato<\/td>\n<td> Blanco<\/td>\n<td>  QM98T-B\/ LG 98UH5J-H<\/td>\n<\/tr>\n<tr>\n<td>  WC1312-5001-02<\/td>\n<td>  Revestimiento mural 13&#8243;, Vertical<\/td>\n<td> Negro<\/td>\n<td width=\"555\">  QB13B<\/td>\n<\/tr>\n<tr>\n<td>  WC2412-5001-02<\/td>\n<td>  Revestimiento mural 24&#8243;, Retrato<\/td>\n<td> Negro<\/td>\n<td width=\"555\">  QB24B<\/td>\n<\/tr>\n<tr>\n<td>  WC3200-5001-02<\/td>\n<td>  Revestimiento de pared 32&#8243;, Vertical<\/td>\n<td> Negro<\/td>\n<td width=\"555\">  QM32B\/ LH32QMC<\/td>\n<\/tr>\n<tr>\n<td>  WC4300-5001-02<\/td>\n<td>  Revestimiento de pared 43&#8243;, Retrato<\/td>\n<td> Negro<\/td>\n<td width=\"555\">  LH43QMC\/ LG 43UH7J-H, 43UH5N-E, 43UM5N-H<\/td>\n<\/tr>\n<tr>\n<td>  WC4900-5001-02<\/td>\n<td>  Revestimiento mural 49&#8243;, Retrato<\/td>\n<td> Negro<\/td>\n<td width=\"555\">  LG 49UH7J-H, 49UH5N-E, 49UM5N-H<\/td>\n<\/tr>\n<tr>\n<td>  WC5012-5101-02<\/td>\n<td>  Carcasa de pared 50&#8243;, Vertical<\/td>\n<td> Negro<\/td>\n<td width=\"555\">  LH50QMC<\/td>\n<\/tr>\n<tr>\n<td>  WC5500-5001-02<\/td>\n<td>  Revestimiento mural 55&#8243;, Vertical<\/td>\n<td> Negro<\/td>\n<td width=\"555\">  LH55QMC\/ LG 55UH7J-H, 55UH5N-E, 55UM5N-H<\/td>\n<\/tr>\n<tr>\n<td>  WC6500-5001-02<\/td>\n<td>  Carcasa de pared 65&#8243;, Vertical<\/td>\n<td> Negro<\/td>\n<td width=\"555\">  LH65QMC\/ LG 65UH7J-H, 65UH5N-E, 65UM5N-H<\/td>\n<\/tr>\n<tr>\n<td>  WC7500-5001-02<\/td>\n<td>  Revestimiento mural 75&#8243;, Retrato<\/td>\n<td> Negro<\/td>\n<td width=\"555\">  QB75B\/QM75B\/QH75B\/QMC\/ LG 75UH5F<\/td>\n<\/tr>\n<tr>\n<td>  WC8512-5001-02<\/td>\n<td>  Revestimiento mural 85&#8243;, Retrato<\/td>\n<td> Negro<\/td>\n<td width=\"555\">  LH85QMC<\/td>\n<\/tr>\n<tr>\n<td>  WC9812-5001-02<\/td>\n<td>  Revestimiento mural 98&#8243;, Retrato<\/td>\n<td> Negro<\/td>\n<td width=\"555\">  QM98T-B\/ LG 98UH5J-H<\/td>\n<\/tr>\n<tr>\n<td>  WC3200-0101-01<\/td>\n<td>  Revestimiento de pared 32&#8243;, apaisado<\/td>\n<td> Blanco<\/td>\n<td width=\"555\">  QM32C\/ LG SM5J-B<\/td>\n<\/tr>\n<tr>\n<td>  WC3712-0101-01<\/td>\n<td>  Revestimiento de pared 37&#8243;, Paisaje<\/td>\n<td> Blanco<\/td>\n<td width=\"555\">  Samsung SH37C, LG37BH7N<\/td>\n<\/tr>\n<tr>\n<td>  WC4300-0101-01<\/td>\n<td>  Revestimiento de pared 43&#8243;, apaisado<\/td>\n<td> Blanco<\/td>\n<td width=\"555\">  QM43C\/ LG 43UH7J-H, 43UH5N-E, 43UM5N-H<\/td>\n<\/tr>\n<tr>\n<td>  WC4900-0101-01<\/td>\n<td>  Revestimiento mural 49&#8243;, apaisado<\/td>\n<td> Blanco<\/td>\n<td width=\"555\">  LG 49UH7J-H, 49UH5N-E, 49UM5N-H<\/td>\n<\/tr>\n<tr>\n<td>  WC5012-0201-01<\/td>\n<td>  Revestimiento de pared 50&#8243;, apaisado<\/td>\n<td> Blanco<\/td>\n<td width=\"555\">  LH50QMC<\/td>\n<\/tr>\n<tr>\n<td>  WC5500-0101-01<\/td>\n<td>  Revestimiento mural 55&#8243;, apaisado<\/td>\n<td> Blanco<\/td>\n<td width=\"555\">  LH55QMC\/ LG 55UH7J-H, 55UH5N-E, 55UM5N-H<\/td>\n<\/tr>\n<tr>\n<td>  WC6500-0101-01<\/td>\n<td>  Revestimiento mural 65&#8243;, apaisado<\/td>\n<td> Blanco<\/td>\n<td width=\"555\">  LH65QMC\/ LG 65UH7J-H, 65UH5N-E, 65UM5N-H<\/td>\n<\/tr>\n<tr>\n<td>  WC7500-0101-01<\/td>\n<td>  Revestimiento de pared 75&#8243;, apaisado<\/td>\n<td> Blanco<\/td>\n<td width=\"555\">  QB75B\/QM75B\/QH75B\/QMC\/ LG 75UH5F<\/td>\n<\/tr>\n<tr>\n<td>  WC8512-0101-01<\/td>\n<td>  Revestimiento de pared 85&#8243;, apaisado<\/td>\n<td> Blanco<\/td>\n<td width=\"555\">  LH85QMC\/ LG 85UH5F<\/td>\n<\/tr>\n<tr>\n<td>  WC9812-0101-01<\/td>\n<td>  Revestimiento de pared 98&#8243;, apaisado<\/td>\n<td> Blanco<\/td>\n<td width=\"555\">  QM98T-B\/ LG 98UH5J-H<\/td>\n<\/tr>\n<tr>\n<td>  WC3200-0101-02<\/td>\n<td>  Revestimiento de pared 32&#8243;, apaisado<\/td>\n<td> Negro<\/td>\n<td width=\"555\">  LH32QMC\/ LG SM5J-B<\/td>\n<\/tr>\n<tr>\n<td>  WC3712-0101-02<\/td>\n<td>  Revestimiento de pared 37&#8243;, Paisaje<\/td>\n<td> Negro<\/td>\n<td width=\"555\">  Samsung SH37C, LG37BH7N<\/td>\n<\/tr>\n<tr>\n<td>  WC4300-0101-02<\/td>\n<td>  Revestimiento de pared 43&#8243;, apaisado<\/td>\n<td> Negro<\/td>\n<td width=\"555\">  LH43QMC\/ LG 43UH7J-H, 43UH5N-E, 43UM5N-H<\/td>\n<\/tr>\n<tr>\n<td>  WC4900-0101-02<\/td>\n<td>  Revestimiento mural 49&#8243;, apaisado<\/td>\n<td> Negro<\/td>\n<td width=\"555\">  LG 49UH7J-H, 49UH5N-E, 49UM5N-H<\/td>\n<\/tr>\n<tr>\n<td>  WC5012-0201-02<\/td>\n<td>  Revestimiento de pared 50&#8243;, apaisado<\/td>\n<td> Negro<\/td>\n<td width=\"555\">  LH50QMC<\/td>\n<\/tr>\n<tr>\n<td>  WC5500-0101-02<\/td>\n<td>  Revestimiento mural 55&#8243;, apaisado<\/td>\n<td> Negro<\/td>\n<td width=\"555\">  LH55QMC\/ LG 55UH7J-H, 55UH5N-E, 55UM5N-H<\/td>\n<\/tr>\n<tr>\n<td>  WC6500-0101-02<\/td>\n<td>  Revestimiento mural 65&#8243;, apaisado<\/td>\n<td> Negro<\/td>\n<td width=\"555\">  LH65QMC\/ LG 65UH7J-H, 65UH5N-E, 65UM5N-H<\/td>\n<\/tr>\n<tr>\n<td>  WC7500-0101-02<\/td>\n<td>  Revestimiento de pared 75&#8243;, apaisado<\/td>\n<td> Negro<\/td>\n<td width=\"555\">  QB75B\/QM75B\/QH75B\/QMC\/ LG 75UH5F<\/td>\n<\/tr>\n<tr>\n<td>  WC8512-0101-02<\/td>\n<td>  Revestimiento de pared 85&#8243;, apaisado<\/td>\n<td> Negro<\/td>\n<td width=\"555\">  LH85QMC\/ LG 85UH5F<\/td>\n<\/tr>\n<tr>\n<td>  WC9812-0101-02<\/td>\n<td>  Revestimiento de pared 98&#8243;, apaisado<\/td>\n<td> Negro<\/td>\n<td width=\"555\">  QM98T-B\/ LG 98UH5J-H<\/td>\n<\/tr>\n<\/tbody>\n<\/table>\n","protected":false},"excerpt":{"rendered":"<p><strong>El revestimiento mural EASY ofrece una soluci\u00f3n sencilla y elegante para la instalaci\u00f3n en comercios minoristas.<\/strong><\/p>\n<p>La carcasa mural HI-ND EASY est\u00e1 dise\u00f1ada para dar una sensaci\u00f3n de se\u00f1alizaci\u00f3n profesional. Diferentes modelos en modo horizontal y vertical para permitir el flujo de aire de arriba a abajo, ya que s\u00f3lo los lados est\u00e1n cubiertos completamente a la pared. En el interior hay espacio para enchufes. Disponible en blanco y negro de serie, pero se pueden solicitar colores y materiales personalizados, como lat\u00f3n y acero inoxidable.<\/p>\n<ul>\n<li>Dise\u00f1ado para pantallas de Samsung y LG<\/li>\n<li>Espacio para enchufes<\/li>\n<li>Soporte de pantalla integrado<\/li>\n<li>Disponible en diferentes colores y materiales<\/li>\n<\/ul>\n","protected":false},"featured_media":6607,"template":"","meta":[],"product_brand":[],"product_cat":[94,93],"product_tag":[117],"class_list":{"0":"post-5796","1":"product","2":"type-product","3":"status-publish","4":"has-post-thumbnail","6":"product_cat-carcasa-es","7":"product_cat-pared","8":"product_tag-vaggskarm-es","10":"first","11":"instock","12":"shipping-taxable","13":"product-type-simple"},"yoast_head":"<!-- This site is optimized with the Yoast SEO plugin v27.3 - https:\/\/yoast.com\/product\/yoast-seo-wordpress\/ -->\n<title>Revestimiento mural EASY - HI-ND<\/title>\n<meta name=\"description\" content=\"El revestimiento mural EASY ofrece una soluci\u00f3n elegante para los comercios minoristas. La carcasa mural EASY est\u00e1 dise\u00f1ada para dar una sensaci\u00f3n de se\u00f1alizaci\u00f3n profesional.\" \/>\n<meta name=\"robots\" content=\"index, follow, max-snippet:-1, max-image-preview:large, max-video-preview:-1\" \/>\n<link rel=\"canonical\" href=\"https:\/\/hi-nd.com\/es\/producto\/revestimiento-mural-easy\/\" \/>\n<meta property=\"og:locale\" content=\"es_ES\" \/>\n<meta property=\"og:type\" content=\"article\" \/>\n<meta property=\"og:title\" content=\"Revestimiento mural EASY - HI-ND\" \/>\n<meta property=\"og:description\" content=\"El revestimiento mural EASY ofrece una soluci\u00f3n elegante para los comercios minoristas. La carcasa mural EASY est\u00e1 dise\u00f1ada para dar una sensaci\u00f3n de se\u00f1alizaci\u00f3n profesional.\" \/>\n<meta property=\"og:url\" content=\"https:\/\/hi-nd.com\/es\/producto\/revestimiento-mural-easy\/\" \/>\n<meta property=\"og:site_name\" content=\"HI-ND\" \/>\n<meta property=\"article:modified_time\" content=\"2024-06-12T13:38:53+00:00\" \/>\n<meta property=\"og:image\" content=\"https:\/\/hi-nd.com\/wp-content\/uploads\/2021\/11\/WC8512-5001-01-750x750-1.jpg\" \/>\n\t<meta property=\"og:image:width\" content=\"750\" \/>\n\t<meta property=\"og:image:height\" content=\"750\" \/>\n\t<meta property=\"og:image:type\" content=\"image\/jpeg\" \/>\n<meta name=\"twitter:card\" content=\"summary_large_image\" \/>\n<meta name=\"twitter:label1\" content=\"Tiempo de lectura\" \/>\n\t<meta name=\"twitter:data1\" content=\"3 minutos\" \/>\n<script type=\"application\/ld+json\" class=\"yoast-schema-graph\">{\"@context\":\"https:\\\/\\\/schema.org\",\"@graph\":[{\"@type\":\"WebPage\",\"@id\":\"https:\\\/\\\/hi-nd.com\\\/es\\\/producto\\\/revestimiento-mural-easy\\\/\",\"url\":\"https:\\\/\\\/hi-nd.com\\\/es\\\/producto\\\/revestimiento-mural-easy\\\/\",\"name\":\"Revestimiento mural EASY - HI-ND\",\"isPartOf\":{\"@id\":\"https:\\\/\\\/hi-nd.com\\\/#website\"},\"primaryImageOfPage\":{\"@id\":\"https:\\\/\\\/hi-nd.com\\\/es\\\/producto\\\/revestimiento-mural-easy\\\/#primaryimage\"},\"image\":{\"@id\":\"https:\\\/\\\/hi-nd.com\\\/es\\\/producto\\\/revestimiento-mural-easy\\\/#primaryimage\"},\"thumbnailUrl\":\"https:\\\/\\\/hi-nd.com\\\/wp-content\\\/uploads\\\/2021\\\/11\\\/WC8512-5001-01-750x750-1.jpg\",\"datePublished\":\"2021-11-18T20:30:40+00:00\",\"dateModified\":\"2024-06-12T13:38:53+00:00\",\"description\":\"El revestimiento mural EASY ofrece una soluci\u00f3n elegante para los comercios minoristas. La carcasa mural EASY est\u00e1 dise\u00f1ada para dar una sensaci\u00f3n de se\u00f1alizaci\u00f3n profesional.\",\"breadcrumb\":{\"@id\":\"https:\\\/\\\/hi-nd.com\\\/es\\\/producto\\\/revestimiento-mural-easy\\\/#breadcrumb\"},\"inLanguage\":\"es\",\"potentialAction\":[{\"@type\":\"ReadAction\",\"target\":[\"https:\\\/\\\/hi-nd.com\\\/es\\\/producto\\\/revestimiento-mural-easy\\\/\"]}]},{\"@type\":\"ImageObject\",\"inLanguage\":\"es\",\"@id\":\"https:\\\/\\\/hi-nd.com\\\/es\\\/producto\\\/revestimiento-mural-easy\\\/#primaryimage\",\"url\":\"https:\\\/\\\/hi-nd.com\\\/wp-content\\\/uploads\\\/2021\\\/11\\\/WC8512-5001-01-750x750-1.jpg\",\"contentUrl\":\"https:\\\/\\\/hi-nd.com\\\/wp-content\\\/uploads\\\/2021\\\/11\\\/WC8512-5001-01-750x750-1.jpg\",\"width\":750,\"height\":750,\"caption\":\"Revestimiento de pared\"},{\"@type\":\"BreadcrumbList\",\"@id\":\"https:\\\/\\\/hi-nd.com\\\/es\\\/producto\\\/revestimiento-mural-easy\\\/#breadcrumb\",\"itemListElement\":[{\"@type\":\"ListItem\",\"position\":1,\"name\":\"Home\",\"item\":\"https:\\\/\\\/hi-nd.com\\\/es\\\/\"},{\"@type\":\"ListItem\",\"position\":2,\"name\":\"Tienda\",\"item\":\"https:\\\/\\\/hi-nd.com\\\/es\\\/tienda\\\/\"},{\"@type\":\"ListItem\",\"position\":3,\"name\":\"Revestimiento mural EASY\"}]},{\"@type\":\"WebSite\",\"@id\":\"https:\\\/\\\/hi-nd.com\\\/#website\",\"url\":\"https:\\\/\\\/hi-nd.com\\\/\",\"name\":\"HI-ND\",\"description\":\"Mounting Solutions\",\"potentialAction\":[{\"@type\":\"SearchAction\",\"target\":{\"@type\":\"EntryPoint\",\"urlTemplate\":\"https:\\\/\\\/hi-nd.com\\\/?s={search_term_string}\"},\"query-input\":{\"@type\":\"PropertyValueSpecification\",\"valueRequired\":true,\"valueName\":\"search_term_string\"}}],\"inLanguage\":\"es\"}]}<\/script>\n<!-- \/ Yoast SEO plugin. -->","yoast_head_json":{"title":"Revestimiento mural EASY - HI-ND","description":"El revestimiento mural EASY ofrece una soluci\u00f3n elegante para los comercios minoristas. La carcasa mural EASY est\u00e1 dise\u00f1ada para dar una sensaci\u00f3n de se\u00f1alizaci\u00f3n profesional.","robots":{"index":"index","follow":"follow","max-snippet":"max-snippet:-1","max-image-preview":"max-image-preview:large","max-video-preview":"max-video-preview:-1"},"canonical":"https:\/\/hi-nd.com\/es\/producto\/revestimiento-mural-easy\/","og_locale":"es_ES","og_type":"article","og_title":"Revestimiento mural EASY - HI-ND","og_description":"El revestimiento mural EASY ofrece una soluci\u00f3n elegante para los comercios minoristas. La carcasa mural EASY est\u00e1 dise\u00f1ada para dar una sensaci\u00f3n de se\u00f1alizaci\u00f3n profesional.","og_url":"https:\/\/hi-nd.com\/es\/producto\/revestimiento-mural-easy\/","og_site_name":"HI-ND","article_modified_time":"2024-06-12T13:38:53+00:00","og_image":[{"width":750,"height":750,"url":"https:\/\/hi-nd.com\/wp-content\/uploads\/2021\/11\/WC8512-5001-01-750x750-1.jpg","type":"image\/jpeg"}],"twitter_card":"summary_large_image","twitter_misc":{"Tiempo de lectura":"3 minutos"},"schema":{"@context":"https:\/\/schema.org","@graph":[{"@type":"WebPage","@id":"https:\/\/hi-nd.com\/es\/producto\/revestimiento-mural-easy\/","url":"https:\/\/hi-nd.com\/es\/producto\/revestimiento-mural-easy\/","name":"Revestimiento mural EASY - HI-ND","isPartOf":{"@id":"https:\/\/hi-nd.com\/#website"},"primaryImageOfPage":{"@id":"https:\/\/hi-nd.com\/es\/producto\/revestimiento-mural-easy\/#primaryimage"},"image":{"@id":"https:\/\/hi-nd.com\/es\/producto\/revestimiento-mural-easy\/#primaryimage"},"thumbnailUrl":"https:\/\/hi-nd.com\/wp-content\/uploads\/2021\/11\/WC8512-5001-01-750x750-1.jpg","datePublished":"2021-11-18T20:30:40+00:00","dateModified":"2024-06-12T13:38:53+00:00","description":"El revestimiento mural EASY ofrece una soluci\u00f3n elegante para los comercios minoristas. La carcasa mural EASY est\u00e1 dise\u00f1ada para dar una sensaci\u00f3n de se\u00f1alizaci\u00f3n profesional.","breadcrumb":{"@id":"https:\/\/hi-nd.com\/es\/producto\/revestimiento-mural-easy\/#breadcrumb"},"inLanguage":"es","potentialAction":[{"@type":"ReadAction","target":["https:\/\/hi-nd.com\/es\/producto\/revestimiento-mural-easy\/"]}]},{"@type":"ImageObject","inLanguage":"es","@id":"https:\/\/hi-nd.com\/es\/producto\/revestimiento-mural-easy\/#primaryimage","url":"https:\/\/hi-nd.com\/wp-content\/uploads\/2021\/11\/WC8512-5001-01-750x750-1.jpg","contentUrl":"https:\/\/hi-nd.com\/wp-content\/uploads\/2021\/11\/WC8512-5001-01-750x750-1.jpg","width":750,"height":750,"caption":"Revestimiento de pared"},{"@type":"BreadcrumbList","@id":"https:\/\/hi-nd.com\/es\/producto\/revestimiento-mural-easy\/#breadcrumb","itemListElement":[{"@type":"ListItem","position":1,"name":"Home","item":"https:\/\/hi-nd.com\/es\/"},{"@type":"ListItem","position":2,"name":"Tienda","item":"https:\/\/hi-nd.com\/es\/tienda\/"},{"@type":"ListItem","position":3,"name":"Revestimiento mural EASY"}]},{"@type":"WebSite","@id":"https:\/\/hi-nd.com\/#website","url":"https:\/\/hi-nd.com\/","name":"HI-ND","description":"Mounting Solutions","potentialAction":[{"@type":"SearchAction","target":{"@type":"EntryPoint","urlTemplate":"https:\/\/hi-nd.com\/?s={search_term_string}"},"query-input":{"@type":"PropertyValueSpecification","valueRequired":true,"valueName":"search_term_string"}}],"inLanguage":"es"}]}},"_links":{"self":[{"href":"https:\/\/hi-nd.com\/es\/wp-json\/wp\/v2\/product\/5796","targetHints":{"allow":["GET"]}}],"collection":[{"href":"https:\/\/hi-nd.com\/es\/wp-json\/wp\/v2\/product"}],"about":[{"href":"https:\/\/hi-nd.com\/es\/wp-json\/wp\/v2\/types\/product"}],"wp:featuredmedia":[{"embeddable":true,"href":"https:\/\/hi-nd.com\/es\/wp-json\/wp\/v2\/media\/6607"}],"wp:attachment":[{"href":"https:\/\/hi-nd.com\/es\/wp-json\/wp\/v2\/media?parent=5796"}],"wp:term":[{"taxonomy":"product_brand","embeddable":true,"href":"https:\/\/hi-nd.com\/es\/wp-json\/wp\/v2\/product_brand?post=5796"},{"taxonomy":"product_cat","embeddable":true,"href":"https:\/\/hi-nd.com\/es\/wp-json\/wp\/v2\/product_cat?post=5796"},{"taxonomy":"product_tag","embeddable":true,"href":"https:\/\/hi-nd.com\/es\/wp-json\/wp\/v2\/product_tag?post=5796"}],"curies":[{"name":"wp","href":"https:\/\/api.w.org\/{rel}","templated":true}]}}