{"id":5791,"date":"2022-01-20T17:02:46","date_gmt":"2022-01-20T16:02:46","guid":{"rendered":"https:\/\/hi-nd.com\/product\/pie-de-cristal\/"},"modified":"2024-02-22T21:20:14","modified_gmt":"2024-02-22T20:20:14","slug":"pie-de-cristal","status":"publish","type":"product","link":"https:\/\/hi-nd.com\/es\/producto\/pie-de-cristal\/","title":{"rendered":"Pie de cristal"},"content":{"rendered":"<table width=\"776\">\n<tbody>\n<tr>\n<td width=\"184\">N\u00famero de pieza<\/td>\n<td width=\"465\">Descripci\u00f3n<\/td>\n<td width=\"127\">Color<\/td>\n<\/tr>\n<tr>\n<td>FS0000-5001-01<\/td>\n<td>Soporte de suelo est\u00e1ndar, decoraci\u00f3n de cristal impreso blanco, 49&#8243; &#8211; 65<\/td>\n<td>Blanco<\/td>\n<\/tr>\n<tr>\n<td>FS0000-5001-02<\/td>\n<td>Soporte de suelo est\u00e1ndar, decoraci\u00f3n de cristal impreso negro, 49&#8243; &#8211; 65<\/td>\n<td>Negro<\/td>\n<\/tr>\n<\/tbody>\n<\/table>\n","protected":false},"excerpt":{"rendered":"<p><strong>Cree un look exclusivo<\/strong><\/p>\n<p>Nuestro pie de cristal universal est\u00e1 dise\u00f1ado para pantallas de 49\u2033 a 65\u2033. Utilizamos un cristal impreso en el pilar situado debajo de la pantalla. Esta caracter\u00edstica da una sensaci\u00f3n de exclusividad. Es perfecto para salas de conferencias y entornos de oficina. Las pantallas pueden utilizarse tanto en modo horizontal como vertical. Recomendamos a\u00f1adir la cubierta frontal HI-ND cuando se utilice un cristal universal de pie blanco.<\/p>\n<ul>\n<li>Vidrio impreso como frente de columna bajo el expositor<\/li>\n<li>Estante dentro del pilar para reproductor multimedia externo<\/li>\n<li>Logotipo impreso en el cristal frontal como opci\u00f3n<\/li>\n<li>VESA 200\u00d7200\/300\u00d7300\/400\u00d7400<\/li>\n<li>Color blanco y negro de serie<\/li>\n<li>Estante interior para reproductor multimedia<\/li>\n<li>Opci\u00f3n de a\u00f1adir cubierta frontal HI-ND<\/li>\n<\/ul>\n","protected":false},"featured_media":3901,"template":"","meta":[],"product_brand":[],"product_cat":[71,113],"product_tag":[],"class_list":{"0":"post-5791","1":"product","2":"type-product","3":"status-publish","4":"has-post-thumbnail","6":"product_cat-piso","7":"product_cat-soporte-de-suelo","9":"first","10":"instock","11":"shipping-taxable","12":"product-type-simple"},"yoast_head":"<!-- This site is optimized with the Yoast SEO plugin v27.4 - https:\/\/yoast.com\/product\/yoast-seo-wordpress\/ -->\n<title>Pie de cristal - HI-ND<\/title>\n<meta name=\"description\" content=\"HI-ND soporte de suelo de cristal universal est\u00e1 dise\u00f1ado para pantallas en tama\u00f1os de 49&quot; a 65\u2033. Utilizamos un cristal impreso en el pilar situado debajo de la pantalla.\" \/>\n<meta name=\"robots\" content=\"index, follow, max-snippet:-1, max-image-preview:large, max-video-preview:-1\" \/>\n<link rel=\"canonical\" href=\"https:\/\/hi-nd.com\/es\/producto\/pie-de-cristal\/\" \/>\n<meta property=\"og:locale\" content=\"es_ES\" \/>\n<meta property=\"og:type\" content=\"article\" \/>\n<meta property=\"og:title\" content=\"Pie de cristal - HI-ND\" \/>\n<meta property=\"og:description\" content=\"HI-ND soporte de suelo de cristal universal est\u00e1 dise\u00f1ado para pantallas en tama\u00f1os de 49&quot; a 65\u2033. Utilizamos un cristal impreso en el pilar situado debajo de la pantalla.\" \/>\n<meta property=\"og:url\" content=\"https:\/\/hi-nd.com\/es\/producto\/pie-de-cristal\/\" \/>\n<meta property=\"og:site_name\" content=\"HI-ND\" \/>\n<meta property=\"article:modified_time\" content=\"2024-02-22T20:20:14+00:00\" \/>\n<meta property=\"og:image\" content=\"https:\/\/hi-nd.com\/wp-content\/uploads\/2022\/01\/FS-glass-stativ.png\" \/>\n\t<meta property=\"og:image:width\" content=\"750\" \/>\n\t<meta property=\"og:image:height\" content=\"750\" \/>\n\t<meta property=\"og:image:type\" content=\"image\/png\" \/>\n<meta name=\"twitter:card\" content=\"summary_large_image\" \/>\n<script type=\"application\/ld+json\" class=\"yoast-schema-graph\">{\"@context\":\"https:\\\/\\\/schema.org\",\"@graph\":[{\"@type\":\"WebPage\",\"@id\":\"https:\\\/\\\/hi-nd.com\\\/es\\\/producto\\\/pie-de-cristal\\\/\",\"url\":\"https:\\\/\\\/hi-nd.com\\\/es\\\/producto\\\/pie-de-cristal\\\/\",\"name\":\"Pie de cristal - HI-ND\",\"isPartOf\":{\"@id\":\"https:\\\/\\\/hi-nd.com\\\/#website\"},\"primaryImageOfPage\":{\"@id\":\"https:\\\/\\\/hi-nd.com\\\/es\\\/producto\\\/pie-de-cristal\\\/#primaryimage\"},\"image\":{\"@id\":\"https:\\\/\\\/hi-nd.com\\\/es\\\/producto\\\/pie-de-cristal\\\/#primaryimage\"},\"thumbnailUrl\":\"https:\\\/\\\/hi-nd.com\\\/wp-content\\\/uploads\\\/2022\\\/01\\\/FS-glass-stativ.png\",\"datePublished\":\"2022-01-20T16:02:46+00:00\",\"dateModified\":\"2024-02-22T20:20:14+00:00\",\"description\":\"HI-ND soporte de suelo de cristal universal est\u00e1 dise\u00f1ado para pantallas en tama\u00f1os de 49\\\" a 65\u2033. Utilizamos un cristal impreso en el pilar situado debajo de la pantalla.\",\"breadcrumb\":{\"@id\":\"https:\\\/\\\/hi-nd.com\\\/es\\\/producto\\\/pie-de-cristal\\\/#breadcrumb\"},\"inLanguage\":\"es\",\"potentialAction\":[{\"@type\":\"ReadAction\",\"target\":[\"https:\\\/\\\/hi-nd.com\\\/es\\\/producto\\\/pie-de-cristal\\\/\"]}]},{\"@type\":\"ImageObject\",\"inLanguage\":\"es\",\"@id\":\"https:\\\/\\\/hi-nd.com\\\/es\\\/producto\\\/pie-de-cristal\\\/#primaryimage\",\"url\":\"https:\\\/\\\/hi-nd.com\\\/wp-content\\\/uploads\\\/2022\\\/01\\\/FS-glass-stativ.png\",\"contentUrl\":\"https:\\\/\\\/hi-nd.com\\\/wp-content\\\/uploads\\\/2022\\\/01\\\/FS-glass-stativ.png\",\"width\":750,\"height\":750},{\"@type\":\"BreadcrumbList\",\"@id\":\"https:\\\/\\\/hi-nd.com\\\/es\\\/producto\\\/pie-de-cristal\\\/#breadcrumb\",\"itemListElement\":[{\"@type\":\"ListItem\",\"position\":1,\"name\":\"Home\",\"item\":\"https:\\\/\\\/hi-nd.com\\\/es\\\/\"},{\"@type\":\"ListItem\",\"position\":2,\"name\":\"Tienda\",\"item\":\"https:\\\/\\\/hi-nd.com\\\/es\\\/tienda\\\/\"},{\"@type\":\"ListItem\",\"position\":3,\"name\":\"Pie de cristal\"}]},{\"@type\":\"WebSite\",\"@id\":\"https:\\\/\\\/hi-nd.com\\\/#website\",\"url\":\"https:\\\/\\\/hi-nd.com\\\/\",\"name\":\"HI-ND\",\"description\":\"Mounting Solutions\",\"potentialAction\":[{\"@type\":\"SearchAction\",\"target\":{\"@type\":\"EntryPoint\",\"urlTemplate\":\"https:\\\/\\\/hi-nd.com\\\/?s={search_term_string}\"},\"query-input\":{\"@type\":\"PropertyValueSpecification\",\"valueRequired\":true,\"valueName\":\"search_term_string\"}}],\"inLanguage\":\"es\"}]}<\/script>\n<!-- \/ Yoast SEO plugin. -->","yoast_head_json":{"title":"Pie de cristal - HI-ND","description":"HI-ND soporte de suelo de cristal universal est\u00e1 dise\u00f1ado para pantallas en tama\u00f1os de 49\" a 65\u2033. Utilizamos un cristal impreso en el pilar situado debajo de la pantalla.","robots":{"index":"index","follow":"follow","max-snippet":"max-snippet:-1","max-image-preview":"max-image-preview:large","max-video-preview":"max-video-preview:-1"},"canonical":"https:\/\/hi-nd.com\/es\/producto\/pie-de-cristal\/","og_locale":"es_ES","og_type":"article","og_title":"Pie de cristal - HI-ND","og_description":"HI-ND soporte de suelo de cristal universal est\u00e1 dise\u00f1ado para pantallas en tama\u00f1os de 49\" a 65\u2033. Utilizamos un cristal impreso en el pilar situado debajo de la pantalla.","og_url":"https:\/\/hi-nd.com\/es\/producto\/pie-de-cristal\/","og_site_name":"HI-ND","article_modified_time":"2024-02-22T20:20:14+00:00","og_image":[{"width":750,"height":750,"url":"https:\/\/hi-nd.com\/wp-content\/uploads\/2022\/01\/FS-glass-stativ.png","type":"image\/png"}],"twitter_card":"summary_large_image","schema":{"@context":"https:\/\/schema.org","@graph":[{"@type":"WebPage","@id":"https:\/\/hi-nd.com\/es\/producto\/pie-de-cristal\/","url":"https:\/\/hi-nd.com\/es\/producto\/pie-de-cristal\/","name":"Pie de cristal - HI-ND","isPartOf":{"@id":"https:\/\/hi-nd.com\/#website"},"primaryImageOfPage":{"@id":"https:\/\/hi-nd.com\/es\/producto\/pie-de-cristal\/#primaryimage"},"image":{"@id":"https:\/\/hi-nd.com\/es\/producto\/pie-de-cristal\/#primaryimage"},"thumbnailUrl":"https:\/\/hi-nd.com\/wp-content\/uploads\/2022\/01\/FS-glass-stativ.png","datePublished":"2022-01-20T16:02:46+00:00","dateModified":"2024-02-22T20:20:14+00:00","description":"HI-ND soporte de suelo de cristal universal est\u00e1 dise\u00f1ado para pantallas en tama\u00f1os de 49\" a 65\u2033. Utilizamos un cristal impreso en el pilar situado debajo de la pantalla.","breadcrumb":{"@id":"https:\/\/hi-nd.com\/es\/producto\/pie-de-cristal\/#breadcrumb"},"inLanguage":"es","potentialAction":[{"@type":"ReadAction","target":["https:\/\/hi-nd.com\/es\/producto\/pie-de-cristal\/"]}]},{"@type":"ImageObject","inLanguage":"es","@id":"https:\/\/hi-nd.com\/es\/producto\/pie-de-cristal\/#primaryimage","url":"https:\/\/hi-nd.com\/wp-content\/uploads\/2022\/01\/FS-glass-stativ.png","contentUrl":"https:\/\/hi-nd.com\/wp-content\/uploads\/2022\/01\/FS-glass-stativ.png","width":750,"height":750},{"@type":"BreadcrumbList","@id":"https:\/\/hi-nd.com\/es\/producto\/pie-de-cristal\/#breadcrumb","itemListElement":[{"@type":"ListItem","position":1,"name":"Home","item":"https:\/\/hi-nd.com\/es\/"},{"@type":"ListItem","position":2,"name":"Tienda","item":"https:\/\/hi-nd.com\/es\/tienda\/"},{"@type":"ListItem","position":3,"name":"Pie de cristal"}]},{"@type":"WebSite","@id":"https:\/\/hi-nd.com\/#website","url":"https:\/\/hi-nd.com\/","name":"HI-ND","description":"Mounting Solutions","potentialAction":[{"@type":"SearchAction","target":{"@type":"EntryPoint","urlTemplate":"https:\/\/hi-nd.com\/?s={search_term_string}"},"query-input":{"@type":"PropertyValueSpecification","valueRequired":true,"valueName":"search_term_string"}}],"inLanguage":"es"}]}},"_links":{"self":[{"href":"https:\/\/hi-nd.com\/es\/wp-json\/wp\/v2\/product\/5791","targetHints":{"allow":["GET"]}}],"collection":[{"href":"https:\/\/hi-nd.com\/es\/wp-json\/wp\/v2\/product"}],"about":[{"href":"https:\/\/hi-nd.com\/es\/wp-json\/wp\/v2\/types\/product"}],"wp:featuredmedia":[{"embeddable":true,"href":"https:\/\/hi-nd.com\/es\/wp-json\/wp\/v2\/media\/3901"}],"wp:attachment":[{"href":"https:\/\/hi-nd.com\/es\/wp-json\/wp\/v2\/media?parent=5791"}],"wp:term":[{"taxonomy":"product_brand","embeddable":true,"href":"https:\/\/hi-nd.com\/es\/wp-json\/wp\/v2\/product_brand?post=5791"},{"taxonomy":"product_cat","embeddable":true,"href":"https:\/\/hi-nd.com\/es\/wp-json\/wp\/v2\/product_cat?post=5791"},{"taxonomy":"product_tag","embeddable":true,"href":"https:\/\/hi-nd.com\/es\/wp-json\/wp\/v2\/product_tag?post=5791"}],"curies":[{"name":"wp","href":"https:\/\/api.w.org\/{rel}","templated":true}]}}