{"id":5790,"date":"2021-11-22T19:07:48","date_gmt":"2021-11-22T18:07:48","guid":{"rendered":"https:\/\/hi-nd.com\/product\/pilar-universal\/"},"modified":"2024-05-27T15:09:49","modified_gmt":"2024-05-27T13:09:49","slug":"pilar-universal","status":"publish","type":"product","link":"https:\/\/hi-nd.com\/es\/producto\/pilar-universal\/","title":{"rendered":"Pilar Universal"},"content":{"rendered":"<table style=\"font-size: 14.4px;\" width=\"753\">\n<tbody>\n<tr>\n<td width=\"125\">N\u00famero de pieza<\/td>\n<td width=\"581\">Descripci\u00f3n<\/td>\n<td width=\"47\">Color<\/td>\n<\/tr>\n<tr>\n<td>PM2020-0102-01<\/td>\n<td>Soporte universal para columna &#8211; Hasta 38 cm de di\u00e1metro<\/td>\n<td>Blanco<\/td>\n<\/tr>\n<tr>\n<td>PM2020-0102-02<\/td>\n<td>Soporte universal para columna &#8211; Hasta 38 cm de di\u00e1metro<\/td>\n<td>Negro<\/td>\n<\/tr>\n<\/tbody>\n<\/table>\n","protected":false},"excerpt":{"rendered":"<p>El soporte de columna HI-ND se puede utilizar para cualquier columna circular. Funciona con VESA 200\u00d7200, 300\u00d7300. La pantalla puede inclinarse hasta 15 grados. La banda met\u00e1lica se suministra en distintos colores y longitudes para adaptarse a todos los tama\u00f1os de pilares.<\/p>\n<ul>\n<li>Dise\u00f1ado para pantallas de 32\u2033 a 55<\/li>\n<li>VESA 200\u00d7200, 300\u00d7300<\/li>\n<li>Inclinaci\u00f3n de hasta 15 grados<\/li>\n<li>Soluci\u00f3n universal para diferentes tama\u00f1os de pilares<\/li>\n<li>Se suministra en blanco o negro<\/li>\n<\/ul>\n","protected":false},"featured_media":3877,"template":"","meta":[],"product_brand":[],"product_cat":[112],"product_tag":[],"class_list":{"0":"post-5790","1":"product","2":"type-product","3":"status-publish","4":"has-post-thumbnail","6":"product_cat-pilar","8":"first","9":"instock","10":"shipping-taxable","11":"product-type-simple"},"yoast_head":"<!-- This site is optimized with the Yoast SEO plugin v27.4 - https:\/\/yoast.com\/product\/yoast-seo-wordpress\/ -->\n<title>Pilar Universal - HI-ND<\/title>\n<meta name=\"description\" content=\"El soporte de columna HI-ND se puede utilizar para cualquier columna circular. Funciona con VESA 200\u00d7200, 300\u00d7300, 400\u00d7400. Puede inclinarse hasta 15 grados.\" \/>\n<meta name=\"robots\" content=\"index, follow, max-snippet:-1, max-image-preview:large, max-video-preview:-1\" \/>\n<link rel=\"canonical\" href=\"https:\/\/hi-nd.com\/es\/producto\/pilar-universal\/\" \/>\n<meta property=\"og:locale\" content=\"es_ES\" \/>\n<meta property=\"og:type\" content=\"article\" \/>\n<meta property=\"og:title\" content=\"Pilar Universal - HI-ND\" \/>\n<meta property=\"og:description\" content=\"El soporte de columna HI-ND se puede utilizar para cualquier columna circular. Funciona con VESA 200\u00d7200, 300\u00d7300, 400\u00d7400. Puede inclinarse hasta 15 grados.\" \/>\n<meta property=\"og:url\" content=\"https:\/\/hi-nd.com\/es\/producto\/pilar-universal\/\" \/>\n<meta property=\"og:site_name\" content=\"HI-ND\" \/>\n<meta property=\"article:modified_time\" content=\"2024-05-27T13:09:49+00:00\" \/>\n<meta property=\"og:image\" content=\"https:\/\/hi-nd.com\/wp-content\/uploads\/2021\/11\/pillar-mount-web.png\" \/>\n\t<meta property=\"og:image:width\" content=\"750\" \/>\n\t<meta property=\"og:image:height\" content=\"750\" \/>\n\t<meta property=\"og:image:type\" content=\"image\/png\" \/>\n<meta name=\"twitter:card\" content=\"summary_large_image\" \/>\n<script type=\"application\/ld+json\" class=\"yoast-schema-graph\">{\"@context\":\"https:\\\/\\\/schema.org\",\"@graph\":[{\"@type\":\"WebPage\",\"@id\":\"https:\\\/\\\/hi-nd.com\\\/es\\\/producto\\\/pilar-universal\\\/\",\"url\":\"https:\\\/\\\/hi-nd.com\\\/es\\\/producto\\\/pilar-universal\\\/\",\"name\":\"Pilar Universal - HI-ND\",\"isPartOf\":{\"@id\":\"https:\\\/\\\/hi-nd.com\\\/#website\"},\"primaryImageOfPage\":{\"@id\":\"https:\\\/\\\/hi-nd.com\\\/es\\\/producto\\\/pilar-universal\\\/#primaryimage\"},\"image\":{\"@id\":\"https:\\\/\\\/hi-nd.com\\\/es\\\/producto\\\/pilar-universal\\\/#primaryimage\"},\"thumbnailUrl\":\"https:\\\/\\\/hi-nd.com\\\/wp-content\\\/uploads\\\/2021\\\/11\\\/pillar-mount-web.png\",\"datePublished\":\"2021-11-22T18:07:48+00:00\",\"dateModified\":\"2024-05-27T13:09:49+00:00\",\"description\":\"El soporte de columna HI-ND se puede utilizar para cualquier columna circular. Funciona con VESA 200\u00d7200, 300\u00d7300, 400\u00d7400. Puede inclinarse hasta 15 grados.\",\"breadcrumb\":{\"@id\":\"https:\\\/\\\/hi-nd.com\\\/es\\\/producto\\\/pilar-universal\\\/#breadcrumb\"},\"inLanguage\":\"es\",\"potentialAction\":[{\"@type\":\"ReadAction\",\"target\":[\"https:\\\/\\\/hi-nd.com\\\/es\\\/producto\\\/pilar-universal\\\/\"]}]},{\"@type\":\"ImageObject\",\"inLanguage\":\"es\",\"@id\":\"https:\\\/\\\/hi-nd.com\\\/es\\\/producto\\\/pilar-universal\\\/#primaryimage\",\"url\":\"https:\\\/\\\/hi-nd.com\\\/wp-content\\\/uploads\\\/2021\\\/11\\\/pillar-mount-web.png\",\"contentUrl\":\"https:\\\/\\\/hi-nd.com\\\/wp-content\\\/uploads\\\/2021\\\/11\\\/pillar-mount-web.png\",\"width\":750,\"height\":750,\"caption\":\"Pillar Mount\"},{\"@type\":\"BreadcrumbList\",\"@id\":\"https:\\\/\\\/hi-nd.com\\\/es\\\/producto\\\/pilar-universal\\\/#breadcrumb\",\"itemListElement\":[{\"@type\":\"ListItem\",\"position\":1,\"name\":\"Home\",\"item\":\"https:\\\/\\\/hi-nd.com\\\/es\\\/\"},{\"@type\":\"ListItem\",\"position\":2,\"name\":\"Tienda\",\"item\":\"https:\\\/\\\/hi-nd.com\\\/es\\\/tienda\\\/\"},{\"@type\":\"ListItem\",\"position\":3,\"name\":\"Pilar Universal\"}]},{\"@type\":\"WebSite\",\"@id\":\"https:\\\/\\\/hi-nd.com\\\/#website\",\"url\":\"https:\\\/\\\/hi-nd.com\\\/\",\"name\":\"HI-ND\",\"description\":\"Mounting Solutions\",\"potentialAction\":[{\"@type\":\"SearchAction\",\"target\":{\"@type\":\"EntryPoint\",\"urlTemplate\":\"https:\\\/\\\/hi-nd.com\\\/?s={search_term_string}\"},\"query-input\":{\"@type\":\"PropertyValueSpecification\",\"valueRequired\":true,\"valueName\":\"search_term_string\"}}],\"inLanguage\":\"es\"}]}<\/script>\n<!-- \/ Yoast SEO plugin. -->","yoast_head_json":{"title":"Pilar Universal - HI-ND","description":"El soporte de columna HI-ND se puede utilizar para cualquier columna circular. Funciona con VESA 200\u00d7200, 300\u00d7300, 400\u00d7400. Puede inclinarse hasta 15 grados.","robots":{"index":"index","follow":"follow","max-snippet":"max-snippet:-1","max-image-preview":"max-image-preview:large","max-video-preview":"max-video-preview:-1"},"canonical":"https:\/\/hi-nd.com\/es\/producto\/pilar-universal\/","og_locale":"es_ES","og_type":"article","og_title":"Pilar Universal - HI-ND","og_description":"El soporte de columna HI-ND se puede utilizar para cualquier columna circular. Funciona con VESA 200\u00d7200, 300\u00d7300, 400\u00d7400. Puede inclinarse hasta 15 grados.","og_url":"https:\/\/hi-nd.com\/es\/producto\/pilar-universal\/","og_site_name":"HI-ND","article_modified_time":"2024-05-27T13:09:49+00:00","og_image":[{"width":750,"height":750,"url":"https:\/\/hi-nd.com\/wp-content\/uploads\/2021\/11\/pillar-mount-web.png","type":"image\/png"}],"twitter_card":"summary_large_image","schema":{"@context":"https:\/\/schema.org","@graph":[{"@type":"WebPage","@id":"https:\/\/hi-nd.com\/es\/producto\/pilar-universal\/","url":"https:\/\/hi-nd.com\/es\/producto\/pilar-universal\/","name":"Pilar Universal - HI-ND","isPartOf":{"@id":"https:\/\/hi-nd.com\/#website"},"primaryImageOfPage":{"@id":"https:\/\/hi-nd.com\/es\/producto\/pilar-universal\/#primaryimage"},"image":{"@id":"https:\/\/hi-nd.com\/es\/producto\/pilar-universal\/#primaryimage"},"thumbnailUrl":"https:\/\/hi-nd.com\/wp-content\/uploads\/2021\/11\/pillar-mount-web.png","datePublished":"2021-11-22T18:07:48+00:00","dateModified":"2024-05-27T13:09:49+00:00","description":"El soporte de columna HI-ND se puede utilizar para cualquier columna circular. Funciona con VESA 200\u00d7200, 300\u00d7300, 400\u00d7400. Puede inclinarse hasta 15 grados.","breadcrumb":{"@id":"https:\/\/hi-nd.com\/es\/producto\/pilar-universal\/#breadcrumb"},"inLanguage":"es","potentialAction":[{"@type":"ReadAction","target":["https:\/\/hi-nd.com\/es\/producto\/pilar-universal\/"]}]},{"@type":"ImageObject","inLanguage":"es","@id":"https:\/\/hi-nd.com\/es\/producto\/pilar-universal\/#primaryimage","url":"https:\/\/hi-nd.com\/wp-content\/uploads\/2021\/11\/pillar-mount-web.png","contentUrl":"https:\/\/hi-nd.com\/wp-content\/uploads\/2021\/11\/pillar-mount-web.png","width":750,"height":750,"caption":"Pillar Mount"},{"@type":"BreadcrumbList","@id":"https:\/\/hi-nd.com\/es\/producto\/pilar-universal\/#breadcrumb","itemListElement":[{"@type":"ListItem","position":1,"name":"Home","item":"https:\/\/hi-nd.com\/es\/"},{"@type":"ListItem","position":2,"name":"Tienda","item":"https:\/\/hi-nd.com\/es\/tienda\/"},{"@type":"ListItem","position":3,"name":"Pilar Universal"}]},{"@type":"WebSite","@id":"https:\/\/hi-nd.com\/#website","url":"https:\/\/hi-nd.com\/","name":"HI-ND","description":"Mounting Solutions","potentialAction":[{"@type":"SearchAction","target":{"@type":"EntryPoint","urlTemplate":"https:\/\/hi-nd.com\/?s={search_term_string}"},"query-input":{"@type":"PropertyValueSpecification","valueRequired":true,"valueName":"search_term_string"}}],"inLanguage":"es"}]}},"_links":{"self":[{"href":"https:\/\/hi-nd.com\/es\/wp-json\/wp\/v2\/product\/5790","targetHints":{"allow":["GET"]}}],"collection":[{"href":"https:\/\/hi-nd.com\/es\/wp-json\/wp\/v2\/product"}],"about":[{"href":"https:\/\/hi-nd.com\/es\/wp-json\/wp\/v2\/types\/product"}],"wp:featuredmedia":[{"embeddable":true,"href":"https:\/\/hi-nd.com\/es\/wp-json\/wp\/v2\/media\/3877"}],"wp:attachment":[{"href":"https:\/\/hi-nd.com\/es\/wp-json\/wp\/v2\/media?parent=5790"}],"wp:term":[{"taxonomy":"product_brand","embeddable":true,"href":"https:\/\/hi-nd.com\/es\/wp-json\/wp\/v2\/product_brand?post=5790"},{"taxonomy":"product_cat","embeddable":true,"href":"https:\/\/hi-nd.com\/es\/wp-json\/wp\/v2\/product_cat?post=5790"},{"taxonomy":"product_tag","embeddable":true,"href":"https:\/\/hi-nd.com\/es\/wp-json\/wp\/v2\/product_tag?post=5790"}],"curies":[{"name":"wp","href":"https:\/\/api.w.org\/{rel}","templated":true}]}}