{"id":5786,"date":"2022-01-20T16:32:12","date_gmt":"2022-01-20T15:32:12","guid":{"rendered":"https:\/\/hi-nd.com\/product\/solucion-de-techo-samsung-omn-ds\/"},"modified":"2024-05-02T09:47:34","modified_gmt":"2024-05-02T07:47:34","slug":"solucion-de-techo-samsung-omn-ds","status":"publish","type":"product","link":"https:\/\/hi-nd.com\/es\/producto\/solucion-de-techo-samsung-omn-ds\/","title":{"rendered":"Soluci\u00f3n de techo Samsung OMN-DS"},"content":{"rendered":"<table width=\"655\">\n<tbody>\n<tr>\n<td width=\"146\">N\u00famero de pieza<\/td>\n<td width=\"384\">Descripci\u00f3n<\/td>\n<td width=\"125\">Color<\/td>\n<\/tr>\n<\/tbody>\n<\/table>\n<table width=\"655\">\n<tbody>\n<tr>\n<td width=\"146\">CC5519-5101-01<\/td>\n<td width=\"384\">Carcasa de techo, OM55N-DS, Retrato<\/td>\n<td width=\"125\">Blanco<\/td>\n<\/tr>\n<tr>\n<td>CC5519-5001-02<\/td>\n<td>Rail de techo, OM55N-DS, Retrato<\/td>\n<td>Negro<\/td>\n<\/tr>\n<\/tbody>\n<\/table>\n","protected":false},"excerpt":{"rendered":"<p><strong>Soluci\u00f3n de techo para Samsung OM55N-DS<\/strong><\/p>\n<p>Hemos dise\u00f1ado una soluci\u00f3n de cableado para Samsung OM55N-DS. Se incluye una placa de montaje para el techo que facilita la instalaci\u00f3n en diversos entornos.<\/p>\n<ul>\n<li>Soluci\u00f3n de techo para Samsung OM55N-DS<\/li>\n<li>Placa de montaje para el techo<\/li>\n<\/ul>\n<p><b>El cable est\u00e1 incluido<\/b>.<\/p>\n","protected":false},"featured_media":4933,"template":"","meta":[],"product_brand":[],"product_cat":[100,84],"product_tag":[],"class_list":{"0":"post-5786","1":"product","2":"type-product","3":"status-publish","4":"has-post-thumbnail","6":"product_cat-montaje-en-techo","7":"product_cat-techo","9":"first","10":"instock","11":"shipping-taxable","12":"product-type-simple"},"yoast_head":"<!-- This site is optimized with the Yoast SEO plugin v27.3 - https:\/\/yoast.com\/product\/yoast-seo-wordpress\/ -->\n<title>Soluci\u00f3n de techo Samsung OMN-DS - HI-ND<\/title>\n<meta name=\"description\" content=\"Hemos dise\u00f1ado una soluci\u00f3n de cableado para Samsung OM55N-D. Se incluye una placa de montaje para el techo que facilita la instalaci\u00f3n.\" \/>\n<meta name=\"robots\" content=\"index, follow, max-snippet:-1, max-image-preview:large, max-video-preview:-1\" \/>\n<link rel=\"canonical\" href=\"https:\/\/hi-nd.com\/es\/producto\/solucion-de-techo-samsung-omn-ds\/\" \/>\n<meta property=\"og:locale\" content=\"es_ES\" \/>\n<meta property=\"og:type\" content=\"article\" \/>\n<meta property=\"og:title\" content=\"Soluci\u00f3n de techo Samsung OMN-DS - HI-ND\" \/>\n<meta property=\"og:description\" content=\"Hemos dise\u00f1ado una soluci\u00f3n de cableado para Samsung OM55N-D. Se incluye una placa de montaje para el techo que facilita la instalaci\u00f3n.\" \/>\n<meta property=\"og:url\" content=\"https:\/\/hi-nd.com\/es\/producto\/solucion-de-techo-samsung-omn-ds\/\" \/>\n<meta property=\"og:site_name\" content=\"HI-ND\" \/>\n<meta property=\"article:modified_time\" content=\"2024-05-02T07:47:34+00:00\" \/>\n<meta property=\"og:image\" content=\"https:\/\/hi-nd.com\/wp-content\/uploads\/2022\/01\/CC5519-5201-06.jpg\" \/>\n\t<meta property=\"og:image:width\" content=\"1600\" \/>\n\t<meta property=\"og:image:height\" content=\"1600\" \/>\n\t<meta property=\"og:image:type\" content=\"image\/jpeg\" \/>\n<meta name=\"twitter:card\" content=\"summary_large_image\" \/>\n<script type=\"application\/ld+json\" class=\"yoast-schema-graph\">{\"@context\":\"https:\\\/\\\/schema.org\",\"@graph\":[{\"@type\":\"WebPage\",\"@id\":\"https:\\\/\\\/hi-nd.com\\\/es\\\/producto\\\/solucion-de-techo-samsung-omn-ds\\\/\",\"url\":\"https:\\\/\\\/hi-nd.com\\\/es\\\/producto\\\/solucion-de-techo-samsung-omn-ds\\\/\",\"name\":\"Soluci\u00f3n de techo Samsung OMN-DS - HI-ND\",\"isPartOf\":{\"@id\":\"https:\\\/\\\/hi-nd.com\\\/#website\"},\"primaryImageOfPage\":{\"@id\":\"https:\\\/\\\/hi-nd.com\\\/es\\\/producto\\\/solucion-de-techo-samsung-omn-ds\\\/#primaryimage\"},\"image\":{\"@id\":\"https:\\\/\\\/hi-nd.com\\\/es\\\/producto\\\/solucion-de-techo-samsung-omn-ds\\\/#primaryimage\"},\"thumbnailUrl\":\"https:\\\/\\\/hi-nd.com\\\/wp-content\\\/uploads\\\/2022\\\/01\\\/CC5519-5201-06.jpg\",\"datePublished\":\"2022-01-20T15:32:12+00:00\",\"dateModified\":\"2024-05-02T07:47:34+00:00\",\"description\":\"Hemos dise\u00f1ado una soluci\u00f3n de cableado para Samsung OM55N-D. Se incluye una placa de montaje para el techo que facilita la instalaci\u00f3n.\",\"breadcrumb\":{\"@id\":\"https:\\\/\\\/hi-nd.com\\\/es\\\/producto\\\/solucion-de-techo-samsung-omn-ds\\\/#breadcrumb\"},\"inLanguage\":\"es\",\"potentialAction\":[{\"@type\":\"ReadAction\",\"target\":[\"https:\\\/\\\/hi-nd.com\\\/es\\\/producto\\\/solucion-de-techo-samsung-omn-ds\\\/\"]}]},{\"@type\":\"ImageObject\",\"inLanguage\":\"es\",\"@id\":\"https:\\\/\\\/hi-nd.com\\\/es\\\/producto\\\/solucion-de-techo-samsung-omn-ds\\\/#primaryimage\",\"url\":\"https:\\\/\\\/hi-nd.com\\\/wp-content\\\/uploads\\\/2022\\\/01\\\/CC5519-5201-06.jpg\",\"contentUrl\":\"https:\\\/\\\/hi-nd.com\\\/wp-content\\\/uploads\\\/2022\\\/01\\\/CC5519-5201-06.jpg\",\"width\":1600,\"height\":1600,\"caption\":\"Soluci\u00f3n de techo Samsung OMN-D\"},{\"@type\":\"BreadcrumbList\",\"@id\":\"https:\\\/\\\/hi-nd.com\\\/es\\\/producto\\\/solucion-de-techo-samsung-omn-ds\\\/#breadcrumb\",\"itemListElement\":[{\"@type\":\"ListItem\",\"position\":1,\"name\":\"Home\",\"item\":\"https:\\\/\\\/hi-nd.com\\\/es\\\/\"},{\"@type\":\"ListItem\",\"position\":2,\"name\":\"Tienda\",\"item\":\"https:\\\/\\\/hi-nd.com\\\/es\\\/tienda\\\/\"},{\"@type\":\"ListItem\",\"position\":3,\"name\":\"Soluci\u00f3n de techo Samsung OMN-DS\"}]},{\"@type\":\"WebSite\",\"@id\":\"https:\\\/\\\/hi-nd.com\\\/#website\",\"url\":\"https:\\\/\\\/hi-nd.com\\\/\",\"name\":\"HI-ND\",\"description\":\"Mounting Solutions\",\"potentialAction\":[{\"@type\":\"SearchAction\",\"target\":{\"@type\":\"EntryPoint\",\"urlTemplate\":\"https:\\\/\\\/hi-nd.com\\\/?s={search_term_string}\"},\"query-input\":{\"@type\":\"PropertyValueSpecification\",\"valueRequired\":true,\"valueName\":\"search_term_string\"}}],\"inLanguage\":\"es\"}]}<\/script>\n<!-- \/ Yoast SEO plugin. -->","yoast_head_json":{"title":"Soluci\u00f3n de techo Samsung OMN-DS - HI-ND","description":"Hemos dise\u00f1ado una soluci\u00f3n de cableado para Samsung OM55N-D. Se incluye una placa de montaje para el techo que facilita la instalaci\u00f3n.","robots":{"index":"index","follow":"follow","max-snippet":"max-snippet:-1","max-image-preview":"max-image-preview:large","max-video-preview":"max-video-preview:-1"},"canonical":"https:\/\/hi-nd.com\/es\/producto\/solucion-de-techo-samsung-omn-ds\/","og_locale":"es_ES","og_type":"article","og_title":"Soluci\u00f3n de techo Samsung OMN-DS - HI-ND","og_description":"Hemos dise\u00f1ado una soluci\u00f3n de cableado para Samsung OM55N-D. Se incluye una placa de montaje para el techo que facilita la instalaci\u00f3n.","og_url":"https:\/\/hi-nd.com\/es\/producto\/solucion-de-techo-samsung-omn-ds\/","og_site_name":"HI-ND","article_modified_time":"2024-05-02T07:47:34+00:00","og_image":[{"width":1600,"height":1600,"url":"https:\/\/hi-nd.com\/wp-content\/uploads\/2022\/01\/CC5519-5201-06.jpg","type":"image\/jpeg"}],"twitter_card":"summary_large_image","schema":{"@context":"https:\/\/schema.org","@graph":[{"@type":"WebPage","@id":"https:\/\/hi-nd.com\/es\/producto\/solucion-de-techo-samsung-omn-ds\/","url":"https:\/\/hi-nd.com\/es\/producto\/solucion-de-techo-samsung-omn-ds\/","name":"Soluci\u00f3n de techo Samsung OMN-DS - HI-ND","isPartOf":{"@id":"https:\/\/hi-nd.com\/#website"},"primaryImageOfPage":{"@id":"https:\/\/hi-nd.com\/es\/producto\/solucion-de-techo-samsung-omn-ds\/#primaryimage"},"image":{"@id":"https:\/\/hi-nd.com\/es\/producto\/solucion-de-techo-samsung-omn-ds\/#primaryimage"},"thumbnailUrl":"https:\/\/hi-nd.com\/wp-content\/uploads\/2022\/01\/CC5519-5201-06.jpg","datePublished":"2022-01-20T15:32:12+00:00","dateModified":"2024-05-02T07:47:34+00:00","description":"Hemos dise\u00f1ado una soluci\u00f3n de cableado para Samsung OM55N-D. Se incluye una placa de montaje para el techo que facilita la instalaci\u00f3n.","breadcrumb":{"@id":"https:\/\/hi-nd.com\/es\/producto\/solucion-de-techo-samsung-omn-ds\/#breadcrumb"},"inLanguage":"es","potentialAction":[{"@type":"ReadAction","target":["https:\/\/hi-nd.com\/es\/producto\/solucion-de-techo-samsung-omn-ds\/"]}]},{"@type":"ImageObject","inLanguage":"es","@id":"https:\/\/hi-nd.com\/es\/producto\/solucion-de-techo-samsung-omn-ds\/#primaryimage","url":"https:\/\/hi-nd.com\/wp-content\/uploads\/2022\/01\/CC5519-5201-06.jpg","contentUrl":"https:\/\/hi-nd.com\/wp-content\/uploads\/2022\/01\/CC5519-5201-06.jpg","width":1600,"height":1600,"caption":"Soluci\u00f3n de techo Samsung OMN-D"},{"@type":"BreadcrumbList","@id":"https:\/\/hi-nd.com\/es\/producto\/solucion-de-techo-samsung-omn-ds\/#breadcrumb","itemListElement":[{"@type":"ListItem","position":1,"name":"Home","item":"https:\/\/hi-nd.com\/es\/"},{"@type":"ListItem","position":2,"name":"Tienda","item":"https:\/\/hi-nd.com\/es\/tienda\/"},{"@type":"ListItem","position":3,"name":"Soluci\u00f3n de techo Samsung OMN-DS"}]},{"@type":"WebSite","@id":"https:\/\/hi-nd.com\/#website","url":"https:\/\/hi-nd.com\/","name":"HI-ND","description":"Mounting Solutions","potentialAction":[{"@type":"SearchAction","target":{"@type":"EntryPoint","urlTemplate":"https:\/\/hi-nd.com\/?s={search_term_string}"},"query-input":{"@type":"PropertyValueSpecification","valueRequired":true,"valueName":"search_term_string"}}],"inLanguage":"es"}]}},"_links":{"self":[{"href":"https:\/\/hi-nd.com\/es\/wp-json\/wp\/v2\/product\/5786","targetHints":{"allow":["GET"]}}],"collection":[{"href":"https:\/\/hi-nd.com\/es\/wp-json\/wp\/v2\/product"}],"about":[{"href":"https:\/\/hi-nd.com\/es\/wp-json\/wp\/v2\/types\/product"}],"wp:featuredmedia":[{"embeddable":true,"href":"https:\/\/hi-nd.com\/es\/wp-json\/wp\/v2\/media\/4933"}],"wp:attachment":[{"href":"https:\/\/hi-nd.com\/es\/wp-json\/wp\/v2\/media?parent=5786"}],"wp:term":[{"taxonomy":"product_brand","embeddable":true,"href":"https:\/\/hi-nd.com\/es\/wp-json\/wp\/v2\/product_brand?post=5786"},{"taxonomy":"product_cat","embeddable":true,"href":"https:\/\/hi-nd.com\/es\/wp-json\/wp\/v2\/product_cat?post=5786"},{"taxonomy":"product_tag","embeddable":true,"href":"https:\/\/hi-nd.com\/es\/wp-json\/wp\/v2\/product_tag?post=5786"}],"curies":[{"name":"wp","href":"https:\/\/api.w.org\/{rel}","templated":true}]}}