{"id":5784,"date":"2022-01-20T16:19:24","date_gmt":"2022-01-20T15:19:24","guid":{"rendered":"https:\/\/hi-nd.com\/product\/carcasa-de-techo-para-samsung-y-lg\/"},"modified":"2024-06-20T15:00:05","modified_gmt":"2024-06-20T13:00:05","slug":"carcasa-de-techo-para-samsung-y-lg","status":"publish","type":"product","link":"https:\/\/hi-nd.com\/es\/producto\/carcasa-de-techo-para-samsung-y-lg\/","title":{"rendered":"Carcasa de techo para Samsung y LG"},"content":{"rendered":"<table style=\"height: 715px;\" width=\"850\">\n<tbody>\n<tr>\n<td width=\"110\"> N\u00famero de pieza<\/td>\n<td width=\"600\"> Descripci\u00f3n<\/td>\n<td width=\"50\"> Color<\/td>\n<\/tr>\n<tr>\n<td>  CC3212-5001-01<\/td>\n<td>  Carcasa de techo retrato para Samsung QM32C<\/td>\n<td> Blanco<\/td>\n<\/tr>\n<tr>\n<td>  CC3212-5001-02<\/td>\n<td>  Carcasa de techo retrato para Samsung QM32C<\/td>\n<td> Negro<\/td>\n<\/tr>\n<tr>\n<td>  CC3221-5001-01<\/td>\n<td>  Carcasa de techo retrato para LG 32SM5JB<\/td>\n<td> Blanco<\/td>\n<\/tr>\n<tr>\n<td>  CC3221-5001-02<\/td>\n<td>  Carcasa de techo retrato para LG 32SM5JB<\/td>\n<td> Negro<\/td>\n<\/tr>\n<tr>\n<td>  CC4300-5001-01<\/td>\n<td>  Carcasa de techo retrato para Samsung QB43, QM43, QM43C, LG43UH<\/td>\n<td> Blanco<\/td>\n<\/tr>\n<tr>\n<td>  CC4300-5001-02<\/td>\n<td>  Carcasa de techo retrato para Samsung QB43, QM43, QM43C, LG43UH<\/td>\n<td> Negro<\/td>\n<\/tr>\n<tr>\n<td>  CC4900-5001-01<\/td>\n<td>  Carcasa de techo retrato para LG 49UH7J-H, 49UH5N-E, 49UM5N-H<\/td>\n<td> Blanco<\/td>\n<\/tr>\n<tr>\n<td>  CC4900-5001-02<\/td>\n<td>  Carcasa de techo retrato para LG 49UH7J-H, 49UH5N-E, 49UM5N-H<\/td>\n<td> Negro<\/td>\n<\/tr>\n<tr>\n<td>  CC5012-5101-01<\/td>\n<td>  Carcasa de techo retrato para Samsung QM50C<\/td>\n<td> Blanco<\/td>\n<\/tr>\n<tr>\n<td>  CC5012-5101-02<\/td>\n<td>  Carcasa de techo retrato para Samsung QM50C<\/td>\n<td> Negro<\/td>\n<\/tr>\n<tr>\n<td>  CC5500-5001-01<\/td>\n<td>  Carcasa de techo retrato para Samsung QB55, QM55, QM55C, LG UH7J-H, UH5N-E, UM5N-H<\/td>\n<td> Blanco<\/td>\n<\/tr>\n<tr>\n<td>  CC5500-5001-02<\/td>\n<td>  Carcasa de techo retrato para Samsung QB55, QM55, QM55C, LG UH7J-H, UH5N-E, UM5N-H<\/td>\n<td> Negro<\/td>\n<\/tr>\n<tr>\n<td>  CC6500-5001-01<\/td>\n<td>  Carcasa de techo retrato para Samsung QB65, QM65, QM65C, LG UH7J-H, UH5N-E, UM5N-H<\/td>\n<td> Blanco<\/td>\n<\/tr>\n<tr>\n<td>  CC6500-5001-02<\/td>\n<td>  Carcasa de techo retrato para Samsung QB65, QM65, QM65C, LG UH7J-H, UH5N-E, UM5N-H<\/td>\n<td> Negro<\/td>\n<\/tr>\n<tr>\n<td>  CC3212-0101-01<\/td>\n<td>  Carcasa de techo apaisada para Samsung QM32B, QM32C<\/td>\n<td> Blanco<\/td>\n<\/tr>\n<tr>\n<td>  CC3212-0101-02<\/td>\n<td>  Carcasa de techo apaisada para Samsung QM32B, QM32C<\/td>\n<td> Negro<\/td>\n<\/tr>\n<tr>\n<td>  CC4300-0101-01<\/td>\n<td>  Carcasa de techo apaisada para Samsung QB43, QM43, QM43C, LG43UH<\/td>\n<td> Blanco<\/td>\n<\/tr>\n<tr>\n<td>  CC4300-0101-02<\/td>\n<td>  Carcasa de techo apaisada para Samsung QB43, QM43, QM43C, LG43UH<\/td>\n<td> Negro<\/td>\n<\/tr>\n<tr>\n<td>  CC4900-0101-01<\/td>\n<td>  Carcasa de techo apaisada para LG 49UH7J-H, 49UH5N-E<\/td>\n<td> Blanco<\/td>\n<\/tr>\n<tr>\n<td>  CC4900-0101-02<\/td>\n<td>  Carcasa de techo apaisada para LG 49UH7J-H, 49UH5N-E<\/td>\n<td> Negro<\/td>\n<\/tr>\n<tr>\n<td>  CC5012-0201-01<\/td>\n<td>  Carcasa de techo apaisada para Samsung QM50C<\/td>\n<td> Blanco<\/td>\n<\/tr>\n<tr>\n<td>  CC5012-0201-02<\/td>\n<td>  Carcasa de techo apaisada para Samsung QM50C<\/td>\n<td> Negro<\/td>\n<\/tr>\n<tr>\n<td>  CC5500-0101-01<\/td>\n<td>  Carcasa de techo apaisada para Samsung QB55, QM55, QM55C, LG UH7J-H, UH5N-E<\/td>\n<td> Blanco<\/td>\n<\/tr>\n<tr>\n<td>  CC5500-0101-02<\/td>\n<td>  Carcasa de techo apaisada para Samsung QB55, QM55, QM55C, LG UH7J-H, UH5N-E<\/td>\n<td> Negro<\/td>\n<\/tr>\n<tr>\n<td>  CC6500-0101-01<\/td>\n<td>  Carcasa de techo apaisada para Samsung QB65, QM65, QM65C, LG UH7J-H, UH5N-E<\/td>\n<td> Blanco<\/td>\n<\/tr>\n<tr>\n<td>  CC6500-0101-02<\/td>\n<td>  Carcasa de techo apaisada para Samsung QB65, QM65, QM65C, LG UH7J-H, UH5N-E<\/td>\n<td> Negro<\/td>\n<\/tr>\n<\/tbody>\n<\/table>\n","protected":false},"excerpt":{"rendered":"<p>Ilumine el techo con nuestra carcasa de techo dise\u00f1ada para informaci\u00f3n y publicidad en escaparates y espacios p\u00fablicos. Tiene bordes con c\u00e1mara y un reverso limpio. Sin cables visibles y f\u00e1cil de instalar. Cree su propio estilo con diferentes colores de pintura en polvo<\/p>\n<ul>\n<li>Soluci\u00f3n de montaje superior<\/li>\n<li>Tama\u00f1os de pantalla: 32\u2033, 43\u2033, 49\u2033, 50\u2033, 55\u2033, 65&#8243;<\/li>\n<li>Se puede utilizar soporte de techo o cable (no incluido)<\/li>\n<li>Versi\u00f3n apaisada y vertical<\/li>\n<li>Bordes acampanados<\/li>\n<\/ul>\n","protected":false},"featured_media":9604,"template":"","meta":[],"product_brand":[],"product_cat":[85,84],"product_tag":[],"class_list":{"0":"post-5784","1":"product","2":"type-product","3":"status-publish","4":"has-post-thumbnail","6":"product_cat-carcasa","7":"product_cat-techo","9":"first","10":"instock","11":"shipping-taxable","12":"product-type-simple"},"yoast_head":"<!-- This site is optimized with the Yoast SEO plugin v27.3 - https:\/\/yoast.com\/product\/yoast-seo-wordpress\/ -->\n<title>Carcasa de techo para Samsung y LG - HI-ND<\/title>\n<meta name=\"description\" content=\"Ilumine el techo con nuestra carcasa de techo dise\u00f1ada para informaci\u00f3n y publicidad en escaparates y espacios p\u00fablicos.\" \/>\n<meta name=\"robots\" content=\"index, follow, max-snippet:-1, max-image-preview:large, max-video-preview:-1\" \/>\n<link rel=\"canonical\" href=\"https:\/\/hi-nd.com\/es\/producto\/carcasa-de-techo-para-samsung-y-lg\/\" \/>\n<meta property=\"og:locale\" content=\"es_ES\" \/>\n<meta property=\"og:type\" content=\"article\" \/>\n<meta property=\"og:title\" content=\"Carcasa de techo para Samsung y LG - HI-ND\" \/>\n<meta property=\"og:description\" content=\"Ilumine el techo con nuestra carcasa de techo dise\u00f1ada para informaci\u00f3n y publicidad en escaparates y espacios p\u00fablicos.\" \/>\n<meta property=\"og:url\" content=\"https:\/\/hi-nd.com\/es\/producto\/carcasa-de-techo-para-samsung-y-lg\/\" \/>\n<meta property=\"og:site_name\" content=\"HI-ND\" \/>\n<meta property=\"article:modified_time\" content=\"2024-06-20T13:00:05+00:00\" \/>\n<meta property=\"og:image\" content=\"https:\/\/hi-nd.com\/wp-content\/uploads\/2022\/01\/TOP-CASING_RENDERS_1.jpg\" \/>\n\t<meta property=\"og:image:width\" content=\"2000\" \/>\n\t<meta property=\"og:image:height\" content=\"2000\" \/>\n\t<meta property=\"og:image:type\" content=\"image\/jpeg\" \/>\n<meta name=\"twitter:card\" content=\"summary_large_image\" \/>\n<meta name=\"twitter:label1\" content=\"Tiempo de lectura\" \/>\n\t<meta name=\"twitter:data1\" content=\"2 minutos\" \/>\n<script type=\"application\/ld+json\" class=\"yoast-schema-graph\">{\"@context\":\"https:\\\/\\\/schema.org\",\"@graph\":[{\"@type\":\"WebPage\",\"@id\":\"https:\\\/\\\/hi-nd.com\\\/es\\\/producto\\\/carcasa-de-techo-para-samsung-y-lg\\\/\",\"url\":\"https:\\\/\\\/hi-nd.com\\\/es\\\/producto\\\/carcasa-de-techo-para-samsung-y-lg\\\/\",\"name\":\"Carcasa de techo para Samsung y LG - HI-ND\",\"isPartOf\":{\"@id\":\"https:\\\/\\\/hi-nd.com\\\/#website\"},\"primaryImageOfPage\":{\"@id\":\"https:\\\/\\\/hi-nd.com\\\/es\\\/producto\\\/carcasa-de-techo-para-samsung-y-lg\\\/#primaryimage\"},\"image\":{\"@id\":\"https:\\\/\\\/hi-nd.com\\\/es\\\/producto\\\/carcasa-de-techo-para-samsung-y-lg\\\/#primaryimage\"},\"thumbnailUrl\":\"https:\\\/\\\/hi-nd.com\\\/wp-content\\\/uploads\\\/2022\\\/01\\\/TOP-CASING_RENDERS_1.jpg\",\"datePublished\":\"2022-01-20T15:19:24+00:00\",\"dateModified\":\"2024-06-20T13:00:05+00:00\",\"description\":\"Ilumine el techo con nuestra carcasa de techo dise\u00f1ada para informaci\u00f3n y publicidad en escaparates y espacios p\u00fablicos.\",\"breadcrumb\":{\"@id\":\"https:\\\/\\\/hi-nd.com\\\/es\\\/producto\\\/carcasa-de-techo-para-samsung-y-lg\\\/#breadcrumb\"},\"inLanguage\":\"es\",\"potentialAction\":[{\"@type\":\"ReadAction\",\"target\":[\"https:\\\/\\\/hi-nd.com\\\/es\\\/producto\\\/carcasa-de-techo-para-samsung-y-lg\\\/\"]}]},{\"@type\":\"ImageObject\",\"inLanguage\":\"es\",\"@id\":\"https:\\\/\\\/hi-nd.com\\\/es\\\/producto\\\/carcasa-de-techo-para-samsung-y-lg\\\/#primaryimage\",\"url\":\"https:\\\/\\\/hi-nd.com\\\/wp-content\\\/uploads\\\/2022\\\/01\\\/TOP-CASING_RENDERS_1.jpg\",\"contentUrl\":\"https:\\\/\\\/hi-nd.com\\\/wp-content\\\/uploads\\\/2022\\\/01\\\/TOP-CASING_RENDERS_1.jpg\",\"width\":2000,\"height\":2000,\"caption\":\"Top casing\"},{\"@type\":\"BreadcrumbList\",\"@id\":\"https:\\\/\\\/hi-nd.com\\\/es\\\/producto\\\/carcasa-de-techo-para-samsung-y-lg\\\/#breadcrumb\",\"itemListElement\":[{\"@type\":\"ListItem\",\"position\":1,\"name\":\"Home\",\"item\":\"https:\\\/\\\/hi-nd.com\\\/es\\\/\"},{\"@type\":\"ListItem\",\"position\":2,\"name\":\"Tienda\",\"item\":\"https:\\\/\\\/hi-nd.com\\\/es\\\/tienda\\\/\"},{\"@type\":\"ListItem\",\"position\":3,\"name\":\"Carcasa de techo para Samsung y LG\"}]},{\"@type\":\"WebSite\",\"@id\":\"https:\\\/\\\/hi-nd.com\\\/#website\",\"url\":\"https:\\\/\\\/hi-nd.com\\\/\",\"name\":\"HI-ND\",\"description\":\"Mounting Solutions\",\"potentialAction\":[{\"@type\":\"SearchAction\",\"target\":{\"@type\":\"EntryPoint\",\"urlTemplate\":\"https:\\\/\\\/hi-nd.com\\\/?s={search_term_string}\"},\"query-input\":{\"@type\":\"PropertyValueSpecification\",\"valueRequired\":true,\"valueName\":\"search_term_string\"}}],\"inLanguage\":\"es\"}]}<\/script>\n<!-- \/ Yoast SEO plugin. -->","yoast_head_json":{"title":"Carcasa de techo para Samsung y LG - HI-ND","description":"Ilumine el techo con nuestra carcasa de techo dise\u00f1ada para informaci\u00f3n y publicidad en escaparates y espacios p\u00fablicos.","robots":{"index":"index","follow":"follow","max-snippet":"max-snippet:-1","max-image-preview":"max-image-preview:large","max-video-preview":"max-video-preview:-1"},"canonical":"https:\/\/hi-nd.com\/es\/producto\/carcasa-de-techo-para-samsung-y-lg\/","og_locale":"es_ES","og_type":"article","og_title":"Carcasa de techo para Samsung y LG - HI-ND","og_description":"Ilumine el techo con nuestra carcasa de techo dise\u00f1ada para informaci\u00f3n y publicidad en escaparates y espacios p\u00fablicos.","og_url":"https:\/\/hi-nd.com\/es\/producto\/carcasa-de-techo-para-samsung-y-lg\/","og_site_name":"HI-ND","article_modified_time":"2024-06-20T13:00:05+00:00","og_image":[{"width":2000,"height":2000,"url":"https:\/\/hi-nd.com\/wp-content\/uploads\/2022\/01\/TOP-CASING_RENDERS_1.jpg","type":"image\/jpeg"}],"twitter_card":"summary_large_image","twitter_misc":{"Tiempo de lectura":"2 minutos"},"schema":{"@context":"https:\/\/schema.org","@graph":[{"@type":"WebPage","@id":"https:\/\/hi-nd.com\/es\/producto\/carcasa-de-techo-para-samsung-y-lg\/","url":"https:\/\/hi-nd.com\/es\/producto\/carcasa-de-techo-para-samsung-y-lg\/","name":"Carcasa de techo para Samsung y LG - HI-ND","isPartOf":{"@id":"https:\/\/hi-nd.com\/#website"},"primaryImageOfPage":{"@id":"https:\/\/hi-nd.com\/es\/producto\/carcasa-de-techo-para-samsung-y-lg\/#primaryimage"},"image":{"@id":"https:\/\/hi-nd.com\/es\/producto\/carcasa-de-techo-para-samsung-y-lg\/#primaryimage"},"thumbnailUrl":"https:\/\/hi-nd.com\/wp-content\/uploads\/2022\/01\/TOP-CASING_RENDERS_1.jpg","datePublished":"2022-01-20T15:19:24+00:00","dateModified":"2024-06-20T13:00:05+00:00","description":"Ilumine el techo con nuestra carcasa de techo dise\u00f1ada para informaci\u00f3n y publicidad en escaparates y espacios p\u00fablicos.","breadcrumb":{"@id":"https:\/\/hi-nd.com\/es\/producto\/carcasa-de-techo-para-samsung-y-lg\/#breadcrumb"},"inLanguage":"es","potentialAction":[{"@type":"ReadAction","target":["https:\/\/hi-nd.com\/es\/producto\/carcasa-de-techo-para-samsung-y-lg\/"]}]},{"@type":"ImageObject","inLanguage":"es","@id":"https:\/\/hi-nd.com\/es\/producto\/carcasa-de-techo-para-samsung-y-lg\/#primaryimage","url":"https:\/\/hi-nd.com\/wp-content\/uploads\/2022\/01\/TOP-CASING_RENDERS_1.jpg","contentUrl":"https:\/\/hi-nd.com\/wp-content\/uploads\/2022\/01\/TOP-CASING_RENDERS_1.jpg","width":2000,"height":2000,"caption":"Top casing"},{"@type":"BreadcrumbList","@id":"https:\/\/hi-nd.com\/es\/producto\/carcasa-de-techo-para-samsung-y-lg\/#breadcrumb","itemListElement":[{"@type":"ListItem","position":1,"name":"Home","item":"https:\/\/hi-nd.com\/es\/"},{"@type":"ListItem","position":2,"name":"Tienda","item":"https:\/\/hi-nd.com\/es\/tienda\/"},{"@type":"ListItem","position":3,"name":"Carcasa de techo para Samsung y LG"}]},{"@type":"WebSite","@id":"https:\/\/hi-nd.com\/#website","url":"https:\/\/hi-nd.com\/","name":"HI-ND","description":"Mounting Solutions","potentialAction":[{"@type":"SearchAction","target":{"@type":"EntryPoint","urlTemplate":"https:\/\/hi-nd.com\/?s={search_term_string}"},"query-input":{"@type":"PropertyValueSpecification","valueRequired":true,"valueName":"search_term_string"}}],"inLanguage":"es"}]}},"_links":{"self":[{"href":"https:\/\/hi-nd.com\/es\/wp-json\/wp\/v2\/product\/5784","targetHints":{"allow":["GET"]}}],"collection":[{"href":"https:\/\/hi-nd.com\/es\/wp-json\/wp\/v2\/product"}],"about":[{"href":"https:\/\/hi-nd.com\/es\/wp-json\/wp\/v2\/types\/product"}],"wp:featuredmedia":[{"embeddable":true,"href":"https:\/\/hi-nd.com\/es\/wp-json\/wp\/v2\/media\/9604"}],"wp:attachment":[{"href":"https:\/\/hi-nd.com\/es\/wp-json\/wp\/v2\/media?parent=5784"}],"wp:term":[{"taxonomy":"product_brand","embeddable":true,"href":"https:\/\/hi-nd.com\/es\/wp-json\/wp\/v2\/product_brand?post=5784"},{"taxonomy":"product_cat","embeddable":true,"href":"https:\/\/hi-nd.com\/es\/wp-json\/wp\/v2\/product_cat?post=5784"},{"taxonomy":"product_tag","embeddable":true,"href":"https:\/\/hi-nd.com\/es\/wp-json\/wp\/v2\/product_tag?post=5784"}],"curies":[{"name":"wp","href":"https:\/\/api.w.org\/{rel}","templated":true}]}}