{"id":5780,"date":"2022-01-20T16:44:11","date_gmt":"2022-01-20T15:44:11","guid":{"rendered":"https:\/\/hi-nd.com\/product\/led-para-montaje-en-techo\/"},"modified":"2024-02-22T21:20:25","modified_gmt":"2024-02-22T20:20:25","slug":"led-para-montaje-en-techo","status":"publish","type":"product","link":"https:\/\/hi-nd.com\/es\/producto\/led-para-montaje-en-techo\/","title":{"rendered":"LED para montaje en techo"},"content":{"rendered":"","protected":false},"excerpt":{"rendered":"<p>Nuestro LED montado en el techo est\u00e1 creado para la instalaci\u00f3n en escaparates o en el interior de centros comerciales. Se puede personalizar f\u00e1cilmente para diferentes fabricantes de LED. Los cables se utilizan para instalaciones hacia el techo. Se puede colocar una impresi\u00f3n anal\u00f3gica en el interior. Hay tapas laterales de metal o madera como opciones adicionales.<\/p>\n<ul>\n<li>LED de montaje en techo de tama\u00f1o p. ej. 1500&#215;2000 mm, 1250&#215;2000 mm, etc.<\/li>\n<li>Soluci\u00f3n de cables al techo<\/li>\n<li>Impresi\u00f3n anal\u00f3gica en el interior<\/li>\n<li>Tapas laterales opcionales de metal o madera<\/li>\n<\/ul>\n","protected":false},"featured_media":3718,"template":"","meta":[],"product_brand":[],"product_cat":[104,106],"product_tag":[],"class_list":{"0":"post-5780","1":"product","2":"type-product","3":"status-publish","4":"has-post-thumbnail","6":"product_cat-led-es","7":"product_cat-techo-es","9":"first","10":"instock","11":"shipping-taxable","12":"product-type-simple"},"yoast_head":"<!-- This site is optimized with the Yoast SEO plugin v27.3 - https:\/\/yoast.com\/product\/yoast-seo-wordpress\/ -->\n<title>LED para montaje en techo - HI-ND<\/title>\n<meta name=\"description\" content=\"El LED de montaje en techo HI-ND se ha creado para la instalaci\u00f3n en escaparates o en el interior de centros comerciales. Se puede personalizar f\u00e1cilmente.\" \/>\n<meta name=\"robots\" content=\"index, follow, max-snippet:-1, max-image-preview:large, max-video-preview:-1\" \/>\n<link rel=\"canonical\" href=\"https:\/\/hi-nd.com\/es\/producto\/led-para-montaje-en-techo\/\" \/>\n<meta property=\"og:locale\" content=\"es_ES\" \/>\n<meta property=\"og:type\" content=\"article\" \/>\n<meta property=\"og:title\" content=\"LED para montaje en techo - HI-ND\" \/>\n<meta property=\"og:description\" content=\"El LED de montaje en techo HI-ND se ha creado para la instalaci\u00f3n en escaparates o en el interior de centros comerciales. Se puede personalizar f\u00e1cilmente.\" \/>\n<meta property=\"og:url\" content=\"https:\/\/hi-nd.com\/es\/producto\/led-para-montaje-en-techo\/\" \/>\n<meta property=\"og:site_name\" content=\"HI-ND\" \/>\n<meta property=\"article:modified_time\" content=\"2024-02-22T20:20:25+00:00\" \/>\n<meta property=\"og:image\" content=\"https:\/\/hi-nd.com\/wp-content\/uploads\/2022\/01\/LED-ceiling.png\" \/>\n\t<meta property=\"og:image:width\" content=\"750\" \/>\n\t<meta property=\"og:image:height\" content=\"750\" \/>\n\t<meta property=\"og:image:type\" content=\"image\/png\" \/>\n<meta name=\"twitter:card\" content=\"summary_large_image\" \/>\n<script type=\"application\/ld+json\" class=\"yoast-schema-graph\">{\"@context\":\"https:\\\/\\\/schema.org\",\"@graph\":[{\"@type\":\"WebPage\",\"@id\":\"https:\\\/\\\/hi-nd.com\\\/es\\\/producto\\\/led-para-montaje-en-techo\\\/\",\"url\":\"https:\\\/\\\/hi-nd.com\\\/es\\\/producto\\\/led-para-montaje-en-techo\\\/\",\"name\":\"LED para montaje en techo - HI-ND\",\"isPartOf\":{\"@id\":\"https:\\\/\\\/hi-nd.com\\\/#website\"},\"primaryImageOfPage\":{\"@id\":\"https:\\\/\\\/hi-nd.com\\\/es\\\/producto\\\/led-para-montaje-en-techo\\\/#primaryimage\"},\"image\":{\"@id\":\"https:\\\/\\\/hi-nd.com\\\/es\\\/producto\\\/led-para-montaje-en-techo\\\/#primaryimage\"},\"thumbnailUrl\":\"https:\\\/\\\/hi-nd.com\\\/wp-content\\\/uploads\\\/2022\\\/01\\\/LED-ceiling.png\",\"datePublished\":\"2022-01-20T15:44:11+00:00\",\"dateModified\":\"2024-02-22T20:20:25+00:00\",\"description\":\"El LED de montaje en techo HI-ND se ha creado para la instalaci\u00f3n en escaparates o en el interior de centros comerciales. Se puede personalizar f\u00e1cilmente.\",\"breadcrumb\":{\"@id\":\"https:\\\/\\\/hi-nd.com\\\/es\\\/producto\\\/led-para-montaje-en-techo\\\/#breadcrumb\"},\"inLanguage\":\"es\",\"potentialAction\":[{\"@type\":\"ReadAction\",\"target\":[\"https:\\\/\\\/hi-nd.com\\\/es\\\/producto\\\/led-para-montaje-en-techo\\\/\"]}]},{\"@type\":\"ImageObject\",\"inLanguage\":\"es\",\"@id\":\"https:\\\/\\\/hi-nd.com\\\/es\\\/producto\\\/led-para-montaje-en-techo\\\/#primaryimage\",\"url\":\"https:\\\/\\\/hi-nd.com\\\/wp-content\\\/uploads\\\/2022\\\/01\\\/LED-ceiling.png\",\"contentUrl\":\"https:\\\/\\\/hi-nd.com\\\/wp-content\\\/uploads\\\/2022\\\/01\\\/LED-ceiling.png\",\"width\":750,\"height\":750},{\"@type\":\"BreadcrumbList\",\"@id\":\"https:\\\/\\\/hi-nd.com\\\/es\\\/producto\\\/led-para-montaje-en-techo\\\/#breadcrumb\",\"itemListElement\":[{\"@type\":\"ListItem\",\"position\":1,\"name\":\"Home\",\"item\":\"https:\\\/\\\/hi-nd.com\\\/es\\\/\"},{\"@type\":\"ListItem\",\"position\":2,\"name\":\"Tienda\",\"item\":\"https:\\\/\\\/hi-nd.com\\\/es\\\/tienda\\\/\"},{\"@type\":\"ListItem\",\"position\":3,\"name\":\"LED para montaje en techo\"}]},{\"@type\":\"WebSite\",\"@id\":\"https:\\\/\\\/hi-nd.com\\\/#website\",\"url\":\"https:\\\/\\\/hi-nd.com\\\/\",\"name\":\"HI-ND\",\"description\":\"Mounting Solutions\",\"potentialAction\":[{\"@type\":\"SearchAction\",\"target\":{\"@type\":\"EntryPoint\",\"urlTemplate\":\"https:\\\/\\\/hi-nd.com\\\/?s={search_term_string}\"},\"query-input\":{\"@type\":\"PropertyValueSpecification\",\"valueRequired\":true,\"valueName\":\"search_term_string\"}}],\"inLanguage\":\"es\"}]}<\/script>\n<!-- \/ Yoast SEO plugin. -->","yoast_head_json":{"title":"LED para montaje en techo - HI-ND","description":"El LED de montaje en techo HI-ND se ha creado para la instalaci\u00f3n en escaparates o en el interior de centros comerciales. Se puede personalizar f\u00e1cilmente.","robots":{"index":"index","follow":"follow","max-snippet":"max-snippet:-1","max-image-preview":"max-image-preview:large","max-video-preview":"max-video-preview:-1"},"canonical":"https:\/\/hi-nd.com\/es\/producto\/led-para-montaje-en-techo\/","og_locale":"es_ES","og_type":"article","og_title":"LED para montaje en techo - HI-ND","og_description":"El LED de montaje en techo HI-ND se ha creado para la instalaci\u00f3n en escaparates o en el interior de centros comerciales. Se puede personalizar f\u00e1cilmente.","og_url":"https:\/\/hi-nd.com\/es\/producto\/led-para-montaje-en-techo\/","og_site_name":"HI-ND","article_modified_time":"2024-02-22T20:20:25+00:00","og_image":[{"width":750,"height":750,"url":"https:\/\/hi-nd.com\/wp-content\/uploads\/2022\/01\/LED-ceiling.png","type":"image\/png"}],"twitter_card":"summary_large_image","schema":{"@context":"https:\/\/schema.org","@graph":[{"@type":"WebPage","@id":"https:\/\/hi-nd.com\/es\/producto\/led-para-montaje-en-techo\/","url":"https:\/\/hi-nd.com\/es\/producto\/led-para-montaje-en-techo\/","name":"LED para montaje en techo - HI-ND","isPartOf":{"@id":"https:\/\/hi-nd.com\/#website"},"primaryImageOfPage":{"@id":"https:\/\/hi-nd.com\/es\/producto\/led-para-montaje-en-techo\/#primaryimage"},"image":{"@id":"https:\/\/hi-nd.com\/es\/producto\/led-para-montaje-en-techo\/#primaryimage"},"thumbnailUrl":"https:\/\/hi-nd.com\/wp-content\/uploads\/2022\/01\/LED-ceiling.png","datePublished":"2022-01-20T15:44:11+00:00","dateModified":"2024-02-22T20:20:25+00:00","description":"El LED de montaje en techo HI-ND se ha creado para la instalaci\u00f3n en escaparates o en el interior de centros comerciales. Se puede personalizar f\u00e1cilmente.","breadcrumb":{"@id":"https:\/\/hi-nd.com\/es\/producto\/led-para-montaje-en-techo\/#breadcrumb"},"inLanguage":"es","potentialAction":[{"@type":"ReadAction","target":["https:\/\/hi-nd.com\/es\/producto\/led-para-montaje-en-techo\/"]}]},{"@type":"ImageObject","inLanguage":"es","@id":"https:\/\/hi-nd.com\/es\/producto\/led-para-montaje-en-techo\/#primaryimage","url":"https:\/\/hi-nd.com\/wp-content\/uploads\/2022\/01\/LED-ceiling.png","contentUrl":"https:\/\/hi-nd.com\/wp-content\/uploads\/2022\/01\/LED-ceiling.png","width":750,"height":750},{"@type":"BreadcrumbList","@id":"https:\/\/hi-nd.com\/es\/producto\/led-para-montaje-en-techo\/#breadcrumb","itemListElement":[{"@type":"ListItem","position":1,"name":"Home","item":"https:\/\/hi-nd.com\/es\/"},{"@type":"ListItem","position":2,"name":"Tienda","item":"https:\/\/hi-nd.com\/es\/tienda\/"},{"@type":"ListItem","position":3,"name":"LED para montaje en techo"}]},{"@type":"WebSite","@id":"https:\/\/hi-nd.com\/#website","url":"https:\/\/hi-nd.com\/","name":"HI-ND","description":"Mounting Solutions","potentialAction":[{"@type":"SearchAction","target":{"@type":"EntryPoint","urlTemplate":"https:\/\/hi-nd.com\/?s={search_term_string}"},"query-input":{"@type":"PropertyValueSpecification","valueRequired":true,"valueName":"search_term_string"}}],"inLanguage":"es"}]}},"_links":{"self":[{"href":"https:\/\/hi-nd.com\/es\/wp-json\/wp\/v2\/product\/5780","targetHints":{"allow":["GET"]}}],"collection":[{"href":"https:\/\/hi-nd.com\/es\/wp-json\/wp\/v2\/product"}],"about":[{"href":"https:\/\/hi-nd.com\/es\/wp-json\/wp\/v2\/types\/product"}],"wp:featuredmedia":[{"embeddable":true,"href":"https:\/\/hi-nd.com\/es\/wp-json\/wp\/v2\/media\/3718"}],"wp:attachment":[{"href":"https:\/\/hi-nd.com\/es\/wp-json\/wp\/v2\/media?parent=5780"}],"wp:term":[{"taxonomy":"product_brand","embeddable":true,"href":"https:\/\/hi-nd.com\/es\/wp-json\/wp\/v2\/product_brand?post=5780"},{"taxonomy":"product_cat","embeddable":true,"href":"https:\/\/hi-nd.com\/es\/wp-json\/wp\/v2\/product_cat?post=5780"},{"taxonomy":"product_tag","embeddable":true,"href":"https:\/\/hi-nd.com\/es\/wp-json\/wp\/v2\/product_tag?post=5780"}],"curies":[{"name":"wp","href":"https:\/\/api.w.org\/{rel}","templated":true}]}}