{"id":5778,"date":"2021-11-22T19:02:19","date_gmt":"2021-11-22T18:02:19","guid":{"rendered":"https:\/\/hi-nd.com\/product\/soporte-de-pared-mediano\/"},"modified":"2024-02-22T21:20:33","modified_gmt":"2024-02-22T20:20:33","slug":"soporte-de-pared-mediano","status":"publish","type":"product","link":"https:\/\/hi-nd.com\/es\/producto\/soporte-de-pared-mediano\/","title":{"rendered":"Soporte de pared Mediano"},"content":{"rendered":"<table style=\"height: 77px;\" width=\"729\">\n<tbody>\n<tr>\n<td width=\"125\">N\u00famero de pieza<\/td>\n<td width=\"529\">Descripci\u00f3n<\/td>\n<\/tr>\n<tr>\n<td>C-WM02-02<\/td>\n<td>Soporte de pared mediano, VESA 200&#215;200, 300&#215;300,400&#215;400, 32&#8243; &#8211; 55&#8243;, 28mm de grosor<\/td>\n<\/tr>\n<\/tbody>\n<\/table>\n","protected":false},"excerpt":{"rendered":"<p>El soporte mural HI-ND soporta pesos m\u00e1ximos de 50 kg. Est\u00e1 dise\u00f1ado para monitores de 32\u2033-55\u2033. Su s\u00f3lida construcci\u00f3n de acero de gran espesor proporciona resistencia y durabilidad. Capacidad de desplazamiento lateral para permitir una colocaci\u00f3n perfecta. Su cierre autom\u00e1tico de resorte con cord\u00f3n de f\u00e1cil liberaci\u00f3n fija el monitor a la pared de forma f\u00e1cil y segura. Compatible con orificio VESA de hasta 400\u00d7400.<\/p>\n<ul>\n<li>VESA compatible con 200\u00d7200, 300\u00d7300 y 400\u00d7400.<\/li>\n<li>Espesor 28 mm<\/li>\n<li>Dimensiones: 28x504x435mm<\/li>\n<li>Peso m\u00e1ximo: 50 kg<\/li>\n<li>Tama\u00f1os de pantalla: 32&#8243; &#8211; 55&#8243;<\/li>\n<\/ul>\n","protected":false},"featured_media":3706,"template":"","meta":[],"product_brand":[],"product_cat":[102,93],"product_tag":[],"class_list":{"0":"post-5778","1":"product","2":"type-product","3":"status-publish","4":"has-post-thumbnail","6":"product_cat-montaje-en-pared","7":"product_cat-pared","9":"first","10":"instock","11":"shipping-taxable","12":"product-type-simple"},"yoast_head":"<!-- This site is optimized with the Yoast SEO plugin v27.3 - https:\/\/yoast.com\/product\/yoast-seo-wordpress\/ -->\n<title>Soporte de pared Mediano - HI-ND<\/title>\n<meta name=\"description\" content=\"El soporte mural HI-ND soporta pesos m\u00e1ximos de 50 kg gracias a su construcci\u00f3n de acero. Est\u00e1 dise\u00f1ado para monitores de 32\u2033 a 55\u2033.\" \/>\n<meta name=\"robots\" content=\"index, follow, max-snippet:-1, max-image-preview:large, max-video-preview:-1\" \/>\n<link rel=\"canonical\" href=\"https:\/\/hi-nd.com\/es\/producto\/soporte-de-pared-mediano\/\" \/>\n<meta property=\"og:locale\" content=\"es_ES\" \/>\n<meta property=\"og:type\" content=\"article\" \/>\n<meta property=\"og:title\" content=\"Soporte de pared Mediano - HI-ND\" \/>\n<meta property=\"og:description\" content=\"El soporte mural HI-ND soporta pesos m\u00e1ximos de 50 kg gracias a su construcci\u00f3n de acero. Est\u00e1 dise\u00f1ado para monitores de 32\u2033 a 55\u2033.\" \/>\n<meta property=\"og:url\" content=\"https:\/\/hi-nd.com\/es\/producto\/soporte-de-pared-mediano\/\" \/>\n<meta property=\"og:site_name\" content=\"HI-ND\" \/>\n<meta property=\"article:modified_time\" content=\"2024-02-22T20:20:33+00:00\" \/>\n<meta property=\"og:image\" content=\"https:\/\/hi-nd.com\/wp-content\/uploads\/2021\/11\/Wall-mount-web.png\" \/>\n\t<meta property=\"og:image:width\" content=\"750\" \/>\n\t<meta property=\"og:image:height\" content=\"750\" \/>\n\t<meta property=\"og:image:type\" content=\"image\/png\" \/>\n<meta name=\"twitter:card\" content=\"summary_large_image\" \/>\n<script type=\"application\/ld+json\" class=\"yoast-schema-graph\">{\"@context\":\"https:\\\/\\\/schema.org\",\"@graph\":[{\"@type\":\"WebPage\",\"@id\":\"https:\\\/\\\/hi-nd.com\\\/es\\\/producto\\\/soporte-de-pared-mediano\\\/\",\"url\":\"https:\\\/\\\/hi-nd.com\\\/es\\\/producto\\\/soporte-de-pared-mediano\\\/\",\"name\":\"Soporte de pared Mediano - HI-ND\",\"isPartOf\":{\"@id\":\"https:\\\/\\\/hi-nd.com\\\/#website\"},\"primaryImageOfPage\":{\"@id\":\"https:\\\/\\\/hi-nd.com\\\/es\\\/producto\\\/soporte-de-pared-mediano\\\/#primaryimage\"},\"image\":{\"@id\":\"https:\\\/\\\/hi-nd.com\\\/es\\\/producto\\\/soporte-de-pared-mediano\\\/#primaryimage\"},\"thumbnailUrl\":\"https:\\\/\\\/hi-nd.com\\\/wp-content\\\/uploads\\\/2021\\\/11\\\/Wall-mount-web.png\",\"datePublished\":\"2021-11-22T18:02:19+00:00\",\"dateModified\":\"2024-02-22T20:20:33+00:00\",\"description\":\"El soporte mural HI-ND soporta pesos m\u00e1ximos de 50 kg gracias a su construcci\u00f3n de acero. Est\u00e1 dise\u00f1ado para monitores de 32\u2033 a 55\u2033.\",\"breadcrumb\":{\"@id\":\"https:\\\/\\\/hi-nd.com\\\/es\\\/producto\\\/soporte-de-pared-mediano\\\/#breadcrumb\"},\"inLanguage\":\"es\",\"potentialAction\":[{\"@type\":\"ReadAction\",\"target\":[\"https:\\\/\\\/hi-nd.com\\\/es\\\/producto\\\/soporte-de-pared-mediano\\\/\"]}]},{\"@type\":\"ImageObject\",\"inLanguage\":\"es\",\"@id\":\"https:\\\/\\\/hi-nd.com\\\/es\\\/producto\\\/soporte-de-pared-mediano\\\/#primaryimage\",\"url\":\"https:\\\/\\\/hi-nd.com\\\/wp-content\\\/uploads\\\/2021\\\/11\\\/Wall-mount-web.png\",\"contentUrl\":\"https:\\\/\\\/hi-nd.com\\\/wp-content\\\/uploads\\\/2021\\\/11\\\/Wall-mount-web.png\",\"width\":750,\"height\":750},{\"@type\":\"BreadcrumbList\",\"@id\":\"https:\\\/\\\/hi-nd.com\\\/es\\\/producto\\\/soporte-de-pared-mediano\\\/#breadcrumb\",\"itemListElement\":[{\"@type\":\"ListItem\",\"position\":1,\"name\":\"Home\",\"item\":\"https:\\\/\\\/hi-nd.com\\\/es\\\/\"},{\"@type\":\"ListItem\",\"position\":2,\"name\":\"Tienda\",\"item\":\"https:\\\/\\\/hi-nd.com\\\/es\\\/tienda\\\/\"},{\"@type\":\"ListItem\",\"position\":3,\"name\":\"Soporte de pared Mediano\"}]},{\"@type\":\"WebSite\",\"@id\":\"https:\\\/\\\/hi-nd.com\\\/#website\",\"url\":\"https:\\\/\\\/hi-nd.com\\\/\",\"name\":\"HI-ND\",\"description\":\"Mounting Solutions\",\"potentialAction\":[{\"@type\":\"SearchAction\",\"target\":{\"@type\":\"EntryPoint\",\"urlTemplate\":\"https:\\\/\\\/hi-nd.com\\\/?s={search_term_string}\"},\"query-input\":{\"@type\":\"PropertyValueSpecification\",\"valueRequired\":true,\"valueName\":\"search_term_string\"}}],\"inLanguage\":\"es\"}]}<\/script>\n<!-- \/ Yoast SEO plugin. -->","yoast_head_json":{"title":"Soporte de pared Mediano - HI-ND","description":"El soporte mural HI-ND soporta pesos m\u00e1ximos de 50 kg gracias a su construcci\u00f3n de acero. Est\u00e1 dise\u00f1ado para monitores de 32\u2033 a 55\u2033.","robots":{"index":"index","follow":"follow","max-snippet":"max-snippet:-1","max-image-preview":"max-image-preview:large","max-video-preview":"max-video-preview:-1"},"canonical":"https:\/\/hi-nd.com\/es\/producto\/soporte-de-pared-mediano\/","og_locale":"es_ES","og_type":"article","og_title":"Soporte de pared Mediano - HI-ND","og_description":"El soporte mural HI-ND soporta pesos m\u00e1ximos de 50 kg gracias a su construcci\u00f3n de acero. Est\u00e1 dise\u00f1ado para monitores de 32\u2033 a 55\u2033.","og_url":"https:\/\/hi-nd.com\/es\/producto\/soporte-de-pared-mediano\/","og_site_name":"HI-ND","article_modified_time":"2024-02-22T20:20:33+00:00","og_image":[{"width":750,"height":750,"url":"https:\/\/hi-nd.com\/wp-content\/uploads\/2021\/11\/Wall-mount-web.png","type":"image\/png"}],"twitter_card":"summary_large_image","schema":{"@context":"https:\/\/schema.org","@graph":[{"@type":"WebPage","@id":"https:\/\/hi-nd.com\/es\/producto\/soporte-de-pared-mediano\/","url":"https:\/\/hi-nd.com\/es\/producto\/soporte-de-pared-mediano\/","name":"Soporte de pared Mediano - HI-ND","isPartOf":{"@id":"https:\/\/hi-nd.com\/#website"},"primaryImageOfPage":{"@id":"https:\/\/hi-nd.com\/es\/producto\/soporte-de-pared-mediano\/#primaryimage"},"image":{"@id":"https:\/\/hi-nd.com\/es\/producto\/soporte-de-pared-mediano\/#primaryimage"},"thumbnailUrl":"https:\/\/hi-nd.com\/wp-content\/uploads\/2021\/11\/Wall-mount-web.png","datePublished":"2021-11-22T18:02:19+00:00","dateModified":"2024-02-22T20:20:33+00:00","description":"El soporte mural HI-ND soporta pesos m\u00e1ximos de 50 kg gracias a su construcci\u00f3n de acero. Est\u00e1 dise\u00f1ado para monitores de 32\u2033 a 55\u2033.","breadcrumb":{"@id":"https:\/\/hi-nd.com\/es\/producto\/soporte-de-pared-mediano\/#breadcrumb"},"inLanguage":"es","potentialAction":[{"@type":"ReadAction","target":["https:\/\/hi-nd.com\/es\/producto\/soporte-de-pared-mediano\/"]}]},{"@type":"ImageObject","inLanguage":"es","@id":"https:\/\/hi-nd.com\/es\/producto\/soporte-de-pared-mediano\/#primaryimage","url":"https:\/\/hi-nd.com\/wp-content\/uploads\/2021\/11\/Wall-mount-web.png","contentUrl":"https:\/\/hi-nd.com\/wp-content\/uploads\/2021\/11\/Wall-mount-web.png","width":750,"height":750},{"@type":"BreadcrumbList","@id":"https:\/\/hi-nd.com\/es\/producto\/soporte-de-pared-mediano\/#breadcrumb","itemListElement":[{"@type":"ListItem","position":1,"name":"Home","item":"https:\/\/hi-nd.com\/es\/"},{"@type":"ListItem","position":2,"name":"Tienda","item":"https:\/\/hi-nd.com\/es\/tienda\/"},{"@type":"ListItem","position":3,"name":"Soporte de pared Mediano"}]},{"@type":"WebSite","@id":"https:\/\/hi-nd.com\/#website","url":"https:\/\/hi-nd.com\/","name":"HI-ND","description":"Mounting Solutions","potentialAction":[{"@type":"SearchAction","target":{"@type":"EntryPoint","urlTemplate":"https:\/\/hi-nd.com\/?s={search_term_string}"},"query-input":{"@type":"PropertyValueSpecification","valueRequired":true,"valueName":"search_term_string"}}],"inLanguage":"es"}]}},"_links":{"self":[{"href":"https:\/\/hi-nd.com\/es\/wp-json\/wp\/v2\/product\/5778","targetHints":{"allow":["GET"]}}],"collection":[{"href":"https:\/\/hi-nd.com\/es\/wp-json\/wp\/v2\/product"}],"about":[{"href":"https:\/\/hi-nd.com\/es\/wp-json\/wp\/v2\/types\/product"}],"wp:featuredmedia":[{"embeddable":true,"href":"https:\/\/hi-nd.com\/es\/wp-json\/wp\/v2\/media\/3706"}],"wp:attachment":[{"href":"https:\/\/hi-nd.com\/es\/wp-json\/wp\/v2\/media?parent=5778"}],"wp:term":[{"taxonomy":"product_brand","embeddable":true,"href":"https:\/\/hi-nd.com\/es\/wp-json\/wp\/v2\/product_brand?post=5778"},{"taxonomy":"product_cat","embeddable":true,"href":"https:\/\/hi-nd.com\/es\/wp-json\/wp\/v2\/product_cat?post=5778"},{"taxonomy":"product_tag","embeddable":true,"href":"https:\/\/hi-nd.com\/es\/wp-json\/wp\/v2\/product_tag?post=5778"}],"curies":[{"name":"wp","href":"https:\/\/api.w.org\/{rel}","templated":true}]}}