{"id":5777,"date":"2021-11-22T19:10:59","date_gmt":"2021-11-22T18:10:59","guid":{"rendered":"https:\/\/hi-nd.com\/product\/portada\/"},"modified":"2024-09-03T14:29:32","modified_gmt":"2024-09-03T12:29:32","slug":"portada","status":"publish","type":"product","link":"https:\/\/hi-nd.com\/es\/producto\/portada\/","title":{"rendered":"Portada"},"content":{"rendered":"<table width=\"988\">\n<tbody>\n<tr>\n<td width=\"133\"> N\u00famero de pieza<\/td>\n<td width=\"550\"> Descripci\u00f3n<\/td>\n<td width=\"88\"> Color<\/td>\n<\/tr>\n<tr>\n<td> FC3212-0201-01<\/td>\n<td> Tapa frontal 32&#8243; para Samsung QM32C, QB32C, QH32C<\/td>\n<td> Blanco<\/td>\n<\/tr>\n<tr>\n<td> FC4300-0201-01<\/td>\n<td> Tapa frontal 43&#8243; para Samsung QM43C\/LG UH7J-H\/ UH5N-E\/UM5N-H<\/td>\n<td> Blanco<\/td>\n<\/tr>\n<tr>\n<td> FC5012-0201-01<\/td>\n<td> Tapa frontal 50&#8243; para Samsung QM50C<\/td>\n<td> Blanco<\/td>\n<\/tr>\n<tr>\n<td> FC5500-0201-01<\/td>\n<td> Tapa frontal 55&#8243; para Samsung QM55C, QB55C, QH55C\/LG UH7J-H\/ UH5N-E\/UM5N-H<\/td>\n<td> Blanco<\/td>\n<\/tr>\n<tr>\n<td> FC6512-0201-01<\/td>\n<td> Tapa frontal 65&#8243; para Samsung QM65C\/QB65C\/QH65C<\/td>\n<td> Blanco<\/td>\n<\/tr>\n<tr>\n<td> FC7512-0201-01<\/td>\n<td> Tapa frontal 75&#8243; para Samsung QB75C\/QM75C\/QH75C<\/td>\n<td> Blanco<\/td>\n<\/tr>\n<tr>\n<td> FC8512-0201-01<\/td>\n<td> Tapa frontal 85&#8243; para Samsung QB85B-B\/QM85B-B<\/td>\n<td> Blanco<\/td>\n<\/tr>\n<tr>\n<td> FC3212-0201-02<\/td>\n<td> Tapa frontal 32&#8243; para Samsung QM32C, QB32C, QH32C<\/td>\n<td> Negro<\/td>\n<\/tr>\n<tr>\n<td> FC4300-0201-02<\/td>\n<td> Tapa frontal 43&#8243; para Samsung QM43C\/LG UH7J-H\/ UH5N-E\/UM5N-H<\/td>\n<td> Negro<\/td>\n<\/tr>\n<tr>\n<td> FC5012-0201-02<\/td>\n<td> Tapa frontal 50&#8243; para Samsung QM50C, QB50C, QH50C<\/td>\n<td> Negro<\/td>\n<\/tr>\n<tr>\n<td> FC5500-0201-02<\/td>\n<td> Tapa frontal 55&#8243; para Samsung QM55C, QB55C, QH55C\/LG UH7J-H\/ UH5N-E\/UM5N-H<\/td>\n<td> Negro<\/td>\n<\/tr>\n<tr>\n<td> FC6512-0201-02<\/td>\n<td> Tapa frontal 65&#8243; para Samsung QM65C\/QB65C\/QH65C<\/td>\n<td> Negro<\/td>\n<\/tr>\n<tr>\n<td> FC7512-0201-02<\/td>\n<td> Tapa frontal 75&#8243; para Samsung QB75C\/QM75C\/QH75C<\/td>\n<td> Negro<\/td>\n<\/tr>\n<tr>\n<td> FC8512-0201-02<\/td>\n<td> Tapa frontal 85&#8243; para Samsung QB85B-B\/QM85B-B<\/td>\n<td> Negro<\/td>\n<\/tr>\n<tr>\n<td> FC4925-0101-01<\/td>\n<td> Tapa frontal 49&#8243; para LG UH7J-H, UH5N-E, LG UM5N-H<\/td>\n<td> Blanco<\/td>\n<\/tr>\n<tr>\n<td> FC4925-0101-02<\/td>\n<td> Tapa frontal 49&#8243; para LG UH7J-H, UH5N-E, LG UM5N-H<\/td>\n<td> Negro<\/td>\n<\/tr>\n<\/tbody>\n<\/table>\n","protected":false},"excerpt":{"rendered":"<p><strong>Cubierta frontal HI-ND para expositores profesionales<\/strong> La cubierta frontal se utiliza en entornos como menuboards, tiendas minoristas, salas de conferencias y vest\u00edbulos. Nuestros cierres no visibles de dise\u00f1o propio hacen que el producto sea muy f\u00e1cil de instalar. Utiliza tus ideas creativas y elige una portada con tu propia elecci\u00f3n de material y color.  <\/p>\n<div class=\"component-productdescription du-component\">\n<ul>\n<li>Samsung 32&#8243; &#8211; 85&#8243;<\/li>\n<li>LG UH Y UM 49<\/li>\n<li>Blanco y negro de serie<\/li>\n<li>Puede encargarse en otros materiales como acero inoxidable y lat\u00f3n<\/li>\n<li>Paisaje\/Retrato<\/li>\n<li>El dise\u00f1o de montaje hace que el producto sea muy f\u00e1cil de instalar<\/li>\n<\/ul>\n<\/div>\n","protected":false},"featured_media":9656,"template":"","meta":[],"product_brand":[],"product_cat":[101],"product_tag":[],"class_list":{"0":"post-5777","1":"product","2":"type-product","3":"status-publish","4":"has-post-thumbnail","6":"product_cat-portada","8":"first","9":"instock","10":"shipping-taxable","11":"product-type-simple"},"yoast_head":"<!-- This site is optimized with the Yoast SEO plugin v27.3 - https:\/\/yoast.com\/product\/yoast-seo-wordpress\/ -->\n<title>Portada - HI-ND<\/title>\n<meta name=\"description\" content=\"La cubierta frontal HI-ND para expositores profesionales se utiliza en mercados como menuboards, tiendas minoristas, salas de conferencias y vest\u00edbulos.\" \/>\n<meta name=\"robots\" content=\"index, follow, max-snippet:-1, max-image-preview:large, max-video-preview:-1\" \/>\n<link rel=\"canonical\" href=\"https:\/\/hi-nd.com\/es\/producto\/portada\/\" \/>\n<meta property=\"og:locale\" content=\"es_ES\" \/>\n<meta property=\"og:type\" content=\"article\" \/>\n<meta property=\"og:title\" content=\"Portada - HI-ND\" \/>\n<meta property=\"og:description\" content=\"La cubierta frontal HI-ND para expositores profesionales se utiliza en mercados como menuboards, tiendas minoristas, salas de conferencias y vest\u00edbulos.\" \/>\n<meta property=\"og:url\" content=\"https:\/\/hi-nd.com\/es\/producto\/portada\/\" \/>\n<meta property=\"og:site_name\" content=\"HI-ND\" \/>\n<meta property=\"article:modified_time\" content=\"2024-09-03T12:29:32+00:00\" \/>\n<meta property=\"og:image\" content=\"https:\/\/hi-nd.com\/wp-content\/uploads\/2021\/11\/FC5012-0201-02-Portrait-TV-750x750-1.jpg\" \/>\n\t<meta property=\"og:image:width\" content=\"750\" \/>\n\t<meta property=\"og:image:height\" content=\"750\" \/>\n\t<meta property=\"og:image:type\" content=\"image\/jpeg\" \/>\n<meta name=\"twitter:card\" content=\"summary_large_image\" \/>\n<meta name=\"twitter:label1\" content=\"Tiempo de lectura\" \/>\n\t<meta name=\"twitter:data1\" content=\"1 minuto\" \/>\n<script type=\"application\/ld+json\" class=\"yoast-schema-graph\">{\"@context\":\"https:\\\/\\\/schema.org\",\"@graph\":[{\"@type\":\"WebPage\",\"@id\":\"https:\\\/\\\/hi-nd.com\\\/es\\\/producto\\\/portada\\\/\",\"url\":\"https:\\\/\\\/hi-nd.com\\\/es\\\/producto\\\/portada\\\/\",\"name\":\"Portada - HI-ND\",\"isPartOf\":{\"@id\":\"https:\\\/\\\/hi-nd.com\\\/#website\"},\"primaryImageOfPage\":{\"@id\":\"https:\\\/\\\/hi-nd.com\\\/es\\\/producto\\\/portada\\\/#primaryimage\"},\"image\":{\"@id\":\"https:\\\/\\\/hi-nd.com\\\/es\\\/producto\\\/portada\\\/#primaryimage\"},\"thumbnailUrl\":\"https:\\\/\\\/hi-nd.com\\\/wp-content\\\/uploads\\\/2021\\\/11\\\/FC5012-0201-02-Portrait-TV-750x750-1.jpg\",\"datePublished\":\"2021-11-22T18:10:59+00:00\",\"dateModified\":\"2024-09-03T12:29:32+00:00\",\"description\":\"La cubierta frontal HI-ND para expositores profesionales se utiliza en mercados como menuboards, tiendas minoristas, salas de conferencias y vest\u00edbulos.\",\"breadcrumb\":{\"@id\":\"https:\\\/\\\/hi-nd.com\\\/es\\\/producto\\\/portada\\\/#breadcrumb\"},\"inLanguage\":\"es\",\"potentialAction\":[{\"@type\":\"ReadAction\",\"target\":[\"https:\\\/\\\/hi-nd.com\\\/es\\\/producto\\\/portada\\\/\"]}]},{\"@type\":\"ImageObject\",\"inLanguage\":\"es\",\"@id\":\"https:\\\/\\\/hi-nd.com\\\/es\\\/producto\\\/portada\\\/#primaryimage\",\"url\":\"https:\\\/\\\/hi-nd.com\\\/wp-content\\\/uploads\\\/2021\\\/11\\\/FC5012-0201-02-Portrait-TV-750x750-1.jpg\",\"contentUrl\":\"https:\\\/\\\/hi-nd.com\\\/wp-content\\\/uploads\\\/2021\\\/11\\\/FC5012-0201-02-Portrait-TV-750x750-1.jpg\",\"width\":750,\"height\":750,\"caption\":\"Front cover white\"},{\"@type\":\"BreadcrumbList\",\"@id\":\"https:\\\/\\\/hi-nd.com\\\/es\\\/producto\\\/portada\\\/#breadcrumb\",\"itemListElement\":[{\"@type\":\"ListItem\",\"position\":1,\"name\":\"Home\",\"item\":\"https:\\\/\\\/hi-nd.com\\\/es\\\/\"},{\"@type\":\"ListItem\",\"position\":2,\"name\":\"Tienda\",\"item\":\"https:\\\/\\\/hi-nd.com\\\/es\\\/tienda\\\/\"},{\"@type\":\"ListItem\",\"position\":3,\"name\":\"Portada\"}]},{\"@type\":\"WebSite\",\"@id\":\"https:\\\/\\\/hi-nd.com\\\/#website\",\"url\":\"https:\\\/\\\/hi-nd.com\\\/\",\"name\":\"HI-ND\",\"description\":\"Mounting Solutions\",\"potentialAction\":[{\"@type\":\"SearchAction\",\"target\":{\"@type\":\"EntryPoint\",\"urlTemplate\":\"https:\\\/\\\/hi-nd.com\\\/?s={search_term_string}\"},\"query-input\":{\"@type\":\"PropertyValueSpecification\",\"valueRequired\":true,\"valueName\":\"search_term_string\"}}],\"inLanguage\":\"es\"}]}<\/script>\n<!-- \/ Yoast SEO plugin. -->","yoast_head_json":{"title":"Portada - HI-ND","description":"La cubierta frontal HI-ND para expositores profesionales se utiliza en mercados como menuboards, tiendas minoristas, salas de conferencias y vest\u00edbulos.","robots":{"index":"index","follow":"follow","max-snippet":"max-snippet:-1","max-image-preview":"max-image-preview:large","max-video-preview":"max-video-preview:-1"},"canonical":"https:\/\/hi-nd.com\/es\/producto\/portada\/","og_locale":"es_ES","og_type":"article","og_title":"Portada - HI-ND","og_description":"La cubierta frontal HI-ND para expositores profesionales se utiliza en mercados como menuboards, tiendas minoristas, salas de conferencias y vest\u00edbulos.","og_url":"https:\/\/hi-nd.com\/es\/producto\/portada\/","og_site_name":"HI-ND","article_modified_time":"2024-09-03T12:29:32+00:00","og_image":[{"width":750,"height":750,"url":"https:\/\/hi-nd.com\/wp-content\/uploads\/2021\/11\/FC5012-0201-02-Portrait-TV-750x750-1.jpg","type":"image\/jpeg"}],"twitter_card":"summary_large_image","twitter_misc":{"Tiempo de lectura":"1 minuto"},"schema":{"@context":"https:\/\/schema.org","@graph":[{"@type":"WebPage","@id":"https:\/\/hi-nd.com\/es\/producto\/portada\/","url":"https:\/\/hi-nd.com\/es\/producto\/portada\/","name":"Portada - HI-ND","isPartOf":{"@id":"https:\/\/hi-nd.com\/#website"},"primaryImageOfPage":{"@id":"https:\/\/hi-nd.com\/es\/producto\/portada\/#primaryimage"},"image":{"@id":"https:\/\/hi-nd.com\/es\/producto\/portada\/#primaryimage"},"thumbnailUrl":"https:\/\/hi-nd.com\/wp-content\/uploads\/2021\/11\/FC5012-0201-02-Portrait-TV-750x750-1.jpg","datePublished":"2021-11-22T18:10:59+00:00","dateModified":"2024-09-03T12:29:32+00:00","description":"La cubierta frontal HI-ND para expositores profesionales se utiliza en mercados como menuboards, tiendas minoristas, salas de conferencias y vest\u00edbulos.","breadcrumb":{"@id":"https:\/\/hi-nd.com\/es\/producto\/portada\/#breadcrumb"},"inLanguage":"es","potentialAction":[{"@type":"ReadAction","target":["https:\/\/hi-nd.com\/es\/producto\/portada\/"]}]},{"@type":"ImageObject","inLanguage":"es","@id":"https:\/\/hi-nd.com\/es\/producto\/portada\/#primaryimage","url":"https:\/\/hi-nd.com\/wp-content\/uploads\/2021\/11\/FC5012-0201-02-Portrait-TV-750x750-1.jpg","contentUrl":"https:\/\/hi-nd.com\/wp-content\/uploads\/2021\/11\/FC5012-0201-02-Portrait-TV-750x750-1.jpg","width":750,"height":750,"caption":"Front cover white"},{"@type":"BreadcrumbList","@id":"https:\/\/hi-nd.com\/es\/producto\/portada\/#breadcrumb","itemListElement":[{"@type":"ListItem","position":1,"name":"Home","item":"https:\/\/hi-nd.com\/es\/"},{"@type":"ListItem","position":2,"name":"Tienda","item":"https:\/\/hi-nd.com\/es\/tienda\/"},{"@type":"ListItem","position":3,"name":"Portada"}]},{"@type":"WebSite","@id":"https:\/\/hi-nd.com\/#website","url":"https:\/\/hi-nd.com\/","name":"HI-ND","description":"Mounting Solutions","potentialAction":[{"@type":"SearchAction","target":{"@type":"EntryPoint","urlTemplate":"https:\/\/hi-nd.com\/?s={search_term_string}"},"query-input":{"@type":"PropertyValueSpecification","valueRequired":true,"valueName":"search_term_string"}}],"inLanguage":"es"}]}},"_links":{"self":[{"href":"https:\/\/hi-nd.com\/es\/wp-json\/wp\/v2\/product\/5777","targetHints":{"allow":["GET"]}}],"collection":[{"href":"https:\/\/hi-nd.com\/es\/wp-json\/wp\/v2\/product"}],"about":[{"href":"https:\/\/hi-nd.com\/es\/wp-json\/wp\/v2\/types\/product"}],"wp:featuredmedia":[{"embeddable":true,"href":"https:\/\/hi-nd.com\/es\/wp-json\/wp\/v2\/media\/9656"}],"wp:attachment":[{"href":"https:\/\/hi-nd.com\/es\/wp-json\/wp\/v2\/media?parent=5777"}],"wp:term":[{"taxonomy":"product_brand","embeddable":true,"href":"https:\/\/hi-nd.com\/es\/wp-json\/wp\/v2\/product_brand?post=5777"},{"taxonomy":"product_cat","embeddable":true,"href":"https:\/\/hi-nd.com\/es\/wp-json\/wp\/v2\/product_cat?post=5777"},{"taxonomy":"product_tag","embeddable":true,"href":"https:\/\/hi-nd.com\/es\/wp-json\/wp\/v2\/product_tag?post=5777"}],"curies":[{"name":"wp","href":"https:\/\/api.w.org\/{rel}","templated":true}]}}