{"id":5773,"date":"2021-11-22T18:22:51","date_gmt":"2021-11-22T17:22:51","guid":{"rendered":"https:\/\/hi-nd.com\/product\/revestimiento-mural-protect\/"},"modified":"2024-02-22T21:19:50","modified_gmt":"2024-02-22T20:19:50","slug":"revestimiento-mural-protect","status":"publish","type":"product","link":"https:\/\/hi-nd.com\/es\/producto\/revestimiento-mural-protect\/","title":{"rendered":"Revestimiento mural PROTECT"},"content":{"rendered":"<p>&nbsp;<\/p>\n<table width=\"981\">\n<tbody>\n<tr>\n<td width=\"130\">N\u00famero de pieza<\/td>\n<td width=\"344\">Descripci\u00f3n<\/td>\n<td width=\"79\">Color<\/td>\n<td width=\"428\">Pantallas compatibles<\/td>\n<\/tr>\n<tr>\n<td>WC1312-5001-51<\/td>\n<td>Carcasa mural 13&#8243;, Retrato, Policarbonato<\/td>\n<td>Blanco<\/td>\n<td width=\"428\">QM13B, QMC<\/td>\n<\/tr>\n<tr>\n<td>WC3200-5001-51<\/td>\n<td>Wall Casing 32&#8243;, Retrato, Policarbonato<\/td>\n<td>Blanco<\/td>\n<td width=\"428\">QM32B, QMC<\/td>\n<\/tr>\n<tr>\n<td>WC4300-5001-51<\/td>\n<td>Wall Casing 43&#8243;, Retrato, Policarbonato<\/td>\n<td>Blanco<\/td>\n<td width=\"428\">QB43B\/QM43B\/QMC\/QH43B\/LG43UH5F<\/td>\n<\/tr>\n<tr>\n<td>WC4900-5001-51<\/td>\n<td>Carcasa mural 49&#8243;, Retrato, Policarbonato<\/td>\n<td>Blanco<\/td>\n<td width=\"428\">QB49B\/QM49B\/QMC\/LG49UH5F\/LG49UH7F\/LG49UH7F<\/td>\n<\/tr>\n<tr>\n<td>WC5012-5101-51<\/td>\n<td>Carcasa mural 50&#8243;, Retrato, Policarbonato<\/td>\n<td>Blanco<\/td>\n<td width=\"428\">QMC<\/td>\n<\/tr>\n<tr>\n<td>WC5500-5001-51<\/td>\n<td>Carcasa mural 55&#8243;, Retrato, Policarbonato<\/td>\n<td>Blanco<\/td>\n<td width=\"428\">QM55B\/QB55B\/QMC\/QH55B\/LG55UH5F\/LGUH7F<\/td>\n<\/tr>\n<tr>\n<td>WC6500-5001-51<\/td>\n<td>Carcasa mural 65&#8243;, Retrato, Policarbonato<\/td>\n<td>Blanco<\/td>\n<td width=\"428\">QB65B\/QM65B\/QMC\/QH65B\/LG65UH5F\/LG65UH7F<\/td>\n<\/tr>\n<tr>\n<td>WC7500-5001-51<\/td>\n<td>Wall Casing 75&#8243;, Retrato, Policarbonato<\/td>\n<td>Blanco<\/td>\n<td width=\"428\">QB75B\/QM75B\/QH75B\/QMC\/LG75UH5F<\/td>\n<\/tr>\n<tr>\n<td>WC1312-5001-52<\/td>\n<td>Carcasa mural 13&#8243;, Retrato, Policarbonato<\/td>\n<td>Negro<\/td>\n<td width=\"428\">QM13B\/QMC<\/td>\n<\/tr>\n<tr>\n<td>WC3200-5001-52<\/td>\n<td>Wall Casing 32&#8243;, Retrato, Policarbonato<\/td>\n<td>Negro<\/td>\n<td width=\"428\">QM32B\/QMC<\/td>\n<\/tr>\n<tr>\n<td>WC4300-5001-52<\/td>\n<td>Wall Casing 43&#8243;, Retrato, Policarbonato<\/td>\n<td>Negro<\/td>\n<td width=\"428\">QB43B\/QM43B\/QMC\/QH43B\/LG43UH5F<\/td>\n<\/tr>\n<tr>\n<td>WC4900-5001-52<\/td>\n<td>Carcasa mural 49&#8243;, Retrato, Policarbonato<\/td>\n<td>Negro<\/td>\n<td width=\"428\">QB49B\/QM49B\/QMC\/LG49UH5F\/LG49UH7F\/LG49UH7F<\/td>\n<\/tr>\n<tr>\n<td>WC5012-5101-52<\/td>\n<td>Carcasa mural 50&#8243;, Retrato, Policarbonato<\/td>\n<td>Negro<\/td>\n<td width=\"428\">QMC<\/td>\n<\/tr>\n<tr>\n<td>WC5500-5001-52<\/td>\n<td>Revestimiento mural 55&#8243; vertical, policarbonato<\/td>\n<td>Negro<\/td>\n<td width=\"428\">QM55B\/QB55B\/QMC\/QH55B\/LG55UH5F\/LGUH7F<\/td>\n<\/tr>\n<tr>\n<td>WC6500-5001-52<\/td>\n<td>Carcasa mural 65&#8243;, Retrato, Policarbonato<\/td>\n<td>Negro<\/td>\n<td width=\"428\">QB65B\/QM65B\/QMC\/QH65B\/LG65UH5F\/LG65UH7F<\/td>\n<\/tr>\n<tr>\n<td>WC7500-5001-52<\/td>\n<td>Wall Casing 75&#8243;, Retrato, Policarbonato<\/td>\n<td>Negro<\/td>\n<td width=\"428\">QB75B\/QM75B\/QMC\/QH75B\/LG75UH5F<\/td>\n<\/tr>\n<tr>\n<td><\/td>\n<td><\/td>\n<td><\/td>\n<td width=\"428\"><\/td>\n<\/tr>\n<tr>\n<td>WC4300-0101-51<\/td>\n<td>Revestimiento mural 43&#8243;, apaisado, policarbonato<\/td>\n<td>Blanco<\/td>\n<td width=\"428\">QB43B\/QM43B\/QMC\/QH43B\/LG43UH5F<\/td>\n<\/tr>\n<tr>\n<td>WC4900-0101-51<\/td>\n<td>Revestimiento mural 49&#8243;, apaisado, policarbonato<\/td>\n<td>Blanco<\/td>\n<td width=\"428\">QB49B\/QM49B\/QMC\/LG49UH5F\/LG49UH7F\/LG49UH7F<\/td>\n<\/tr>\n<tr>\n<td>WC5012-0201-51<\/td>\n<td>Revestimiento mural 50&#8243;, Horizontal, Policarbonato<\/td>\n<td>Blanco<\/td>\n<td width=\"428\">QMC<\/td>\n<\/tr>\n<tr>\n<td>WC5500-0101-51<\/td>\n<td>Revestimiento mural 55&#8243;, apaisado, policarbonato<\/td>\n<td>Blanco<\/td>\n<td width=\"428\">QM55B\/QB55B\/QMC\/QH55B\/LG55UH5F\/LGUH7F<\/td>\n<\/tr>\n<tr>\n<td>WC6500-0101-51<\/td>\n<td>Revestimiento mural 65&#8243;, apaisado, policarbonato<\/td>\n<td>Blanco<\/td>\n<td width=\"428\">QB65B\/QM65B\/QMC\/QH65B\/LG65UH5F\/LG65UH7F<\/td>\n<\/tr>\n<tr>\n<td>WC7500-0101-51<\/td>\n<td>Revestimiento mural, 75&#8243;, apaisado, policarbonato<\/td>\n<td>Blanco<\/td>\n<td width=\"428\">QB75B\/QM75B\/QMC\/QH75B\/LG75UH5F<\/td>\n<\/tr>\n<tr>\n<td>WC4300-0101-52<\/td>\n<td>Revestimiento mural 43&#8243;, apaisado, policarbonato<\/td>\n<td>Negro<\/td>\n<td width=\"428\">QB43B\/QM43B\/QMC\/QH43B\/LG43UH5F<\/td>\n<\/tr>\n<tr>\n<td>WC4900-0101-52<\/td>\n<td>Revestimiento mural 49&#8243;, apaisado, policarbonato<\/td>\n<td>Negro<\/td>\n<td width=\"428\">QB49B\/QM49B\/QMC\/LG49UH5F\/LG49UH7F\/LG49UH7F<\/td>\n<\/tr>\n<tr>\n<td>WC5012-0201-52<\/td>\n<td>Revestimiento mural 50&#8243;, Horizontal, Policarbonato<\/td>\n<td>Negro<\/td>\n<td width=\"428\">QMC<\/td>\n<\/tr>\n<tr>\n<td>WC5500-0101-52<\/td>\n<td>Revestimiento mural 55&#8243;, apaisado, policarbonato<\/td>\n<td>Negro<\/td>\n<td width=\"428\">QM55B\/QB55B\/QMC\/QH55B\/LG55UH5F\/LGUH7F<\/td>\n<\/tr>\n<tr>\n<td>WC6500-0101-52<\/td>\n<td>Revestimiento mural 65&#8243;, apaisado, policarbonato<\/td>\n<td>Negro<\/td>\n<td width=\"428\">QB65B\/QM65B\/QMC\/QH65B\/LG65UH5F\/LG65UH7F<\/td>\n<\/tr>\n<tr>\n<td>WC7500-0101-52<\/td>\n<td>Revestimiento mural, 75&#8243;, apaisado, policarbonato<\/td>\n<td>Negro<\/td>\n<td width=\"428\">QB75B\/QM75B\/QMC\/QH75B\/LG75UH5F<\/td>\n<\/tr>\n<\/tbody>\n<\/table>\n<p>&nbsp;<\/p>\n","protected":false},"excerpt":{"rendered":"<p>Soluci\u00f3n perfecta para la se\u00f1alizaci\u00f3n de escaleras.<\/p>\n<p>Nuestra carcasa mural PROTECT utiliza policarbonato para proteger la pantalla. Diferentes modelos en modo horizontal y vertical para permitir el flujo de aire de arriba a abajo, ya que s\u00f3lo los lados est\u00e1n cubiertos completamente a la pared. En el interior hay espacio suficiente para el ordenador y los enchufes. Est\u00e1 disponible en blanco y negro como colores est\u00e1ndar. Se pueden solicitar colores y materiales personalizados, como lat\u00f3n y acero inoxidable. Disponible en tama\u00f1os de 32\u2033 &#8211; 75\u2033.<\/p>\n<ul>\n<li>Protecci\u00f3n de policarbonato<\/li>\n<li>Dise\u00f1ado para pantallas de Samsung y LG<\/li>\n<li>Espacio para enchufes<\/li>\n<li>Soporte de pantalla integrado<\/li>\n<li>Disponible en diferentes colores y materiales<\/li>\n<\/ul>\n","protected":false},"featured_media":3661,"template":"","meta":[],"product_brand":[],"product_cat":[94,93],"product_tag":[],"class_list":{"0":"post-5773","1":"product","2":"type-product","3":"status-publish","4":"has-post-thumbnail","6":"product_cat-carcasa-es","7":"product_cat-pared","9":"first","10":"instock","11":"shipping-taxable","12":"product-type-simple"},"yoast_head":"<!-- This site is optimized with the Yoast SEO plugin v27.3 - https:\/\/yoast.com\/product\/yoast-seo-wordpress\/ -->\n<title>Revestimiento mural PROTECT - HI-ND<\/title>\n<meta name=\"description\" content=\"Nuestra carcasa mural PROTECT utiliza policarbonato para proteger la pantalla. La carcasa est\u00e1 dise\u00f1ada tanto para Samsung como para LG. Hay diferentes colores disponibles.\" \/>\n<meta name=\"robots\" content=\"index, follow, max-snippet:-1, max-image-preview:large, max-video-preview:-1\" \/>\n<link rel=\"canonical\" href=\"https:\/\/hi-nd.com\/es\/producto\/revestimiento-mural-protect\/\" \/>\n<meta property=\"og:locale\" content=\"es_ES\" \/>\n<meta property=\"og:type\" content=\"article\" \/>\n<meta property=\"og:title\" content=\"Revestimiento mural PROTECT - HI-ND\" \/>\n<meta property=\"og:description\" content=\"Nuestra carcasa mural PROTECT utiliza policarbonato para proteger la pantalla. La carcasa est\u00e1 dise\u00f1ada tanto para Samsung como para LG. Hay diferentes colores disponibles.\" \/>\n<meta property=\"og:url\" content=\"https:\/\/hi-nd.com\/es\/producto\/revestimiento-mural-protect\/\" \/>\n<meta property=\"og:site_name\" content=\"HI-ND\" \/>\n<meta property=\"article:modified_time\" content=\"2024-02-22T20:19:50+00:00\" \/>\n<meta property=\"og:image\" content=\"https:\/\/hi-nd.com\/wp-content\/uploads\/2021\/11\/protect-landscape-white-web.png\" \/>\n\t<meta property=\"og:image:width\" content=\"750\" \/>\n\t<meta property=\"og:image:height\" content=\"750\" \/>\n\t<meta property=\"og:image:type\" content=\"image\/png\" \/>\n<meta name=\"twitter:card\" content=\"summary_large_image\" \/>\n<meta name=\"twitter:label1\" content=\"Tiempo de lectura\" \/>\n\t<meta name=\"twitter:data1\" content=\"2 minutos\" \/>\n<script type=\"application\/ld+json\" class=\"yoast-schema-graph\">{\"@context\":\"https:\\\/\\\/schema.org\",\"@graph\":[{\"@type\":\"WebPage\",\"@id\":\"https:\\\/\\\/hi-nd.com\\\/es\\\/producto\\\/revestimiento-mural-protect\\\/\",\"url\":\"https:\\\/\\\/hi-nd.com\\\/es\\\/producto\\\/revestimiento-mural-protect\\\/\",\"name\":\"Revestimiento mural PROTECT - HI-ND\",\"isPartOf\":{\"@id\":\"https:\\\/\\\/hi-nd.com\\\/#website\"},\"primaryImageOfPage\":{\"@id\":\"https:\\\/\\\/hi-nd.com\\\/es\\\/producto\\\/revestimiento-mural-protect\\\/#primaryimage\"},\"image\":{\"@id\":\"https:\\\/\\\/hi-nd.com\\\/es\\\/producto\\\/revestimiento-mural-protect\\\/#primaryimage\"},\"thumbnailUrl\":\"https:\\\/\\\/hi-nd.com\\\/wp-content\\\/uploads\\\/2021\\\/11\\\/protect-landscape-white-web.png\",\"datePublished\":\"2021-11-22T17:22:51+00:00\",\"dateModified\":\"2024-02-22T20:19:50+00:00\",\"description\":\"Nuestra carcasa mural PROTECT utiliza policarbonato para proteger la pantalla. La carcasa est\u00e1 dise\u00f1ada tanto para Samsung como para LG. Hay diferentes colores disponibles.\",\"breadcrumb\":{\"@id\":\"https:\\\/\\\/hi-nd.com\\\/es\\\/producto\\\/revestimiento-mural-protect\\\/#breadcrumb\"},\"inLanguage\":\"es\",\"potentialAction\":[{\"@type\":\"ReadAction\",\"target\":[\"https:\\\/\\\/hi-nd.com\\\/es\\\/producto\\\/revestimiento-mural-protect\\\/\"]}]},{\"@type\":\"ImageObject\",\"inLanguage\":\"es\",\"@id\":\"https:\\\/\\\/hi-nd.com\\\/es\\\/producto\\\/revestimiento-mural-protect\\\/#primaryimage\",\"url\":\"https:\\\/\\\/hi-nd.com\\\/wp-content\\\/uploads\\\/2021\\\/11\\\/protect-landscape-white-web.png\",\"contentUrl\":\"https:\\\/\\\/hi-nd.com\\\/wp-content\\\/uploads\\\/2021\\\/11\\\/protect-landscape-white-web.png\",\"width\":750,\"height\":750},{\"@type\":\"BreadcrumbList\",\"@id\":\"https:\\\/\\\/hi-nd.com\\\/es\\\/producto\\\/revestimiento-mural-protect\\\/#breadcrumb\",\"itemListElement\":[{\"@type\":\"ListItem\",\"position\":1,\"name\":\"Home\",\"item\":\"https:\\\/\\\/hi-nd.com\\\/es\\\/\"},{\"@type\":\"ListItem\",\"position\":2,\"name\":\"Tienda\",\"item\":\"https:\\\/\\\/hi-nd.com\\\/es\\\/tienda\\\/\"},{\"@type\":\"ListItem\",\"position\":3,\"name\":\"Revestimiento mural PROTECT\"}]},{\"@type\":\"WebSite\",\"@id\":\"https:\\\/\\\/hi-nd.com\\\/#website\",\"url\":\"https:\\\/\\\/hi-nd.com\\\/\",\"name\":\"HI-ND\",\"description\":\"Mounting Solutions\",\"potentialAction\":[{\"@type\":\"SearchAction\",\"target\":{\"@type\":\"EntryPoint\",\"urlTemplate\":\"https:\\\/\\\/hi-nd.com\\\/?s={search_term_string}\"},\"query-input\":{\"@type\":\"PropertyValueSpecification\",\"valueRequired\":true,\"valueName\":\"search_term_string\"}}],\"inLanguage\":\"es\"}]}<\/script>\n<!-- \/ Yoast SEO plugin. -->","yoast_head_json":{"title":"Revestimiento mural PROTECT - HI-ND","description":"Nuestra carcasa mural PROTECT utiliza policarbonato para proteger la pantalla. La carcasa est\u00e1 dise\u00f1ada tanto para Samsung como para LG. Hay diferentes colores disponibles.","robots":{"index":"index","follow":"follow","max-snippet":"max-snippet:-1","max-image-preview":"max-image-preview:large","max-video-preview":"max-video-preview:-1"},"canonical":"https:\/\/hi-nd.com\/es\/producto\/revestimiento-mural-protect\/","og_locale":"es_ES","og_type":"article","og_title":"Revestimiento mural PROTECT - HI-ND","og_description":"Nuestra carcasa mural PROTECT utiliza policarbonato para proteger la pantalla. La carcasa est\u00e1 dise\u00f1ada tanto para Samsung como para LG. Hay diferentes colores disponibles.","og_url":"https:\/\/hi-nd.com\/es\/producto\/revestimiento-mural-protect\/","og_site_name":"HI-ND","article_modified_time":"2024-02-22T20:19:50+00:00","og_image":[{"width":750,"height":750,"url":"https:\/\/hi-nd.com\/wp-content\/uploads\/2021\/11\/protect-landscape-white-web.png","type":"image\/png"}],"twitter_card":"summary_large_image","twitter_misc":{"Tiempo de lectura":"2 minutos"},"schema":{"@context":"https:\/\/schema.org","@graph":[{"@type":"WebPage","@id":"https:\/\/hi-nd.com\/es\/producto\/revestimiento-mural-protect\/","url":"https:\/\/hi-nd.com\/es\/producto\/revestimiento-mural-protect\/","name":"Revestimiento mural PROTECT - HI-ND","isPartOf":{"@id":"https:\/\/hi-nd.com\/#website"},"primaryImageOfPage":{"@id":"https:\/\/hi-nd.com\/es\/producto\/revestimiento-mural-protect\/#primaryimage"},"image":{"@id":"https:\/\/hi-nd.com\/es\/producto\/revestimiento-mural-protect\/#primaryimage"},"thumbnailUrl":"https:\/\/hi-nd.com\/wp-content\/uploads\/2021\/11\/protect-landscape-white-web.png","datePublished":"2021-11-22T17:22:51+00:00","dateModified":"2024-02-22T20:19:50+00:00","description":"Nuestra carcasa mural PROTECT utiliza policarbonato para proteger la pantalla. La carcasa est\u00e1 dise\u00f1ada tanto para Samsung como para LG. Hay diferentes colores disponibles.","breadcrumb":{"@id":"https:\/\/hi-nd.com\/es\/producto\/revestimiento-mural-protect\/#breadcrumb"},"inLanguage":"es","potentialAction":[{"@type":"ReadAction","target":["https:\/\/hi-nd.com\/es\/producto\/revestimiento-mural-protect\/"]}]},{"@type":"ImageObject","inLanguage":"es","@id":"https:\/\/hi-nd.com\/es\/producto\/revestimiento-mural-protect\/#primaryimage","url":"https:\/\/hi-nd.com\/wp-content\/uploads\/2021\/11\/protect-landscape-white-web.png","contentUrl":"https:\/\/hi-nd.com\/wp-content\/uploads\/2021\/11\/protect-landscape-white-web.png","width":750,"height":750},{"@type":"BreadcrumbList","@id":"https:\/\/hi-nd.com\/es\/producto\/revestimiento-mural-protect\/#breadcrumb","itemListElement":[{"@type":"ListItem","position":1,"name":"Home","item":"https:\/\/hi-nd.com\/es\/"},{"@type":"ListItem","position":2,"name":"Tienda","item":"https:\/\/hi-nd.com\/es\/tienda\/"},{"@type":"ListItem","position":3,"name":"Revestimiento mural PROTECT"}]},{"@type":"WebSite","@id":"https:\/\/hi-nd.com\/#website","url":"https:\/\/hi-nd.com\/","name":"HI-ND","description":"Mounting Solutions","potentialAction":[{"@type":"SearchAction","target":{"@type":"EntryPoint","urlTemplate":"https:\/\/hi-nd.com\/?s={search_term_string}"},"query-input":{"@type":"PropertyValueSpecification","valueRequired":true,"valueName":"search_term_string"}}],"inLanguage":"es"}]}},"_links":{"self":[{"href":"https:\/\/hi-nd.com\/es\/wp-json\/wp\/v2\/product\/5773","targetHints":{"allow":["GET"]}}],"collection":[{"href":"https:\/\/hi-nd.com\/es\/wp-json\/wp\/v2\/product"}],"about":[{"href":"https:\/\/hi-nd.com\/es\/wp-json\/wp\/v2\/types\/product"}],"wp:featuredmedia":[{"embeddable":true,"href":"https:\/\/hi-nd.com\/es\/wp-json\/wp\/v2\/media\/3661"}],"wp:attachment":[{"href":"https:\/\/hi-nd.com\/es\/wp-json\/wp\/v2\/media?parent=5773"}],"wp:term":[{"taxonomy":"product_brand","embeddable":true,"href":"https:\/\/hi-nd.com\/es\/wp-json\/wp\/v2\/product_brand?post=5773"},{"taxonomy":"product_cat","embeddable":true,"href":"https:\/\/hi-nd.com\/es\/wp-json\/wp\/v2\/product_cat?post=5773"},{"taxonomy":"product_tag","embeddable":true,"href":"https:\/\/hi-nd.com\/es\/wp-json\/wp\/v2\/product_tag?post=5773"}],"curies":[{"name":"wp","href":"https:\/\/api.w.org\/{rel}","templated":true}]}}