{"id":5767,"date":"2021-10-25T16:36:00","date_gmt":"2021-10-25T14:36:00","guid":{"rendered":"https:\/\/hi-nd.com\/product\/techo-ventana\/"},"modified":"2024-03-26T11:35:11","modified_gmt":"2024-03-26T10:35:11","slug":"techo-ventana","status":"publish","type":"product","link":"https:\/\/hi-nd.com\/es\/producto\/techo-ventana\/","title":{"rendered":"Techo Ventana"},"content":{"rendered":"<p><strong>Haga clic en los enlaces siguientes para ver im\u00e1genes de cada modelo espec\u00edfico  <\/strong><\/p>\n<table style=\"height: 333px;\" width=\"773\">\n<tbody>\n<tr>\n<td width=\"150\"><em>N\u00famero de pieza<\/em><\/td>\n<td width=\"230  \"><em>Descripci\u00f3n<\/em><\/td>\n<td width=\"330  \"><em>Pantallas compatibles<\/em><\/td>\n<td width=\"73\"><em>Color<\/em><\/td>\n<\/tr>\n<tr>\n<td><a href=\"https:\/\/hi-nd.com\/product\/ceiling-casing-window75\">CC7515-6101-01<\/a><\/td>\n<td><a href=\"https:\/\/hi-nd.com\/product\/ceiling-casing-window75\">Techo 75, retrato<\/a><\/td>\n<td><a href=\"https:\/\/hi-nd.com\/product\/ceiling-casing-window75\">Samsung QM75B, QM75B<\/a><\/td>\n<td><a href=\"https:\/\/hi-nd.com\/product\/ceiling-casing-window75\">Blanco<\/a><\/td>\n<\/tr>\n<tr>\n<td><a href=\"https:\/\/hi-nd.com\/product\/ceiling-casing-window75\">CC7515-6101-02<\/a><\/td>\n<td><a href=\"https:\/\/hi-nd.com\/product\/ceiling-casing-window75\">Techo 75, retrato<\/a><\/td>\n<td><a href=\"https:\/\/hi-nd.com\/product\/ceiling-casing-window75\">Samsung QM75B, QM75B<\/a><\/td>\n<td><a href=\"https:\/\/hi-nd.com\/product\/ceiling-casing-window75\">Negro<\/a><\/td>\n<\/tr>\n<tr>\n<td><a href=\"https:\/\/hi-nd.com\/product\/ceiling-casing-window75\">CC7515-6001-01<\/a><\/td>\n<td><a href=\"https:\/\/hi-nd.com\/product\/ceiling-casing-window75\">Techo 75, retrato<\/a><\/td>\n<td><a href=\"https:\/\/hi-nd.com\/product\/ceiling-casing-window75\">Samsung OM75A<\/a><\/td>\n<td><a href=\"https:\/\/hi-nd.com\/product\/ceiling-casing-window75\">Blanco<\/a><\/td>\n<\/tr>\n<tr>\n<td><a href=\"https:\/\/hi-nd.com\/product\/ceiling-casing-window75\">CC7515-6001-02<\/a><\/td>\n<td><a href=\"https:\/\/hi-nd.com\/product\/ceiling-casing-window75\">Techo 75, retrato<\/a><\/td>\n<td><a href=\"https:\/\/hi-nd.com\/product\/ceiling-casing-window75\">Samsung OM75A<\/a><\/td>\n<td><a href=\"https:\/\/hi-nd.com\/product\/ceiling-casing-window75\">Negro<\/a><\/td>\n<\/tr>\n<tr>\n<td><a href=\"https:\/\/hi-nd.com\/product\/ceiling-casing-window55\">CC5550-5001-01<\/a><\/td>\n<td><a href=\"https:\/\/hi-nd.com\/product\/ceiling-casing-window55\">Carcasa de techo 55, retrato<\/a><\/td>\n<td><a href=\"https:\/\/hi-nd.com\/product\/ceiling-casing-window55\">Samsung OM55N-S<\/a><\/td>\n<td><a href=\"https:\/\/hi-nd.com\/product\/ceiling-casing-window55\">Blanco<\/a><\/td>\n<\/tr>\n<tr>\n<td><a href=\"https:\/\/hi-nd.com\/product\/ceiling-casing-window55\">CC5550-5001-02<\/a><\/td>\n<td><a href=\"https:\/\/hi-nd.com\/product\/ceiling-casing-window55\">Carcasa de techo 55, retrato<\/a><\/td>\n<td><a href=\"https:\/\/hi-nd.com\/product\/ceiling-casing-window55\">Samsung OM55N-S<\/a><\/td>\n<td><a href=\"https:\/\/hi-nd.com\/product\/ceiling-casing-window55\">Negro<\/a><\/td>\n<\/tr>\n<tr>\n<td><a href=\"https:\/\/hi-nd.com\/product\/ceiling-casing-window-55-landscape\/\">CC5550-0101-01<\/a><\/td>\n<td><a href=\"https:\/\/hi-nd.com\/product\/ceiling-casing-window-55-landscape\/\">Revestimiento de techo 55, apaisado<\/a><\/td>\n<td><a href=\"https:\/\/hi-nd.com\/product\/ceiling-casing-window-55-landscape\/\">Samsung OM55N-S<\/a><\/td>\n<td><a href=\"https:\/\/hi-nd.com\/product\/ceiling-casing-window-55-landscape\/\">Blanco<\/a><\/td>\n<\/tr>\n<tr>\n<td><a href=\"https:\/\/hi-nd.com\/product\/ceiling-casing-window-55-landscape\/\">CC5550-0101-02<\/a><\/td>\n<td><a href=\"https:\/\/hi-nd.com\/product\/ceiling-casing-window-55-landscape\/\">Revestimiento de techo 55, apaisado<\/a><\/td>\n<td><a href=\"https:\/\/hi-nd.com\/product\/ceiling-casing-window-55-landscape\/\">Samsung OM55N-S<\/a><\/td>\n<td><a href=\"https:\/\/hi-nd.com\/product\/ceiling-casing-window-55-landscape\/\">Negro<\/a><\/td>\n<\/tr>\n<tr>\n<td><a href=\"https:\/\/hi-nd.com\/product\/ceiling-casing-window-55-lg\">CC5525-5001-01<\/a><\/td>\n<td><a href=\"https:\/\/hi-nd.com\/product\/ceiling-casing-window-55-lg\">Carcasa de techo 55 para LG, retrato<\/a><\/td>\n<td><a href=\"https:\/\/hi-nd.com\/product\/ceiling-casing-window-55-lg\">LG55XS4J-B, LG55XS2E-B<\/a><\/td>\n<td><a href=\"https:\/\/hi-nd.com\/product\/ceiling-casing-window-55-lg\">Blanco<\/a><\/td>\n<\/tr>\n<tr>\n<td><a href=\"https:\/\/hi-nd.com\/product\/ceiling-casing-window-55-lg\">CC5525-5001-02<\/a><\/td>\n<td><a href=\"https:\/\/hi-nd.com\/product\/ceiling-casing-window-55-lg\">Carcasa de techo 55 para LG, retrato<\/a><\/td>\n<td><a href=\"https:\/\/hi-nd.com\/product\/ceiling-casing-window-55-lg\">LG55XS4J-B, LG55XS2E-B<\/a><\/td>\n<td><a href=\"https:\/\/hi-nd.com\/product\/ceiling-casing-window-55-lg\">Negro<\/a><\/td>\n<\/tr>\n<tr>\n<td><a href=\"https:\/\/hi-nd.com\/product\/ceiling-casing-window-49\">CC4925-5001-01<\/a><\/td>\n<td><a href=\"https:\/\/hi-nd.com\/product\/ceiling-casing-window-49\">Carcasa de techo 49 para LG, retrato<\/a><\/td>\n<td><a href=\"https:\/\/hi-nd.com\/product\/ceiling-casing-window-49\">LG49XS4J-B, LG49XS2E-B<\/a><\/td>\n<td><a href=\"https:\/\/hi-nd.com\/product\/ceiling-casing-window-49\">Blanco<\/a><\/td>\n<\/tr>\n<tr>\n<td><a href=\"https:\/\/hi-nd.com\/product\/ceiling-casing-window-49\">CC4925-5001-02<\/a><\/td>\n<td><a href=\"https:\/\/hi-nd.com\/product\/ceiling-casing-window-49\">Carcasa de techo 49 para LG, retrato<\/a><\/td>\n<td><a href=\"https:\/\/hi-nd.com\/product\/ceiling-casing-window-49\">LG49XS4J-B, LG49XS2E-B<\/a><\/td>\n<td><a href=\"https:\/\/hi-nd.com\/product\/ceiling-casing-window-49\">Negro<\/a><\/td>\n<\/tr>\n<tr>\n<td><a href=\"https:\/\/hi-nd.com\/product\/ceiling-casing-window55\/\">CC4615-5101-01<\/a><\/td>\n<td><a href=\"https:\/\/hi-nd.com\/product\/ceiling-casing-window55\/\">Carcasa de techo 46, retrato<\/a><\/td>\n<td><a href=\"https:\/\/hi-nd.com\/product\/ceiling-casing-window55\/\">Samsung OM46B<\/a><\/td>\n<td><a href=\"https:\/\/hi-nd.com\/product\/ceiling-casing-window55\/\">Blanco<\/a><\/td>\n<\/tr>\n<tr>\n<td><a href=\"https:\/\/hi-nd.com\/product\/ceiling-casing-window55\/\">CC4615-5101-02<\/a><\/td>\n<td><a href=\"https:\/\/hi-nd.com\/product\/ceiling-casing-window55\/\">Carcasa de techo 46, retrato<\/a><\/td>\n<td><a href=\"https:\/\/hi-nd.com\/product\/ceiling-casing-window55\/\">Samsung OM46B<\/a><\/td>\n<td><a href=\"https:\/\/hi-nd.com\/product\/ceiling-casing-window55\/\">Negro<\/a><\/td>\n<\/tr>\n<\/tbody>\n<\/table>\n","protected":false},"excerpt":{"rendered":"<p><strong>Carcasa para pantallas de alto brillo<\/strong><\/p>\n<p>La ventana de carcasa de techo HI-ND est\u00e1 dise\u00f1ada para pantallas de alta luminosidad. La instalaci\u00f3n de las mamparas y el acceso de servicio se realiza por la parte trasera para garantizar que las mamparas puedan instalarse cerca de una ventana. Todos los productos han sido aprobados por Samsung y LG para su instalaci\u00f3n en escaparates.<\/p>\n<ul>\n<li>Color blanco y negro de serie<\/li>\n<li>Todos los cables est\u00e1n ocultos<\/li>\n<li>Acceso de servicio por la parte trasera<\/li>\n<li>Alambre o telescopio<\/li>\n<\/ul>\n","protected":false},"featured_media":3766,"template":"","meta":[],"product_brand":[],"product_cat":[85,84],"product_tag":[86],"class_list":{"0":"post-5767","1":"product","2":"type-product","3":"status-publish","4":"has-post-thumbnail","6":"product_cat-carcasa","7":"product_cat-techo","8":"product_tag-plafon-samsung-high-brightness","10":"first","11":"instock","12":"shipping-taxable","13":"product-type-simple"},"yoast_head":"<!-- This site is optimized with the Yoast SEO plugin v27.3 - https:\/\/yoast.com\/product\/yoast-seo-wordpress\/ -->\n<title>Techo Ventana - HI-ND<\/title>\n<meta name=\"description\" content=\"La ventana de carcasa de techo HI-ND est\u00e1 dise\u00f1ada para pantallas de alta luminosidad. Todos los productos han sido aprobados por Samsung y LG.\" \/>\n<meta name=\"robots\" content=\"index, follow, max-snippet:-1, max-image-preview:large, max-video-preview:-1\" \/>\n<link rel=\"canonical\" href=\"https:\/\/hi-nd.com\/es\/producto\/techo-ventana\/\" \/>\n<meta property=\"og:locale\" content=\"es_ES\" \/>\n<meta property=\"og:type\" content=\"article\" \/>\n<meta property=\"og:title\" content=\"Techo Ventana - HI-ND\" \/>\n<meta property=\"og:description\" content=\"La ventana de carcasa de techo HI-ND est\u00e1 dise\u00f1ada para pantallas de alta luminosidad. Todos los productos han sido aprobados por Samsung y LG.\" \/>\n<meta property=\"og:url\" content=\"https:\/\/hi-nd.com\/es\/producto\/techo-ventana\/\" \/>\n<meta property=\"og:site_name\" content=\"HI-ND\" \/>\n<meta property=\"article:modified_time\" content=\"2024-03-26T10:35:11+00:00\" \/>\n<meta property=\"og:image\" content=\"https:\/\/hi-nd.com\/wp-content\/uploads\/2022\/01\/LG-high-brightness-black-web.png\" \/>\n\t<meta property=\"og:image:width\" content=\"750\" \/>\n\t<meta property=\"og:image:height\" content=\"750\" \/>\n\t<meta property=\"og:image:type\" content=\"image\/png\" \/>\n<meta name=\"twitter:card\" content=\"summary_large_image\" \/>\n<meta name=\"twitter:label1\" content=\"Tiempo de lectura\" \/>\n\t<meta name=\"twitter:data1\" content=\"1 minuto\" \/>\n<script type=\"application\/ld+json\" class=\"yoast-schema-graph\">{\"@context\":\"https:\\\/\\\/schema.org\",\"@graph\":[{\"@type\":\"WebPage\",\"@id\":\"https:\\\/\\\/hi-nd.com\\\/es\\\/producto\\\/techo-ventana\\\/\",\"url\":\"https:\\\/\\\/hi-nd.com\\\/es\\\/producto\\\/techo-ventana\\\/\",\"name\":\"Techo Ventana - HI-ND\",\"isPartOf\":{\"@id\":\"https:\\\/\\\/hi-nd.com\\\/#website\"},\"primaryImageOfPage\":{\"@id\":\"https:\\\/\\\/hi-nd.com\\\/es\\\/producto\\\/techo-ventana\\\/#primaryimage\"},\"image\":{\"@id\":\"https:\\\/\\\/hi-nd.com\\\/es\\\/producto\\\/techo-ventana\\\/#primaryimage\"},\"thumbnailUrl\":\"https:\\\/\\\/hi-nd.com\\\/wp-content\\\/uploads\\\/2022\\\/01\\\/LG-high-brightness-black-web.png\",\"datePublished\":\"2021-10-25T14:36:00+00:00\",\"dateModified\":\"2024-03-26T10:35:11+00:00\",\"description\":\"La ventana de carcasa de techo HI-ND est\u00e1 dise\u00f1ada para pantallas de alta luminosidad. Todos los productos han sido aprobados por Samsung y LG.\",\"breadcrumb\":{\"@id\":\"https:\\\/\\\/hi-nd.com\\\/es\\\/producto\\\/techo-ventana\\\/#breadcrumb\"},\"inLanguage\":\"es\",\"potentialAction\":[{\"@type\":\"ReadAction\",\"target\":[\"https:\\\/\\\/hi-nd.com\\\/es\\\/producto\\\/techo-ventana\\\/\"]}]},{\"@type\":\"ImageObject\",\"inLanguage\":\"es\",\"@id\":\"https:\\\/\\\/hi-nd.com\\\/es\\\/producto\\\/techo-ventana\\\/#primaryimage\",\"url\":\"https:\\\/\\\/hi-nd.com\\\/wp-content\\\/uploads\\\/2022\\\/01\\\/LG-high-brightness-black-web.png\",\"contentUrl\":\"https:\\\/\\\/hi-nd.com\\\/wp-content\\\/uploads\\\/2022\\\/01\\\/LG-high-brightness-black-web.png\",\"width\":750,\"height\":750},{\"@type\":\"BreadcrumbList\",\"@id\":\"https:\\\/\\\/hi-nd.com\\\/es\\\/producto\\\/techo-ventana\\\/#breadcrumb\",\"itemListElement\":[{\"@type\":\"ListItem\",\"position\":1,\"name\":\"Home\",\"item\":\"https:\\\/\\\/hi-nd.com\\\/es\\\/\"},{\"@type\":\"ListItem\",\"position\":2,\"name\":\"Tienda\",\"item\":\"https:\\\/\\\/hi-nd.com\\\/es\\\/tienda\\\/\"},{\"@type\":\"ListItem\",\"position\":3,\"name\":\"Techo Ventana\"}]},{\"@type\":\"WebSite\",\"@id\":\"https:\\\/\\\/hi-nd.com\\\/#website\",\"url\":\"https:\\\/\\\/hi-nd.com\\\/\",\"name\":\"HI-ND\",\"description\":\"Mounting Solutions\",\"potentialAction\":[{\"@type\":\"SearchAction\",\"target\":{\"@type\":\"EntryPoint\",\"urlTemplate\":\"https:\\\/\\\/hi-nd.com\\\/?s={search_term_string}\"},\"query-input\":{\"@type\":\"PropertyValueSpecification\",\"valueRequired\":true,\"valueName\":\"search_term_string\"}}],\"inLanguage\":\"es\"}]}<\/script>\n<!-- \/ Yoast SEO plugin. -->","yoast_head_json":{"title":"Techo Ventana - HI-ND","description":"La ventana de carcasa de techo HI-ND est\u00e1 dise\u00f1ada para pantallas de alta luminosidad. Todos los productos han sido aprobados por Samsung y LG.","robots":{"index":"index","follow":"follow","max-snippet":"max-snippet:-1","max-image-preview":"max-image-preview:large","max-video-preview":"max-video-preview:-1"},"canonical":"https:\/\/hi-nd.com\/es\/producto\/techo-ventana\/","og_locale":"es_ES","og_type":"article","og_title":"Techo Ventana - HI-ND","og_description":"La ventana de carcasa de techo HI-ND est\u00e1 dise\u00f1ada para pantallas de alta luminosidad. Todos los productos han sido aprobados por Samsung y LG.","og_url":"https:\/\/hi-nd.com\/es\/producto\/techo-ventana\/","og_site_name":"HI-ND","article_modified_time":"2024-03-26T10:35:11+00:00","og_image":[{"width":750,"height":750,"url":"https:\/\/hi-nd.com\/wp-content\/uploads\/2022\/01\/LG-high-brightness-black-web.png","type":"image\/png"}],"twitter_card":"summary_large_image","twitter_misc":{"Tiempo de lectura":"1 minuto"},"schema":{"@context":"https:\/\/schema.org","@graph":[{"@type":"WebPage","@id":"https:\/\/hi-nd.com\/es\/producto\/techo-ventana\/","url":"https:\/\/hi-nd.com\/es\/producto\/techo-ventana\/","name":"Techo Ventana - HI-ND","isPartOf":{"@id":"https:\/\/hi-nd.com\/#website"},"primaryImageOfPage":{"@id":"https:\/\/hi-nd.com\/es\/producto\/techo-ventana\/#primaryimage"},"image":{"@id":"https:\/\/hi-nd.com\/es\/producto\/techo-ventana\/#primaryimage"},"thumbnailUrl":"https:\/\/hi-nd.com\/wp-content\/uploads\/2022\/01\/LG-high-brightness-black-web.png","datePublished":"2021-10-25T14:36:00+00:00","dateModified":"2024-03-26T10:35:11+00:00","description":"La ventana de carcasa de techo HI-ND est\u00e1 dise\u00f1ada para pantallas de alta luminosidad. Todos los productos han sido aprobados por Samsung y LG.","breadcrumb":{"@id":"https:\/\/hi-nd.com\/es\/producto\/techo-ventana\/#breadcrumb"},"inLanguage":"es","potentialAction":[{"@type":"ReadAction","target":["https:\/\/hi-nd.com\/es\/producto\/techo-ventana\/"]}]},{"@type":"ImageObject","inLanguage":"es","@id":"https:\/\/hi-nd.com\/es\/producto\/techo-ventana\/#primaryimage","url":"https:\/\/hi-nd.com\/wp-content\/uploads\/2022\/01\/LG-high-brightness-black-web.png","contentUrl":"https:\/\/hi-nd.com\/wp-content\/uploads\/2022\/01\/LG-high-brightness-black-web.png","width":750,"height":750},{"@type":"BreadcrumbList","@id":"https:\/\/hi-nd.com\/es\/producto\/techo-ventana\/#breadcrumb","itemListElement":[{"@type":"ListItem","position":1,"name":"Home","item":"https:\/\/hi-nd.com\/es\/"},{"@type":"ListItem","position":2,"name":"Tienda","item":"https:\/\/hi-nd.com\/es\/tienda\/"},{"@type":"ListItem","position":3,"name":"Techo Ventana"}]},{"@type":"WebSite","@id":"https:\/\/hi-nd.com\/#website","url":"https:\/\/hi-nd.com\/","name":"HI-ND","description":"Mounting Solutions","potentialAction":[{"@type":"SearchAction","target":{"@type":"EntryPoint","urlTemplate":"https:\/\/hi-nd.com\/?s={search_term_string}"},"query-input":{"@type":"PropertyValueSpecification","valueRequired":true,"valueName":"search_term_string"}}],"inLanguage":"es"}]}},"_links":{"self":[{"href":"https:\/\/hi-nd.com\/es\/wp-json\/wp\/v2\/product\/5767","targetHints":{"allow":["GET"]}}],"collection":[{"href":"https:\/\/hi-nd.com\/es\/wp-json\/wp\/v2\/product"}],"about":[{"href":"https:\/\/hi-nd.com\/es\/wp-json\/wp\/v2\/types\/product"}],"wp:featuredmedia":[{"embeddable":true,"href":"https:\/\/hi-nd.com\/es\/wp-json\/wp\/v2\/media\/3766"}],"wp:attachment":[{"href":"https:\/\/hi-nd.com\/es\/wp-json\/wp\/v2\/media?parent=5767"}],"wp:term":[{"taxonomy":"product_brand","embeddable":true,"href":"https:\/\/hi-nd.com\/es\/wp-json\/wp\/v2\/product_brand?post=5767"},{"taxonomy":"product_cat","embeddable":true,"href":"https:\/\/hi-nd.com\/es\/wp-json\/wp\/v2\/product_cat?post=5767"},{"taxonomy":"product_tag","embeddable":true,"href":"https:\/\/hi-nd.com\/es\/wp-json\/wp\/v2\/product_tag?post=5767"}],"curies":[{"name":"wp","href":"https:\/\/api.w.org\/{rel}","templated":true}]}}